{"id":24217,"date":"2022-04-29T10:24:07","date_gmt":"2022-04-29T08:24:07","guid":{"rendered":"https:\/\/drasanvi.com\/pt\/producto\/oleo-da-arvore-do-cha\/"},"modified":"2023-08-11T15:41:00","modified_gmt":"2023-08-11T13:41:00","slug":"oleo-da-arvore-do-cha","status":"publish","type":"product","link":"https:\/\/drasanvi.com\/pt\/producto\/oleo-da-arvore-do-cha\/","title":{"rendered":"\u00d3leo da \u00c1rvore do Ch\u00e1"},"content":{"rendered":"<p>O \u00d3leo da \u00c1rvore do Ch\u00e1 \u00e9 extra\u00eddo da \u00e1rvore Melaleuca alternifolia. A sua composi\u00e7\u00e3o e sua <strong>ac\u00e7\u00e3o antis\u00e9ptica natural<\/strong> o transforma num \u00f3leo \u00fatil para feridas, pequenos cortes, herpes simplex, fungos nas unhas ou acne.<\/p>\n<h2>Ingredientes<\/h2>\n<h2>Modo de uso<\/h2>\n<p>Aplicar diretamente uma gota sobre a zona afetada, n\u00e3o mais de 3 vezes ao dia. S\u00f3 para uso externo.Trata-se de um produto com muitas aplica\u00e7\u00f5es, podendo ser usado diretamente ou bem dilu\u00eddo em alguma base (\u00f3leo vegetal, creme, desodorizante, etc&#8230;)Algumas formas de uso<\/p>\n<ul>\n<li>Aplicar sobre a picada de um insecto.<\/li>\n<li>Aplicar sobre as cut\u00edculas das unhas dos p\u00e9s, quando existe a presen\u00e7a de fungos.<\/li>\n<li>Aplicar sobre o herpe labial.<\/li>\n<li>Uma vez limpa a ferida superficial ou corte, aplicar diretamente, v\u00e1rias vezes ao dia.<\/li>\n<li>Misturar com champ\u00f4, para lutar com os piolhos.<\/li>\n<\/ul>\n<h2>Presentaci\u00f3n<\/h2>\n<p>Embalagem de 18 ml (0.63 fl oz)<\/p>\n<h2>Advertencias<\/h2>\n<h3>Alertas<\/h3>\n<p>N\u00e3o ingerir. Evitar o contacto com os olhos, feridas abertas e mucosas. Guardar a uma temperatura inferior a 30\u00ba C e afastado da luz solar directa. Interromper o seu uso caso haja alguma reac\u00e7\u00e3o al\u00e9rgica. N\u00e3o aplicar em crian\u00e7as menores de tr\u00eas anos. Garantimos uma titula\u00e7\u00e3o m\u00ednima de terpenos do 75 %.<\/p>\n<h2>Valores nutricionales<\/h2>\n","protected":false},"excerpt":{"rendered":"<p>O \u00d3leo da \u00c1rvore do Ch\u00e1 \u00e9 extra\u00eddo da \u00e1rvore Melaleuca alternifolia. A sua composi\u00e7\u00e3o e sua <strong>ac\u00e7\u00e3o antis\u00e9ptica natural<\/strong> o transforma num \u00f3leo \u00fatil para feridas, pequenos cortes, herpes simplex, fungos nas unhas ou acne.<a id=\"boton-ficha\" href=\"https:\/\/panel.drasanvi.com\/fichas\/5\/032050015\">Ficha t\u00e9cnica<\/a><\/p>\n","protected":false},"featured_media":0,"template":"","meta":{"inline_featured_image":false},"product_cat":[1374],"product_tag":[],"class_list":["post-24217","product","type-product","status-publish","hentry","product_cat-cosmetico","pa_contains-apio-si","pa_contains-peanuts-si","pa_contem-crustaceos-si","pa_contem-frutos-secos-no","pa_contem-leite-no","pa_contem-moluscos-no","pa_contem-mostarda-no","pa_contem-ovo-no","pa_contem-peixe-no","pa_contem-sesame-no","pa_contem-soja-no","pa_contiene-altramuces-alertasnao-ingerir-evitar-o-contacto-com-os-olhos-feridas-abertas-e-mucosas-guardar-a-uma-temperatura-inferior-a-3noo-c-e-afastado-da-luz-solar-directa-interromper-o-seu-uso-caso-haja-alguma-re","pa_produto-bio-aplicar-sobre-o-herpe-labial","pa_produto-sem-gluten-no","pa_produto-vegan-uma-vez-limpa-a-ferida-superficial-ou-corte-aplicar-diretamente-varias-vezes-ao-dia","pa_produto-vegetariano-misturar-com-champo-para-lutar-com-os-piolhos"],"yoast_head":"<!-- This site is optimized with the Yoast SEO plugin v27.5 - https:\/\/yoast.com\/product\/yoast-seo-wordpress\/ -->\n<title>\u00d3leo da \u00c1rvore do Ch\u00e1 - Drasanvi Portugal<\/title>\n<meta name=\"robots\" content=\"index, follow, max-snippet:-1, max-image-preview:large, max-video-preview:-1\" \/>\n<link rel=\"canonical\" href=\"https:\/\/drasanvi.com\/pt\/producto\/oleo-da-arvore-do-cha\/\" \/>\n<meta property=\"og:locale\" content=\"pt_PT\" \/>\n<meta property=\"og:type\" content=\"article\" \/>\n<meta property=\"og:title\" content=\"\u00d3leo da \u00c1rvore do Ch\u00e1 - Drasanvi Portugal\" \/>\n<meta property=\"og:description\" content=\"O \u00d3leo da \u00c1rvore do Ch\u00e1 \u00e9 extra\u00eddo da \u00e1rvore Melaleuca alternifolia. A sua composi\u00e7\u00e3o e sua ac\u00e7\u00e3o antis\u00e9ptica natural o transforma num \u00f3leo \u00fatil para feridas, pequenos cortes, herpes simplex, fungos nas unhas ou acne.Ficha t\u00e9cnica\" \/>\n<meta property=\"og:url\" content=\"https:\/\/drasanvi.com\/pt\/producto\/oleo-da-arvore-do-cha\/\" \/>\n<meta property=\"og:site_name\" content=\"Drasanvi Portugal\" \/>\n<meta property=\"article:modified_time\" content=\"2023-08-11T13:41:00+00:00\" \/>\n<meta name=\"twitter:card\" content=\"summary_large_image\" \/>\n<script type=\"application\/ld+json\" class=\"yoast-schema-graph\">{\"@context\":\"https:\\\/\\\/schema.org\",\"@graph\":[{\"@type\":\"WebPage\",\"@id\":\"https:\\\/\\\/drasanvi.com\\\/pt\\\/producto\\\/oleo-da-arvore-do-cha\\\/\",\"url\":\"https:\\\/\\\/drasanvi.com\\\/pt\\\/producto\\\/oleo-da-arvore-do-cha\\\/\",\"name\":\"\u00d3leo da \u00c1rvore do Ch\u00e1 - Drasanvi Portugal\",\"isPartOf\":{\"@id\":\"https:\\\/\\\/drasanvi.com\\\/pt\\\/#website\"},\"datePublished\":\"2022-04-29T08:24:07+00:00\",\"dateModified\":\"2023-08-11T13:41:00+00:00\",\"breadcrumb\":{\"@id\":\"https:\\\/\\\/drasanvi.com\\\/pt\\\/producto\\\/oleo-da-arvore-do-cha\\\/#breadcrumb\"},\"inLanguage\":\"pt-PT\",\"potentialAction\":[{\"@type\":\"ReadAction\",\"target\":[\"https:\\\/\\\/drasanvi.com\\\/pt\\\/producto\\\/oleo-da-arvore-do-cha\\\/\"]}]},{\"@type\":\"BreadcrumbList\",\"@id\":\"https:\\\/\\\/drasanvi.com\\\/pt\\\/producto\\\/oleo-da-arvore-do-cha\\\/#breadcrumb\",\"itemListElement\":[{\"@type\":\"ListItem\",\"position\":1,\"name\":\"Portada\",\"item\":\"https:\\\/\\\/drasanvi.com\\\/pt\\\/\"},{\"@type\":\"ListItem\",\"position\":2,\"name\":\"Tienda\",\"item\":\"https:\\\/\\\/drasanvi.com\\\/pt\\\/tienda\\\/\"},{\"@type\":\"ListItem\",\"position\":3,\"name\":\"\u00d3leo da \u00c1rvore do Ch\u00e1\"}]},{\"@type\":\"WebSite\",\"@id\":\"https:\\\/\\\/drasanvi.com\\\/pt\\\/#website\",\"url\":\"https:\\\/\\\/drasanvi.com\\\/pt\\\/\",\"name\":\"Drasanvi Portugal\",\"description\":\"L\u00edder en complementos alimenticios y cosm\u00e9tica natural.\",\"publisher\":{\"@id\":\"https:\\\/\\\/drasanvi.com\\\/pt\\\/#organization\"},\"potentialAction\":[{\"@type\":\"SearchAction\",\"target\":{\"@type\":\"EntryPoint\",\"urlTemplate\":\"https:\\\/\\\/drasanvi.com\\\/pt\\\/?s={search_term_string}\"},\"query-input\":{\"@type\":\"PropertyValueSpecification\",\"valueRequired\":true,\"valueName\":\"search_term_string\"}}],\"inLanguage\":\"pt-PT\"},{\"@type\":\"Organization\",\"@id\":\"https:\\\/\\\/drasanvi.com\\\/pt\\\/#organization\",\"name\":\"Drasanvi\",\"url\":\"https:\\\/\\\/drasanvi.com\\\/pt\\\/\",\"logo\":{\"@type\":\"ImageObject\",\"inLanguage\":\"pt-PT\",\"@id\":\"https:\\\/\\\/drasanvi.com\\\/pt\\\/#\\\/schema\\\/logo\\\/image\\\/\",\"url\":\"https:\\\/\\\/drasanvi.com\\\/wp-content\\\/uploads\\\/sites\\\/6\\\/2021\\\/07\\\/logo-drasanvi.png\",\"contentUrl\":\"https:\\\/\\\/drasanvi.com\\\/wp-content\\\/uploads\\\/sites\\\/6\\\/2021\\\/07\\\/logo-drasanvi.png\",\"width\":900,\"height\":300,\"caption\":\"Drasanvi\"},\"image\":{\"@id\":\"https:\\\/\\\/drasanvi.com\\\/pt\\\/#\\\/schema\\\/logo\\\/image\\\/\"}}]}<\/script>\n<!-- \/ Yoast SEO plugin. -->","yoast_head_json":{"title":"\u00d3leo da \u00c1rvore do Ch\u00e1 - Drasanvi Portugal","robots":{"index":"index","follow":"follow","max-snippet":"max-snippet:-1","max-image-preview":"max-image-preview:large","max-video-preview":"max-video-preview:-1"},"canonical":"https:\/\/drasanvi.com\/pt\/producto\/oleo-da-arvore-do-cha\/","og_locale":"pt_PT","og_type":"article","og_title":"\u00d3leo da \u00c1rvore do Ch\u00e1 - Drasanvi Portugal","og_description":"O \u00d3leo da \u00c1rvore do Ch\u00e1 \u00e9 extra\u00eddo da \u00e1rvore Melaleuca alternifolia. A sua composi\u00e7\u00e3o e sua ac\u00e7\u00e3o antis\u00e9ptica natural o transforma num \u00f3leo \u00fatil para feridas, pequenos cortes, herpes simplex, fungos nas unhas ou acne.Ficha t\u00e9cnica","og_url":"https:\/\/drasanvi.com\/pt\/producto\/oleo-da-arvore-do-cha\/","og_site_name":"Drasanvi Portugal","article_modified_time":"2023-08-11T13:41:00+00:00","twitter_card":"summary_large_image","schema":{"@context":"https:\/\/schema.org","@graph":[{"@type":"WebPage","@id":"https:\/\/drasanvi.com\/pt\/producto\/oleo-da-arvore-do-cha\/","url":"https:\/\/drasanvi.com\/pt\/producto\/oleo-da-arvore-do-cha\/","name":"\u00d3leo da \u00c1rvore do Ch\u00e1 - Drasanvi Portugal","isPartOf":{"@id":"https:\/\/drasanvi.com\/pt\/#website"},"datePublished":"2022-04-29T08:24:07+00:00","dateModified":"2023-08-11T13:41:00+00:00","breadcrumb":{"@id":"https:\/\/drasanvi.com\/pt\/producto\/oleo-da-arvore-do-cha\/#breadcrumb"},"inLanguage":"pt-PT","potentialAction":[{"@type":"ReadAction","target":["https:\/\/drasanvi.com\/pt\/producto\/oleo-da-arvore-do-cha\/"]}]},{"@type":"BreadcrumbList","@id":"https:\/\/drasanvi.com\/pt\/producto\/oleo-da-arvore-do-cha\/#breadcrumb","itemListElement":[{"@type":"ListItem","position":1,"name":"Portada","item":"https:\/\/drasanvi.com\/pt\/"},{"@type":"ListItem","position":2,"name":"Tienda","item":"https:\/\/drasanvi.com\/pt\/tienda\/"},{"@type":"ListItem","position":3,"name":"\u00d3leo da \u00c1rvore do Ch\u00e1"}]},{"@type":"WebSite","@id":"https:\/\/drasanvi.com\/pt\/#website","url":"https:\/\/drasanvi.com\/pt\/","name":"Drasanvi Portugal","description":"L\u00edder en complementos alimenticios y cosm\u00e9tica natural.","publisher":{"@id":"https:\/\/drasanvi.com\/pt\/#organization"},"potentialAction":[{"@type":"SearchAction","target":{"@type":"EntryPoint","urlTemplate":"https:\/\/drasanvi.com\/pt\/?s={search_term_string}"},"query-input":{"@type":"PropertyValueSpecification","valueRequired":true,"valueName":"search_term_string"}}],"inLanguage":"pt-PT"},{"@type":"Organization","@id":"https:\/\/drasanvi.com\/pt\/#organization","name":"Drasanvi","url":"https:\/\/drasanvi.com\/pt\/","logo":{"@type":"ImageObject","inLanguage":"pt-PT","@id":"https:\/\/drasanvi.com\/pt\/#\/schema\/logo\/image\/","url":"https:\/\/drasanvi.com\/wp-content\/uploads\/sites\/6\/2021\/07\/logo-drasanvi.png","contentUrl":"https:\/\/drasanvi.com\/wp-content\/uploads\/sites\/6\/2021\/07\/logo-drasanvi.png","width":900,"height":300,"caption":"Drasanvi"},"image":{"@id":"https:\/\/drasanvi.com\/pt\/#\/schema\/logo\/image\/"}}]}},"_links":{"self":[{"href":"https:\/\/drasanvi.com\/pt\/wp-json\/wp\/v2\/product\/24217","targetHints":{"allow":["GET"]}}],"collection":[{"href":"https:\/\/drasanvi.com\/pt\/wp-json\/wp\/v2\/product"}],"about":[{"href":"https:\/\/drasanvi.com\/pt\/wp-json\/wp\/v2\/types\/product"}],"version-history":[{"count":0,"href":"https:\/\/drasanvi.com\/pt\/wp-json\/wp\/v2\/product\/24217\/revisions"}],"wp:attachment":[{"href":"https:\/\/drasanvi.com\/pt\/wp-json\/wp\/v2\/media?parent=24217"}],"wp:term":[{"taxonomy":"product_cat","embeddable":true,"href":"https:\/\/drasanvi.com\/pt\/wp-json\/wp\/v2\/product_cat?post=24217"},{"taxonomy":"product_tag","embeddable":true,"href":"https:\/\/drasanvi.com\/pt\/wp-json\/wp\/v2\/product_tag?post=24217"}],"curies":[{"name":"wp","href":"https:\/\/api.w.org\/{rel}","templated":true}]}}