{"id":24064,"date":"2022-04-29T10:20:40","date_gmt":"2022-04-29T08:20:40","guid":{"rendered":"https:\/\/drasanvi.com\/pt\/producto\/desodorizante-mineral-de-alumen\/"},"modified":"2023-08-11T15:40:48","modified_gmt":"2023-08-11T13:40:48","slug":"desodorizante-mineral-de-alumen","status":"publish","type":"product","link":"https:\/\/drasanvi.com\/pt\/producto\/desodorizante-mineral-de-alumen\/","title":{"rendered":"Desodorizante Mineral de Al\u00famen"},"content":{"rendered":"<p>A pedra de al\u00famen \u00e9 um mineral que atua de maneira muito eficaz como desodorizante. Em vez de mascarar o odor com perfume, destr\u00f3i as bact\u00e9rias que descomp\u00f5em o suor e causam o mau odor. Ao erradicar o problema do mau odor, seu efeito \u00e9 duradouro, mantendo-se durante v\u00e1rias horas.<\/p>\n<h2>Ingredientes<\/h2>\n<h2>Modo de uso<\/h2>\n<p>Lavar e secar o desodorizante em cada utiliza\u00e7\u00e3o. \u00c9 imprescind\u00edvel que o desodorizante esteja molhado para ser aplicado na zona desejada. Pode-se utilizar ap\u00f3s depila\u00e7\u00e3o para acalmar a irrita\u00e7\u00e3o.<\/p>\n<h2>Presentaci\u00f3n<\/h2>\n<p>Embalagem de 120 g (4.20 oz)<\/p>\n<h2>Advertencias<\/h2>\n<p>Trata-se de um produto 100% natural. Sem \u00e1lcool, n\u00e3o irrita, incolor, n\u00e3o mancha a pele nem a roupa, inodor, n\u00e3o cont\u00e9m perfumes, hipoalerg\u00eanico. Longa dura\u00e7\u00e3o, tratado adequadamente, lava-lo e seca-lo, pode durar 1 a 2 anos. N\u00e3o testado em animais.<\/p>\n<h2>Valores nutricionales<\/h2>\n","protected":false},"excerpt":{"rendered":"<p>A pedra de al\u00famen \u00e9 um mineral que atua de maneira muito eficaz como desodorizante. Em vez de mascarar o odor com perfume, destr\u00f3i as bact\u00e9rias que descomp\u00f5em o suor e causam o mau odor. Ao erradicar o problema do mau odor, seu efeito \u00e9 duradouro, mantendo-se durante v\u00e1rias horas.<a id=\"boton-ficha\" href=\"https:\/\/panel.drasanvi.com\/fichas\/5\/032060032\">Ficha t\u00e9cnica<\/a><\/p>\n","protected":false},"featured_media":24066,"template":"","meta":{"inline_featured_image":false},"product_cat":[1374],"product_tag":[],"class_list":["post-24064","product","type-product","status-publish","has-post-thumbnail","hentry","product_cat-cosmetico","pa_contains-apio-no","pa_contains-peanuts-no","pa_contem-crustaceos-no","pa_contem-frutos-secos-no","pa_contem-leite-no","pa_contem-moluscos-no","pa_contem-mostarda-no","pa_contem-ovo-no","pa_contem-peixe-no","pa_contem-sesame-no","pa_contem-soja-no","pa_contiene-altramuces-no","pa_produto-bio-no","pa_produto-sem-gluten-no","pa_produto-vegan-si","pa_produto-vegetariano-no"],"yoast_head":"<!-- This site is optimized with the Yoast SEO plugin v27.6 - https:\/\/yoast.com\/product\/yoast-seo-wordpress\/ -->\n<title>Desodorizante Mineral de Al\u00famen - Drasanvi Portugal<\/title>\n<meta name=\"robots\" content=\"index, follow, max-snippet:-1, max-image-preview:large, max-video-preview:-1\" \/>\n<link rel=\"canonical\" href=\"https:\/\/drasanvi.com\/pt\/producto\/desodorizante-mineral-de-alumen\/\" \/>\n<meta property=\"og:locale\" content=\"pt_PT\" \/>\n<meta property=\"og:type\" content=\"article\" \/>\n<meta property=\"og:title\" content=\"Desodorizante Mineral de Al\u00famen - Drasanvi Portugal\" \/>\n<meta property=\"og:description\" content=\"A pedra de al\u00famen \u00e9 um mineral que atua de maneira muito eficaz como desodorizante. Em vez de mascarar o odor com perfume, destr\u00f3i as bact\u00e9rias que descomp\u00f5em o suor e causam o mau odor. Ao erradicar o problema do mau odor, seu efeito \u00e9 duradouro, mantendo-se durante v\u00e1rias horas.Ficha t\u00e9cnica\" \/>\n<meta property=\"og:url\" content=\"https:\/\/drasanvi.com\/pt\/producto\/desodorizante-mineral-de-alumen\/\" \/>\n<meta property=\"og:site_name\" content=\"Drasanvi Portugal\" \/>\n<meta property=\"article:modified_time\" content=\"2023-08-11T13:40:48+00:00\" \/>\n<meta property=\"og:image\" content=\"https:\/\/drasanvi.com\/pt\/wp-content\/uploads\/sites\/6\/2022\/04\/032060032.png\" \/>\n\t<meta property=\"og:image:width\" content=\"1000\" \/>\n\t<meta property=\"og:image:height\" content=\"1000\" \/>\n\t<meta property=\"og:image:type\" content=\"image\/png\" \/>\n<meta name=\"twitter:card\" content=\"summary_large_image\" \/>\n<script type=\"application\/ld+json\" class=\"yoast-schema-graph\">{\"@context\":\"https:\\\/\\\/schema.org\",\"@graph\":[{\"@type\":\"WebPage\",\"@id\":\"https:\\\/\\\/drasanvi.com\\\/pt\\\/producto\\\/desodorizante-mineral-de-alumen\\\/\",\"url\":\"https:\\\/\\\/drasanvi.com\\\/pt\\\/producto\\\/desodorizante-mineral-de-alumen\\\/\",\"name\":\"Desodorizante Mineral de Al\u00famen - Drasanvi Portugal\",\"isPartOf\":{\"@id\":\"https:\\\/\\\/drasanvi.com\\\/pt\\\/#website\"},\"primaryImageOfPage\":{\"@id\":\"https:\\\/\\\/drasanvi.com\\\/pt\\\/producto\\\/desodorizante-mineral-de-alumen\\\/#primaryimage\"},\"image\":{\"@id\":\"https:\\\/\\\/drasanvi.com\\\/pt\\\/producto\\\/desodorizante-mineral-de-alumen\\\/#primaryimage\"},\"thumbnailUrl\":\"https:\\\/\\\/drasanvi.com\\\/pt\\\/wp-content\\\/uploads\\\/sites\\\/6\\\/2022\\\/04\\\/032060032.png\",\"datePublished\":\"2022-04-29T08:20:40+00:00\",\"dateModified\":\"2023-08-11T13:40:48+00:00\",\"breadcrumb\":{\"@id\":\"https:\\\/\\\/drasanvi.com\\\/pt\\\/producto\\\/desodorizante-mineral-de-alumen\\\/#breadcrumb\"},\"inLanguage\":\"pt-PT\",\"potentialAction\":[{\"@type\":\"ReadAction\",\"target\":[\"https:\\\/\\\/drasanvi.com\\\/pt\\\/producto\\\/desodorizante-mineral-de-alumen\\\/\"]}]},{\"@type\":\"ImageObject\",\"inLanguage\":\"pt-PT\",\"@id\":\"https:\\\/\\\/drasanvi.com\\\/pt\\\/producto\\\/desodorizante-mineral-de-alumen\\\/#primaryimage\",\"url\":\"https:\\\/\\\/drasanvi.com\\\/pt\\\/wp-content\\\/uploads\\\/sites\\\/6\\\/2022\\\/04\\\/032060032.png\",\"contentUrl\":\"https:\\\/\\\/drasanvi.com\\\/pt\\\/wp-content\\\/uploads\\\/sites\\\/6\\\/2022\\\/04\\\/032060032.png\",\"width\":1000,\"height\":1000},{\"@type\":\"BreadcrumbList\",\"@id\":\"https:\\\/\\\/drasanvi.com\\\/pt\\\/producto\\\/desodorizante-mineral-de-alumen\\\/#breadcrumb\",\"itemListElement\":[{\"@type\":\"ListItem\",\"position\":1,\"name\":\"Portada\",\"item\":\"https:\\\/\\\/drasanvi.com\\\/pt\\\/\"},{\"@type\":\"ListItem\",\"position\":2,\"name\":\"Tienda\",\"item\":\"https:\\\/\\\/drasanvi.com\\\/pt\\\/tienda\\\/\"},{\"@type\":\"ListItem\",\"position\":3,\"name\":\"Desodorizante Mineral de Al\u00famen\"}]},{\"@type\":\"WebSite\",\"@id\":\"https:\\\/\\\/drasanvi.com\\\/pt\\\/#website\",\"url\":\"https:\\\/\\\/drasanvi.com\\\/pt\\\/\",\"name\":\"Drasanvi Portugal\",\"description\":\"L\u00edder en complementos alimenticios y cosm\u00e9tica natural.\",\"publisher\":{\"@id\":\"https:\\\/\\\/drasanvi.com\\\/pt\\\/#organization\"},\"potentialAction\":[{\"@type\":\"SearchAction\",\"target\":{\"@type\":\"EntryPoint\",\"urlTemplate\":\"https:\\\/\\\/drasanvi.com\\\/pt\\\/?s={search_term_string}\"},\"query-input\":{\"@type\":\"PropertyValueSpecification\",\"valueRequired\":true,\"valueName\":\"search_term_string\"}}],\"inLanguage\":\"pt-PT\"},{\"@type\":\"Organization\",\"@id\":\"https:\\\/\\\/drasanvi.com\\\/pt\\\/#organization\",\"name\":\"Drasanvi\",\"url\":\"https:\\\/\\\/drasanvi.com\\\/pt\\\/\",\"logo\":{\"@type\":\"ImageObject\",\"inLanguage\":\"pt-PT\",\"@id\":\"https:\\\/\\\/drasanvi.com\\\/pt\\\/#\\\/schema\\\/logo\\\/image\\\/\",\"url\":\"https:\\\/\\\/drasanvi.com\\\/wp-content\\\/uploads\\\/sites\\\/6\\\/2021\\\/07\\\/logo-drasanvi.png\",\"contentUrl\":\"https:\\\/\\\/drasanvi.com\\\/wp-content\\\/uploads\\\/sites\\\/6\\\/2021\\\/07\\\/logo-drasanvi.png\",\"width\":900,\"height\":300,\"caption\":\"Drasanvi\"},\"image\":{\"@id\":\"https:\\\/\\\/drasanvi.com\\\/pt\\\/#\\\/schema\\\/logo\\\/image\\\/\"}}]}<\/script>\n<!-- \/ Yoast SEO plugin. -->","yoast_head_json":{"title":"Desodorizante Mineral de Al\u00famen - Drasanvi Portugal","robots":{"index":"index","follow":"follow","max-snippet":"max-snippet:-1","max-image-preview":"max-image-preview:large","max-video-preview":"max-video-preview:-1"},"canonical":"https:\/\/drasanvi.com\/pt\/producto\/desodorizante-mineral-de-alumen\/","og_locale":"pt_PT","og_type":"article","og_title":"Desodorizante Mineral de Al\u00famen - Drasanvi Portugal","og_description":"A pedra de al\u00famen \u00e9 um mineral que atua de maneira muito eficaz como desodorizante. Em vez de mascarar o odor com perfume, destr\u00f3i as bact\u00e9rias que descomp\u00f5em o suor e causam o mau odor. Ao erradicar o problema do mau odor, seu efeito \u00e9 duradouro, mantendo-se durante v\u00e1rias horas.Ficha t\u00e9cnica","og_url":"https:\/\/drasanvi.com\/pt\/producto\/desodorizante-mineral-de-alumen\/","og_site_name":"Drasanvi Portugal","article_modified_time":"2023-08-11T13:40:48+00:00","og_image":[{"width":1000,"height":1000,"url":"https:\/\/drasanvi.com\/pt\/wp-content\/uploads\/sites\/6\/2022\/04\/032060032.png","type":"image\/png"}],"twitter_card":"summary_large_image","schema":{"@context":"https:\/\/schema.org","@graph":[{"@type":"WebPage","@id":"https:\/\/drasanvi.com\/pt\/producto\/desodorizante-mineral-de-alumen\/","url":"https:\/\/drasanvi.com\/pt\/producto\/desodorizante-mineral-de-alumen\/","name":"Desodorizante Mineral de Al\u00famen - Drasanvi Portugal","isPartOf":{"@id":"https:\/\/drasanvi.com\/pt\/#website"},"primaryImageOfPage":{"@id":"https:\/\/drasanvi.com\/pt\/producto\/desodorizante-mineral-de-alumen\/#primaryimage"},"image":{"@id":"https:\/\/drasanvi.com\/pt\/producto\/desodorizante-mineral-de-alumen\/#primaryimage"},"thumbnailUrl":"https:\/\/drasanvi.com\/pt\/wp-content\/uploads\/sites\/6\/2022\/04\/032060032.png","datePublished":"2022-04-29T08:20:40+00:00","dateModified":"2023-08-11T13:40:48+00:00","breadcrumb":{"@id":"https:\/\/drasanvi.com\/pt\/producto\/desodorizante-mineral-de-alumen\/#breadcrumb"},"inLanguage":"pt-PT","potentialAction":[{"@type":"ReadAction","target":["https:\/\/drasanvi.com\/pt\/producto\/desodorizante-mineral-de-alumen\/"]}]},{"@type":"ImageObject","inLanguage":"pt-PT","@id":"https:\/\/drasanvi.com\/pt\/producto\/desodorizante-mineral-de-alumen\/#primaryimage","url":"https:\/\/drasanvi.com\/pt\/wp-content\/uploads\/sites\/6\/2022\/04\/032060032.png","contentUrl":"https:\/\/drasanvi.com\/pt\/wp-content\/uploads\/sites\/6\/2022\/04\/032060032.png","width":1000,"height":1000},{"@type":"BreadcrumbList","@id":"https:\/\/drasanvi.com\/pt\/producto\/desodorizante-mineral-de-alumen\/#breadcrumb","itemListElement":[{"@type":"ListItem","position":1,"name":"Portada","item":"https:\/\/drasanvi.com\/pt\/"},{"@type":"ListItem","position":2,"name":"Tienda","item":"https:\/\/drasanvi.com\/pt\/tienda\/"},{"@type":"ListItem","position":3,"name":"Desodorizante Mineral de Al\u00famen"}]},{"@type":"WebSite","@id":"https:\/\/drasanvi.com\/pt\/#website","url":"https:\/\/drasanvi.com\/pt\/","name":"Drasanvi Portugal","description":"L\u00edder en complementos alimenticios y cosm\u00e9tica natural.","publisher":{"@id":"https:\/\/drasanvi.com\/pt\/#organization"},"potentialAction":[{"@type":"SearchAction","target":{"@type":"EntryPoint","urlTemplate":"https:\/\/drasanvi.com\/pt\/?s={search_term_string}"},"query-input":{"@type":"PropertyValueSpecification","valueRequired":true,"valueName":"search_term_string"}}],"inLanguage":"pt-PT"},{"@type":"Organization","@id":"https:\/\/drasanvi.com\/pt\/#organization","name":"Drasanvi","url":"https:\/\/drasanvi.com\/pt\/","logo":{"@type":"ImageObject","inLanguage":"pt-PT","@id":"https:\/\/drasanvi.com\/pt\/#\/schema\/logo\/image\/","url":"https:\/\/drasanvi.com\/wp-content\/uploads\/sites\/6\/2021\/07\/logo-drasanvi.png","contentUrl":"https:\/\/drasanvi.com\/wp-content\/uploads\/sites\/6\/2021\/07\/logo-drasanvi.png","width":900,"height":300,"caption":"Drasanvi"},"image":{"@id":"https:\/\/drasanvi.com\/pt\/#\/schema\/logo\/image\/"}}]}},"_links":{"self":[{"href":"https:\/\/drasanvi.com\/pt\/wp-json\/wp\/v2\/product\/24064","targetHints":{"allow":["GET"]}}],"collection":[{"href":"https:\/\/drasanvi.com\/pt\/wp-json\/wp\/v2\/product"}],"about":[{"href":"https:\/\/drasanvi.com\/pt\/wp-json\/wp\/v2\/types\/product"}],"version-history":[{"count":0,"href":"https:\/\/drasanvi.com\/pt\/wp-json\/wp\/v2\/product\/24064\/revisions"}],"wp:featuredmedia":[{"embeddable":true,"href":"https:\/\/drasanvi.com\/pt\/wp-json\/wp\/v2\/media\/24066"}],"wp:attachment":[{"href":"https:\/\/drasanvi.com\/pt\/wp-json\/wp\/v2\/media?parent=24064"}],"wp:term":[{"taxonomy":"product_cat","embeddable":true,"href":"https:\/\/drasanvi.com\/pt\/wp-json\/wp\/v2\/product_cat?post=24064"},{"taxonomy":"product_tag","embeddable":true,"href":"https:\/\/drasanvi.com\/pt\/wp-json\/wp\/v2\/product_tag?post=24064"}],"curies":[{"name":"wp","href":"https:\/\/api.w.org\/{rel}","templated":true}]}}