{"id":23780,"date":"2022-04-29T10:13:53","date_gmt":"2022-04-29T08:13:53","guid":{"rendered":"https:\/\/drasanvi.com\/pt\/producto\/t-control-novo\/"},"modified":"2023-08-11T15:41:12","modified_gmt":"2023-08-11T13:41:12","slug":"t-control-novo","status":"publish","type":"product","link":"https:\/\/drasanvi.com\/pt\/producto\/t-control-novo\/","title":{"rendered":"T-Control"},"content":{"rendered":"<p>T Control \u00e9 um suplemento alimentar que combina extratos inovadores, como o Extrato de Cacau (o qual est\u00e1 registrado com a marca Cocoapure&#x2122;), o Hidrolisado de Case\u00edna e a Coenzima Q10; com ingredientes de uso tradicional como o Alho e a Acerola.<\/p>\n<h2>Ingredientes<\/h2>\n<p>Extrato Seco de Cacau<em>(Theobroma cacao L, Polifenois 12%)<\/em>300 mg, HIdroxipropilmetilcelulose<em>(Inv\u00f3lucro)<\/em>, Extrato Seco de B\u00e9tula<em>(Betula pendula Roth, Rutina 3%)<\/em>265 mg, L-Arginina<em><\/em>200 mg, Extrato Seco de Acerola<em>(Malpighia punicifolia L., Vitamina C 50%)<\/em>160 mg, <b style=\"text-decoration: underline\">Hidrolisado de Case\u00edna<\/b><em><\/em>100 mg, Extrato Seco de Alho<em>(Allium sativum L., Alicina 1%)<\/em>90 mg, Coenzima Q10<em>(Ubiquinol)<\/em>30 mg, Estearato de Magn\u00e9sio<em>(Agente de carga)<\/em>, Di\u00f3xido de Sil\u00edcio<em>(Antiaglutinante<\/em><\/p>\n<h2>Modo de uso<\/h2>\n<p>Tomar\u00a0 2 a 3 c\u00e1psulas ao dia, repartidas nas principais refei\u00e7\u00f5es.<\/p>\n<h2>Presentaci\u00f3n<\/h2>\n<p>Embalagem de 48 c\u00e1psulas vegetais de 820 mg. Peso total: 39,4 g (1.4 oz)<\/p>\n<h2>Advertencias<\/h2>\n<p>Os suplementos alimentares n\u00e3o devem ser usados como substitutos de um regime alimentar variado e de um modo de vida saud\u00e1vel. N\u00e3o superar a dose di\u00e1ria recomendada. Manter afastado do alcance das crian\u00e7as. Conservar num local seco e fresco.<\/p>\n<h2>Valores nutricionales<\/h2>\n<p>por dose di\u00e1ria (2 c\u00e1psulas)<\/p>\n<table>\n<tbody>\n<tr>\n<th>Ingrediente<\/th>\n<th>Percentagem<\/th>\n<th>Quantidade<\/th>\n<\/tr>\n<tr>\n<td>Vitamina C<\/td>\n<td>100%<\/td>\n<td>80 mg<\/td>\n<\/tr>\n<\/tbody>\n<\/table>\n<p>% DDR (Dose Di\u00e1ria Recomendada)<\/p>\n","protected":false},"excerpt":{"rendered":"<p>T Control \u00e9 um suplemento alimentar que combina extratos inovadores, como o Extrato de Cacau (o qual est\u00e1 registrado com a marca Cocoapure&#x2122;), o Hidrolisado de Case\u00edna e a Coenzima Q10; com ingredientes de uso tradicional como o Alho e a Acerola.<a id=\"boton-ficha\" href=\"https:\/\/panel.drasanvi.com\/fichas\/5\/032050068\">Ficha t\u00e9cnica<\/a><\/p>\n","protected":false},"featured_media":23782,"template":"","meta":{"inline_featured_image":false},"product_cat":[1381],"product_tag":[],"class_list":["post-23780","product","type-product","status-publish","has-post-thumbnail","hentry","product_cat-saude-cardiovascular","pa_contains-apio-no","pa_contains-peanuts-no","pa_contem-crustaceos-no","pa_contem-frutos-secos-no","pa_contem-leite-si","pa_contem-moluscos-no","pa_contem-mostarda-no","pa_contem-ovo-no","pa_contem-peixe-no","pa_contem-sesame-no","pa_contem-soja-no","pa_contiene-altramuces-no","pa_produto-bio-no","pa_produto-sem-gluten-no","pa_produto-vegan-no","pa_produto-vegetariano-no"],"yoast_head":"<!-- This site is optimized with the Yoast SEO plugin v27.5 - https:\/\/yoast.com\/product\/yoast-seo-wordpress\/ -->\n<title>T-Control - Drasanvi Portugal<\/title>\n<meta name=\"robots\" content=\"index, follow, max-snippet:-1, max-image-preview:large, max-video-preview:-1\" \/>\n<link rel=\"canonical\" href=\"https:\/\/drasanvi.com\/pt\/producto\/t-control-novo\/\" \/>\n<meta property=\"og:locale\" content=\"pt_PT\" \/>\n<meta property=\"og:type\" content=\"article\" \/>\n<meta property=\"og:title\" content=\"T-Control - Drasanvi Portugal\" \/>\n<meta property=\"og:description\" content=\"T Control \u00e9 um suplemento alimentar que combina extratos inovadores, como o Extrato de Cacau (o qual est\u00e1 registrado com a marca Cocoapure&#x2122;), o Hidrolisado de Case\u00edna e a Coenzima Q10; com ingredientes de uso tradicional como o Alho e a Acerola.Ficha t\u00e9cnica\" \/>\n<meta property=\"og:url\" content=\"https:\/\/drasanvi.com\/pt\/producto\/t-control-novo\/\" \/>\n<meta property=\"og:site_name\" content=\"Drasanvi Portugal\" \/>\n<meta property=\"article:modified_time\" content=\"2023-08-11T13:41:12+00:00\" \/>\n<meta property=\"og:image\" content=\"https:\/\/drasanvi.com\/pt\/wp-content\/uploads\/sites\/6\/2022\/04\/032050068.png\" \/>\n\t<meta property=\"og:image:width\" content=\"1000\" \/>\n\t<meta property=\"og:image:height\" content=\"1000\" \/>\n\t<meta property=\"og:image:type\" content=\"image\/png\" \/>\n<meta name=\"twitter:card\" content=\"summary_large_image\" \/>\n<script type=\"application\/ld+json\" class=\"yoast-schema-graph\">{\"@context\":\"https:\\\/\\\/schema.org\",\"@graph\":[{\"@type\":\"WebPage\",\"@id\":\"https:\\\/\\\/drasanvi.com\\\/pt\\\/producto\\\/t-control-novo\\\/\",\"url\":\"https:\\\/\\\/drasanvi.com\\\/pt\\\/producto\\\/t-control-novo\\\/\",\"name\":\"T-Control - Drasanvi Portugal\",\"isPartOf\":{\"@id\":\"https:\\\/\\\/drasanvi.com\\\/pt\\\/#website\"},\"primaryImageOfPage\":{\"@id\":\"https:\\\/\\\/drasanvi.com\\\/pt\\\/producto\\\/t-control-novo\\\/#primaryimage\"},\"image\":{\"@id\":\"https:\\\/\\\/drasanvi.com\\\/pt\\\/producto\\\/t-control-novo\\\/#primaryimage\"},\"thumbnailUrl\":\"https:\\\/\\\/drasanvi.com\\\/pt\\\/wp-content\\\/uploads\\\/sites\\\/6\\\/2022\\\/04\\\/032050068.png\",\"datePublished\":\"2022-04-29T08:13:53+00:00\",\"dateModified\":\"2023-08-11T13:41:12+00:00\",\"breadcrumb\":{\"@id\":\"https:\\\/\\\/drasanvi.com\\\/pt\\\/producto\\\/t-control-novo\\\/#breadcrumb\"},\"inLanguage\":\"pt-PT\",\"potentialAction\":[{\"@type\":\"ReadAction\",\"target\":[\"https:\\\/\\\/drasanvi.com\\\/pt\\\/producto\\\/t-control-novo\\\/\"]}]},{\"@type\":\"ImageObject\",\"inLanguage\":\"pt-PT\",\"@id\":\"https:\\\/\\\/drasanvi.com\\\/pt\\\/producto\\\/t-control-novo\\\/#primaryimage\",\"url\":\"https:\\\/\\\/drasanvi.com\\\/pt\\\/wp-content\\\/uploads\\\/sites\\\/6\\\/2022\\\/04\\\/032050068.png\",\"contentUrl\":\"https:\\\/\\\/drasanvi.com\\\/pt\\\/wp-content\\\/uploads\\\/sites\\\/6\\\/2022\\\/04\\\/032050068.png\",\"width\":1000,\"height\":1000},{\"@type\":\"BreadcrumbList\",\"@id\":\"https:\\\/\\\/drasanvi.com\\\/pt\\\/producto\\\/t-control-novo\\\/#breadcrumb\",\"itemListElement\":[{\"@type\":\"ListItem\",\"position\":1,\"name\":\"Portada\",\"item\":\"https:\\\/\\\/drasanvi.com\\\/pt\\\/\"},{\"@type\":\"ListItem\",\"position\":2,\"name\":\"Tienda\",\"item\":\"https:\\\/\\\/drasanvi.com\\\/pt\\\/tienda\\\/\"},{\"@type\":\"ListItem\",\"position\":3,\"name\":\"T-Control\"}]},{\"@type\":\"WebSite\",\"@id\":\"https:\\\/\\\/drasanvi.com\\\/pt\\\/#website\",\"url\":\"https:\\\/\\\/drasanvi.com\\\/pt\\\/\",\"name\":\"Drasanvi Portugal\",\"description\":\"L\u00edder en complementos alimenticios y cosm\u00e9tica natural.\",\"publisher\":{\"@id\":\"https:\\\/\\\/drasanvi.com\\\/pt\\\/#organization\"},\"potentialAction\":[{\"@type\":\"SearchAction\",\"target\":{\"@type\":\"EntryPoint\",\"urlTemplate\":\"https:\\\/\\\/drasanvi.com\\\/pt\\\/?s={search_term_string}\"},\"query-input\":{\"@type\":\"PropertyValueSpecification\",\"valueRequired\":true,\"valueName\":\"search_term_string\"}}],\"inLanguage\":\"pt-PT\"},{\"@type\":\"Organization\",\"@id\":\"https:\\\/\\\/drasanvi.com\\\/pt\\\/#organization\",\"name\":\"Drasanvi\",\"url\":\"https:\\\/\\\/drasanvi.com\\\/pt\\\/\",\"logo\":{\"@type\":\"ImageObject\",\"inLanguage\":\"pt-PT\",\"@id\":\"https:\\\/\\\/drasanvi.com\\\/pt\\\/#\\\/schema\\\/logo\\\/image\\\/\",\"url\":\"https:\\\/\\\/drasanvi.com\\\/wp-content\\\/uploads\\\/sites\\\/6\\\/2021\\\/07\\\/logo-drasanvi.png\",\"contentUrl\":\"https:\\\/\\\/drasanvi.com\\\/wp-content\\\/uploads\\\/sites\\\/6\\\/2021\\\/07\\\/logo-drasanvi.png\",\"width\":900,\"height\":300,\"caption\":\"Drasanvi\"},\"image\":{\"@id\":\"https:\\\/\\\/drasanvi.com\\\/pt\\\/#\\\/schema\\\/logo\\\/image\\\/\"}}]}<\/script>\n<!-- \/ Yoast SEO plugin. -->","yoast_head_json":{"title":"T-Control - Drasanvi Portugal","robots":{"index":"index","follow":"follow","max-snippet":"max-snippet:-1","max-image-preview":"max-image-preview:large","max-video-preview":"max-video-preview:-1"},"canonical":"https:\/\/drasanvi.com\/pt\/producto\/t-control-novo\/","og_locale":"pt_PT","og_type":"article","og_title":"T-Control - Drasanvi Portugal","og_description":"T Control \u00e9 um suplemento alimentar que combina extratos inovadores, como o Extrato de Cacau (o qual est\u00e1 registrado com a marca Cocoapure&#x2122;), o Hidrolisado de Case\u00edna e a Coenzima Q10; com ingredientes de uso tradicional como o Alho e a Acerola.Ficha t\u00e9cnica","og_url":"https:\/\/drasanvi.com\/pt\/producto\/t-control-novo\/","og_site_name":"Drasanvi Portugal","article_modified_time":"2023-08-11T13:41:12+00:00","og_image":[{"width":1000,"height":1000,"url":"https:\/\/drasanvi.com\/pt\/wp-content\/uploads\/sites\/6\/2022\/04\/032050068.png","type":"image\/png"}],"twitter_card":"summary_large_image","schema":{"@context":"https:\/\/schema.org","@graph":[{"@type":"WebPage","@id":"https:\/\/drasanvi.com\/pt\/producto\/t-control-novo\/","url":"https:\/\/drasanvi.com\/pt\/producto\/t-control-novo\/","name":"T-Control - Drasanvi Portugal","isPartOf":{"@id":"https:\/\/drasanvi.com\/pt\/#website"},"primaryImageOfPage":{"@id":"https:\/\/drasanvi.com\/pt\/producto\/t-control-novo\/#primaryimage"},"image":{"@id":"https:\/\/drasanvi.com\/pt\/producto\/t-control-novo\/#primaryimage"},"thumbnailUrl":"https:\/\/drasanvi.com\/pt\/wp-content\/uploads\/sites\/6\/2022\/04\/032050068.png","datePublished":"2022-04-29T08:13:53+00:00","dateModified":"2023-08-11T13:41:12+00:00","breadcrumb":{"@id":"https:\/\/drasanvi.com\/pt\/producto\/t-control-novo\/#breadcrumb"},"inLanguage":"pt-PT","potentialAction":[{"@type":"ReadAction","target":["https:\/\/drasanvi.com\/pt\/producto\/t-control-novo\/"]}]},{"@type":"ImageObject","inLanguage":"pt-PT","@id":"https:\/\/drasanvi.com\/pt\/producto\/t-control-novo\/#primaryimage","url":"https:\/\/drasanvi.com\/pt\/wp-content\/uploads\/sites\/6\/2022\/04\/032050068.png","contentUrl":"https:\/\/drasanvi.com\/pt\/wp-content\/uploads\/sites\/6\/2022\/04\/032050068.png","width":1000,"height":1000},{"@type":"BreadcrumbList","@id":"https:\/\/drasanvi.com\/pt\/producto\/t-control-novo\/#breadcrumb","itemListElement":[{"@type":"ListItem","position":1,"name":"Portada","item":"https:\/\/drasanvi.com\/pt\/"},{"@type":"ListItem","position":2,"name":"Tienda","item":"https:\/\/drasanvi.com\/pt\/tienda\/"},{"@type":"ListItem","position":3,"name":"T-Control"}]},{"@type":"WebSite","@id":"https:\/\/drasanvi.com\/pt\/#website","url":"https:\/\/drasanvi.com\/pt\/","name":"Drasanvi Portugal","description":"L\u00edder en complementos alimenticios y cosm\u00e9tica natural.","publisher":{"@id":"https:\/\/drasanvi.com\/pt\/#organization"},"potentialAction":[{"@type":"SearchAction","target":{"@type":"EntryPoint","urlTemplate":"https:\/\/drasanvi.com\/pt\/?s={search_term_string}"},"query-input":{"@type":"PropertyValueSpecification","valueRequired":true,"valueName":"search_term_string"}}],"inLanguage":"pt-PT"},{"@type":"Organization","@id":"https:\/\/drasanvi.com\/pt\/#organization","name":"Drasanvi","url":"https:\/\/drasanvi.com\/pt\/","logo":{"@type":"ImageObject","inLanguage":"pt-PT","@id":"https:\/\/drasanvi.com\/pt\/#\/schema\/logo\/image\/","url":"https:\/\/drasanvi.com\/wp-content\/uploads\/sites\/6\/2021\/07\/logo-drasanvi.png","contentUrl":"https:\/\/drasanvi.com\/wp-content\/uploads\/sites\/6\/2021\/07\/logo-drasanvi.png","width":900,"height":300,"caption":"Drasanvi"},"image":{"@id":"https:\/\/drasanvi.com\/pt\/#\/schema\/logo\/image\/"}}]}},"_links":{"self":[{"href":"https:\/\/drasanvi.com\/pt\/wp-json\/wp\/v2\/product\/23780","targetHints":{"allow":["GET"]}}],"collection":[{"href":"https:\/\/drasanvi.com\/pt\/wp-json\/wp\/v2\/product"}],"about":[{"href":"https:\/\/drasanvi.com\/pt\/wp-json\/wp\/v2\/types\/product"}],"version-history":[{"count":0,"href":"https:\/\/drasanvi.com\/pt\/wp-json\/wp\/v2\/product\/23780\/revisions"}],"wp:featuredmedia":[{"embeddable":true,"href":"https:\/\/drasanvi.com\/pt\/wp-json\/wp\/v2\/media\/23782"}],"wp:attachment":[{"href":"https:\/\/drasanvi.com\/pt\/wp-json\/wp\/v2\/media?parent=23780"}],"wp:term":[{"taxonomy":"product_cat","embeddable":true,"href":"https:\/\/drasanvi.com\/pt\/wp-json\/wp\/v2\/product_cat?post=23780"},{"taxonomy":"product_tag","embeddable":true,"href":"https:\/\/drasanvi.com\/pt\/wp-json\/wp\/v2\/product_tag?post=23780"}],"curies":[{"name":"wp","href":"https:\/\/api.w.org\/{rel}","templated":true}]}}