{"id":23774,"date":"2022-04-29T10:13:53","date_gmt":"2022-04-29T08:13:53","guid":{"rendered":"https:\/\/drasanvi.com\/pt\/producto\/xarope-de-cebola-adultos\/"},"modified":"2023-08-11T15:41:14","modified_gmt":"2023-08-11T13:41:14","slug":"xarope-de-cebola-adultos","status":"publish","type":"product","link":"https:\/\/drasanvi.com\/pt\/producto\/xarope-de-cebola-adultos\/","title":{"rendered":"Xarope de Cebola Adultos"},"content":{"rendered":"<p>A fitoterapia tradicional sempre foi um bom recurso para molestias cotidianas. Por isso juntamos tradi\u00e7\u00e3o e inova\u00e7\u00e3o no nosso xarope de Cebola.Mel, extrato de cebola e malva, a qual ajuda a suavizar a garganta, e \u00f3leo essencial de pinheiro se juntam, para ajudar-lhe este inverno.Tambem temos uma vers\u00e3o infantil, com sabor a frutos do bosque, para que a tose dos mais pequenos n\u00e3o nos tire o sono.<\/p>\n<h2>Ingredientes<\/h2>\n<p>Agua<em><\/em>, Mel<em><\/em>, Extrato seco de Cebola<em>Allium cepa\u00a0L.<\/em>153 mg, Extrato seco de Malva<em>Malva sylvestris\u00a0L.<\/em>153 mg, \u00c1cido c\u00edtrico<em>(Acidificante)<\/em>, Sorbato de pot\u00e1ssio<em>(Conservante)<\/em>, Goma Xantana<em>(Estabilizante)<\/em>, \u00d3leo essencial de pinheiro<em>Pinus nigra L<\/em>6 mg<\/p>\n<h2>Modo de uso<\/h2>\n<p>Tomar 15 ml ao dia, divididos em duas (7,5 ml por tomada) ou tr\u00eas tomadas (5 ml por tomada).<\/p>\n<h2>Presentaci\u00f3n<\/h2>\n<p>Embalagem de 250 ml (8.75 fl oz) <\/p>\n<h2>Advertencias<\/h2>\n<p>Os suplementos alimentares n\u00e3o devem ser usados como substitutos de uma dieta equilibrada e de um modo de vida saud\u00e1vel. N\u00e3o superar a dosagem diaria recomendada. Manter afastado do alcance das crian\u00e7as. Conservar num local seco e fresco.<\/p>\n<h2>Valores nutricionales<\/h2>\n<p>&nbsp;&nbsp;<\/p>\n","protected":false},"excerpt":{"rendered":"<p>A fitoterapia tradicional sempre foi um bom recurso para molestias cotidianas. Por isso juntamos tradi\u00e7\u00e3o e inova\u00e7\u00e3o no nosso xarope de Cebola.Mel, extrato de cebola e malva, a qual ajuda a suavizar a garganta, e \u00f3leo essencial de pinheiro se juntam, para ajudar-lhe este inverno.Tambem temos uma vers\u00e3o infantil, com sabor a frutos do bosque, para que a tose dos mais pequenos n\u00e3o nos tire o sono.<a id=\"boton-ficha\" href=\"https:\/\/panel.drasanvi.com\/fichas\/5\/032050392\">Ficha t\u00e9cnica<\/a><\/p>\n","protected":false},"featured_media":23776,"template":"","meta":{"inline_featured_image":false},"product_cat":[1377],"product_tag":[],"class_list":["post-23774","product","type-product","status-publish","has-post-thumbnail","hentry","product_cat-defesas-e-inverno","pa_contains-apio-no","pa_contains-peanuts-no","pa_contem-crustaceos-no","pa_contem-frutos-secos-no","pa_contem-leite-no","pa_contem-moluscos-no","pa_contem-mostarda-no","pa_contem-ovo-no","pa_contem-peixe-no","pa_contem-sesame-no","pa_contem-soja-no","pa_contiene-altramuces-no","pa_produto-bio-no","pa_produto-sem-gluten-no","pa_produto-vegan-no","pa_produto-vegetariano-no"],"yoast_head":"<!-- This site is optimized with the Yoast SEO plugin v27.4 - https:\/\/yoast.com\/product\/yoast-seo-wordpress\/ -->\n<title>Xarope de Cebola Adultos - Drasanvi Portugal<\/title>\n<meta name=\"robots\" content=\"index, follow, max-snippet:-1, max-image-preview:large, max-video-preview:-1\" \/>\n<link rel=\"canonical\" href=\"https:\/\/drasanvi.com\/pt\/producto\/xarope-de-cebola-adultos\/\" \/>\n<meta property=\"og:locale\" content=\"pt_PT\" \/>\n<meta property=\"og:type\" content=\"article\" \/>\n<meta property=\"og:title\" content=\"Xarope de Cebola Adultos - Drasanvi Portugal\" \/>\n<meta property=\"og:description\" content=\"A fitoterapia tradicional sempre foi um bom recurso para molestias cotidianas. Por isso juntamos tradi\u00e7\u00e3o e inova\u00e7\u00e3o no nosso xarope de Cebola.Mel, extrato de cebola e malva, a qual ajuda a suavizar a garganta, e \u00f3leo essencial de pinheiro se juntam, para ajudar-lhe este inverno.Tambem temos uma vers\u00e3o infantil, com sabor a frutos do bosque, para que a tose dos mais pequenos n\u00e3o nos tire o sono.Ficha t\u00e9cnica\" \/>\n<meta property=\"og:url\" content=\"https:\/\/drasanvi.com\/pt\/producto\/xarope-de-cebola-adultos\/\" \/>\n<meta property=\"og:site_name\" content=\"Drasanvi Portugal\" \/>\n<meta property=\"article:modified_time\" content=\"2023-08-11T13:41:14+00:00\" \/>\n<meta property=\"og:image\" content=\"https:\/\/drasanvi.com\/pt\/wp-content\/uploads\/sites\/6\/2022\/04\/032050392.png\" \/>\n\t<meta property=\"og:image:width\" content=\"1000\" \/>\n\t<meta property=\"og:image:height\" content=\"1000\" \/>\n\t<meta property=\"og:image:type\" content=\"image\/png\" \/>\n<meta name=\"twitter:card\" content=\"summary_large_image\" \/>\n<script type=\"application\/ld+json\" class=\"yoast-schema-graph\">{\"@context\":\"https:\\\/\\\/schema.org\",\"@graph\":[{\"@type\":\"WebPage\",\"@id\":\"https:\\\/\\\/drasanvi.com\\\/pt\\\/producto\\\/xarope-de-cebola-adultos\\\/\",\"url\":\"https:\\\/\\\/drasanvi.com\\\/pt\\\/producto\\\/xarope-de-cebola-adultos\\\/\",\"name\":\"Xarope de Cebola Adultos - Drasanvi Portugal\",\"isPartOf\":{\"@id\":\"https:\\\/\\\/drasanvi.com\\\/pt\\\/#website\"},\"primaryImageOfPage\":{\"@id\":\"https:\\\/\\\/drasanvi.com\\\/pt\\\/producto\\\/xarope-de-cebola-adultos\\\/#primaryimage\"},\"image\":{\"@id\":\"https:\\\/\\\/drasanvi.com\\\/pt\\\/producto\\\/xarope-de-cebola-adultos\\\/#primaryimage\"},\"thumbnailUrl\":\"https:\\\/\\\/drasanvi.com\\\/pt\\\/wp-content\\\/uploads\\\/sites\\\/6\\\/2022\\\/04\\\/032050392.png\",\"datePublished\":\"2022-04-29T08:13:53+00:00\",\"dateModified\":\"2023-08-11T13:41:14+00:00\",\"breadcrumb\":{\"@id\":\"https:\\\/\\\/drasanvi.com\\\/pt\\\/producto\\\/xarope-de-cebola-adultos\\\/#breadcrumb\"},\"inLanguage\":\"pt-PT\",\"potentialAction\":[{\"@type\":\"ReadAction\",\"target\":[\"https:\\\/\\\/drasanvi.com\\\/pt\\\/producto\\\/xarope-de-cebola-adultos\\\/\"]}]},{\"@type\":\"ImageObject\",\"inLanguage\":\"pt-PT\",\"@id\":\"https:\\\/\\\/drasanvi.com\\\/pt\\\/producto\\\/xarope-de-cebola-adultos\\\/#primaryimage\",\"url\":\"https:\\\/\\\/drasanvi.com\\\/pt\\\/wp-content\\\/uploads\\\/sites\\\/6\\\/2022\\\/04\\\/032050392.png\",\"contentUrl\":\"https:\\\/\\\/drasanvi.com\\\/pt\\\/wp-content\\\/uploads\\\/sites\\\/6\\\/2022\\\/04\\\/032050392.png\",\"width\":1000,\"height\":1000},{\"@type\":\"BreadcrumbList\",\"@id\":\"https:\\\/\\\/drasanvi.com\\\/pt\\\/producto\\\/xarope-de-cebola-adultos\\\/#breadcrumb\",\"itemListElement\":[{\"@type\":\"ListItem\",\"position\":1,\"name\":\"Portada\",\"item\":\"https:\\\/\\\/drasanvi.com\\\/pt\\\/\"},{\"@type\":\"ListItem\",\"position\":2,\"name\":\"Tienda\",\"item\":\"https:\\\/\\\/drasanvi.com\\\/pt\\\/tienda\\\/\"},{\"@type\":\"ListItem\",\"position\":3,\"name\":\"Xarope de Cebola Adultos\"}]},{\"@type\":\"WebSite\",\"@id\":\"https:\\\/\\\/drasanvi.com\\\/pt\\\/#website\",\"url\":\"https:\\\/\\\/drasanvi.com\\\/pt\\\/\",\"name\":\"Drasanvi Portugal\",\"description\":\"L\u00edder en complementos alimenticios y cosm\u00e9tica natural.\",\"publisher\":{\"@id\":\"https:\\\/\\\/drasanvi.com\\\/pt\\\/#organization\"},\"potentialAction\":[{\"@type\":\"SearchAction\",\"target\":{\"@type\":\"EntryPoint\",\"urlTemplate\":\"https:\\\/\\\/drasanvi.com\\\/pt\\\/?s={search_term_string}\"},\"query-input\":{\"@type\":\"PropertyValueSpecification\",\"valueRequired\":true,\"valueName\":\"search_term_string\"}}],\"inLanguage\":\"pt-PT\"},{\"@type\":\"Organization\",\"@id\":\"https:\\\/\\\/drasanvi.com\\\/pt\\\/#organization\",\"name\":\"Drasanvi\",\"url\":\"https:\\\/\\\/drasanvi.com\\\/pt\\\/\",\"logo\":{\"@type\":\"ImageObject\",\"inLanguage\":\"pt-PT\",\"@id\":\"https:\\\/\\\/drasanvi.com\\\/pt\\\/#\\\/schema\\\/logo\\\/image\\\/\",\"url\":\"https:\\\/\\\/drasanvi.com\\\/wp-content\\\/uploads\\\/sites\\\/6\\\/2021\\\/07\\\/logo-drasanvi.png\",\"contentUrl\":\"https:\\\/\\\/drasanvi.com\\\/wp-content\\\/uploads\\\/sites\\\/6\\\/2021\\\/07\\\/logo-drasanvi.png\",\"width\":900,\"height\":300,\"caption\":\"Drasanvi\"},\"image\":{\"@id\":\"https:\\\/\\\/drasanvi.com\\\/pt\\\/#\\\/schema\\\/logo\\\/image\\\/\"}}]}<\/script>\n<!-- \/ Yoast SEO plugin. -->","yoast_head_json":{"title":"Xarope de Cebola Adultos - Drasanvi Portugal","robots":{"index":"index","follow":"follow","max-snippet":"max-snippet:-1","max-image-preview":"max-image-preview:large","max-video-preview":"max-video-preview:-1"},"canonical":"https:\/\/drasanvi.com\/pt\/producto\/xarope-de-cebola-adultos\/","og_locale":"pt_PT","og_type":"article","og_title":"Xarope de Cebola Adultos - Drasanvi Portugal","og_description":"A fitoterapia tradicional sempre foi um bom recurso para molestias cotidianas. Por isso juntamos tradi\u00e7\u00e3o e inova\u00e7\u00e3o no nosso xarope de Cebola.Mel, extrato de cebola e malva, a qual ajuda a suavizar a garganta, e \u00f3leo essencial de pinheiro se juntam, para ajudar-lhe este inverno.Tambem temos uma vers\u00e3o infantil, com sabor a frutos do bosque, para que a tose dos mais pequenos n\u00e3o nos tire o sono.Ficha t\u00e9cnica","og_url":"https:\/\/drasanvi.com\/pt\/producto\/xarope-de-cebola-adultos\/","og_site_name":"Drasanvi Portugal","article_modified_time":"2023-08-11T13:41:14+00:00","og_image":[{"width":1000,"height":1000,"url":"https:\/\/drasanvi.com\/pt\/wp-content\/uploads\/sites\/6\/2022\/04\/032050392.png","type":"image\/png"}],"twitter_card":"summary_large_image","schema":{"@context":"https:\/\/schema.org","@graph":[{"@type":"WebPage","@id":"https:\/\/drasanvi.com\/pt\/producto\/xarope-de-cebola-adultos\/","url":"https:\/\/drasanvi.com\/pt\/producto\/xarope-de-cebola-adultos\/","name":"Xarope de Cebola Adultos - Drasanvi Portugal","isPartOf":{"@id":"https:\/\/drasanvi.com\/pt\/#website"},"primaryImageOfPage":{"@id":"https:\/\/drasanvi.com\/pt\/producto\/xarope-de-cebola-adultos\/#primaryimage"},"image":{"@id":"https:\/\/drasanvi.com\/pt\/producto\/xarope-de-cebola-adultos\/#primaryimage"},"thumbnailUrl":"https:\/\/drasanvi.com\/pt\/wp-content\/uploads\/sites\/6\/2022\/04\/032050392.png","datePublished":"2022-04-29T08:13:53+00:00","dateModified":"2023-08-11T13:41:14+00:00","breadcrumb":{"@id":"https:\/\/drasanvi.com\/pt\/producto\/xarope-de-cebola-adultos\/#breadcrumb"},"inLanguage":"pt-PT","potentialAction":[{"@type":"ReadAction","target":["https:\/\/drasanvi.com\/pt\/producto\/xarope-de-cebola-adultos\/"]}]},{"@type":"ImageObject","inLanguage":"pt-PT","@id":"https:\/\/drasanvi.com\/pt\/producto\/xarope-de-cebola-adultos\/#primaryimage","url":"https:\/\/drasanvi.com\/pt\/wp-content\/uploads\/sites\/6\/2022\/04\/032050392.png","contentUrl":"https:\/\/drasanvi.com\/pt\/wp-content\/uploads\/sites\/6\/2022\/04\/032050392.png","width":1000,"height":1000},{"@type":"BreadcrumbList","@id":"https:\/\/drasanvi.com\/pt\/producto\/xarope-de-cebola-adultos\/#breadcrumb","itemListElement":[{"@type":"ListItem","position":1,"name":"Portada","item":"https:\/\/drasanvi.com\/pt\/"},{"@type":"ListItem","position":2,"name":"Tienda","item":"https:\/\/drasanvi.com\/pt\/tienda\/"},{"@type":"ListItem","position":3,"name":"Xarope de Cebola Adultos"}]},{"@type":"WebSite","@id":"https:\/\/drasanvi.com\/pt\/#website","url":"https:\/\/drasanvi.com\/pt\/","name":"Drasanvi Portugal","description":"L\u00edder en complementos alimenticios y cosm\u00e9tica natural.","publisher":{"@id":"https:\/\/drasanvi.com\/pt\/#organization"},"potentialAction":[{"@type":"SearchAction","target":{"@type":"EntryPoint","urlTemplate":"https:\/\/drasanvi.com\/pt\/?s={search_term_string}"},"query-input":{"@type":"PropertyValueSpecification","valueRequired":true,"valueName":"search_term_string"}}],"inLanguage":"pt-PT"},{"@type":"Organization","@id":"https:\/\/drasanvi.com\/pt\/#organization","name":"Drasanvi","url":"https:\/\/drasanvi.com\/pt\/","logo":{"@type":"ImageObject","inLanguage":"pt-PT","@id":"https:\/\/drasanvi.com\/pt\/#\/schema\/logo\/image\/","url":"https:\/\/drasanvi.com\/wp-content\/uploads\/sites\/6\/2021\/07\/logo-drasanvi.png","contentUrl":"https:\/\/drasanvi.com\/wp-content\/uploads\/sites\/6\/2021\/07\/logo-drasanvi.png","width":900,"height":300,"caption":"Drasanvi"},"image":{"@id":"https:\/\/drasanvi.com\/pt\/#\/schema\/logo\/image\/"}}]}},"_links":{"self":[{"href":"https:\/\/drasanvi.com\/pt\/wp-json\/wp\/v2\/product\/23774","targetHints":{"allow":["GET"]}}],"collection":[{"href":"https:\/\/drasanvi.com\/pt\/wp-json\/wp\/v2\/product"}],"about":[{"href":"https:\/\/drasanvi.com\/pt\/wp-json\/wp\/v2\/types\/product"}],"version-history":[{"count":0,"href":"https:\/\/drasanvi.com\/pt\/wp-json\/wp\/v2\/product\/23774\/revisions"}],"wp:featuredmedia":[{"embeddable":true,"href":"https:\/\/drasanvi.com\/pt\/wp-json\/wp\/v2\/media\/23776"}],"wp:attachment":[{"href":"https:\/\/drasanvi.com\/pt\/wp-json\/wp\/v2\/media?parent=23774"}],"wp:term":[{"taxonomy":"product_cat","embeddable":true,"href":"https:\/\/drasanvi.com\/pt\/wp-json\/wp\/v2\/product_cat?post=23774"},{"taxonomy":"product_tag","embeddable":true,"href":"https:\/\/drasanvi.com\/pt\/wp-json\/wp\/v2\/product_tag?post=23774"}],"curies":[{"name":"wp","href":"https:\/\/api.w.org\/{rel}","templated":true}]}}