{"id":23765,"date":"2022-04-29T10:13:53","date_gmt":"2022-04-29T08:13:53","guid":{"rendered":"https:\/\/drasanvi.com\/pt\/producto\/sintox-150ml\/"},"modified":"2023-08-11T15:41:09","modified_gmt":"2023-08-11T13:41:09","slug":"sintox-150ml","status":"publish","type":"product","link":"https:\/\/drasanvi.com\/pt\/producto\/sintox-150ml\/","title":{"rendered":"Sintox 150ml"},"content":{"rendered":"<p>Sintox \u00e9 um suplemento alimentar \u00e0 base de Pr\u00f3polis. Utilizando um Pr\u00f3polis de primeira qualidade e acrescentado em forma de extrato podemos garantir cerca de 12% em Galangina (bioflavon\u00f3ide). O Pr\u00f3polis \u00e9 uma subst\u00e2ncia elaborada pelas abelhas a partir de componentes resinosos das plantas. Formado por resinas, b\u00e1lsamos, \u00f3leos essenciais e mat\u00e9ria org\u00e1nica onde se destaca os flavon\u00f3ides como a galangina e a quercitina. Podemos encontrar ainda uma excelente mistura de extratos vegetais: B\u00e1lsamo do Per\u00fa, Pinheiro, Llant\u00e9n, Drosera, Malva e Eucalipto. Sintox est\u00e1 enriquecido com Vitamina C, Cobre, Zinco e Mangan\u00e9sio que contribuem para o correto funcionamento do sistema imunit\u00e1rio.<\/p>\n<h2>Ingredientes<\/h2>\n<p>\u00c1gua<em><\/em>, Xarope de Arroz<em><\/em>, Mel<em><\/em>5.400 mg, Extrato Fluido de Pr\u00f3polis<em><\/em>450 mg, Extrato seco de B\u00e1lsamo do Per\u00fa<em>(Myroxylon balsamum)<\/em>450 mg, Extrato seco de Tanchagem<em>(Plantago lanceolata L., Taninos 4%)<\/em>150 mg, Extrato seco de Drosera<em>(Drosera rotundifolia)<\/em>150 mg, Carboxilmetil Celulose<em>(Espessante)<\/em>, Extrato seco de Malva<em>(Malva sylvestris L).<\/em>120 mg, Extrato seco de Eucalipto<em>(Eucalyptus globulus Labill.)<\/em>120 mg, Vitamina C<em>(\u00c1cido Asc\u00f3rbico)<\/em>66 mg, Sorbato de Pot\u00e1ssio<em>(Conservante)<\/em>, Gluconato de Zinco<em>(Zinco 14.35%)<\/em>17,52 mg, \u00d3leo essencial de Pinheiro<em>(Pinus sylvestris)<\/em>9,6 mg, Gluconato de Cobre<em>(Cobre 14%)<\/em>3,6 mg, Sulfato de Mangan\u00e9s<em>(Mangan\u00e9s 36,4%)<\/em>2,76 mg<\/p>\n<h2>Modo de uso<\/h2>\n<p>Tomar 30 ml ao dia divididos em 2-3 tomas. Pode ser consumido diretamente ou dilu\u00eddo em alguma bebida quente.<\/p>\n<h2>Presentaci\u00f3n<\/h2>\n<p>Embalagem de 150 ml (5.27 fl oz)<\/p>\n<h2>Advertencias<\/h2>\n<p>Os suplementos alimentares n\u00e3o devem ser usados como substitutos de um regime alimentar variado e de um modo de vida saud\u00e1vel. N\u00e3o superar a dose di\u00e1ria recomendada. Manter afastado do alcance das crian\u00e7as. Conservar num local seco e fresco.<\/p>\n<h2>Valores nutricionales<\/h2>\n<table>\n<tbody>\n<tr>\n<td><strong>INGREDIENTE<\/strong><\/td>\n<td><strong>PERCENTAGEM<\/strong><\/td>\n<td><b>QUANTIDADE<\/b><\/td>\n<\/tr>\n<tr>\n<td>Vitamina C<\/td>\n<td>82.5%<\/td>\n<td>66 mg<\/td>\n<\/tr>\n<tr>\n<td>Cobre<\/td>\n<td>50%<\/td>\n<td>0,5 mg<\/td>\n<\/tr>\n<tr>\n<td>Mangan\u00e9s<\/td>\n<td>50%<\/td>\n<td>1 mg<\/td>\n<\/tr>\n<tr>\n<td>Zinco<\/td>\n<td>25%<\/td>\n<td>2.5 0g<\/td>\n<\/tr>\n<\/tbody>\n<\/table>\n<p>&nbsp;<\/p>\n","protected":false},"excerpt":{"rendered":"<p>Sintox \u00e9 um suplemento alimentar \u00e0 base de Pr\u00f3polis. Utilizando um Pr\u00f3polis de primeira qualidade e acrescentado em forma de extrato podemos garantir cerca de 12% em Galangina (bioflavon\u00f3ide). O Pr\u00f3polis \u00e9 uma subst\u00e2ncia elaborada pelas abelhas a partir de componentes resinosos das plantas. Formado por resinas, b\u00e1lsamos, \u00f3leos essenciais e mat\u00e9ria org\u00e1nica onde se destaca os flavon\u00f3ides como a galangina e a quercitina. Podemos encontrar ainda uma excelente mistura de extratos vegetais: B\u00e1lsamo do Per\u00fa, Pinheiro, Llant\u00e9n, Drosera, Malva e Eucalipto. Sintox est\u00e1 enriquecido com Vitamina C, Cobre, Zinco e Mangan\u00e9sio que contribuem para o correto funcionamento do sistema imunit\u00e1rio.<a id=\"boton-ficha\" href=\"https:\/\/panel.drasanvi.com\/fichas\/5\/032050178\">Ficha t\u00e9cnica<\/a><\/p>\n","protected":false},"featured_media":23767,"template":"","meta":{"inline_featured_image":false},"product_cat":[1377],"product_tag":[],"class_list":["post-23765","product","type-product","status-publish","has-post-thumbnail","hentry","product_cat-defesas-e-inverno","pa_contains-apio-no","pa_contains-peanuts-no","pa_contem-crustaceos-no","pa_contem-frutos-secos-no","pa_contem-leite-no","pa_contem-moluscos-no","pa_contem-mostarda-no","pa_contem-ovo-no","pa_contem-peixe-no","pa_contem-sesame-no","pa_contem-soja-no","pa_contiene-altramuces-no","pa_produto-bio-no","pa_produto-sem-gluten-no","pa_produto-vegan-no","pa_produto-vegetariano-no"],"yoast_head":"<!-- This site is optimized with the Yoast SEO plugin v27.5 - https:\/\/yoast.com\/product\/yoast-seo-wordpress\/ -->\n<title>Sintox 150ml - Drasanvi Portugal<\/title>\n<meta name=\"robots\" content=\"index, follow, max-snippet:-1, max-image-preview:large, max-video-preview:-1\" \/>\n<link rel=\"canonical\" href=\"https:\/\/drasanvi.com\/pt\/producto\/sintox-150ml\/\" \/>\n<meta property=\"og:locale\" content=\"pt_PT\" \/>\n<meta property=\"og:type\" content=\"article\" \/>\n<meta property=\"og:title\" content=\"Sintox 150ml - Drasanvi Portugal\" \/>\n<meta property=\"og:description\" content=\"Sintox \u00e9 um suplemento alimentar \u00e0 base de Pr\u00f3polis. Utilizando um Pr\u00f3polis de primeira qualidade e acrescentado em forma de extrato podemos garantir cerca de 12% em Galangina (bioflavon\u00f3ide). O Pr\u00f3polis \u00e9 uma subst\u00e2ncia elaborada pelas abelhas a partir de componentes resinosos das plantas. Formado por resinas, b\u00e1lsamos, \u00f3leos essenciais e mat\u00e9ria org\u00e1nica onde se destaca os flavon\u00f3ides como a galangina e a quercitina. Podemos encontrar ainda uma excelente mistura de extratos vegetais: B\u00e1lsamo do Per\u00fa, Pinheiro, Llant\u00e9n, Drosera, Malva e Eucalipto. Sintox est\u00e1 enriquecido com Vitamina C, Cobre, Zinco e Mangan\u00e9sio que contribuem para o correto funcionamento do sistema imunit\u00e1rio.Ficha t\u00e9cnica\" \/>\n<meta property=\"og:url\" content=\"https:\/\/drasanvi.com\/pt\/producto\/sintox-150ml\/\" \/>\n<meta property=\"og:site_name\" content=\"Drasanvi Portugal\" \/>\n<meta property=\"article:modified_time\" content=\"2023-08-11T13:41:09+00:00\" \/>\n<meta property=\"og:image\" content=\"https:\/\/drasanvi.com\/pt\/wp-content\/uploads\/sites\/6\/2022\/04\/032050178.png\" \/>\n\t<meta property=\"og:image:width\" content=\"1000\" \/>\n\t<meta property=\"og:image:height\" content=\"1000\" \/>\n\t<meta property=\"og:image:type\" content=\"image\/png\" \/>\n<meta name=\"twitter:card\" content=\"summary_large_image\" \/>\n<script type=\"application\/ld+json\" class=\"yoast-schema-graph\">{\"@context\":\"https:\\\/\\\/schema.org\",\"@graph\":[{\"@type\":\"WebPage\",\"@id\":\"https:\\\/\\\/drasanvi.com\\\/pt\\\/producto\\\/sintox-150ml\\\/\",\"url\":\"https:\\\/\\\/drasanvi.com\\\/pt\\\/producto\\\/sintox-150ml\\\/\",\"name\":\"Sintox 150ml - Drasanvi Portugal\",\"isPartOf\":{\"@id\":\"https:\\\/\\\/drasanvi.com\\\/pt\\\/#website\"},\"primaryImageOfPage\":{\"@id\":\"https:\\\/\\\/drasanvi.com\\\/pt\\\/producto\\\/sintox-150ml\\\/#primaryimage\"},\"image\":{\"@id\":\"https:\\\/\\\/drasanvi.com\\\/pt\\\/producto\\\/sintox-150ml\\\/#primaryimage\"},\"thumbnailUrl\":\"https:\\\/\\\/drasanvi.com\\\/pt\\\/wp-content\\\/uploads\\\/sites\\\/6\\\/2022\\\/04\\\/032050178.png\",\"datePublished\":\"2022-04-29T08:13:53+00:00\",\"dateModified\":\"2023-08-11T13:41:09+00:00\",\"breadcrumb\":{\"@id\":\"https:\\\/\\\/drasanvi.com\\\/pt\\\/producto\\\/sintox-150ml\\\/#breadcrumb\"},\"inLanguage\":\"pt-PT\",\"potentialAction\":[{\"@type\":\"ReadAction\",\"target\":[\"https:\\\/\\\/drasanvi.com\\\/pt\\\/producto\\\/sintox-150ml\\\/\"]}]},{\"@type\":\"ImageObject\",\"inLanguage\":\"pt-PT\",\"@id\":\"https:\\\/\\\/drasanvi.com\\\/pt\\\/producto\\\/sintox-150ml\\\/#primaryimage\",\"url\":\"https:\\\/\\\/drasanvi.com\\\/pt\\\/wp-content\\\/uploads\\\/sites\\\/6\\\/2022\\\/04\\\/032050178.png\",\"contentUrl\":\"https:\\\/\\\/drasanvi.com\\\/pt\\\/wp-content\\\/uploads\\\/sites\\\/6\\\/2022\\\/04\\\/032050178.png\",\"width\":1000,\"height\":1000},{\"@type\":\"BreadcrumbList\",\"@id\":\"https:\\\/\\\/drasanvi.com\\\/pt\\\/producto\\\/sintox-150ml\\\/#breadcrumb\",\"itemListElement\":[{\"@type\":\"ListItem\",\"position\":1,\"name\":\"Portada\",\"item\":\"https:\\\/\\\/drasanvi.com\\\/pt\\\/\"},{\"@type\":\"ListItem\",\"position\":2,\"name\":\"Tienda\",\"item\":\"https:\\\/\\\/drasanvi.com\\\/pt\\\/tienda\\\/\"},{\"@type\":\"ListItem\",\"position\":3,\"name\":\"Sintox 150ml\"}]},{\"@type\":\"WebSite\",\"@id\":\"https:\\\/\\\/drasanvi.com\\\/pt\\\/#website\",\"url\":\"https:\\\/\\\/drasanvi.com\\\/pt\\\/\",\"name\":\"Drasanvi Portugal\",\"description\":\"L\u00edder en complementos alimenticios y cosm\u00e9tica natural.\",\"publisher\":{\"@id\":\"https:\\\/\\\/drasanvi.com\\\/pt\\\/#organization\"},\"potentialAction\":[{\"@type\":\"SearchAction\",\"target\":{\"@type\":\"EntryPoint\",\"urlTemplate\":\"https:\\\/\\\/drasanvi.com\\\/pt\\\/?s={search_term_string}\"},\"query-input\":{\"@type\":\"PropertyValueSpecification\",\"valueRequired\":true,\"valueName\":\"search_term_string\"}}],\"inLanguage\":\"pt-PT\"},{\"@type\":\"Organization\",\"@id\":\"https:\\\/\\\/drasanvi.com\\\/pt\\\/#organization\",\"name\":\"Drasanvi\",\"url\":\"https:\\\/\\\/drasanvi.com\\\/pt\\\/\",\"logo\":{\"@type\":\"ImageObject\",\"inLanguage\":\"pt-PT\",\"@id\":\"https:\\\/\\\/drasanvi.com\\\/pt\\\/#\\\/schema\\\/logo\\\/image\\\/\",\"url\":\"https:\\\/\\\/drasanvi.com\\\/wp-content\\\/uploads\\\/sites\\\/6\\\/2021\\\/07\\\/logo-drasanvi.png\",\"contentUrl\":\"https:\\\/\\\/drasanvi.com\\\/wp-content\\\/uploads\\\/sites\\\/6\\\/2021\\\/07\\\/logo-drasanvi.png\",\"width\":900,\"height\":300,\"caption\":\"Drasanvi\"},\"image\":{\"@id\":\"https:\\\/\\\/drasanvi.com\\\/pt\\\/#\\\/schema\\\/logo\\\/image\\\/\"}}]}<\/script>\n<!-- \/ Yoast SEO plugin. -->","yoast_head_json":{"title":"Sintox 150ml - Drasanvi Portugal","robots":{"index":"index","follow":"follow","max-snippet":"max-snippet:-1","max-image-preview":"max-image-preview:large","max-video-preview":"max-video-preview:-1"},"canonical":"https:\/\/drasanvi.com\/pt\/producto\/sintox-150ml\/","og_locale":"pt_PT","og_type":"article","og_title":"Sintox 150ml - Drasanvi Portugal","og_description":"Sintox \u00e9 um suplemento alimentar \u00e0 base de Pr\u00f3polis. Utilizando um Pr\u00f3polis de primeira qualidade e acrescentado em forma de extrato podemos garantir cerca de 12% em Galangina (bioflavon\u00f3ide). O Pr\u00f3polis \u00e9 uma subst\u00e2ncia elaborada pelas abelhas a partir de componentes resinosos das plantas. Formado por resinas, b\u00e1lsamos, \u00f3leos essenciais e mat\u00e9ria org\u00e1nica onde se destaca os flavon\u00f3ides como a galangina e a quercitina. Podemos encontrar ainda uma excelente mistura de extratos vegetais: B\u00e1lsamo do Per\u00fa, Pinheiro, Llant\u00e9n, Drosera, Malva e Eucalipto. Sintox est\u00e1 enriquecido com Vitamina C, Cobre, Zinco e Mangan\u00e9sio que contribuem para o correto funcionamento do sistema imunit\u00e1rio.Ficha t\u00e9cnica","og_url":"https:\/\/drasanvi.com\/pt\/producto\/sintox-150ml\/","og_site_name":"Drasanvi Portugal","article_modified_time":"2023-08-11T13:41:09+00:00","og_image":[{"width":1000,"height":1000,"url":"https:\/\/drasanvi.com\/pt\/wp-content\/uploads\/sites\/6\/2022\/04\/032050178.png","type":"image\/png"}],"twitter_card":"summary_large_image","schema":{"@context":"https:\/\/schema.org","@graph":[{"@type":"WebPage","@id":"https:\/\/drasanvi.com\/pt\/producto\/sintox-150ml\/","url":"https:\/\/drasanvi.com\/pt\/producto\/sintox-150ml\/","name":"Sintox 150ml - Drasanvi Portugal","isPartOf":{"@id":"https:\/\/drasanvi.com\/pt\/#website"},"primaryImageOfPage":{"@id":"https:\/\/drasanvi.com\/pt\/producto\/sintox-150ml\/#primaryimage"},"image":{"@id":"https:\/\/drasanvi.com\/pt\/producto\/sintox-150ml\/#primaryimage"},"thumbnailUrl":"https:\/\/drasanvi.com\/pt\/wp-content\/uploads\/sites\/6\/2022\/04\/032050178.png","datePublished":"2022-04-29T08:13:53+00:00","dateModified":"2023-08-11T13:41:09+00:00","breadcrumb":{"@id":"https:\/\/drasanvi.com\/pt\/producto\/sintox-150ml\/#breadcrumb"},"inLanguage":"pt-PT","potentialAction":[{"@type":"ReadAction","target":["https:\/\/drasanvi.com\/pt\/producto\/sintox-150ml\/"]}]},{"@type":"ImageObject","inLanguage":"pt-PT","@id":"https:\/\/drasanvi.com\/pt\/producto\/sintox-150ml\/#primaryimage","url":"https:\/\/drasanvi.com\/pt\/wp-content\/uploads\/sites\/6\/2022\/04\/032050178.png","contentUrl":"https:\/\/drasanvi.com\/pt\/wp-content\/uploads\/sites\/6\/2022\/04\/032050178.png","width":1000,"height":1000},{"@type":"BreadcrumbList","@id":"https:\/\/drasanvi.com\/pt\/producto\/sintox-150ml\/#breadcrumb","itemListElement":[{"@type":"ListItem","position":1,"name":"Portada","item":"https:\/\/drasanvi.com\/pt\/"},{"@type":"ListItem","position":2,"name":"Tienda","item":"https:\/\/drasanvi.com\/pt\/tienda\/"},{"@type":"ListItem","position":3,"name":"Sintox 150ml"}]},{"@type":"WebSite","@id":"https:\/\/drasanvi.com\/pt\/#website","url":"https:\/\/drasanvi.com\/pt\/","name":"Drasanvi Portugal","description":"L\u00edder en complementos alimenticios y cosm\u00e9tica natural.","publisher":{"@id":"https:\/\/drasanvi.com\/pt\/#organization"},"potentialAction":[{"@type":"SearchAction","target":{"@type":"EntryPoint","urlTemplate":"https:\/\/drasanvi.com\/pt\/?s={search_term_string}"},"query-input":{"@type":"PropertyValueSpecification","valueRequired":true,"valueName":"search_term_string"}}],"inLanguage":"pt-PT"},{"@type":"Organization","@id":"https:\/\/drasanvi.com\/pt\/#organization","name":"Drasanvi","url":"https:\/\/drasanvi.com\/pt\/","logo":{"@type":"ImageObject","inLanguage":"pt-PT","@id":"https:\/\/drasanvi.com\/pt\/#\/schema\/logo\/image\/","url":"https:\/\/drasanvi.com\/wp-content\/uploads\/sites\/6\/2021\/07\/logo-drasanvi.png","contentUrl":"https:\/\/drasanvi.com\/wp-content\/uploads\/sites\/6\/2021\/07\/logo-drasanvi.png","width":900,"height":300,"caption":"Drasanvi"},"image":{"@id":"https:\/\/drasanvi.com\/pt\/#\/schema\/logo\/image\/"}}]}},"_links":{"self":[{"href":"https:\/\/drasanvi.com\/pt\/wp-json\/wp\/v2\/product\/23765","targetHints":{"allow":["GET"]}}],"collection":[{"href":"https:\/\/drasanvi.com\/pt\/wp-json\/wp\/v2\/product"}],"about":[{"href":"https:\/\/drasanvi.com\/pt\/wp-json\/wp\/v2\/types\/product"}],"version-history":[{"count":0,"href":"https:\/\/drasanvi.com\/pt\/wp-json\/wp\/v2\/product\/23765\/revisions"}],"wp:featuredmedia":[{"embeddable":true,"href":"https:\/\/drasanvi.com\/pt\/wp-json\/wp\/v2\/media\/23767"}],"wp:attachment":[{"href":"https:\/\/drasanvi.com\/pt\/wp-json\/wp\/v2\/media?parent=23765"}],"wp:term":[{"taxonomy":"product_cat","embeddable":true,"href":"https:\/\/drasanvi.com\/pt\/wp-json\/wp\/v2\/product_cat?post=23765"},{"taxonomy":"product_tag","embeddable":true,"href":"https:\/\/drasanvi.com\/pt\/wp-json\/wp\/v2\/product_tag?post=23765"}],"curies":[{"name":"wp","href":"https:\/\/api.w.org\/{rel}","templated":true}]}}