{"id":23757,"date":"2022-04-29T10:13:53","date_gmt":"2022-04-29T08:13:53","guid":{"rendered":"https:\/\/drasanvi.com\/pt\/producto\/gel-intimo-drasanvi-300ml\/"},"modified":"2023-08-11T15:40:51","modified_gmt":"2023-08-11T13:40:51","slug":"gel-intimo-drasanvi-300ml","status":"publish","type":"product","link":"https:\/\/drasanvi.com\/pt\/producto\/gel-intimo-drasanvi-300ml\/","title":{"rendered":"Gel \u00edntimo Drasanvi 300ml"},"content":{"rendered":"<p>O <strong>gel \u00edntimo<\/strong> da Drasanvi \u00e9 constitu\u00eddo por uma formula\u00e7\u00e3o \u00e0 base de Aloe Vera ecol\u00f3gico, extracto de Cal\u00eandula ecol\u00f3gico, extracto de Oliveira ecol\u00f3gico, \u00f3leo essencial de \u00c1rvore de Ch\u00e1 ecol\u00f3gico, \u00f3leo essencial de Lavanda ecol\u00f3gico, \u00f3leo essencial de Ger\u00e2nio ecol\u00f3gico e extracto de Hamamelis, que refresca e nutre intensamente a pele, fornecendo um vigor extraordin\u00e1rio.\u00a0 Al\u00e9m disso, tem fun\u00e7\u00f5es calmantes, anti-bacterianas e anti-f\u00fangicas.Apresenta um pH 4.5, indicado para a zona de cuidado \u00edntimo. Tamb\u00e9m inclui na sua formula\u00e7\u00e3o prebi\u00f3ticos, que favorecem a produ\u00e7\u00e3o da flora, uma vez que a equilibra melhorando a sa\u00fade e hidrata\u00e7\u00e3o \u00edntima.<\/p>\n<h2>Ingredientes<\/h2>\n<h2>Modo de uso<\/h2>\n<p><span>Aplicar sobre a zona a limpar, previamente humedecida com \u00e1gua. Retirar com bastante \u00e1gua. Importante secar bem a zona.<\/span><\/p>\n<h2>Presentaci\u00f3n<\/h2>\n<p>Embalagem de 300 ml (10,14 fl oz)<\/p>\n<h2>Advertencias<\/h2>\n<p>Uso externo.<\/p>\n<h2>Valores nutricionales<\/h2>\n","protected":false},"excerpt":{"rendered":"<p>O <strong>gel \u00edntimo<\/strong> da Drasanvi \u00e9 constitu\u00eddo por uma formula\u00e7\u00e3o \u00e0 base de Aloe Vera ecol\u00f3gico, extracto de Cal\u00eandula ecol\u00f3gico, extracto de Oliveira ecol\u00f3gico, \u00f3leo essencial de \u00c1rvore de Ch\u00e1 ecol\u00f3gico, \u00f3leo essencial de Lavanda ecol\u00f3gico, \u00f3leo essencial de Ger\u00e2nio ecol\u00f3gico e extracto de Hamamelis, que refresca e nutre intensamente a pele, fornecendo um vigor extraordin\u00e1rio.\u00a0 Al\u00e9m disso, tem fun\u00e7\u00f5es calmantes, anti-bacterianas e anti-f\u00fangicas.Apresenta um pH 4.5, indicado para a zona de cuidado \u00edntimo. Tamb\u00e9m inclui na sua formula\u00e7\u00e3o prebi\u00f3ticos, que favorecem a produ\u00e7\u00e3o da flora, uma vez que a equilibra melhorando a sa\u00fade e hidrata\u00e7\u00e3o \u00edntima.<a id=\"boton-ficha\" href=\"https:\/\/panel.drasanvi.com\/fichas\/5\/032060634\">Ficha t\u00e9cnica<\/a><\/p>\n","protected":false},"featured_media":23325,"template":"","meta":{"inline_featured_image":false},"product_cat":[1374],"product_tag":[],"class_list":["post-23757","product","type-product","status-publish","has-post-thumbnail","hentry","product_cat-cosmetico","pa_contains-apio-no","pa_contains-peanuts-no","pa_contem-crustaceos-no","pa_contem-frutos-secos-no","pa_contem-leite-no","pa_contem-moluscos-no","pa_contem-mostarda-no","pa_contem-ovo-no","pa_contem-peixe-no","pa_contem-sesame-no","pa_contem-soja-no","pa_contiene-altramuces-no","pa_produto-bio-no","pa_produto-sem-gluten-no","pa_produto-vegan-si","pa_produto-vegetariano-no"],"yoast_head":"<!-- This site is optimized with the Yoast SEO plugin v27.5 - https:\/\/yoast.com\/product\/yoast-seo-wordpress\/ -->\n<title>Gel \u00edntimo Drasanvi 300ml - Drasanvi Portugal<\/title>\n<meta name=\"robots\" content=\"index, follow, max-snippet:-1, max-image-preview:large, max-video-preview:-1\" \/>\n<link rel=\"canonical\" href=\"https:\/\/drasanvi.com\/pt\/producto\/gel-intimo-drasanvi-300ml\/\" \/>\n<meta property=\"og:locale\" content=\"pt_PT\" \/>\n<meta property=\"og:type\" content=\"article\" \/>\n<meta property=\"og:title\" content=\"Gel \u00edntimo Drasanvi 300ml - Drasanvi Portugal\" \/>\n<meta property=\"og:description\" content=\"O gel \u00edntimo da Drasanvi \u00e9 constitu\u00eddo por uma formula\u00e7\u00e3o \u00e0 base de Aloe Vera ecol\u00f3gico, extracto de Cal\u00eandula ecol\u00f3gico, extracto de Oliveira ecol\u00f3gico, \u00f3leo essencial de \u00c1rvore de Ch\u00e1 ecol\u00f3gico, \u00f3leo essencial de Lavanda ecol\u00f3gico, \u00f3leo essencial de Ger\u00e2nio ecol\u00f3gico e extracto de Hamamelis, que refresca e nutre intensamente a pele, fornecendo um vigor extraordin\u00e1rio.\u00a0 Al\u00e9m disso, tem fun\u00e7\u00f5es calmantes, anti-bacterianas e anti-f\u00fangicas.Apresenta um pH 4.5, indicado para a zona de cuidado \u00edntimo. Tamb\u00e9m inclui na sua formula\u00e7\u00e3o prebi\u00f3ticos, que favorecem a produ\u00e7\u00e3o da flora, uma vez que a equilibra melhorando a sa\u00fade e hidrata\u00e7\u00e3o \u00edntima.Ficha t\u00e9cnica\" \/>\n<meta property=\"og:url\" content=\"https:\/\/drasanvi.com\/pt\/producto\/gel-intimo-drasanvi-300ml\/\" \/>\n<meta property=\"og:site_name\" content=\"Drasanvi Portugal\" \/>\n<meta property=\"article:modified_time\" content=\"2023-08-11T13:40:51+00:00\" \/>\n<meta property=\"og:image\" content=\"https:\/\/drasanvi.com\/pt\/wp-content\/uploads\/sites\/6\/2022\/04\/032060634.png\" \/>\n\t<meta property=\"og:image:width\" content=\"1000\" \/>\n\t<meta property=\"og:image:height\" content=\"1000\" \/>\n\t<meta property=\"og:image:type\" content=\"image\/png\" \/>\n<meta name=\"twitter:card\" content=\"summary_large_image\" \/>\n<script type=\"application\/ld+json\" class=\"yoast-schema-graph\">{\"@context\":\"https:\\\/\\\/schema.org\",\"@graph\":[{\"@type\":\"WebPage\",\"@id\":\"https:\\\/\\\/drasanvi.com\\\/pt\\\/producto\\\/gel-intimo-drasanvi-300ml\\\/\",\"url\":\"https:\\\/\\\/drasanvi.com\\\/pt\\\/producto\\\/gel-intimo-drasanvi-300ml\\\/\",\"name\":\"Gel \u00edntimo Drasanvi 300ml - Drasanvi Portugal\",\"isPartOf\":{\"@id\":\"https:\\\/\\\/drasanvi.com\\\/pt\\\/#website\"},\"primaryImageOfPage\":{\"@id\":\"https:\\\/\\\/drasanvi.com\\\/pt\\\/producto\\\/gel-intimo-drasanvi-300ml\\\/#primaryimage\"},\"image\":{\"@id\":\"https:\\\/\\\/drasanvi.com\\\/pt\\\/producto\\\/gel-intimo-drasanvi-300ml\\\/#primaryimage\"},\"thumbnailUrl\":\"https:\\\/\\\/drasanvi.com\\\/pt\\\/wp-content\\\/uploads\\\/sites\\\/6\\\/2022\\\/04\\\/032060634.png\",\"datePublished\":\"2022-04-29T08:13:53+00:00\",\"dateModified\":\"2023-08-11T13:40:51+00:00\",\"breadcrumb\":{\"@id\":\"https:\\\/\\\/drasanvi.com\\\/pt\\\/producto\\\/gel-intimo-drasanvi-300ml\\\/#breadcrumb\"},\"inLanguage\":\"pt-PT\",\"potentialAction\":[{\"@type\":\"ReadAction\",\"target\":[\"https:\\\/\\\/drasanvi.com\\\/pt\\\/producto\\\/gel-intimo-drasanvi-300ml\\\/\"]}]},{\"@type\":\"ImageObject\",\"inLanguage\":\"pt-PT\",\"@id\":\"https:\\\/\\\/drasanvi.com\\\/pt\\\/producto\\\/gel-intimo-drasanvi-300ml\\\/#primaryimage\",\"url\":\"https:\\\/\\\/drasanvi.com\\\/pt\\\/wp-content\\\/uploads\\\/sites\\\/6\\\/2022\\\/04\\\/032060634.png\",\"contentUrl\":\"https:\\\/\\\/drasanvi.com\\\/pt\\\/wp-content\\\/uploads\\\/sites\\\/6\\\/2022\\\/04\\\/032060634.png\",\"width\":1000,\"height\":1000},{\"@type\":\"BreadcrumbList\",\"@id\":\"https:\\\/\\\/drasanvi.com\\\/pt\\\/producto\\\/gel-intimo-drasanvi-300ml\\\/#breadcrumb\",\"itemListElement\":[{\"@type\":\"ListItem\",\"position\":1,\"name\":\"Portada\",\"item\":\"https:\\\/\\\/drasanvi.com\\\/pt\\\/\"},{\"@type\":\"ListItem\",\"position\":2,\"name\":\"Tienda\",\"item\":\"https:\\\/\\\/drasanvi.com\\\/pt\\\/tienda\\\/\"},{\"@type\":\"ListItem\",\"position\":3,\"name\":\"Gel \u00edntimo Drasanvi 300ml\"}]},{\"@type\":\"WebSite\",\"@id\":\"https:\\\/\\\/drasanvi.com\\\/pt\\\/#website\",\"url\":\"https:\\\/\\\/drasanvi.com\\\/pt\\\/\",\"name\":\"Drasanvi Portugal\",\"description\":\"L\u00edder en complementos alimenticios y cosm\u00e9tica natural.\",\"publisher\":{\"@id\":\"https:\\\/\\\/drasanvi.com\\\/pt\\\/#organization\"},\"potentialAction\":[{\"@type\":\"SearchAction\",\"target\":{\"@type\":\"EntryPoint\",\"urlTemplate\":\"https:\\\/\\\/drasanvi.com\\\/pt\\\/?s={search_term_string}\"},\"query-input\":{\"@type\":\"PropertyValueSpecification\",\"valueRequired\":true,\"valueName\":\"search_term_string\"}}],\"inLanguage\":\"pt-PT\"},{\"@type\":\"Organization\",\"@id\":\"https:\\\/\\\/drasanvi.com\\\/pt\\\/#organization\",\"name\":\"Drasanvi\",\"url\":\"https:\\\/\\\/drasanvi.com\\\/pt\\\/\",\"logo\":{\"@type\":\"ImageObject\",\"inLanguage\":\"pt-PT\",\"@id\":\"https:\\\/\\\/drasanvi.com\\\/pt\\\/#\\\/schema\\\/logo\\\/image\\\/\",\"url\":\"https:\\\/\\\/drasanvi.com\\\/wp-content\\\/uploads\\\/sites\\\/6\\\/2021\\\/07\\\/logo-drasanvi.png\",\"contentUrl\":\"https:\\\/\\\/drasanvi.com\\\/wp-content\\\/uploads\\\/sites\\\/6\\\/2021\\\/07\\\/logo-drasanvi.png\",\"width\":900,\"height\":300,\"caption\":\"Drasanvi\"},\"image\":{\"@id\":\"https:\\\/\\\/drasanvi.com\\\/pt\\\/#\\\/schema\\\/logo\\\/image\\\/\"}}]}<\/script>\n<!-- \/ Yoast SEO plugin. -->","yoast_head_json":{"title":"Gel \u00edntimo Drasanvi 300ml - Drasanvi Portugal","robots":{"index":"index","follow":"follow","max-snippet":"max-snippet:-1","max-image-preview":"max-image-preview:large","max-video-preview":"max-video-preview:-1"},"canonical":"https:\/\/drasanvi.com\/pt\/producto\/gel-intimo-drasanvi-300ml\/","og_locale":"pt_PT","og_type":"article","og_title":"Gel \u00edntimo Drasanvi 300ml - Drasanvi Portugal","og_description":"O gel \u00edntimo da Drasanvi \u00e9 constitu\u00eddo por uma formula\u00e7\u00e3o \u00e0 base de Aloe Vera ecol\u00f3gico, extracto de Cal\u00eandula ecol\u00f3gico, extracto de Oliveira ecol\u00f3gico, \u00f3leo essencial de \u00c1rvore de Ch\u00e1 ecol\u00f3gico, \u00f3leo essencial de Lavanda ecol\u00f3gico, \u00f3leo essencial de Ger\u00e2nio ecol\u00f3gico e extracto de Hamamelis, que refresca e nutre intensamente a pele, fornecendo um vigor extraordin\u00e1rio.\u00a0 Al\u00e9m disso, tem fun\u00e7\u00f5es calmantes, anti-bacterianas e anti-f\u00fangicas.Apresenta um pH 4.5, indicado para a zona de cuidado \u00edntimo. Tamb\u00e9m inclui na sua formula\u00e7\u00e3o prebi\u00f3ticos, que favorecem a produ\u00e7\u00e3o da flora, uma vez que a equilibra melhorando a sa\u00fade e hidrata\u00e7\u00e3o \u00edntima.Ficha t\u00e9cnica","og_url":"https:\/\/drasanvi.com\/pt\/producto\/gel-intimo-drasanvi-300ml\/","og_site_name":"Drasanvi Portugal","article_modified_time":"2023-08-11T13:40:51+00:00","og_image":[{"width":1000,"height":1000,"url":"https:\/\/drasanvi.com\/pt\/wp-content\/uploads\/sites\/6\/2022\/04\/032060634.png","type":"image\/png"}],"twitter_card":"summary_large_image","schema":{"@context":"https:\/\/schema.org","@graph":[{"@type":"WebPage","@id":"https:\/\/drasanvi.com\/pt\/producto\/gel-intimo-drasanvi-300ml\/","url":"https:\/\/drasanvi.com\/pt\/producto\/gel-intimo-drasanvi-300ml\/","name":"Gel \u00edntimo Drasanvi 300ml - Drasanvi Portugal","isPartOf":{"@id":"https:\/\/drasanvi.com\/pt\/#website"},"primaryImageOfPage":{"@id":"https:\/\/drasanvi.com\/pt\/producto\/gel-intimo-drasanvi-300ml\/#primaryimage"},"image":{"@id":"https:\/\/drasanvi.com\/pt\/producto\/gel-intimo-drasanvi-300ml\/#primaryimage"},"thumbnailUrl":"https:\/\/drasanvi.com\/pt\/wp-content\/uploads\/sites\/6\/2022\/04\/032060634.png","datePublished":"2022-04-29T08:13:53+00:00","dateModified":"2023-08-11T13:40:51+00:00","breadcrumb":{"@id":"https:\/\/drasanvi.com\/pt\/producto\/gel-intimo-drasanvi-300ml\/#breadcrumb"},"inLanguage":"pt-PT","potentialAction":[{"@type":"ReadAction","target":["https:\/\/drasanvi.com\/pt\/producto\/gel-intimo-drasanvi-300ml\/"]}]},{"@type":"ImageObject","inLanguage":"pt-PT","@id":"https:\/\/drasanvi.com\/pt\/producto\/gel-intimo-drasanvi-300ml\/#primaryimage","url":"https:\/\/drasanvi.com\/pt\/wp-content\/uploads\/sites\/6\/2022\/04\/032060634.png","contentUrl":"https:\/\/drasanvi.com\/pt\/wp-content\/uploads\/sites\/6\/2022\/04\/032060634.png","width":1000,"height":1000},{"@type":"BreadcrumbList","@id":"https:\/\/drasanvi.com\/pt\/producto\/gel-intimo-drasanvi-300ml\/#breadcrumb","itemListElement":[{"@type":"ListItem","position":1,"name":"Portada","item":"https:\/\/drasanvi.com\/pt\/"},{"@type":"ListItem","position":2,"name":"Tienda","item":"https:\/\/drasanvi.com\/pt\/tienda\/"},{"@type":"ListItem","position":3,"name":"Gel \u00edntimo Drasanvi 300ml"}]},{"@type":"WebSite","@id":"https:\/\/drasanvi.com\/pt\/#website","url":"https:\/\/drasanvi.com\/pt\/","name":"Drasanvi Portugal","description":"L\u00edder en complementos alimenticios y cosm\u00e9tica natural.","publisher":{"@id":"https:\/\/drasanvi.com\/pt\/#organization"},"potentialAction":[{"@type":"SearchAction","target":{"@type":"EntryPoint","urlTemplate":"https:\/\/drasanvi.com\/pt\/?s={search_term_string}"},"query-input":{"@type":"PropertyValueSpecification","valueRequired":true,"valueName":"search_term_string"}}],"inLanguage":"pt-PT"},{"@type":"Organization","@id":"https:\/\/drasanvi.com\/pt\/#organization","name":"Drasanvi","url":"https:\/\/drasanvi.com\/pt\/","logo":{"@type":"ImageObject","inLanguage":"pt-PT","@id":"https:\/\/drasanvi.com\/pt\/#\/schema\/logo\/image\/","url":"https:\/\/drasanvi.com\/wp-content\/uploads\/sites\/6\/2021\/07\/logo-drasanvi.png","contentUrl":"https:\/\/drasanvi.com\/wp-content\/uploads\/sites\/6\/2021\/07\/logo-drasanvi.png","width":900,"height":300,"caption":"Drasanvi"},"image":{"@id":"https:\/\/drasanvi.com\/pt\/#\/schema\/logo\/image\/"}}]}},"_links":{"self":[{"href":"https:\/\/drasanvi.com\/pt\/wp-json\/wp\/v2\/product\/23757","targetHints":{"allow":["GET"]}}],"collection":[{"href":"https:\/\/drasanvi.com\/pt\/wp-json\/wp\/v2\/product"}],"about":[{"href":"https:\/\/drasanvi.com\/pt\/wp-json\/wp\/v2\/types\/product"}],"version-history":[{"count":0,"href":"https:\/\/drasanvi.com\/pt\/wp-json\/wp\/v2\/product\/23757\/revisions"}],"wp:featuredmedia":[{"embeddable":true,"href":"https:\/\/drasanvi.com\/pt\/wp-json\/wp\/v2\/media\/23325"}],"wp:attachment":[{"href":"https:\/\/drasanvi.com\/pt\/wp-json\/wp\/v2\/media?parent=23757"}],"wp:term":[{"taxonomy":"product_cat","embeddable":true,"href":"https:\/\/drasanvi.com\/pt\/wp-json\/wp\/v2\/product_cat?post=23757"},{"taxonomy":"product_tag","embeddable":true,"href":"https:\/\/drasanvi.com\/pt\/wp-json\/wp\/v2\/product_tag?post=23757"}],"curies":[{"name":"wp","href":"https:\/\/api.w.org\/{rel}","templated":true}]}}