{"id":23748,"date":"2022-04-29T10:12:58","date_gmt":"2022-04-29T08:12:58","guid":{"rendered":"https:\/\/drasanvi.com\/pt\/producto\/gel-aloe-vera-400-ml\/"},"modified":"2023-08-11T15:40:50","modified_gmt":"2023-08-11T13:40:50","slug":"gel-aloe-vera-400-ml","status":"publish","type":"product","link":"https:\/\/drasanvi.com\/pt\/producto\/gel-aloe-vera-400-ml\/","title":{"rendered":"Gel Aloe Vera 400 ml"},"content":{"rendered":"<p><span>O Gel de Aloe Vera da Drasanvi \u00e9 um cosm\u00e9tico natural com propriedades nutritivas, calmantes, cicatrizantes e bactericidas. Entre os principais beneficios do Aloe Vera encontra-se a sua grande capacidade para estimular a renova\u00e7\u00e3o celular, ao mesmo tempo que hidrata e acalma intensamente as peles secas ou castigadas pelo sol, depila\u00e7\u00e3o laser, gretadas ou qualquer tipo de irrita\u00e7\u00e3o cut\u00e2nea.<\/span><\/p>\n<p><span>Gra\u00e7as a vitamina E potencia o seu efeito regenerador, restaurando e mantendo a hidrata\u00e7\u00e3o natural da pele, ativando a s\u00edntese de colag\u00e9nio e melhorando a sua firmeza.<\/span><\/p>\n<p><span>Desta forma, a pele est\u00e1 protegida, hidratada e parece visivelmente mais jovem. \u00c9 ideal para peles secas e sens\u00edveis.<\/span><\/p>\n<p><span>Apresenta-se em formato Airless para evitar que o gel entre em contato com o ar, com a finalidade de preservar todas a qualidades dos seus ingredientes ativos.<\/span><\/p>\n<h2>Ingredientes<\/h2>\n<h2>Modo de uso<\/h2>\n<p>Aplicar diretamente sobre a pele limpa, com uma ligeira massagem at\u00e9 a sua total absor\u00e7\u00e3o e voltar a realizar esta opera\u00e7\u00e3o tantas vezes quanto necess\u00e1rio.<\/p>\n<h2>Presentaci\u00f3n<\/h2>\n<p>Embalagem airless de 400ml (14fl oz)<\/p>\n<h2>Advertencias<\/h2>\n<p>Produto cosm\u00e9tico. Uso externo. N\u00e3o ingerir. Evitar o contacto direto com os olhos. Manter afastado do alcance das crian\u00e7as. Conservar num local seco e fresco.<\/p>\n<h2>Valores nutricionales<\/h2>\n","protected":false},"excerpt":{"rendered":"<p><span>O Gel de Aloe Vera da Drasanvi \u00e9 um cosm\u00e9tico natural com propriedades nutritivas, calmantes, cicatrizantes e bactericidas. Entre os principais beneficios do Aloe Vera encontra-se a sua grande capacidade para estimular a renova\u00e7\u00e3o celular, ao mesmo tempo que hidrata e acalma intensamente as peles secas ou castigadas pelo sol, depila\u00e7\u00e3o laser, gretadas ou qualquer tipo de irrita\u00e7\u00e3o cut\u00e2nea.<\/span><\/p>\n<p><span>Gra\u00e7as a vitamina E potencia o seu efeito regenerador, restaurando e mantendo a hidrata\u00e7\u00e3o natural da pele, ativando a s\u00edntese de colag\u00e9nio e melhorando a sua firmeza.<\/span><\/p>\n<p><span>Desta forma, a pele est\u00e1 protegida, hidratada e parece visivelmente mais jovem. \u00c9 ideal para peles secas e sens\u00edveis.<\/span><\/p>\n<p><span>Apresenta-se em formato Airless para evitar que o gel entre em contato com o ar, com a finalidade de preservar todas a qualidades dos seus ingredientes ativos.<\/span><\/p>\n<p><a id=\"boton-ficha\" href=\"https:\/\/panel.drasanvi.com\/fichas\/5\/032060100\">Ficha t\u00e9cnica<\/a><\/p>\n","protected":false},"featured_media":23750,"template":"","meta":{"inline_featured_image":false},"product_cat":[1374],"product_tag":[],"class_list":["post-23748","product","type-product","status-publish","has-post-thumbnail","hentry","product_cat-cosmetico","pa_contains-apio-no","pa_contains-peanuts-no","pa_contem-crustaceos-no","pa_contem-frutos-secos-no","pa_contem-leite-no","pa_contem-moluscos-no","pa_contem-mostarda-no","pa_contem-ovo-no","pa_contem-peixe-no","pa_contem-sesame-no","pa_contem-soja-no","pa_contiene-altramuces-no","pa_produto-bio-no","pa_produto-sem-gluten-no","pa_produto-vegan-si","pa_produto-vegetariano-no"],"yoast_head":"<!-- This site is optimized with the Yoast SEO plugin v27.5 - https:\/\/yoast.com\/product\/yoast-seo-wordpress\/ -->\n<title>Gel Aloe Vera 400 ml - Drasanvi Portugal<\/title>\n<meta name=\"robots\" content=\"index, follow, max-snippet:-1, max-image-preview:large, max-video-preview:-1\" \/>\n<link rel=\"canonical\" href=\"https:\/\/drasanvi.com\/pt\/producto\/gel-aloe-vera-400-ml\/\" \/>\n<meta property=\"og:locale\" content=\"pt_PT\" \/>\n<meta property=\"og:type\" content=\"article\" \/>\n<meta property=\"og:title\" content=\"Gel Aloe Vera 400 ml - Drasanvi Portugal\" \/>\n<meta property=\"og:description\" content=\"O Gel de Aloe Vera da Drasanvi \u00e9 um cosm\u00e9tico natural com propriedades nutritivas, calmantes, cicatrizantes e bactericidas. Entre os principais beneficios do Aloe Vera encontra-se a sua grande capacidade para estimular a renova\u00e7\u00e3o celular, ao mesmo tempo que hidrata e acalma intensamente as peles secas ou castigadas pelo sol, depila\u00e7\u00e3o laser, gretadas ou qualquer tipo de irrita\u00e7\u00e3o cut\u00e2nea.Gra\u00e7as a vitamina E potencia o seu efeito regenerador, restaurando e mantendo a hidrata\u00e7\u00e3o natural da pele, ativando a s\u00edntese de colag\u00e9nio e melhorando a sua firmeza.Desta forma, a pele est\u00e1 protegida, hidratada e parece visivelmente mais jovem. \u00c9 ideal para peles secas e sens\u00edveis.Apresenta-se em formato Airless para evitar que o gel entre em contato com o ar, com a finalidade de preservar todas a qualidades dos seus ingredientes ativos.Ficha t\u00e9cnica\" \/>\n<meta property=\"og:url\" content=\"https:\/\/drasanvi.com\/pt\/producto\/gel-aloe-vera-400-ml\/\" \/>\n<meta property=\"og:site_name\" content=\"Drasanvi Portugal\" \/>\n<meta property=\"article:modified_time\" content=\"2023-08-11T13:40:50+00:00\" \/>\n<meta property=\"og:image\" content=\"https:\/\/drasanvi.com\/pt\/wp-content\/uploads\/sites\/6\/2022\/04\/032060100.png\" \/>\n\t<meta property=\"og:image:width\" content=\"1000\" \/>\n\t<meta property=\"og:image:height\" content=\"1000\" \/>\n\t<meta property=\"og:image:type\" content=\"image\/png\" \/>\n<meta name=\"twitter:card\" content=\"summary_large_image\" \/>\n<script type=\"application\/ld+json\" class=\"yoast-schema-graph\">{\"@context\":\"https:\\\/\\\/schema.org\",\"@graph\":[{\"@type\":\"WebPage\",\"@id\":\"https:\\\/\\\/drasanvi.com\\\/pt\\\/producto\\\/gel-aloe-vera-400-ml\\\/\",\"url\":\"https:\\\/\\\/drasanvi.com\\\/pt\\\/producto\\\/gel-aloe-vera-400-ml\\\/\",\"name\":\"Gel Aloe Vera 400 ml - Drasanvi Portugal\",\"isPartOf\":{\"@id\":\"https:\\\/\\\/drasanvi.com\\\/pt\\\/#website\"},\"primaryImageOfPage\":{\"@id\":\"https:\\\/\\\/drasanvi.com\\\/pt\\\/producto\\\/gel-aloe-vera-400-ml\\\/#primaryimage\"},\"image\":{\"@id\":\"https:\\\/\\\/drasanvi.com\\\/pt\\\/producto\\\/gel-aloe-vera-400-ml\\\/#primaryimage\"},\"thumbnailUrl\":\"https:\\\/\\\/drasanvi.com\\\/pt\\\/wp-content\\\/uploads\\\/sites\\\/6\\\/2022\\\/04\\\/032060100.png\",\"datePublished\":\"2022-04-29T08:12:58+00:00\",\"dateModified\":\"2023-08-11T13:40:50+00:00\",\"breadcrumb\":{\"@id\":\"https:\\\/\\\/drasanvi.com\\\/pt\\\/producto\\\/gel-aloe-vera-400-ml\\\/#breadcrumb\"},\"inLanguage\":\"pt-PT\",\"potentialAction\":[{\"@type\":\"ReadAction\",\"target\":[\"https:\\\/\\\/drasanvi.com\\\/pt\\\/producto\\\/gel-aloe-vera-400-ml\\\/\"]}]},{\"@type\":\"ImageObject\",\"inLanguage\":\"pt-PT\",\"@id\":\"https:\\\/\\\/drasanvi.com\\\/pt\\\/producto\\\/gel-aloe-vera-400-ml\\\/#primaryimage\",\"url\":\"https:\\\/\\\/drasanvi.com\\\/pt\\\/wp-content\\\/uploads\\\/sites\\\/6\\\/2022\\\/04\\\/032060100.png\",\"contentUrl\":\"https:\\\/\\\/drasanvi.com\\\/pt\\\/wp-content\\\/uploads\\\/sites\\\/6\\\/2022\\\/04\\\/032060100.png\",\"width\":1000,\"height\":1000},{\"@type\":\"BreadcrumbList\",\"@id\":\"https:\\\/\\\/drasanvi.com\\\/pt\\\/producto\\\/gel-aloe-vera-400-ml\\\/#breadcrumb\",\"itemListElement\":[{\"@type\":\"ListItem\",\"position\":1,\"name\":\"Portada\",\"item\":\"https:\\\/\\\/drasanvi.com\\\/pt\\\/\"},{\"@type\":\"ListItem\",\"position\":2,\"name\":\"Tienda\",\"item\":\"https:\\\/\\\/drasanvi.com\\\/pt\\\/tienda\\\/\"},{\"@type\":\"ListItem\",\"position\":3,\"name\":\"Gel Aloe Vera 400 ml\"}]},{\"@type\":\"WebSite\",\"@id\":\"https:\\\/\\\/drasanvi.com\\\/pt\\\/#website\",\"url\":\"https:\\\/\\\/drasanvi.com\\\/pt\\\/\",\"name\":\"Drasanvi Portugal\",\"description\":\"L\u00edder en complementos alimenticios y cosm\u00e9tica natural.\",\"publisher\":{\"@id\":\"https:\\\/\\\/drasanvi.com\\\/pt\\\/#organization\"},\"potentialAction\":[{\"@type\":\"SearchAction\",\"target\":{\"@type\":\"EntryPoint\",\"urlTemplate\":\"https:\\\/\\\/drasanvi.com\\\/pt\\\/?s={search_term_string}\"},\"query-input\":{\"@type\":\"PropertyValueSpecification\",\"valueRequired\":true,\"valueName\":\"search_term_string\"}}],\"inLanguage\":\"pt-PT\"},{\"@type\":\"Organization\",\"@id\":\"https:\\\/\\\/drasanvi.com\\\/pt\\\/#organization\",\"name\":\"Drasanvi\",\"url\":\"https:\\\/\\\/drasanvi.com\\\/pt\\\/\",\"logo\":{\"@type\":\"ImageObject\",\"inLanguage\":\"pt-PT\",\"@id\":\"https:\\\/\\\/drasanvi.com\\\/pt\\\/#\\\/schema\\\/logo\\\/image\\\/\",\"url\":\"https:\\\/\\\/drasanvi.com\\\/wp-content\\\/uploads\\\/sites\\\/6\\\/2021\\\/07\\\/logo-drasanvi.png\",\"contentUrl\":\"https:\\\/\\\/drasanvi.com\\\/wp-content\\\/uploads\\\/sites\\\/6\\\/2021\\\/07\\\/logo-drasanvi.png\",\"width\":900,\"height\":300,\"caption\":\"Drasanvi\"},\"image\":{\"@id\":\"https:\\\/\\\/drasanvi.com\\\/pt\\\/#\\\/schema\\\/logo\\\/image\\\/\"}}]}<\/script>\n<!-- \/ Yoast SEO plugin. -->","yoast_head_json":{"title":"Gel Aloe Vera 400 ml - Drasanvi Portugal","robots":{"index":"index","follow":"follow","max-snippet":"max-snippet:-1","max-image-preview":"max-image-preview:large","max-video-preview":"max-video-preview:-1"},"canonical":"https:\/\/drasanvi.com\/pt\/producto\/gel-aloe-vera-400-ml\/","og_locale":"pt_PT","og_type":"article","og_title":"Gel Aloe Vera 400 ml - Drasanvi Portugal","og_description":"O Gel de Aloe Vera da Drasanvi \u00e9 um cosm\u00e9tico natural com propriedades nutritivas, calmantes, cicatrizantes e bactericidas. Entre os principais beneficios do Aloe Vera encontra-se a sua grande capacidade para estimular a renova\u00e7\u00e3o celular, ao mesmo tempo que hidrata e acalma intensamente as peles secas ou castigadas pelo sol, depila\u00e7\u00e3o laser, gretadas ou qualquer tipo de irrita\u00e7\u00e3o cut\u00e2nea.Gra\u00e7as a vitamina E potencia o seu efeito regenerador, restaurando e mantendo a hidrata\u00e7\u00e3o natural da pele, ativando a s\u00edntese de colag\u00e9nio e melhorando a sua firmeza.Desta forma, a pele est\u00e1 protegida, hidratada e parece visivelmente mais jovem. \u00c9 ideal para peles secas e sens\u00edveis.Apresenta-se em formato Airless para evitar que o gel entre em contato com o ar, com a finalidade de preservar todas a qualidades dos seus ingredientes ativos.Ficha t\u00e9cnica","og_url":"https:\/\/drasanvi.com\/pt\/producto\/gel-aloe-vera-400-ml\/","og_site_name":"Drasanvi Portugal","article_modified_time":"2023-08-11T13:40:50+00:00","og_image":[{"width":1000,"height":1000,"url":"https:\/\/drasanvi.com\/pt\/wp-content\/uploads\/sites\/6\/2022\/04\/032060100.png","type":"image\/png"}],"twitter_card":"summary_large_image","schema":{"@context":"https:\/\/schema.org","@graph":[{"@type":"WebPage","@id":"https:\/\/drasanvi.com\/pt\/producto\/gel-aloe-vera-400-ml\/","url":"https:\/\/drasanvi.com\/pt\/producto\/gel-aloe-vera-400-ml\/","name":"Gel Aloe Vera 400 ml - Drasanvi Portugal","isPartOf":{"@id":"https:\/\/drasanvi.com\/pt\/#website"},"primaryImageOfPage":{"@id":"https:\/\/drasanvi.com\/pt\/producto\/gel-aloe-vera-400-ml\/#primaryimage"},"image":{"@id":"https:\/\/drasanvi.com\/pt\/producto\/gel-aloe-vera-400-ml\/#primaryimage"},"thumbnailUrl":"https:\/\/drasanvi.com\/pt\/wp-content\/uploads\/sites\/6\/2022\/04\/032060100.png","datePublished":"2022-04-29T08:12:58+00:00","dateModified":"2023-08-11T13:40:50+00:00","breadcrumb":{"@id":"https:\/\/drasanvi.com\/pt\/producto\/gel-aloe-vera-400-ml\/#breadcrumb"},"inLanguage":"pt-PT","potentialAction":[{"@type":"ReadAction","target":["https:\/\/drasanvi.com\/pt\/producto\/gel-aloe-vera-400-ml\/"]}]},{"@type":"ImageObject","inLanguage":"pt-PT","@id":"https:\/\/drasanvi.com\/pt\/producto\/gel-aloe-vera-400-ml\/#primaryimage","url":"https:\/\/drasanvi.com\/pt\/wp-content\/uploads\/sites\/6\/2022\/04\/032060100.png","contentUrl":"https:\/\/drasanvi.com\/pt\/wp-content\/uploads\/sites\/6\/2022\/04\/032060100.png","width":1000,"height":1000},{"@type":"BreadcrumbList","@id":"https:\/\/drasanvi.com\/pt\/producto\/gel-aloe-vera-400-ml\/#breadcrumb","itemListElement":[{"@type":"ListItem","position":1,"name":"Portada","item":"https:\/\/drasanvi.com\/pt\/"},{"@type":"ListItem","position":2,"name":"Tienda","item":"https:\/\/drasanvi.com\/pt\/tienda\/"},{"@type":"ListItem","position":3,"name":"Gel Aloe Vera 400 ml"}]},{"@type":"WebSite","@id":"https:\/\/drasanvi.com\/pt\/#website","url":"https:\/\/drasanvi.com\/pt\/","name":"Drasanvi Portugal","description":"L\u00edder en complementos alimenticios y cosm\u00e9tica natural.","publisher":{"@id":"https:\/\/drasanvi.com\/pt\/#organization"},"potentialAction":[{"@type":"SearchAction","target":{"@type":"EntryPoint","urlTemplate":"https:\/\/drasanvi.com\/pt\/?s={search_term_string}"},"query-input":{"@type":"PropertyValueSpecification","valueRequired":true,"valueName":"search_term_string"}}],"inLanguage":"pt-PT"},{"@type":"Organization","@id":"https:\/\/drasanvi.com\/pt\/#organization","name":"Drasanvi","url":"https:\/\/drasanvi.com\/pt\/","logo":{"@type":"ImageObject","inLanguage":"pt-PT","@id":"https:\/\/drasanvi.com\/pt\/#\/schema\/logo\/image\/","url":"https:\/\/drasanvi.com\/wp-content\/uploads\/sites\/6\/2021\/07\/logo-drasanvi.png","contentUrl":"https:\/\/drasanvi.com\/wp-content\/uploads\/sites\/6\/2021\/07\/logo-drasanvi.png","width":900,"height":300,"caption":"Drasanvi"},"image":{"@id":"https:\/\/drasanvi.com\/pt\/#\/schema\/logo\/image\/"}}]}},"_links":{"self":[{"href":"https:\/\/drasanvi.com\/pt\/wp-json\/wp\/v2\/product\/23748","targetHints":{"allow":["GET"]}}],"collection":[{"href":"https:\/\/drasanvi.com\/pt\/wp-json\/wp\/v2\/product"}],"about":[{"href":"https:\/\/drasanvi.com\/pt\/wp-json\/wp\/v2\/types\/product"}],"version-history":[{"count":0,"href":"https:\/\/drasanvi.com\/pt\/wp-json\/wp\/v2\/product\/23748\/revisions"}],"wp:featuredmedia":[{"embeddable":true,"href":"https:\/\/drasanvi.com\/pt\/wp-json\/wp\/v2\/media\/23750"}],"wp:attachment":[{"href":"https:\/\/drasanvi.com\/pt\/wp-json\/wp\/v2\/media?parent=23748"}],"wp:term":[{"taxonomy":"product_cat","embeddable":true,"href":"https:\/\/drasanvi.com\/pt\/wp-json\/wp\/v2\/product_cat?post=23748"},{"taxonomy":"product_tag","embeddable":true,"href":"https:\/\/drasanvi.com\/pt\/wp-json\/wp\/v2\/product_tag?post=23748"}],"curies":[{"name":"wp","href":"https:\/\/api.w.org\/{rel}","templated":true}]}}