{"id":23727,"date":"2022-04-29T10:12:58","date_gmt":"2022-04-29T08:12:58","guid":{"rendered":"https:\/\/drasanvi.com\/pt\/producto\/xplendor\/"},"modified":"2023-08-11T15:41:15","modified_gmt":"2023-08-11T13:41:15","slug":"xplendor","status":"publish","type":"product","link":"https:\/\/drasanvi.com\/pt\/producto\/xplendor\/","title":{"rendered":"Xplendor"},"content":{"rendered":"<p>Xplendor \u00e9 um suplemento alimentar rico em Vitaminas (13 vitaminas com 100% da Dose Di\u00e1ria Recomendada), minerais (4 minerais com 100% da Dose Di\u00e1ria Recomendada), amino\u00e1cidos e extratos vegetais ricos em princ\u00edpios ativos e \u00e1cidos gordos. A sua f\u00f3rmula contribui para a manuten\u00e7\u00e3o do cabelo e sua pigmenta\u00e7\u00e3o em condi\u00e7\u00f5es normais. Tamb\u00e9m fornece nutrientes importantes para a manuten\u00e7\u00e3o da pele em condi\u00e7\u00f5es normais.<\/p>\n<h2>Ingredientes<\/h2>\n<p>Hidroxipropilmetilcelulose<em>(Inv\u00f3lucro)<\/em>, Vitamina C<em>(\u00c1cido Asc\u00f3rbico)<\/em>80 mg, Bisglicinato de ferro<em>(Ferro 20 %)<\/em>70 mg, Extrato seco de Milhete<em>(Panicum miliaceum L., ratio 10:1)<\/em>45 mg, Extrato seco de Videira vermelha<em>(Vitis viniferaL.var.tinctoria, Polifenois 50%)<\/em>45 mg, Extrato seco de Ab\u00f3bora<em>(Curcubita pepo L., ratio 5:1)<\/em>45 mg, Extrato seco de Ginkgo<em>(Ginkgo biloba L, ratio 50:1; Glic\u00f3sideos de flavonol 24 %, Lactonas terp\u00e9nicas 6 %) )<\/em>45 mg, Extrato seco de Cavalinha<em>(Equisetum arvense L., sil\u00edcio 1 %)<\/em>45 mg, Gluconato de Zinco<em>(Zinco 14.3 %)<\/em>35 mg, L-Metionina<em><\/em>35 mg, L-Cistina<em><\/em>35 mg, L-Taurina<em><\/em>35 mg, L-Lisina<em><\/em>35 mg, L-Leucina<em><\/em>35 mg, Vitamina E<em>(D-alpha tocoferol)<\/em>24 mg, Vitamina B3<em>(Nicotinamida)<\/em>16 mg, Celulose microcristalina<em>(Agente de carga)<\/em>, Estearato de magn\u00e9sio<em>(Antiaglutinante)<\/em>, Vitamina A<em>(Retinol)<\/em>6.12mg, Vitamina B5<em>(D-pantotenato de c\u00e1lcio)<\/em>6 mg, Vitamina B12<em>(Cianocobalamina)<\/em>2,5 mg, Vitamina D<em>(Colecalciferol)<\/em>2,08 mg, Di\u00f3xido de silicio<em>(Antiaglutinante)<\/em>, Vitamina K<em>(Filoquinona)<\/em>1,5 mg, Vitamina B6<em>(Piridoxina cloridrato)<\/em>1,4 mg, Vitamina B2<em>(Riboflavina)<\/em>1,4 mg, Vitamina B1<em>(Cloridrato de tiamina)<\/em>1,1 mg, Gluconato de cobre<em>(Cobre 14%)<\/em>1.08 mg, Biotina<em>(D-biotina)<\/em>0,2 mg, \u00c1cido f\u00f3lico<em>(\u00c1cido pteroilmonoglut\u00e1mico)<\/em>0,2 mg, Selenito s\u00f3dico<em>(Sel\u00e9nio 45,8 %)<\/em>0,12 mg<\/p>\n<h2>Modo de uso<\/h2>\n<p>Tomar uma c\u00e1psula ao dia, acompanhado de \u00e1gua, ap\u00f3s o pequeno-almo\u00e7o. Recomendamos o seu consumo durante tr\u00eas meses e que coincida com as mudan\u00e7as de esta\u00e7\u00e3o do ano.<\/p>\n<h2>Presentaci\u00f3n<\/h2>\n<p>Embalagem de 24 c\u00e1psulas vegetais de 780 mg. Peso total: 18,72 g (0.66 oz) .<\/p>\n<h2>Advertencias<\/h2>\n<h3>Alertas<\/h3>\n<p>Em caso de tomada em simult\u00e2neo com anticoagulantes, consulte com o seu m\u00e9dico. N\u00e3o consumir por gr\u00e1vidas nem mulheres a amamentar.\u00a0Os suplementos alimentares n\u00e3o devem ser usados como substitutos de um regime alimentar variado e de um modo de vida saud\u00e1vel. N\u00e3o superar a dose di\u00e1ria recomendada. Manter afastado do alcance das crian\u00e7as. Conservar num local seco e fresco.<\/p>\n<h2>Valores nutricionales<\/h2>\n<p>Por dose di\u00e1ria (1 c\u00e1psula)<\/p>\n<table>\n<tbody>\n<tr>\n<th>Ingrediente<\/th>\n<th>Percentagem<\/th>\n<th>Quantidade<\/th>\n<\/tr>\n<tr>\n<td>Biotina<\/td>\n<td>400%<\/td>\n<td>200 ?g<\/td>\n<\/tr>\n<tr>\n<td>Cobre<\/td>\n<td>15%<\/td>\n<td>&nbsp;0.15 mg<\/td>\n<\/tr>\n<tr>\n<td>Zincp<\/td>\n<td>50%<\/td>\n<td>5 mg<\/td>\n<\/tr>\n<tr>\n<td>Sel\u00e9nio<\/td>\n<td>100%<\/td>\n<td>55 ?g<\/td>\n<\/tr>\n<tr>\n<td>Vitamina C<\/td>\n<td>100%<\/td>\n<td>80 mg<\/td>\n<\/tr>\n<tr>\n<td>Vitamina B3<\/td>\n<td>100%<\/td>\n<td>16 mg<\/td>\n<\/tr>\n<tr>\n<td>Vitamina E<\/td>\n<td>100%<\/td>\n<td>12 mg<\/td>\n<\/tr>\n<tr>\n<td>Vitamina B5<\/td>\n<td>100%<\/td>\n<td>6 mg<\/td>\n<\/tr>\n<tr>\n<td>Vitamina B6<\/td>\n<td>100%<\/td>\n<td>1,4 mg<\/td>\n<\/tr>\n<tr>\n<td>Vitamina B2<\/td>\n<td>100%<\/td>\n<td>1,4 mg<\/td>\n<\/tr>\n<tr>\n<td>Vitamina B1<\/td>\n<td>100%<\/td>\n<td>1,1 mg<\/td>\n<\/tr>\n<tr>\n<td>Vitamina A<\/td>\n<td>100%<\/td>\n<td>800 ?g<\/td>\n<\/tr>\n<tr>\n<td>Ferro<\/td>\n<td>100%<\/td>\n<td>14 mg<\/td>\n<\/tr>\n<tr>\n<td>\u00c1cido F\u00f3lico<\/td>\n<td>100%<\/td>\n<td>200 ?g<\/td>\n<\/tr>\n<tr>\n<td>Vitamina K<\/td>\n<td>100%<\/td>\n<td>75 ?g<\/td>\n<\/tr>\n<tr>\n<td>Vitamina D<\/td>\n<td>100%<\/td>\n<td>5 ?g<\/td>\n<\/tr>\n<tr>\n<td>Vitamina B12<\/td>\n<td>100%<\/td>\n<td>2,5 ?g<\/td>\n<\/tr>\n<\/tbody>\n<\/table>\n<p>% DDR (Dose Di\u00e1ria Recomendada)<\/p>\n","protected":false},"excerpt":{"rendered":"<p>Xplendor \u00e9 um suplemento alimentar rico em Vitaminas (13 vitaminas com 100% da Dose Di\u00e1ria Recomendada), minerais (4 minerais com 100% da Dose Di\u00e1ria Recomendada), amino\u00e1cidos e extratos vegetais ricos em princ\u00edpios ativos e \u00e1cidos gordos. A sua f\u00f3rmula contribui para a manuten\u00e7\u00e3o do cabelo e sua pigmenta\u00e7\u00e3o em condi\u00e7\u00f5es normais. Tamb\u00e9m fornece nutrientes importantes para a manuten\u00e7\u00e3o da pele em condi\u00e7\u00f5es normais.<a id=\"boton-ficha\" href=\"https:\/\/panel.drasanvi.com\/fichas\/5\/032050109\">Ficha t\u00e9cnica<\/a><\/p>\n","protected":false},"featured_media":23729,"template":"","meta":{"inline_featured_image":false},"product_cat":[1373],"product_tag":[],"class_list":["post-23727","product","type-product","status-publish","has-post-thumbnail","hentry","product_cat-cabelo-pele-e-unhas","pa_contains-apio-no","pa_contains-peanuts-no","pa_contem-crustaceos-no","pa_contem-frutos-secos-no","pa_contem-leite-no","pa_contem-moluscos-no","pa_contem-mostarda-no","pa_contem-ovo-no","pa_contem-peixe-no","pa_contem-sesame-no","pa_contem-soja-no","pa_contiene-altramuces-no","pa_produto-bio-no","pa_produto-sem-gluten-no","pa_produto-vegan-no","pa_produto-vegetariano-no"],"yoast_head":"<!-- This site is optimized with the Yoast SEO plugin v27.5 - https:\/\/yoast.com\/product\/yoast-seo-wordpress\/ -->\n<title>Xplendor - Drasanvi Portugal<\/title>\n<meta name=\"robots\" content=\"index, follow, max-snippet:-1, max-image-preview:large, max-video-preview:-1\" \/>\n<link rel=\"canonical\" href=\"https:\/\/drasanvi.com\/pt\/producto\/xplendor\/\" \/>\n<meta property=\"og:locale\" content=\"pt_PT\" \/>\n<meta property=\"og:type\" content=\"article\" \/>\n<meta property=\"og:title\" content=\"Xplendor - Drasanvi Portugal\" \/>\n<meta property=\"og:description\" content=\"Xplendor \u00e9 um suplemento alimentar rico em Vitaminas (13 vitaminas com 100% da Dose Di\u00e1ria Recomendada), minerais (4 minerais com 100% da Dose Di\u00e1ria Recomendada), amino\u00e1cidos e extratos vegetais ricos em princ\u00edpios ativos e \u00e1cidos gordos. A sua f\u00f3rmula contribui para a manuten\u00e7\u00e3o do cabelo e sua pigmenta\u00e7\u00e3o em condi\u00e7\u00f5es normais. Tamb\u00e9m fornece nutrientes importantes para a manuten\u00e7\u00e3o da pele em condi\u00e7\u00f5es normais.Ficha t\u00e9cnica\" \/>\n<meta property=\"og:url\" content=\"https:\/\/drasanvi.com\/pt\/producto\/xplendor\/\" \/>\n<meta property=\"og:site_name\" content=\"Drasanvi Portugal\" \/>\n<meta property=\"article:modified_time\" content=\"2023-08-11T13:41:15+00:00\" \/>\n<meta property=\"og:image\" content=\"https:\/\/drasanvi.com\/pt\/wp-content\/uploads\/sites\/6\/2022\/04\/032050109.png\" \/>\n\t<meta property=\"og:image:width\" content=\"1000\" \/>\n\t<meta property=\"og:image:height\" content=\"1000\" \/>\n\t<meta property=\"og:image:type\" content=\"image\/png\" \/>\n<meta name=\"twitter:card\" content=\"summary_large_image\" \/>\n<script type=\"application\/ld+json\" class=\"yoast-schema-graph\">{\"@context\":\"https:\\\/\\\/schema.org\",\"@graph\":[{\"@type\":\"WebPage\",\"@id\":\"https:\\\/\\\/drasanvi.com\\\/pt\\\/producto\\\/xplendor\\\/\",\"url\":\"https:\\\/\\\/drasanvi.com\\\/pt\\\/producto\\\/xplendor\\\/\",\"name\":\"Xplendor - Drasanvi Portugal\",\"isPartOf\":{\"@id\":\"https:\\\/\\\/drasanvi.com\\\/pt\\\/#website\"},\"primaryImageOfPage\":{\"@id\":\"https:\\\/\\\/drasanvi.com\\\/pt\\\/producto\\\/xplendor\\\/#primaryimage\"},\"image\":{\"@id\":\"https:\\\/\\\/drasanvi.com\\\/pt\\\/producto\\\/xplendor\\\/#primaryimage\"},\"thumbnailUrl\":\"https:\\\/\\\/drasanvi.com\\\/pt\\\/wp-content\\\/uploads\\\/sites\\\/6\\\/2022\\\/04\\\/032050109.png\",\"datePublished\":\"2022-04-29T08:12:58+00:00\",\"dateModified\":\"2023-08-11T13:41:15+00:00\",\"breadcrumb\":{\"@id\":\"https:\\\/\\\/drasanvi.com\\\/pt\\\/producto\\\/xplendor\\\/#breadcrumb\"},\"inLanguage\":\"pt-PT\",\"potentialAction\":[{\"@type\":\"ReadAction\",\"target\":[\"https:\\\/\\\/drasanvi.com\\\/pt\\\/producto\\\/xplendor\\\/\"]}]},{\"@type\":\"ImageObject\",\"inLanguage\":\"pt-PT\",\"@id\":\"https:\\\/\\\/drasanvi.com\\\/pt\\\/producto\\\/xplendor\\\/#primaryimage\",\"url\":\"https:\\\/\\\/drasanvi.com\\\/pt\\\/wp-content\\\/uploads\\\/sites\\\/6\\\/2022\\\/04\\\/032050109.png\",\"contentUrl\":\"https:\\\/\\\/drasanvi.com\\\/pt\\\/wp-content\\\/uploads\\\/sites\\\/6\\\/2022\\\/04\\\/032050109.png\",\"width\":1000,\"height\":1000},{\"@type\":\"BreadcrumbList\",\"@id\":\"https:\\\/\\\/drasanvi.com\\\/pt\\\/producto\\\/xplendor\\\/#breadcrumb\",\"itemListElement\":[{\"@type\":\"ListItem\",\"position\":1,\"name\":\"Portada\",\"item\":\"https:\\\/\\\/drasanvi.com\\\/pt\\\/\"},{\"@type\":\"ListItem\",\"position\":2,\"name\":\"Tienda\",\"item\":\"https:\\\/\\\/drasanvi.com\\\/pt\\\/tienda\\\/\"},{\"@type\":\"ListItem\",\"position\":3,\"name\":\"Xplendor\"}]},{\"@type\":\"WebSite\",\"@id\":\"https:\\\/\\\/drasanvi.com\\\/pt\\\/#website\",\"url\":\"https:\\\/\\\/drasanvi.com\\\/pt\\\/\",\"name\":\"Drasanvi Portugal\",\"description\":\"L\u00edder en complementos alimenticios y cosm\u00e9tica natural.\",\"publisher\":{\"@id\":\"https:\\\/\\\/drasanvi.com\\\/pt\\\/#organization\"},\"potentialAction\":[{\"@type\":\"SearchAction\",\"target\":{\"@type\":\"EntryPoint\",\"urlTemplate\":\"https:\\\/\\\/drasanvi.com\\\/pt\\\/?s={search_term_string}\"},\"query-input\":{\"@type\":\"PropertyValueSpecification\",\"valueRequired\":true,\"valueName\":\"search_term_string\"}}],\"inLanguage\":\"pt-PT\"},{\"@type\":\"Organization\",\"@id\":\"https:\\\/\\\/drasanvi.com\\\/pt\\\/#organization\",\"name\":\"Drasanvi\",\"url\":\"https:\\\/\\\/drasanvi.com\\\/pt\\\/\",\"logo\":{\"@type\":\"ImageObject\",\"inLanguage\":\"pt-PT\",\"@id\":\"https:\\\/\\\/drasanvi.com\\\/pt\\\/#\\\/schema\\\/logo\\\/image\\\/\",\"url\":\"https:\\\/\\\/drasanvi.com\\\/wp-content\\\/uploads\\\/sites\\\/6\\\/2021\\\/07\\\/logo-drasanvi.png\",\"contentUrl\":\"https:\\\/\\\/drasanvi.com\\\/wp-content\\\/uploads\\\/sites\\\/6\\\/2021\\\/07\\\/logo-drasanvi.png\",\"width\":900,\"height\":300,\"caption\":\"Drasanvi\"},\"image\":{\"@id\":\"https:\\\/\\\/drasanvi.com\\\/pt\\\/#\\\/schema\\\/logo\\\/image\\\/\"}}]}<\/script>\n<!-- \/ Yoast SEO plugin. -->","yoast_head_json":{"title":"Xplendor - Drasanvi Portugal","robots":{"index":"index","follow":"follow","max-snippet":"max-snippet:-1","max-image-preview":"max-image-preview:large","max-video-preview":"max-video-preview:-1"},"canonical":"https:\/\/drasanvi.com\/pt\/producto\/xplendor\/","og_locale":"pt_PT","og_type":"article","og_title":"Xplendor - Drasanvi Portugal","og_description":"Xplendor \u00e9 um suplemento alimentar rico em Vitaminas (13 vitaminas com 100% da Dose Di\u00e1ria Recomendada), minerais (4 minerais com 100% da Dose Di\u00e1ria Recomendada), amino\u00e1cidos e extratos vegetais ricos em princ\u00edpios ativos e \u00e1cidos gordos. A sua f\u00f3rmula contribui para a manuten\u00e7\u00e3o do cabelo e sua pigmenta\u00e7\u00e3o em condi\u00e7\u00f5es normais. Tamb\u00e9m fornece nutrientes importantes para a manuten\u00e7\u00e3o da pele em condi\u00e7\u00f5es normais.Ficha t\u00e9cnica","og_url":"https:\/\/drasanvi.com\/pt\/producto\/xplendor\/","og_site_name":"Drasanvi Portugal","article_modified_time":"2023-08-11T13:41:15+00:00","og_image":[{"width":1000,"height":1000,"url":"https:\/\/drasanvi.com\/pt\/wp-content\/uploads\/sites\/6\/2022\/04\/032050109.png","type":"image\/png"}],"twitter_card":"summary_large_image","schema":{"@context":"https:\/\/schema.org","@graph":[{"@type":"WebPage","@id":"https:\/\/drasanvi.com\/pt\/producto\/xplendor\/","url":"https:\/\/drasanvi.com\/pt\/producto\/xplendor\/","name":"Xplendor - Drasanvi Portugal","isPartOf":{"@id":"https:\/\/drasanvi.com\/pt\/#website"},"primaryImageOfPage":{"@id":"https:\/\/drasanvi.com\/pt\/producto\/xplendor\/#primaryimage"},"image":{"@id":"https:\/\/drasanvi.com\/pt\/producto\/xplendor\/#primaryimage"},"thumbnailUrl":"https:\/\/drasanvi.com\/pt\/wp-content\/uploads\/sites\/6\/2022\/04\/032050109.png","datePublished":"2022-04-29T08:12:58+00:00","dateModified":"2023-08-11T13:41:15+00:00","breadcrumb":{"@id":"https:\/\/drasanvi.com\/pt\/producto\/xplendor\/#breadcrumb"},"inLanguage":"pt-PT","potentialAction":[{"@type":"ReadAction","target":["https:\/\/drasanvi.com\/pt\/producto\/xplendor\/"]}]},{"@type":"ImageObject","inLanguage":"pt-PT","@id":"https:\/\/drasanvi.com\/pt\/producto\/xplendor\/#primaryimage","url":"https:\/\/drasanvi.com\/pt\/wp-content\/uploads\/sites\/6\/2022\/04\/032050109.png","contentUrl":"https:\/\/drasanvi.com\/pt\/wp-content\/uploads\/sites\/6\/2022\/04\/032050109.png","width":1000,"height":1000},{"@type":"BreadcrumbList","@id":"https:\/\/drasanvi.com\/pt\/producto\/xplendor\/#breadcrumb","itemListElement":[{"@type":"ListItem","position":1,"name":"Portada","item":"https:\/\/drasanvi.com\/pt\/"},{"@type":"ListItem","position":2,"name":"Tienda","item":"https:\/\/drasanvi.com\/pt\/tienda\/"},{"@type":"ListItem","position":3,"name":"Xplendor"}]},{"@type":"WebSite","@id":"https:\/\/drasanvi.com\/pt\/#website","url":"https:\/\/drasanvi.com\/pt\/","name":"Drasanvi Portugal","description":"L\u00edder en complementos alimenticios y cosm\u00e9tica natural.","publisher":{"@id":"https:\/\/drasanvi.com\/pt\/#organization"},"potentialAction":[{"@type":"SearchAction","target":{"@type":"EntryPoint","urlTemplate":"https:\/\/drasanvi.com\/pt\/?s={search_term_string}"},"query-input":{"@type":"PropertyValueSpecification","valueRequired":true,"valueName":"search_term_string"}}],"inLanguage":"pt-PT"},{"@type":"Organization","@id":"https:\/\/drasanvi.com\/pt\/#organization","name":"Drasanvi","url":"https:\/\/drasanvi.com\/pt\/","logo":{"@type":"ImageObject","inLanguage":"pt-PT","@id":"https:\/\/drasanvi.com\/pt\/#\/schema\/logo\/image\/","url":"https:\/\/drasanvi.com\/wp-content\/uploads\/sites\/6\/2021\/07\/logo-drasanvi.png","contentUrl":"https:\/\/drasanvi.com\/wp-content\/uploads\/sites\/6\/2021\/07\/logo-drasanvi.png","width":900,"height":300,"caption":"Drasanvi"},"image":{"@id":"https:\/\/drasanvi.com\/pt\/#\/schema\/logo\/image\/"}}]}},"_links":{"self":[{"href":"https:\/\/drasanvi.com\/pt\/wp-json\/wp\/v2\/product\/23727","targetHints":{"allow":["GET"]}}],"collection":[{"href":"https:\/\/drasanvi.com\/pt\/wp-json\/wp\/v2\/product"}],"about":[{"href":"https:\/\/drasanvi.com\/pt\/wp-json\/wp\/v2\/types\/product"}],"version-history":[{"count":0,"href":"https:\/\/drasanvi.com\/pt\/wp-json\/wp\/v2\/product\/23727\/revisions"}],"wp:featuredmedia":[{"embeddable":true,"href":"https:\/\/drasanvi.com\/pt\/wp-json\/wp\/v2\/media\/23729"}],"wp:attachment":[{"href":"https:\/\/drasanvi.com\/pt\/wp-json\/wp\/v2\/media?parent=23727"}],"wp:term":[{"taxonomy":"product_cat","embeddable":true,"href":"https:\/\/drasanvi.com\/pt\/wp-json\/wp\/v2\/product_cat?post=23727"},{"taxonomy":"product_tag","embeddable":true,"href":"https:\/\/drasanvi.com\/pt\/wp-json\/wp\/v2\/product_tag?post=23727"}],"curies":[{"name":"wp","href":"https:\/\/api.w.org\/{rel}","templated":true}]}}