{"id":23715,"date":"2022-04-29T10:12:58","date_gmt":"2022-04-29T08:12:58","guid":{"rendered":"https:\/\/drasanvi.com\/pt\/producto\/venox-capsulas\/"},"modified":"2023-08-11T15:41:12","modified_gmt":"2023-08-11T13:41:12","slug":"venox-capsulas","status":"publish","type":"product","link":"https:\/\/drasanvi.com\/pt\/producto\/venox-capsulas\/","title":{"rendered":"Venox C\u00e1psulas"},"content":{"rendered":"<p>Venox<sup>\u00ae<\/sup> c\u00e1psulas \u00e9 um suplemento alimentar com uma excelente formula\u00e7\u00e3o \u00e0 base de extratos de Frutos Vermelhos (Uva-Vermelha, Arandos e Cassis), assim como plantas de grande uso tradicional como Hammamelis, Castanha-da-\u00edndia e Ruscus. Refor\u00e7ado com vitaminas A, C e E.<\/p>\n<h2>Ingredientes<\/h2>\n<p>Hidroxipropilmetilcelulose<em>(Inv\u00f3lucro)<\/em>, Celulose Microcristalina<em>(Agente de carga)<\/em>, Extrato seco de pevide de uva<em>(Vitis viniffera var. tinctoria, Polifen\u00f3is 95%)<\/em>40 mg, Extrato seco Castanho de \u00cdndias<em>(Aesculus hippocastanum L., Aescina 10%)<\/em>40 mg, Extrato seco de Rucus<em>(Ruscus aculeatus L., Ruscogenosidos 20%)<\/em>40 mg, Extrato seco Hammamelis<em>(Hamamelis virginiana L., Taninos 15%)<\/em>40 mg, Extrato seco Groselheiro negro<em>(Ribes nigrum L., Rutina 1%)<\/em>40 mg, Extrato seco Ar\u00e1ndo<em>(Vaccinium myrtillus L., Antocianidinas 1%)<\/em>30 mg, Vitamina E<em>(Acetato de Tocoferol)<\/em>24 mg, Vitamina C<em>(\u00c1cido Asc\u00f3rbico)<\/em>17,5 mg, Estearato de Magn\u00e9sio<em>(Agente de carga)<\/em>, Sulfato de Mangan\u00e9s<em>(Mangan\u00e9s 36,4%)<\/em>5,5 mg, Dioxido de Sil\u00edcio<em>(Antiaglutinante)<\/em>, Extrato seco Ginkgo Biloba<em>(Ginkgo biloba L., Flavonoides 3%)<\/em>2,5 mg, Vitamina A<em>(Acetato de Retinol)<\/em>0,25 mg<\/p>\n<h2>Modo de uso<\/h2>\n<p>Tomar 1 a 2 c\u00e1psulas ao dia acompanhadas de \u00e1gua ou sumo.<\/p>\n<h2>Presentaci\u00f3n<\/h2>\n<p>Embalagem de 45 c\u00e1psulas de 476 mg. Peso total: 21,42 g (0.75 oz)<\/p>\n<h2>Advertencias<\/h2>\n<p>AlertasConsulte ao seu m\u00e9dico em caso de toma em simult\u00e2neo com anticoagulantes.N\u00e3o consumir durante a gravidez ou amamenta\u00e7\u00e3o.Os suplementos alimentares n\u00e3o devem ser usados como substitutos de um regime alimentar variado e de um modo de vida saud\u00e1vel. N\u00e3o superar a dose di\u00e1ria recomendada. Manter afastado do alcance das crian\u00e7as. Conservar num local seco e fresco.<\/p>\n<h2>Valores nutricionales<\/h2>\n<p>Por dose di\u00e1ria (2 c\u00e1psulas)<\/p>\n<table>\n<tbody>\n<tr>\n<th>Ingrediente<\/th>\n<th>Percentagem<\/th>\n<th>Quantidade<\/th>\n<\/tr>\n<tr>\n<td>Vitamina E<\/td>\n<td>100%<\/td>\n<td>12 mg<\/td>\n<\/tr>\n<tr>\n<td>Mangan\u00e9s<\/td>\n<td>100%<\/td>\n<td>2 mg<\/td>\n<\/tr>\n<tr>\n<td>Vitamina A<\/td>\n<td>62.5%<\/td>\n<td>0.25 mg<\/td>\n<\/tr>\n<tr>\n<td>Vitamina C<\/td>\n<td>43.75%<\/td>\n<td>35 mg<\/td>\n<\/tr>\n<\/tbody>\n<\/table>\n<p>% DDR (Quantidade Di\u00e1ria Recomendada)<\/p>\n","protected":false},"excerpt":{"rendered":"<p>Venox<sup>\u00ae<\/sup> c\u00e1psulas \u00e9 um suplemento alimentar com uma excelente formula\u00e7\u00e3o \u00e0 base de extratos de Frutos Vermelhos (Uva-Vermelha, Arandos e Cassis), assim como plantas de grande uso tradicional como Hammamelis, Castanha-da-\u00edndia e Ruscus. Refor\u00e7ado com vitaminas A, C e E.<a id=\"boton-ficha\" href=\"https:\/\/panel.drasanvi.com\/fichas\/5\/032050011\">Ficha t\u00e9cnica<\/a><\/p>\n","protected":false},"featured_media":23717,"template":"","meta":{"inline_featured_image":false},"product_cat":[1391],"product_tag":[],"class_list":["post-23715","product","type-product","status-publish","has-post-thumbnail","hentry","product_cat-circulacao","pa_contains-apio-no","pa_contains-peanuts-no","pa_contem-crustaceos-no","pa_contem-frutos-secos-no","pa_contem-leite-no","pa_contem-moluscos-no","pa_contem-mostarda-no","pa_contem-ovo-no","pa_contem-peixe-no","pa_contem-sesame-no","pa_contem-soja-no","pa_contiene-altramuces-no","pa_produto-bio-no","pa_produto-sem-gluten-no","pa_produto-vegan-si","pa_produto-vegetariano-no"],"yoast_head":"<!-- This site is optimized with the Yoast SEO plugin v27.5 - https:\/\/yoast.com\/product\/yoast-seo-wordpress\/ -->\n<title>Venox C\u00e1psulas - Drasanvi Portugal<\/title>\n<meta name=\"robots\" content=\"index, follow, max-snippet:-1, max-image-preview:large, max-video-preview:-1\" \/>\n<link rel=\"canonical\" href=\"https:\/\/drasanvi.com\/pt\/producto\/venox-capsulas\/\" \/>\n<meta property=\"og:locale\" content=\"pt_PT\" \/>\n<meta property=\"og:type\" content=\"article\" \/>\n<meta property=\"og:title\" content=\"Venox C\u00e1psulas - Drasanvi Portugal\" \/>\n<meta property=\"og:description\" content=\"Venox\u00ae c\u00e1psulas \u00e9 um suplemento alimentar com uma excelente formula\u00e7\u00e3o \u00e0 base de extratos de Frutos Vermelhos (Uva-Vermelha, Arandos e Cassis), assim como plantas de grande uso tradicional como Hammamelis, Castanha-da-\u00edndia e Ruscus. Refor\u00e7ado com vitaminas A, C e E.Ficha t\u00e9cnica\" \/>\n<meta property=\"og:url\" content=\"https:\/\/drasanvi.com\/pt\/producto\/venox-capsulas\/\" \/>\n<meta property=\"og:site_name\" content=\"Drasanvi Portugal\" \/>\n<meta property=\"article:modified_time\" content=\"2023-08-11T13:41:12+00:00\" \/>\n<meta property=\"og:image\" content=\"https:\/\/drasanvi.com\/pt\/wp-content\/uploads\/sites\/6\/2022\/04\/032050011.png\" \/>\n\t<meta property=\"og:image:width\" content=\"1000\" \/>\n\t<meta property=\"og:image:height\" content=\"1000\" \/>\n\t<meta property=\"og:image:type\" content=\"image\/png\" \/>\n<meta name=\"twitter:card\" content=\"summary_large_image\" \/>\n<script type=\"application\/ld+json\" class=\"yoast-schema-graph\">{\"@context\":\"https:\\\/\\\/schema.org\",\"@graph\":[{\"@type\":\"WebPage\",\"@id\":\"https:\\\/\\\/drasanvi.com\\\/pt\\\/producto\\\/venox-capsulas\\\/\",\"url\":\"https:\\\/\\\/drasanvi.com\\\/pt\\\/producto\\\/venox-capsulas\\\/\",\"name\":\"Venox C\u00e1psulas - Drasanvi Portugal\",\"isPartOf\":{\"@id\":\"https:\\\/\\\/drasanvi.com\\\/pt\\\/#website\"},\"primaryImageOfPage\":{\"@id\":\"https:\\\/\\\/drasanvi.com\\\/pt\\\/producto\\\/venox-capsulas\\\/#primaryimage\"},\"image\":{\"@id\":\"https:\\\/\\\/drasanvi.com\\\/pt\\\/producto\\\/venox-capsulas\\\/#primaryimage\"},\"thumbnailUrl\":\"https:\\\/\\\/drasanvi.com\\\/pt\\\/wp-content\\\/uploads\\\/sites\\\/6\\\/2022\\\/04\\\/032050011.png\",\"datePublished\":\"2022-04-29T08:12:58+00:00\",\"dateModified\":\"2023-08-11T13:41:12+00:00\",\"breadcrumb\":{\"@id\":\"https:\\\/\\\/drasanvi.com\\\/pt\\\/producto\\\/venox-capsulas\\\/#breadcrumb\"},\"inLanguage\":\"pt-PT\",\"potentialAction\":[{\"@type\":\"ReadAction\",\"target\":[\"https:\\\/\\\/drasanvi.com\\\/pt\\\/producto\\\/venox-capsulas\\\/\"]}]},{\"@type\":\"ImageObject\",\"inLanguage\":\"pt-PT\",\"@id\":\"https:\\\/\\\/drasanvi.com\\\/pt\\\/producto\\\/venox-capsulas\\\/#primaryimage\",\"url\":\"https:\\\/\\\/drasanvi.com\\\/pt\\\/wp-content\\\/uploads\\\/sites\\\/6\\\/2022\\\/04\\\/032050011.png\",\"contentUrl\":\"https:\\\/\\\/drasanvi.com\\\/pt\\\/wp-content\\\/uploads\\\/sites\\\/6\\\/2022\\\/04\\\/032050011.png\",\"width\":1000,\"height\":1000},{\"@type\":\"BreadcrumbList\",\"@id\":\"https:\\\/\\\/drasanvi.com\\\/pt\\\/producto\\\/venox-capsulas\\\/#breadcrumb\",\"itemListElement\":[{\"@type\":\"ListItem\",\"position\":1,\"name\":\"Portada\",\"item\":\"https:\\\/\\\/drasanvi.com\\\/pt\\\/\"},{\"@type\":\"ListItem\",\"position\":2,\"name\":\"Tienda\",\"item\":\"https:\\\/\\\/drasanvi.com\\\/pt\\\/tienda\\\/\"},{\"@type\":\"ListItem\",\"position\":3,\"name\":\"Venox C\u00e1psulas\"}]},{\"@type\":\"WebSite\",\"@id\":\"https:\\\/\\\/drasanvi.com\\\/pt\\\/#website\",\"url\":\"https:\\\/\\\/drasanvi.com\\\/pt\\\/\",\"name\":\"Drasanvi Portugal\",\"description\":\"L\u00edder en complementos alimenticios y cosm\u00e9tica natural.\",\"publisher\":{\"@id\":\"https:\\\/\\\/drasanvi.com\\\/pt\\\/#organization\"},\"potentialAction\":[{\"@type\":\"SearchAction\",\"target\":{\"@type\":\"EntryPoint\",\"urlTemplate\":\"https:\\\/\\\/drasanvi.com\\\/pt\\\/?s={search_term_string}\"},\"query-input\":{\"@type\":\"PropertyValueSpecification\",\"valueRequired\":true,\"valueName\":\"search_term_string\"}}],\"inLanguage\":\"pt-PT\"},{\"@type\":\"Organization\",\"@id\":\"https:\\\/\\\/drasanvi.com\\\/pt\\\/#organization\",\"name\":\"Drasanvi\",\"url\":\"https:\\\/\\\/drasanvi.com\\\/pt\\\/\",\"logo\":{\"@type\":\"ImageObject\",\"inLanguage\":\"pt-PT\",\"@id\":\"https:\\\/\\\/drasanvi.com\\\/pt\\\/#\\\/schema\\\/logo\\\/image\\\/\",\"url\":\"https:\\\/\\\/drasanvi.com\\\/wp-content\\\/uploads\\\/sites\\\/6\\\/2021\\\/07\\\/logo-drasanvi.png\",\"contentUrl\":\"https:\\\/\\\/drasanvi.com\\\/wp-content\\\/uploads\\\/sites\\\/6\\\/2021\\\/07\\\/logo-drasanvi.png\",\"width\":900,\"height\":300,\"caption\":\"Drasanvi\"},\"image\":{\"@id\":\"https:\\\/\\\/drasanvi.com\\\/pt\\\/#\\\/schema\\\/logo\\\/image\\\/\"}}]}<\/script>\n<!-- \/ Yoast SEO plugin. -->","yoast_head_json":{"title":"Venox C\u00e1psulas - Drasanvi Portugal","robots":{"index":"index","follow":"follow","max-snippet":"max-snippet:-1","max-image-preview":"max-image-preview:large","max-video-preview":"max-video-preview:-1"},"canonical":"https:\/\/drasanvi.com\/pt\/producto\/venox-capsulas\/","og_locale":"pt_PT","og_type":"article","og_title":"Venox C\u00e1psulas - Drasanvi Portugal","og_description":"Venox\u00ae c\u00e1psulas \u00e9 um suplemento alimentar com uma excelente formula\u00e7\u00e3o \u00e0 base de extratos de Frutos Vermelhos (Uva-Vermelha, Arandos e Cassis), assim como plantas de grande uso tradicional como Hammamelis, Castanha-da-\u00edndia e Ruscus. Refor\u00e7ado com vitaminas A, C e E.Ficha t\u00e9cnica","og_url":"https:\/\/drasanvi.com\/pt\/producto\/venox-capsulas\/","og_site_name":"Drasanvi Portugal","article_modified_time":"2023-08-11T13:41:12+00:00","og_image":[{"width":1000,"height":1000,"url":"https:\/\/drasanvi.com\/pt\/wp-content\/uploads\/sites\/6\/2022\/04\/032050011.png","type":"image\/png"}],"twitter_card":"summary_large_image","schema":{"@context":"https:\/\/schema.org","@graph":[{"@type":"WebPage","@id":"https:\/\/drasanvi.com\/pt\/producto\/venox-capsulas\/","url":"https:\/\/drasanvi.com\/pt\/producto\/venox-capsulas\/","name":"Venox C\u00e1psulas - Drasanvi Portugal","isPartOf":{"@id":"https:\/\/drasanvi.com\/pt\/#website"},"primaryImageOfPage":{"@id":"https:\/\/drasanvi.com\/pt\/producto\/venox-capsulas\/#primaryimage"},"image":{"@id":"https:\/\/drasanvi.com\/pt\/producto\/venox-capsulas\/#primaryimage"},"thumbnailUrl":"https:\/\/drasanvi.com\/pt\/wp-content\/uploads\/sites\/6\/2022\/04\/032050011.png","datePublished":"2022-04-29T08:12:58+00:00","dateModified":"2023-08-11T13:41:12+00:00","breadcrumb":{"@id":"https:\/\/drasanvi.com\/pt\/producto\/venox-capsulas\/#breadcrumb"},"inLanguage":"pt-PT","potentialAction":[{"@type":"ReadAction","target":["https:\/\/drasanvi.com\/pt\/producto\/venox-capsulas\/"]}]},{"@type":"ImageObject","inLanguage":"pt-PT","@id":"https:\/\/drasanvi.com\/pt\/producto\/venox-capsulas\/#primaryimage","url":"https:\/\/drasanvi.com\/pt\/wp-content\/uploads\/sites\/6\/2022\/04\/032050011.png","contentUrl":"https:\/\/drasanvi.com\/pt\/wp-content\/uploads\/sites\/6\/2022\/04\/032050011.png","width":1000,"height":1000},{"@type":"BreadcrumbList","@id":"https:\/\/drasanvi.com\/pt\/producto\/venox-capsulas\/#breadcrumb","itemListElement":[{"@type":"ListItem","position":1,"name":"Portada","item":"https:\/\/drasanvi.com\/pt\/"},{"@type":"ListItem","position":2,"name":"Tienda","item":"https:\/\/drasanvi.com\/pt\/tienda\/"},{"@type":"ListItem","position":3,"name":"Venox C\u00e1psulas"}]},{"@type":"WebSite","@id":"https:\/\/drasanvi.com\/pt\/#website","url":"https:\/\/drasanvi.com\/pt\/","name":"Drasanvi Portugal","description":"L\u00edder en complementos alimenticios y cosm\u00e9tica natural.","publisher":{"@id":"https:\/\/drasanvi.com\/pt\/#organization"},"potentialAction":[{"@type":"SearchAction","target":{"@type":"EntryPoint","urlTemplate":"https:\/\/drasanvi.com\/pt\/?s={search_term_string}"},"query-input":{"@type":"PropertyValueSpecification","valueRequired":true,"valueName":"search_term_string"}}],"inLanguage":"pt-PT"},{"@type":"Organization","@id":"https:\/\/drasanvi.com\/pt\/#organization","name":"Drasanvi","url":"https:\/\/drasanvi.com\/pt\/","logo":{"@type":"ImageObject","inLanguage":"pt-PT","@id":"https:\/\/drasanvi.com\/pt\/#\/schema\/logo\/image\/","url":"https:\/\/drasanvi.com\/wp-content\/uploads\/sites\/6\/2021\/07\/logo-drasanvi.png","contentUrl":"https:\/\/drasanvi.com\/wp-content\/uploads\/sites\/6\/2021\/07\/logo-drasanvi.png","width":900,"height":300,"caption":"Drasanvi"},"image":{"@id":"https:\/\/drasanvi.com\/pt\/#\/schema\/logo\/image\/"}}]}},"_links":{"self":[{"href":"https:\/\/drasanvi.com\/pt\/wp-json\/wp\/v2\/product\/23715","targetHints":{"allow":["GET"]}}],"collection":[{"href":"https:\/\/drasanvi.com\/pt\/wp-json\/wp\/v2\/product"}],"about":[{"href":"https:\/\/drasanvi.com\/pt\/wp-json\/wp\/v2\/types\/product"}],"version-history":[{"count":0,"href":"https:\/\/drasanvi.com\/pt\/wp-json\/wp\/v2\/product\/23715\/revisions"}],"wp:featuredmedia":[{"embeddable":true,"href":"https:\/\/drasanvi.com\/pt\/wp-json\/wp\/v2\/media\/23717"}],"wp:attachment":[{"href":"https:\/\/drasanvi.com\/pt\/wp-json\/wp\/v2\/media?parent=23715"}],"wp:term":[{"taxonomy":"product_cat","embeddable":true,"href":"https:\/\/drasanvi.com\/pt\/wp-json\/wp\/v2\/product_cat?post=23715"},{"taxonomy":"product_tag","embeddable":true,"href":"https:\/\/drasanvi.com\/pt\/wp-json\/wp\/v2\/product_tag?post=23715"}],"curies":[{"name":"wp","href":"https:\/\/api.w.org\/{rel}","templated":true}]}}