{"id":23691,"date":"2022-04-29T10:11:40","date_gmt":"2022-04-29T08:11:40","guid":{"rendered":"https:\/\/drasanvi.com\/pt\/producto\/serum-de-arvore-do-cha-bio-30-ml\/"},"modified":"2023-08-11T15:41:08","modified_gmt":"2023-08-11T13:41:08","slug":"serum-de-arvore-do-cha-bio-30-ml","status":"publish","type":"product","link":"https:\/\/drasanvi.com\/pt\/producto\/serum-de-arvore-do-cha-bio-30-ml\/","title":{"rendered":"S\u00e9rum de \u00c1rvore do Ch\u00e1 BIO 30 ml"},"content":{"rendered":"<p>O S\u00e9rum de \u00c1rvore do Ch\u00e1\u00a0de Drasanvi, est\u00e1 formulado para proporcionar a hidrata\u00e7\u00e3o que necessitam as peles mistas e oleosas com tend\u00eancia acneica. Ele hidrata-nos enquanto reduz visivelmente os nossos poros. Gra\u00e7as \u00e0 sua formula\u00e7\u00e3o rica em \u00f3leo essencial quimiotipado de \u00c1rvore do Ch\u00e1.<strong>Indicado para peles com tend\u00eancia acneica<\/strong><strong>Hidrata, matifica<\/strong><\/p>\n<h2>Ingredientes<\/h2>\n<h2>Modo de uso<\/h2>\n<p>Depois de limpar a pele, com a mousse desmaquilhante de \u00c1rvore do Ch\u00e1, aplique uma pequena quantidade no rosto e pesco\u00e7o, usando uma massagem suave e ascendente. A seguir, aplicar o creme de tratamento da mesma linha.Aplicar de manh\u00e3 e a noite antes do creme de tratamento.<\/p>\n<h2>Presentaci\u00f3n<\/h2>\n<p>Embalagem de 30 ml (1,06 fl oz)  <\/p>\n<h2>Advertencias<\/h2>\n<p>Uso t\u00f3pico.Produto destinado exclusivamente \u00e0 higiene.<\/p>\n<h2>Valores nutricionales<\/h2>\n","protected":false},"excerpt":{"rendered":"<p>O S\u00e9rum de \u00c1rvore do Ch\u00e1\u00a0de Drasanvi, est\u00e1 formulado para proporcionar a hidrata\u00e7\u00e3o que necessitam as peles mistas e oleosas com tend\u00eancia acneica. Ele hidrata-nos enquanto reduz visivelmente os nossos poros. Gra\u00e7as \u00e0 sua formula\u00e7\u00e3o rica em \u00f3leo essencial quimiotipado de \u00c1rvore do Ch\u00e1.<strong>Indicado para peles com tend\u00eancia acneica<\/strong><strong>Hidrata, matifica<\/strong><a id=\"boton-ficha\" href=\"https:\/\/panel.drasanvi.com\/fichas\/5\/032060116\">Ficha t\u00e9cnica<\/a><\/p>\n","protected":false},"featured_media":23693,"template":"","meta":{"inline_featured_image":false},"product_cat":[1374],"product_tag":[],"class_list":["post-23691","product","type-product","status-publish","has-post-thumbnail","hentry","product_cat-cosmetico","pa_contains-apio-no","pa_contains-peanuts-no","pa_contem-crustaceos-no","pa_contem-frutos-secos-no","pa_contem-leite-no","pa_contem-moluscos-no","pa_contem-mostarda-no","pa_contem-ovo-no","pa_contem-peixe-no","pa_contem-sesame-no","pa_contem-soja-no","pa_contiene-altramuces-no","pa_produto-bio-si","pa_produto-sem-gluten-no","pa_produto-vegan-si","pa_produto-vegetariano-no"],"yoast_head":"<!-- This site is optimized with the Yoast SEO plugin v27.5 - https:\/\/yoast.com\/product\/yoast-seo-wordpress\/ -->\n<title>S\u00e9rum de \u00c1rvore do Ch\u00e1 BIO 30 ml - Drasanvi Portugal<\/title>\n<meta name=\"robots\" content=\"index, follow, max-snippet:-1, max-image-preview:large, max-video-preview:-1\" \/>\n<link rel=\"canonical\" href=\"https:\/\/drasanvi.com\/pt\/producto\/serum-de-arvore-do-cha-bio-30-ml\/\" \/>\n<meta property=\"og:locale\" content=\"pt_PT\" \/>\n<meta property=\"og:type\" content=\"article\" \/>\n<meta property=\"og:title\" content=\"S\u00e9rum de \u00c1rvore do Ch\u00e1 BIO 30 ml - Drasanvi Portugal\" \/>\n<meta property=\"og:description\" content=\"O S\u00e9rum de \u00c1rvore do Ch\u00e1\u00a0de Drasanvi, est\u00e1 formulado para proporcionar a hidrata\u00e7\u00e3o que necessitam as peles mistas e oleosas com tend\u00eancia acneica. Ele hidrata-nos enquanto reduz visivelmente os nossos poros. Gra\u00e7as \u00e0 sua formula\u00e7\u00e3o rica em \u00f3leo essencial quimiotipado de \u00c1rvore do Ch\u00e1.Indicado para peles com tend\u00eancia acneicaHidrata, matificaFicha t\u00e9cnica\" \/>\n<meta property=\"og:url\" content=\"https:\/\/drasanvi.com\/pt\/producto\/serum-de-arvore-do-cha-bio-30-ml\/\" \/>\n<meta property=\"og:site_name\" content=\"Drasanvi Portugal\" \/>\n<meta property=\"article:modified_time\" content=\"2023-08-11T13:41:08+00:00\" \/>\n<meta property=\"og:image\" content=\"https:\/\/drasanvi.com\/pt\/wp-content\/uploads\/sites\/6\/2022\/04\/032060116.png\" \/>\n\t<meta property=\"og:image:width\" content=\"1000\" \/>\n\t<meta property=\"og:image:height\" content=\"1000\" \/>\n\t<meta property=\"og:image:type\" content=\"image\/png\" \/>\n<meta name=\"twitter:card\" content=\"summary_large_image\" \/>\n<script type=\"application\/ld+json\" class=\"yoast-schema-graph\">{\"@context\":\"https:\\\/\\\/schema.org\",\"@graph\":[{\"@type\":\"WebPage\",\"@id\":\"https:\\\/\\\/drasanvi.com\\\/pt\\\/producto\\\/serum-de-arvore-do-cha-bio-30-ml\\\/\",\"url\":\"https:\\\/\\\/drasanvi.com\\\/pt\\\/producto\\\/serum-de-arvore-do-cha-bio-30-ml\\\/\",\"name\":\"S\u00e9rum de \u00c1rvore do Ch\u00e1 BIO 30 ml - Drasanvi Portugal\",\"isPartOf\":{\"@id\":\"https:\\\/\\\/drasanvi.com\\\/pt\\\/#website\"},\"primaryImageOfPage\":{\"@id\":\"https:\\\/\\\/drasanvi.com\\\/pt\\\/producto\\\/serum-de-arvore-do-cha-bio-30-ml\\\/#primaryimage\"},\"image\":{\"@id\":\"https:\\\/\\\/drasanvi.com\\\/pt\\\/producto\\\/serum-de-arvore-do-cha-bio-30-ml\\\/#primaryimage\"},\"thumbnailUrl\":\"https:\\\/\\\/drasanvi.com\\\/pt\\\/wp-content\\\/uploads\\\/sites\\\/6\\\/2022\\\/04\\\/032060116.png\",\"datePublished\":\"2022-04-29T08:11:40+00:00\",\"dateModified\":\"2023-08-11T13:41:08+00:00\",\"breadcrumb\":{\"@id\":\"https:\\\/\\\/drasanvi.com\\\/pt\\\/producto\\\/serum-de-arvore-do-cha-bio-30-ml\\\/#breadcrumb\"},\"inLanguage\":\"pt-PT\",\"potentialAction\":[{\"@type\":\"ReadAction\",\"target\":[\"https:\\\/\\\/drasanvi.com\\\/pt\\\/producto\\\/serum-de-arvore-do-cha-bio-30-ml\\\/\"]}]},{\"@type\":\"ImageObject\",\"inLanguage\":\"pt-PT\",\"@id\":\"https:\\\/\\\/drasanvi.com\\\/pt\\\/producto\\\/serum-de-arvore-do-cha-bio-30-ml\\\/#primaryimage\",\"url\":\"https:\\\/\\\/drasanvi.com\\\/pt\\\/wp-content\\\/uploads\\\/sites\\\/6\\\/2022\\\/04\\\/032060116.png\",\"contentUrl\":\"https:\\\/\\\/drasanvi.com\\\/pt\\\/wp-content\\\/uploads\\\/sites\\\/6\\\/2022\\\/04\\\/032060116.png\",\"width\":1000,\"height\":1000},{\"@type\":\"BreadcrumbList\",\"@id\":\"https:\\\/\\\/drasanvi.com\\\/pt\\\/producto\\\/serum-de-arvore-do-cha-bio-30-ml\\\/#breadcrumb\",\"itemListElement\":[{\"@type\":\"ListItem\",\"position\":1,\"name\":\"Portada\",\"item\":\"https:\\\/\\\/drasanvi.com\\\/pt\\\/\"},{\"@type\":\"ListItem\",\"position\":2,\"name\":\"Tienda\",\"item\":\"https:\\\/\\\/drasanvi.com\\\/pt\\\/tienda\\\/\"},{\"@type\":\"ListItem\",\"position\":3,\"name\":\"S\u00e9rum de \u00c1rvore do Ch\u00e1 BIO 30 ml\"}]},{\"@type\":\"WebSite\",\"@id\":\"https:\\\/\\\/drasanvi.com\\\/pt\\\/#website\",\"url\":\"https:\\\/\\\/drasanvi.com\\\/pt\\\/\",\"name\":\"Drasanvi Portugal\",\"description\":\"L\u00edder en complementos alimenticios y cosm\u00e9tica natural.\",\"publisher\":{\"@id\":\"https:\\\/\\\/drasanvi.com\\\/pt\\\/#organization\"},\"potentialAction\":[{\"@type\":\"SearchAction\",\"target\":{\"@type\":\"EntryPoint\",\"urlTemplate\":\"https:\\\/\\\/drasanvi.com\\\/pt\\\/?s={search_term_string}\"},\"query-input\":{\"@type\":\"PropertyValueSpecification\",\"valueRequired\":true,\"valueName\":\"search_term_string\"}}],\"inLanguage\":\"pt-PT\"},{\"@type\":\"Organization\",\"@id\":\"https:\\\/\\\/drasanvi.com\\\/pt\\\/#organization\",\"name\":\"Drasanvi\",\"url\":\"https:\\\/\\\/drasanvi.com\\\/pt\\\/\",\"logo\":{\"@type\":\"ImageObject\",\"inLanguage\":\"pt-PT\",\"@id\":\"https:\\\/\\\/drasanvi.com\\\/pt\\\/#\\\/schema\\\/logo\\\/image\\\/\",\"url\":\"https:\\\/\\\/drasanvi.com\\\/wp-content\\\/uploads\\\/sites\\\/6\\\/2021\\\/07\\\/logo-drasanvi.png\",\"contentUrl\":\"https:\\\/\\\/drasanvi.com\\\/wp-content\\\/uploads\\\/sites\\\/6\\\/2021\\\/07\\\/logo-drasanvi.png\",\"width\":900,\"height\":300,\"caption\":\"Drasanvi\"},\"image\":{\"@id\":\"https:\\\/\\\/drasanvi.com\\\/pt\\\/#\\\/schema\\\/logo\\\/image\\\/\"}}]}<\/script>\n<!-- \/ Yoast SEO plugin. -->","yoast_head_json":{"title":"S\u00e9rum de \u00c1rvore do Ch\u00e1 BIO 30 ml - Drasanvi Portugal","robots":{"index":"index","follow":"follow","max-snippet":"max-snippet:-1","max-image-preview":"max-image-preview:large","max-video-preview":"max-video-preview:-1"},"canonical":"https:\/\/drasanvi.com\/pt\/producto\/serum-de-arvore-do-cha-bio-30-ml\/","og_locale":"pt_PT","og_type":"article","og_title":"S\u00e9rum de \u00c1rvore do Ch\u00e1 BIO 30 ml - Drasanvi Portugal","og_description":"O S\u00e9rum de \u00c1rvore do Ch\u00e1\u00a0de Drasanvi, est\u00e1 formulado para proporcionar a hidrata\u00e7\u00e3o que necessitam as peles mistas e oleosas com tend\u00eancia acneica. Ele hidrata-nos enquanto reduz visivelmente os nossos poros. Gra\u00e7as \u00e0 sua formula\u00e7\u00e3o rica em \u00f3leo essencial quimiotipado de \u00c1rvore do Ch\u00e1.Indicado para peles com tend\u00eancia acneicaHidrata, matificaFicha t\u00e9cnica","og_url":"https:\/\/drasanvi.com\/pt\/producto\/serum-de-arvore-do-cha-bio-30-ml\/","og_site_name":"Drasanvi Portugal","article_modified_time":"2023-08-11T13:41:08+00:00","og_image":[{"width":1000,"height":1000,"url":"https:\/\/drasanvi.com\/pt\/wp-content\/uploads\/sites\/6\/2022\/04\/032060116.png","type":"image\/png"}],"twitter_card":"summary_large_image","schema":{"@context":"https:\/\/schema.org","@graph":[{"@type":"WebPage","@id":"https:\/\/drasanvi.com\/pt\/producto\/serum-de-arvore-do-cha-bio-30-ml\/","url":"https:\/\/drasanvi.com\/pt\/producto\/serum-de-arvore-do-cha-bio-30-ml\/","name":"S\u00e9rum de \u00c1rvore do Ch\u00e1 BIO 30 ml - Drasanvi Portugal","isPartOf":{"@id":"https:\/\/drasanvi.com\/pt\/#website"},"primaryImageOfPage":{"@id":"https:\/\/drasanvi.com\/pt\/producto\/serum-de-arvore-do-cha-bio-30-ml\/#primaryimage"},"image":{"@id":"https:\/\/drasanvi.com\/pt\/producto\/serum-de-arvore-do-cha-bio-30-ml\/#primaryimage"},"thumbnailUrl":"https:\/\/drasanvi.com\/pt\/wp-content\/uploads\/sites\/6\/2022\/04\/032060116.png","datePublished":"2022-04-29T08:11:40+00:00","dateModified":"2023-08-11T13:41:08+00:00","breadcrumb":{"@id":"https:\/\/drasanvi.com\/pt\/producto\/serum-de-arvore-do-cha-bio-30-ml\/#breadcrumb"},"inLanguage":"pt-PT","potentialAction":[{"@type":"ReadAction","target":["https:\/\/drasanvi.com\/pt\/producto\/serum-de-arvore-do-cha-bio-30-ml\/"]}]},{"@type":"ImageObject","inLanguage":"pt-PT","@id":"https:\/\/drasanvi.com\/pt\/producto\/serum-de-arvore-do-cha-bio-30-ml\/#primaryimage","url":"https:\/\/drasanvi.com\/pt\/wp-content\/uploads\/sites\/6\/2022\/04\/032060116.png","contentUrl":"https:\/\/drasanvi.com\/pt\/wp-content\/uploads\/sites\/6\/2022\/04\/032060116.png","width":1000,"height":1000},{"@type":"BreadcrumbList","@id":"https:\/\/drasanvi.com\/pt\/producto\/serum-de-arvore-do-cha-bio-30-ml\/#breadcrumb","itemListElement":[{"@type":"ListItem","position":1,"name":"Portada","item":"https:\/\/drasanvi.com\/pt\/"},{"@type":"ListItem","position":2,"name":"Tienda","item":"https:\/\/drasanvi.com\/pt\/tienda\/"},{"@type":"ListItem","position":3,"name":"S\u00e9rum de \u00c1rvore do Ch\u00e1 BIO 30 ml"}]},{"@type":"WebSite","@id":"https:\/\/drasanvi.com\/pt\/#website","url":"https:\/\/drasanvi.com\/pt\/","name":"Drasanvi Portugal","description":"L\u00edder en complementos alimenticios y cosm\u00e9tica natural.","publisher":{"@id":"https:\/\/drasanvi.com\/pt\/#organization"},"potentialAction":[{"@type":"SearchAction","target":{"@type":"EntryPoint","urlTemplate":"https:\/\/drasanvi.com\/pt\/?s={search_term_string}"},"query-input":{"@type":"PropertyValueSpecification","valueRequired":true,"valueName":"search_term_string"}}],"inLanguage":"pt-PT"},{"@type":"Organization","@id":"https:\/\/drasanvi.com\/pt\/#organization","name":"Drasanvi","url":"https:\/\/drasanvi.com\/pt\/","logo":{"@type":"ImageObject","inLanguage":"pt-PT","@id":"https:\/\/drasanvi.com\/pt\/#\/schema\/logo\/image\/","url":"https:\/\/drasanvi.com\/wp-content\/uploads\/sites\/6\/2021\/07\/logo-drasanvi.png","contentUrl":"https:\/\/drasanvi.com\/wp-content\/uploads\/sites\/6\/2021\/07\/logo-drasanvi.png","width":900,"height":300,"caption":"Drasanvi"},"image":{"@id":"https:\/\/drasanvi.com\/pt\/#\/schema\/logo\/image\/"}}]}},"_links":{"self":[{"href":"https:\/\/drasanvi.com\/pt\/wp-json\/wp\/v2\/product\/23691","targetHints":{"allow":["GET"]}}],"collection":[{"href":"https:\/\/drasanvi.com\/pt\/wp-json\/wp\/v2\/product"}],"about":[{"href":"https:\/\/drasanvi.com\/pt\/wp-json\/wp\/v2\/types\/product"}],"version-history":[{"count":0,"href":"https:\/\/drasanvi.com\/pt\/wp-json\/wp\/v2\/product\/23691\/revisions"}],"wp:featuredmedia":[{"embeddable":true,"href":"https:\/\/drasanvi.com\/pt\/wp-json\/wp\/v2\/media\/23693"}],"wp:attachment":[{"href":"https:\/\/drasanvi.com\/pt\/wp-json\/wp\/v2\/media?parent=23691"}],"wp:term":[{"taxonomy":"product_cat","embeddable":true,"href":"https:\/\/drasanvi.com\/pt\/wp-json\/wp\/v2\/product_cat?post=23691"},{"taxonomy":"product_tag","embeddable":true,"href":"https:\/\/drasanvi.com\/pt\/wp-json\/wp\/v2\/product_tag?post=23691"}],"curies":[{"name":"wp","href":"https:\/\/api.w.org\/{rel}","templated":true}]}}