{"id":23574,"date":"2022-04-29T10:09:40","date_gmt":"2022-04-29T08:09:40","guid":{"rendered":"https:\/\/drasanvi.com\/pt\/producto\/ynergy-senior-50\/"},"modified":"2023-08-11T15:41:15","modified_gmt":"2023-08-11T13:41:15","slug":"ynergy-senior-50","status":"publish","type":"product","link":"https:\/\/drasanvi.com\/pt\/producto\/ynergy-senior-50\/","title":{"rendered":"Ynergy s\u00e9nior 50+"},"content":{"rendered":"<p>Ynergy s\u00e9nior \u00e9 um complexo multivitam\u00ednico de ultima gera\u00e7\u00e3o, pela sua estudada composi\u00e7\u00e3o. Ynergy s\u00e9nior est\u00e1 especialmente formulado para pessoas de mais de 50 anos. Ynergy s\u00e9nior fusiona o poder de Vitaminas e Minerais, com a a\u00e7\u00e3o de subst\u00e2ncias como a Lute\u00edna e a Coenzima Q10. Esta magn\u00edfica combina\u00e7\u00e3o \u00e9 enriquecida com fibra prebiotica. Ynergy S\u00e9nior est\u00e1 indicado para todos os adultos de mais de 50 anos, que queiram continuar com uma vida plena e cheia de energia. Ynergy s\u00e9nior vem numa embalagem de 30 c\u00e1psulas e s\u00f3 \u00e9 necess\u00e1rio consumir uma por dia. As c\u00e1psulas s\u00e3o de origem vegetal, fazendo com que este seja o produto ideal para pessoas vegetarianas e vegans.<\/p>\n<h2>Ingredientes<\/h2>\n<p>Carbonato de C\u00e1lcio<em>(C\u00e1lcio 40%)<\/em>300 mg, Celulose<em>(Inv\u00f3lucro)<\/em>, Vitamina C<em>(\u00c1cido asc\u00f3rbico)<\/em>80 mg, Gluconato de Ferro<em>(Ferro 12,5%)<\/em>55,95 mg, L-Glutamina<em><\/em>50 mg, Luteina<em><\/em>50 mg, Fructooligosacarideos<em><\/em>50 mg, Vitamina E<em>(Acetato de tocoferol)<\/em>24 mg, Vitamina B3<em>(Nicotinamida)<\/em>16 mg, Estearato de Magn\u00e9sio<em>(Agente de carga)<\/em>, \u00d3xido de Zinco<em>(Zinco 80%)<\/em>12,5 mg, Coenzima Q10<em><\/em>10 mg, Sulfato de mangan\u00e9s<em>(Mangan\u00e9s 32,5%)<\/em>6,15 mg, Vitamina A<em>(Palmitato de retinilo)<\/em>6,12 mg, Vitamina B5<em>(D-pantotenato de calcio)<\/em>6 mg, Dioxido de sil\u00edcio<em>(Antiaglutinante)<\/em>, Vitamina B12<em>(Cianocobalamina)<\/em>2,5 mg, Vitamina D<em>(Colecalciferol)<\/em>2,08 mg, Vitamina B6<em>Cloridrato de piridoxina<\/em>1,4 mg, Vitamina B2<em>(Riboflavina)<\/em>1,4 mg, Vitamina B1<em>(Cloridrato de tiamina)<\/em>1,1 mg, \u00c1cido f\u00f3lico<em>(\u00c1cido pteroil-L-glut\u00e1mico)<\/em>0,2 mg, Selenito s\u00f3dico<em>(Sel\u00e9nio 45,8%)<\/em>0,12 mg, Molibdato s\u00f3dico<em>(Molibdato 46,7%)<\/em>0,107 mg, D-Biotina<em>(Biotina)<\/em>0,05 mg<\/p>\n<h2>Modo de uso<\/h2>\n<p>Recomendamos a toma de 1 c\u00e1psula por dia, de prefer\u00eancia ao pequeno almo\u00e7o. Pode ser consumida diariamente.<\/p>\n<h2>Presentaci\u00f3n<\/h2>\n<p>Embalagem de 36 c\u00e1psulas de 792,68 mg. Peso total: 28,5 g (0.99 oz)<\/p>\n<h2>Advertencias<\/h2>\n<p>Os suplementos alimentares n\u00e3o devem ser usados como substitutos de uma dieta equilibrada e de um modo de vida saud\u00e1vel. N\u00e3o superar a dose di\u00e1ria recomendada. Manter afastado do alcance das crian\u00e7as. Conservar num local seco e fresco.<\/p>\n<h2>Valores nutricionales<\/h2>\n<p>Por dose di\u00e1ria (1 c\u00e1psula)<\/p>\n<table>\n<tbody>\n<tr>\n<td>Ingrediente<\/td>\n<td>Percentagem<\/td>\n<td>Quantidade<\/td>\n<\/tr>\n<tr>\n<td>Zinco<\/td>\n<td>100%<\/td>\n<td>10 mg<\/td>\n<\/tr>\n<tr>\n<td>Mangan\u00e9s<\/td>\n<td>100%<\/td>\n<td>2 mg<\/td>\n<\/tr>\n<tr>\n<td>Sel\u00e9nio<\/td>\n<td>100%<\/td>\n<td>55 ?g<\/td>\n<\/tr>\n<tr>\n<td>Molibdeno<\/td>\n<td>100%<\/td>\n<td>50 ?g<\/td>\n<\/tr>\n<tr>\n<td>Vitamina C<\/td>\n<td>100%<\/td>\n<td>80 mg<\/td>\n<\/tr>\n<tr>\n<td>Vitamina D<\/td>\n<td>100%<\/td>\n<td>5 ?g<\/td>\n<\/tr>\n<tr>\n<td>Vitamina A<\/td>\n<td>100%<\/td>\n<td>800 ?g<\/td>\n<\/tr>\n<tr>\n<td>Vitamina B3<\/td>\n<td>100%<\/td>\n<td>16 mg<\/td>\n<\/tr>\n<tr>\n<td>Vitamina E<\/td>\n<td>100%<\/td>\n<td>12 mg<\/td>\n<\/tr>\n<tr>\n<td>Vitamina B6<\/td>\n<td>100%<\/td>\n<td>1.4 mg<\/td>\n<\/tr>\n<tr>\n<td>Vitamina B2<\/td>\n<td>100%<\/td>\n<td>1.4 mg<\/td>\n<\/tr>\n<tr>\n<td>Vitamina B1<\/td>\n<td>100%<\/td>\n<td>1.1 mg<\/td>\n<\/tr>\n<tr>\n<td>Vitamina B5<\/td>\n<td>100%<\/td>\n<td>6 mg<\/td>\n<\/tr>\n<tr>\n<td>Vitamina B12<\/td>\n<td>100%<\/td>\n<td>2.5 ?g<\/td>\n<\/tr>\n<tr>\n<td>Biotina<\/td>\n<td>100%<\/td>\n<td>50 ?g<\/td>\n<\/tr>\n<tr>\n<td>\u00c1cido F\u00f3lico<\/td>\n<td>100%<\/td>\n<td>200 ?g<\/td>\n<\/tr>\n<tr>\n<td>Ferro<\/td>\n<td>50%<\/td>\n<td>7 mg<\/td>\n<\/tr>\n<tr>\n<td>C\u00e1lcio<\/td>\n<td>15%<\/td>\n<td>120 mg<\/td>\n<\/tr>\n<\/tbody>\n<\/table>\n<p>% DDR (Dose Di\u00e1ria Recomendada)<\/p>\n","protected":false},"excerpt":{"rendered":"<p>Ynergy s\u00e9nior \u00e9 um complexo multivitam\u00ednico de ultima gera\u00e7\u00e3o, pela sua estudada composi\u00e7\u00e3o. Ynergy s\u00e9nior est\u00e1 especialmente formulado para pessoas de mais de 50 anos. Ynergy s\u00e9nior fusiona o poder de Vitaminas e Minerais, com a a\u00e7\u00e3o de subst\u00e2ncias como a Lute\u00edna e a Coenzima Q10. Esta magn\u00edfica combina\u00e7\u00e3o \u00e9 enriquecida com fibra prebiotica. Ynergy S\u00e9nior est\u00e1 indicado para todos os adultos de mais de 50 anos, que queiram continuar com uma vida plena e cheia de energia. Ynergy s\u00e9nior vem numa embalagem de 30 c\u00e1psulas e s\u00f3 \u00e9 necess\u00e1rio consumir uma por dia. As c\u00e1psulas s\u00e3o de origem vegetal, fazendo com que este seja o produto ideal para pessoas vegetarianas e vegans.<a id=\"boton-ficha\" href=\"https:\/\/panel.drasanvi.com\/fichas\/5\/032050283\">Ficha t\u00e9cnica<\/a><\/p>\n","protected":false},"featured_media":23576,"template":"","meta":{"inline_featured_image":false},"product_cat":[1378],"product_tag":[],"class_list":["post-23574","product","type-product","status-publish","has-post-thumbnail","hentry","product_cat-energia-e-vitalidade","pa_contains-apio-no","pa_contains-peanuts-no","pa_contem-crustaceos-no","pa_contem-frutos-secos-no","pa_contem-leite-no","pa_contem-moluscos-no","pa_contem-mostarda-no","pa_contem-ovo-no","pa_contem-peixe-no","pa_contem-sesame-no","pa_contem-soja-no","pa_contiene-altramuces-no","pa_produto-bio-no","pa_produto-sem-gluten-no","pa_produto-vegan-si","pa_produto-vegetariano-no"],"yoast_head":"<!-- This site is optimized with the Yoast SEO plugin v27.5 - https:\/\/yoast.com\/product\/yoast-seo-wordpress\/ -->\n<title>Ynergy s\u00e9nior 50+ - Drasanvi Portugal<\/title>\n<meta name=\"robots\" content=\"index, follow, max-snippet:-1, max-image-preview:large, max-video-preview:-1\" \/>\n<link rel=\"canonical\" href=\"https:\/\/drasanvi.com\/pt\/producto\/ynergy-senior-50\/\" \/>\n<meta property=\"og:locale\" content=\"pt_PT\" \/>\n<meta property=\"og:type\" content=\"article\" \/>\n<meta property=\"og:title\" content=\"Ynergy s\u00e9nior 50+ - Drasanvi Portugal\" \/>\n<meta property=\"og:description\" content=\"Ynergy s\u00e9nior \u00e9 um complexo multivitam\u00ednico de ultima gera\u00e7\u00e3o, pela sua estudada composi\u00e7\u00e3o. Ynergy s\u00e9nior est\u00e1 especialmente formulado para pessoas de mais de 50 anos. Ynergy s\u00e9nior fusiona o poder de Vitaminas e Minerais, com a a\u00e7\u00e3o de subst\u00e2ncias como a Lute\u00edna e a Coenzima Q10. Esta magn\u00edfica combina\u00e7\u00e3o \u00e9 enriquecida com fibra prebiotica. Ynergy S\u00e9nior est\u00e1 indicado para todos os adultos de mais de 50 anos, que queiram continuar com uma vida plena e cheia de energia. Ynergy s\u00e9nior vem numa embalagem de 30 c\u00e1psulas e s\u00f3 \u00e9 necess\u00e1rio consumir uma por dia. As c\u00e1psulas s\u00e3o de origem vegetal, fazendo com que este seja o produto ideal para pessoas vegetarianas e vegans.Ficha t\u00e9cnica\" \/>\n<meta property=\"og:url\" content=\"https:\/\/drasanvi.com\/pt\/producto\/ynergy-senior-50\/\" \/>\n<meta property=\"og:site_name\" content=\"Drasanvi Portugal\" \/>\n<meta property=\"article:modified_time\" content=\"2023-08-11T13:41:15+00:00\" \/>\n<meta property=\"og:image\" content=\"https:\/\/drasanvi.com\/pt\/wp-content\/uploads\/sites\/6\/2022\/04\/032050283.png\" \/>\n\t<meta property=\"og:image:width\" content=\"1000\" \/>\n\t<meta property=\"og:image:height\" content=\"1000\" \/>\n\t<meta property=\"og:image:type\" content=\"image\/png\" \/>\n<meta name=\"twitter:card\" content=\"summary_large_image\" \/>\n<script type=\"application\/ld+json\" class=\"yoast-schema-graph\">{\"@context\":\"https:\\\/\\\/schema.org\",\"@graph\":[{\"@type\":\"WebPage\",\"@id\":\"https:\\\/\\\/drasanvi.com\\\/pt\\\/producto\\\/ynergy-senior-50\\\/\",\"url\":\"https:\\\/\\\/drasanvi.com\\\/pt\\\/producto\\\/ynergy-senior-50\\\/\",\"name\":\"Ynergy s\u00e9nior 50+ - Drasanvi Portugal\",\"isPartOf\":{\"@id\":\"https:\\\/\\\/drasanvi.com\\\/pt\\\/#website\"},\"primaryImageOfPage\":{\"@id\":\"https:\\\/\\\/drasanvi.com\\\/pt\\\/producto\\\/ynergy-senior-50\\\/#primaryimage\"},\"image\":{\"@id\":\"https:\\\/\\\/drasanvi.com\\\/pt\\\/producto\\\/ynergy-senior-50\\\/#primaryimage\"},\"thumbnailUrl\":\"https:\\\/\\\/drasanvi.com\\\/pt\\\/wp-content\\\/uploads\\\/sites\\\/6\\\/2022\\\/04\\\/032050283.png\",\"datePublished\":\"2022-04-29T08:09:40+00:00\",\"dateModified\":\"2023-08-11T13:41:15+00:00\",\"breadcrumb\":{\"@id\":\"https:\\\/\\\/drasanvi.com\\\/pt\\\/producto\\\/ynergy-senior-50\\\/#breadcrumb\"},\"inLanguage\":\"pt-PT\",\"potentialAction\":[{\"@type\":\"ReadAction\",\"target\":[\"https:\\\/\\\/drasanvi.com\\\/pt\\\/producto\\\/ynergy-senior-50\\\/\"]}]},{\"@type\":\"ImageObject\",\"inLanguage\":\"pt-PT\",\"@id\":\"https:\\\/\\\/drasanvi.com\\\/pt\\\/producto\\\/ynergy-senior-50\\\/#primaryimage\",\"url\":\"https:\\\/\\\/drasanvi.com\\\/pt\\\/wp-content\\\/uploads\\\/sites\\\/6\\\/2022\\\/04\\\/032050283.png\",\"contentUrl\":\"https:\\\/\\\/drasanvi.com\\\/pt\\\/wp-content\\\/uploads\\\/sites\\\/6\\\/2022\\\/04\\\/032050283.png\",\"width\":1000,\"height\":1000},{\"@type\":\"BreadcrumbList\",\"@id\":\"https:\\\/\\\/drasanvi.com\\\/pt\\\/producto\\\/ynergy-senior-50\\\/#breadcrumb\",\"itemListElement\":[{\"@type\":\"ListItem\",\"position\":1,\"name\":\"Portada\",\"item\":\"https:\\\/\\\/drasanvi.com\\\/pt\\\/\"},{\"@type\":\"ListItem\",\"position\":2,\"name\":\"Tienda\",\"item\":\"https:\\\/\\\/drasanvi.com\\\/pt\\\/tienda\\\/\"},{\"@type\":\"ListItem\",\"position\":3,\"name\":\"Ynergy s\u00e9nior 50+\"}]},{\"@type\":\"WebSite\",\"@id\":\"https:\\\/\\\/drasanvi.com\\\/pt\\\/#website\",\"url\":\"https:\\\/\\\/drasanvi.com\\\/pt\\\/\",\"name\":\"Drasanvi Portugal\",\"description\":\"L\u00edder en complementos alimenticios y cosm\u00e9tica natural.\",\"publisher\":{\"@id\":\"https:\\\/\\\/drasanvi.com\\\/pt\\\/#organization\"},\"potentialAction\":[{\"@type\":\"SearchAction\",\"target\":{\"@type\":\"EntryPoint\",\"urlTemplate\":\"https:\\\/\\\/drasanvi.com\\\/pt\\\/?s={search_term_string}\"},\"query-input\":{\"@type\":\"PropertyValueSpecification\",\"valueRequired\":true,\"valueName\":\"search_term_string\"}}],\"inLanguage\":\"pt-PT\"},{\"@type\":\"Organization\",\"@id\":\"https:\\\/\\\/drasanvi.com\\\/pt\\\/#organization\",\"name\":\"Drasanvi\",\"url\":\"https:\\\/\\\/drasanvi.com\\\/pt\\\/\",\"logo\":{\"@type\":\"ImageObject\",\"inLanguage\":\"pt-PT\",\"@id\":\"https:\\\/\\\/drasanvi.com\\\/pt\\\/#\\\/schema\\\/logo\\\/image\\\/\",\"url\":\"https:\\\/\\\/drasanvi.com\\\/wp-content\\\/uploads\\\/sites\\\/6\\\/2021\\\/07\\\/logo-drasanvi.png\",\"contentUrl\":\"https:\\\/\\\/drasanvi.com\\\/wp-content\\\/uploads\\\/sites\\\/6\\\/2021\\\/07\\\/logo-drasanvi.png\",\"width\":900,\"height\":300,\"caption\":\"Drasanvi\"},\"image\":{\"@id\":\"https:\\\/\\\/drasanvi.com\\\/pt\\\/#\\\/schema\\\/logo\\\/image\\\/\"}}]}<\/script>\n<!-- \/ Yoast SEO plugin. -->","yoast_head_json":{"title":"Ynergy s\u00e9nior 50+ - Drasanvi Portugal","robots":{"index":"index","follow":"follow","max-snippet":"max-snippet:-1","max-image-preview":"max-image-preview:large","max-video-preview":"max-video-preview:-1"},"canonical":"https:\/\/drasanvi.com\/pt\/producto\/ynergy-senior-50\/","og_locale":"pt_PT","og_type":"article","og_title":"Ynergy s\u00e9nior 50+ - Drasanvi Portugal","og_description":"Ynergy s\u00e9nior \u00e9 um complexo multivitam\u00ednico de ultima gera\u00e7\u00e3o, pela sua estudada composi\u00e7\u00e3o. Ynergy s\u00e9nior est\u00e1 especialmente formulado para pessoas de mais de 50 anos. Ynergy s\u00e9nior fusiona o poder de Vitaminas e Minerais, com a a\u00e7\u00e3o de subst\u00e2ncias como a Lute\u00edna e a Coenzima Q10. Esta magn\u00edfica combina\u00e7\u00e3o \u00e9 enriquecida com fibra prebiotica. Ynergy S\u00e9nior est\u00e1 indicado para todos os adultos de mais de 50 anos, que queiram continuar com uma vida plena e cheia de energia. Ynergy s\u00e9nior vem numa embalagem de 30 c\u00e1psulas e s\u00f3 \u00e9 necess\u00e1rio consumir uma por dia. As c\u00e1psulas s\u00e3o de origem vegetal, fazendo com que este seja o produto ideal para pessoas vegetarianas e vegans.Ficha t\u00e9cnica","og_url":"https:\/\/drasanvi.com\/pt\/producto\/ynergy-senior-50\/","og_site_name":"Drasanvi Portugal","article_modified_time":"2023-08-11T13:41:15+00:00","og_image":[{"width":1000,"height":1000,"url":"https:\/\/drasanvi.com\/pt\/wp-content\/uploads\/sites\/6\/2022\/04\/032050283.png","type":"image\/png"}],"twitter_card":"summary_large_image","schema":{"@context":"https:\/\/schema.org","@graph":[{"@type":"WebPage","@id":"https:\/\/drasanvi.com\/pt\/producto\/ynergy-senior-50\/","url":"https:\/\/drasanvi.com\/pt\/producto\/ynergy-senior-50\/","name":"Ynergy s\u00e9nior 50+ - Drasanvi Portugal","isPartOf":{"@id":"https:\/\/drasanvi.com\/pt\/#website"},"primaryImageOfPage":{"@id":"https:\/\/drasanvi.com\/pt\/producto\/ynergy-senior-50\/#primaryimage"},"image":{"@id":"https:\/\/drasanvi.com\/pt\/producto\/ynergy-senior-50\/#primaryimage"},"thumbnailUrl":"https:\/\/drasanvi.com\/pt\/wp-content\/uploads\/sites\/6\/2022\/04\/032050283.png","datePublished":"2022-04-29T08:09:40+00:00","dateModified":"2023-08-11T13:41:15+00:00","breadcrumb":{"@id":"https:\/\/drasanvi.com\/pt\/producto\/ynergy-senior-50\/#breadcrumb"},"inLanguage":"pt-PT","potentialAction":[{"@type":"ReadAction","target":["https:\/\/drasanvi.com\/pt\/producto\/ynergy-senior-50\/"]}]},{"@type":"ImageObject","inLanguage":"pt-PT","@id":"https:\/\/drasanvi.com\/pt\/producto\/ynergy-senior-50\/#primaryimage","url":"https:\/\/drasanvi.com\/pt\/wp-content\/uploads\/sites\/6\/2022\/04\/032050283.png","contentUrl":"https:\/\/drasanvi.com\/pt\/wp-content\/uploads\/sites\/6\/2022\/04\/032050283.png","width":1000,"height":1000},{"@type":"BreadcrumbList","@id":"https:\/\/drasanvi.com\/pt\/producto\/ynergy-senior-50\/#breadcrumb","itemListElement":[{"@type":"ListItem","position":1,"name":"Portada","item":"https:\/\/drasanvi.com\/pt\/"},{"@type":"ListItem","position":2,"name":"Tienda","item":"https:\/\/drasanvi.com\/pt\/tienda\/"},{"@type":"ListItem","position":3,"name":"Ynergy s\u00e9nior 50+"}]},{"@type":"WebSite","@id":"https:\/\/drasanvi.com\/pt\/#website","url":"https:\/\/drasanvi.com\/pt\/","name":"Drasanvi Portugal","description":"L\u00edder en complementos alimenticios y cosm\u00e9tica natural.","publisher":{"@id":"https:\/\/drasanvi.com\/pt\/#organization"},"potentialAction":[{"@type":"SearchAction","target":{"@type":"EntryPoint","urlTemplate":"https:\/\/drasanvi.com\/pt\/?s={search_term_string}"},"query-input":{"@type":"PropertyValueSpecification","valueRequired":true,"valueName":"search_term_string"}}],"inLanguage":"pt-PT"},{"@type":"Organization","@id":"https:\/\/drasanvi.com\/pt\/#organization","name":"Drasanvi","url":"https:\/\/drasanvi.com\/pt\/","logo":{"@type":"ImageObject","inLanguage":"pt-PT","@id":"https:\/\/drasanvi.com\/pt\/#\/schema\/logo\/image\/","url":"https:\/\/drasanvi.com\/wp-content\/uploads\/sites\/6\/2021\/07\/logo-drasanvi.png","contentUrl":"https:\/\/drasanvi.com\/wp-content\/uploads\/sites\/6\/2021\/07\/logo-drasanvi.png","width":900,"height":300,"caption":"Drasanvi"},"image":{"@id":"https:\/\/drasanvi.com\/pt\/#\/schema\/logo\/image\/"}}]}},"_links":{"self":[{"href":"https:\/\/drasanvi.com\/pt\/wp-json\/wp\/v2\/product\/23574","targetHints":{"allow":["GET"]}}],"collection":[{"href":"https:\/\/drasanvi.com\/pt\/wp-json\/wp\/v2\/product"}],"about":[{"href":"https:\/\/drasanvi.com\/pt\/wp-json\/wp\/v2\/types\/product"}],"version-history":[{"count":0,"href":"https:\/\/drasanvi.com\/pt\/wp-json\/wp\/v2\/product\/23574\/revisions"}],"wp:featuredmedia":[{"embeddable":true,"href":"https:\/\/drasanvi.com\/pt\/wp-json\/wp\/v2\/media\/23576"}],"wp:attachment":[{"href":"https:\/\/drasanvi.com\/pt\/wp-json\/wp\/v2\/media?parent=23574"}],"wp:term":[{"taxonomy":"product_cat","embeddable":true,"href":"https:\/\/drasanvi.com\/pt\/wp-json\/wp\/v2\/product_cat?post=23574"},{"taxonomy":"product_tag","embeddable":true,"href":"https:\/\/drasanvi.com\/pt\/wp-json\/wp\/v2\/product_tag?post=23574"}],"curies":[{"name":"wp","href":"https:\/\/api.w.org\/{rel}","templated":true}]}}