{"id":23572,"date":"2022-04-29T10:09:40","date_gmt":"2022-04-29T08:09:40","guid":{"rendered":"https:\/\/drasanvi.com\/pt\/producto\/ynergy-ativo\/"},"modified":"2023-08-11T15:41:15","modified_gmt":"2023-08-11T13:41:15","slug":"ynergy-ativo","status":"publish","type":"product","link":"https:\/\/drasanvi.com\/pt\/producto\/ynergy-ativo\/","title":{"rendered":"Ynergy Ativo"},"content":{"rendered":"<p>Ynergy ativo \u00e9 um suplemento multivitam\u00ednico de nova gera\u00e7\u00e3o, pela sua estudada composi\u00e7\u00e3o. Ynergy ativo combina a a\u00e7\u00e3o de Vitaminas e Minerais refor\u00e7ada com fermentos l\u00e1cticos e fibra em forma de fruto-oligossacar\u00eddeos. Est\u00e1 pensado para todas as pessoas adultas que precisem de um complemento vitam\u00ednico e mineral. Ynergy ativo vem numa embalagem de 30 c\u00e1psulas e s\u00f3 \u00e9 necess\u00e1rio consumir uma por dia. As c\u00e1psulas s\u00e3o de origem vegetal, transformando este num produto ideal para pessoas vegetarianas e vegans. Alguns dos seus benef\u00edcios s\u00e3o:<\/p>\n<ul>\n<li>Diminuir o cansa\u00e7o e a fadiga.<\/li>\n<li>Contribuir para a manuten\u00e7\u00e3o do sistema imunit\u00e1rio em condi\u00e7\u00f5es normais.<\/li>\n<li>Contribuir para a manuten\u00e7\u00e3o do metabolismo normal dos macronutrientes.<\/li>\n<li>Contribuir para a manuten\u00e7\u00e3o da pele, cabelo e unhas em condi\u00e7\u00f5es normais.<\/li>\n<li>Contribuir para a prote\u00e7\u00e3o das c\u00e9lulas frente ao dano oxidativo.<\/li>\n<\/ul>\n<h2>Ingredientes<\/h2>\n<p>Carbonato de c\u00e1lcio<em>(C\u00e1lcio 40%)<\/em>299,70mg, Hidroxipropilmetilcelulose<em>(Inv\u00f3lucro)<\/em>, \u00d3xido de Magn\u00e9sio<em>(Magn\u00e9sio 60%)<\/em>93,75mg, Vitamina C<em>(\u00c1cido Asc\u00f3rbico)<\/em>80mg, Fermentos L\u00e1cticos<em>(Amido de milho, Maltodextrina ma\u00edz, Inulina, Cloruro potasico, Sulfato magn\u00e9sico, Bifidobacterium infantis, Bifidobacterium lactis, Bifidobacterium longum, Enterococcus faecium, Lactobacillus acidophilus, Lactobacillus paracasei, Lactobacillus plantarum, Lactobacillus salvivarius, Lactococcus lactis, Fructooligosac\u00e1ridos, Enzima amilase, Baunilha, Sulfato mangan\u00eas)<\/em>50mg, Fructooligosac\u00e1ridos<em><\/em>50mg, Sulfato de Ferro<em>(Ferro 20%)<\/em>35 mg, Vitamina E<em>(D-alpha tocoferol)<\/em>24mg, Vitamina B3<em>(Nicotanamida)<\/em>16mg, \u00d3xido de zinco<em>(Zinco 80%)<\/em>12,5mg, Estearato de Magn\u00e9sio<em>(Agente carga)<\/em>, Sulfato de Mangan\u00eas<em>(Mangan\u00eas 32,5%)<\/em>6,15mg, Vitamina A<em>(Acetato retinol)<\/em>6,12mg, Vitamina B5<em>(D-pantotenato c\u00e1lcico)<\/em>6mg, Vitamina B12<em>(Cianocobalamina)<\/em>2,5mg, Vitamina D3<em>(Colecalciferol)<\/em>2,08mg, Di\u00f3xido silicio<em>(Antiaglutinante)<\/em>, Vitamina B6<em>(Piroxidina cloridrato)<\/em>1,4mg, Vitamina B2<em>(Riboflavina)<\/em>1,4mg, Vitamina B1<em>(Cloridrato tiamina)<\/em>1,1mg, \u00c1cido f\u00f3lico<em>(\u00c1cido teroilmonoglut\u00e1mico)<\/em>200\u00b5g, Selenito s\u00f3dico<em>(Selenio 45,8%)<\/em>120\u00b5g, Molibdato s\u00f3dico<em>(Molibdeno 46,7%)<\/em>107\u00b5g, D Biotina<em>(Biotina)<\/em>50\u00b5g<\/p>\n<h2>Modo de uso<\/h2>\n<p>Recomendamos a toma de 1 c\u00e1psula por dia, de prefer\u00eancia ao pequeno almo\u00e7o. Pode ser consumido diretamente e durante o tempo que precisar.<\/p>\n<h2>Presentaci\u00f3n<\/h2>\n<p>Embalagem de 36 c\u00e1psulas de 820 mg. Peso total: 29,52 g (1.04 oz)<\/p>\n<h2>Advertencias<\/h2>\n<p>Os suplementos alimentares n\u00e3o devem ser usados como substitutos de uma dieta equilibrada e de um modo de vida saud\u00e1vel. N\u00e3o superar a dose di\u00e1ria recomendada. Manter afastado do alcance das crian\u00e7as. Conservar num local seco e fresco.<\/p>\n<h2>Valores nutricionales<\/h2>\n<p>Por dose di\u00e1ria (1 c\u00e1psula)<\/p>\n<table>\n<tbody>\n<tr>\n<td>Zinco<\/td>\n<td>100%<\/td>\n<td>10 mg<\/td>\n<\/tr>\n<tr>\n<td>Mangan\u00e9s<\/td>\n<td>100%<\/td>\n<td>2 mg<\/td>\n<\/tr>\n<tr>\n<td>Sel\u00e9nio<\/td>\n<td>100%<\/td>\n<td>55 ?g<\/td>\n<\/tr>\n<tr>\n<td>Molibdeno<\/td>\n<td>100%<\/td>\n<td>50 ?g<\/td>\n<\/tr>\n<tr>\n<td>Vitamina C<\/td>\n<td>100%<\/td>\n<td>80 mg<\/td>\n<\/tr>\n<tr>\n<td>Vitamina D<\/td>\n<td>100%<\/td>\n<td>5 ?g<\/td>\n<\/tr>\n<tr>\n<td>Vitamina A<\/td>\n<td>100%<\/td>\n<td>800 ?g<\/td>\n<\/tr>\n<tr>\n<td>Vitamina B3<\/td>\n<td>100%<\/td>\n<td>16 mg<\/td>\n<\/tr>\n<tr>\n<td>Vitamina E<\/td>\n<td>100%<\/td>\n<td>12 mg<\/td>\n<\/tr>\n<tr>\n<td>Vitamina B6<\/td>\n<td>100%<\/td>\n<td>1,4 mg<\/td>\n<\/tr>\n<tr>\n<td>Vitamina B2<\/td>\n<td>100%<\/td>\n<td>1,4 mg<\/td>\n<\/tr>\n<tr>\n<td>Vitamina B1<\/td>\n<td>100%<\/td>\n<td>1,1 mg<\/td>\n<\/tr>\n<tr>\n<td>Vitamina B5<\/td>\n<td>100%<\/td>\n<td>6 mg<\/td>\n<\/tr>\n<tr>\n<td>Vitamina B12<\/td>\n<td>100%<\/td>\n<td>2,5 ?g<\/td>\n<\/tr>\n<tr>\n<td>Biotina<\/td>\n<td>100%<\/td>\n<td>50 ?g<\/td>\n<\/tr>\n<tr>\n<td>\u00c1cido F\u00f3lico<\/td>\n<td>100%<\/td>\n<td>200 ?g<\/td>\n<\/tr>\n<tr>\n<td>Ferro<\/td>\n<td>50%<\/td>\n<td>7 mg<\/td>\n<\/tr>\n<tr>\n<td>C\u00e1lcio<\/td>\n<td>15%<\/td>\n<td>120 mg<\/td>\n<\/tr>\n<tr>\n<td>Magn\u00e9sio<\/td>\n<td>15%<\/td>\n<td>56,25 mg<\/td>\n<\/tr>\n<\/tbody>\n<\/table>\n","protected":false},"excerpt":{"rendered":"<p>Ynergy ativo \u00e9 um suplemento multivitam\u00ednico de nova gera\u00e7\u00e3o, pela sua estudada composi\u00e7\u00e3o. Ynergy ativo combina a a\u00e7\u00e3o de Vitaminas e Minerais refor\u00e7ada com fermentos l\u00e1cticos e fibra em forma de fruto-oligossacar\u00eddeos. Est\u00e1 pensado para todas as pessoas adultas que precisem de um complemento vitam\u00ednico e mineral. Ynergy ativo vem numa embalagem de 30 c\u00e1psulas e s\u00f3 \u00e9 necess\u00e1rio consumir uma por dia. As c\u00e1psulas s\u00e3o de origem vegetal, transformando este num produto ideal para pessoas vegetarianas e vegans. Alguns dos seus benef\u00edcios s\u00e3o:<\/p>\n<ul>\n<li>Diminuir o cansa\u00e7o e a fadiga.<\/li>\n<li>Contribuir para a manuten\u00e7\u00e3o do sistema imunit\u00e1rio em condi\u00e7\u00f5es normais.<\/li>\n<li>Contribuir para a manuten\u00e7\u00e3o do metabolismo normal dos macronutrientes.<\/li>\n<li>Contribuir para a manuten\u00e7\u00e3o da pele, cabelo e unhas em condi\u00e7\u00f5es normais.<\/li>\n<li>Contribuir para a prote\u00e7\u00e3o das c\u00e9lulas frente ao dano oxidativo.<\/li>\n<\/ul>\n<p><a id=\"boton-ficha\" href=\"https:\/\/panel.drasanvi.com\/fichas\/5\/032050279\">Ficha t\u00e9cnica<\/a><\/p>\n","protected":false},"featured_media":0,"template":"","meta":{"inline_featured_image":false},"product_cat":[1378],"product_tag":[],"class_list":["post-23572","product","type-product","status-publish","hentry","product_cat-energia-e-vitalidade","pa_contains-apio-no","pa_contains-peanuts-no","pa_contem-crustaceos-si","pa_contem-frutos-secos-si","pa_contem-leite-no","pa_contem-moluscos-no","pa_contem-mostarda-no","pa_contem-ovo-no","pa_contem-peixe-no","pa_contem-sesame-no","pa_contem-soja-no","pa_contiene-altramuces-os-suplementos-alimentares-nao-devem-ser-usados-como-substitutos-de-uma-dieta-equilibrada-e-de-um-modo-de-vida-saudavel-nao-superar-a-dose-diaria-recomendada-manter-afastado-do-alcance-das-cria","pa_produto-bio-contribuir-para-a-protecao-das-celulas-frente-ao-dano-oxidativo","pa_produto-sem-gluten-no","pa_produto-vegan-ingredientesquantidade-dose-diariacalcio-em-forma-de-carbonato-de-calcio3nono-mgmagnesio-em-forma-de-oxido-de-magnesio9375-mgvitamina-c-em-forma-de-acido-ascorbico8no-mgferro-em-forma-de-g","pa_produto-vegetariano-recomendamos-a-toma-de-si-capsula-por-dia-de-preferencia-ao-pequeno-almoco-pode-ser-consumido-diretamente-e-durante-o-tempo-que-precisar"],"yoast_head":"<!-- This site is optimized with the Yoast SEO plugin v27.5 - https:\/\/yoast.com\/product\/yoast-seo-wordpress\/ -->\n<title>Ynergy Ativo - Drasanvi Portugal<\/title>\n<meta name=\"robots\" content=\"index, follow, max-snippet:-1, max-image-preview:large, max-video-preview:-1\" \/>\n<link rel=\"canonical\" href=\"https:\/\/drasanvi.com\/pt\/producto\/ynergy-ativo\/\" \/>\n<meta property=\"og:locale\" content=\"pt_PT\" \/>\n<meta property=\"og:type\" content=\"article\" \/>\n<meta property=\"og:title\" content=\"Ynergy Ativo - Drasanvi Portugal\" \/>\n<meta property=\"og:description\" content=\"Ynergy ativo \u00e9 um suplemento multivitam\u00ednico de nova gera\u00e7\u00e3o, pela sua estudada composi\u00e7\u00e3o. Ynergy ativo combina a a\u00e7\u00e3o de Vitaminas e Minerais refor\u00e7ada com fermentos l\u00e1cticos e fibra em forma de fruto-oligossacar\u00eddeos. Est\u00e1 pensado para todas as pessoas adultas que precisem de um complemento vitam\u00ednico e mineral. Ynergy ativo vem numa embalagem de 30 c\u00e1psulas e s\u00f3 \u00e9 necess\u00e1rio consumir uma por dia. As c\u00e1psulas s\u00e3o de origem vegetal, transformando este num produto ideal para pessoas vegetarianas e vegans. Alguns dos seus benef\u00edcios s\u00e3o: Diminuir o cansa\u00e7o e a fadiga. Contribuir para a manuten\u00e7\u00e3o do sistema imunit\u00e1rio em condi\u00e7\u00f5es normais. Contribuir para a manuten\u00e7\u00e3o do metabolismo normal dos macronutrientes. Contribuir para a manuten\u00e7\u00e3o da pele, cabelo e unhas em condi\u00e7\u00f5es normais. Contribuir para a prote\u00e7\u00e3o das c\u00e9lulas frente ao dano oxidativo.Ficha t\u00e9cnica\" \/>\n<meta property=\"og:url\" content=\"https:\/\/drasanvi.com\/pt\/producto\/ynergy-ativo\/\" \/>\n<meta property=\"og:site_name\" content=\"Drasanvi Portugal\" \/>\n<meta property=\"article:modified_time\" content=\"2023-08-11T13:41:15+00:00\" \/>\n<meta name=\"twitter:card\" content=\"summary_large_image\" \/>\n<script type=\"application\/ld+json\" class=\"yoast-schema-graph\">{\"@context\":\"https:\\\/\\\/schema.org\",\"@graph\":[{\"@type\":\"WebPage\",\"@id\":\"https:\\\/\\\/drasanvi.com\\\/pt\\\/producto\\\/ynergy-ativo\\\/\",\"url\":\"https:\\\/\\\/drasanvi.com\\\/pt\\\/producto\\\/ynergy-ativo\\\/\",\"name\":\"Ynergy Ativo - Drasanvi Portugal\",\"isPartOf\":{\"@id\":\"https:\\\/\\\/drasanvi.com\\\/pt\\\/#website\"},\"datePublished\":\"2022-04-29T08:09:40+00:00\",\"dateModified\":\"2023-08-11T13:41:15+00:00\",\"breadcrumb\":{\"@id\":\"https:\\\/\\\/drasanvi.com\\\/pt\\\/producto\\\/ynergy-ativo\\\/#breadcrumb\"},\"inLanguage\":\"pt-PT\",\"potentialAction\":[{\"@type\":\"ReadAction\",\"target\":[\"https:\\\/\\\/drasanvi.com\\\/pt\\\/producto\\\/ynergy-ativo\\\/\"]}]},{\"@type\":\"BreadcrumbList\",\"@id\":\"https:\\\/\\\/drasanvi.com\\\/pt\\\/producto\\\/ynergy-ativo\\\/#breadcrumb\",\"itemListElement\":[{\"@type\":\"ListItem\",\"position\":1,\"name\":\"Portada\",\"item\":\"https:\\\/\\\/drasanvi.com\\\/pt\\\/\"},{\"@type\":\"ListItem\",\"position\":2,\"name\":\"Tienda\",\"item\":\"https:\\\/\\\/drasanvi.com\\\/pt\\\/tienda\\\/\"},{\"@type\":\"ListItem\",\"position\":3,\"name\":\"Ynergy Ativo\"}]},{\"@type\":\"WebSite\",\"@id\":\"https:\\\/\\\/drasanvi.com\\\/pt\\\/#website\",\"url\":\"https:\\\/\\\/drasanvi.com\\\/pt\\\/\",\"name\":\"Drasanvi Portugal\",\"description\":\"L\u00edder en complementos alimenticios y cosm\u00e9tica natural.\",\"publisher\":{\"@id\":\"https:\\\/\\\/drasanvi.com\\\/pt\\\/#organization\"},\"potentialAction\":[{\"@type\":\"SearchAction\",\"target\":{\"@type\":\"EntryPoint\",\"urlTemplate\":\"https:\\\/\\\/drasanvi.com\\\/pt\\\/?s={search_term_string}\"},\"query-input\":{\"@type\":\"PropertyValueSpecification\",\"valueRequired\":true,\"valueName\":\"search_term_string\"}}],\"inLanguage\":\"pt-PT\"},{\"@type\":\"Organization\",\"@id\":\"https:\\\/\\\/drasanvi.com\\\/pt\\\/#organization\",\"name\":\"Drasanvi\",\"url\":\"https:\\\/\\\/drasanvi.com\\\/pt\\\/\",\"logo\":{\"@type\":\"ImageObject\",\"inLanguage\":\"pt-PT\",\"@id\":\"https:\\\/\\\/drasanvi.com\\\/pt\\\/#\\\/schema\\\/logo\\\/image\\\/\",\"url\":\"https:\\\/\\\/drasanvi.com\\\/wp-content\\\/uploads\\\/sites\\\/6\\\/2021\\\/07\\\/logo-drasanvi.png\",\"contentUrl\":\"https:\\\/\\\/drasanvi.com\\\/wp-content\\\/uploads\\\/sites\\\/6\\\/2021\\\/07\\\/logo-drasanvi.png\",\"width\":900,\"height\":300,\"caption\":\"Drasanvi\"},\"image\":{\"@id\":\"https:\\\/\\\/drasanvi.com\\\/pt\\\/#\\\/schema\\\/logo\\\/image\\\/\"}}]}<\/script>\n<!-- \/ Yoast SEO plugin. -->","yoast_head_json":{"title":"Ynergy Ativo - Drasanvi Portugal","robots":{"index":"index","follow":"follow","max-snippet":"max-snippet:-1","max-image-preview":"max-image-preview:large","max-video-preview":"max-video-preview:-1"},"canonical":"https:\/\/drasanvi.com\/pt\/producto\/ynergy-ativo\/","og_locale":"pt_PT","og_type":"article","og_title":"Ynergy Ativo - Drasanvi Portugal","og_description":"Ynergy ativo \u00e9 um suplemento multivitam\u00ednico de nova gera\u00e7\u00e3o, pela sua estudada composi\u00e7\u00e3o. Ynergy ativo combina a a\u00e7\u00e3o de Vitaminas e Minerais refor\u00e7ada com fermentos l\u00e1cticos e fibra em forma de fruto-oligossacar\u00eddeos. Est\u00e1 pensado para todas as pessoas adultas que precisem de um complemento vitam\u00ednico e mineral. Ynergy ativo vem numa embalagem de 30 c\u00e1psulas e s\u00f3 \u00e9 necess\u00e1rio consumir uma por dia. As c\u00e1psulas s\u00e3o de origem vegetal, transformando este num produto ideal para pessoas vegetarianas e vegans. Alguns dos seus benef\u00edcios s\u00e3o: Diminuir o cansa\u00e7o e a fadiga. Contribuir para a manuten\u00e7\u00e3o do sistema imunit\u00e1rio em condi\u00e7\u00f5es normais. Contribuir para a manuten\u00e7\u00e3o do metabolismo normal dos macronutrientes. Contribuir para a manuten\u00e7\u00e3o da pele, cabelo e unhas em condi\u00e7\u00f5es normais. Contribuir para a prote\u00e7\u00e3o das c\u00e9lulas frente ao dano oxidativo.Ficha t\u00e9cnica","og_url":"https:\/\/drasanvi.com\/pt\/producto\/ynergy-ativo\/","og_site_name":"Drasanvi Portugal","article_modified_time":"2023-08-11T13:41:15+00:00","twitter_card":"summary_large_image","schema":{"@context":"https:\/\/schema.org","@graph":[{"@type":"WebPage","@id":"https:\/\/drasanvi.com\/pt\/producto\/ynergy-ativo\/","url":"https:\/\/drasanvi.com\/pt\/producto\/ynergy-ativo\/","name":"Ynergy Ativo - Drasanvi Portugal","isPartOf":{"@id":"https:\/\/drasanvi.com\/pt\/#website"},"datePublished":"2022-04-29T08:09:40+00:00","dateModified":"2023-08-11T13:41:15+00:00","breadcrumb":{"@id":"https:\/\/drasanvi.com\/pt\/producto\/ynergy-ativo\/#breadcrumb"},"inLanguage":"pt-PT","potentialAction":[{"@type":"ReadAction","target":["https:\/\/drasanvi.com\/pt\/producto\/ynergy-ativo\/"]}]},{"@type":"BreadcrumbList","@id":"https:\/\/drasanvi.com\/pt\/producto\/ynergy-ativo\/#breadcrumb","itemListElement":[{"@type":"ListItem","position":1,"name":"Portada","item":"https:\/\/drasanvi.com\/pt\/"},{"@type":"ListItem","position":2,"name":"Tienda","item":"https:\/\/drasanvi.com\/pt\/tienda\/"},{"@type":"ListItem","position":3,"name":"Ynergy Ativo"}]},{"@type":"WebSite","@id":"https:\/\/drasanvi.com\/pt\/#website","url":"https:\/\/drasanvi.com\/pt\/","name":"Drasanvi Portugal","description":"L\u00edder en complementos alimenticios y cosm\u00e9tica natural.","publisher":{"@id":"https:\/\/drasanvi.com\/pt\/#organization"},"potentialAction":[{"@type":"SearchAction","target":{"@type":"EntryPoint","urlTemplate":"https:\/\/drasanvi.com\/pt\/?s={search_term_string}"},"query-input":{"@type":"PropertyValueSpecification","valueRequired":true,"valueName":"search_term_string"}}],"inLanguage":"pt-PT"},{"@type":"Organization","@id":"https:\/\/drasanvi.com\/pt\/#organization","name":"Drasanvi","url":"https:\/\/drasanvi.com\/pt\/","logo":{"@type":"ImageObject","inLanguage":"pt-PT","@id":"https:\/\/drasanvi.com\/pt\/#\/schema\/logo\/image\/","url":"https:\/\/drasanvi.com\/wp-content\/uploads\/sites\/6\/2021\/07\/logo-drasanvi.png","contentUrl":"https:\/\/drasanvi.com\/wp-content\/uploads\/sites\/6\/2021\/07\/logo-drasanvi.png","width":900,"height":300,"caption":"Drasanvi"},"image":{"@id":"https:\/\/drasanvi.com\/pt\/#\/schema\/logo\/image\/"}}]}},"_links":{"self":[{"href":"https:\/\/drasanvi.com\/pt\/wp-json\/wp\/v2\/product\/23572","targetHints":{"allow":["GET"]}}],"collection":[{"href":"https:\/\/drasanvi.com\/pt\/wp-json\/wp\/v2\/product"}],"about":[{"href":"https:\/\/drasanvi.com\/pt\/wp-json\/wp\/v2\/types\/product"}],"version-history":[{"count":0,"href":"https:\/\/drasanvi.com\/pt\/wp-json\/wp\/v2\/product\/23572\/revisions"}],"wp:attachment":[{"href":"https:\/\/drasanvi.com\/pt\/wp-json\/wp\/v2\/media?parent=23572"}],"wp:term":[{"taxonomy":"product_cat","embeddable":true,"href":"https:\/\/drasanvi.com\/pt\/wp-json\/wp\/v2\/product_cat?post=23572"},{"taxonomy":"product_tag","embeddable":true,"href":"https:\/\/drasanvi.com\/pt\/wp-json\/wp\/v2\/product_tag?post=23572"}],"curies":[{"name":"wp","href":"https:\/\/api.w.org\/{rel}","templated":true}]}}