{"id":23558,"date":"2022-04-29T10:09:40","date_gmt":"2022-04-29T08:09:40","guid":{"rendered":"https:\/\/drasanvi.com\/pt\/producto\/sport-live-l-glutamina\/"},"modified":"2023-08-11T15:41:10","modified_gmt":"2023-08-11T13:41:10","slug":"sport-live-l-glutamina","status":"publish","type":"product","link":"https:\/\/drasanvi.com\/pt\/producto\/sport-live-l-glutamina\/","title":{"rendered":"Sport Live &#8211; L-Glutamina"},"content":{"rendered":"<p>A Glutamina \u00e9 um amino\u00e1cido n\u00e3o essencial. Isto \u00e9, nosso corpo \u00e9 capaz de sintetiz\u00e1-lo, embora em determinadas situa\u00e7\u00f5es, o organismo pode necessitar mais quantidade.Como bom amino\u00e1cido, a Glutamina entra a formar parte de diversas prote\u00ednas, essenciais para o nosso organismo, como podem ser aquelas que se integram nos <strong>m\u00fasculos ou o sistema imunit\u00e1rio.<\/strong>Nossa L-Glutamina encontra-se de forma livre, da mesma forma que no nosso organismo.<\/p>\n<h2>Ingredientes<\/h2>\n<p>L-Glutamina Kyowa<em>10000 mg <\/em><\/p>\n<h2>Modo de uso<\/h2>\n<p>Tomar 5 g de Glutamina dissolvidos em 100 ml de \u00e1gua durante o pequeno almo\u00e7o e outras 5 g ap\u00f3s o treinamento.Esta toma \u00e9 recomendada para pessoas de 80 Kg (aumentar a por\u00e7\u00e3o de acordo com o peso corporal).<\/p>\n<ul>\n<li>Um copo doseador raso corresponde a 5 g.<\/li>\n<\/ul>\n<h2>Presentaci\u00f3n<\/h2>\n<p>Embalagem de 300 g (10,58 oz)<\/p>\n<h2>Advertencias<\/h2>\n<p>Os suplementos alimentares n\u00e3o devem ser usados como substitutos de um regime alimentar variado e de um modo de vida saud\u00e1vel. N\u00e3o superar a dose di\u00e1ria recomendada. Manter afastado do alcance das crian\u00e7as. Conservar num local seco e fresco.<\/p>\n<h2>Valores nutricionales<\/h2>\n","protected":false},"excerpt":{"rendered":"<p>A Glutamina \u00e9 um amino\u00e1cido n\u00e3o essencial. Isto \u00e9, nosso corpo \u00e9 capaz de sintetiz\u00e1-lo, embora em determinadas situa\u00e7\u00f5es, o organismo pode necessitar mais quantidade.Como bom amino\u00e1cido, a Glutamina entra a formar parte de diversas prote\u00ednas, essenciais para o nosso organismo, como podem ser aquelas que se integram nos <strong>m\u00fasculos ou o sistema imunit\u00e1rio.<\/strong>Nossa L-Glutamina encontra-se de forma livre, da mesma forma que no nosso organismo.<a id=\"boton-ficha\" href=\"https:\/\/panel.drasanvi.com\/fichas\/5\/032050325\">Ficha t\u00e9cnica<\/a><\/p>\n","protected":false},"featured_media":0,"template":"","meta":{"inline_featured_image":false},"product_cat":[97],"product_tag":[],"class_list":["post-23558","product","type-product","status-publish","hentry","product_cat-deporte","pa_contains-apio-no","pa_contains-peanuts-no","pa_contem-crustaceos-no","pa_contem-frutos-secos-no","pa_contem-leite-no","pa_contem-moluscos-no","pa_contem-mostarda-no","pa_contem-ovo-no","pa_contem-peixe-no","pa_contem-sesame-no","pa_contem-soja-no","pa_contiene-altramuces-si","pa_produto-bio-os-suplementos-alimentares-nao-devem-ser-usados-como-substitutos-de-um-regime-alimentar-variado-e-de-um-modo-de-vida-saudavel-nao-superar-a-dose-diaria-recomendada-manter-afastado-do-alcance-da","pa_produto-sem-gluten-no","pa_produto-vegan-no","pa_produto-vegetariano-si"],"yoast_head":"<!-- This site is optimized with the Yoast SEO plugin v27.5 - https:\/\/yoast.com\/product\/yoast-seo-wordpress\/ -->\n<title>Sport Live - L-Glutamina - Drasanvi Portugal<\/title>\n<meta name=\"robots\" content=\"index, follow, max-snippet:-1, max-image-preview:large, max-video-preview:-1\" \/>\n<link rel=\"canonical\" href=\"https:\/\/drasanvi.com\/pt\/producto\/sport-live-l-glutamina\/\" \/>\n<meta property=\"og:locale\" content=\"pt_PT\" \/>\n<meta property=\"og:type\" content=\"article\" \/>\n<meta property=\"og:title\" content=\"Sport Live - L-Glutamina - Drasanvi Portugal\" \/>\n<meta property=\"og:description\" content=\"A Glutamina \u00e9 um amino\u00e1cido n\u00e3o essencial. Isto \u00e9, nosso corpo \u00e9 capaz de sintetiz\u00e1-lo, embora em determinadas situa\u00e7\u00f5es, o organismo pode necessitar mais quantidade.Como bom amino\u00e1cido, a Glutamina entra a formar parte de diversas prote\u00ednas, essenciais para o nosso organismo, como podem ser aquelas que se integram nos m\u00fasculos ou o sistema imunit\u00e1rio.Nossa L-Glutamina encontra-se de forma livre, da mesma forma que no nosso organismo.Ficha t\u00e9cnica\" \/>\n<meta property=\"og:url\" content=\"https:\/\/drasanvi.com\/pt\/producto\/sport-live-l-glutamina\/\" \/>\n<meta property=\"og:site_name\" content=\"Drasanvi Portugal\" \/>\n<meta property=\"article:modified_time\" content=\"2023-08-11T13:41:10+00:00\" \/>\n<meta name=\"twitter:card\" content=\"summary_large_image\" \/>\n<script type=\"application\/ld+json\" class=\"yoast-schema-graph\">{\"@context\":\"https:\\\/\\\/schema.org\",\"@graph\":[{\"@type\":\"WebPage\",\"@id\":\"https:\\\/\\\/drasanvi.com\\\/pt\\\/producto\\\/sport-live-l-glutamina\\\/\",\"url\":\"https:\\\/\\\/drasanvi.com\\\/pt\\\/producto\\\/sport-live-l-glutamina\\\/\",\"name\":\"Sport Live - L-Glutamina - Drasanvi Portugal\",\"isPartOf\":{\"@id\":\"https:\\\/\\\/drasanvi.com\\\/pt\\\/#website\"},\"datePublished\":\"2022-04-29T08:09:40+00:00\",\"dateModified\":\"2023-08-11T13:41:10+00:00\",\"breadcrumb\":{\"@id\":\"https:\\\/\\\/drasanvi.com\\\/pt\\\/producto\\\/sport-live-l-glutamina\\\/#breadcrumb\"},\"inLanguage\":\"pt-PT\",\"potentialAction\":[{\"@type\":\"ReadAction\",\"target\":[\"https:\\\/\\\/drasanvi.com\\\/pt\\\/producto\\\/sport-live-l-glutamina\\\/\"]}]},{\"@type\":\"BreadcrumbList\",\"@id\":\"https:\\\/\\\/drasanvi.com\\\/pt\\\/producto\\\/sport-live-l-glutamina\\\/#breadcrumb\",\"itemListElement\":[{\"@type\":\"ListItem\",\"position\":1,\"name\":\"Portada\",\"item\":\"https:\\\/\\\/drasanvi.com\\\/pt\\\/\"},{\"@type\":\"ListItem\",\"position\":2,\"name\":\"Tienda\",\"item\":\"https:\\\/\\\/drasanvi.com\\\/pt\\\/tienda\\\/\"},{\"@type\":\"ListItem\",\"position\":3,\"name\":\"Sport Live &#8211; L-Glutamina\"}]},{\"@type\":\"WebSite\",\"@id\":\"https:\\\/\\\/drasanvi.com\\\/pt\\\/#website\",\"url\":\"https:\\\/\\\/drasanvi.com\\\/pt\\\/\",\"name\":\"Drasanvi Portugal\",\"description\":\"L\u00edder en complementos alimenticios y cosm\u00e9tica natural.\",\"publisher\":{\"@id\":\"https:\\\/\\\/drasanvi.com\\\/pt\\\/#organization\"},\"potentialAction\":[{\"@type\":\"SearchAction\",\"target\":{\"@type\":\"EntryPoint\",\"urlTemplate\":\"https:\\\/\\\/drasanvi.com\\\/pt\\\/?s={search_term_string}\"},\"query-input\":{\"@type\":\"PropertyValueSpecification\",\"valueRequired\":true,\"valueName\":\"search_term_string\"}}],\"inLanguage\":\"pt-PT\"},{\"@type\":\"Organization\",\"@id\":\"https:\\\/\\\/drasanvi.com\\\/pt\\\/#organization\",\"name\":\"Drasanvi\",\"url\":\"https:\\\/\\\/drasanvi.com\\\/pt\\\/\",\"logo\":{\"@type\":\"ImageObject\",\"inLanguage\":\"pt-PT\",\"@id\":\"https:\\\/\\\/drasanvi.com\\\/pt\\\/#\\\/schema\\\/logo\\\/image\\\/\",\"url\":\"https:\\\/\\\/drasanvi.com\\\/wp-content\\\/uploads\\\/sites\\\/6\\\/2021\\\/07\\\/logo-drasanvi.png\",\"contentUrl\":\"https:\\\/\\\/drasanvi.com\\\/wp-content\\\/uploads\\\/sites\\\/6\\\/2021\\\/07\\\/logo-drasanvi.png\",\"width\":900,\"height\":300,\"caption\":\"Drasanvi\"},\"image\":{\"@id\":\"https:\\\/\\\/drasanvi.com\\\/pt\\\/#\\\/schema\\\/logo\\\/image\\\/\"}}]}<\/script>\n<!-- \/ Yoast SEO plugin. -->","yoast_head_json":{"title":"Sport Live - L-Glutamina - Drasanvi Portugal","robots":{"index":"index","follow":"follow","max-snippet":"max-snippet:-1","max-image-preview":"max-image-preview:large","max-video-preview":"max-video-preview:-1"},"canonical":"https:\/\/drasanvi.com\/pt\/producto\/sport-live-l-glutamina\/","og_locale":"pt_PT","og_type":"article","og_title":"Sport Live - L-Glutamina - Drasanvi Portugal","og_description":"A Glutamina \u00e9 um amino\u00e1cido n\u00e3o essencial. Isto \u00e9, nosso corpo \u00e9 capaz de sintetiz\u00e1-lo, embora em determinadas situa\u00e7\u00f5es, o organismo pode necessitar mais quantidade.Como bom amino\u00e1cido, a Glutamina entra a formar parte de diversas prote\u00ednas, essenciais para o nosso organismo, como podem ser aquelas que se integram nos m\u00fasculos ou o sistema imunit\u00e1rio.Nossa L-Glutamina encontra-se de forma livre, da mesma forma que no nosso organismo.Ficha t\u00e9cnica","og_url":"https:\/\/drasanvi.com\/pt\/producto\/sport-live-l-glutamina\/","og_site_name":"Drasanvi Portugal","article_modified_time":"2023-08-11T13:41:10+00:00","twitter_card":"summary_large_image","schema":{"@context":"https:\/\/schema.org","@graph":[{"@type":"WebPage","@id":"https:\/\/drasanvi.com\/pt\/producto\/sport-live-l-glutamina\/","url":"https:\/\/drasanvi.com\/pt\/producto\/sport-live-l-glutamina\/","name":"Sport Live - L-Glutamina - Drasanvi Portugal","isPartOf":{"@id":"https:\/\/drasanvi.com\/pt\/#website"},"datePublished":"2022-04-29T08:09:40+00:00","dateModified":"2023-08-11T13:41:10+00:00","breadcrumb":{"@id":"https:\/\/drasanvi.com\/pt\/producto\/sport-live-l-glutamina\/#breadcrumb"},"inLanguage":"pt-PT","potentialAction":[{"@type":"ReadAction","target":["https:\/\/drasanvi.com\/pt\/producto\/sport-live-l-glutamina\/"]}]},{"@type":"BreadcrumbList","@id":"https:\/\/drasanvi.com\/pt\/producto\/sport-live-l-glutamina\/#breadcrumb","itemListElement":[{"@type":"ListItem","position":1,"name":"Portada","item":"https:\/\/drasanvi.com\/pt\/"},{"@type":"ListItem","position":2,"name":"Tienda","item":"https:\/\/drasanvi.com\/pt\/tienda\/"},{"@type":"ListItem","position":3,"name":"Sport Live &#8211; L-Glutamina"}]},{"@type":"WebSite","@id":"https:\/\/drasanvi.com\/pt\/#website","url":"https:\/\/drasanvi.com\/pt\/","name":"Drasanvi Portugal","description":"L\u00edder en complementos alimenticios y cosm\u00e9tica natural.","publisher":{"@id":"https:\/\/drasanvi.com\/pt\/#organization"},"potentialAction":[{"@type":"SearchAction","target":{"@type":"EntryPoint","urlTemplate":"https:\/\/drasanvi.com\/pt\/?s={search_term_string}"},"query-input":{"@type":"PropertyValueSpecification","valueRequired":true,"valueName":"search_term_string"}}],"inLanguage":"pt-PT"},{"@type":"Organization","@id":"https:\/\/drasanvi.com\/pt\/#organization","name":"Drasanvi","url":"https:\/\/drasanvi.com\/pt\/","logo":{"@type":"ImageObject","inLanguage":"pt-PT","@id":"https:\/\/drasanvi.com\/pt\/#\/schema\/logo\/image\/","url":"https:\/\/drasanvi.com\/wp-content\/uploads\/sites\/6\/2021\/07\/logo-drasanvi.png","contentUrl":"https:\/\/drasanvi.com\/wp-content\/uploads\/sites\/6\/2021\/07\/logo-drasanvi.png","width":900,"height":300,"caption":"Drasanvi"},"image":{"@id":"https:\/\/drasanvi.com\/pt\/#\/schema\/logo\/image\/"}}]}},"_links":{"self":[{"href":"https:\/\/drasanvi.com\/pt\/wp-json\/wp\/v2\/product\/23558","targetHints":{"allow":["GET"]}}],"collection":[{"href":"https:\/\/drasanvi.com\/pt\/wp-json\/wp\/v2\/product"}],"about":[{"href":"https:\/\/drasanvi.com\/pt\/wp-json\/wp\/v2\/types\/product"}],"version-history":[{"count":0,"href":"https:\/\/drasanvi.com\/pt\/wp-json\/wp\/v2\/product\/23558\/revisions"}],"wp:attachment":[{"href":"https:\/\/drasanvi.com\/pt\/wp-json\/wp\/v2\/media?parent=23558"}],"wp:term":[{"taxonomy":"product_cat","embeddable":true,"href":"https:\/\/drasanvi.com\/pt\/wp-json\/wp\/v2\/product_cat?post=23558"},{"taxonomy":"product_tag","embeddable":true,"href":"https:\/\/drasanvi.com\/pt\/wp-json\/wp\/v2\/product_tag?post=23558"}],"curies":[{"name":"wp","href":"https:\/\/api.w.org\/{rel}","templated":true}]}}