{"id":23540,"date":"2022-04-29T10:08:35","date_gmt":"2022-04-29T08:08:35","guid":{"rendered":"https:\/\/drasanvi.com\/pt\/producto\/sport-live-magnesio-ampolas\/"},"modified":"2023-08-11T15:41:10","modified_gmt":"2023-08-11T13:41:10","slug":"sport-live-magnesio-ampolas","status":"publish","type":"product","link":"https:\/\/drasanvi.com\/pt\/producto\/sport-live-magnesio-ampolas\/","title":{"rendered":"Sport Live \u2013 Magn\u00e9sio ampolas"},"content":{"rendered":"<p>O Magn\u00e9sio \u00e9 um mineral essencial para o organismo, no entanto, devido ao tipo de alimenta\u00e7\u00e3o, as vezes pode existir uma defici\u00eancia. Esta car\u00eancia pode ser maior em desportistas, porque o magn\u00e9sio, entre outros, est\u00e1 relacionado com o cansa\u00e7o, fadiga, s\u00edntese proteica normal e contra\u00e7\u00e3o muscular.O magn\u00e9sio \u00e9 fundamental em aproximadamente 300 rea\u00e7\u00f5es do organismo, por isso, pela sua import\u00e2ncia, escolhemos a melhor fonte de magn\u00e9sio &#8211; o citrato de magn\u00e9sio &#8211; para garantir uma maior biodisponibilidade.<\/p>\n<h2>Ingredientes<\/h2>\n<p>\u00c1gua<em><\/em>, \u00c1cido c\u00edtrico<em>(Acidificante)<\/em>, Citrato de magn\u00e9sio<em>(Magn\u00e9sio 12%)<\/em>2340 mg, Sorbato de pot\u00e1ssio<em>(Conservante)<\/em>, Aroma de p\u00eassego<em>(Aroma)<\/em>, Sucralose<em>(Ado\u00e7ante)<\/em><\/p>\n<h2>Modo de uso<\/h2>\n<p>Tomar uma ampola ao dia. Pode ser tomado ap\u00f3s a atividade f\u00edsica ou antes de dormir.<\/p>\n<h2>Presentaci\u00f3n<\/h2>\n<p>Ampola de 25ml<\/p>\n<h2>Advertencias<\/h2>\n<p>Os suplementos alimentares n\u00e3o devem ser usados como substitutos de um regime equilibrado nem de um estilo de vida saud\u00e1vel. N\u00e3o exceder a dose di\u00e1ria recomendada. Manter afastado do alcance das crian\u00e7as. Conservar num local seco e fresco.<\/p>\n<h2>Valores nutricionales<\/h2>\n<p>por dose di\u00e1ria (25 ml)<\/p>\n<table>\n<tbody>\n<tr>\n<th>Ingredientes<\/th>\n<th>Percentagem<\/th>\n<th>Quantidade<\/th>\n<\/tr>\n<tr>\n<td>Magn\u00e9sio<\/td>\n<td>75%<\/td>\n<td>281,25 mg<\/td>\n<\/tr>\n<\/tbody>\n<\/table>\n<p>% DDR (Dose Diaria Recomendada)<\/p>\n","protected":false},"excerpt":{"rendered":"<p>O Magn\u00e9sio \u00e9 um mineral essencial para o organismo, no entanto, devido ao tipo de alimenta\u00e7\u00e3o, as vezes pode existir uma defici\u00eancia. Esta car\u00eancia pode ser maior em desportistas, porque o magn\u00e9sio, entre outros, est\u00e1 relacionado com o cansa\u00e7o, fadiga, s\u00edntese proteica normal e contra\u00e7\u00e3o muscular.O magn\u00e9sio \u00e9 fundamental em aproximadamente 300 rea\u00e7\u00f5es do organismo, por isso, pela sua import\u00e2ncia, escolhemos a melhor fonte de magn\u00e9sio &#8211; o citrato de magn\u00e9sio &#8211; para garantir uma maior biodisponibilidade.<a id=\"boton-ficha\" href=\"https:\/\/panel.drasanvi.com\/fichas\/5\/032050361\">Ficha t\u00e9cnica<\/a><\/p>\n","protected":false},"featured_media":23542,"template":"","meta":{"inline_featured_image":false},"product_cat":[97],"product_tag":[],"class_list":["post-23540","product","type-product","status-publish","has-post-thumbnail","hentry","product_cat-deporte","pa_contains-apio-no","pa_contains-peanuts-no","pa_contem-crustaceos-no","pa_contem-frutos-secos-no","pa_contem-leite-no","pa_contem-moluscos-no","pa_contem-mostarda-no","pa_contem-ovo-no","pa_contem-peixe-no","pa_contem-sesame-no","pa_contem-soja-no","pa_contiene-altramuces-no","pa_produto-bio-no","pa_produto-sem-gluten-no","pa_produto-vegan-si","pa_produto-vegetariano-no"],"yoast_head":"<!-- This site is optimized with the Yoast SEO plugin v27.5 - https:\/\/yoast.com\/product\/yoast-seo-wordpress\/ -->\n<title>Sport Live \u2013 Magn\u00e9sio ampolas - Drasanvi Portugal<\/title>\n<meta name=\"robots\" content=\"index, follow, max-snippet:-1, max-image-preview:large, max-video-preview:-1\" \/>\n<link rel=\"canonical\" href=\"https:\/\/drasanvi.com\/pt\/producto\/sport-live-magnesio-ampolas\/\" \/>\n<meta property=\"og:locale\" content=\"pt_PT\" \/>\n<meta property=\"og:type\" content=\"article\" \/>\n<meta property=\"og:title\" content=\"Sport Live \u2013 Magn\u00e9sio ampolas - Drasanvi Portugal\" \/>\n<meta property=\"og:description\" content=\"O Magn\u00e9sio \u00e9 um mineral essencial para o organismo, no entanto, devido ao tipo de alimenta\u00e7\u00e3o, as vezes pode existir uma defici\u00eancia. Esta car\u00eancia pode ser maior em desportistas, porque o magn\u00e9sio, entre outros, est\u00e1 relacionado com o cansa\u00e7o, fadiga, s\u00edntese proteica normal e contra\u00e7\u00e3o muscular.O magn\u00e9sio \u00e9 fundamental em aproximadamente 300 rea\u00e7\u00f5es do organismo, por isso, pela sua import\u00e2ncia, escolhemos a melhor fonte de magn\u00e9sio - o citrato de magn\u00e9sio - para garantir uma maior biodisponibilidade.Ficha t\u00e9cnica\" \/>\n<meta property=\"og:url\" content=\"https:\/\/drasanvi.com\/pt\/producto\/sport-live-magnesio-ampolas\/\" \/>\n<meta property=\"og:site_name\" content=\"Drasanvi Portugal\" \/>\n<meta property=\"article:modified_time\" content=\"2023-08-11T13:41:10+00:00\" \/>\n<meta property=\"og:image\" content=\"https:\/\/drasanvi.com\/pt\/wp-content\/uploads\/sites\/6\/2022\/04\/032050361.png\" \/>\n\t<meta property=\"og:image:width\" content=\"1000\" \/>\n\t<meta property=\"og:image:height\" content=\"1000\" \/>\n\t<meta property=\"og:image:type\" content=\"image\/png\" \/>\n<meta name=\"twitter:card\" content=\"summary_large_image\" \/>\n<script type=\"application\/ld+json\" class=\"yoast-schema-graph\">{\"@context\":\"https:\\\/\\\/schema.org\",\"@graph\":[{\"@type\":\"WebPage\",\"@id\":\"https:\\\/\\\/drasanvi.com\\\/pt\\\/producto\\\/sport-live-magnesio-ampolas\\\/\",\"url\":\"https:\\\/\\\/drasanvi.com\\\/pt\\\/producto\\\/sport-live-magnesio-ampolas\\\/\",\"name\":\"Sport Live \u2013 Magn\u00e9sio ampolas - Drasanvi Portugal\",\"isPartOf\":{\"@id\":\"https:\\\/\\\/drasanvi.com\\\/pt\\\/#website\"},\"primaryImageOfPage\":{\"@id\":\"https:\\\/\\\/drasanvi.com\\\/pt\\\/producto\\\/sport-live-magnesio-ampolas\\\/#primaryimage\"},\"image\":{\"@id\":\"https:\\\/\\\/drasanvi.com\\\/pt\\\/producto\\\/sport-live-magnesio-ampolas\\\/#primaryimage\"},\"thumbnailUrl\":\"https:\\\/\\\/drasanvi.com\\\/pt\\\/wp-content\\\/uploads\\\/sites\\\/6\\\/2022\\\/04\\\/032050361.png\",\"datePublished\":\"2022-04-29T08:08:35+00:00\",\"dateModified\":\"2023-08-11T13:41:10+00:00\",\"breadcrumb\":{\"@id\":\"https:\\\/\\\/drasanvi.com\\\/pt\\\/producto\\\/sport-live-magnesio-ampolas\\\/#breadcrumb\"},\"inLanguage\":\"pt-PT\",\"potentialAction\":[{\"@type\":\"ReadAction\",\"target\":[\"https:\\\/\\\/drasanvi.com\\\/pt\\\/producto\\\/sport-live-magnesio-ampolas\\\/\"]}]},{\"@type\":\"ImageObject\",\"inLanguage\":\"pt-PT\",\"@id\":\"https:\\\/\\\/drasanvi.com\\\/pt\\\/producto\\\/sport-live-magnesio-ampolas\\\/#primaryimage\",\"url\":\"https:\\\/\\\/drasanvi.com\\\/pt\\\/wp-content\\\/uploads\\\/sites\\\/6\\\/2022\\\/04\\\/032050361.png\",\"contentUrl\":\"https:\\\/\\\/drasanvi.com\\\/pt\\\/wp-content\\\/uploads\\\/sites\\\/6\\\/2022\\\/04\\\/032050361.png\",\"width\":1000,\"height\":1000},{\"@type\":\"BreadcrumbList\",\"@id\":\"https:\\\/\\\/drasanvi.com\\\/pt\\\/producto\\\/sport-live-magnesio-ampolas\\\/#breadcrumb\",\"itemListElement\":[{\"@type\":\"ListItem\",\"position\":1,\"name\":\"Portada\",\"item\":\"https:\\\/\\\/drasanvi.com\\\/pt\\\/\"},{\"@type\":\"ListItem\",\"position\":2,\"name\":\"Tienda\",\"item\":\"https:\\\/\\\/drasanvi.com\\\/pt\\\/tienda\\\/\"},{\"@type\":\"ListItem\",\"position\":3,\"name\":\"Sport Live \u2013 Magn\u00e9sio ampolas\"}]},{\"@type\":\"WebSite\",\"@id\":\"https:\\\/\\\/drasanvi.com\\\/pt\\\/#website\",\"url\":\"https:\\\/\\\/drasanvi.com\\\/pt\\\/\",\"name\":\"Drasanvi Portugal\",\"description\":\"L\u00edder en complementos alimenticios y cosm\u00e9tica natural.\",\"publisher\":{\"@id\":\"https:\\\/\\\/drasanvi.com\\\/pt\\\/#organization\"},\"potentialAction\":[{\"@type\":\"SearchAction\",\"target\":{\"@type\":\"EntryPoint\",\"urlTemplate\":\"https:\\\/\\\/drasanvi.com\\\/pt\\\/?s={search_term_string}\"},\"query-input\":{\"@type\":\"PropertyValueSpecification\",\"valueRequired\":true,\"valueName\":\"search_term_string\"}}],\"inLanguage\":\"pt-PT\"},{\"@type\":\"Organization\",\"@id\":\"https:\\\/\\\/drasanvi.com\\\/pt\\\/#organization\",\"name\":\"Drasanvi\",\"url\":\"https:\\\/\\\/drasanvi.com\\\/pt\\\/\",\"logo\":{\"@type\":\"ImageObject\",\"inLanguage\":\"pt-PT\",\"@id\":\"https:\\\/\\\/drasanvi.com\\\/pt\\\/#\\\/schema\\\/logo\\\/image\\\/\",\"url\":\"https:\\\/\\\/drasanvi.com\\\/wp-content\\\/uploads\\\/sites\\\/6\\\/2021\\\/07\\\/logo-drasanvi.png\",\"contentUrl\":\"https:\\\/\\\/drasanvi.com\\\/wp-content\\\/uploads\\\/sites\\\/6\\\/2021\\\/07\\\/logo-drasanvi.png\",\"width\":900,\"height\":300,\"caption\":\"Drasanvi\"},\"image\":{\"@id\":\"https:\\\/\\\/drasanvi.com\\\/pt\\\/#\\\/schema\\\/logo\\\/image\\\/\"}}]}<\/script>\n<!-- \/ Yoast SEO plugin. -->","yoast_head_json":{"title":"Sport Live \u2013 Magn\u00e9sio ampolas - Drasanvi Portugal","robots":{"index":"index","follow":"follow","max-snippet":"max-snippet:-1","max-image-preview":"max-image-preview:large","max-video-preview":"max-video-preview:-1"},"canonical":"https:\/\/drasanvi.com\/pt\/producto\/sport-live-magnesio-ampolas\/","og_locale":"pt_PT","og_type":"article","og_title":"Sport Live \u2013 Magn\u00e9sio ampolas - Drasanvi Portugal","og_description":"O Magn\u00e9sio \u00e9 um mineral essencial para o organismo, no entanto, devido ao tipo de alimenta\u00e7\u00e3o, as vezes pode existir uma defici\u00eancia. Esta car\u00eancia pode ser maior em desportistas, porque o magn\u00e9sio, entre outros, est\u00e1 relacionado com o cansa\u00e7o, fadiga, s\u00edntese proteica normal e contra\u00e7\u00e3o muscular.O magn\u00e9sio \u00e9 fundamental em aproximadamente 300 rea\u00e7\u00f5es do organismo, por isso, pela sua import\u00e2ncia, escolhemos a melhor fonte de magn\u00e9sio - o citrato de magn\u00e9sio - para garantir uma maior biodisponibilidade.Ficha t\u00e9cnica","og_url":"https:\/\/drasanvi.com\/pt\/producto\/sport-live-magnesio-ampolas\/","og_site_name":"Drasanvi Portugal","article_modified_time":"2023-08-11T13:41:10+00:00","og_image":[{"width":1000,"height":1000,"url":"https:\/\/drasanvi.com\/pt\/wp-content\/uploads\/sites\/6\/2022\/04\/032050361.png","type":"image\/png"}],"twitter_card":"summary_large_image","schema":{"@context":"https:\/\/schema.org","@graph":[{"@type":"WebPage","@id":"https:\/\/drasanvi.com\/pt\/producto\/sport-live-magnesio-ampolas\/","url":"https:\/\/drasanvi.com\/pt\/producto\/sport-live-magnesio-ampolas\/","name":"Sport Live \u2013 Magn\u00e9sio ampolas - Drasanvi Portugal","isPartOf":{"@id":"https:\/\/drasanvi.com\/pt\/#website"},"primaryImageOfPage":{"@id":"https:\/\/drasanvi.com\/pt\/producto\/sport-live-magnesio-ampolas\/#primaryimage"},"image":{"@id":"https:\/\/drasanvi.com\/pt\/producto\/sport-live-magnesio-ampolas\/#primaryimage"},"thumbnailUrl":"https:\/\/drasanvi.com\/pt\/wp-content\/uploads\/sites\/6\/2022\/04\/032050361.png","datePublished":"2022-04-29T08:08:35+00:00","dateModified":"2023-08-11T13:41:10+00:00","breadcrumb":{"@id":"https:\/\/drasanvi.com\/pt\/producto\/sport-live-magnesio-ampolas\/#breadcrumb"},"inLanguage":"pt-PT","potentialAction":[{"@type":"ReadAction","target":["https:\/\/drasanvi.com\/pt\/producto\/sport-live-magnesio-ampolas\/"]}]},{"@type":"ImageObject","inLanguage":"pt-PT","@id":"https:\/\/drasanvi.com\/pt\/producto\/sport-live-magnesio-ampolas\/#primaryimage","url":"https:\/\/drasanvi.com\/pt\/wp-content\/uploads\/sites\/6\/2022\/04\/032050361.png","contentUrl":"https:\/\/drasanvi.com\/pt\/wp-content\/uploads\/sites\/6\/2022\/04\/032050361.png","width":1000,"height":1000},{"@type":"BreadcrumbList","@id":"https:\/\/drasanvi.com\/pt\/producto\/sport-live-magnesio-ampolas\/#breadcrumb","itemListElement":[{"@type":"ListItem","position":1,"name":"Portada","item":"https:\/\/drasanvi.com\/pt\/"},{"@type":"ListItem","position":2,"name":"Tienda","item":"https:\/\/drasanvi.com\/pt\/tienda\/"},{"@type":"ListItem","position":3,"name":"Sport Live \u2013 Magn\u00e9sio ampolas"}]},{"@type":"WebSite","@id":"https:\/\/drasanvi.com\/pt\/#website","url":"https:\/\/drasanvi.com\/pt\/","name":"Drasanvi Portugal","description":"L\u00edder en complementos alimenticios y cosm\u00e9tica natural.","publisher":{"@id":"https:\/\/drasanvi.com\/pt\/#organization"},"potentialAction":[{"@type":"SearchAction","target":{"@type":"EntryPoint","urlTemplate":"https:\/\/drasanvi.com\/pt\/?s={search_term_string}"},"query-input":{"@type":"PropertyValueSpecification","valueRequired":true,"valueName":"search_term_string"}}],"inLanguage":"pt-PT"},{"@type":"Organization","@id":"https:\/\/drasanvi.com\/pt\/#organization","name":"Drasanvi","url":"https:\/\/drasanvi.com\/pt\/","logo":{"@type":"ImageObject","inLanguage":"pt-PT","@id":"https:\/\/drasanvi.com\/pt\/#\/schema\/logo\/image\/","url":"https:\/\/drasanvi.com\/wp-content\/uploads\/sites\/6\/2021\/07\/logo-drasanvi.png","contentUrl":"https:\/\/drasanvi.com\/wp-content\/uploads\/sites\/6\/2021\/07\/logo-drasanvi.png","width":900,"height":300,"caption":"Drasanvi"},"image":{"@id":"https:\/\/drasanvi.com\/pt\/#\/schema\/logo\/image\/"}}]}},"_links":{"self":[{"href":"https:\/\/drasanvi.com\/pt\/wp-json\/wp\/v2\/product\/23540","targetHints":{"allow":["GET"]}}],"collection":[{"href":"https:\/\/drasanvi.com\/pt\/wp-json\/wp\/v2\/product"}],"about":[{"href":"https:\/\/drasanvi.com\/pt\/wp-json\/wp\/v2\/types\/product"}],"version-history":[{"count":0,"href":"https:\/\/drasanvi.com\/pt\/wp-json\/wp\/v2\/product\/23540\/revisions"}],"wp:featuredmedia":[{"embeddable":true,"href":"https:\/\/drasanvi.com\/pt\/wp-json\/wp\/v2\/media\/23542"}],"wp:attachment":[{"href":"https:\/\/drasanvi.com\/pt\/wp-json\/wp\/v2\/media?parent=23540"}],"wp:term":[{"taxonomy":"product_cat","embeddable":true,"href":"https:\/\/drasanvi.com\/pt\/wp-json\/wp\/v2\/product_cat?post=23540"},{"taxonomy":"product_tag","embeddable":true,"href":"https:\/\/drasanvi.com\/pt\/wp-json\/wp\/v2\/product_tag?post=23540"}],"curies":[{"name":"wp","href":"https:\/\/api.w.org\/{rel}","templated":true}]}}