{"id":23528,"date":"2022-04-29T10:08:35","date_gmt":"2022-04-29T08:08:35","guid":{"rendered":"https:\/\/drasanvi.com\/pt\/producto\/whey-protein-isolado-de-morango\/"},"modified":"2023-08-11T15:41:14","modified_gmt":"2023-08-11T13:41:14","slug":"whey-protein-isolado-de-morango","status":"publish","type":"product","link":"https:\/\/drasanvi.com\/pt\/producto\/whey-protein-isolado-de-morango\/","title":{"rendered":"Whey Protein Isolado de Morango"},"content":{"rendered":"<p>Whey Protein com sabor a Morango \u00e9 um suplemento alimentar a base de prote\u00ednas de alta pureza. Esta fonte proteica prov\u00e9m de um isolado de soro de leite obtido por microfiltra\u00e7\u00e3o e ultrafiltra\u00e7\u00e3o. A qualidade da nossa prote\u00edna permite-nos obter um produto de alta concentra\u00e7\u00e3o em prote\u00ednas (pr\u00f3ximo de 80%) e extremamente baixo em hidratos de carbono e livre de gorduras. A sua elevada pureza fornece uma grande quantidade de amino\u00e1cidos ramificados, presentes de forma natural na prote\u00edna, assim como amino\u00e1cidos essenciais e minerais como o c\u00e1lcio e o f\u00f3sforo. Para melhorar a qualidade do produto, acrescentamos amino\u00e1cidos como a Glutamina e a Leucina, e minerais como o Magn\u00e9sio, que contribui para a s\u00edntese de prote\u00ednas.<\/p>\n<h2>Ingredientes<\/h2>\n<p><b style=\"text-decoration: underline\">Prote\u00edna isolada de soro de leite por microfiltra\u00e7\u00e3o e ultrafiltra\u00e7\u00e3o (Emulsionante: Lecitina de Soja)<\/b><em><\/em>27,033 g, Aroma morango, amora, framboesa<em>\u00a0(Aromas)<\/em>, \u00d3xido de magn\u00e9sio<em><\/em>0,625 g, L-Glutamina<em><\/em>0,4 g, L-Leucina<em><\/em>0,4 g, \u00c1cido c\u00edtrico<em>(Acidificante)<\/em>, Beterraba<em>(Corante)<\/em>, Sucralose<em>(Ado\u00e7ante)<\/em>, Vermelho Carnosina*<em>(Corante)<\/em><\/p>\n<h2>Modo de uso<\/h2>\n<p>Tomar 30 g (3\/4 do copo doseador) dissolvidos em 250 &#8211; 300 ml de \u00e1gua ou leite meio gordo. No geral, deve ser tomado ap\u00f3s o exerc\u00edcio.<\/p>\n<h2>Presentaci\u00f3n<\/h2>\n<p>Embalagem de 800g (28,22 oz.)<\/p>\n<h2>Advertencias<\/h2>\n<p>Suplemento alimentar com EdulcoranteOs suplementos alimentares n\u00e3o devem ser usados como substitutos de um regime alimentar variado e de um modo de vida saud\u00e1vel. N\u00e3o superar a dose di\u00e1ria recomendada.Manter afastado do alcance das crian\u00e7as. Conservar num local seco e fresco.*Pode ter efeitos prejudiciais sobre a aten\u00e7\u00e3o em crian\u00e7as.Cont\u00e9m leite e soja<\/p>\n<h2>Valores nutricionales<\/h2>\n<table>\n<tbody>\n<tr>\n<td><\/td>\n<td>Por 100 g<\/td>\n<td>Por dose di\u00e1ria<\/td>\n<\/tr>\n<tr>\n<td>Valor energ\u00e9tico<\/td>\n<td>1396 KJ (332 Kcal)<\/td>\n<td>419 KJ (100 Kcal)<\/td>\n<\/tr>\n<tr>\n<td>Gorduras<\/td>\n<td>0 g<\/td>\n<td>0 g<\/td>\n<\/tr>\n<tr>\n<td>Das quais saturadas<\/td>\n<td>0 g<\/td>\n<td>0 g<\/td>\n<\/tr>\n<tr>\n<td>Hidratos de carbono<\/td>\n<td>2 g<\/td>\n<td>0,7 g<\/td>\n<\/tr>\n<tr>\n<td>Dos quais a\u00e7\u00facares<\/td>\n<td>2 g<\/td>\n<td>0,7 g<\/td>\n<\/tr>\n<tr>\n<td>Prote\u00ednas<\/td>\n<td>80 g<\/td>\n<td>24 g<\/td>\n<\/tr>\n<tr>\n<td>Sal<\/td>\n<td>0,46 g<\/td>\n<td>0,14 g<\/td>\n<\/tr>\n<tr>\n<td>Fibra<\/td>\n<td>0g<\/td>\n<td>0 g<\/td>\n<\/tr>\n<\/tbody>\n<\/table>\n<table>\n<tbody>\n<tr>\n<td>INGREDIENTE<\/td>\n<td>POR 100 G<\/td>\n<td>POR DOSE<\/td>\n<td>% DDR<\/td>\n<\/tr>\n<tr>\n<td>Magn\u00e9sio<\/td>\n<td>1086,67 mg<\/td>\n<td>326 mg<\/td>\n<td>87%<\/td>\n<\/tr>\n<\/tbody>\n<\/table>\n<p>% DDR (Dose Di\u00e1ria Recomendada)<\/p>\n","protected":false},"excerpt":{"rendered":"<p>Whey Protein com sabor a Morango \u00e9 um suplemento alimentar a base de prote\u00ednas de alta pureza. Esta fonte proteica prov\u00e9m de um isolado de soro de leite obtido por microfiltra\u00e7\u00e3o e ultrafiltra\u00e7\u00e3o. A qualidade da nossa prote\u00edna permite-nos obter um produto de alta concentra\u00e7\u00e3o em prote\u00ednas (pr\u00f3ximo de 80%) e extremamente baixo em hidratos de carbono e livre de gorduras. A sua elevada pureza fornece uma grande quantidade de amino\u00e1cidos ramificados, presentes de forma natural na prote\u00edna, assim como amino\u00e1cidos essenciais e minerais como o c\u00e1lcio e o f\u00f3sforo. Para melhorar a qualidade do produto, acrescentamos amino\u00e1cidos como a Glutamina e a Leucina, e minerais como o Magn\u00e9sio, que contribui para a s\u00edntese de prote\u00ednas.<a id=\"boton-ficha\" href=\"https:\/\/panel.drasanvi.com\/fichas\/5\/032050285\">Ficha t\u00e9cnica<\/a><\/p>\n","protected":false},"featured_media":23530,"template":"","meta":{"inline_featured_image":false},"product_cat":[97],"product_tag":[],"class_list":["post-23528","product","type-product","status-publish","has-post-thumbnail","hentry","product_cat-deporte","pa_contains-apio-no","pa_contains-peanuts-no","pa_contem-crustaceos-no","pa_contem-frutos-secos-no","pa_contem-leite-si","pa_contem-moluscos-no","pa_contem-mostarda-no","pa_contem-ovo-no","pa_contem-peixe-no","pa_contem-sesame-no","pa_contem-soja-no","pa_contiene-altramuces-no","pa_produto-bio-no","pa_produto-sem-gluten-no","pa_produto-vegan-no","pa_produto-vegetariano-si"],"yoast_head":"<!-- This site is optimized with the Yoast SEO plugin v27.5 - https:\/\/yoast.com\/product\/yoast-seo-wordpress\/ -->\n<title>Whey Protein Isolado de Morango - Drasanvi Portugal<\/title>\n<meta name=\"robots\" content=\"index, follow, max-snippet:-1, max-image-preview:large, max-video-preview:-1\" \/>\n<link rel=\"canonical\" href=\"https:\/\/drasanvi.com\/pt\/producto\/whey-protein-isolado-de-morango\/\" \/>\n<meta property=\"og:locale\" content=\"pt_PT\" \/>\n<meta property=\"og:type\" content=\"article\" \/>\n<meta property=\"og:title\" content=\"Whey Protein Isolado de Morango - Drasanvi Portugal\" \/>\n<meta property=\"og:description\" content=\"Whey Protein com sabor a Morango \u00e9 um suplemento alimentar a base de prote\u00ednas de alta pureza. Esta fonte proteica prov\u00e9m de um isolado de soro de leite obtido por microfiltra\u00e7\u00e3o e ultrafiltra\u00e7\u00e3o. A qualidade da nossa prote\u00edna permite-nos obter um produto de alta concentra\u00e7\u00e3o em prote\u00ednas (pr\u00f3ximo de 80%) e extremamente baixo em hidratos de carbono e livre de gorduras. A sua elevada pureza fornece uma grande quantidade de amino\u00e1cidos ramificados, presentes de forma natural na prote\u00edna, assim como amino\u00e1cidos essenciais e minerais como o c\u00e1lcio e o f\u00f3sforo. Para melhorar a qualidade do produto, acrescentamos amino\u00e1cidos como a Glutamina e a Leucina, e minerais como o Magn\u00e9sio, que contribui para a s\u00edntese de prote\u00ednas.Ficha t\u00e9cnica\" \/>\n<meta property=\"og:url\" content=\"https:\/\/drasanvi.com\/pt\/producto\/whey-protein-isolado-de-morango\/\" \/>\n<meta property=\"og:site_name\" content=\"Drasanvi Portugal\" \/>\n<meta property=\"article:modified_time\" content=\"2023-08-11T13:41:14+00:00\" \/>\n<meta property=\"og:image\" content=\"https:\/\/drasanvi.com\/pt\/wp-content\/uploads\/sites\/6\/2022\/04\/032050285.png\" \/>\n\t<meta property=\"og:image:width\" content=\"1000\" \/>\n\t<meta property=\"og:image:height\" content=\"1000\" \/>\n\t<meta property=\"og:image:type\" content=\"image\/png\" \/>\n<meta name=\"twitter:card\" content=\"summary_large_image\" \/>\n<script type=\"application\/ld+json\" class=\"yoast-schema-graph\">{\"@context\":\"https:\\\/\\\/schema.org\",\"@graph\":[{\"@type\":\"WebPage\",\"@id\":\"https:\\\/\\\/drasanvi.com\\\/pt\\\/producto\\\/whey-protein-isolado-de-morango\\\/\",\"url\":\"https:\\\/\\\/drasanvi.com\\\/pt\\\/producto\\\/whey-protein-isolado-de-morango\\\/\",\"name\":\"Whey Protein Isolado de Morango - Drasanvi Portugal\",\"isPartOf\":{\"@id\":\"https:\\\/\\\/drasanvi.com\\\/pt\\\/#website\"},\"primaryImageOfPage\":{\"@id\":\"https:\\\/\\\/drasanvi.com\\\/pt\\\/producto\\\/whey-protein-isolado-de-morango\\\/#primaryimage\"},\"image\":{\"@id\":\"https:\\\/\\\/drasanvi.com\\\/pt\\\/producto\\\/whey-protein-isolado-de-morango\\\/#primaryimage\"},\"thumbnailUrl\":\"https:\\\/\\\/drasanvi.com\\\/pt\\\/wp-content\\\/uploads\\\/sites\\\/6\\\/2022\\\/04\\\/032050285.png\",\"datePublished\":\"2022-04-29T08:08:35+00:00\",\"dateModified\":\"2023-08-11T13:41:14+00:00\",\"breadcrumb\":{\"@id\":\"https:\\\/\\\/drasanvi.com\\\/pt\\\/producto\\\/whey-protein-isolado-de-morango\\\/#breadcrumb\"},\"inLanguage\":\"pt-PT\",\"potentialAction\":[{\"@type\":\"ReadAction\",\"target\":[\"https:\\\/\\\/drasanvi.com\\\/pt\\\/producto\\\/whey-protein-isolado-de-morango\\\/\"]}]},{\"@type\":\"ImageObject\",\"inLanguage\":\"pt-PT\",\"@id\":\"https:\\\/\\\/drasanvi.com\\\/pt\\\/producto\\\/whey-protein-isolado-de-morango\\\/#primaryimage\",\"url\":\"https:\\\/\\\/drasanvi.com\\\/pt\\\/wp-content\\\/uploads\\\/sites\\\/6\\\/2022\\\/04\\\/032050285.png\",\"contentUrl\":\"https:\\\/\\\/drasanvi.com\\\/pt\\\/wp-content\\\/uploads\\\/sites\\\/6\\\/2022\\\/04\\\/032050285.png\",\"width\":1000,\"height\":1000},{\"@type\":\"BreadcrumbList\",\"@id\":\"https:\\\/\\\/drasanvi.com\\\/pt\\\/producto\\\/whey-protein-isolado-de-morango\\\/#breadcrumb\",\"itemListElement\":[{\"@type\":\"ListItem\",\"position\":1,\"name\":\"Portada\",\"item\":\"https:\\\/\\\/drasanvi.com\\\/pt\\\/\"},{\"@type\":\"ListItem\",\"position\":2,\"name\":\"Tienda\",\"item\":\"https:\\\/\\\/drasanvi.com\\\/pt\\\/tienda\\\/\"},{\"@type\":\"ListItem\",\"position\":3,\"name\":\"Whey Protein Isolado de Morango\"}]},{\"@type\":\"WebSite\",\"@id\":\"https:\\\/\\\/drasanvi.com\\\/pt\\\/#website\",\"url\":\"https:\\\/\\\/drasanvi.com\\\/pt\\\/\",\"name\":\"Drasanvi Portugal\",\"description\":\"L\u00edder en complementos alimenticios y cosm\u00e9tica natural.\",\"publisher\":{\"@id\":\"https:\\\/\\\/drasanvi.com\\\/pt\\\/#organization\"},\"potentialAction\":[{\"@type\":\"SearchAction\",\"target\":{\"@type\":\"EntryPoint\",\"urlTemplate\":\"https:\\\/\\\/drasanvi.com\\\/pt\\\/?s={search_term_string}\"},\"query-input\":{\"@type\":\"PropertyValueSpecification\",\"valueRequired\":true,\"valueName\":\"search_term_string\"}}],\"inLanguage\":\"pt-PT\"},{\"@type\":\"Organization\",\"@id\":\"https:\\\/\\\/drasanvi.com\\\/pt\\\/#organization\",\"name\":\"Drasanvi\",\"url\":\"https:\\\/\\\/drasanvi.com\\\/pt\\\/\",\"logo\":{\"@type\":\"ImageObject\",\"inLanguage\":\"pt-PT\",\"@id\":\"https:\\\/\\\/drasanvi.com\\\/pt\\\/#\\\/schema\\\/logo\\\/image\\\/\",\"url\":\"https:\\\/\\\/drasanvi.com\\\/wp-content\\\/uploads\\\/sites\\\/6\\\/2021\\\/07\\\/logo-drasanvi.png\",\"contentUrl\":\"https:\\\/\\\/drasanvi.com\\\/wp-content\\\/uploads\\\/sites\\\/6\\\/2021\\\/07\\\/logo-drasanvi.png\",\"width\":900,\"height\":300,\"caption\":\"Drasanvi\"},\"image\":{\"@id\":\"https:\\\/\\\/drasanvi.com\\\/pt\\\/#\\\/schema\\\/logo\\\/image\\\/\"}}]}<\/script>\n<!-- \/ Yoast SEO plugin. -->","yoast_head_json":{"title":"Whey Protein Isolado de Morango - Drasanvi Portugal","robots":{"index":"index","follow":"follow","max-snippet":"max-snippet:-1","max-image-preview":"max-image-preview:large","max-video-preview":"max-video-preview:-1"},"canonical":"https:\/\/drasanvi.com\/pt\/producto\/whey-protein-isolado-de-morango\/","og_locale":"pt_PT","og_type":"article","og_title":"Whey Protein Isolado de Morango - Drasanvi Portugal","og_description":"Whey Protein com sabor a Morango \u00e9 um suplemento alimentar a base de prote\u00ednas de alta pureza. Esta fonte proteica prov\u00e9m de um isolado de soro de leite obtido por microfiltra\u00e7\u00e3o e ultrafiltra\u00e7\u00e3o. A qualidade da nossa prote\u00edna permite-nos obter um produto de alta concentra\u00e7\u00e3o em prote\u00ednas (pr\u00f3ximo de 80%) e extremamente baixo em hidratos de carbono e livre de gorduras. A sua elevada pureza fornece uma grande quantidade de amino\u00e1cidos ramificados, presentes de forma natural na prote\u00edna, assim como amino\u00e1cidos essenciais e minerais como o c\u00e1lcio e o f\u00f3sforo. Para melhorar a qualidade do produto, acrescentamos amino\u00e1cidos como a Glutamina e a Leucina, e minerais como o Magn\u00e9sio, que contribui para a s\u00edntese de prote\u00ednas.Ficha t\u00e9cnica","og_url":"https:\/\/drasanvi.com\/pt\/producto\/whey-protein-isolado-de-morango\/","og_site_name":"Drasanvi Portugal","article_modified_time":"2023-08-11T13:41:14+00:00","og_image":[{"width":1000,"height":1000,"url":"https:\/\/drasanvi.com\/pt\/wp-content\/uploads\/sites\/6\/2022\/04\/032050285.png","type":"image\/png"}],"twitter_card":"summary_large_image","schema":{"@context":"https:\/\/schema.org","@graph":[{"@type":"WebPage","@id":"https:\/\/drasanvi.com\/pt\/producto\/whey-protein-isolado-de-morango\/","url":"https:\/\/drasanvi.com\/pt\/producto\/whey-protein-isolado-de-morango\/","name":"Whey Protein Isolado de Morango - Drasanvi Portugal","isPartOf":{"@id":"https:\/\/drasanvi.com\/pt\/#website"},"primaryImageOfPage":{"@id":"https:\/\/drasanvi.com\/pt\/producto\/whey-protein-isolado-de-morango\/#primaryimage"},"image":{"@id":"https:\/\/drasanvi.com\/pt\/producto\/whey-protein-isolado-de-morango\/#primaryimage"},"thumbnailUrl":"https:\/\/drasanvi.com\/pt\/wp-content\/uploads\/sites\/6\/2022\/04\/032050285.png","datePublished":"2022-04-29T08:08:35+00:00","dateModified":"2023-08-11T13:41:14+00:00","breadcrumb":{"@id":"https:\/\/drasanvi.com\/pt\/producto\/whey-protein-isolado-de-morango\/#breadcrumb"},"inLanguage":"pt-PT","potentialAction":[{"@type":"ReadAction","target":["https:\/\/drasanvi.com\/pt\/producto\/whey-protein-isolado-de-morango\/"]}]},{"@type":"ImageObject","inLanguage":"pt-PT","@id":"https:\/\/drasanvi.com\/pt\/producto\/whey-protein-isolado-de-morango\/#primaryimage","url":"https:\/\/drasanvi.com\/pt\/wp-content\/uploads\/sites\/6\/2022\/04\/032050285.png","contentUrl":"https:\/\/drasanvi.com\/pt\/wp-content\/uploads\/sites\/6\/2022\/04\/032050285.png","width":1000,"height":1000},{"@type":"BreadcrumbList","@id":"https:\/\/drasanvi.com\/pt\/producto\/whey-protein-isolado-de-morango\/#breadcrumb","itemListElement":[{"@type":"ListItem","position":1,"name":"Portada","item":"https:\/\/drasanvi.com\/pt\/"},{"@type":"ListItem","position":2,"name":"Tienda","item":"https:\/\/drasanvi.com\/pt\/tienda\/"},{"@type":"ListItem","position":3,"name":"Whey Protein Isolado de Morango"}]},{"@type":"WebSite","@id":"https:\/\/drasanvi.com\/pt\/#website","url":"https:\/\/drasanvi.com\/pt\/","name":"Drasanvi Portugal","description":"L\u00edder en complementos alimenticios y cosm\u00e9tica natural.","publisher":{"@id":"https:\/\/drasanvi.com\/pt\/#organization"},"potentialAction":[{"@type":"SearchAction","target":{"@type":"EntryPoint","urlTemplate":"https:\/\/drasanvi.com\/pt\/?s={search_term_string}"},"query-input":{"@type":"PropertyValueSpecification","valueRequired":true,"valueName":"search_term_string"}}],"inLanguage":"pt-PT"},{"@type":"Organization","@id":"https:\/\/drasanvi.com\/pt\/#organization","name":"Drasanvi","url":"https:\/\/drasanvi.com\/pt\/","logo":{"@type":"ImageObject","inLanguage":"pt-PT","@id":"https:\/\/drasanvi.com\/pt\/#\/schema\/logo\/image\/","url":"https:\/\/drasanvi.com\/wp-content\/uploads\/sites\/6\/2021\/07\/logo-drasanvi.png","contentUrl":"https:\/\/drasanvi.com\/wp-content\/uploads\/sites\/6\/2021\/07\/logo-drasanvi.png","width":900,"height":300,"caption":"Drasanvi"},"image":{"@id":"https:\/\/drasanvi.com\/pt\/#\/schema\/logo\/image\/"}}]}},"_links":{"self":[{"href":"https:\/\/drasanvi.com\/pt\/wp-json\/wp\/v2\/product\/23528","targetHints":{"allow":["GET"]}}],"collection":[{"href":"https:\/\/drasanvi.com\/pt\/wp-json\/wp\/v2\/product"}],"about":[{"href":"https:\/\/drasanvi.com\/pt\/wp-json\/wp\/v2\/types\/product"}],"version-history":[{"count":0,"href":"https:\/\/drasanvi.com\/pt\/wp-json\/wp\/v2\/product\/23528\/revisions"}],"wp:featuredmedia":[{"embeddable":true,"href":"https:\/\/drasanvi.com\/pt\/wp-json\/wp\/v2\/media\/23530"}],"wp:attachment":[{"href":"https:\/\/drasanvi.com\/pt\/wp-json\/wp\/v2\/media?parent=23528"}],"wp:term":[{"taxonomy":"product_cat","embeddable":true,"href":"https:\/\/drasanvi.com\/pt\/wp-json\/wp\/v2\/product_cat?post=23528"},{"taxonomy":"product_tag","embeddable":true,"href":"https:\/\/drasanvi.com\/pt\/wp-json\/wp\/v2\/product_tag?post=23528"}],"curies":[{"name":"wp","href":"https:\/\/api.w.org\/{rel}","templated":true}]}}