{"id":23519,"date":"2022-04-29T10:08:35","date_gmt":"2022-04-29T08:08:35","guid":{"rendered":"https:\/\/drasanvi.com\/pt\/producto\/sport-live-termogen\/"},"modified":"2023-08-11T15:41:10","modified_gmt":"2023-08-11T13:41:10","slug":"sport-live-termogen","status":"publish","type":"product","link":"https:\/\/drasanvi.com\/pt\/producto\/sport-live-termogen\/","title":{"rendered":"Sport Live &#8211; TermoGen"},"content":{"rendered":"<p>Suplemento alimentar que gra\u00e7as a ac\u00e7\u00e3o de tr\u00eas grupos de ingredientes, pensado para desportistas.A sinergia dos seus ingredientes, que junto ao cr\u00f3mio contribui ao metabolismo dos macro-nutrientes, fundamental para o bom desenvolvimento do organismo.<\/p>\n<h2>Ingredientes<\/h2>\n<p>Extrato seco Ch\u00e1 verde<em>(Camellia sinensis (L.) Kuntze., EGCG 15%)<\/em>450 mg, Hidroxipropilmetilcelulose<em>(Inv\u00f3lucro)<\/em>, Extrato seco Garcinia cambogia<em>(Garcinia gummi-gutta (L.) Roxb.Aporta 60% em \u00c1cido hidroxic\u00edtrico)<\/em>345 mg, Cafe\u00edna anhidra<em><\/em>300 mg, Celulose microcristalina<em>(Agente de carga)<\/em>, Estearato de magn\u00e9sio<em>(Agente de carga)<\/em>, Betaina<em><\/em>100 mg, Colina<em><\/em>100 mg, Inositol<em><\/em>100 mg, Di\u00f3xido de sil\u00edcio<em>(Antiaglutinante)<\/em>, Piperina<em>(Piper nigrum L)<\/em>5 mg, Picolinato de cr\u00f3mio<em>(Cr\u00f3mio 12,44%)<\/em>0,321 mg<\/p>\n<h2>Modo de uso<\/h2>\n<p>Tomar tr\u00eas c\u00e1psulas ao dia, meia hora antes das tr\u00eas principais refei\u00e7\u00f5es. Se a toler\u00e2ncia da c\u00e1psula de noite \u00e9 baixa, pode ser tomada ao meio da tarde comidas. Se a toler\u00e2ncia da c\u00e1psula de noite \u00e9 baixa, pode-se tomar ao meio da tarde (sempre com o est\u00f4mago vac\u00edo)&nbsp;&nbsp;<\/p>\n<h2>Presentaci\u00f3n<\/h2>\n<p>90 c\u00e1psulas de 800 mg (2,53 oz). Peso neto 72 g.<\/p>\n<h2>Advertencias<\/h2>\n<p>Os suplementos alimentares n\u00e3o devem ser usados como substitutos de um regime alimentar variado e de um modo de vida saud\u00e1vel. N\u00e3o superar a dose di\u00e1ria recomendada. Manter afastado do alcance das crian\u00e7as. Conservar num local seco e fresco.Cont\u00e9m cafe\u00edna (367 mg\/dose di\u00e1ria) n\u00e3o recomendado para crian\u00e7as, mulheres, gr\u00e1vidas nem em per\u00edodos de amamenta\u00e7\u00e3o.<\/p>\n<h2>Valores nutricionales<\/h2>\n<p>por dose di\u00e1ria (3 c\u00e1psulas)<\/p>\n<table>\n<tbody>\n<tr>\n<th>Ingrediente<\/th>\n<th>Percentagem<\/th>\n<th>Quantidade<\/th>\n<\/tr>\n<tr>\n<td>Cr\u00f3mio<\/td>\n<td>100%<\/td>\n<td>40 ?g<\/td>\n<\/tr>\n<\/tbody>\n<\/table>\n<p>% VRN (Valor de Referencia Nutricional)<\/p>\n","protected":false},"excerpt":{"rendered":"<p>Suplemento alimentar que gra\u00e7as a ac\u00e7\u00e3o de tr\u00eas grupos de ingredientes, pensado para desportistas.A sinergia dos seus ingredientes, que junto ao cr\u00f3mio contribui ao metabolismo dos macro-nutrientes, fundamental para o bom desenvolvimento do organismo.<a id=\"boton-ficha\" href=\"https:\/\/panel.drasanvi.com\/fichas\/5\/032050363\">Ficha t\u00e9cnica<\/a><\/p>\n","protected":false},"featured_media":23521,"template":"","meta":{"inline_featured_image":false},"product_cat":[97],"product_tag":[],"class_list":["post-23519","product","type-product","status-publish","has-post-thumbnail","hentry","product_cat-deporte","pa_contains-apio-no","pa_contains-peanuts-no","pa_contem-crustaceos-no","pa_contem-frutos-secos-no","pa_contem-leite-no","pa_contem-moluscos-no","pa_contem-mostarda-no","pa_contem-ovo-no","pa_contem-peixe-no","pa_contem-sesame-no","pa_contem-soja-no","pa_contiene-altramuces-no","pa_produto-bio-no","pa_produto-sem-gluten-no","pa_produto-vegan-si","pa_produto-vegetariano-no"],"yoast_head":"<!-- This site is optimized with the Yoast SEO plugin v27.5 - https:\/\/yoast.com\/product\/yoast-seo-wordpress\/ -->\n<title>Sport Live - TermoGen - Drasanvi Portugal<\/title>\n<meta name=\"robots\" content=\"index, follow, max-snippet:-1, max-image-preview:large, max-video-preview:-1\" \/>\n<link rel=\"canonical\" href=\"https:\/\/drasanvi.com\/pt\/producto\/sport-live-termogen\/\" \/>\n<meta property=\"og:locale\" content=\"pt_PT\" \/>\n<meta property=\"og:type\" content=\"article\" \/>\n<meta property=\"og:title\" content=\"Sport Live - TermoGen - Drasanvi Portugal\" \/>\n<meta property=\"og:description\" content=\"Suplemento alimentar que gra\u00e7as a ac\u00e7\u00e3o de tr\u00eas grupos de ingredientes, pensado para desportistas.A sinergia dos seus ingredientes, que junto ao cr\u00f3mio contribui ao metabolismo dos macro-nutrientes, fundamental para o bom desenvolvimento do organismo.Ficha t\u00e9cnica\" \/>\n<meta property=\"og:url\" content=\"https:\/\/drasanvi.com\/pt\/producto\/sport-live-termogen\/\" \/>\n<meta property=\"og:site_name\" content=\"Drasanvi Portugal\" \/>\n<meta property=\"article:modified_time\" content=\"2023-08-11T13:41:10+00:00\" \/>\n<meta property=\"og:image\" content=\"https:\/\/drasanvi.com\/pt\/wp-content\/uploads\/sites\/6\/2022\/04\/032050363.png\" \/>\n\t<meta property=\"og:image:width\" content=\"1000\" \/>\n\t<meta property=\"og:image:height\" content=\"1000\" \/>\n\t<meta property=\"og:image:type\" content=\"image\/png\" \/>\n<meta name=\"twitter:card\" content=\"summary_large_image\" \/>\n<script type=\"application\/ld+json\" class=\"yoast-schema-graph\">{\"@context\":\"https:\\\/\\\/schema.org\",\"@graph\":[{\"@type\":\"WebPage\",\"@id\":\"https:\\\/\\\/drasanvi.com\\\/pt\\\/producto\\\/sport-live-termogen\\\/\",\"url\":\"https:\\\/\\\/drasanvi.com\\\/pt\\\/producto\\\/sport-live-termogen\\\/\",\"name\":\"Sport Live - TermoGen - Drasanvi Portugal\",\"isPartOf\":{\"@id\":\"https:\\\/\\\/drasanvi.com\\\/pt\\\/#website\"},\"primaryImageOfPage\":{\"@id\":\"https:\\\/\\\/drasanvi.com\\\/pt\\\/producto\\\/sport-live-termogen\\\/#primaryimage\"},\"image\":{\"@id\":\"https:\\\/\\\/drasanvi.com\\\/pt\\\/producto\\\/sport-live-termogen\\\/#primaryimage\"},\"thumbnailUrl\":\"https:\\\/\\\/drasanvi.com\\\/pt\\\/wp-content\\\/uploads\\\/sites\\\/6\\\/2022\\\/04\\\/032050363.png\",\"datePublished\":\"2022-04-29T08:08:35+00:00\",\"dateModified\":\"2023-08-11T13:41:10+00:00\",\"breadcrumb\":{\"@id\":\"https:\\\/\\\/drasanvi.com\\\/pt\\\/producto\\\/sport-live-termogen\\\/#breadcrumb\"},\"inLanguage\":\"pt-PT\",\"potentialAction\":[{\"@type\":\"ReadAction\",\"target\":[\"https:\\\/\\\/drasanvi.com\\\/pt\\\/producto\\\/sport-live-termogen\\\/\"]}]},{\"@type\":\"ImageObject\",\"inLanguage\":\"pt-PT\",\"@id\":\"https:\\\/\\\/drasanvi.com\\\/pt\\\/producto\\\/sport-live-termogen\\\/#primaryimage\",\"url\":\"https:\\\/\\\/drasanvi.com\\\/pt\\\/wp-content\\\/uploads\\\/sites\\\/6\\\/2022\\\/04\\\/032050363.png\",\"contentUrl\":\"https:\\\/\\\/drasanvi.com\\\/pt\\\/wp-content\\\/uploads\\\/sites\\\/6\\\/2022\\\/04\\\/032050363.png\",\"width\":1000,\"height\":1000},{\"@type\":\"BreadcrumbList\",\"@id\":\"https:\\\/\\\/drasanvi.com\\\/pt\\\/producto\\\/sport-live-termogen\\\/#breadcrumb\",\"itemListElement\":[{\"@type\":\"ListItem\",\"position\":1,\"name\":\"Portada\",\"item\":\"https:\\\/\\\/drasanvi.com\\\/pt\\\/\"},{\"@type\":\"ListItem\",\"position\":2,\"name\":\"Tienda\",\"item\":\"https:\\\/\\\/drasanvi.com\\\/pt\\\/tienda\\\/\"},{\"@type\":\"ListItem\",\"position\":3,\"name\":\"Sport Live &#8211; TermoGen\"}]},{\"@type\":\"WebSite\",\"@id\":\"https:\\\/\\\/drasanvi.com\\\/pt\\\/#website\",\"url\":\"https:\\\/\\\/drasanvi.com\\\/pt\\\/\",\"name\":\"Drasanvi Portugal\",\"description\":\"L\u00edder en complementos alimenticios y cosm\u00e9tica natural.\",\"publisher\":{\"@id\":\"https:\\\/\\\/drasanvi.com\\\/pt\\\/#organization\"},\"potentialAction\":[{\"@type\":\"SearchAction\",\"target\":{\"@type\":\"EntryPoint\",\"urlTemplate\":\"https:\\\/\\\/drasanvi.com\\\/pt\\\/?s={search_term_string}\"},\"query-input\":{\"@type\":\"PropertyValueSpecification\",\"valueRequired\":true,\"valueName\":\"search_term_string\"}}],\"inLanguage\":\"pt-PT\"},{\"@type\":\"Organization\",\"@id\":\"https:\\\/\\\/drasanvi.com\\\/pt\\\/#organization\",\"name\":\"Drasanvi\",\"url\":\"https:\\\/\\\/drasanvi.com\\\/pt\\\/\",\"logo\":{\"@type\":\"ImageObject\",\"inLanguage\":\"pt-PT\",\"@id\":\"https:\\\/\\\/drasanvi.com\\\/pt\\\/#\\\/schema\\\/logo\\\/image\\\/\",\"url\":\"https:\\\/\\\/drasanvi.com\\\/wp-content\\\/uploads\\\/sites\\\/6\\\/2021\\\/07\\\/logo-drasanvi.png\",\"contentUrl\":\"https:\\\/\\\/drasanvi.com\\\/wp-content\\\/uploads\\\/sites\\\/6\\\/2021\\\/07\\\/logo-drasanvi.png\",\"width\":900,\"height\":300,\"caption\":\"Drasanvi\"},\"image\":{\"@id\":\"https:\\\/\\\/drasanvi.com\\\/pt\\\/#\\\/schema\\\/logo\\\/image\\\/\"}}]}<\/script>\n<!-- \/ Yoast SEO plugin. -->","yoast_head_json":{"title":"Sport Live - TermoGen - Drasanvi Portugal","robots":{"index":"index","follow":"follow","max-snippet":"max-snippet:-1","max-image-preview":"max-image-preview:large","max-video-preview":"max-video-preview:-1"},"canonical":"https:\/\/drasanvi.com\/pt\/producto\/sport-live-termogen\/","og_locale":"pt_PT","og_type":"article","og_title":"Sport Live - TermoGen - Drasanvi Portugal","og_description":"Suplemento alimentar que gra\u00e7as a ac\u00e7\u00e3o de tr\u00eas grupos de ingredientes, pensado para desportistas.A sinergia dos seus ingredientes, que junto ao cr\u00f3mio contribui ao metabolismo dos macro-nutrientes, fundamental para o bom desenvolvimento do organismo.Ficha t\u00e9cnica","og_url":"https:\/\/drasanvi.com\/pt\/producto\/sport-live-termogen\/","og_site_name":"Drasanvi Portugal","article_modified_time":"2023-08-11T13:41:10+00:00","og_image":[{"width":1000,"height":1000,"url":"https:\/\/drasanvi.com\/pt\/wp-content\/uploads\/sites\/6\/2022\/04\/032050363.png","type":"image\/png"}],"twitter_card":"summary_large_image","schema":{"@context":"https:\/\/schema.org","@graph":[{"@type":"WebPage","@id":"https:\/\/drasanvi.com\/pt\/producto\/sport-live-termogen\/","url":"https:\/\/drasanvi.com\/pt\/producto\/sport-live-termogen\/","name":"Sport Live - TermoGen - Drasanvi Portugal","isPartOf":{"@id":"https:\/\/drasanvi.com\/pt\/#website"},"primaryImageOfPage":{"@id":"https:\/\/drasanvi.com\/pt\/producto\/sport-live-termogen\/#primaryimage"},"image":{"@id":"https:\/\/drasanvi.com\/pt\/producto\/sport-live-termogen\/#primaryimage"},"thumbnailUrl":"https:\/\/drasanvi.com\/pt\/wp-content\/uploads\/sites\/6\/2022\/04\/032050363.png","datePublished":"2022-04-29T08:08:35+00:00","dateModified":"2023-08-11T13:41:10+00:00","breadcrumb":{"@id":"https:\/\/drasanvi.com\/pt\/producto\/sport-live-termogen\/#breadcrumb"},"inLanguage":"pt-PT","potentialAction":[{"@type":"ReadAction","target":["https:\/\/drasanvi.com\/pt\/producto\/sport-live-termogen\/"]}]},{"@type":"ImageObject","inLanguage":"pt-PT","@id":"https:\/\/drasanvi.com\/pt\/producto\/sport-live-termogen\/#primaryimage","url":"https:\/\/drasanvi.com\/pt\/wp-content\/uploads\/sites\/6\/2022\/04\/032050363.png","contentUrl":"https:\/\/drasanvi.com\/pt\/wp-content\/uploads\/sites\/6\/2022\/04\/032050363.png","width":1000,"height":1000},{"@type":"BreadcrumbList","@id":"https:\/\/drasanvi.com\/pt\/producto\/sport-live-termogen\/#breadcrumb","itemListElement":[{"@type":"ListItem","position":1,"name":"Portada","item":"https:\/\/drasanvi.com\/pt\/"},{"@type":"ListItem","position":2,"name":"Tienda","item":"https:\/\/drasanvi.com\/pt\/tienda\/"},{"@type":"ListItem","position":3,"name":"Sport Live &#8211; TermoGen"}]},{"@type":"WebSite","@id":"https:\/\/drasanvi.com\/pt\/#website","url":"https:\/\/drasanvi.com\/pt\/","name":"Drasanvi Portugal","description":"L\u00edder en complementos alimenticios y cosm\u00e9tica natural.","publisher":{"@id":"https:\/\/drasanvi.com\/pt\/#organization"},"potentialAction":[{"@type":"SearchAction","target":{"@type":"EntryPoint","urlTemplate":"https:\/\/drasanvi.com\/pt\/?s={search_term_string}"},"query-input":{"@type":"PropertyValueSpecification","valueRequired":true,"valueName":"search_term_string"}}],"inLanguage":"pt-PT"},{"@type":"Organization","@id":"https:\/\/drasanvi.com\/pt\/#organization","name":"Drasanvi","url":"https:\/\/drasanvi.com\/pt\/","logo":{"@type":"ImageObject","inLanguage":"pt-PT","@id":"https:\/\/drasanvi.com\/pt\/#\/schema\/logo\/image\/","url":"https:\/\/drasanvi.com\/wp-content\/uploads\/sites\/6\/2021\/07\/logo-drasanvi.png","contentUrl":"https:\/\/drasanvi.com\/wp-content\/uploads\/sites\/6\/2021\/07\/logo-drasanvi.png","width":900,"height":300,"caption":"Drasanvi"},"image":{"@id":"https:\/\/drasanvi.com\/pt\/#\/schema\/logo\/image\/"}}]}},"_links":{"self":[{"href":"https:\/\/drasanvi.com\/pt\/wp-json\/wp\/v2\/product\/23519","targetHints":{"allow":["GET"]}}],"collection":[{"href":"https:\/\/drasanvi.com\/pt\/wp-json\/wp\/v2\/product"}],"about":[{"href":"https:\/\/drasanvi.com\/pt\/wp-json\/wp\/v2\/types\/product"}],"version-history":[{"count":0,"href":"https:\/\/drasanvi.com\/pt\/wp-json\/wp\/v2\/product\/23519\/revisions"}],"wp:featuredmedia":[{"embeddable":true,"href":"https:\/\/drasanvi.com\/pt\/wp-json\/wp\/v2\/media\/23521"}],"wp:attachment":[{"href":"https:\/\/drasanvi.com\/pt\/wp-json\/wp\/v2\/media?parent=23519"}],"wp:term":[{"taxonomy":"product_cat","embeddable":true,"href":"https:\/\/drasanvi.com\/pt\/wp-json\/wp\/v2\/product_cat?post=23519"},{"taxonomy":"product_tag","embeddable":true,"href":"https:\/\/drasanvi.com\/pt\/wp-json\/wp\/v2\/product_tag?post=23519"}],"curies":[{"name":"wp","href":"https:\/\/api.w.org\/{rel}","templated":true}]}}