{"id":23510,"date":"2022-04-29T10:08:35","date_gmt":"2022-04-29T08:08:35","guid":{"rendered":"https:\/\/drasanvi.com\/pt\/producto\/sport-live-l-carnitina-3000mg\/"},"modified":"2023-08-11T15:41:10","modified_gmt":"2023-08-11T13:41:10","slug":"sport-live-l-carnitina-3000mg","status":"publish","type":"product","link":"https:\/\/drasanvi.com\/pt\/producto\/sport-live-l-carnitina-3000mg\/","title":{"rendered":"Sport Live \u2013 L-Carnitina 3000mg"},"content":{"rendered":"<p>A L-Carnitina \u00e9 uma mol\u00e9cula sintetizada no nosso organismo a partir dos amino\u00e1cidos Lisina e Metionina. A fun\u00e7\u00e3o da L-Carnitina no organismo \u00e9 transportar os \u00e1cidos gordos at\u00e9 as c\u00e9lulas musculares, mais concretamente at\u00e9 as mitoc\u00f4ndrias, onde os \u00e1cidos gordos s\u00e3o utilizados na produ\u00e7\u00e3o de energia.Este \u00e9 um dos motivos pelo qual a L-Carnitina se tem transformado num dos suplementos vitais para os desportistas. No entanto, a Drasanvi acrescentou\u00a0 ao produto Coenzima Q10,\u00a0 \u00e9 uma m\u00f3lecula que desempenha um papel fundamental no metabolismo energ\u00e9tico e que participa em muitos processos enzim\u00e1ticos do organismo.<\/p>\n<h2>Ingredientes<\/h2>\n<p>\u00c1gua<em><\/em>, L-Carnitina<em><\/em>1500 mg, Acetil L-Carnitina<em><\/em>1500 mg, Coenzima Q10<em><\/em>30 mg, Aroma de lim\u00e3o<em>(Aroma)<\/em>, Sorbato de pot\u00e1ssio<em>(Conservante)<\/em>, \u00c1cido c\u00edtrico<em>(Acidificante)<\/em>, Sucralose<em>(Ado\u00e7ante)<\/em><\/p>\n<h2>Modo de uso<\/h2>\n<p>Consumir uma ampola de L-Carnitina antes da realiza\u00e7\u00e3o da atividade f\u00edsica.<\/p>\n<h2>Presentaci\u00f3n<\/h2>\n<p>Ampola de 25ml<\/p>\n<h2>Advertencias<\/h2>\n<p>Os suplementos alimentares n\u00e3o devem ser usados como substitutos de um regime equilibrado nem de um estilo de vida saud\u00e1vel. N\u00e3o exceder a dose di\u00e1ria recomendada. Manter afastado do alcance das crian\u00e7as. Conservar num local seco e fresco.<\/p>\n<h2>Valores nutricionales<\/h2>\n","protected":false},"excerpt":{"rendered":"<p>A L-Carnitina \u00e9 uma mol\u00e9cula sintetizada no nosso organismo a partir dos amino\u00e1cidos Lisina e Metionina. A fun\u00e7\u00e3o da L-Carnitina no organismo \u00e9 transportar os \u00e1cidos gordos at\u00e9 as c\u00e9lulas musculares, mais concretamente at\u00e9 as mitoc\u00f4ndrias, onde os \u00e1cidos gordos s\u00e3o utilizados na produ\u00e7\u00e3o de energia.Este \u00e9 um dos motivos pelo qual a L-Carnitina se tem transformado num dos suplementos vitais para os desportistas. No entanto, a Drasanvi acrescentou\u00a0 ao produto Coenzima Q10,\u00a0 \u00e9 uma m\u00f3lecula que desempenha um papel fundamental no metabolismo energ\u00e9tico e que participa em muitos processos enzim\u00e1ticos do organismo.<a id=\"boton-ficha\" href=\"https:\/\/panel.drasanvi.com\/fichas\/5\/032050362\">Ficha t\u00e9cnica<\/a><\/p>\n","protected":false},"featured_media":23512,"template":"","meta":{"inline_featured_image":false},"product_cat":[97],"product_tag":[],"class_list":["post-23510","product","type-product","status-publish","has-post-thumbnail","hentry","product_cat-deporte","pa_contains-apio-no","pa_contains-peanuts-no","pa_contem-crustaceos-no","pa_contem-frutos-secos-no","pa_contem-leite-no","pa_contem-moluscos-no","pa_contem-mostarda-no","pa_contem-ovo-no","pa_contem-peixe-no","pa_contem-sesame-no","pa_contem-soja-no","pa_contiene-altramuces-no","pa_produto-bio-no","pa_produto-sem-gluten-no","pa_produto-vegan-si","pa_produto-vegetariano-si"],"yoast_head":"<!-- This site is optimized with the Yoast SEO plugin v27.5 - https:\/\/yoast.com\/product\/yoast-seo-wordpress\/ -->\n<title>Sport Live \u2013 L-Carnitina 3000mg - Drasanvi Portugal<\/title>\n<meta name=\"robots\" content=\"index, follow, max-snippet:-1, max-image-preview:large, max-video-preview:-1\" \/>\n<link rel=\"canonical\" href=\"https:\/\/drasanvi.com\/pt\/producto\/sport-live-l-carnitina-3000mg\/\" \/>\n<meta property=\"og:locale\" content=\"pt_PT\" \/>\n<meta property=\"og:type\" content=\"article\" \/>\n<meta property=\"og:title\" content=\"Sport Live \u2013 L-Carnitina 3000mg - Drasanvi Portugal\" \/>\n<meta property=\"og:description\" content=\"A L-Carnitina \u00e9 uma mol\u00e9cula sintetizada no nosso organismo a partir dos amino\u00e1cidos Lisina e Metionina. A fun\u00e7\u00e3o da L-Carnitina no organismo \u00e9 transportar os \u00e1cidos gordos at\u00e9 as c\u00e9lulas musculares, mais concretamente at\u00e9 as mitoc\u00f4ndrias, onde os \u00e1cidos gordos s\u00e3o utilizados na produ\u00e7\u00e3o de energia.Este \u00e9 um dos motivos pelo qual a L-Carnitina se tem transformado num dos suplementos vitais para os desportistas. No entanto, a Drasanvi acrescentou\u00a0 ao produto Coenzima Q10,\u00a0 \u00e9 uma m\u00f3lecula que desempenha um papel fundamental no metabolismo energ\u00e9tico e que participa em muitos processos enzim\u00e1ticos do organismo.Ficha t\u00e9cnica\" \/>\n<meta property=\"og:url\" content=\"https:\/\/drasanvi.com\/pt\/producto\/sport-live-l-carnitina-3000mg\/\" \/>\n<meta property=\"og:site_name\" content=\"Drasanvi Portugal\" \/>\n<meta property=\"article:modified_time\" content=\"2023-08-11T13:41:10+00:00\" \/>\n<meta property=\"og:image\" content=\"https:\/\/drasanvi.com\/pt\/wp-content\/uploads\/sites\/6\/2022\/04\/032050362.png\" \/>\n\t<meta property=\"og:image:width\" content=\"1000\" \/>\n\t<meta property=\"og:image:height\" content=\"1000\" \/>\n\t<meta property=\"og:image:type\" content=\"image\/png\" \/>\n<meta name=\"twitter:card\" content=\"summary_large_image\" \/>\n<script type=\"application\/ld+json\" class=\"yoast-schema-graph\">{\"@context\":\"https:\\\/\\\/schema.org\",\"@graph\":[{\"@type\":\"WebPage\",\"@id\":\"https:\\\/\\\/drasanvi.com\\\/pt\\\/producto\\\/sport-live-l-carnitina-3000mg\\\/\",\"url\":\"https:\\\/\\\/drasanvi.com\\\/pt\\\/producto\\\/sport-live-l-carnitina-3000mg\\\/\",\"name\":\"Sport Live \u2013 L-Carnitina 3000mg - Drasanvi Portugal\",\"isPartOf\":{\"@id\":\"https:\\\/\\\/drasanvi.com\\\/pt\\\/#website\"},\"primaryImageOfPage\":{\"@id\":\"https:\\\/\\\/drasanvi.com\\\/pt\\\/producto\\\/sport-live-l-carnitina-3000mg\\\/#primaryimage\"},\"image\":{\"@id\":\"https:\\\/\\\/drasanvi.com\\\/pt\\\/producto\\\/sport-live-l-carnitina-3000mg\\\/#primaryimage\"},\"thumbnailUrl\":\"https:\\\/\\\/drasanvi.com\\\/pt\\\/wp-content\\\/uploads\\\/sites\\\/6\\\/2022\\\/04\\\/032050362.png\",\"datePublished\":\"2022-04-29T08:08:35+00:00\",\"dateModified\":\"2023-08-11T13:41:10+00:00\",\"breadcrumb\":{\"@id\":\"https:\\\/\\\/drasanvi.com\\\/pt\\\/producto\\\/sport-live-l-carnitina-3000mg\\\/#breadcrumb\"},\"inLanguage\":\"pt-PT\",\"potentialAction\":[{\"@type\":\"ReadAction\",\"target\":[\"https:\\\/\\\/drasanvi.com\\\/pt\\\/producto\\\/sport-live-l-carnitina-3000mg\\\/\"]}]},{\"@type\":\"ImageObject\",\"inLanguage\":\"pt-PT\",\"@id\":\"https:\\\/\\\/drasanvi.com\\\/pt\\\/producto\\\/sport-live-l-carnitina-3000mg\\\/#primaryimage\",\"url\":\"https:\\\/\\\/drasanvi.com\\\/pt\\\/wp-content\\\/uploads\\\/sites\\\/6\\\/2022\\\/04\\\/032050362.png\",\"contentUrl\":\"https:\\\/\\\/drasanvi.com\\\/pt\\\/wp-content\\\/uploads\\\/sites\\\/6\\\/2022\\\/04\\\/032050362.png\",\"width\":1000,\"height\":1000},{\"@type\":\"BreadcrumbList\",\"@id\":\"https:\\\/\\\/drasanvi.com\\\/pt\\\/producto\\\/sport-live-l-carnitina-3000mg\\\/#breadcrumb\",\"itemListElement\":[{\"@type\":\"ListItem\",\"position\":1,\"name\":\"Portada\",\"item\":\"https:\\\/\\\/drasanvi.com\\\/pt\\\/\"},{\"@type\":\"ListItem\",\"position\":2,\"name\":\"Tienda\",\"item\":\"https:\\\/\\\/drasanvi.com\\\/pt\\\/tienda\\\/\"},{\"@type\":\"ListItem\",\"position\":3,\"name\":\"Sport Live \u2013 L-Carnitina 3000mg\"}]},{\"@type\":\"WebSite\",\"@id\":\"https:\\\/\\\/drasanvi.com\\\/pt\\\/#website\",\"url\":\"https:\\\/\\\/drasanvi.com\\\/pt\\\/\",\"name\":\"Drasanvi Portugal\",\"description\":\"L\u00edder en complementos alimenticios y cosm\u00e9tica natural.\",\"publisher\":{\"@id\":\"https:\\\/\\\/drasanvi.com\\\/pt\\\/#organization\"},\"potentialAction\":[{\"@type\":\"SearchAction\",\"target\":{\"@type\":\"EntryPoint\",\"urlTemplate\":\"https:\\\/\\\/drasanvi.com\\\/pt\\\/?s={search_term_string}\"},\"query-input\":{\"@type\":\"PropertyValueSpecification\",\"valueRequired\":true,\"valueName\":\"search_term_string\"}}],\"inLanguage\":\"pt-PT\"},{\"@type\":\"Organization\",\"@id\":\"https:\\\/\\\/drasanvi.com\\\/pt\\\/#organization\",\"name\":\"Drasanvi\",\"url\":\"https:\\\/\\\/drasanvi.com\\\/pt\\\/\",\"logo\":{\"@type\":\"ImageObject\",\"inLanguage\":\"pt-PT\",\"@id\":\"https:\\\/\\\/drasanvi.com\\\/pt\\\/#\\\/schema\\\/logo\\\/image\\\/\",\"url\":\"https:\\\/\\\/drasanvi.com\\\/wp-content\\\/uploads\\\/sites\\\/6\\\/2021\\\/07\\\/logo-drasanvi.png\",\"contentUrl\":\"https:\\\/\\\/drasanvi.com\\\/wp-content\\\/uploads\\\/sites\\\/6\\\/2021\\\/07\\\/logo-drasanvi.png\",\"width\":900,\"height\":300,\"caption\":\"Drasanvi\"},\"image\":{\"@id\":\"https:\\\/\\\/drasanvi.com\\\/pt\\\/#\\\/schema\\\/logo\\\/image\\\/\"}}]}<\/script>\n<!-- \/ Yoast SEO plugin. -->","yoast_head_json":{"title":"Sport Live \u2013 L-Carnitina 3000mg - Drasanvi Portugal","robots":{"index":"index","follow":"follow","max-snippet":"max-snippet:-1","max-image-preview":"max-image-preview:large","max-video-preview":"max-video-preview:-1"},"canonical":"https:\/\/drasanvi.com\/pt\/producto\/sport-live-l-carnitina-3000mg\/","og_locale":"pt_PT","og_type":"article","og_title":"Sport Live \u2013 L-Carnitina 3000mg - Drasanvi Portugal","og_description":"A L-Carnitina \u00e9 uma mol\u00e9cula sintetizada no nosso organismo a partir dos amino\u00e1cidos Lisina e Metionina. A fun\u00e7\u00e3o da L-Carnitina no organismo \u00e9 transportar os \u00e1cidos gordos at\u00e9 as c\u00e9lulas musculares, mais concretamente at\u00e9 as mitoc\u00f4ndrias, onde os \u00e1cidos gordos s\u00e3o utilizados na produ\u00e7\u00e3o de energia.Este \u00e9 um dos motivos pelo qual a L-Carnitina se tem transformado num dos suplementos vitais para os desportistas. No entanto, a Drasanvi acrescentou\u00a0 ao produto Coenzima Q10,\u00a0 \u00e9 uma m\u00f3lecula que desempenha um papel fundamental no metabolismo energ\u00e9tico e que participa em muitos processos enzim\u00e1ticos do organismo.Ficha t\u00e9cnica","og_url":"https:\/\/drasanvi.com\/pt\/producto\/sport-live-l-carnitina-3000mg\/","og_site_name":"Drasanvi Portugal","article_modified_time":"2023-08-11T13:41:10+00:00","og_image":[{"width":1000,"height":1000,"url":"https:\/\/drasanvi.com\/pt\/wp-content\/uploads\/sites\/6\/2022\/04\/032050362.png","type":"image\/png"}],"twitter_card":"summary_large_image","schema":{"@context":"https:\/\/schema.org","@graph":[{"@type":"WebPage","@id":"https:\/\/drasanvi.com\/pt\/producto\/sport-live-l-carnitina-3000mg\/","url":"https:\/\/drasanvi.com\/pt\/producto\/sport-live-l-carnitina-3000mg\/","name":"Sport Live \u2013 L-Carnitina 3000mg - Drasanvi Portugal","isPartOf":{"@id":"https:\/\/drasanvi.com\/pt\/#website"},"primaryImageOfPage":{"@id":"https:\/\/drasanvi.com\/pt\/producto\/sport-live-l-carnitina-3000mg\/#primaryimage"},"image":{"@id":"https:\/\/drasanvi.com\/pt\/producto\/sport-live-l-carnitina-3000mg\/#primaryimage"},"thumbnailUrl":"https:\/\/drasanvi.com\/pt\/wp-content\/uploads\/sites\/6\/2022\/04\/032050362.png","datePublished":"2022-04-29T08:08:35+00:00","dateModified":"2023-08-11T13:41:10+00:00","breadcrumb":{"@id":"https:\/\/drasanvi.com\/pt\/producto\/sport-live-l-carnitina-3000mg\/#breadcrumb"},"inLanguage":"pt-PT","potentialAction":[{"@type":"ReadAction","target":["https:\/\/drasanvi.com\/pt\/producto\/sport-live-l-carnitina-3000mg\/"]}]},{"@type":"ImageObject","inLanguage":"pt-PT","@id":"https:\/\/drasanvi.com\/pt\/producto\/sport-live-l-carnitina-3000mg\/#primaryimage","url":"https:\/\/drasanvi.com\/pt\/wp-content\/uploads\/sites\/6\/2022\/04\/032050362.png","contentUrl":"https:\/\/drasanvi.com\/pt\/wp-content\/uploads\/sites\/6\/2022\/04\/032050362.png","width":1000,"height":1000},{"@type":"BreadcrumbList","@id":"https:\/\/drasanvi.com\/pt\/producto\/sport-live-l-carnitina-3000mg\/#breadcrumb","itemListElement":[{"@type":"ListItem","position":1,"name":"Portada","item":"https:\/\/drasanvi.com\/pt\/"},{"@type":"ListItem","position":2,"name":"Tienda","item":"https:\/\/drasanvi.com\/pt\/tienda\/"},{"@type":"ListItem","position":3,"name":"Sport Live \u2013 L-Carnitina 3000mg"}]},{"@type":"WebSite","@id":"https:\/\/drasanvi.com\/pt\/#website","url":"https:\/\/drasanvi.com\/pt\/","name":"Drasanvi Portugal","description":"L\u00edder en complementos alimenticios y cosm\u00e9tica natural.","publisher":{"@id":"https:\/\/drasanvi.com\/pt\/#organization"},"potentialAction":[{"@type":"SearchAction","target":{"@type":"EntryPoint","urlTemplate":"https:\/\/drasanvi.com\/pt\/?s={search_term_string}"},"query-input":{"@type":"PropertyValueSpecification","valueRequired":true,"valueName":"search_term_string"}}],"inLanguage":"pt-PT"},{"@type":"Organization","@id":"https:\/\/drasanvi.com\/pt\/#organization","name":"Drasanvi","url":"https:\/\/drasanvi.com\/pt\/","logo":{"@type":"ImageObject","inLanguage":"pt-PT","@id":"https:\/\/drasanvi.com\/pt\/#\/schema\/logo\/image\/","url":"https:\/\/drasanvi.com\/wp-content\/uploads\/sites\/6\/2021\/07\/logo-drasanvi.png","contentUrl":"https:\/\/drasanvi.com\/wp-content\/uploads\/sites\/6\/2021\/07\/logo-drasanvi.png","width":900,"height":300,"caption":"Drasanvi"},"image":{"@id":"https:\/\/drasanvi.com\/pt\/#\/schema\/logo\/image\/"}}]}},"_links":{"self":[{"href":"https:\/\/drasanvi.com\/pt\/wp-json\/wp\/v2\/product\/23510","targetHints":{"allow":["GET"]}}],"collection":[{"href":"https:\/\/drasanvi.com\/pt\/wp-json\/wp\/v2\/product"}],"about":[{"href":"https:\/\/drasanvi.com\/pt\/wp-json\/wp\/v2\/types\/product"}],"version-history":[{"count":0,"href":"https:\/\/drasanvi.com\/pt\/wp-json\/wp\/v2\/product\/23510\/revisions"}],"wp:featuredmedia":[{"embeddable":true,"href":"https:\/\/drasanvi.com\/pt\/wp-json\/wp\/v2\/media\/23512"}],"wp:attachment":[{"href":"https:\/\/drasanvi.com\/pt\/wp-json\/wp\/v2\/media?parent=23510"}],"wp:term":[{"taxonomy":"product_cat","embeddable":true,"href":"https:\/\/drasanvi.com\/pt\/wp-json\/wp\/v2\/product_cat?post=23510"},{"taxonomy":"product_tag","embeddable":true,"href":"https:\/\/drasanvi.com\/pt\/wp-json\/wp\/v2\/product_tag?post=23510"}],"curies":[{"name":"wp","href":"https:\/\/api.w.org\/{rel}","templated":true}]}}