{"id":23474,"date":"2022-04-29T10:07:46","date_gmt":"2022-04-29T08:07:46","guid":{"rendered":"https:\/\/drasanvi.com\/pt\/producto\/vitalpur-classica\/"},"modified":"2023-08-11T15:41:13","modified_gmt":"2023-08-11T13:41:13","slug":"vitalpur-classica","status":"publish","type":"product","link":"https:\/\/drasanvi.com\/pt\/producto\/vitalpur-classica\/","title":{"rendered":"Vitalpur Cl\u00e1ssica"},"content":{"rendered":"<p>Vitalpur Cl\u00e1ssica \u00e9 um suplemento alimentar \u00e0 base de Geleia Real, contendo 1.500 mg por dose di\u00e1ria. A Geleia Real \u00e9 uma subst\u00e2ncia produzida pelas abelhas, rica em nutrientes como vitaminas, minerais, \u00e1cidos gordos essenciais e amino\u00e1cidos. Vitalpur Cl\u00e1ssica n\u00e3o tem a\u00e7\u00facares adicionados, apenas cont\u00e9m um edulcorante natural (gluc\u00f3sidos de esteviol), extra\u00eddos das folhas da planta Stevia.<\/p>\n<h2>Ingredientes<\/h2>\n<p>\u00c1gua<em><\/em>, Geleia Real<em>(10 HDA 4- 5%)<\/em>1.500 mg, Sorbato de Pot\u00e1ssio<em>(Conservante)<\/em>, Aroma laranja<em>(Aroma)<\/em>, \u00c1cido C\u00edtrico<em>(Acidulante)<\/em>, Glic\u00f3sidos de steviol<em>(Ado\u00e7ante)<\/em><\/p>\n<h2>Modo de uso<\/h2>\n<p>\u00c9 recomend\u00e1vel tomar 1 ampola ao dia em jejum de prefer\u00eancia dilu\u00edda em \u00e1gua, leite ou sumo de fruta. \u00c9 recomend\u00e1vel o consumo de Geleia diariamente preferencialmente \u00e0 hora do pequeno-almo\u00e7o.<\/p>\n<h2>Presentaci\u00f3n<\/h2>\n<p>Embalagem de 20 ampolas de 15 ml. Peso total: 300 ml (10.5 fl oz)<\/p>\n<h2>Advertencias<\/h2>\n<p>Os suplementos alimentares n\u00e3o devem ser usados como substitutos de um regime alimentar variado e de um modo de vida saud\u00e1vel. N\u00e3o superar a dose di\u00e1ria recomendada. Manter afastado do alcance das crian\u00e7as. Conservar num local seco e fresco.Com ado\u00e7ante natural: glicos\u00eddeos de esteviol, extra\u00eddos das folhas da planta <em>Stevia rebaudiana<\/em> Bertoni.<\/p>\n<h2>Valores nutricionales<\/h2>\n","protected":false},"excerpt":{"rendered":"<p>Vitalpur Cl\u00e1ssica \u00e9 um suplemento alimentar \u00e0 base de Geleia Real, contendo 1.500 mg por dose di\u00e1ria. A Geleia Real \u00e9 uma subst\u00e2ncia produzida pelas abelhas, rica em nutrientes como vitaminas, minerais, \u00e1cidos gordos essenciais e amino\u00e1cidos. Vitalpur Cl\u00e1ssica n\u00e3o tem a\u00e7\u00facares adicionados, apenas cont\u00e9m um edulcorante natural (gluc\u00f3sidos de esteviol), extra\u00eddos das folhas da planta Stevia.<a id=\"boton-ficha\" href=\"https:\/\/panel.drasanvi.com\/fichas\/5\/032050078\">Ficha t\u00e9cnica<\/a><\/p>\n","protected":false},"featured_media":23476,"template":"","meta":{"inline_featured_image":false},"product_cat":[1378],"product_tag":[],"class_list":["post-23474","product","type-product","status-publish","has-post-thumbnail","hentry","product_cat-energia-e-vitalidade","pa_contains-apio-no","pa_contains-peanuts-no","pa_contem-crustaceos-no","pa_contem-frutos-secos-no","pa_contem-leite-no","pa_contem-moluscos-no","pa_contem-mostarda-no","pa_contem-ovo-no","pa_contem-peixe-no","pa_contem-sesame-no","pa_contem-soja-no","pa_contiene-altramuces-no","pa_produto-bio-no","pa_produto-sem-gluten-no","pa_produto-vegan-no","pa_produto-vegetariano-si"],"yoast_head":"<!-- This site is optimized with the Yoast SEO plugin v27.5 - https:\/\/yoast.com\/product\/yoast-seo-wordpress\/ -->\n<title>Vitalpur Cl\u00e1ssica - Drasanvi Portugal<\/title>\n<meta name=\"robots\" content=\"index, follow, max-snippet:-1, max-image-preview:large, max-video-preview:-1\" \/>\n<link rel=\"canonical\" href=\"https:\/\/drasanvi.com\/pt\/producto\/vitalpur-classica\/\" \/>\n<meta property=\"og:locale\" content=\"pt_PT\" \/>\n<meta property=\"og:type\" content=\"article\" \/>\n<meta property=\"og:title\" content=\"Vitalpur Cl\u00e1ssica - Drasanvi Portugal\" \/>\n<meta property=\"og:description\" content=\"Vitalpur Cl\u00e1ssica \u00e9 um suplemento alimentar \u00e0 base de Geleia Real, contendo 1.500 mg por dose di\u00e1ria. A Geleia Real \u00e9 uma subst\u00e2ncia produzida pelas abelhas, rica em nutrientes como vitaminas, minerais, \u00e1cidos gordos essenciais e amino\u00e1cidos. Vitalpur Cl\u00e1ssica n\u00e3o tem a\u00e7\u00facares adicionados, apenas cont\u00e9m um edulcorante natural (gluc\u00f3sidos de esteviol), extra\u00eddos das folhas da planta Stevia.Ficha t\u00e9cnica\" \/>\n<meta property=\"og:url\" content=\"https:\/\/drasanvi.com\/pt\/producto\/vitalpur-classica\/\" \/>\n<meta property=\"og:site_name\" content=\"Drasanvi Portugal\" \/>\n<meta property=\"article:modified_time\" content=\"2023-08-11T13:41:13+00:00\" \/>\n<meta property=\"og:image\" content=\"https:\/\/drasanvi.com\/pt\/wp-content\/uploads\/sites\/6\/2022\/04\/032050078.png\" \/>\n\t<meta property=\"og:image:width\" content=\"1000\" \/>\n\t<meta property=\"og:image:height\" content=\"1000\" \/>\n\t<meta property=\"og:image:type\" content=\"image\/png\" \/>\n<meta name=\"twitter:card\" content=\"summary_large_image\" \/>\n<script type=\"application\/ld+json\" class=\"yoast-schema-graph\">{\"@context\":\"https:\\\/\\\/schema.org\",\"@graph\":[{\"@type\":\"WebPage\",\"@id\":\"https:\\\/\\\/drasanvi.com\\\/pt\\\/producto\\\/vitalpur-classica\\\/\",\"url\":\"https:\\\/\\\/drasanvi.com\\\/pt\\\/producto\\\/vitalpur-classica\\\/\",\"name\":\"Vitalpur Cl\u00e1ssica - Drasanvi Portugal\",\"isPartOf\":{\"@id\":\"https:\\\/\\\/drasanvi.com\\\/pt\\\/#website\"},\"primaryImageOfPage\":{\"@id\":\"https:\\\/\\\/drasanvi.com\\\/pt\\\/producto\\\/vitalpur-classica\\\/#primaryimage\"},\"image\":{\"@id\":\"https:\\\/\\\/drasanvi.com\\\/pt\\\/producto\\\/vitalpur-classica\\\/#primaryimage\"},\"thumbnailUrl\":\"https:\\\/\\\/drasanvi.com\\\/pt\\\/wp-content\\\/uploads\\\/sites\\\/6\\\/2022\\\/04\\\/032050078.png\",\"datePublished\":\"2022-04-29T08:07:46+00:00\",\"dateModified\":\"2023-08-11T13:41:13+00:00\",\"breadcrumb\":{\"@id\":\"https:\\\/\\\/drasanvi.com\\\/pt\\\/producto\\\/vitalpur-classica\\\/#breadcrumb\"},\"inLanguage\":\"pt-PT\",\"potentialAction\":[{\"@type\":\"ReadAction\",\"target\":[\"https:\\\/\\\/drasanvi.com\\\/pt\\\/producto\\\/vitalpur-classica\\\/\"]}]},{\"@type\":\"ImageObject\",\"inLanguage\":\"pt-PT\",\"@id\":\"https:\\\/\\\/drasanvi.com\\\/pt\\\/producto\\\/vitalpur-classica\\\/#primaryimage\",\"url\":\"https:\\\/\\\/drasanvi.com\\\/pt\\\/wp-content\\\/uploads\\\/sites\\\/6\\\/2022\\\/04\\\/032050078.png\",\"contentUrl\":\"https:\\\/\\\/drasanvi.com\\\/pt\\\/wp-content\\\/uploads\\\/sites\\\/6\\\/2022\\\/04\\\/032050078.png\",\"width\":1000,\"height\":1000},{\"@type\":\"BreadcrumbList\",\"@id\":\"https:\\\/\\\/drasanvi.com\\\/pt\\\/producto\\\/vitalpur-classica\\\/#breadcrumb\",\"itemListElement\":[{\"@type\":\"ListItem\",\"position\":1,\"name\":\"Portada\",\"item\":\"https:\\\/\\\/drasanvi.com\\\/pt\\\/\"},{\"@type\":\"ListItem\",\"position\":2,\"name\":\"Tienda\",\"item\":\"https:\\\/\\\/drasanvi.com\\\/pt\\\/tienda\\\/\"},{\"@type\":\"ListItem\",\"position\":3,\"name\":\"Vitalpur Cl\u00e1ssica\"}]},{\"@type\":\"WebSite\",\"@id\":\"https:\\\/\\\/drasanvi.com\\\/pt\\\/#website\",\"url\":\"https:\\\/\\\/drasanvi.com\\\/pt\\\/\",\"name\":\"Drasanvi Portugal\",\"description\":\"L\u00edder en complementos alimenticios y cosm\u00e9tica natural.\",\"publisher\":{\"@id\":\"https:\\\/\\\/drasanvi.com\\\/pt\\\/#organization\"},\"potentialAction\":[{\"@type\":\"SearchAction\",\"target\":{\"@type\":\"EntryPoint\",\"urlTemplate\":\"https:\\\/\\\/drasanvi.com\\\/pt\\\/?s={search_term_string}\"},\"query-input\":{\"@type\":\"PropertyValueSpecification\",\"valueRequired\":true,\"valueName\":\"search_term_string\"}}],\"inLanguage\":\"pt-PT\"},{\"@type\":\"Organization\",\"@id\":\"https:\\\/\\\/drasanvi.com\\\/pt\\\/#organization\",\"name\":\"Drasanvi\",\"url\":\"https:\\\/\\\/drasanvi.com\\\/pt\\\/\",\"logo\":{\"@type\":\"ImageObject\",\"inLanguage\":\"pt-PT\",\"@id\":\"https:\\\/\\\/drasanvi.com\\\/pt\\\/#\\\/schema\\\/logo\\\/image\\\/\",\"url\":\"https:\\\/\\\/drasanvi.com\\\/wp-content\\\/uploads\\\/sites\\\/6\\\/2021\\\/07\\\/logo-drasanvi.png\",\"contentUrl\":\"https:\\\/\\\/drasanvi.com\\\/wp-content\\\/uploads\\\/sites\\\/6\\\/2021\\\/07\\\/logo-drasanvi.png\",\"width\":900,\"height\":300,\"caption\":\"Drasanvi\"},\"image\":{\"@id\":\"https:\\\/\\\/drasanvi.com\\\/pt\\\/#\\\/schema\\\/logo\\\/image\\\/\"}}]}<\/script>\n<!-- \/ Yoast SEO plugin. -->","yoast_head_json":{"title":"Vitalpur Cl\u00e1ssica - Drasanvi Portugal","robots":{"index":"index","follow":"follow","max-snippet":"max-snippet:-1","max-image-preview":"max-image-preview:large","max-video-preview":"max-video-preview:-1"},"canonical":"https:\/\/drasanvi.com\/pt\/producto\/vitalpur-classica\/","og_locale":"pt_PT","og_type":"article","og_title":"Vitalpur Cl\u00e1ssica - Drasanvi Portugal","og_description":"Vitalpur Cl\u00e1ssica \u00e9 um suplemento alimentar \u00e0 base de Geleia Real, contendo 1.500 mg por dose di\u00e1ria. A Geleia Real \u00e9 uma subst\u00e2ncia produzida pelas abelhas, rica em nutrientes como vitaminas, minerais, \u00e1cidos gordos essenciais e amino\u00e1cidos. Vitalpur Cl\u00e1ssica n\u00e3o tem a\u00e7\u00facares adicionados, apenas cont\u00e9m um edulcorante natural (gluc\u00f3sidos de esteviol), extra\u00eddos das folhas da planta Stevia.Ficha t\u00e9cnica","og_url":"https:\/\/drasanvi.com\/pt\/producto\/vitalpur-classica\/","og_site_name":"Drasanvi Portugal","article_modified_time":"2023-08-11T13:41:13+00:00","og_image":[{"width":1000,"height":1000,"url":"https:\/\/drasanvi.com\/pt\/wp-content\/uploads\/sites\/6\/2022\/04\/032050078.png","type":"image\/png"}],"twitter_card":"summary_large_image","schema":{"@context":"https:\/\/schema.org","@graph":[{"@type":"WebPage","@id":"https:\/\/drasanvi.com\/pt\/producto\/vitalpur-classica\/","url":"https:\/\/drasanvi.com\/pt\/producto\/vitalpur-classica\/","name":"Vitalpur Cl\u00e1ssica - Drasanvi Portugal","isPartOf":{"@id":"https:\/\/drasanvi.com\/pt\/#website"},"primaryImageOfPage":{"@id":"https:\/\/drasanvi.com\/pt\/producto\/vitalpur-classica\/#primaryimage"},"image":{"@id":"https:\/\/drasanvi.com\/pt\/producto\/vitalpur-classica\/#primaryimage"},"thumbnailUrl":"https:\/\/drasanvi.com\/pt\/wp-content\/uploads\/sites\/6\/2022\/04\/032050078.png","datePublished":"2022-04-29T08:07:46+00:00","dateModified":"2023-08-11T13:41:13+00:00","breadcrumb":{"@id":"https:\/\/drasanvi.com\/pt\/producto\/vitalpur-classica\/#breadcrumb"},"inLanguage":"pt-PT","potentialAction":[{"@type":"ReadAction","target":["https:\/\/drasanvi.com\/pt\/producto\/vitalpur-classica\/"]}]},{"@type":"ImageObject","inLanguage":"pt-PT","@id":"https:\/\/drasanvi.com\/pt\/producto\/vitalpur-classica\/#primaryimage","url":"https:\/\/drasanvi.com\/pt\/wp-content\/uploads\/sites\/6\/2022\/04\/032050078.png","contentUrl":"https:\/\/drasanvi.com\/pt\/wp-content\/uploads\/sites\/6\/2022\/04\/032050078.png","width":1000,"height":1000},{"@type":"BreadcrumbList","@id":"https:\/\/drasanvi.com\/pt\/producto\/vitalpur-classica\/#breadcrumb","itemListElement":[{"@type":"ListItem","position":1,"name":"Portada","item":"https:\/\/drasanvi.com\/pt\/"},{"@type":"ListItem","position":2,"name":"Tienda","item":"https:\/\/drasanvi.com\/pt\/tienda\/"},{"@type":"ListItem","position":3,"name":"Vitalpur Cl\u00e1ssica"}]},{"@type":"WebSite","@id":"https:\/\/drasanvi.com\/pt\/#website","url":"https:\/\/drasanvi.com\/pt\/","name":"Drasanvi Portugal","description":"L\u00edder en complementos alimenticios y cosm\u00e9tica natural.","publisher":{"@id":"https:\/\/drasanvi.com\/pt\/#organization"},"potentialAction":[{"@type":"SearchAction","target":{"@type":"EntryPoint","urlTemplate":"https:\/\/drasanvi.com\/pt\/?s={search_term_string}"},"query-input":{"@type":"PropertyValueSpecification","valueRequired":true,"valueName":"search_term_string"}}],"inLanguage":"pt-PT"},{"@type":"Organization","@id":"https:\/\/drasanvi.com\/pt\/#organization","name":"Drasanvi","url":"https:\/\/drasanvi.com\/pt\/","logo":{"@type":"ImageObject","inLanguage":"pt-PT","@id":"https:\/\/drasanvi.com\/pt\/#\/schema\/logo\/image\/","url":"https:\/\/drasanvi.com\/wp-content\/uploads\/sites\/6\/2021\/07\/logo-drasanvi.png","contentUrl":"https:\/\/drasanvi.com\/wp-content\/uploads\/sites\/6\/2021\/07\/logo-drasanvi.png","width":900,"height":300,"caption":"Drasanvi"},"image":{"@id":"https:\/\/drasanvi.com\/pt\/#\/schema\/logo\/image\/"}}]}},"_links":{"self":[{"href":"https:\/\/drasanvi.com\/pt\/wp-json\/wp\/v2\/product\/23474","targetHints":{"allow":["GET"]}}],"collection":[{"href":"https:\/\/drasanvi.com\/pt\/wp-json\/wp\/v2\/product"}],"about":[{"href":"https:\/\/drasanvi.com\/pt\/wp-json\/wp\/v2\/types\/product"}],"version-history":[{"count":0,"href":"https:\/\/drasanvi.com\/pt\/wp-json\/wp\/v2\/product\/23474\/revisions"}],"wp:featuredmedia":[{"embeddable":true,"href":"https:\/\/drasanvi.com\/pt\/wp-json\/wp\/v2\/media\/23476"}],"wp:attachment":[{"href":"https:\/\/drasanvi.com\/pt\/wp-json\/wp\/v2\/media?parent=23474"}],"wp:term":[{"taxonomy":"product_cat","embeddable":true,"href":"https:\/\/drasanvi.com\/pt\/wp-json\/wp\/v2\/product_cat?post=23474"},{"taxonomy":"product_tag","embeddable":true,"href":"https:\/\/drasanvi.com\/pt\/wp-json\/wp\/v2\/product_tag?post=23474"}],"curies":[{"name":"wp","href":"https:\/\/api.w.org\/{rel}","templated":true}]}}