{"id":23465,"date":"2022-04-29T10:06:45","date_gmt":"2022-04-29T08:06:45","guid":{"rendered":"https:\/\/drasanvi.com\/pt\/producto\/vitalpur-defesas\/"},"modified":"2023-08-11T15:41:13","modified_gmt":"2023-08-11T13:41:13","slug":"vitalpur-defesas","status":"publish","type":"product","link":"https:\/\/drasanvi.com\/pt\/producto\/vitalpur-defesas\/","title":{"rendered":"Vitalpur Defesas"},"content":{"rendered":"<p>Vitalpur Defesas \u00e9 um suplemento alimentar \u00e0 base de Geleia Real (1500 mg), refor\u00e7ado com subst\u00e2ncias que contribuem para o normal funcionamento do sistema imunit\u00e1rio como sendo o Zinco, Cobre e a Vitamina C. Ainda na sua composi\u00e7\u00e3o encontramos Pr\u00f3polis, Echin\u00e1cea e Lactoferrina (prote\u00edna presente no leite materno dos mam\u00edferos). Vital Pur Defesas n\u00e3o cont\u00e9m a\u00e7\u00facares e opta pela Stevia (Edulcorante extra\u00eddo das folhas de uma planta).<\/p>\n<h2>Ingredientes<\/h2>\n<p>\u00c1gua<em><\/em>, Geleia Real<em>(10 HDA 4-5%)<\/em>1.500 mg, Extrato Glicerinado Pr\u00f3polis<em><\/em>150 mg, Aroma de Alperce<em>(Aroma)<\/em>, Vitamina C<em>(\u00c1cido Asc\u00f3rbico)<\/em>80 mg, Extraco seco de Equin\u00e1cea purpurea<em>(Echinacea purpurea, echinac\u00f3sidos 0,6%)<\/em>50 mg, Gluconato de Zinco<em>(Zinco 28.6%)<\/em>35 mg, Sorbato de Pot\u00e1ssio<em>(Conservante)<\/em>, <b style=\"text-decoration: underline\">Lactoferrina<\/b><em>(Origen Bovino)<\/em>25 mg, \u00c1cido citrico<em>(Acidulante)<\/em>, Gluconato de Cobre<em>(Cobre 12%)<\/em>7 mg, Glucosidos de Steviol<em>(Ado\u00e7ante)<\/em><\/p>\n<h2>Modo de uso<\/h2>\n<p>\u00c9 recomend\u00e1vel tomar 1 ampola ao dia em jejum de prefer\u00eancia dilu\u00edda em \u00e1gua, leite ou sumo de fruta. \u00c9 recomend\u00e1vel o consumo de geleia diariamente preferencialmente \u00e0 hora do pequeno-almo\u00e7o.<\/p>\n<h2>Presentaci\u00f3n<\/h2>\n<p>Embalagem de 20 ampolas de 15 ml. Peso total: 300 ml (10.5 oz)<\/p>\n<h2>Advertencias<\/h2>\n<h3>Alertas<\/h3>\n<p>Cont\u00e9m ado\u00e7ante natural (glicos\u00eddeos de esteviol), extra\u00eddos das folhas da planta\u00a0<em>Stevia rebaudiana<\/em> Bertoni.Os suplementos alimentares n\u00e3o devem ser usados como substitutos de um regime alimentar variado e de um modo de vida saud\u00e1vel. N\u00e3o superar a dose di\u00e1ria recomendada. Manter afastado do alcance das crian\u00e7as. Conservar num local seco e fresco.<\/p>\n<h2>Valores nutricionales<\/h2>\n<table>\n<tbody>\n<tr>\n<th>Ingrediente<\/th>\n<th>Percentagem<\/th>\n<th>Quantidade<\/th>\n<\/tr>\n<tr>\n<td>Zinco<\/td>\n<td>100%<\/td>\n<td>10 mg<\/td>\n<\/tr>\n<tr>\n<td>Vitamina C<\/td>\n<td>100%<\/td>\n<td>80 mg<\/td>\n<\/tr>\n<tr>\n<td>Cobre<\/td>\n<td>84%<\/td>\n<td>0,84 mg<\/td>\n<\/tr>\n<\/tbody>\n<\/table>\n<p>&nbsp;<\/p>\n","protected":false},"excerpt":{"rendered":"<p>Vitalpur Defesas \u00e9 um suplemento alimentar \u00e0 base de Geleia Real (1500 mg), refor\u00e7ado com subst\u00e2ncias que contribuem para o normal funcionamento do sistema imunit\u00e1rio como sendo o Zinco, Cobre e a Vitamina C. Ainda na sua composi\u00e7\u00e3o encontramos Pr\u00f3polis, Echin\u00e1cea e Lactoferrina (prote\u00edna presente no leite materno dos mam\u00edferos). Vital Pur Defesas n\u00e3o cont\u00e9m a\u00e7\u00facares e opta pela Stevia (Edulcorante extra\u00eddo das folhas de uma planta).<a id=\"boton-ficha\" href=\"https:\/\/panel.drasanvi.com\/fichas\/5\/032050079\">Ficha t\u00e9cnica<\/a><\/p>\n","protected":false},"featured_media":23467,"template":"","meta":{"inline_featured_image":false},"product_cat":[1377],"product_tag":[],"class_list":["post-23465","product","type-product","status-publish","has-post-thumbnail","hentry","product_cat-defesas-e-inverno","pa_contains-apio-no","pa_contains-peanuts-no","pa_contem-crustaceos-no","pa_contem-frutos-secos-no","pa_contem-leite-si","pa_contem-moluscos-no","pa_contem-mostarda-no","pa_contem-ovo-no","pa_contem-peixe-no","pa_contem-sesame-no","pa_contem-soja-no","pa_contiene-altramuces-no","pa_produto-bio-no","pa_produto-sem-gluten-no","pa_produto-vegan-no","pa_produto-vegetariano-si"],"yoast_head":"<!-- This site is optimized with the Yoast SEO plugin v27.5 - https:\/\/yoast.com\/product\/yoast-seo-wordpress\/ -->\n<title>Vitalpur Defesas - Drasanvi Portugal<\/title>\n<meta name=\"robots\" content=\"index, follow, max-snippet:-1, max-image-preview:large, max-video-preview:-1\" \/>\n<link rel=\"canonical\" href=\"https:\/\/drasanvi.com\/pt\/producto\/vitalpur-defesas\/\" \/>\n<meta property=\"og:locale\" content=\"pt_PT\" \/>\n<meta property=\"og:type\" content=\"article\" \/>\n<meta property=\"og:title\" content=\"Vitalpur Defesas - Drasanvi Portugal\" \/>\n<meta property=\"og:description\" content=\"Vitalpur Defesas \u00e9 um suplemento alimentar \u00e0 base de Geleia Real (1500 mg), refor\u00e7ado com subst\u00e2ncias que contribuem para o normal funcionamento do sistema imunit\u00e1rio como sendo o Zinco, Cobre e a Vitamina C. Ainda na sua composi\u00e7\u00e3o encontramos Pr\u00f3polis, Echin\u00e1cea e Lactoferrina (prote\u00edna presente no leite materno dos mam\u00edferos). Vital Pur Defesas n\u00e3o cont\u00e9m a\u00e7\u00facares e opta pela Stevia (Edulcorante extra\u00eddo das folhas de uma planta).Ficha t\u00e9cnica\" \/>\n<meta property=\"og:url\" content=\"https:\/\/drasanvi.com\/pt\/producto\/vitalpur-defesas\/\" \/>\n<meta property=\"og:site_name\" content=\"Drasanvi Portugal\" \/>\n<meta property=\"article:modified_time\" content=\"2023-08-11T13:41:13+00:00\" \/>\n<meta property=\"og:image\" content=\"https:\/\/drasanvi.com\/pt\/wp-content\/uploads\/sites\/6\/2022\/04\/032050079.png\" \/>\n\t<meta property=\"og:image:width\" content=\"1000\" \/>\n\t<meta property=\"og:image:height\" content=\"1000\" \/>\n\t<meta property=\"og:image:type\" content=\"image\/png\" \/>\n<meta name=\"twitter:card\" content=\"summary_large_image\" \/>\n<script type=\"application\/ld+json\" class=\"yoast-schema-graph\">{\"@context\":\"https:\\\/\\\/schema.org\",\"@graph\":[{\"@type\":\"WebPage\",\"@id\":\"https:\\\/\\\/drasanvi.com\\\/pt\\\/producto\\\/vitalpur-defesas\\\/\",\"url\":\"https:\\\/\\\/drasanvi.com\\\/pt\\\/producto\\\/vitalpur-defesas\\\/\",\"name\":\"Vitalpur Defesas - Drasanvi Portugal\",\"isPartOf\":{\"@id\":\"https:\\\/\\\/drasanvi.com\\\/pt\\\/#website\"},\"primaryImageOfPage\":{\"@id\":\"https:\\\/\\\/drasanvi.com\\\/pt\\\/producto\\\/vitalpur-defesas\\\/#primaryimage\"},\"image\":{\"@id\":\"https:\\\/\\\/drasanvi.com\\\/pt\\\/producto\\\/vitalpur-defesas\\\/#primaryimage\"},\"thumbnailUrl\":\"https:\\\/\\\/drasanvi.com\\\/pt\\\/wp-content\\\/uploads\\\/sites\\\/6\\\/2022\\\/04\\\/032050079.png\",\"datePublished\":\"2022-04-29T08:06:45+00:00\",\"dateModified\":\"2023-08-11T13:41:13+00:00\",\"breadcrumb\":{\"@id\":\"https:\\\/\\\/drasanvi.com\\\/pt\\\/producto\\\/vitalpur-defesas\\\/#breadcrumb\"},\"inLanguage\":\"pt-PT\",\"potentialAction\":[{\"@type\":\"ReadAction\",\"target\":[\"https:\\\/\\\/drasanvi.com\\\/pt\\\/producto\\\/vitalpur-defesas\\\/\"]}]},{\"@type\":\"ImageObject\",\"inLanguage\":\"pt-PT\",\"@id\":\"https:\\\/\\\/drasanvi.com\\\/pt\\\/producto\\\/vitalpur-defesas\\\/#primaryimage\",\"url\":\"https:\\\/\\\/drasanvi.com\\\/pt\\\/wp-content\\\/uploads\\\/sites\\\/6\\\/2022\\\/04\\\/032050079.png\",\"contentUrl\":\"https:\\\/\\\/drasanvi.com\\\/pt\\\/wp-content\\\/uploads\\\/sites\\\/6\\\/2022\\\/04\\\/032050079.png\",\"width\":1000,\"height\":1000},{\"@type\":\"BreadcrumbList\",\"@id\":\"https:\\\/\\\/drasanvi.com\\\/pt\\\/producto\\\/vitalpur-defesas\\\/#breadcrumb\",\"itemListElement\":[{\"@type\":\"ListItem\",\"position\":1,\"name\":\"Portada\",\"item\":\"https:\\\/\\\/drasanvi.com\\\/pt\\\/\"},{\"@type\":\"ListItem\",\"position\":2,\"name\":\"Tienda\",\"item\":\"https:\\\/\\\/drasanvi.com\\\/pt\\\/tienda\\\/\"},{\"@type\":\"ListItem\",\"position\":3,\"name\":\"Vitalpur Defesas\"}]},{\"@type\":\"WebSite\",\"@id\":\"https:\\\/\\\/drasanvi.com\\\/pt\\\/#website\",\"url\":\"https:\\\/\\\/drasanvi.com\\\/pt\\\/\",\"name\":\"Drasanvi Portugal\",\"description\":\"L\u00edder en complementos alimenticios y cosm\u00e9tica natural.\",\"publisher\":{\"@id\":\"https:\\\/\\\/drasanvi.com\\\/pt\\\/#organization\"},\"potentialAction\":[{\"@type\":\"SearchAction\",\"target\":{\"@type\":\"EntryPoint\",\"urlTemplate\":\"https:\\\/\\\/drasanvi.com\\\/pt\\\/?s={search_term_string}\"},\"query-input\":{\"@type\":\"PropertyValueSpecification\",\"valueRequired\":true,\"valueName\":\"search_term_string\"}}],\"inLanguage\":\"pt-PT\"},{\"@type\":\"Organization\",\"@id\":\"https:\\\/\\\/drasanvi.com\\\/pt\\\/#organization\",\"name\":\"Drasanvi\",\"url\":\"https:\\\/\\\/drasanvi.com\\\/pt\\\/\",\"logo\":{\"@type\":\"ImageObject\",\"inLanguage\":\"pt-PT\",\"@id\":\"https:\\\/\\\/drasanvi.com\\\/pt\\\/#\\\/schema\\\/logo\\\/image\\\/\",\"url\":\"https:\\\/\\\/drasanvi.com\\\/wp-content\\\/uploads\\\/sites\\\/6\\\/2021\\\/07\\\/logo-drasanvi.png\",\"contentUrl\":\"https:\\\/\\\/drasanvi.com\\\/wp-content\\\/uploads\\\/sites\\\/6\\\/2021\\\/07\\\/logo-drasanvi.png\",\"width\":900,\"height\":300,\"caption\":\"Drasanvi\"},\"image\":{\"@id\":\"https:\\\/\\\/drasanvi.com\\\/pt\\\/#\\\/schema\\\/logo\\\/image\\\/\"}}]}<\/script>\n<!-- \/ Yoast SEO plugin. -->","yoast_head_json":{"title":"Vitalpur Defesas - Drasanvi Portugal","robots":{"index":"index","follow":"follow","max-snippet":"max-snippet:-1","max-image-preview":"max-image-preview:large","max-video-preview":"max-video-preview:-1"},"canonical":"https:\/\/drasanvi.com\/pt\/producto\/vitalpur-defesas\/","og_locale":"pt_PT","og_type":"article","og_title":"Vitalpur Defesas - Drasanvi Portugal","og_description":"Vitalpur Defesas \u00e9 um suplemento alimentar \u00e0 base de Geleia Real (1500 mg), refor\u00e7ado com subst\u00e2ncias que contribuem para o normal funcionamento do sistema imunit\u00e1rio como sendo o Zinco, Cobre e a Vitamina C. Ainda na sua composi\u00e7\u00e3o encontramos Pr\u00f3polis, Echin\u00e1cea e Lactoferrina (prote\u00edna presente no leite materno dos mam\u00edferos). Vital Pur Defesas n\u00e3o cont\u00e9m a\u00e7\u00facares e opta pela Stevia (Edulcorante extra\u00eddo das folhas de uma planta).Ficha t\u00e9cnica","og_url":"https:\/\/drasanvi.com\/pt\/producto\/vitalpur-defesas\/","og_site_name":"Drasanvi Portugal","article_modified_time":"2023-08-11T13:41:13+00:00","og_image":[{"width":1000,"height":1000,"url":"https:\/\/drasanvi.com\/pt\/wp-content\/uploads\/sites\/6\/2022\/04\/032050079.png","type":"image\/png"}],"twitter_card":"summary_large_image","schema":{"@context":"https:\/\/schema.org","@graph":[{"@type":"WebPage","@id":"https:\/\/drasanvi.com\/pt\/producto\/vitalpur-defesas\/","url":"https:\/\/drasanvi.com\/pt\/producto\/vitalpur-defesas\/","name":"Vitalpur Defesas - Drasanvi Portugal","isPartOf":{"@id":"https:\/\/drasanvi.com\/pt\/#website"},"primaryImageOfPage":{"@id":"https:\/\/drasanvi.com\/pt\/producto\/vitalpur-defesas\/#primaryimage"},"image":{"@id":"https:\/\/drasanvi.com\/pt\/producto\/vitalpur-defesas\/#primaryimage"},"thumbnailUrl":"https:\/\/drasanvi.com\/pt\/wp-content\/uploads\/sites\/6\/2022\/04\/032050079.png","datePublished":"2022-04-29T08:06:45+00:00","dateModified":"2023-08-11T13:41:13+00:00","breadcrumb":{"@id":"https:\/\/drasanvi.com\/pt\/producto\/vitalpur-defesas\/#breadcrumb"},"inLanguage":"pt-PT","potentialAction":[{"@type":"ReadAction","target":["https:\/\/drasanvi.com\/pt\/producto\/vitalpur-defesas\/"]}]},{"@type":"ImageObject","inLanguage":"pt-PT","@id":"https:\/\/drasanvi.com\/pt\/producto\/vitalpur-defesas\/#primaryimage","url":"https:\/\/drasanvi.com\/pt\/wp-content\/uploads\/sites\/6\/2022\/04\/032050079.png","contentUrl":"https:\/\/drasanvi.com\/pt\/wp-content\/uploads\/sites\/6\/2022\/04\/032050079.png","width":1000,"height":1000},{"@type":"BreadcrumbList","@id":"https:\/\/drasanvi.com\/pt\/producto\/vitalpur-defesas\/#breadcrumb","itemListElement":[{"@type":"ListItem","position":1,"name":"Portada","item":"https:\/\/drasanvi.com\/pt\/"},{"@type":"ListItem","position":2,"name":"Tienda","item":"https:\/\/drasanvi.com\/pt\/tienda\/"},{"@type":"ListItem","position":3,"name":"Vitalpur Defesas"}]},{"@type":"WebSite","@id":"https:\/\/drasanvi.com\/pt\/#website","url":"https:\/\/drasanvi.com\/pt\/","name":"Drasanvi Portugal","description":"L\u00edder en complementos alimenticios y cosm\u00e9tica natural.","publisher":{"@id":"https:\/\/drasanvi.com\/pt\/#organization"},"potentialAction":[{"@type":"SearchAction","target":{"@type":"EntryPoint","urlTemplate":"https:\/\/drasanvi.com\/pt\/?s={search_term_string}"},"query-input":{"@type":"PropertyValueSpecification","valueRequired":true,"valueName":"search_term_string"}}],"inLanguage":"pt-PT"},{"@type":"Organization","@id":"https:\/\/drasanvi.com\/pt\/#organization","name":"Drasanvi","url":"https:\/\/drasanvi.com\/pt\/","logo":{"@type":"ImageObject","inLanguage":"pt-PT","@id":"https:\/\/drasanvi.com\/pt\/#\/schema\/logo\/image\/","url":"https:\/\/drasanvi.com\/wp-content\/uploads\/sites\/6\/2021\/07\/logo-drasanvi.png","contentUrl":"https:\/\/drasanvi.com\/wp-content\/uploads\/sites\/6\/2021\/07\/logo-drasanvi.png","width":900,"height":300,"caption":"Drasanvi"},"image":{"@id":"https:\/\/drasanvi.com\/pt\/#\/schema\/logo\/image\/"}}]}},"_links":{"self":[{"href":"https:\/\/drasanvi.com\/pt\/wp-json\/wp\/v2\/product\/23465","targetHints":{"allow":["GET"]}}],"collection":[{"href":"https:\/\/drasanvi.com\/pt\/wp-json\/wp\/v2\/product"}],"about":[{"href":"https:\/\/drasanvi.com\/pt\/wp-json\/wp\/v2\/types\/product"}],"version-history":[{"count":0,"href":"https:\/\/drasanvi.com\/pt\/wp-json\/wp\/v2\/product\/23465\/revisions"}],"wp:featuredmedia":[{"embeddable":true,"href":"https:\/\/drasanvi.com\/pt\/wp-json\/wp\/v2\/media\/23467"}],"wp:attachment":[{"href":"https:\/\/drasanvi.com\/pt\/wp-json\/wp\/v2\/media?parent=23465"}],"wp:term":[{"taxonomy":"product_cat","embeddable":true,"href":"https:\/\/drasanvi.com\/pt\/wp-json\/wp\/v2\/product_cat?post=23465"},{"taxonomy":"product_tag","embeddable":true,"href":"https:\/\/drasanvi.com\/pt\/wp-json\/wp\/v2\/product_tag?post=23465"}],"curies":[{"name":"wp","href":"https:\/\/api.w.org\/{rel}","templated":true}]}}