{"id":23421,"date":"2022-04-29T10:06:45","date_gmt":"2022-04-29T08:06:45","guid":{"rendered":"https:\/\/drasanvi.com\/pt\/producto\/collmar-cremi-gel-efeito-frio\/"},"modified":"2023-08-11T15:40:47","modified_gmt":"2023-08-11T13:40:47","slug":"collmar-cremi-gel-efeito-frio","status":"publish","type":"product","link":"https:\/\/drasanvi.com\/pt\/producto\/collmar-cremi-gel-efeito-frio\/","title":{"rendered":"Collmar Cremi Gel Efeito Frio"},"content":{"rendered":"<p>Collmar cremi-gel efeito frio alivia e reduz as molestias do dia a dia. Os ingredientes que a sua f\u00f3rmula cont\u00e9m ativam e melhoram a circula\u00e7\u00e3o.Ideal para aliviar e acalmar as pernas cansadas ou qualquer outra parte do corpo que se sinta pesada ou com sensa\u00e7\u00e3o de fadiga.Pode ser usada tanto para a pratica desportiva (recomendamos ap\u00f3s a pr\u00e1tica) como para o dia a dia de qualquer pessoa que sofra de qualquer transtorno leve.A nossa f\u00f3rmula est\u00e1 enriquecida com\u00a0<strong>C<\/strong><strong>olagenio Marinho<\/strong>, \u00f3leos essenciais quimiotipados de \u00a0<strong>Gaulteria<\/strong> e <strong>Curcuma.<\/strong><\/p>\n<h2>Ingredientes<\/h2>\n<h2>Modo de uso<\/h2>\n<p>Aplicar em qualquer momento do dia e massajar at\u00e9 a sua completa absor\u00e7\u00e3o. A seguir, lavar as m\u00e3os com \u00e1gua.<\/p>\n<h2>Presentaci\u00f3n<\/h2>\n<p>Embalagem de 75ml<\/p>\n<h2>Advertencias<\/h2>\n<p>Evite o contacto com olhos e mucosas.N\u00e3o aplicar sobre feridas abertas ou \u00falceras.<\/p>\n<h2>Valores nutricionales<\/h2>\n","protected":false},"excerpt":{"rendered":"<p>Collmar cremi-gel efeito frio alivia e reduz as molestias do dia a dia. Os ingredientes que a sua f\u00f3rmula cont\u00e9m ativam e melhoram a circula\u00e7\u00e3o.Ideal para aliviar e acalmar as pernas cansadas ou qualquer outra parte do corpo que se sinta pesada ou com sensa\u00e7\u00e3o de fadiga.Pode ser usada tanto para a pratica desportiva (recomendamos ap\u00f3s a pr\u00e1tica) como para o dia a dia de qualquer pessoa que sofra de qualquer transtorno leve.A nossa f\u00f3rmula est\u00e1 enriquecida com\u00a0<strong>C<\/strong><strong>olagenio Marinho<\/strong>, \u00f3leos essenciais quimiotipados de \u00a0<strong>Gaulteria<\/strong> e <strong>Curcuma.<\/strong><a id=\"boton-ficha\" href=\"https:\/\/panel.drasanvi.com\/fichas\/5\/032060627\">Ficha t\u00e9cnica<\/a><\/p>\n","protected":false},"featured_media":23423,"template":"","meta":{"inline_featured_image":false},"product_cat":[1374],"product_tag":[],"class_list":["post-23421","product","type-product","status-publish","has-post-thumbnail","hentry","product_cat-cosmetico","pa_contains-apio-no","pa_contains-peanuts-no","pa_contem-crustaceos-no","pa_contem-frutos-secos-no","pa_contem-leite-no","pa_contem-moluscos-no","pa_contem-mostarda-no","pa_contem-ovo-no","pa_contem-peixe-no","pa_contem-sesame-no","pa_contem-soja-no","pa_contiene-altramuces-no","pa_produto-bio-no","pa_produto-sem-gluten-no","pa_produto-vegan-no","pa_produto-vegetariano-no"],"yoast_head":"<!-- This site is optimized with the Yoast SEO plugin v27.5 - https:\/\/yoast.com\/product\/yoast-seo-wordpress\/ -->\n<title>Collmar Cremi Gel Efeito Frio - Drasanvi Portugal<\/title>\n<meta name=\"robots\" content=\"index, follow, max-snippet:-1, max-image-preview:large, max-video-preview:-1\" \/>\n<link rel=\"canonical\" href=\"https:\/\/drasanvi.com\/pt\/producto\/collmar-cremi-gel-efeito-frio\/\" \/>\n<meta property=\"og:locale\" content=\"pt_PT\" \/>\n<meta property=\"og:type\" content=\"article\" \/>\n<meta property=\"og:title\" content=\"Collmar Cremi Gel Efeito Frio - Drasanvi Portugal\" \/>\n<meta property=\"og:description\" content=\"Collmar cremi-gel efeito frio alivia e reduz as molestias do dia a dia. Os ingredientes que a sua f\u00f3rmula cont\u00e9m ativam e melhoram a circula\u00e7\u00e3o.Ideal para aliviar e acalmar as pernas cansadas ou qualquer outra parte do corpo que se sinta pesada ou com sensa\u00e7\u00e3o de fadiga.Pode ser usada tanto para a pratica desportiva (recomendamos ap\u00f3s a pr\u00e1tica) como para o dia a dia de qualquer pessoa que sofra de qualquer transtorno leve.A nossa f\u00f3rmula est\u00e1 enriquecida com\u00a0Colagenio Marinho, \u00f3leos essenciais quimiotipados de \u00a0Gaulteria e Curcuma.Ficha t\u00e9cnica\" \/>\n<meta property=\"og:url\" content=\"https:\/\/drasanvi.com\/pt\/producto\/collmar-cremi-gel-efeito-frio\/\" \/>\n<meta property=\"og:site_name\" content=\"Drasanvi Portugal\" \/>\n<meta property=\"article:modified_time\" content=\"2023-08-11T13:40:47+00:00\" \/>\n<meta property=\"og:image\" content=\"https:\/\/drasanvi.com\/pt\/wp-content\/uploads\/sites\/6\/2022\/04\/032060627.png\" \/>\n\t<meta property=\"og:image:width\" content=\"1000\" \/>\n\t<meta property=\"og:image:height\" content=\"1000\" \/>\n\t<meta property=\"og:image:type\" content=\"image\/png\" \/>\n<meta name=\"twitter:card\" content=\"summary_large_image\" \/>\n<script type=\"application\/ld+json\" class=\"yoast-schema-graph\">{\"@context\":\"https:\\\/\\\/schema.org\",\"@graph\":[{\"@type\":\"WebPage\",\"@id\":\"https:\\\/\\\/drasanvi.com\\\/pt\\\/producto\\\/collmar-cremi-gel-efeito-frio\\\/\",\"url\":\"https:\\\/\\\/drasanvi.com\\\/pt\\\/producto\\\/collmar-cremi-gel-efeito-frio\\\/\",\"name\":\"Collmar Cremi Gel Efeito Frio - Drasanvi Portugal\",\"isPartOf\":{\"@id\":\"https:\\\/\\\/drasanvi.com\\\/pt\\\/#website\"},\"primaryImageOfPage\":{\"@id\":\"https:\\\/\\\/drasanvi.com\\\/pt\\\/producto\\\/collmar-cremi-gel-efeito-frio\\\/#primaryimage\"},\"image\":{\"@id\":\"https:\\\/\\\/drasanvi.com\\\/pt\\\/producto\\\/collmar-cremi-gel-efeito-frio\\\/#primaryimage\"},\"thumbnailUrl\":\"https:\\\/\\\/drasanvi.com\\\/pt\\\/wp-content\\\/uploads\\\/sites\\\/6\\\/2022\\\/04\\\/032060627.png\",\"datePublished\":\"2022-04-29T08:06:45+00:00\",\"dateModified\":\"2023-08-11T13:40:47+00:00\",\"breadcrumb\":{\"@id\":\"https:\\\/\\\/drasanvi.com\\\/pt\\\/producto\\\/collmar-cremi-gel-efeito-frio\\\/#breadcrumb\"},\"inLanguage\":\"pt-PT\",\"potentialAction\":[{\"@type\":\"ReadAction\",\"target\":[\"https:\\\/\\\/drasanvi.com\\\/pt\\\/producto\\\/collmar-cremi-gel-efeito-frio\\\/\"]}]},{\"@type\":\"ImageObject\",\"inLanguage\":\"pt-PT\",\"@id\":\"https:\\\/\\\/drasanvi.com\\\/pt\\\/producto\\\/collmar-cremi-gel-efeito-frio\\\/#primaryimage\",\"url\":\"https:\\\/\\\/drasanvi.com\\\/pt\\\/wp-content\\\/uploads\\\/sites\\\/6\\\/2022\\\/04\\\/032060627.png\",\"contentUrl\":\"https:\\\/\\\/drasanvi.com\\\/pt\\\/wp-content\\\/uploads\\\/sites\\\/6\\\/2022\\\/04\\\/032060627.png\",\"width\":1000,\"height\":1000},{\"@type\":\"BreadcrumbList\",\"@id\":\"https:\\\/\\\/drasanvi.com\\\/pt\\\/producto\\\/collmar-cremi-gel-efeito-frio\\\/#breadcrumb\",\"itemListElement\":[{\"@type\":\"ListItem\",\"position\":1,\"name\":\"Portada\",\"item\":\"https:\\\/\\\/drasanvi.com\\\/pt\\\/\"},{\"@type\":\"ListItem\",\"position\":2,\"name\":\"Tienda\",\"item\":\"https:\\\/\\\/drasanvi.com\\\/pt\\\/tienda\\\/\"},{\"@type\":\"ListItem\",\"position\":3,\"name\":\"Collmar Cremi Gel Efeito Frio\"}]},{\"@type\":\"WebSite\",\"@id\":\"https:\\\/\\\/drasanvi.com\\\/pt\\\/#website\",\"url\":\"https:\\\/\\\/drasanvi.com\\\/pt\\\/\",\"name\":\"Drasanvi Portugal\",\"description\":\"L\u00edder en complementos alimenticios y cosm\u00e9tica natural.\",\"publisher\":{\"@id\":\"https:\\\/\\\/drasanvi.com\\\/pt\\\/#organization\"},\"potentialAction\":[{\"@type\":\"SearchAction\",\"target\":{\"@type\":\"EntryPoint\",\"urlTemplate\":\"https:\\\/\\\/drasanvi.com\\\/pt\\\/?s={search_term_string}\"},\"query-input\":{\"@type\":\"PropertyValueSpecification\",\"valueRequired\":true,\"valueName\":\"search_term_string\"}}],\"inLanguage\":\"pt-PT\"},{\"@type\":\"Organization\",\"@id\":\"https:\\\/\\\/drasanvi.com\\\/pt\\\/#organization\",\"name\":\"Drasanvi\",\"url\":\"https:\\\/\\\/drasanvi.com\\\/pt\\\/\",\"logo\":{\"@type\":\"ImageObject\",\"inLanguage\":\"pt-PT\",\"@id\":\"https:\\\/\\\/drasanvi.com\\\/pt\\\/#\\\/schema\\\/logo\\\/image\\\/\",\"url\":\"https:\\\/\\\/drasanvi.com\\\/wp-content\\\/uploads\\\/sites\\\/6\\\/2021\\\/07\\\/logo-drasanvi.png\",\"contentUrl\":\"https:\\\/\\\/drasanvi.com\\\/wp-content\\\/uploads\\\/sites\\\/6\\\/2021\\\/07\\\/logo-drasanvi.png\",\"width\":900,\"height\":300,\"caption\":\"Drasanvi\"},\"image\":{\"@id\":\"https:\\\/\\\/drasanvi.com\\\/pt\\\/#\\\/schema\\\/logo\\\/image\\\/\"}}]}<\/script>\n<!-- \/ Yoast SEO plugin. -->","yoast_head_json":{"title":"Collmar Cremi Gel Efeito Frio - Drasanvi Portugal","robots":{"index":"index","follow":"follow","max-snippet":"max-snippet:-1","max-image-preview":"max-image-preview:large","max-video-preview":"max-video-preview:-1"},"canonical":"https:\/\/drasanvi.com\/pt\/producto\/collmar-cremi-gel-efeito-frio\/","og_locale":"pt_PT","og_type":"article","og_title":"Collmar Cremi Gel Efeito Frio - Drasanvi Portugal","og_description":"Collmar cremi-gel efeito frio alivia e reduz as molestias do dia a dia. Os ingredientes que a sua f\u00f3rmula cont\u00e9m ativam e melhoram a circula\u00e7\u00e3o.Ideal para aliviar e acalmar as pernas cansadas ou qualquer outra parte do corpo que se sinta pesada ou com sensa\u00e7\u00e3o de fadiga.Pode ser usada tanto para a pratica desportiva (recomendamos ap\u00f3s a pr\u00e1tica) como para o dia a dia de qualquer pessoa que sofra de qualquer transtorno leve.A nossa f\u00f3rmula est\u00e1 enriquecida com\u00a0Colagenio Marinho, \u00f3leos essenciais quimiotipados de \u00a0Gaulteria e Curcuma.Ficha t\u00e9cnica","og_url":"https:\/\/drasanvi.com\/pt\/producto\/collmar-cremi-gel-efeito-frio\/","og_site_name":"Drasanvi Portugal","article_modified_time":"2023-08-11T13:40:47+00:00","og_image":[{"width":1000,"height":1000,"url":"https:\/\/drasanvi.com\/pt\/wp-content\/uploads\/sites\/6\/2022\/04\/032060627.png","type":"image\/png"}],"twitter_card":"summary_large_image","schema":{"@context":"https:\/\/schema.org","@graph":[{"@type":"WebPage","@id":"https:\/\/drasanvi.com\/pt\/producto\/collmar-cremi-gel-efeito-frio\/","url":"https:\/\/drasanvi.com\/pt\/producto\/collmar-cremi-gel-efeito-frio\/","name":"Collmar Cremi Gel Efeito Frio - Drasanvi Portugal","isPartOf":{"@id":"https:\/\/drasanvi.com\/pt\/#website"},"primaryImageOfPage":{"@id":"https:\/\/drasanvi.com\/pt\/producto\/collmar-cremi-gel-efeito-frio\/#primaryimage"},"image":{"@id":"https:\/\/drasanvi.com\/pt\/producto\/collmar-cremi-gel-efeito-frio\/#primaryimage"},"thumbnailUrl":"https:\/\/drasanvi.com\/pt\/wp-content\/uploads\/sites\/6\/2022\/04\/032060627.png","datePublished":"2022-04-29T08:06:45+00:00","dateModified":"2023-08-11T13:40:47+00:00","breadcrumb":{"@id":"https:\/\/drasanvi.com\/pt\/producto\/collmar-cremi-gel-efeito-frio\/#breadcrumb"},"inLanguage":"pt-PT","potentialAction":[{"@type":"ReadAction","target":["https:\/\/drasanvi.com\/pt\/producto\/collmar-cremi-gel-efeito-frio\/"]}]},{"@type":"ImageObject","inLanguage":"pt-PT","@id":"https:\/\/drasanvi.com\/pt\/producto\/collmar-cremi-gel-efeito-frio\/#primaryimage","url":"https:\/\/drasanvi.com\/pt\/wp-content\/uploads\/sites\/6\/2022\/04\/032060627.png","contentUrl":"https:\/\/drasanvi.com\/pt\/wp-content\/uploads\/sites\/6\/2022\/04\/032060627.png","width":1000,"height":1000},{"@type":"BreadcrumbList","@id":"https:\/\/drasanvi.com\/pt\/producto\/collmar-cremi-gel-efeito-frio\/#breadcrumb","itemListElement":[{"@type":"ListItem","position":1,"name":"Portada","item":"https:\/\/drasanvi.com\/pt\/"},{"@type":"ListItem","position":2,"name":"Tienda","item":"https:\/\/drasanvi.com\/pt\/tienda\/"},{"@type":"ListItem","position":3,"name":"Collmar Cremi Gel Efeito Frio"}]},{"@type":"WebSite","@id":"https:\/\/drasanvi.com\/pt\/#website","url":"https:\/\/drasanvi.com\/pt\/","name":"Drasanvi Portugal","description":"L\u00edder en complementos alimenticios y cosm\u00e9tica natural.","publisher":{"@id":"https:\/\/drasanvi.com\/pt\/#organization"},"potentialAction":[{"@type":"SearchAction","target":{"@type":"EntryPoint","urlTemplate":"https:\/\/drasanvi.com\/pt\/?s={search_term_string}"},"query-input":{"@type":"PropertyValueSpecification","valueRequired":true,"valueName":"search_term_string"}}],"inLanguage":"pt-PT"},{"@type":"Organization","@id":"https:\/\/drasanvi.com\/pt\/#organization","name":"Drasanvi","url":"https:\/\/drasanvi.com\/pt\/","logo":{"@type":"ImageObject","inLanguage":"pt-PT","@id":"https:\/\/drasanvi.com\/pt\/#\/schema\/logo\/image\/","url":"https:\/\/drasanvi.com\/wp-content\/uploads\/sites\/6\/2021\/07\/logo-drasanvi.png","contentUrl":"https:\/\/drasanvi.com\/wp-content\/uploads\/sites\/6\/2021\/07\/logo-drasanvi.png","width":900,"height":300,"caption":"Drasanvi"},"image":{"@id":"https:\/\/drasanvi.com\/pt\/#\/schema\/logo\/image\/"}}]}},"_links":{"self":[{"href":"https:\/\/drasanvi.com\/pt\/wp-json\/wp\/v2\/product\/23421","targetHints":{"allow":["GET"]}}],"collection":[{"href":"https:\/\/drasanvi.com\/pt\/wp-json\/wp\/v2\/product"}],"about":[{"href":"https:\/\/drasanvi.com\/pt\/wp-json\/wp\/v2\/types\/product"}],"version-history":[{"count":0,"href":"https:\/\/drasanvi.com\/pt\/wp-json\/wp\/v2\/product\/23421\/revisions"}],"wp:featuredmedia":[{"embeddable":true,"href":"https:\/\/drasanvi.com\/pt\/wp-json\/wp\/v2\/media\/23423"}],"wp:attachment":[{"href":"https:\/\/drasanvi.com\/pt\/wp-json\/wp\/v2\/media?parent=23421"}],"wp:term":[{"taxonomy":"product_cat","embeddable":true,"href":"https:\/\/drasanvi.com\/pt\/wp-json\/wp\/v2\/product_cat?post=23421"},{"taxonomy":"product_tag","embeddable":true,"href":"https:\/\/drasanvi.com\/pt\/wp-json\/wp\/v2\/product_tag?post=23421"}],"curies":[{"name":"wp","href":"https:\/\/api.w.org\/{rel}","templated":true}]}}