{"id":23412,"date":"2022-04-29T10:05:34","date_gmt":"2022-04-29T08:05:34","guid":{"rendered":"https:\/\/drasanvi.com\/pt\/producto\/super-alimentos-erva-de-trigo-doypack\/"},"modified":"2023-08-11T15:41:11","modified_gmt":"2023-08-11T13:41:11","slug":"super-alimentos-erva-de-trigo-doypack","status":"publish","type":"product","link":"https:\/\/drasanvi.com\/pt\/producto\/super-alimentos-erva-de-trigo-doypack\/","title":{"rendered":"Super Alimentos &#8211; Erva de Trigo Doypack"},"content":{"rendered":"<p>A Erva de Trigo verde obt\u00e9m-se dos brotes j\u00f3venes de trigo, coincidindo com o momento de maior concentra\u00e7\u00e3o em vitaminas, minerais e clorofila. Caracteriza-se pela sua\u00a0<strong>alta concentra\u00e7\u00e3o de prote\u00ednas e riqueza de vitaminas e minerais<\/strong>.<\/p>\n<p>Todo o processo, desde o cultivo at\u00e9 a sua extrac\u00e7\u00e3o e embalagem, leva-se a cabo baixo as condi\u00e7\u00f5es ecol\u00f3gicas.<\/p>\n<\/p>\n<h2>Ingredientes<\/h2>\n<p><b style=\"text-decoration: underline\">Erva de Trigo em p\u00f3 de origem BIO<\/b><em>Triticum aestivum<\/em><\/p>\n<h2>Modo de uso<\/h2>\n<p>Acrescente uma colher de sobremesa aos seus smoothies e batidos, sumos, bebidas vegetais, molhos verdes, creme de legumes ou qualquer receita. Acrescente uma vez o prato esteja t\u00e9pido.1 colher de sobremesa = 2 gramas aproximadamente<\/p>\n<h2>Presentaci\u00f3n<\/h2>\n<p>Embalagem de 125 g (4.4 oz)<\/p>\n<h2>Advertencias<\/h2>\n<p>Conservar num local seco e fresco. Cont\u00e9m gl\u00faten.<\/p>\n<h2>Valores nutricionales<\/h2>\n<p>por cada 100 g<\/p>\n<table>\n<tbody>\n<tr>\n<td>INGREDIENTE<\/td>\n<td>%\/100 g<\/td>\n<td>QUANTIDADE\/100 g<\/td>\n<\/tr>\n<tr>\n<td>Gorduras<\/td>\n<td>1.3%<\/td>\n<td>1.3 g<\/td>\n<\/tr>\n<tr>\n<td>das quais s\u00e3o saturadas<\/td>\n<td>0.2%<\/td>\n<td>0.2 g<\/td>\n<\/tr>\n<tr>\n<td>Hidratos de carbono<\/td>\n<td>30%<\/td>\n<td>30 g<\/td>\n<\/tr>\n<tr>\n<td>dos quais s\u00e3o a\u00e7\u00facares<\/td>\n<td>16.68%<\/td>\n<td>16.68 g<\/td>\n<\/tr>\n<tr>\n<td>Fibra<\/td>\n<td>28%<\/td>\n<td>28 g<\/td>\n<\/tr>\n<tr>\n<td>Prote\u00edna<\/td>\n<td>19.56%<\/td>\n<td>19.56 g<\/td>\n<\/tr>\n<tr>\n<td>Sal<\/td>\n<td>0.08%<\/td>\n<td>0.08 g<\/td>\n<\/tr>\n<\/tbody>\n<\/table>\n<p>266 Kcal \u00b7 1115 KJ<\/p>\n<table>\n<tbody>\n<tr>\n<td>INGREDIENTE<\/td>\n<td>%VRN<\/td>\n<td>QUANTIDADE\/ 10 g<\/td>\n<\/tr>\n<tr>\n<td>Vitamina A<\/td>\n<td>32.5 %<\/td>\n<td>260.3 ?g<\/td>\n<\/tr>\n<tr>\n<td>Vitamina C<\/td>\n<td>29.3 %<\/td>\n<td>23.5 mg<\/td>\n<\/tr>\n<tr>\n<td>Pot\u00e1ssio<\/td>\n<td>6.85 %<\/td>\n<td>137.0 mg<\/td>\n<\/tr>\n<tr>\n<td>C\u00e1lcio<\/td>\n<td>8.61 %<\/td>\n<td>68.9 mg<\/td>\n<\/tr>\n<tr>\n<td>Ferro<\/td>\n<td>10.9 %<\/td>\n<td>1.53 mg<\/td>\n<\/tr>\n<\/tbody>\n<\/table>\n<p>% VRN (Valores de Refer\u00eancia de Nutrientes)<\/p>\n","protected":false},"excerpt":{"rendered":"<p>A Erva de Trigo verde obt\u00e9m-se dos brotes j\u00f3venes de trigo, coincidindo com o momento de maior concentra\u00e7\u00e3o em vitaminas, minerais e clorofila. Caracteriza-se pela sua\u00a0<strong>alta concentra\u00e7\u00e3o de prote\u00ednas e riqueza de vitaminas e minerais<\/strong>.<\/p>\n<p>Todo o processo, desde o cultivo at\u00e9 a sua extrac\u00e7\u00e3o e embalagem, leva-se a cabo baixo as condi\u00e7\u00f5es ecol\u00f3gicas.<\/p>\n<\/p>\n<p><a id=\"boton-ficha\" href=\"https:\/\/panel.drasanvi.com\/fichas\/5\/032010024\">Ficha t\u00e9cnica<\/a><\/p>\n","protected":false},"featured_media":23414,"template":"","meta":{"inline_featured_image":false},"product_cat":[1370],"product_tag":[],"class_list":["post-23412","product","type-product","status-publish","has-post-thumbnail","hentry","product_cat-super-alimentos","pa_contains-apio-no","pa_contains-peanuts-no","pa_contem-crustaceos-no","pa_contem-frutos-secos-no","pa_contem-leite-no","pa_contem-moluscos-no","pa_contem-mostarda-no","pa_contem-ovo-no","pa_contem-peixe-no","pa_contem-sesame-no","pa_contem-soja-no","pa_contiene-altramuces-no","pa_produto-bio-si","pa_produto-sem-gluten-no","pa_produto-vegan-si","pa_produto-vegetariano-si"],"yoast_head":"<!-- This site is optimized with the Yoast SEO plugin v27.5 - https:\/\/yoast.com\/product\/yoast-seo-wordpress\/ -->\n<title>Super Alimentos - Erva de Trigo Doypack - Drasanvi Portugal<\/title>\n<meta name=\"robots\" content=\"index, follow, max-snippet:-1, max-image-preview:large, max-video-preview:-1\" \/>\n<link rel=\"canonical\" href=\"https:\/\/drasanvi.com\/pt\/producto\/super-alimentos-erva-de-trigo-doypack\/\" \/>\n<meta property=\"og:locale\" content=\"pt_PT\" \/>\n<meta property=\"og:type\" content=\"article\" \/>\n<meta property=\"og:title\" content=\"Super Alimentos - Erva de Trigo Doypack - Drasanvi Portugal\" \/>\n<meta property=\"og:description\" content=\"A Erva de Trigo verde obt\u00e9m-se dos brotes j\u00f3venes de trigo, coincidindo com o momento de maior concentra\u00e7\u00e3o em vitaminas, minerais e clorofila. Caracteriza-se pela sua\u00a0alta concentra\u00e7\u00e3o de prote\u00ednas e riqueza de vitaminas e minerais.Todo o processo, desde o cultivo at\u00e9 a sua extrac\u00e7\u00e3o e embalagem, leva-se a cabo baixo as condi\u00e7\u00f5es ecol\u00f3gicas.Ficha t\u00e9cnica\" \/>\n<meta property=\"og:url\" content=\"https:\/\/drasanvi.com\/pt\/producto\/super-alimentos-erva-de-trigo-doypack\/\" \/>\n<meta property=\"og:site_name\" content=\"Drasanvi Portugal\" \/>\n<meta property=\"article:modified_time\" content=\"2023-08-11T13:41:11+00:00\" \/>\n<meta property=\"og:image\" content=\"https:\/\/drasanvi.com\/pt\/wp-content\/uploads\/sites\/6\/2022\/04\/032010024.png\" \/>\n\t<meta property=\"og:image:width\" content=\"1000\" \/>\n\t<meta property=\"og:image:height\" content=\"1000\" \/>\n\t<meta property=\"og:image:type\" content=\"image\/png\" \/>\n<meta name=\"twitter:card\" content=\"summary_large_image\" \/>\n<script type=\"application\/ld+json\" class=\"yoast-schema-graph\">{\"@context\":\"https:\\\/\\\/schema.org\",\"@graph\":[{\"@type\":\"WebPage\",\"@id\":\"https:\\\/\\\/drasanvi.com\\\/pt\\\/producto\\\/super-alimentos-erva-de-trigo-doypack\\\/\",\"url\":\"https:\\\/\\\/drasanvi.com\\\/pt\\\/producto\\\/super-alimentos-erva-de-trigo-doypack\\\/\",\"name\":\"Super Alimentos - Erva de Trigo Doypack - Drasanvi Portugal\",\"isPartOf\":{\"@id\":\"https:\\\/\\\/drasanvi.com\\\/pt\\\/#website\"},\"primaryImageOfPage\":{\"@id\":\"https:\\\/\\\/drasanvi.com\\\/pt\\\/producto\\\/super-alimentos-erva-de-trigo-doypack\\\/#primaryimage\"},\"image\":{\"@id\":\"https:\\\/\\\/drasanvi.com\\\/pt\\\/producto\\\/super-alimentos-erva-de-trigo-doypack\\\/#primaryimage\"},\"thumbnailUrl\":\"https:\\\/\\\/drasanvi.com\\\/pt\\\/wp-content\\\/uploads\\\/sites\\\/6\\\/2022\\\/04\\\/032010024.png\",\"datePublished\":\"2022-04-29T08:05:34+00:00\",\"dateModified\":\"2023-08-11T13:41:11+00:00\",\"breadcrumb\":{\"@id\":\"https:\\\/\\\/drasanvi.com\\\/pt\\\/producto\\\/super-alimentos-erva-de-trigo-doypack\\\/#breadcrumb\"},\"inLanguage\":\"pt-PT\",\"potentialAction\":[{\"@type\":\"ReadAction\",\"target\":[\"https:\\\/\\\/drasanvi.com\\\/pt\\\/producto\\\/super-alimentos-erva-de-trigo-doypack\\\/\"]}]},{\"@type\":\"ImageObject\",\"inLanguage\":\"pt-PT\",\"@id\":\"https:\\\/\\\/drasanvi.com\\\/pt\\\/producto\\\/super-alimentos-erva-de-trigo-doypack\\\/#primaryimage\",\"url\":\"https:\\\/\\\/drasanvi.com\\\/pt\\\/wp-content\\\/uploads\\\/sites\\\/6\\\/2022\\\/04\\\/032010024.png\",\"contentUrl\":\"https:\\\/\\\/drasanvi.com\\\/pt\\\/wp-content\\\/uploads\\\/sites\\\/6\\\/2022\\\/04\\\/032010024.png\",\"width\":1000,\"height\":1000},{\"@type\":\"BreadcrumbList\",\"@id\":\"https:\\\/\\\/drasanvi.com\\\/pt\\\/producto\\\/super-alimentos-erva-de-trigo-doypack\\\/#breadcrumb\",\"itemListElement\":[{\"@type\":\"ListItem\",\"position\":1,\"name\":\"Portada\",\"item\":\"https:\\\/\\\/drasanvi.com\\\/pt\\\/\"},{\"@type\":\"ListItem\",\"position\":2,\"name\":\"Tienda\",\"item\":\"https:\\\/\\\/drasanvi.com\\\/pt\\\/tienda\\\/\"},{\"@type\":\"ListItem\",\"position\":3,\"name\":\"Super Alimentos &#8211; Erva de Trigo Doypack\"}]},{\"@type\":\"WebSite\",\"@id\":\"https:\\\/\\\/drasanvi.com\\\/pt\\\/#website\",\"url\":\"https:\\\/\\\/drasanvi.com\\\/pt\\\/\",\"name\":\"Drasanvi Portugal\",\"description\":\"L\u00edder en complementos alimenticios y cosm\u00e9tica natural.\",\"publisher\":{\"@id\":\"https:\\\/\\\/drasanvi.com\\\/pt\\\/#organization\"},\"potentialAction\":[{\"@type\":\"SearchAction\",\"target\":{\"@type\":\"EntryPoint\",\"urlTemplate\":\"https:\\\/\\\/drasanvi.com\\\/pt\\\/?s={search_term_string}\"},\"query-input\":{\"@type\":\"PropertyValueSpecification\",\"valueRequired\":true,\"valueName\":\"search_term_string\"}}],\"inLanguage\":\"pt-PT\"},{\"@type\":\"Organization\",\"@id\":\"https:\\\/\\\/drasanvi.com\\\/pt\\\/#organization\",\"name\":\"Drasanvi\",\"url\":\"https:\\\/\\\/drasanvi.com\\\/pt\\\/\",\"logo\":{\"@type\":\"ImageObject\",\"inLanguage\":\"pt-PT\",\"@id\":\"https:\\\/\\\/drasanvi.com\\\/pt\\\/#\\\/schema\\\/logo\\\/image\\\/\",\"url\":\"https:\\\/\\\/drasanvi.com\\\/wp-content\\\/uploads\\\/sites\\\/6\\\/2021\\\/07\\\/logo-drasanvi.png\",\"contentUrl\":\"https:\\\/\\\/drasanvi.com\\\/wp-content\\\/uploads\\\/sites\\\/6\\\/2021\\\/07\\\/logo-drasanvi.png\",\"width\":900,\"height\":300,\"caption\":\"Drasanvi\"},\"image\":{\"@id\":\"https:\\\/\\\/drasanvi.com\\\/pt\\\/#\\\/schema\\\/logo\\\/image\\\/\"}}]}<\/script>\n<!-- \/ Yoast SEO plugin. -->","yoast_head_json":{"title":"Super Alimentos - Erva de Trigo Doypack - Drasanvi Portugal","robots":{"index":"index","follow":"follow","max-snippet":"max-snippet:-1","max-image-preview":"max-image-preview:large","max-video-preview":"max-video-preview:-1"},"canonical":"https:\/\/drasanvi.com\/pt\/producto\/super-alimentos-erva-de-trigo-doypack\/","og_locale":"pt_PT","og_type":"article","og_title":"Super Alimentos - Erva de Trigo Doypack - Drasanvi Portugal","og_description":"A Erva de Trigo verde obt\u00e9m-se dos brotes j\u00f3venes de trigo, coincidindo com o momento de maior concentra\u00e7\u00e3o em vitaminas, minerais e clorofila. Caracteriza-se pela sua\u00a0alta concentra\u00e7\u00e3o de prote\u00ednas e riqueza de vitaminas e minerais.Todo o processo, desde o cultivo at\u00e9 a sua extrac\u00e7\u00e3o e embalagem, leva-se a cabo baixo as condi\u00e7\u00f5es ecol\u00f3gicas.Ficha t\u00e9cnica","og_url":"https:\/\/drasanvi.com\/pt\/producto\/super-alimentos-erva-de-trigo-doypack\/","og_site_name":"Drasanvi Portugal","article_modified_time":"2023-08-11T13:41:11+00:00","og_image":[{"width":1000,"height":1000,"url":"https:\/\/drasanvi.com\/pt\/wp-content\/uploads\/sites\/6\/2022\/04\/032010024.png","type":"image\/png"}],"twitter_card":"summary_large_image","schema":{"@context":"https:\/\/schema.org","@graph":[{"@type":"WebPage","@id":"https:\/\/drasanvi.com\/pt\/producto\/super-alimentos-erva-de-trigo-doypack\/","url":"https:\/\/drasanvi.com\/pt\/producto\/super-alimentos-erva-de-trigo-doypack\/","name":"Super Alimentos - Erva de Trigo Doypack - Drasanvi Portugal","isPartOf":{"@id":"https:\/\/drasanvi.com\/pt\/#website"},"primaryImageOfPage":{"@id":"https:\/\/drasanvi.com\/pt\/producto\/super-alimentos-erva-de-trigo-doypack\/#primaryimage"},"image":{"@id":"https:\/\/drasanvi.com\/pt\/producto\/super-alimentos-erva-de-trigo-doypack\/#primaryimage"},"thumbnailUrl":"https:\/\/drasanvi.com\/pt\/wp-content\/uploads\/sites\/6\/2022\/04\/032010024.png","datePublished":"2022-04-29T08:05:34+00:00","dateModified":"2023-08-11T13:41:11+00:00","breadcrumb":{"@id":"https:\/\/drasanvi.com\/pt\/producto\/super-alimentos-erva-de-trigo-doypack\/#breadcrumb"},"inLanguage":"pt-PT","potentialAction":[{"@type":"ReadAction","target":["https:\/\/drasanvi.com\/pt\/producto\/super-alimentos-erva-de-trigo-doypack\/"]}]},{"@type":"ImageObject","inLanguage":"pt-PT","@id":"https:\/\/drasanvi.com\/pt\/producto\/super-alimentos-erva-de-trigo-doypack\/#primaryimage","url":"https:\/\/drasanvi.com\/pt\/wp-content\/uploads\/sites\/6\/2022\/04\/032010024.png","contentUrl":"https:\/\/drasanvi.com\/pt\/wp-content\/uploads\/sites\/6\/2022\/04\/032010024.png","width":1000,"height":1000},{"@type":"BreadcrumbList","@id":"https:\/\/drasanvi.com\/pt\/producto\/super-alimentos-erva-de-trigo-doypack\/#breadcrumb","itemListElement":[{"@type":"ListItem","position":1,"name":"Portada","item":"https:\/\/drasanvi.com\/pt\/"},{"@type":"ListItem","position":2,"name":"Tienda","item":"https:\/\/drasanvi.com\/pt\/tienda\/"},{"@type":"ListItem","position":3,"name":"Super Alimentos &#8211; Erva de Trigo Doypack"}]},{"@type":"WebSite","@id":"https:\/\/drasanvi.com\/pt\/#website","url":"https:\/\/drasanvi.com\/pt\/","name":"Drasanvi Portugal","description":"L\u00edder en complementos alimenticios y cosm\u00e9tica natural.","publisher":{"@id":"https:\/\/drasanvi.com\/pt\/#organization"},"potentialAction":[{"@type":"SearchAction","target":{"@type":"EntryPoint","urlTemplate":"https:\/\/drasanvi.com\/pt\/?s={search_term_string}"},"query-input":{"@type":"PropertyValueSpecification","valueRequired":true,"valueName":"search_term_string"}}],"inLanguage":"pt-PT"},{"@type":"Organization","@id":"https:\/\/drasanvi.com\/pt\/#organization","name":"Drasanvi","url":"https:\/\/drasanvi.com\/pt\/","logo":{"@type":"ImageObject","inLanguage":"pt-PT","@id":"https:\/\/drasanvi.com\/pt\/#\/schema\/logo\/image\/","url":"https:\/\/drasanvi.com\/wp-content\/uploads\/sites\/6\/2021\/07\/logo-drasanvi.png","contentUrl":"https:\/\/drasanvi.com\/wp-content\/uploads\/sites\/6\/2021\/07\/logo-drasanvi.png","width":900,"height":300,"caption":"Drasanvi"},"image":{"@id":"https:\/\/drasanvi.com\/pt\/#\/schema\/logo\/image\/"}}]}},"_links":{"self":[{"href":"https:\/\/drasanvi.com\/pt\/wp-json\/wp\/v2\/product\/23412","targetHints":{"allow":["GET"]}}],"collection":[{"href":"https:\/\/drasanvi.com\/pt\/wp-json\/wp\/v2\/product"}],"about":[{"href":"https:\/\/drasanvi.com\/pt\/wp-json\/wp\/v2\/types\/product"}],"version-history":[{"count":0,"href":"https:\/\/drasanvi.com\/pt\/wp-json\/wp\/v2\/product\/23412\/revisions"}],"wp:featuredmedia":[{"embeddable":true,"href":"https:\/\/drasanvi.com\/pt\/wp-json\/wp\/v2\/media\/23414"}],"wp:attachment":[{"href":"https:\/\/drasanvi.com\/pt\/wp-json\/wp\/v2\/media?parent=23412"}],"wp:term":[{"taxonomy":"product_cat","embeddable":true,"href":"https:\/\/drasanvi.com\/pt\/wp-json\/wp\/v2\/product_cat?post=23412"},{"taxonomy":"product_tag","embeddable":true,"href":"https:\/\/drasanvi.com\/pt\/wp-json\/wp\/v2\/product_tag?post=23412"}],"curies":[{"name":"wp","href":"https:\/\/api.w.org\/{rel}","templated":true}]}}