{"id":23403,"date":"2022-04-29T10:05:34","date_gmt":"2022-04-29T08:05:34","guid":{"rendered":"https:\/\/drasanvi.com\/pt\/producto\/super-alimentos-acucar-de-betula-stick\/"},"modified":"2023-08-11T15:41:11","modified_gmt":"2023-08-11T13:41:11","slug":"super-alimentos-acucar-de-betula-stick","status":"publish","type":"product","link":"https:\/\/drasanvi.com\/pt\/producto\/super-alimentos-acucar-de-betula-stick\/","title":{"rendered":"Super Alimentos &#8211; A\u00e7\u00facar de B\u00e9tula Stick"},"content":{"rendered":"<p>O A\u00e7\u00facar de B\u00e9tula, tamb\u00e9m conhecido como Xilitol, \u00e9 um delicioso substituto de a\u00e7\u00facar. A sua origem \u00e9 a casca de b\u00e9tula, embora tamb\u00e9m pode ser extra\u00eddo de outras plantas.<\/p>\n<p>Este a\u00e7\u00facar possui um sabor refrescante muito similar ao da sacarose. A diferen\u00e7a que apresenta com esta \u00e9 que t\u00e9m um\u00a0<strong>40% menos de\u00a0calor\u00edas\u00a0e\u00a0um \u00cdndice Glic\u00e9mico pr\u00f3ximo a 7, frente a 64 do a\u00e7\u00facar<\/strong>.<\/p>\n<p>Al\u00e9m do seu agrad\u00e1vel sabor e baixo \u00cdndice Glic\u00e9mico (IG), destacamos a sua <strong>contribui\u00e7\u00e3o para a manuten\u00e7\u00e3o da mineraliza\u00e7\u00e3o dos dentes<\/strong>.\u00a0Ao tratar-se de um alimento <strong>tolerado por diab\u00e9ticos<\/strong> e baixo em calorias \u00e9 \u00fatil para elaborar muitas sobremesas.<\/p>\n<h2>Ingredientes<\/h2>\n<p>A\u00e7\u00facar de B\u00e9tula (Xilitol)<em><\/em><\/p>\n<h2>Modo de uso<\/h2>\n<p>Utilize como substituto do a\u00e7\u00facar.<\/p>\n<h2>Presentaci\u00f3n<\/h2>\n<p>30 sticks de 10g. Peso total 300 g (10.58 oz)<\/p>\n<h2>Advertencias<\/h2>\n<h2>Valores nutricionales<\/h2>\n<p>por cada 100 g<\/p>\n<table>\n<tbody>\n<tr>\n<td>INGREDIENTE<\/td>\n<td>%\/100 g<\/td>\n<td>QUANTIDADE\/100 g<\/td>\n<\/tr>\n<tr>\n<td>Gorduras<\/td>\n<td>0%<\/td>\n<td>0 g<\/td>\n<\/tr>\n<tr>\n<td>das quais saturadas<\/td>\n<td>0%<\/td>\n<td>0 g<\/td>\n<\/tr>\n<tr>\n<td>Hidratos de carbono<\/td>\n<td>100%<\/td>\n<td>100 g<\/td>\n<\/tr>\n<tr>\n<td>dos quais s\u00e3o a\u00e7\u00facares<\/td>\n<td>0,2%<\/td>\n<td>0,2 g<\/td>\n<\/tr>\n<tr>\n<td>dos quais s\u00e3o polialc\u00f3ois<\/td>\n<td>99,8%<\/td>\n<td>99,8 g<\/td>\n<\/tr>\n<tr>\n<td>Fibra<\/td>\n<td>0%<\/td>\n<td>0 g<\/td>\n<\/tr>\n<tr>\n<td>Prote\u00ednas<\/td>\n<td>0%<\/td>\n<td>0 g<\/td>\n<\/tr>\n<\/tbody>\n<\/table>\n<p>240 Kcal \u00b7 1000 KJ<\/p>\n","protected":false},"excerpt":{"rendered":"<p>O A\u00e7\u00facar de B\u00e9tula, tamb\u00e9m conhecido como Xilitol, \u00e9 um delicioso substituto de a\u00e7\u00facar. A sua origem \u00e9 a casca de b\u00e9tula, embora tamb\u00e9m pode ser extra\u00eddo de outras plantas.<\/p>\n<p>Este a\u00e7\u00facar possui um sabor refrescante muito similar ao da sacarose. A diferen\u00e7a que apresenta com esta \u00e9 que t\u00e9m um\u00a0<strong>40% menos de\u00a0calor\u00edas\u00a0e\u00a0um \u00cdndice Glic\u00e9mico pr\u00f3ximo a 7, frente a 64 do a\u00e7\u00facar<\/strong>.<\/p>\n<p>Al\u00e9m do seu agrad\u00e1vel sabor e baixo \u00cdndice Glic\u00e9mico (IG), destacamos a sua <strong>contribui\u00e7\u00e3o para a manuten\u00e7\u00e3o da mineraliza\u00e7\u00e3o dos dentes<\/strong>.\u00a0Ao tratar-se de um alimento <strong>tolerado por diab\u00e9ticos<\/strong> e baixo em calorias \u00e9 \u00fatil para elaborar muitas sobremesas.<\/p>\n<p><a id=\"boton-ficha\" href=\"https:\/\/panel.drasanvi.com\/fichas\/5\/032010039\">Ficha t\u00e9cnica<\/a><\/p>\n","protected":false},"featured_media":23405,"template":"","meta":{"inline_featured_image":false},"product_cat":[1370],"product_tag":[],"class_list":["post-23403","product","type-product","status-publish","has-post-thumbnail","hentry","product_cat-super-alimentos","pa_contains-apio-no","pa_contains-peanuts-no","pa_contem-crustaceos-no","pa_contem-frutos-secos-no","pa_contem-leite-no","pa_contem-moluscos-no","pa_contem-mostarda-no","pa_contem-ovo-no","pa_contem-peixe-no","pa_contem-sesame-no","pa_contem-soja-no","pa_contiene-altramuces-no","pa_produto-bio-no","pa_produto-sem-gluten-no","pa_produto-vegan-si","pa_produto-vegetariano-no"],"yoast_head":"<!-- This site is optimized with the Yoast SEO plugin v27.5 - https:\/\/yoast.com\/product\/yoast-seo-wordpress\/ -->\n<title>Super Alimentos - A\u00e7\u00facar de B\u00e9tula Stick - Drasanvi Portugal<\/title>\n<meta name=\"robots\" content=\"index, follow, max-snippet:-1, max-image-preview:large, max-video-preview:-1\" \/>\n<link rel=\"canonical\" href=\"https:\/\/drasanvi.com\/pt\/producto\/super-alimentos-acucar-de-betula-stick\/\" \/>\n<meta property=\"og:locale\" content=\"pt_PT\" \/>\n<meta property=\"og:type\" content=\"article\" \/>\n<meta property=\"og:title\" content=\"Super Alimentos - A\u00e7\u00facar de B\u00e9tula Stick - Drasanvi Portugal\" \/>\n<meta property=\"og:description\" content=\"O A\u00e7\u00facar de B\u00e9tula, tamb\u00e9m conhecido como Xilitol, \u00e9 um delicioso substituto de a\u00e7\u00facar. A sua origem \u00e9 a casca de b\u00e9tula, embora tamb\u00e9m pode ser extra\u00eddo de outras plantas.Este a\u00e7\u00facar possui um sabor refrescante muito similar ao da sacarose. A diferen\u00e7a que apresenta com esta \u00e9 que t\u00e9m um\u00a040% menos de\u00a0calor\u00edas\u00a0e\u00a0um \u00cdndice Glic\u00e9mico pr\u00f3ximo a 7, frente a 64 do a\u00e7\u00facar.Al\u00e9m do seu agrad\u00e1vel sabor e baixo \u00cdndice Glic\u00e9mico (IG), destacamos a sua contribui\u00e7\u00e3o para a manuten\u00e7\u00e3o da mineraliza\u00e7\u00e3o dos dentes.\u00a0Ao tratar-se de um alimento tolerado por diab\u00e9ticos e baixo em calorias \u00e9 \u00fatil para elaborar muitas sobremesas.Ficha t\u00e9cnica\" \/>\n<meta property=\"og:url\" content=\"https:\/\/drasanvi.com\/pt\/producto\/super-alimentos-acucar-de-betula-stick\/\" \/>\n<meta property=\"og:site_name\" content=\"Drasanvi Portugal\" \/>\n<meta property=\"article:modified_time\" content=\"2023-08-11T13:41:11+00:00\" \/>\n<meta property=\"og:image\" content=\"https:\/\/drasanvi.com\/pt\/wp-content\/uploads\/sites\/6\/2022\/04\/032010039.png\" \/>\n\t<meta property=\"og:image:width\" content=\"1000\" \/>\n\t<meta property=\"og:image:height\" content=\"1000\" \/>\n\t<meta property=\"og:image:type\" content=\"image\/png\" \/>\n<meta name=\"twitter:card\" content=\"summary_large_image\" \/>\n<script type=\"application\/ld+json\" class=\"yoast-schema-graph\">{\"@context\":\"https:\\\/\\\/schema.org\",\"@graph\":[{\"@type\":\"WebPage\",\"@id\":\"https:\\\/\\\/drasanvi.com\\\/pt\\\/producto\\\/super-alimentos-acucar-de-betula-stick\\\/\",\"url\":\"https:\\\/\\\/drasanvi.com\\\/pt\\\/producto\\\/super-alimentos-acucar-de-betula-stick\\\/\",\"name\":\"Super Alimentos - A\u00e7\u00facar de B\u00e9tula Stick - Drasanvi Portugal\",\"isPartOf\":{\"@id\":\"https:\\\/\\\/drasanvi.com\\\/pt\\\/#website\"},\"primaryImageOfPage\":{\"@id\":\"https:\\\/\\\/drasanvi.com\\\/pt\\\/producto\\\/super-alimentos-acucar-de-betula-stick\\\/#primaryimage\"},\"image\":{\"@id\":\"https:\\\/\\\/drasanvi.com\\\/pt\\\/producto\\\/super-alimentos-acucar-de-betula-stick\\\/#primaryimage\"},\"thumbnailUrl\":\"https:\\\/\\\/drasanvi.com\\\/pt\\\/wp-content\\\/uploads\\\/sites\\\/6\\\/2022\\\/04\\\/032010039.png\",\"datePublished\":\"2022-04-29T08:05:34+00:00\",\"dateModified\":\"2023-08-11T13:41:11+00:00\",\"breadcrumb\":{\"@id\":\"https:\\\/\\\/drasanvi.com\\\/pt\\\/producto\\\/super-alimentos-acucar-de-betula-stick\\\/#breadcrumb\"},\"inLanguage\":\"pt-PT\",\"potentialAction\":[{\"@type\":\"ReadAction\",\"target\":[\"https:\\\/\\\/drasanvi.com\\\/pt\\\/producto\\\/super-alimentos-acucar-de-betula-stick\\\/\"]}]},{\"@type\":\"ImageObject\",\"inLanguage\":\"pt-PT\",\"@id\":\"https:\\\/\\\/drasanvi.com\\\/pt\\\/producto\\\/super-alimentos-acucar-de-betula-stick\\\/#primaryimage\",\"url\":\"https:\\\/\\\/drasanvi.com\\\/pt\\\/wp-content\\\/uploads\\\/sites\\\/6\\\/2022\\\/04\\\/032010039.png\",\"contentUrl\":\"https:\\\/\\\/drasanvi.com\\\/pt\\\/wp-content\\\/uploads\\\/sites\\\/6\\\/2022\\\/04\\\/032010039.png\",\"width\":1000,\"height\":1000},{\"@type\":\"BreadcrumbList\",\"@id\":\"https:\\\/\\\/drasanvi.com\\\/pt\\\/producto\\\/super-alimentos-acucar-de-betula-stick\\\/#breadcrumb\",\"itemListElement\":[{\"@type\":\"ListItem\",\"position\":1,\"name\":\"Portada\",\"item\":\"https:\\\/\\\/drasanvi.com\\\/pt\\\/\"},{\"@type\":\"ListItem\",\"position\":2,\"name\":\"Tienda\",\"item\":\"https:\\\/\\\/drasanvi.com\\\/pt\\\/tienda\\\/\"},{\"@type\":\"ListItem\",\"position\":3,\"name\":\"Super Alimentos &#8211; A\u00e7\u00facar de B\u00e9tula Stick\"}]},{\"@type\":\"WebSite\",\"@id\":\"https:\\\/\\\/drasanvi.com\\\/pt\\\/#website\",\"url\":\"https:\\\/\\\/drasanvi.com\\\/pt\\\/\",\"name\":\"Drasanvi Portugal\",\"description\":\"L\u00edder en complementos alimenticios y cosm\u00e9tica natural.\",\"publisher\":{\"@id\":\"https:\\\/\\\/drasanvi.com\\\/pt\\\/#organization\"},\"potentialAction\":[{\"@type\":\"SearchAction\",\"target\":{\"@type\":\"EntryPoint\",\"urlTemplate\":\"https:\\\/\\\/drasanvi.com\\\/pt\\\/?s={search_term_string}\"},\"query-input\":{\"@type\":\"PropertyValueSpecification\",\"valueRequired\":true,\"valueName\":\"search_term_string\"}}],\"inLanguage\":\"pt-PT\"},{\"@type\":\"Organization\",\"@id\":\"https:\\\/\\\/drasanvi.com\\\/pt\\\/#organization\",\"name\":\"Drasanvi\",\"url\":\"https:\\\/\\\/drasanvi.com\\\/pt\\\/\",\"logo\":{\"@type\":\"ImageObject\",\"inLanguage\":\"pt-PT\",\"@id\":\"https:\\\/\\\/drasanvi.com\\\/pt\\\/#\\\/schema\\\/logo\\\/image\\\/\",\"url\":\"https:\\\/\\\/drasanvi.com\\\/wp-content\\\/uploads\\\/sites\\\/6\\\/2021\\\/07\\\/logo-drasanvi.png\",\"contentUrl\":\"https:\\\/\\\/drasanvi.com\\\/wp-content\\\/uploads\\\/sites\\\/6\\\/2021\\\/07\\\/logo-drasanvi.png\",\"width\":900,\"height\":300,\"caption\":\"Drasanvi\"},\"image\":{\"@id\":\"https:\\\/\\\/drasanvi.com\\\/pt\\\/#\\\/schema\\\/logo\\\/image\\\/\"}}]}<\/script>\n<!-- \/ Yoast SEO plugin. -->","yoast_head_json":{"title":"Super Alimentos - A\u00e7\u00facar de B\u00e9tula Stick - Drasanvi Portugal","robots":{"index":"index","follow":"follow","max-snippet":"max-snippet:-1","max-image-preview":"max-image-preview:large","max-video-preview":"max-video-preview:-1"},"canonical":"https:\/\/drasanvi.com\/pt\/producto\/super-alimentos-acucar-de-betula-stick\/","og_locale":"pt_PT","og_type":"article","og_title":"Super Alimentos - A\u00e7\u00facar de B\u00e9tula Stick - Drasanvi Portugal","og_description":"O A\u00e7\u00facar de B\u00e9tula, tamb\u00e9m conhecido como Xilitol, \u00e9 um delicioso substituto de a\u00e7\u00facar. A sua origem \u00e9 a casca de b\u00e9tula, embora tamb\u00e9m pode ser extra\u00eddo de outras plantas.Este a\u00e7\u00facar possui um sabor refrescante muito similar ao da sacarose. A diferen\u00e7a que apresenta com esta \u00e9 que t\u00e9m um\u00a040% menos de\u00a0calor\u00edas\u00a0e\u00a0um \u00cdndice Glic\u00e9mico pr\u00f3ximo a 7, frente a 64 do a\u00e7\u00facar.Al\u00e9m do seu agrad\u00e1vel sabor e baixo \u00cdndice Glic\u00e9mico (IG), destacamos a sua contribui\u00e7\u00e3o para a manuten\u00e7\u00e3o da mineraliza\u00e7\u00e3o dos dentes.\u00a0Ao tratar-se de um alimento tolerado por diab\u00e9ticos e baixo em calorias \u00e9 \u00fatil para elaborar muitas sobremesas.Ficha t\u00e9cnica","og_url":"https:\/\/drasanvi.com\/pt\/producto\/super-alimentos-acucar-de-betula-stick\/","og_site_name":"Drasanvi Portugal","article_modified_time":"2023-08-11T13:41:11+00:00","og_image":[{"width":1000,"height":1000,"url":"https:\/\/drasanvi.com\/pt\/wp-content\/uploads\/sites\/6\/2022\/04\/032010039.png","type":"image\/png"}],"twitter_card":"summary_large_image","schema":{"@context":"https:\/\/schema.org","@graph":[{"@type":"WebPage","@id":"https:\/\/drasanvi.com\/pt\/producto\/super-alimentos-acucar-de-betula-stick\/","url":"https:\/\/drasanvi.com\/pt\/producto\/super-alimentos-acucar-de-betula-stick\/","name":"Super Alimentos - A\u00e7\u00facar de B\u00e9tula Stick - Drasanvi Portugal","isPartOf":{"@id":"https:\/\/drasanvi.com\/pt\/#website"},"primaryImageOfPage":{"@id":"https:\/\/drasanvi.com\/pt\/producto\/super-alimentos-acucar-de-betula-stick\/#primaryimage"},"image":{"@id":"https:\/\/drasanvi.com\/pt\/producto\/super-alimentos-acucar-de-betula-stick\/#primaryimage"},"thumbnailUrl":"https:\/\/drasanvi.com\/pt\/wp-content\/uploads\/sites\/6\/2022\/04\/032010039.png","datePublished":"2022-04-29T08:05:34+00:00","dateModified":"2023-08-11T13:41:11+00:00","breadcrumb":{"@id":"https:\/\/drasanvi.com\/pt\/producto\/super-alimentos-acucar-de-betula-stick\/#breadcrumb"},"inLanguage":"pt-PT","potentialAction":[{"@type":"ReadAction","target":["https:\/\/drasanvi.com\/pt\/producto\/super-alimentos-acucar-de-betula-stick\/"]}]},{"@type":"ImageObject","inLanguage":"pt-PT","@id":"https:\/\/drasanvi.com\/pt\/producto\/super-alimentos-acucar-de-betula-stick\/#primaryimage","url":"https:\/\/drasanvi.com\/pt\/wp-content\/uploads\/sites\/6\/2022\/04\/032010039.png","contentUrl":"https:\/\/drasanvi.com\/pt\/wp-content\/uploads\/sites\/6\/2022\/04\/032010039.png","width":1000,"height":1000},{"@type":"BreadcrumbList","@id":"https:\/\/drasanvi.com\/pt\/producto\/super-alimentos-acucar-de-betula-stick\/#breadcrumb","itemListElement":[{"@type":"ListItem","position":1,"name":"Portada","item":"https:\/\/drasanvi.com\/pt\/"},{"@type":"ListItem","position":2,"name":"Tienda","item":"https:\/\/drasanvi.com\/pt\/tienda\/"},{"@type":"ListItem","position":3,"name":"Super Alimentos &#8211; A\u00e7\u00facar de B\u00e9tula Stick"}]},{"@type":"WebSite","@id":"https:\/\/drasanvi.com\/pt\/#website","url":"https:\/\/drasanvi.com\/pt\/","name":"Drasanvi Portugal","description":"L\u00edder en complementos alimenticios y cosm\u00e9tica natural.","publisher":{"@id":"https:\/\/drasanvi.com\/pt\/#organization"},"potentialAction":[{"@type":"SearchAction","target":{"@type":"EntryPoint","urlTemplate":"https:\/\/drasanvi.com\/pt\/?s={search_term_string}"},"query-input":{"@type":"PropertyValueSpecification","valueRequired":true,"valueName":"search_term_string"}}],"inLanguage":"pt-PT"},{"@type":"Organization","@id":"https:\/\/drasanvi.com\/pt\/#organization","name":"Drasanvi","url":"https:\/\/drasanvi.com\/pt\/","logo":{"@type":"ImageObject","inLanguage":"pt-PT","@id":"https:\/\/drasanvi.com\/pt\/#\/schema\/logo\/image\/","url":"https:\/\/drasanvi.com\/wp-content\/uploads\/sites\/6\/2021\/07\/logo-drasanvi.png","contentUrl":"https:\/\/drasanvi.com\/wp-content\/uploads\/sites\/6\/2021\/07\/logo-drasanvi.png","width":900,"height":300,"caption":"Drasanvi"},"image":{"@id":"https:\/\/drasanvi.com\/pt\/#\/schema\/logo\/image\/"}}]}},"_links":{"self":[{"href":"https:\/\/drasanvi.com\/pt\/wp-json\/wp\/v2\/product\/23403","targetHints":{"allow":["GET"]}}],"collection":[{"href":"https:\/\/drasanvi.com\/pt\/wp-json\/wp\/v2\/product"}],"about":[{"href":"https:\/\/drasanvi.com\/pt\/wp-json\/wp\/v2\/types\/product"}],"version-history":[{"count":0,"href":"https:\/\/drasanvi.com\/pt\/wp-json\/wp\/v2\/product\/23403\/revisions"}],"wp:featuredmedia":[{"embeddable":true,"href":"https:\/\/drasanvi.com\/pt\/wp-json\/wp\/v2\/media\/23405"}],"wp:attachment":[{"href":"https:\/\/drasanvi.com\/pt\/wp-json\/wp\/v2\/media?parent=23403"}],"wp:term":[{"taxonomy":"product_cat","embeddable":true,"href":"https:\/\/drasanvi.com\/pt\/wp-json\/wp\/v2\/product_cat?post=23403"},{"taxonomy":"product_tag","embeddable":true,"href":"https:\/\/drasanvi.com\/pt\/wp-json\/wp\/v2\/product_tag?post=23403"}],"curies":[{"name":"wp","href":"https:\/\/api.w.org\/{rel}","templated":true}]}}