{"id":23385,"date":"2022-04-29T10:05:34","date_gmt":"2022-04-29T08:05:34","guid":{"rendered":"https:\/\/drasanvi.com\/pt\/producto\/super-alimentos-reishi-doypack\/"},"modified":"2023-08-11T15:41:12","modified_gmt":"2023-08-11T13:41:12","slug":"super-alimentos-reishi-doypack","status":"publish","type":"product","link":"https:\/\/drasanvi.com\/pt\/producto\/super-alimentos-reishi-doypack\/","title":{"rendered":"Super Alimentos &#8211; Reishi Doypack"},"content":{"rendered":"<p>Reishi, Ganoderma lucidum, um dos cogumelos mais usados na cultura tradicional chinesa e cada vez mais conhecido em Ocidente.<\/p>\n<p>O nome \u201c<strong>ganoderma<\/strong>\u201d procede do grego \u201c<strong>ganos<\/strong>\u201d (brilho) e \u201c<strong>dermos<\/strong>\u201d (pele) e o nome da esp\u00e9cie\u00a0 \u201c<strong>Lucidum<\/strong>\u201d (brilhante) procede do latim.<\/p>\n<p>\u00c9 dif\u00edcil encontra-lo na natureza e cultiva-se sobre \u00e1rvores como carvalhos, faias ou \u00e1cers. Ainda, em fresco n\u00e3o se acostuma consumir pelo seu sabor amargo. Cont\u00e9m \u00e1cidos gordos insaturados, polissacar\u00eddeis e minerais como Germanio e C\u00e1lcio.O Reishi \u00e9 considerado um superalimento pelos seus valores nutricionais e \u00e9 no outono e inverno, quando faz frio, o momento no qual se consome com maior frequ\u00eancia.<\/p>\n<h2>Ingredientes<\/h2>\n<p>Reishi em p\u00f3 BIO\u00a0(Ganoderma lucidum)<em><\/em><\/p>\n<h2>Modo de uso<\/h2>\n<p>Acrescentar uma ou duas colheres em molhos, batidos, leite ou bebidas vegetais. Acrescentar uma vez o prato esteja t\u00e9pido.1 colher de sobremesa = 2 gramas, aproximadamente<\/p>\n<h2>Presentaci\u00f3n<\/h2>\n<p>Embalagem de 100 g (3.52 oz) <\/p>\n<h2>Advertencias<\/h2>\n<p>Conservar num local seco e fresco.<\/p>\n<h2>Valores nutricionales<\/h2>\n<p><span>por cada 100 g<\/span><\/p>\n<table>\n<tbody>\n<tr>\n<td>INGREDIENTE<\/td>\n<td>PERCENTAGEM<\/td>\n<td>QUANTIDADE<\/td>\n<\/tr>\n<tr>\n<td>Gorduras<\/td>\n<td>2.20%<\/td>\n<td>2.20 g<\/td>\n<\/tr>\n<tr>\n<td>das quais saturadas<\/td>\n<td>0.56%<\/td>\n<td>0.56 g<\/td>\n<\/tr>\n<tr>\n<td>Hidratos de carbono<\/td>\n<td>1.61%<\/td>\n<td>1.61 g<\/td>\n<\/tr>\n<tr>\n<td>dos quais s\u00e3o a\u00e7\u00facares<\/td>\n<td>&lt;0.5%<\/td>\n<td>&lt;0.5 g<\/td>\n<\/tr>\n<tr>\n<td>Fibra<\/td>\n<td>72.73%<\/td>\n<td>72.73 g<\/td>\n<\/tr>\n<tr>\n<td>Prote\u00edna<\/td>\n<td>10.63%<\/td>\n<td>10.63 g<\/td>\n<\/tr>\n<tr>\n<td>Sal<\/td>\n<td>&lt;0,01 %<\/td>\n<td>&lt;0,01 g<\/td>\n<\/tr>\n<\/tbody>\n<\/table>\n<p>214 Kcal \u00b7 871 KJ% VRN (Valores de Refer\u00eancia de Nutrientes)<\/p>\n","protected":false},"excerpt":{"rendered":"<p>Reishi, Ganoderma lucidum, um dos cogumelos mais usados na cultura tradicional chinesa e cada vez mais conhecido em Ocidente.<\/p>\n<p>O nome \u201c<strong>ganoderma<\/strong>\u201d procede do grego \u201c<strong>ganos<\/strong>\u201d (brilho) e \u201c<strong>dermos<\/strong>\u201d (pele) e o nome da esp\u00e9cie\u00a0 \u201c<strong>Lucidum<\/strong>\u201d (brilhante) procede do latim.<\/p>\n<p>\u00c9 dif\u00edcil encontra-lo na natureza e cultiva-se sobre \u00e1rvores como carvalhos, faias ou \u00e1cers. Ainda, em fresco n\u00e3o se acostuma consumir pelo seu sabor amargo. Cont\u00e9m \u00e1cidos gordos insaturados, polissacar\u00eddeis e minerais como Germanio e C\u00e1lcio.O Reishi \u00e9 considerado um superalimento pelos seus valores nutricionais e \u00e9 no outono e inverno, quando faz frio, o momento no qual se consome com maior frequ\u00eancia.<a id=\"boton-ficha\" href=\"https:\/\/panel.drasanvi.com\/fichas\/5\/032010032\">Ficha t\u00e9cnica<\/a><\/p>\n","protected":false},"featured_media":23387,"template":"","meta":{"inline_featured_image":false},"product_cat":[1370],"product_tag":[],"class_list":["post-23385","product","type-product","status-publish","has-post-thumbnail","hentry","product_cat-super-alimentos","pa_contains-apio-no","pa_contains-peanuts-no","pa_contem-crustaceos-no","pa_contem-frutos-secos-no","pa_contem-leite-no","pa_contem-moluscos-no","pa_contem-mostarda-no","pa_contem-ovo-no","pa_contem-peixe-no","pa_contem-sesame-no","pa_contem-soja-no","pa_contiene-altramuces-no","pa_produto-bio-si","pa_produto-sem-gluten-no","pa_produto-vegan-si","pa_produto-vegetariano-si"],"yoast_head":"<!-- This site is optimized with the Yoast SEO plugin v27.5 - https:\/\/yoast.com\/product\/yoast-seo-wordpress\/ -->\n<title>Super Alimentos - Reishi Doypack - Drasanvi Portugal<\/title>\n<meta name=\"robots\" content=\"index, follow, max-snippet:-1, max-image-preview:large, max-video-preview:-1\" \/>\n<link rel=\"canonical\" href=\"https:\/\/drasanvi.com\/pt\/producto\/super-alimentos-reishi-doypack\/\" \/>\n<meta property=\"og:locale\" content=\"pt_PT\" \/>\n<meta property=\"og:type\" content=\"article\" \/>\n<meta property=\"og:title\" content=\"Super Alimentos - Reishi Doypack - Drasanvi Portugal\" \/>\n<meta property=\"og:description\" content=\"Reishi, Ganoderma lucidum, um dos cogumelos mais usados na cultura tradicional chinesa e cada vez mais conhecido em Ocidente.O nome \u201cganoderma\u201d procede do grego \u201cganos\u201d (brilho) e \u201cdermos\u201d (pele) e o nome da esp\u00e9cie\u00a0 \u201cLucidum\u201d (brilhante) procede do latim.\u00c9 dif\u00edcil encontra-lo na natureza e cultiva-se sobre \u00e1rvores como carvalhos, faias ou \u00e1cers. Ainda, em fresco n\u00e3o se acostuma consumir pelo seu sabor amargo. Cont\u00e9m \u00e1cidos gordos insaturados, polissacar\u00eddeis e minerais como Germanio e C\u00e1lcio.O Reishi \u00e9 considerado um superalimento pelos seus valores nutricionais e \u00e9 no outono e inverno, quando faz frio, o momento no qual se consome com maior frequ\u00eancia.Ficha t\u00e9cnica\" \/>\n<meta property=\"og:url\" content=\"https:\/\/drasanvi.com\/pt\/producto\/super-alimentos-reishi-doypack\/\" \/>\n<meta property=\"og:site_name\" content=\"Drasanvi Portugal\" \/>\n<meta property=\"article:modified_time\" content=\"2023-08-11T13:41:12+00:00\" \/>\n<meta property=\"og:image\" content=\"https:\/\/drasanvi.com\/pt\/wp-content\/uploads\/sites\/6\/2022\/04\/032010032.png\" \/>\n\t<meta property=\"og:image:width\" content=\"1000\" \/>\n\t<meta property=\"og:image:height\" content=\"1000\" \/>\n\t<meta property=\"og:image:type\" content=\"image\/png\" \/>\n<meta name=\"twitter:card\" content=\"summary_large_image\" \/>\n<script type=\"application\/ld+json\" class=\"yoast-schema-graph\">{\"@context\":\"https:\\\/\\\/schema.org\",\"@graph\":[{\"@type\":\"WebPage\",\"@id\":\"https:\\\/\\\/drasanvi.com\\\/pt\\\/producto\\\/super-alimentos-reishi-doypack\\\/\",\"url\":\"https:\\\/\\\/drasanvi.com\\\/pt\\\/producto\\\/super-alimentos-reishi-doypack\\\/\",\"name\":\"Super Alimentos - Reishi Doypack - Drasanvi Portugal\",\"isPartOf\":{\"@id\":\"https:\\\/\\\/drasanvi.com\\\/pt\\\/#website\"},\"primaryImageOfPage\":{\"@id\":\"https:\\\/\\\/drasanvi.com\\\/pt\\\/producto\\\/super-alimentos-reishi-doypack\\\/#primaryimage\"},\"image\":{\"@id\":\"https:\\\/\\\/drasanvi.com\\\/pt\\\/producto\\\/super-alimentos-reishi-doypack\\\/#primaryimage\"},\"thumbnailUrl\":\"https:\\\/\\\/drasanvi.com\\\/pt\\\/wp-content\\\/uploads\\\/sites\\\/6\\\/2022\\\/04\\\/032010032.png\",\"datePublished\":\"2022-04-29T08:05:34+00:00\",\"dateModified\":\"2023-08-11T13:41:12+00:00\",\"breadcrumb\":{\"@id\":\"https:\\\/\\\/drasanvi.com\\\/pt\\\/producto\\\/super-alimentos-reishi-doypack\\\/#breadcrumb\"},\"inLanguage\":\"pt-PT\",\"potentialAction\":[{\"@type\":\"ReadAction\",\"target\":[\"https:\\\/\\\/drasanvi.com\\\/pt\\\/producto\\\/super-alimentos-reishi-doypack\\\/\"]}]},{\"@type\":\"ImageObject\",\"inLanguage\":\"pt-PT\",\"@id\":\"https:\\\/\\\/drasanvi.com\\\/pt\\\/producto\\\/super-alimentos-reishi-doypack\\\/#primaryimage\",\"url\":\"https:\\\/\\\/drasanvi.com\\\/pt\\\/wp-content\\\/uploads\\\/sites\\\/6\\\/2022\\\/04\\\/032010032.png\",\"contentUrl\":\"https:\\\/\\\/drasanvi.com\\\/pt\\\/wp-content\\\/uploads\\\/sites\\\/6\\\/2022\\\/04\\\/032010032.png\",\"width\":1000,\"height\":1000},{\"@type\":\"BreadcrumbList\",\"@id\":\"https:\\\/\\\/drasanvi.com\\\/pt\\\/producto\\\/super-alimentos-reishi-doypack\\\/#breadcrumb\",\"itemListElement\":[{\"@type\":\"ListItem\",\"position\":1,\"name\":\"Portada\",\"item\":\"https:\\\/\\\/drasanvi.com\\\/pt\\\/\"},{\"@type\":\"ListItem\",\"position\":2,\"name\":\"Tienda\",\"item\":\"https:\\\/\\\/drasanvi.com\\\/pt\\\/tienda\\\/\"},{\"@type\":\"ListItem\",\"position\":3,\"name\":\"Super Alimentos &#8211; Reishi Doypack\"}]},{\"@type\":\"WebSite\",\"@id\":\"https:\\\/\\\/drasanvi.com\\\/pt\\\/#website\",\"url\":\"https:\\\/\\\/drasanvi.com\\\/pt\\\/\",\"name\":\"Drasanvi Portugal\",\"description\":\"L\u00edder en complementos alimenticios y cosm\u00e9tica natural.\",\"publisher\":{\"@id\":\"https:\\\/\\\/drasanvi.com\\\/pt\\\/#organization\"},\"potentialAction\":[{\"@type\":\"SearchAction\",\"target\":{\"@type\":\"EntryPoint\",\"urlTemplate\":\"https:\\\/\\\/drasanvi.com\\\/pt\\\/?s={search_term_string}\"},\"query-input\":{\"@type\":\"PropertyValueSpecification\",\"valueRequired\":true,\"valueName\":\"search_term_string\"}}],\"inLanguage\":\"pt-PT\"},{\"@type\":\"Organization\",\"@id\":\"https:\\\/\\\/drasanvi.com\\\/pt\\\/#organization\",\"name\":\"Drasanvi\",\"url\":\"https:\\\/\\\/drasanvi.com\\\/pt\\\/\",\"logo\":{\"@type\":\"ImageObject\",\"inLanguage\":\"pt-PT\",\"@id\":\"https:\\\/\\\/drasanvi.com\\\/pt\\\/#\\\/schema\\\/logo\\\/image\\\/\",\"url\":\"https:\\\/\\\/drasanvi.com\\\/wp-content\\\/uploads\\\/sites\\\/6\\\/2021\\\/07\\\/logo-drasanvi.png\",\"contentUrl\":\"https:\\\/\\\/drasanvi.com\\\/wp-content\\\/uploads\\\/sites\\\/6\\\/2021\\\/07\\\/logo-drasanvi.png\",\"width\":900,\"height\":300,\"caption\":\"Drasanvi\"},\"image\":{\"@id\":\"https:\\\/\\\/drasanvi.com\\\/pt\\\/#\\\/schema\\\/logo\\\/image\\\/\"}}]}<\/script>\n<!-- \/ Yoast SEO plugin. -->","yoast_head_json":{"title":"Super Alimentos - Reishi Doypack - Drasanvi Portugal","robots":{"index":"index","follow":"follow","max-snippet":"max-snippet:-1","max-image-preview":"max-image-preview:large","max-video-preview":"max-video-preview:-1"},"canonical":"https:\/\/drasanvi.com\/pt\/producto\/super-alimentos-reishi-doypack\/","og_locale":"pt_PT","og_type":"article","og_title":"Super Alimentos - Reishi Doypack - Drasanvi Portugal","og_description":"Reishi, Ganoderma lucidum, um dos cogumelos mais usados na cultura tradicional chinesa e cada vez mais conhecido em Ocidente.O nome \u201cganoderma\u201d procede do grego \u201cganos\u201d (brilho) e \u201cdermos\u201d (pele) e o nome da esp\u00e9cie\u00a0 \u201cLucidum\u201d (brilhante) procede do latim.\u00c9 dif\u00edcil encontra-lo na natureza e cultiva-se sobre \u00e1rvores como carvalhos, faias ou \u00e1cers. Ainda, em fresco n\u00e3o se acostuma consumir pelo seu sabor amargo. Cont\u00e9m \u00e1cidos gordos insaturados, polissacar\u00eddeis e minerais como Germanio e C\u00e1lcio.O Reishi \u00e9 considerado um superalimento pelos seus valores nutricionais e \u00e9 no outono e inverno, quando faz frio, o momento no qual se consome com maior frequ\u00eancia.Ficha t\u00e9cnica","og_url":"https:\/\/drasanvi.com\/pt\/producto\/super-alimentos-reishi-doypack\/","og_site_name":"Drasanvi Portugal","article_modified_time":"2023-08-11T13:41:12+00:00","og_image":[{"width":1000,"height":1000,"url":"https:\/\/drasanvi.com\/pt\/wp-content\/uploads\/sites\/6\/2022\/04\/032010032.png","type":"image\/png"}],"twitter_card":"summary_large_image","schema":{"@context":"https:\/\/schema.org","@graph":[{"@type":"WebPage","@id":"https:\/\/drasanvi.com\/pt\/producto\/super-alimentos-reishi-doypack\/","url":"https:\/\/drasanvi.com\/pt\/producto\/super-alimentos-reishi-doypack\/","name":"Super Alimentos - Reishi Doypack - Drasanvi Portugal","isPartOf":{"@id":"https:\/\/drasanvi.com\/pt\/#website"},"primaryImageOfPage":{"@id":"https:\/\/drasanvi.com\/pt\/producto\/super-alimentos-reishi-doypack\/#primaryimage"},"image":{"@id":"https:\/\/drasanvi.com\/pt\/producto\/super-alimentos-reishi-doypack\/#primaryimage"},"thumbnailUrl":"https:\/\/drasanvi.com\/pt\/wp-content\/uploads\/sites\/6\/2022\/04\/032010032.png","datePublished":"2022-04-29T08:05:34+00:00","dateModified":"2023-08-11T13:41:12+00:00","breadcrumb":{"@id":"https:\/\/drasanvi.com\/pt\/producto\/super-alimentos-reishi-doypack\/#breadcrumb"},"inLanguage":"pt-PT","potentialAction":[{"@type":"ReadAction","target":["https:\/\/drasanvi.com\/pt\/producto\/super-alimentos-reishi-doypack\/"]}]},{"@type":"ImageObject","inLanguage":"pt-PT","@id":"https:\/\/drasanvi.com\/pt\/producto\/super-alimentos-reishi-doypack\/#primaryimage","url":"https:\/\/drasanvi.com\/pt\/wp-content\/uploads\/sites\/6\/2022\/04\/032010032.png","contentUrl":"https:\/\/drasanvi.com\/pt\/wp-content\/uploads\/sites\/6\/2022\/04\/032010032.png","width":1000,"height":1000},{"@type":"BreadcrumbList","@id":"https:\/\/drasanvi.com\/pt\/producto\/super-alimentos-reishi-doypack\/#breadcrumb","itemListElement":[{"@type":"ListItem","position":1,"name":"Portada","item":"https:\/\/drasanvi.com\/pt\/"},{"@type":"ListItem","position":2,"name":"Tienda","item":"https:\/\/drasanvi.com\/pt\/tienda\/"},{"@type":"ListItem","position":3,"name":"Super Alimentos &#8211; Reishi Doypack"}]},{"@type":"WebSite","@id":"https:\/\/drasanvi.com\/pt\/#website","url":"https:\/\/drasanvi.com\/pt\/","name":"Drasanvi Portugal","description":"L\u00edder en complementos alimenticios y cosm\u00e9tica natural.","publisher":{"@id":"https:\/\/drasanvi.com\/pt\/#organization"},"potentialAction":[{"@type":"SearchAction","target":{"@type":"EntryPoint","urlTemplate":"https:\/\/drasanvi.com\/pt\/?s={search_term_string}"},"query-input":{"@type":"PropertyValueSpecification","valueRequired":true,"valueName":"search_term_string"}}],"inLanguage":"pt-PT"},{"@type":"Organization","@id":"https:\/\/drasanvi.com\/pt\/#organization","name":"Drasanvi","url":"https:\/\/drasanvi.com\/pt\/","logo":{"@type":"ImageObject","inLanguage":"pt-PT","@id":"https:\/\/drasanvi.com\/pt\/#\/schema\/logo\/image\/","url":"https:\/\/drasanvi.com\/wp-content\/uploads\/sites\/6\/2021\/07\/logo-drasanvi.png","contentUrl":"https:\/\/drasanvi.com\/wp-content\/uploads\/sites\/6\/2021\/07\/logo-drasanvi.png","width":900,"height":300,"caption":"Drasanvi"},"image":{"@id":"https:\/\/drasanvi.com\/pt\/#\/schema\/logo\/image\/"}}]}},"_links":{"self":[{"href":"https:\/\/drasanvi.com\/pt\/wp-json\/wp\/v2\/product\/23385","targetHints":{"allow":["GET"]}}],"collection":[{"href":"https:\/\/drasanvi.com\/pt\/wp-json\/wp\/v2\/product"}],"about":[{"href":"https:\/\/drasanvi.com\/pt\/wp-json\/wp\/v2\/types\/product"}],"version-history":[{"count":0,"href":"https:\/\/drasanvi.com\/pt\/wp-json\/wp\/v2\/product\/23385\/revisions"}],"wp:featuredmedia":[{"embeddable":true,"href":"https:\/\/drasanvi.com\/pt\/wp-json\/wp\/v2\/media\/23387"}],"wp:attachment":[{"href":"https:\/\/drasanvi.com\/pt\/wp-json\/wp\/v2\/media?parent=23385"}],"wp:term":[{"taxonomy":"product_cat","embeddable":true,"href":"https:\/\/drasanvi.com\/pt\/wp-json\/wp\/v2\/product_cat?post=23385"},{"taxonomy":"product_tag","embeddable":true,"href":"https:\/\/drasanvi.com\/pt\/wp-json\/wp\/v2\/product_tag?post=23385"}],"curies":[{"name":"wp","href":"https:\/\/api.w.org\/{rel}","templated":true}]}}