{"id":23382,"date":"2022-04-29T10:05:34","date_gmt":"2022-04-29T08:05:34","guid":{"rendered":"https:\/\/drasanvi.com\/pt\/producto\/super-alimentos-semente-de-chia-doypack\/"},"modified":"2023-08-11T15:41:12","modified_gmt":"2023-08-11T13:41:12","slug":"super-alimentos-semente-de-chia-doypack","status":"publish","type":"product","link":"https:\/\/drasanvi.com\/pt\/producto\/super-alimentos-semente-de-chia-doypack\/","title":{"rendered":"Super Alimentos &#8211; Semente de Chia Doypack"},"content":{"rendered":"<p>Embora se trate de um dos superalimentos de moda, o seu uso como alimento b\u00e1sico remonta-se \u00e0s antigas civiliza\u00e7\u00f5es Maia e Azteca. E com motivo, pois as sementes de Chia s\u00e3o <strong>muito ricas em nutrientes e est\u00e3o repletas de vitaminas, minerais e \u00e1cidos gordos Omega 3, 6 e 9. Ainda, possui um alto conte\u00fado em fibra.<\/strong><\/p>\n<p>Outra das suas vantagens \u00e9 que s\u00e3o muito f\u00e1ceis de digerir e misturar com outros alimentos. Caracteriza-se por um agrad\u00e1vel sabor, ligeiramente suave e parecido ao da noz.<\/p>\n<p>As sementes de Chia, quando se combinam com l\u00edquido,\u00a0<strong>absorvem entre 10 e 12 vezes o seu peso em agua<\/strong> formando um gel volumoso. Desta forma, transforma-se num ingrediente muito vers\u00e1til para enriquecer as suas receitas.<\/p>\n<h2>Ingredientes<\/h2>\n<p>Sementes de Chia de origem BIO<em>(Salvia hispanica L.)<\/em><\/p>\n<h2>Modo de uso<\/h2>\n<p>N\u00e3o superar 15 g di\u00e1riosPodem acrescentar-se ao p\u00e3o, muesli, iogurtes, batidos e saladas. Tamb\u00e9m podem ser colocadas em \u00e1gua durante oito horas, para formar um gel que pode ser usado directamente ou usar em muitas receitas1 colher de sobremesa = 3,5 gramas, aproximadamente<\/p>\n<h2>Presentaci\u00f3n<\/h2>\n<p>Embalagem de 250 g (8.81 oz)<\/p>\n<h2>Advertencias<\/h2>\n<p>Conservar num local seco e frescoN\u00e3o exceder 15 gramas di\u00e1rias&nbsp;<\/p>\n<h2>Valores nutricionales<\/h2>\n<p>Por cada 100 g<\/p>\n<table>\n<tbody>\n<tr>\n<td>INGREDIENTE<\/td>\n<td>QUANTIDADE\/100g<\/td>\n<\/tr>\n<tr>\n<td>Valor energ\u00e9tico<\/td>\n<td>450 Kcal-1860 Kj<\/td>\n<\/tr>\n<tr>\n<td>Gorduras<\/td>\n<td>31 g<\/td>\n<\/tr>\n<tr>\n<td>das quais saturadas<\/td>\n<td>3.3 g<\/td>\n<\/tr>\n<tr>\n<td>das quais monoinsaturadas<\/td>\n<td>2.8 g<\/td>\n<\/tr>\n<tr>\n<td>das quais Omega 9<\/td>\n<td>1.9 g<\/td>\n<\/tr>\n<tr>\n<td>das quais poliinsaturadas<\/td>\n<td>24.9 g<\/td>\n<\/tr>\n<tr>\n<td>das quais Omega 3<\/td>\n<td>16 g<\/td>\n<\/tr>\n<tr>\n<td>das quais Omega 6<\/td>\n<td>4.7 g<\/td>\n<\/tr>\n<tr>\n<td>Hidratos de carbono<\/td>\n<td>5 g<\/td>\n<\/tr>\n<tr>\n<td>dos quais a\u00e7\u00facares<\/td>\n<td>0.8 g<\/td>\n<\/tr>\n<tr>\n<td>Fibras<\/td>\n<td>33,7 g<\/td>\n<\/tr>\n<tr>\n<td>Prote\u00edna<\/td>\n<td>20 g<\/td>\n<\/tr>\n<tr>\n<td>Sal<\/td>\n<td>0.02 g<\/td>\n<\/tr>\n<\/tbody>\n<\/table>\n<p>&nbsp;<\/p>\n","protected":false},"excerpt":{"rendered":"<p>Embora se trate de um dos superalimentos de moda, o seu uso como alimento b\u00e1sico remonta-se \u00e0s antigas civiliza\u00e7\u00f5es Maia e Azteca. E com motivo, pois as sementes de Chia s\u00e3o <strong>muito ricas em nutrientes e est\u00e3o repletas de vitaminas, minerais e \u00e1cidos gordos Omega 3, 6 e 9. Ainda, possui um alto conte\u00fado em fibra.<\/strong><\/p>\n<p>Outra das suas vantagens \u00e9 que s\u00e3o muito f\u00e1ceis de digerir e misturar com outros alimentos. Caracteriza-se por um agrad\u00e1vel sabor, ligeiramente suave e parecido ao da noz.<\/p>\n<p>As sementes de Chia, quando se combinam com l\u00edquido,\u00a0<strong>absorvem entre 10 e 12 vezes o seu peso em agua<\/strong> formando um gel volumoso. Desta forma, transforma-se num ingrediente muito vers\u00e1til para enriquecer as suas receitas.<a id=\"boton-ficha\" href=\"https:\/\/panel.drasanvi.com\/fichas\/5\/032010034\">Ficha t\u00e9cnica<\/a><\/p>\n","protected":false},"featured_media":23384,"template":"","meta":{"inline_featured_image":false},"product_cat":[1370],"product_tag":[],"class_list":["post-23382","product","type-product","status-publish","has-post-thumbnail","hentry","product_cat-super-alimentos","pa_contains-apio-no","pa_contains-peanuts-no","pa_contem-crustaceos-no","pa_contem-frutos-secos-no","pa_contem-leite-no","pa_contem-moluscos-no","pa_contem-mostarda-no","pa_contem-ovo-no","pa_contem-peixe-no","pa_contem-sesame-no","pa_contem-soja-no","pa_contiene-altramuces-no","pa_produto-bio-si","pa_produto-sem-gluten-no","pa_produto-vegan-si","pa_produto-vegetariano-si"],"yoast_head":"<!-- This site is optimized with the Yoast SEO plugin v27.4 - https:\/\/yoast.com\/product\/yoast-seo-wordpress\/ -->\n<title>Super Alimentos - Semente de Chia Doypack - Drasanvi Portugal<\/title>\n<meta name=\"robots\" content=\"index, follow, max-snippet:-1, max-image-preview:large, max-video-preview:-1\" \/>\n<link rel=\"canonical\" href=\"https:\/\/drasanvi.com\/pt\/producto\/super-alimentos-semente-de-chia-doypack\/\" \/>\n<meta property=\"og:locale\" content=\"pt_PT\" \/>\n<meta property=\"og:type\" content=\"article\" \/>\n<meta property=\"og:title\" content=\"Super Alimentos - Semente de Chia Doypack - Drasanvi Portugal\" \/>\n<meta property=\"og:description\" content=\"Embora se trate de um dos superalimentos de moda, o seu uso como alimento b\u00e1sico remonta-se \u00e0s antigas civiliza\u00e7\u00f5es Maia e Azteca. E com motivo, pois as sementes de Chia s\u00e3o muito ricas em nutrientes e est\u00e3o repletas de vitaminas, minerais e \u00e1cidos gordos Omega 3, 6 e 9. Ainda, possui um alto conte\u00fado em fibra.Outra das suas vantagens \u00e9 que s\u00e3o muito f\u00e1ceis de digerir e misturar com outros alimentos. Caracteriza-se por um agrad\u00e1vel sabor, ligeiramente suave e parecido ao da noz.As sementes de Chia, quando se combinam com l\u00edquido,\u00a0absorvem entre 10 e 12 vezes o seu peso em agua formando um gel volumoso. Desta forma, transforma-se num ingrediente muito vers\u00e1til para enriquecer as suas receitas.Ficha t\u00e9cnica\" \/>\n<meta property=\"og:url\" content=\"https:\/\/drasanvi.com\/pt\/producto\/super-alimentos-semente-de-chia-doypack\/\" \/>\n<meta property=\"og:site_name\" content=\"Drasanvi Portugal\" \/>\n<meta property=\"article:modified_time\" content=\"2023-08-11T13:41:12+00:00\" \/>\n<meta property=\"og:image\" content=\"https:\/\/drasanvi.com\/pt\/wp-content\/uploads\/sites\/6\/2022\/04\/032010034.png\" \/>\n\t<meta property=\"og:image:width\" content=\"1000\" \/>\n\t<meta property=\"og:image:height\" content=\"1000\" \/>\n\t<meta property=\"og:image:type\" content=\"image\/png\" \/>\n<meta name=\"twitter:card\" content=\"summary_large_image\" \/>\n<script type=\"application\/ld+json\" class=\"yoast-schema-graph\">{\"@context\":\"https:\\\/\\\/schema.org\",\"@graph\":[{\"@type\":\"WebPage\",\"@id\":\"https:\\\/\\\/drasanvi.com\\\/pt\\\/producto\\\/super-alimentos-semente-de-chia-doypack\\\/\",\"url\":\"https:\\\/\\\/drasanvi.com\\\/pt\\\/producto\\\/super-alimentos-semente-de-chia-doypack\\\/\",\"name\":\"Super Alimentos - Semente de Chia Doypack - Drasanvi Portugal\",\"isPartOf\":{\"@id\":\"https:\\\/\\\/drasanvi.com\\\/pt\\\/#website\"},\"primaryImageOfPage\":{\"@id\":\"https:\\\/\\\/drasanvi.com\\\/pt\\\/producto\\\/super-alimentos-semente-de-chia-doypack\\\/#primaryimage\"},\"image\":{\"@id\":\"https:\\\/\\\/drasanvi.com\\\/pt\\\/producto\\\/super-alimentos-semente-de-chia-doypack\\\/#primaryimage\"},\"thumbnailUrl\":\"https:\\\/\\\/drasanvi.com\\\/pt\\\/wp-content\\\/uploads\\\/sites\\\/6\\\/2022\\\/04\\\/032010034.png\",\"datePublished\":\"2022-04-29T08:05:34+00:00\",\"dateModified\":\"2023-08-11T13:41:12+00:00\",\"breadcrumb\":{\"@id\":\"https:\\\/\\\/drasanvi.com\\\/pt\\\/producto\\\/super-alimentos-semente-de-chia-doypack\\\/#breadcrumb\"},\"inLanguage\":\"pt-PT\",\"potentialAction\":[{\"@type\":\"ReadAction\",\"target\":[\"https:\\\/\\\/drasanvi.com\\\/pt\\\/producto\\\/super-alimentos-semente-de-chia-doypack\\\/\"]}]},{\"@type\":\"ImageObject\",\"inLanguage\":\"pt-PT\",\"@id\":\"https:\\\/\\\/drasanvi.com\\\/pt\\\/producto\\\/super-alimentos-semente-de-chia-doypack\\\/#primaryimage\",\"url\":\"https:\\\/\\\/drasanvi.com\\\/pt\\\/wp-content\\\/uploads\\\/sites\\\/6\\\/2022\\\/04\\\/032010034.png\",\"contentUrl\":\"https:\\\/\\\/drasanvi.com\\\/pt\\\/wp-content\\\/uploads\\\/sites\\\/6\\\/2022\\\/04\\\/032010034.png\",\"width\":1000,\"height\":1000},{\"@type\":\"BreadcrumbList\",\"@id\":\"https:\\\/\\\/drasanvi.com\\\/pt\\\/producto\\\/super-alimentos-semente-de-chia-doypack\\\/#breadcrumb\",\"itemListElement\":[{\"@type\":\"ListItem\",\"position\":1,\"name\":\"Portada\",\"item\":\"https:\\\/\\\/drasanvi.com\\\/pt\\\/\"},{\"@type\":\"ListItem\",\"position\":2,\"name\":\"Tienda\",\"item\":\"https:\\\/\\\/drasanvi.com\\\/pt\\\/tienda\\\/\"},{\"@type\":\"ListItem\",\"position\":3,\"name\":\"Super Alimentos &#8211; Semente de Chia Doypack\"}]},{\"@type\":\"WebSite\",\"@id\":\"https:\\\/\\\/drasanvi.com\\\/pt\\\/#website\",\"url\":\"https:\\\/\\\/drasanvi.com\\\/pt\\\/\",\"name\":\"Drasanvi Portugal\",\"description\":\"L\u00edder en complementos alimenticios y cosm\u00e9tica natural.\",\"publisher\":{\"@id\":\"https:\\\/\\\/drasanvi.com\\\/pt\\\/#organization\"},\"potentialAction\":[{\"@type\":\"SearchAction\",\"target\":{\"@type\":\"EntryPoint\",\"urlTemplate\":\"https:\\\/\\\/drasanvi.com\\\/pt\\\/?s={search_term_string}\"},\"query-input\":{\"@type\":\"PropertyValueSpecification\",\"valueRequired\":true,\"valueName\":\"search_term_string\"}}],\"inLanguage\":\"pt-PT\"},{\"@type\":\"Organization\",\"@id\":\"https:\\\/\\\/drasanvi.com\\\/pt\\\/#organization\",\"name\":\"Drasanvi\",\"url\":\"https:\\\/\\\/drasanvi.com\\\/pt\\\/\",\"logo\":{\"@type\":\"ImageObject\",\"inLanguage\":\"pt-PT\",\"@id\":\"https:\\\/\\\/drasanvi.com\\\/pt\\\/#\\\/schema\\\/logo\\\/image\\\/\",\"url\":\"https:\\\/\\\/drasanvi.com\\\/wp-content\\\/uploads\\\/sites\\\/6\\\/2021\\\/07\\\/logo-drasanvi.png\",\"contentUrl\":\"https:\\\/\\\/drasanvi.com\\\/wp-content\\\/uploads\\\/sites\\\/6\\\/2021\\\/07\\\/logo-drasanvi.png\",\"width\":900,\"height\":300,\"caption\":\"Drasanvi\"},\"image\":{\"@id\":\"https:\\\/\\\/drasanvi.com\\\/pt\\\/#\\\/schema\\\/logo\\\/image\\\/\"}}]}<\/script>\n<!-- \/ Yoast SEO plugin. -->","yoast_head_json":{"title":"Super Alimentos - Semente de Chia Doypack - Drasanvi Portugal","robots":{"index":"index","follow":"follow","max-snippet":"max-snippet:-1","max-image-preview":"max-image-preview:large","max-video-preview":"max-video-preview:-1"},"canonical":"https:\/\/drasanvi.com\/pt\/producto\/super-alimentos-semente-de-chia-doypack\/","og_locale":"pt_PT","og_type":"article","og_title":"Super Alimentos - Semente de Chia Doypack - Drasanvi Portugal","og_description":"Embora se trate de um dos superalimentos de moda, o seu uso como alimento b\u00e1sico remonta-se \u00e0s antigas civiliza\u00e7\u00f5es Maia e Azteca. E com motivo, pois as sementes de Chia s\u00e3o muito ricas em nutrientes e est\u00e3o repletas de vitaminas, minerais e \u00e1cidos gordos Omega 3, 6 e 9. Ainda, possui um alto conte\u00fado em fibra.Outra das suas vantagens \u00e9 que s\u00e3o muito f\u00e1ceis de digerir e misturar com outros alimentos. Caracteriza-se por um agrad\u00e1vel sabor, ligeiramente suave e parecido ao da noz.As sementes de Chia, quando se combinam com l\u00edquido,\u00a0absorvem entre 10 e 12 vezes o seu peso em agua formando um gel volumoso. Desta forma, transforma-se num ingrediente muito vers\u00e1til para enriquecer as suas receitas.Ficha t\u00e9cnica","og_url":"https:\/\/drasanvi.com\/pt\/producto\/super-alimentos-semente-de-chia-doypack\/","og_site_name":"Drasanvi Portugal","article_modified_time":"2023-08-11T13:41:12+00:00","og_image":[{"width":1000,"height":1000,"url":"https:\/\/drasanvi.com\/pt\/wp-content\/uploads\/sites\/6\/2022\/04\/032010034.png","type":"image\/png"}],"twitter_card":"summary_large_image","schema":{"@context":"https:\/\/schema.org","@graph":[{"@type":"WebPage","@id":"https:\/\/drasanvi.com\/pt\/producto\/super-alimentos-semente-de-chia-doypack\/","url":"https:\/\/drasanvi.com\/pt\/producto\/super-alimentos-semente-de-chia-doypack\/","name":"Super Alimentos - Semente de Chia Doypack - Drasanvi Portugal","isPartOf":{"@id":"https:\/\/drasanvi.com\/pt\/#website"},"primaryImageOfPage":{"@id":"https:\/\/drasanvi.com\/pt\/producto\/super-alimentos-semente-de-chia-doypack\/#primaryimage"},"image":{"@id":"https:\/\/drasanvi.com\/pt\/producto\/super-alimentos-semente-de-chia-doypack\/#primaryimage"},"thumbnailUrl":"https:\/\/drasanvi.com\/pt\/wp-content\/uploads\/sites\/6\/2022\/04\/032010034.png","datePublished":"2022-04-29T08:05:34+00:00","dateModified":"2023-08-11T13:41:12+00:00","breadcrumb":{"@id":"https:\/\/drasanvi.com\/pt\/producto\/super-alimentos-semente-de-chia-doypack\/#breadcrumb"},"inLanguage":"pt-PT","potentialAction":[{"@type":"ReadAction","target":["https:\/\/drasanvi.com\/pt\/producto\/super-alimentos-semente-de-chia-doypack\/"]}]},{"@type":"ImageObject","inLanguage":"pt-PT","@id":"https:\/\/drasanvi.com\/pt\/producto\/super-alimentos-semente-de-chia-doypack\/#primaryimage","url":"https:\/\/drasanvi.com\/pt\/wp-content\/uploads\/sites\/6\/2022\/04\/032010034.png","contentUrl":"https:\/\/drasanvi.com\/pt\/wp-content\/uploads\/sites\/6\/2022\/04\/032010034.png","width":1000,"height":1000},{"@type":"BreadcrumbList","@id":"https:\/\/drasanvi.com\/pt\/producto\/super-alimentos-semente-de-chia-doypack\/#breadcrumb","itemListElement":[{"@type":"ListItem","position":1,"name":"Portada","item":"https:\/\/drasanvi.com\/pt\/"},{"@type":"ListItem","position":2,"name":"Tienda","item":"https:\/\/drasanvi.com\/pt\/tienda\/"},{"@type":"ListItem","position":3,"name":"Super Alimentos &#8211; Semente de Chia Doypack"}]},{"@type":"WebSite","@id":"https:\/\/drasanvi.com\/pt\/#website","url":"https:\/\/drasanvi.com\/pt\/","name":"Drasanvi Portugal","description":"L\u00edder en complementos alimenticios y cosm\u00e9tica natural.","publisher":{"@id":"https:\/\/drasanvi.com\/pt\/#organization"},"potentialAction":[{"@type":"SearchAction","target":{"@type":"EntryPoint","urlTemplate":"https:\/\/drasanvi.com\/pt\/?s={search_term_string}"},"query-input":{"@type":"PropertyValueSpecification","valueRequired":true,"valueName":"search_term_string"}}],"inLanguage":"pt-PT"},{"@type":"Organization","@id":"https:\/\/drasanvi.com\/pt\/#organization","name":"Drasanvi","url":"https:\/\/drasanvi.com\/pt\/","logo":{"@type":"ImageObject","inLanguage":"pt-PT","@id":"https:\/\/drasanvi.com\/pt\/#\/schema\/logo\/image\/","url":"https:\/\/drasanvi.com\/wp-content\/uploads\/sites\/6\/2021\/07\/logo-drasanvi.png","contentUrl":"https:\/\/drasanvi.com\/wp-content\/uploads\/sites\/6\/2021\/07\/logo-drasanvi.png","width":900,"height":300,"caption":"Drasanvi"},"image":{"@id":"https:\/\/drasanvi.com\/pt\/#\/schema\/logo\/image\/"}}]}},"_links":{"self":[{"href":"https:\/\/drasanvi.com\/pt\/wp-json\/wp\/v2\/product\/23382","targetHints":{"allow":["GET"]}}],"collection":[{"href":"https:\/\/drasanvi.com\/pt\/wp-json\/wp\/v2\/product"}],"about":[{"href":"https:\/\/drasanvi.com\/pt\/wp-json\/wp\/v2\/types\/product"}],"version-history":[{"count":0,"href":"https:\/\/drasanvi.com\/pt\/wp-json\/wp\/v2\/product\/23382\/revisions"}],"wp:featuredmedia":[{"embeddable":true,"href":"https:\/\/drasanvi.com\/pt\/wp-json\/wp\/v2\/media\/23384"}],"wp:attachment":[{"href":"https:\/\/drasanvi.com\/pt\/wp-json\/wp\/v2\/media?parent=23382"}],"wp:term":[{"taxonomy":"product_cat","embeddable":true,"href":"https:\/\/drasanvi.com\/pt\/wp-json\/wp\/v2\/product_cat?post=23382"},{"taxonomy":"product_tag","embeddable":true,"href":"https:\/\/drasanvi.com\/pt\/wp-json\/wp\/v2\/product_tag?post=23382"}],"curies":[{"name":"wp","href":"https:\/\/api.w.org\/{rel}","templated":true}]}}