{"id":23376,"date":"2022-04-29T10:05:34","date_gmt":"2022-04-29T08:05:34","guid":{"rendered":"https:\/\/drasanvi.com\/pt\/producto\/super-alimentos-alga-chlorella-stick\/"},"modified":"2023-08-11T15:41:11","modified_gmt":"2023-08-11T13:41:11","slug":"super-alimentos-alga-chlorella-stick","status":"publish","type":"product","link":"https:\/\/drasanvi.com\/pt\/producto\/super-alimentos-alga-chlorella-stick\/","title":{"rendered":"Super Alimentos &#8211; Alga Chlorella Stick"},"content":{"rendered":"<p>A Alga Chlorella \u00e9 uma alga unicelular, mas o seu pequeno tamanho n\u00e3o est\u00e1 relacionado com o seu interessante valor nutricional. <strong>\u00c9 rica em prote\u00ednas, o que sup\u00f5e uma excelente fonte de amino\u00e1cidos, vitaminas (\u00c1cido<\/strong><strong>Pantot\u00e9nico, \u00c1cido F\u00f3lico, Biotina, Vitamina B2 e B12) e minerais (Ferro,<\/strong><strong>Zinco e F\u00f3sforo). <\/strong><\/p>\n<p>A Alga Chlorella recolhe-se em \u00e1guas claras e certificando a aus\u00eancia de subst\u00e2ncias contaminantes. Uma vez recolhida, rompem-se as suas paredes celulares para que as prote\u00ednas, vitaminas e minerais sejam mais acess\u00edveis.<\/p>\n<p>A Alga Chlorella \u00e9 uma alga de sabor fresco e refrescante.\u00a0\u00c9 ideal para a elabora\u00e7\u00e3o de sumos e batidos, para fazer molhos ou preparar saladas, assim como para enriquecer pratos realizados com legumes e hortali\u00e7as.<\/p>\n<p>Recomendado para desportistas.<\/p>\n<h2>Ingredientes<\/h2>\n<p>Chlorella em p\u00f3 de origem BIO<em>(Chlorella vulgaris)<\/em>10 g<\/p>\n<h2>Modo de uso<\/h2>\n<p>\u00c9 recomend\u00e1vel tomar um stick ao dia.<\/p>\n<h2>Presentaci\u00f3n<\/h2>\n<p>Embalagem de 20 stick de 10g. Peso total 200 g (7 oz)<\/p>\n<h2>Advertencias<\/h2>\n<h2>Valores nutricionales<\/h2>\n<p>por cada 100 g<\/p>\n<table>\n<tbody>\n<tr>\n<td>INGREDIENTE<\/td>\n<td>%\/100 g<\/td>\n<td>QUANTIDADE\/100g<\/td>\n<\/tr>\n<tr>\n<td>Gorduras<\/td>\n<td>6.7%<\/td>\n<td>6.7 g<\/td>\n<\/tr>\n<tr>\n<td>das quais s\u00e3o saturadas<\/td>\n<td>2.7%<\/td>\n<td>2.7 g<\/td>\n<\/tr>\n<tr>\n<td>Hidratos de carbono<\/td>\n<td>11.2%<\/td>\n<td>11.2 g<\/td>\n<\/tr>\n<tr>\n<td>dos quais s\u00e3o a\u00e7\u00facares<\/td>\n<td>0.8%<\/td>\n<td>0.8 g<\/td>\n<\/tr>\n<tr>\n<td>Prote\u00ednas<\/td>\n<td>57.2%<\/td>\n<td>57.2 g<\/td>\n<\/tr>\n<\/tbody>\n<\/table>\n<p>326 Kcal \u00b7 1350 KJ<\/p>\n<table>\n<tbody>\n<tr>\n<td>INGREDIENTE<\/td>\n<td>%VRR<\/td>\n<td>CANTIDAD\/ 10g<\/td>\n<\/tr>\n<tr>\n<td>\u00c1cido Pantot\u00e9ico<\/td>\n<td>217%<\/td>\n<td>13 mg<\/td>\n<\/tr>\n<tr>\n<td>Vitamina B12<\/td>\n<td>200%<\/td>\n<td>5 ?g<\/td>\n<\/tr>\n<tr>\n<td>Ferro<\/td>\n<td>150%<\/td>\n<td>21 mg<\/td>\n<\/tr>\n<tr>\n<td>\u00c1cido f\u00f3lico<\/td>\n<td>115%<\/td>\n<td>230 ?g<\/td>\n<\/tr>\n<tr>\n<td>Zinco<\/td>\n<td>70%<\/td>\n<td>6,98 mg<\/td>\n<\/tr>\n<tr>\n<td>Vitamina B2<\/td>\n<td>22%<\/td>\n<td>0,31 mg<\/td>\n<\/tr>\n<tr>\n<td>Biotina<\/td>\n<td>20%<\/td>\n<td>10 ?g<\/td>\n<\/tr>\n<tr>\n<td>F\u00f3sforo<\/td>\n<td>17%<\/td>\n<td>121 mg<\/td>\n<\/tr>\n<tr>\n<td>Carotenoides<\/td>\n<td>&#8211;<\/td>\n<td>91,7 mg<\/td>\n<\/tr>\n<\/tbody>\n<\/table>\n<p>% VRN (Valores de Refer\u00eancia de Nutrientes)<\/p>\n","protected":false},"excerpt":{"rendered":"<p>A Alga Chlorella \u00e9 uma alga unicelular, mas o seu pequeno tamanho n\u00e3o est\u00e1 relacionado com o seu interessante valor nutricional. <strong>\u00c9 rica em prote\u00ednas, o que sup\u00f5e uma excelente fonte de amino\u00e1cidos, vitaminas (\u00c1cido<\/strong><strong>Pantot\u00e9nico, \u00c1cido F\u00f3lico, Biotina, Vitamina B2 e B12) e minerais (Ferro,<\/strong><strong>Zinco e F\u00f3sforo). <\/strong><\/p>\n<p>A Alga Chlorella recolhe-se em \u00e1guas claras e certificando a aus\u00eancia de subst\u00e2ncias contaminantes. Uma vez recolhida, rompem-se as suas paredes celulares para que as prote\u00ednas, vitaminas e minerais sejam mais acess\u00edveis.<\/p>\n<p>A Alga Chlorella \u00e9 uma alga de sabor fresco e refrescante.\u00a0\u00c9 ideal para a elabora\u00e7\u00e3o de sumos e batidos, para fazer molhos ou preparar saladas, assim como para enriquecer pratos realizados com legumes e hortali\u00e7as.<\/p>\n<p>Recomendado para desportistas.<\/p>\n<p><a id=\"boton-ficha\" href=\"https:\/\/panel.drasanvi.com\/fichas\/5\/032010037\">Ficha t\u00e9cnica<\/a><\/p>\n","protected":false},"featured_media":23378,"template":"","meta":{"inline_featured_image":false},"product_cat":[1370],"product_tag":[],"class_list":["post-23376","product","type-product","status-publish","has-post-thumbnail","hentry","product_cat-super-alimentos","pa_contains-apio-no","pa_contains-peanuts-no","pa_contem-crustaceos-no","pa_contem-frutos-secos-no","pa_contem-leite-no","pa_contem-moluscos-no","pa_contem-mostarda-no","pa_contem-ovo-no","pa_contem-peixe-no","pa_contem-sesame-no","pa_contem-soja-no","pa_contiene-altramuces-no","pa_produto-bio-si","pa_produto-sem-gluten-no","pa_produto-vegan-si","pa_produto-vegetariano-no"],"yoast_head":"<!-- This site is optimized with the Yoast SEO plugin v27.5 - https:\/\/yoast.com\/product\/yoast-seo-wordpress\/ -->\n<title>Super Alimentos - Alga Chlorella Stick - Drasanvi Portugal<\/title>\n<meta name=\"robots\" content=\"index, follow, max-snippet:-1, max-image-preview:large, max-video-preview:-1\" \/>\n<link rel=\"canonical\" href=\"https:\/\/drasanvi.com\/pt\/producto\/super-alimentos-alga-chlorella-stick\/\" \/>\n<meta property=\"og:locale\" content=\"pt_PT\" \/>\n<meta property=\"og:type\" content=\"article\" \/>\n<meta property=\"og:title\" content=\"Super Alimentos - Alga Chlorella Stick - Drasanvi Portugal\" \/>\n<meta property=\"og:description\" content=\"A Alga Chlorella \u00e9 uma alga unicelular, mas o seu pequeno tamanho n\u00e3o est\u00e1 relacionado com o seu interessante valor nutricional. \u00c9 rica em prote\u00ednas, o que sup\u00f5e uma excelente fonte de amino\u00e1cidos, vitaminas (\u00c1cidoPantot\u00e9nico, \u00c1cido F\u00f3lico, Biotina, Vitamina B2 e B12) e minerais (Ferro,Zinco e F\u00f3sforo). A Alga Chlorella recolhe-se em \u00e1guas claras e certificando a aus\u00eancia de subst\u00e2ncias contaminantes. Uma vez recolhida, rompem-se as suas paredes celulares para que as prote\u00ednas, vitaminas e minerais sejam mais acess\u00edveis.A Alga Chlorella \u00e9 uma alga de sabor fresco e refrescante.\u00a0\u00c9 ideal para a elabora\u00e7\u00e3o de sumos e batidos, para fazer molhos ou preparar saladas, assim como para enriquecer pratos realizados com legumes e hortali\u00e7as.Recomendado para desportistas.Ficha t\u00e9cnica\" \/>\n<meta property=\"og:url\" content=\"https:\/\/drasanvi.com\/pt\/producto\/super-alimentos-alga-chlorella-stick\/\" \/>\n<meta property=\"og:site_name\" content=\"Drasanvi Portugal\" \/>\n<meta property=\"article:modified_time\" content=\"2023-08-11T13:41:11+00:00\" \/>\n<meta property=\"og:image\" content=\"https:\/\/drasanvi.com\/pt\/wp-content\/uploads\/sites\/6\/2022\/04\/032010037.png\" \/>\n\t<meta property=\"og:image:width\" content=\"1000\" \/>\n\t<meta property=\"og:image:height\" content=\"1000\" \/>\n\t<meta property=\"og:image:type\" content=\"image\/png\" \/>\n<meta name=\"twitter:card\" content=\"summary_large_image\" \/>\n<script type=\"application\/ld+json\" class=\"yoast-schema-graph\">{\"@context\":\"https:\\\/\\\/schema.org\",\"@graph\":[{\"@type\":\"WebPage\",\"@id\":\"https:\\\/\\\/drasanvi.com\\\/pt\\\/producto\\\/super-alimentos-alga-chlorella-stick\\\/\",\"url\":\"https:\\\/\\\/drasanvi.com\\\/pt\\\/producto\\\/super-alimentos-alga-chlorella-stick\\\/\",\"name\":\"Super Alimentos - Alga Chlorella Stick - Drasanvi Portugal\",\"isPartOf\":{\"@id\":\"https:\\\/\\\/drasanvi.com\\\/pt\\\/#website\"},\"primaryImageOfPage\":{\"@id\":\"https:\\\/\\\/drasanvi.com\\\/pt\\\/producto\\\/super-alimentos-alga-chlorella-stick\\\/#primaryimage\"},\"image\":{\"@id\":\"https:\\\/\\\/drasanvi.com\\\/pt\\\/producto\\\/super-alimentos-alga-chlorella-stick\\\/#primaryimage\"},\"thumbnailUrl\":\"https:\\\/\\\/drasanvi.com\\\/pt\\\/wp-content\\\/uploads\\\/sites\\\/6\\\/2022\\\/04\\\/032010037.png\",\"datePublished\":\"2022-04-29T08:05:34+00:00\",\"dateModified\":\"2023-08-11T13:41:11+00:00\",\"breadcrumb\":{\"@id\":\"https:\\\/\\\/drasanvi.com\\\/pt\\\/producto\\\/super-alimentos-alga-chlorella-stick\\\/#breadcrumb\"},\"inLanguage\":\"pt-PT\",\"potentialAction\":[{\"@type\":\"ReadAction\",\"target\":[\"https:\\\/\\\/drasanvi.com\\\/pt\\\/producto\\\/super-alimentos-alga-chlorella-stick\\\/\"]}]},{\"@type\":\"ImageObject\",\"inLanguage\":\"pt-PT\",\"@id\":\"https:\\\/\\\/drasanvi.com\\\/pt\\\/producto\\\/super-alimentos-alga-chlorella-stick\\\/#primaryimage\",\"url\":\"https:\\\/\\\/drasanvi.com\\\/pt\\\/wp-content\\\/uploads\\\/sites\\\/6\\\/2022\\\/04\\\/032010037.png\",\"contentUrl\":\"https:\\\/\\\/drasanvi.com\\\/pt\\\/wp-content\\\/uploads\\\/sites\\\/6\\\/2022\\\/04\\\/032010037.png\",\"width\":1000,\"height\":1000},{\"@type\":\"BreadcrumbList\",\"@id\":\"https:\\\/\\\/drasanvi.com\\\/pt\\\/producto\\\/super-alimentos-alga-chlorella-stick\\\/#breadcrumb\",\"itemListElement\":[{\"@type\":\"ListItem\",\"position\":1,\"name\":\"Portada\",\"item\":\"https:\\\/\\\/drasanvi.com\\\/pt\\\/\"},{\"@type\":\"ListItem\",\"position\":2,\"name\":\"Tienda\",\"item\":\"https:\\\/\\\/drasanvi.com\\\/pt\\\/tienda\\\/\"},{\"@type\":\"ListItem\",\"position\":3,\"name\":\"Super Alimentos &#8211; Alga Chlorella Stick\"}]},{\"@type\":\"WebSite\",\"@id\":\"https:\\\/\\\/drasanvi.com\\\/pt\\\/#website\",\"url\":\"https:\\\/\\\/drasanvi.com\\\/pt\\\/\",\"name\":\"Drasanvi Portugal\",\"description\":\"L\u00edder en complementos alimenticios y cosm\u00e9tica natural.\",\"publisher\":{\"@id\":\"https:\\\/\\\/drasanvi.com\\\/pt\\\/#organization\"},\"potentialAction\":[{\"@type\":\"SearchAction\",\"target\":{\"@type\":\"EntryPoint\",\"urlTemplate\":\"https:\\\/\\\/drasanvi.com\\\/pt\\\/?s={search_term_string}\"},\"query-input\":{\"@type\":\"PropertyValueSpecification\",\"valueRequired\":true,\"valueName\":\"search_term_string\"}}],\"inLanguage\":\"pt-PT\"},{\"@type\":\"Organization\",\"@id\":\"https:\\\/\\\/drasanvi.com\\\/pt\\\/#organization\",\"name\":\"Drasanvi\",\"url\":\"https:\\\/\\\/drasanvi.com\\\/pt\\\/\",\"logo\":{\"@type\":\"ImageObject\",\"inLanguage\":\"pt-PT\",\"@id\":\"https:\\\/\\\/drasanvi.com\\\/pt\\\/#\\\/schema\\\/logo\\\/image\\\/\",\"url\":\"https:\\\/\\\/drasanvi.com\\\/wp-content\\\/uploads\\\/sites\\\/6\\\/2021\\\/07\\\/logo-drasanvi.png\",\"contentUrl\":\"https:\\\/\\\/drasanvi.com\\\/wp-content\\\/uploads\\\/sites\\\/6\\\/2021\\\/07\\\/logo-drasanvi.png\",\"width\":900,\"height\":300,\"caption\":\"Drasanvi\"},\"image\":{\"@id\":\"https:\\\/\\\/drasanvi.com\\\/pt\\\/#\\\/schema\\\/logo\\\/image\\\/\"}}]}<\/script>\n<!-- \/ Yoast SEO plugin. -->","yoast_head_json":{"title":"Super Alimentos - Alga Chlorella Stick - Drasanvi Portugal","robots":{"index":"index","follow":"follow","max-snippet":"max-snippet:-1","max-image-preview":"max-image-preview:large","max-video-preview":"max-video-preview:-1"},"canonical":"https:\/\/drasanvi.com\/pt\/producto\/super-alimentos-alga-chlorella-stick\/","og_locale":"pt_PT","og_type":"article","og_title":"Super Alimentos - Alga Chlorella Stick - Drasanvi Portugal","og_description":"A Alga Chlorella \u00e9 uma alga unicelular, mas o seu pequeno tamanho n\u00e3o est\u00e1 relacionado com o seu interessante valor nutricional. \u00c9 rica em prote\u00ednas, o que sup\u00f5e uma excelente fonte de amino\u00e1cidos, vitaminas (\u00c1cidoPantot\u00e9nico, \u00c1cido F\u00f3lico, Biotina, Vitamina B2 e B12) e minerais (Ferro,Zinco e F\u00f3sforo). A Alga Chlorella recolhe-se em \u00e1guas claras e certificando a aus\u00eancia de subst\u00e2ncias contaminantes. Uma vez recolhida, rompem-se as suas paredes celulares para que as prote\u00ednas, vitaminas e minerais sejam mais acess\u00edveis.A Alga Chlorella \u00e9 uma alga de sabor fresco e refrescante.\u00a0\u00c9 ideal para a elabora\u00e7\u00e3o de sumos e batidos, para fazer molhos ou preparar saladas, assim como para enriquecer pratos realizados com legumes e hortali\u00e7as.Recomendado para desportistas.Ficha t\u00e9cnica","og_url":"https:\/\/drasanvi.com\/pt\/producto\/super-alimentos-alga-chlorella-stick\/","og_site_name":"Drasanvi Portugal","article_modified_time":"2023-08-11T13:41:11+00:00","og_image":[{"width":1000,"height":1000,"url":"https:\/\/drasanvi.com\/pt\/wp-content\/uploads\/sites\/6\/2022\/04\/032010037.png","type":"image\/png"}],"twitter_card":"summary_large_image","schema":{"@context":"https:\/\/schema.org","@graph":[{"@type":"WebPage","@id":"https:\/\/drasanvi.com\/pt\/producto\/super-alimentos-alga-chlorella-stick\/","url":"https:\/\/drasanvi.com\/pt\/producto\/super-alimentos-alga-chlorella-stick\/","name":"Super Alimentos - Alga Chlorella Stick - Drasanvi Portugal","isPartOf":{"@id":"https:\/\/drasanvi.com\/pt\/#website"},"primaryImageOfPage":{"@id":"https:\/\/drasanvi.com\/pt\/producto\/super-alimentos-alga-chlorella-stick\/#primaryimage"},"image":{"@id":"https:\/\/drasanvi.com\/pt\/producto\/super-alimentos-alga-chlorella-stick\/#primaryimage"},"thumbnailUrl":"https:\/\/drasanvi.com\/pt\/wp-content\/uploads\/sites\/6\/2022\/04\/032010037.png","datePublished":"2022-04-29T08:05:34+00:00","dateModified":"2023-08-11T13:41:11+00:00","breadcrumb":{"@id":"https:\/\/drasanvi.com\/pt\/producto\/super-alimentos-alga-chlorella-stick\/#breadcrumb"},"inLanguage":"pt-PT","potentialAction":[{"@type":"ReadAction","target":["https:\/\/drasanvi.com\/pt\/producto\/super-alimentos-alga-chlorella-stick\/"]}]},{"@type":"ImageObject","inLanguage":"pt-PT","@id":"https:\/\/drasanvi.com\/pt\/producto\/super-alimentos-alga-chlorella-stick\/#primaryimage","url":"https:\/\/drasanvi.com\/pt\/wp-content\/uploads\/sites\/6\/2022\/04\/032010037.png","contentUrl":"https:\/\/drasanvi.com\/pt\/wp-content\/uploads\/sites\/6\/2022\/04\/032010037.png","width":1000,"height":1000},{"@type":"BreadcrumbList","@id":"https:\/\/drasanvi.com\/pt\/producto\/super-alimentos-alga-chlorella-stick\/#breadcrumb","itemListElement":[{"@type":"ListItem","position":1,"name":"Portada","item":"https:\/\/drasanvi.com\/pt\/"},{"@type":"ListItem","position":2,"name":"Tienda","item":"https:\/\/drasanvi.com\/pt\/tienda\/"},{"@type":"ListItem","position":3,"name":"Super Alimentos &#8211; Alga Chlorella Stick"}]},{"@type":"WebSite","@id":"https:\/\/drasanvi.com\/pt\/#website","url":"https:\/\/drasanvi.com\/pt\/","name":"Drasanvi Portugal","description":"L\u00edder en complementos alimenticios y cosm\u00e9tica natural.","publisher":{"@id":"https:\/\/drasanvi.com\/pt\/#organization"},"potentialAction":[{"@type":"SearchAction","target":{"@type":"EntryPoint","urlTemplate":"https:\/\/drasanvi.com\/pt\/?s={search_term_string}"},"query-input":{"@type":"PropertyValueSpecification","valueRequired":true,"valueName":"search_term_string"}}],"inLanguage":"pt-PT"},{"@type":"Organization","@id":"https:\/\/drasanvi.com\/pt\/#organization","name":"Drasanvi","url":"https:\/\/drasanvi.com\/pt\/","logo":{"@type":"ImageObject","inLanguage":"pt-PT","@id":"https:\/\/drasanvi.com\/pt\/#\/schema\/logo\/image\/","url":"https:\/\/drasanvi.com\/wp-content\/uploads\/sites\/6\/2021\/07\/logo-drasanvi.png","contentUrl":"https:\/\/drasanvi.com\/wp-content\/uploads\/sites\/6\/2021\/07\/logo-drasanvi.png","width":900,"height":300,"caption":"Drasanvi"},"image":{"@id":"https:\/\/drasanvi.com\/pt\/#\/schema\/logo\/image\/"}}]}},"_links":{"self":[{"href":"https:\/\/drasanvi.com\/pt\/wp-json\/wp\/v2\/product\/23376","targetHints":{"allow":["GET"]}}],"collection":[{"href":"https:\/\/drasanvi.com\/pt\/wp-json\/wp\/v2\/product"}],"about":[{"href":"https:\/\/drasanvi.com\/pt\/wp-json\/wp\/v2\/types\/product"}],"version-history":[{"count":0,"href":"https:\/\/drasanvi.com\/pt\/wp-json\/wp\/v2\/product\/23376\/revisions"}],"wp:featuredmedia":[{"embeddable":true,"href":"https:\/\/drasanvi.com\/pt\/wp-json\/wp\/v2\/media\/23378"}],"wp:attachment":[{"href":"https:\/\/drasanvi.com\/pt\/wp-json\/wp\/v2\/media?parent=23376"}],"wp:term":[{"taxonomy":"product_cat","embeddable":true,"href":"https:\/\/drasanvi.com\/pt\/wp-json\/wp\/v2\/product_cat?post=23376"},{"taxonomy":"product_tag","embeddable":true,"href":"https:\/\/drasanvi.com\/pt\/wp-json\/wp\/v2\/product_tag?post=23376"}],"curies":[{"name":"wp","href":"https:\/\/api.w.org\/{rel}","templated":true}]}}