{"id":23373,"date":"2022-04-29T10:05:34","date_gmt":"2022-04-29T08:05:34","guid":{"rendered":"https:\/\/drasanvi.com\/pt\/producto\/super-alimentos-alga-spirulina-stick\/"},"modified":"2023-08-11T15:41:11","modified_gmt":"2023-08-11T13:41:11","slug":"super-alimentos-alga-spirulina-stick","status":"publish","type":"product","link":"https:\/\/drasanvi.com\/pt\/producto\/super-alimentos-alga-spirulina-stick\/","title":{"rendered":"Super Alimentos &#8211; Alga Spirulina Stick"},"content":{"rendered":"<p>Embora a sua hist\u00f3ria se remonta ao Imp\u00e9rio Azteca, a Spirulina come\u00e7ou-se a incorporar \u00e0 alimenta\u00e7\u00e3o desde h\u00e1 relativamente poucos anos. Este alimento se caracteriza pela <strong>riqueza em prote\u00ednas, mais do 50% da sua composi\u00e7\u00e3o<\/strong>, as quais fornecem <strong>8 amino\u00e1cidos essenciais, aqueles que o corpo n\u00e3o pode sintetizar<\/strong>. Esta composi\u00e7\u00e3o propiciou que a ONU lhe preste aten\u00e7\u00e3o, especialmente em situa\u00e7\u00f5es de desnutri\u00e7\u00e3o. Tanto \u00e9 assim que a Spirulina foi declarada na\u00a0<strong>Confer\u00eancia Mundial de Alimenta\u00e7\u00e3o da ONU de 1974, como O MELHOR ALIMENTO PARA o FUTURO<\/strong>.<\/p>\n<p>A Spirulina \u00e9 uma alga muito rica em nutrientes, pelo que se transforma num ingrediente especial para enriquecer pratos muito simples ou realizar batidos nutricionais. Que acharia de enriquecer uma salada e transforma-la num prato muito nutritivo?<\/p>\n<h2>Ingredientes<\/h2>\n<p>Spirulina em p\u00f3 de origem BIO<em>(Arthorospira platensis)<\/em>10 g<\/p>\n<h2>Modo de uso<\/h2>\n<p>Recomendamos tomar 1 stick ao dia.<\/p>\n<h2>Presentaci\u00f3n<\/h2>\n<p>Embalagem de 20 sticks de 10g. Peso total  200 g (7 oz).<\/p>\n<h2>Advertencias<\/h2>\n<h2>Valores nutricionales<\/h2>\n<p>Por 100 g<\/p>\n<table>\n<tbody>\n<tr>\n<th>Ingrediente<\/th>\n<th>%\/100 g<\/th>\n<th>Quantidade\/100 g<\/th>\n<\/tr>\n<tr>\n<td>Gorduras<\/td>\n<td>5.9%<\/td>\n<td>5.9 g<\/td>\n<\/tr>\n<tr>\n<td>Das quais s\u00e3o saturadas<\/td>\n<td>3.42%<\/td>\n<td>3.42 g<\/td>\n<\/tr>\n<tr>\n<td>Omega 6 (\u00e1cido linol\u00e9ico)<\/td>\n<td>0.940%<\/td>\n<td>0.940 g<\/td>\n<\/tr>\n<tr>\n<td>Hidratos de carbono<\/td>\n<td>12%<\/td>\n<td>12 g<\/td>\n<\/tr>\n<tr>\n<td>Dos quais s\u00e3o a\u00e7\u00facares<\/td>\n<td>0,53%<\/td>\n<td>0,53 g<\/td>\n<\/tr>\n<tr>\n<td>Fibra<\/td>\n<td>7%<\/td>\n<td>7 g<\/td>\n<\/tr>\n<tr>\n<td>Prote\u00ednas<\/td>\n<td>64.2%<\/td>\n<td>64.2 g<\/td>\n<\/tr>\n<\/tbody>\n<\/table>\n<p>326 Kcal \u00b7 1370 KJ<\/p>\n<table>\n<tbody>\n<tr>\n<th>Ingrediente<\/th>\n<th>Percentagem<\/th>\n<th>Quantidade<\/th>\n<\/tr>\n<tr>\n<td>Vitamina B6<\/td>\n<td>131%<\/td>\n<td>1.84 mg<\/td>\n<\/tr>\n<tr>\n<td>Vitamina B12<\/td>\n<td>64%<\/td>\n<td>1.6 ?g<\/td>\n<\/tr>\n<tr>\n<td>Vitamina B2<\/td>\n<td>49%<\/td>\n<td>0.69 mg<\/td>\n<\/tr>\n<tr>\n<td>Vitamina B1<\/td>\n<td>40%<\/td>\n<td>0.44 mg<\/td>\n<\/tr>\n<tr>\n<td>Ferro<\/td>\n<td>59%<\/td>\n<td>8.27 mg<\/td>\n<\/tr>\n<\/tbody>\n<\/table>\n<p>% DDR (Dose Di\u00e1ria Recomendada)<\/p>\n","protected":false},"excerpt":{"rendered":"<p>Embora a sua hist\u00f3ria se remonta ao Imp\u00e9rio Azteca, a Spirulina come\u00e7ou-se a incorporar \u00e0 alimenta\u00e7\u00e3o desde h\u00e1 relativamente poucos anos. Este alimento se caracteriza pela <strong>riqueza em prote\u00ednas, mais do 50% da sua composi\u00e7\u00e3o<\/strong>, as quais fornecem <strong>8 amino\u00e1cidos essenciais, aqueles que o corpo n\u00e3o pode sintetizar<\/strong>. Esta composi\u00e7\u00e3o propiciou que a ONU lhe preste aten\u00e7\u00e3o, especialmente em situa\u00e7\u00f5es de desnutri\u00e7\u00e3o. Tanto \u00e9 assim que a Spirulina foi declarada na\u00a0<strong>Confer\u00eancia Mundial de Alimenta\u00e7\u00e3o da ONU de 1974, como O MELHOR ALIMENTO PARA o FUTURO<\/strong>.<\/p>\n<p>A Spirulina \u00e9 uma alga muito rica em nutrientes, pelo que se transforma num ingrediente especial para enriquecer pratos muito simples ou realizar batidos nutricionais. Que acharia de enriquecer uma salada e transforma-la num prato muito nutritivo?<\/p>\n<p><a id=\"boton-ficha\" href=\"https:\/\/panel.drasanvi.com\/fichas\/5\/032010036\">Ficha t\u00e9cnica<\/a><\/p>\n","protected":false},"featured_media":23375,"template":"","meta":{"inline_featured_image":false},"product_cat":[1370],"product_tag":[],"class_list":["post-23373","product","type-product","status-publish","has-post-thumbnail","hentry","product_cat-super-alimentos","pa_contains-apio-no","pa_contains-peanuts-no","pa_contem-crustaceos-no","pa_contem-frutos-secos-no","pa_contem-leite-no","pa_contem-moluscos-no","pa_contem-mostarda-no","pa_contem-ovo-no","pa_contem-peixe-no","pa_contem-sesame-no","pa_contem-soja-no","pa_contiene-altramuces-no","pa_produto-bio-si","pa_produto-sem-gluten-no","pa_produto-vegan-si","pa_produto-vegetariano-no"],"yoast_head":"<!-- This site is optimized with the Yoast SEO plugin v27.5 - https:\/\/yoast.com\/product\/yoast-seo-wordpress\/ -->\n<title>Super Alimentos - Alga Spirulina Stick - Drasanvi Portugal<\/title>\n<meta name=\"robots\" content=\"index, follow, max-snippet:-1, max-image-preview:large, max-video-preview:-1\" \/>\n<link rel=\"canonical\" href=\"https:\/\/drasanvi.com\/pt\/producto\/super-alimentos-alga-spirulina-stick\/\" \/>\n<meta property=\"og:locale\" content=\"pt_PT\" \/>\n<meta property=\"og:type\" content=\"article\" \/>\n<meta property=\"og:title\" content=\"Super Alimentos - Alga Spirulina Stick - Drasanvi Portugal\" \/>\n<meta property=\"og:description\" content=\"Embora a sua hist\u00f3ria se remonta ao Imp\u00e9rio Azteca, a Spirulina come\u00e7ou-se a incorporar \u00e0 alimenta\u00e7\u00e3o desde h\u00e1 relativamente poucos anos. Este alimento se caracteriza pela riqueza em prote\u00ednas, mais do 50% da sua composi\u00e7\u00e3o, as quais fornecem 8 amino\u00e1cidos essenciais, aqueles que o corpo n\u00e3o pode sintetizar. Esta composi\u00e7\u00e3o propiciou que a ONU lhe preste aten\u00e7\u00e3o, especialmente em situa\u00e7\u00f5es de desnutri\u00e7\u00e3o. Tanto \u00e9 assim que a Spirulina foi declarada na\u00a0Confer\u00eancia Mundial de Alimenta\u00e7\u00e3o da ONU de 1974, como O MELHOR ALIMENTO PARA o FUTURO.A Spirulina \u00e9 uma alga muito rica em nutrientes, pelo que se transforma num ingrediente especial para enriquecer pratos muito simples ou realizar batidos nutricionais. Que acharia de enriquecer uma salada e transforma-la num prato muito nutritivo?Ficha t\u00e9cnica\" \/>\n<meta property=\"og:url\" content=\"https:\/\/drasanvi.com\/pt\/producto\/super-alimentos-alga-spirulina-stick\/\" \/>\n<meta property=\"og:site_name\" content=\"Drasanvi Portugal\" \/>\n<meta property=\"article:modified_time\" content=\"2023-08-11T13:41:11+00:00\" \/>\n<meta property=\"og:image\" content=\"https:\/\/drasanvi.com\/pt\/wp-content\/uploads\/sites\/6\/2022\/04\/032010036.png\" \/>\n\t<meta property=\"og:image:width\" content=\"1000\" \/>\n\t<meta property=\"og:image:height\" content=\"1000\" \/>\n\t<meta property=\"og:image:type\" content=\"image\/png\" \/>\n<meta name=\"twitter:card\" content=\"summary_large_image\" \/>\n<script type=\"application\/ld+json\" class=\"yoast-schema-graph\">{\"@context\":\"https:\\\/\\\/schema.org\",\"@graph\":[{\"@type\":\"WebPage\",\"@id\":\"https:\\\/\\\/drasanvi.com\\\/pt\\\/producto\\\/super-alimentos-alga-spirulina-stick\\\/\",\"url\":\"https:\\\/\\\/drasanvi.com\\\/pt\\\/producto\\\/super-alimentos-alga-spirulina-stick\\\/\",\"name\":\"Super Alimentos - Alga Spirulina Stick - Drasanvi Portugal\",\"isPartOf\":{\"@id\":\"https:\\\/\\\/drasanvi.com\\\/pt\\\/#website\"},\"primaryImageOfPage\":{\"@id\":\"https:\\\/\\\/drasanvi.com\\\/pt\\\/producto\\\/super-alimentos-alga-spirulina-stick\\\/#primaryimage\"},\"image\":{\"@id\":\"https:\\\/\\\/drasanvi.com\\\/pt\\\/producto\\\/super-alimentos-alga-spirulina-stick\\\/#primaryimage\"},\"thumbnailUrl\":\"https:\\\/\\\/drasanvi.com\\\/pt\\\/wp-content\\\/uploads\\\/sites\\\/6\\\/2022\\\/04\\\/032010036.png\",\"datePublished\":\"2022-04-29T08:05:34+00:00\",\"dateModified\":\"2023-08-11T13:41:11+00:00\",\"breadcrumb\":{\"@id\":\"https:\\\/\\\/drasanvi.com\\\/pt\\\/producto\\\/super-alimentos-alga-spirulina-stick\\\/#breadcrumb\"},\"inLanguage\":\"pt-PT\",\"potentialAction\":[{\"@type\":\"ReadAction\",\"target\":[\"https:\\\/\\\/drasanvi.com\\\/pt\\\/producto\\\/super-alimentos-alga-spirulina-stick\\\/\"]}]},{\"@type\":\"ImageObject\",\"inLanguage\":\"pt-PT\",\"@id\":\"https:\\\/\\\/drasanvi.com\\\/pt\\\/producto\\\/super-alimentos-alga-spirulina-stick\\\/#primaryimage\",\"url\":\"https:\\\/\\\/drasanvi.com\\\/pt\\\/wp-content\\\/uploads\\\/sites\\\/6\\\/2022\\\/04\\\/032010036.png\",\"contentUrl\":\"https:\\\/\\\/drasanvi.com\\\/pt\\\/wp-content\\\/uploads\\\/sites\\\/6\\\/2022\\\/04\\\/032010036.png\",\"width\":1000,\"height\":1000},{\"@type\":\"BreadcrumbList\",\"@id\":\"https:\\\/\\\/drasanvi.com\\\/pt\\\/producto\\\/super-alimentos-alga-spirulina-stick\\\/#breadcrumb\",\"itemListElement\":[{\"@type\":\"ListItem\",\"position\":1,\"name\":\"Portada\",\"item\":\"https:\\\/\\\/drasanvi.com\\\/pt\\\/\"},{\"@type\":\"ListItem\",\"position\":2,\"name\":\"Tienda\",\"item\":\"https:\\\/\\\/drasanvi.com\\\/pt\\\/tienda\\\/\"},{\"@type\":\"ListItem\",\"position\":3,\"name\":\"Super Alimentos &#8211; Alga Spirulina Stick\"}]},{\"@type\":\"WebSite\",\"@id\":\"https:\\\/\\\/drasanvi.com\\\/pt\\\/#website\",\"url\":\"https:\\\/\\\/drasanvi.com\\\/pt\\\/\",\"name\":\"Drasanvi Portugal\",\"description\":\"L\u00edder en complementos alimenticios y cosm\u00e9tica natural.\",\"publisher\":{\"@id\":\"https:\\\/\\\/drasanvi.com\\\/pt\\\/#organization\"},\"potentialAction\":[{\"@type\":\"SearchAction\",\"target\":{\"@type\":\"EntryPoint\",\"urlTemplate\":\"https:\\\/\\\/drasanvi.com\\\/pt\\\/?s={search_term_string}\"},\"query-input\":{\"@type\":\"PropertyValueSpecification\",\"valueRequired\":true,\"valueName\":\"search_term_string\"}}],\"inLanguage\":\"pt-PT\"},{\"@type\":\"Organization\",\"@id\":\"https:\\\/\\\/drasanvi.com\\\/pt\\\/#organization\",\"name\":\"Drasanvi\",\"url\":\"https:\\\/\\\/drasanvi.com\\\/pt\\\/\",\"logo\":{\"@type\":\"ImageObject\",\"inLanguage\":\"pt-PT\",\"@id\":\"https:\\\/\\\/drasanvi.com\\\/pt\\\/#\\\/schema\\\/logo\\\/image\\\/\",\"url\":\"https:\\\/\\\/drasanvi.com\\\/wp-content\\\/uploads\\\/sites\\\/6\\\/2021\\\/07\\\/logo-drasanvi.png\",\"contentUrl\":\"https:\\\/\\\/drasanvi.com\\\/wp-content\\\/uploads\\\/sites\\\/6\\\/2021\\\/07\\\/logo-drasanvi.png\",\"width\":900,\"height\":300,\"caption\":\"Drasanvi\"},\"image\":{\"@id\":\"https:\\\/\\\/drasanvi.com\\\/pt\\\/#\\\/schema\\\/logo\\\/image\\\/\"}}]}<\/script>\n<!-- \/ Yoast SEO plugin. -->","yoast_head_json":{"title":"Super Alimentos - Alga Spirulina Stick - Drasanvi Portugal","robots":{"index":"index","follow":"follow","max-snippet":"max-snippet:-1","max-image-preview":"max-image-preview:large","max-video-preview":"max-video-preview:-1"},"canonical":"https:\/\/drasanvi.com\/pt\/producto\/super-alimentos-alga-spirulina-stick\/","og_locale":"pt_PT","og_type":"article","og_title":"Super Alimentos - Alga Spirulina Stick - Drasanvi Portugal","og_description":"Embora a sua hist\u00f3ria se remonta ao Imp\u00e9rio Azteca, a Spirulina come\u00e7ou-se a incorporar \u00e0 alimenta\u00e7\u00e3o desde h\u00e1 relativamente poucos anos. Este alimento se caracteriza pela riqueza em prote\u00ednas, mais do 50% da sua composi\u00e7\u00e3o, as quais fornecem 8 amino\u00e1cidos essenciais, aqueles que o corpo n\u00e3o pode sintetizar. Esta composi\u00e7\u00e3o propiciou que a ONU lhe preste aten\u00e7\u00e3o, especialmente em situa\u00e7\u00f5es de desnutri\u00e7\u00e3o. Tanto \u00e9 assim que a Spirulina foi declarada na\u00a0Confer\u00eancia Mundial de Alimenta\u00e7\u00e3o da ONU de 1974, como O MELHOR ALIMENTO PARA o FUTURO.A Spirulina \u00e9 uma alga muito rica em nutrientes, pelo que se transforma num ingrediente especial para enriquecer pratos muito simples ou realizar batidos nutricionais. Que acharia de enriquecer uma salada e transforma-la num prato muito nutritivo?Ficha t\u00e9cnica","og_url":"https:\/\/drasanvi.com\/pt\/producto\/super-alimentos-alga-spirulina-stick\/","og_site_name":"Drasanvi Portugal","article_modified_time":"2023-08-11T13:41:11+00:00","og_image":[{"width":1000,"height":1000,"url":"https:\/\/drasanvi.com\/pt\/wp-content\/uploads\/sites\/6\/2022\/04\/032010036.png","type":"image\/png"}],"twitter_card":"summary_large_image","schema":{"@context":"https:\/\/schema.org","@graph":[{"@type":"WebPage","@id":"https:\/\/drasanvi.com\/pt\/producto\/super-alimentos-alga-spirulina-stick\/","url":"https:\/\/drasanvi.com\/pt\/producto\/super-alimentos-alga-spirulina-stick\/","name":"Super Alimentos - Alga Spirulina Stick - Drasanvi Portugal","isPartOf":{"@id":"https:\/\/drasanvi.com\/pt\/#website"},"primaryImageOfPage":{"@id":"https:\/\/drasanvi.com\/pt\/producto\/super-alimentos-alga-spirulina-stick\/#primaryimage"},"image":{"@id":"https:\/\/drasanvi.com\/pt\/producto\/super-alimentos-alga-spirulina-stick\/#primaryimage"},"thumbnailUrl":"https:\/\/drasanvi.com\/pt\/wp-content\/uploads\/sites\/6\/2022\/04\/032010036.png","datePublished":"2022-04-29T08:05:34+00:00","dateModified":"2023-08-11T13:41:11+00:00","breadcrumb":{"@id":"https:\/\/drasanvi.com\/pt\/producto\/super-alimentos-alga-spirulina-stick\/#breadcrumb"},"inLanguage":"pt-PT","potentialAction":[{"@type":"ReadAction","target":["https:\/\/drasanvi.com\/pt\/producto\/super-alimentos-alga-spirulina-stick\/"]}]},{"@type":"ImageObject","inLanguage":"pt-PT","@id":"https:\/\/drasanvi.com\/pt\/producto\/super-alimentos-alga-spirulina-stick\/#primaryimage","url":"https:\/\/drasanvi.com\/pt\/wp-content\/uploads\/sites\/6\/2022\/04\/032010036.png","contentUrl":"https:\/\/drasanvi.com\/pt\/wp-content\/uploads\/sites\/6\/2022\/04\/032010036.png","width":1000,"height":1000},{"@type":"BreadcrumbList","@id":"https:\/\/drasanvi.com\/pt\/producto\/super-alimentos-alga-spirulina-stick\/#breadcrumb","itemListElement":[{"@type":"ListItem","position":1,"name":"Portada","item":"https:\/\/drasanvi.com\/pt\/"},{"@type":"ListItem","position":2,"name":"Tienda","item":"https:\/\/drasanvi.com\/pt\/tienda\/"},{"@type":"ListItem","position":3,"name":"Super Alimentos &#8211; Alga Spirulina Stick"}]},{"@type":"WebSite","@id":"https:\/\/drasanvi.com\/pt\/#website","url":"https:\/\/drasanvi.com\/pt\/","name":"Drasanvi Portugal","description":"L\u00edder en complementos alimenticios y cosm\u00e9tica natural.","publisher":{"@id":"https:\/\/drasanvi.com\/pt\/#organization"},"potentialAction":[{"@type":"SearchAction","target":{"@type":"EntryPoint","urlTemplate":"https:\/\/drasanvi.com\/pt\/?s={search_term_string}"},"query-input":{"@type":"PropertyValueSpecification","valueRequired":true,"valueName":"search_term_string"}}],"inLanguage":"pt-PT"},{"@type":"Organization","@id":"https:\/\/drasanvi.com\/pt\/#organization","name":"Drasanvi","url":"https:\/\/drasanvi.com\/pt\/","logo":{"@type":"ImageObject","inLanguage":"pt-PT","@id":"https:\/\/drasanvi.com\/pt\/#\/schema\/logo\/image\/","url":"https:\/\/drasanvi.com\/wp-content\/uploads\/sites\/6\/2021\/07\/logo-drasanvi.png","contentUrl":"https:\/\/drasanvi.com\/wp-content\/uploads\/sites\/6\/2021\/07\/logo-drasanvi.png","width":900,"height":300,"caption":"Drasanvi"},"image":{"@id":"https:\/\/drasanvi.com\/pt\/#\/schema\/logo\/image\/"}}]}},"_links":{"self":[{"href":"https:\/\/drasanvi.com\/pt\/wp-json\/wp\/v2\/product\/23373","targetHints":{"allow":["GET"]}}],"collection":[{"href":"https:\/\/drasanvi.com\/pt\/wp-json\/wp\/v2\/product"}],"about":[{"href":"https:\/\/drasanvi.com\/pt\/wp-json\/wp\/v2\/types\/product"}],"version-history":[{"count":0,"href":"https:\/\/drasanvi.com\/pt\/wp-json\/wp\/v2\/product\/23373\/revisions"}],"wp:featuredmedia":[{"embeddable":true,"href":"https:\/\/drasanvi.com\/pt\/wp-json\/wp\/v2\/media\/23375"}],"wp:attachment":[{"href":"https:\/\/drasanvi.com\/pt\/wp-json\/wp\/v2\/media?parent=23373"}],"wp:term":[{"taxonomy":"product_cat","embeddable":true,"href":"https:\/\/drasanvi.com\/pt\/wp-json\/wp\/v2\/product_cat?post=23373"},{"taxonomy":"product_tag","embeddable":true,"href":"https:\/\/drasanvi.com\/pt\/wp-json\/wp\/v2\/product_tag?post=23373"}],"curies":[{"name":"wp","href":"https:\/\/api.w.org\/{rel}","templated":true}]}}