{"id":23370,"date":"2022-04-29T10:05:34","date_gmt":"2022-04-29T08:05:34","guid":{"rendered":"https:\/\/drasanvi.com\/pt\/producto\/super-alimentos-maca-stick\/"},"modified":"2023-08-11T15:41:12","modified_gmt":"2023-08-11T13:41:12","slug":"super-alimentos-maca-stick","status":"publish","type":"product","link":"https:\/\/drasanvi.com\/pt\/producto\/super-alimentos-maca-stick\/","title":{"rendered":"Super Alimentos &#8211; Maca Stick"},"content":{"rendered":"<p>A Maca \u00e9 uma raiz que cresce numa exclusiva regi\u00e3o dos Andes do Per\u00fa, a uma altura de 4.000 metros. \u00c9 rica em carboidratos e Vitamina B3 (Niacina) que <strong>ajuda a diminuir o cansa\u00e7o e a\u00a0fadiga<\/strong>.<\/p>\n<p>Usada desde a antiguidade pela cultura Inca, o seu significado etimol\u00f3gico \u00e9 Ma (\u201corigem de altura\u201d) e Ca (\u201cboa comida que fortalece o corpo&#8221;&#8221;)<\/p>\n<p>A Maca, um tub\u00e9rculo peruano do qual todo o mundo fala. Por que \u00e9 t\u00e3o famoso? A Maca \u00e9 uma excelente fonte de energia. Seu sabor doce a transforma numa excelente farinha para elaborar p\u00e3es e do\u00e7aria, com os que come\u00e7ar o dia com bom animo.<\/p>\n<h2>Ingredientes<\/h2>\n<p>Maca em p\u00f3 de origem BIO<em>(Lepidium meyenii)<\/em>10 g<\/p>\n<h2>Modo de uso<\/h2>\n<p>Recomendamos tomar 10g ao dia.<\/p>\n<h2>Presentaci\u00f3n<\/h2>\n<p>Embalagem de 20 stick de 10 g. Peso total 200g (7 oz)<\/p>\n<h2>Advertencias<\/h2>\n<h2>Valores nutricionales<\/h2>\n<p>por cada 100 g<\/p>\n<table>\n<tbody>\n<tr>\n<td>INGREDIENTE<\/td>\n<td>%\/100 g<\/td>\n<td>QUANTIDADE\/100 g<\/td>\n<\/tr>\n<tr>\n<td>Gorduras<\/td>\n<td>3.6%<\/td>\n<td>3.6 g<\/td>\n<\/tr>\n<tr>\n<td>das quais saturadas<\/td>\n<td>0%<\/td>\n<td>0 g<\/td>\n<\/tr>\n<tr>\n<td>Hidratos de carbono<\/td>\n<td>64.3%<\/td>\n<td>64.3 g<\/td>\n<\/tr>\n<tr>\n<td>dos quais a\u00e7\u00facares<\/td>\n<td>32.1%<\/td>\n<td>32.1 g<\/td>\n<\/tr>\n<tr>\n<td>Fibra<\/td>\n<td>7.1%<\/td>\n<td>7.1 g<\/td>\n<\/tr>\n<tr>\n<td>Prote\u00ednas<\/td>\n<td>14.3%<\/td>\n<td>14.3 g<\/td>\n<\/tr>\n<tr>\n<td>Sal<\/td>\n<td>0.045 %<\/td>\n<td>0.045 g<\/td>\n<\/tr>\n<\/tbody>\n<\/table>\n<p>361 Kcal \u00b7 1526 KJ<\/p>\n<table>\n<tbody>\n<tr>\n<th>Ingrediente<\/th>\n<th>% DDR<\/th>\n<th>QUANTIDADE\/10 g<\/th>\n<\/tr>\n<tr>\n<td>Vitamina C<\/td>\n<td>3.56 %<\/td>\n<td>28.5 mg<\/td>\n<\/tr>\n<tr>\n<td>Vitamina B6<\/td>\n<td>7.8 %<\/td>\n<td>0.1 mg<\/td>\n<\/tr>\n<tr>\n<td>Pot\u00e1ssio<\/td>\n<td>100 %<\/td>\n<td>200 mg<\/td>\n<\/tr>\n<tr>\n<td>Niacina<\/td>\n<td>100%<\/td>\n<td>16 mg<\/td>\n<\/tr>\n<\/tbody>\n<\/table>\n<p>% DDR (Dose Di\u00e1ria Recomendada)<\/p>\n","protected":false},"excerpt":{"rendered":"<p>A Maca \u00e9 uma raiz que cresce numa exclusiva regi\u00e3o dos Andes do Per\u00fa, a uma altura de 4.000 metros. \u00c9 rica em carboidratos e Vitamina B3 (Niacina) que <strong>ajuda a diminuir o cansa\u00e7o e a\u00a0fadiga<\/strong>.<\/p>\n<p>Usada desde a antiguidade pela cultura Inca, o seu significado etimol\u00f3gico \u00e9 Ma (\u201corigem de altura\u201d) e Ca (\u201cboa comida que fortalece o corpo&#8221;&#8221;)<\/p>\n<p>A Maca, um tub\u00e9rculo peruano do qual todo o mundo fala. Por que \u00e9 t\u00e3o famoso? A Maca \u00e9 uma excelente fonte de energia. Seu sabor doce a transforma numa excelente farinha para elaborar p\u00e3es e do\u00e7aria, com os que come\u00e7ar o dia com bom animo.<\/p>\n<p><a id=\"boton-ficha\" href=\"https:\/\/panel.drasanvi.com\/fichas\/5\/032010035\">Ficha t\u00e9cnica<\/a><\/p>\n","protected":false},"featured_media":23372,"template":"","meta":{"inline_featured_image":false},"product_cat":[1370],"product_tag":[],"class_list":["post-23370","product","type-product","status-publish","has-post-thumbnail","hentry","product_cat-super-alimentos","pa_contains-apio-no","pa_contains-peanuts-no","pa_contem-crustaceos-no","pa_contem-frutos-secos-no","pa_contem-leite-no","pa_contem-moluscos-no","pa_contem-mostarda-no","pa_contem-ovo-no","pa_contem-peixe-no","pa_contem-sesame-no","pa_contem-soja-no","pa_contiene-altramuces-no","pa_produto-bio-si","pa_produto-sem-gluten-no","pa_produto-vegan-si","pa_produto-vegetariano-no"],"yoast_head":"<!-- This site is optimized with the Yoast SEO plugin v27.5 - https:\/\/yoast.com\/product\/yoast-seo-wordpress\/ -->\n<title>Super Alimentos - Maca Stick - Drasanvi Portugal<\/title>\n<meta name=\"robots\" content=\"index, follow, max-snippet:-1, max-image-preview:large, max-video-preview:-1\" \/>\n<link rel=\"canonical\" href=\"https:\/\/drasanvi.com\/pt\/producto\/super-alimentos-maca-stick\/\" \/>\n<meta property=\"og:locale\" content=\"pt_PT\" \/>\n<meta property=\"og:type\" content=\"article\" \/>\n<meta property=\"og:title\" content=\"Super Alimentos - Maca Stick - Drasanvi Portugal\" \/>\n<meta property=\"og:description\" content=\"A Maca \u00e9 uma raiz que cresce numa exclusiva regi\u00e3o dos Andes do Per\u00fa, a uma altura de 4.000 metros. \u00c9 rica em carboidratos e Vitamina B3 (Niacina) que ajuda a diminuir o cansa\u00e7o e a\u00a0fadiga.Usada desde a antiguidade pela cultura Inca, o seu significado etimol\u00f3gico \u00e9 Ma (\u201corigem de altura\u201d) e Ca (\u201cboa comida que fortalece o corpo&quot;&quot;)A Maca, um tub\u00e9rculo peruano do qual todo o mundo fala. Por que \u00e9 t\u00e3o famoso? A Maca \u00e9 uma excelente fonte de energia. Seu sabor doce a transforma numa excelente farinha para elaborar p\u00e3es e do\u00e7aria, com os que come\u00e7ar o dia com bom animo.Ficha t\u00e9cnica\" \/>\n<meta property=\"og:url\" content=\"https:\/\/drasanvi.com\/pt\/producto\/super-alimentos-maca-stick\/\" \/>\n<meta property=\"og:site_name\" content=\"Drasanvi Portugal\" \/>\n<meta property=\"article:modified_time\" content=\"2023-08-11T13:41:12+00:00\" \/>\n<meta property=\"og:image\" content=\"https:\/\/drasanvi.com\/pt\/wp-content\/uploads\/sites\/6\/2022\/04\/032010035.png\" \/>\n\t<meta property=\"og:image:width\" content=\"1000\" \/>\n\t<meta property=\"og:image:height\" content=\"1000\" \/>\n\t<meta property=\"og:image:type\" content=\"image\/png\" \/>\n<meta name=\"twitter:card\" content=\"summary_large_image\" \/>\n<script type=\"application\/ld+json\" class=\"yoast-schema-graph\">{\"@context\":\"https:\\\/\\\/schema.org\",\"@graph\":[{\"@type\":\"WebPage\",\"@id\":\"https:\\\/\\\/drasanvi.com\\\/pt\\\/producto\\\/super-alimentos-maca-stick\\\/\",\"url\":\"https:\\\/\\\/drasanvi.com\\\/pt\\\/producto\\\/super-alimentos-maca-stick\\\/\",\"name\":\"Super Alimentos - Maca Stick - Drasanvi Portugal\",\"isPartOf\":{\"@id\":\"https:\\\/\\\/drasanvi.com\\\/pt\\\/#website\"},\"primaryImageOfPage\":{\"@id\":\"https:\\\/\\\/drasanvi.com\\\/pt\\\/producto\\\/super-alimentos-maca-stick\\\/#primaryimage\"},\"image\":{\"@id\":\"https:\\\/\\\/drasanvi.com\\\/pt\\\/producto\\\/super-alimentos-maca-stick\\\/#primaryimage\"},\"thumbnailUrl\":\"https:\\\/\\\/drasanvi.com\\\/pt\\\/wp-content\\\/uploads\\\/sites\\\/6\\\/2022\\\/04\\\/032010035.png\",\"datePublished\":\"2022-04-29T08:05:34+00:00\",\"dateModified\":\"2023-08-11T13:41:12+00:00\",\"breadcrumb\":{\"@id\":\"https:\\\/\\\/drasanvi.com\\\/pt\\\/producto\\\/super-alimentos-maca-stick\\\/#breadcrumb\"},\"inLanguage\":\"pt-PT\",\"potentialAction\":[{\"@type\":\"ReadAction\",\"target\":[\"https:\\\/\\\/drasanvi.com\\\/pt\\\/producto\\\/super-alimentos-maca-stick\\\/\"]}]},{\"@type\":\"ImageObject\",\"inLanguage\":\"pt-PT\",\"@id\":\"https:\\\/\\\/drasanvi.com\\\/pt\\\/producto\\\/super-alimentos-maca-stick\\\/#primaryimage\",\"url\":\"https:\\\/\\\/drasanvi.com\\\/pt\\\/wp-content\\\/uploads\\\/sites\\\/6\\\/2022\\\/04\\\/032010035.png\",\"contentUrl\":\"https:\\\/\\\/drasanvi.com\\\/pt\\\/wp-content\\\/uploads\\\/sites\\\/6\\\/2022\\\/04\\\/032010035.png\",\"width\":1000,\"height\":1000},{\"@type\":\"BreadcrumbList\",\"@id\":\"https:\\\/\\\/drasanvi.com\\\/pt\\\/producto\\\/super-alimentos-maca-stick\\\/#breadcrumb\",\"itemListElement\":[{\"@type\":\"ListItem\",\"position\":1,\"name\":\"Portada\",\"item\":\"https:\\\/\\\/drasanvi.com\\\/pt\\\/\"},{\"@type\":\"ListItem\",\"position\":2,\"name\":\"Tienda\",\"item\":\"https:\\\/\\\/drasanvi.com\\\/pt\\\/tienda\\\/\"},{\"@type\":\"ListItem\",\"position\":3,\"name\":\"Super Alimentos &#8211; Maca Stick\"}]},{\"@type\":\"WebSite\",\"@id\":\"https:\\\/\\\/drasanvi.com\\\/pt\\\/#website\",\"url\":\"https:\\\/\\\/drasanvi.com\\\/pt\\\/\",\"name\":\"Drasanvi Portugal\",\"description\":\"L\u00edder en complementos alimenticios y cosm\u00e9tica natural.\",\"publisher\":{\"@id\":\"https:\\\/\\\/drasanvi.com\\\/pt\\\/#organization\"},\"potentialAction\":[{\"@type\":\"SearchAction\",\"target\":{\"@type\":\"EntryPoint\",\"urlTemplate\":\"https:\\\/\\\/drasanvi.com\\\/pt\\\/?s={search_term_string}\"},\"query-input\":{\"@type\":\"PropertyValueSpecification\",\"valueRequired\":true,\"valueName\":\"search_term_string\"}}],\"inLanguage\":\"pt-PT\"},{\"@type\":\"Organization\",\"@id\":\"https:\\\/\\\/drasanvi.com\\\/pt\\\/#organization\",\"name\":\"Drasanvi\",\"url\":\"https:\\\/\\\/drasanvi.com\\\/pt\\\/\",\"logo\":{\"@type\":\"ImageObject\",\"inLanguage\":\"pt-PT\",\"@id\":\"https:\\\/\\\/drasanvi.com\\\/pt\\\/#\\\/schema\\\/logo\\\/image\\\/\",\"url\":\"https:\\\/\\\/drasanvi.com\\\/wp-content\\\/uploads\\\/sites\\\/6\\\/2021\\\/07\\\/logo-drasanvi.png\",\"contentUrl\":\"https:\\\/\\\/drasanvi.com\\\/wp-content\\\/uploads\\\/sites\\\/6\\\/2021\\\/07\\\/logo-drasanvi.png\",\"width\":900,\"height\":300,\"caption\":\"Drasanvi\"},\"image\":{\"@id\":\"https:\\\/\\\/drasanvi.com\\\/pt\\\/#\\\/schema\\\/logo\\\/image\\\/\"}}]}<\/script>\n<!-- \/ Yoast SEO plugin. -->","yoast_head_json":{"title":"Super Alimentos - Maca Stick - Drasanvi Portugal","robots":{"index":"index","follow":"follow","max-snippet":"max-snippet:-1","max-image-preview":"max-image-preview:large","max-video-preview":"max-video-preview:-1"},"canonical":"https:\/\/drasanvi.com\/pt\/producto\/super-alimentos-maca-stick\/","og_locale":"pt_PT","og_type":"article","og_title":"Super Alimentos - Maca Stick - Drasanvi Portugal","og_description":"A Maca \u00e9 uma raiz que cresce numa exclusiva regi\u00e3o dos Andes do Per\u00fa, a uma altura de 4.000 metros. \u00c9 rica em carboidratos e Vitamina B3 (Niacina) que ajuda a diminuir o cansa\u00e7o e a\u00a0fadiga.Usada desde a antiguidade pela cultura Inca, o seu significado etimol\u00f3gico \u00e9 Ma (\u201corigem de altura\u201d) e Ca (\u201cboa comida que fortalece o corpo\"\")A Maca, um tub\u00e9rculo peruano do qual todo o mundo fala. Por que \u00e9 t\u00e3o famoso? A Maca \u00e9 uma excelente fonte de energia. Seu sabor doce a transforma numa excelente farinha para elaborar p\u00e3es e do\u00e7aria, com os que come\u00e7ar o dia com bom animo.Ficha t\u00e9cnica","og_url":"https:\/\/drasanvi.com\/pt\/producto\/super-alimentos-maca-stick\/","og_site_name":"Drasanvi Portugal","article_modified_time":"2023-08-11T13:41:12+00:00","og_image":[{"width":1000,"height":1000,"url":"https:\/\/drasanvi.com\/pt\/wp-content\/uploads\/sites\/6\/2022\/04\/032010035.png","type":"image\/png"}],"twitter_card":"summary_large_image","schema":{"@context":"https:\/\/schema.org","@graph":[{"@type":"WebPage","@id":"https:\/\/drasanvi.com\/pt\/producto\/super-alimentos-maca-stick\/","url":"https:\/\/drasanvi.com\/pt\/producto\/super-alimentos-maca-stick\/","name":"Super Alimentos - Maca Stick - Drasanvi Portugal","isPartOf":{"@id":"https:\/\/drasanvi.com\/pt\/#website"},"primaryImageOfPage":{"@id":"https:\/\/drasanvi.com\/pt\/producto\/super-alimentos-maca-stick\/#primaryimage"},"image":{"@id":"https:\/\/drasanvi.com\/pt\/producto\/super-alimentos-maca-stick\/#primaryimage"},"thumbnailUrl":"https:\/\/drasanvi.com\/pt\/wp-content\/uploads\/sites\/6\/2022\/04\/032010035.png","datePublished":"2022-04-29T08:05:34+00:00","dateModified":"2023-08-11T13:41:12+00:00","breadcrumb":{"@id":"https:\/\/drasanvi.com\/pt\/producto\/super-alimentos-maca-stick\/#breadcrumb"},"inLanguage":"pt-PT","potentialAction":[{"@type":"ReadAction","target":["https:\/\/drasanvi.com\/pt\/producto\/super-alimentos-maca-stick\/"]}]},{"@type":"ImageObject","inLanguage":"pt-PT","@id":"https:\/\/drasanvi.com\/pt\/producto\/super-alimentos-maca-stick\/#primaryimage","url":"https:\/\/drasanvi.com\/pt\/wp-content\/uploads\/sites\/6\/2022\/04\/032010035.png","contentUrl":"https:\/\/drasanvi.com\/pt\/wp-content\/uploads\/sites\/6\/2022\/04\/032010035.png","width":1000,"height":1000},{"@type":"BreadcrumbList","@id":"https:\/\/drasanvi.com\/pt\/producto\/super-alimentos-maca-stick\/#breadcrumb","itemListElement":[{"@type":"ListItem","position":1,"name":"Portada","item":"https:\/\/drasanvi.com\/pt\/"},{"@type":"ListItem","position":2,"name":"Tienda","item":"https:\/\/drasanvi.com\/pt\/tienda\/"},{"@type":"ListItem","position":3,"name":"Super Alimentos &#8211; Maca Stick"}]},{"@type":"WebSite","@id":"https:\/\/drasanvi.com\/pt\/#website","url":"https:\/\/drasanvi.com\/pt\/","name":"Drasanvi Portugal","description":"L\u00edder en complementos alimenticios y cosm\u00e9tica natural.","publisher":{"@id":"https:\/\/drasanvi.com\/pt\/#organization"},"potentialAction":[{"@type":"SearchAction","target":{"@type":"EntryPoint","urlTemplate":"https:\/\/drasanvi.com\/pt\/?s={search_term_string}"},"query-input":{"@type":"PropertyValueSpecification","valueRequired":true,"valueName":"search_term_string"}}],"inLanguage":"pt-PT"},{"@type":"Organization","@id":"https:\/\/drasanvi.com\/pt\/#organization","name":"Drasanvi","url":"https:\/\/drasanvi.com\/pt\/","logo":{"@type":"ImageObject","inLanguage":"pt-PT","@id":"https:\/\/drasanvi.com\/pt\/#\/schema\/logo\/image\/","url":"https:\/\/drasanvi.com\/wp-content\/uploads\/sites\/6\/2021\/07\/logo-drasanvi.png","contentUrl":"https:\/\/drasanvi.com\/wp-content\/uploads\/sites\/6\/2021\/07\/logo-drasanvi.png","width":900,"height":300,"caption":"Drasanvi"},"image":{"@id":"https:\/\/drasanvi.com\/pt\/#\/schema\/logo\/image\/"}}]}},"_links":{"self":[{"href":"https:\/\/drasanvi.com\/pt\/wp-json\/wp\/v2\/product\/23370","targetHints":{"allow":["GET"]}}],"collection":[{"href":"https:\/\/drasanvi.com\/pt\/wp-json\/wp\/v2\/product"}],"about":[{"href":"https:\/\/drasanvi.com\/pt\/wp-json\/wp\/v2\/types\/product"}],"version-history":[{"count":0,"href":"https:\/\/drasanvi.com\/pt\/wp-json\/wp\/v2\/product\/23370\/revisions"}],"wp:featuredmedia":[{"embeddable":true,"href":"https:\/\/drasanvi.com\/pt\/wp-json\/wp\/v2\/media\/23372"}],"wp:attachment":[{"href":"https:\/\/drasanvi.com\/pt\/wp-json\/wp\/v2\/media?parent=23370"}],"wp:term":[{"taxonomy":"product_cat","embeddable":true,"href":"https:\/\/drasanvi.com\/pt\/wp-json\/wp\/v2\/product_cat?post=23370"},{"taxonomy":"product_tag","embeddable":true,"href":"https:\/\/drasanvi.com\/pt\/wp-json\/wp\/v2\/product_tag?post=23370"}],"curies":[{"name":"wp","href":"https:\/\/api.w.org\/{rel}","templated":true}]}}