{"id":15060,"date":"2021-08-09T12:06:48","date_gmt":"2021-08-09T10:06:48","guid":{"rendered":"https:\/\/drasanvi.com\/pt\/?page_id=15060"},"modified":"2022-04-04T15:03:07","modified_gmt":"2022-04-04T13:03:07","slug":"politica-calidad-medioambiente","status":"publish","type":"page","link":"https:\/\/drasanvi.com\/pt\/politica-calidad-medioambiente\/","title":{"rendered":"Pol\u00edtica de Calidad, Medioambiente e inocuidad Alimentaria"},"content":{"rendered":"\n<p>DRASANVI, SL es una empresa de Formulaci\u00f3n, desarrollo, y venta de complementos alimenticios bajo&nbsp; marca propia as\u00ed como distribuci\u00f3n y venta de cosm\u00e9ticos bajo marca propia, con gran experiencia en el sector que busca crecer y evolucionar, progresando a la velocidad adecuada y cimentando todos los logros, bas\u00e1ndose en un Sistema de Gesti\u00f3n de Calidad y Medioambiente basado en las Normas UNE-EN ISO 9001 y UNE-EN ISO 14001.<\/p>\n\n\n\n<p>La alta direcci\u00f3n establece la pol\u00edtica de calidad, medioambiente e inocuidad alimentaria acorde al prop\u00f3sito de su organizaci\u00f3n, funci\u00f3n que cumple dentro de la cadena alimentaria, su naturaleza, magnitud e impactos medioambientales derivados de sus actividades estableciendo las siguientes m\u00e1ximas a cumplir dentro de la empresa:<\/p>\n\n\n\n<ul class=\"wp-block-list\"><li>Potenciar la Mejora Continua del sistema de gesti\u00f3n de la Calidad a trav\u00e9s del establecimiento de indicadores de desempe\u00f1o, seguimiento, medici\u00f3n, an\u00e1lisis y evaluaci\u00f3n de los mismos, as\u00ed como el planteamiento de objetivos de calidad y mejora en las funciones y niveles pertinentes de la organizaci\u00f3n como expectativa de crecimiento econ\u00f3mico.<\/li><li>Lograr una competitividad elevada en nuestros mercados basada en la confianza y fidelizaci\u00f3n de nuestros clientes as\u00ed como en el desarrollo de nuevos productos que satisfagan la demanda del mercado manteniendo el alto nivel de innovaci\u00f3n en el desarrollo y prestaci\u00f3n de nuestros servicios.<\/li><li>La alta direcci\u00f3n determina su pol\u00edtica como marco y base para determinar y revisar las metas medioambientales y objetivos de calidad, medioambiente e inocuidad alimentaria.<\/li><li>La alta direcci\u00f3n asegura que su pol\u00edtica de calidad, medioambiente e inocuidad alimentaria ser\u00e1 comunicada y entendida por todo su personal<\/li><li>Fomentar la comunicaci\u00f3n entre nuestros trabajadores como instrumento y v\u00eda de salida de todo el potencial creativo humano.<\/li><li>Prevenir la contaminaci\u00f3n que pudiera generar la empresa&nbsp; para mantener una relaci\u00f3n mutuamente beneficiosa con el medio que nos rodea y nuestros vecinos colindantes estableciendo un control \u00f3ptimo de residuos peligrosos que generamos por la actividad que prestamos.<\/li><li>Minimizar nuestra generaci\u00f3n de residuos y proporcionar formaci\u00f3n y medios a nuestros empleados para que colaboren activamente en esta causa.<\/li><li>Poner la presente a disposici\u00f3n de clientes, proveedores y del p\u00fablico en general para hacerles part\u00edcipes de nuestro compromiso con el medioambiente y la mejora continua.<\/li><li>La alta direcci\u00f3n manifiesta en su pol\u00edtica su compromiso de tender a la mejora del SGI, prevenir la contaminaci\u00f3n, buscar la satisfacci\u00f3n del cliente, cumplir con los requisitos legales y dem\u00e1s aplicables al sistema.<\/li><li>La alta direcci\u00f3n informa de que su pol\u00edtica ser\u00e1 mantenida acorde al prop\u00f3sito de la empresa a trav\u00e9s de revisiones peri\u00f3dicas; adem\u00e1s se encuentra a disposici\u00f3n p\u00fablica, documentada e implementada.<\/li><\/ul>\n\n\n\n<p>Es responsabilidad nuestra y de todo el personal que conforma DRASANVI, SL&nbsp; el correcto cumplimiento y puesta en marcha de estas directrices, por lo que han sido comunicadas y entendidas dentro de esta organizaci\u00f3n, ser\u00e1n actualizadas, cuando sea necesario, para su continua adecuaci\u00f3n.<\/p>\n\n\n\n<p>REV.: 04 En Villadangos del P\u00e1ramo, a 21 de Marzo del 2019<\/p>\n\n\n\n<p><\/p>\n\n\n\n<p><a href=\"https:\/\/drasanvi.com\/wp-content\/uploads\/sites\/6\/2022\/04\/kpis-desempeno-medioambiental.png\" target=\"_blank\" rel=\"noreferrer noopener nofollow\">KPIs Desempe\u00f1o Medioambiental<\/a><\/p>\n","protected":false},"excerpt":{"rendered":"<p>DRASANVI, SL es una empresa de Formulaci\u00f3n, desarrollo, y venta de complementos alimenticios bajo&nbsp; marca propia as\u00ed como distribuci\u00f3n y<\/p>\n","protected":false},"author":1,"featured_media":0,"parent":0,"menu_order":0,"comment_status":"closed","ping_status":"closed","template":"","meta":{"inline_featured_image":false,"footnotes":""},"class_list":["post-15060","page","type-page","status-publish","hentry"],"yoast_head":"<!-- This site is optimized with the Yoast SEO plugin v27.5 - https:\/\/yoast.com\/product\/yoast-seo-wordpress\/ -->\n<title>Pol\u00edtica de Calidad, Medioambiente e inocuidad Alimentaria - Drasanvi Portugal<\/title>\n<meta name=\"robots\" content=\"noindex, follow\" \/>\n<meta property=\"og:locale\" content=\"pt_PT\" \/>\n<meta property=\"og:type\" content=\"article\" \/>\n<meta property=\"og:title\" content=\"Pol\u00edtica de Calidad, Medioambiente e inocuidad Alimentaria - Drasanvi Portugal\" \/>\n<meta property=\"og:description\" content=\"DRASANVI, SL es una empresa de Formulaci\u00f3n, desarrollo, y venta de complementos alimenticios bajo&nbsp; marca propia as\u00ed como distribuci\u00f3n y\" \/>\n<meta property=\"og:url\" content=\"https:\/\/drasanvi.com\/pt\/politica-calidad-medioambiente\/\" \/>\n<meta property=\"og:site_name\" content=\"Drasanvi Portugal\" \/>\n<meta property=\"article:modified_time\" content=\"2022-04-04T13:03:07+00:00\" \/>\n<meta name=\"twitter:card\" content=\"summary_large_image\" \/>\n<script type=\"application\/ld+json\" class=\"yoast-schema-graph\">{\"@context\":\"https:\\\/\\\/schema.org\",\"@graph\":[{\"@type\":\"WebPage\",\"@id\":\"https:\\\/\\\/drasanvi.com\\\/pt\\\/politica-calidad-medioambiente\\\/\",\"url\":\"https:\\\/\\\/drasanvi.com\\\/pt\\\/politica-calidad-medioambiente\\\/\",\"name\":\"Pol\u00edtica de Calidad, Medioambiente e inocuidad Alimentaria - Drasanvi Portugal\",\"isPartOf\":{\"@id\":\"https:\\\/\\\/drasanvi.com\\\/pt\\\/#website\"},\"datePublished\":\"2021-08-09T10:06:48+00:00\",\"dateModified\":\"2022-04-04T13:03:07+00:00\",\"breadcrumb\":{\"@id\":\"https:\\\/\\\/drasanvi.com\\\/pt\\\/politica-calidad-medioambiente\\\/#breadcrumb\"},\"inLanguage\":\"pt-PT\",\"potentialAction\":[{\"@type\":\"ReadAction\",\"target\":[\"https:\\\/\\\/drasanvi.com\\\/pt\\\/politica-calidad-medioambiente\\\/\"]}]},{\"@type\":\"BreadcrumbList\",\"@id\":\"https:\\\/\\\/drasanvi.com\\\/pt\\\/politica-calidad-medioambiente\\\/#breadcrumb\",\"itemListElement\":[{\"@type\":\"ListItem\",\"position\":1,\"name\":\"Portada\",\"item\":\"https:\\\/\\\/drasanvi.com\\\/pt\\\/\"},{\"@type\":\"ListItem\",\"position\":2,\"name\":\"Pol\u00edtica de Calidad, Medioambiente e inocuidad Alimentaria\"}]},{\"@type\":\"WebSite\",\"@id\":\"https:\\\/\\\/drasanvi.com\\\/pt\\\/#website\",\"url\":\"https:\\\/\\\/drasanvi.com\\\/pt\\\/\",\"name\":\"Drasanvi Portugal\",\"description\":\"L\u00edder en complementos alimenticios y cosm\u00e9tica natural.\",\"publisher\":{\"@id\":\"https:\\\/\\\/drasanvi.com\\\/pt\\\/#organization\"},\"potentialAction\":[{\"@type\":\"SearchAction\",\"target\":{\"@type\":\"EntryPoint\",\"urlTemplate\":\"https:\\\/\\\/drasanvi.com\\\/pt\\\/?s={search_term_string}\"},\"query-input\":{\"@type\":\"PropertyValueSpecification\",\"valueRequired\":true,\"valueName\":\"search_term_string\"}}],\"inLanguage\":\"pt-PT\"},{\"@type\":\"Organization\",\"@id\":\"https:\\\/\\\/drasanvi.com\\\/pt\\\/#organization\",\"name\":\"Drasanvi\",\"url\":\"https:\\\/\\\/drasanvi.com\\\/pt\\\/\",\"logo\":{\"@type\":\"ImageObject\",\"inLanguage\":\"pt-PT\",\"@id\":\"https:\\\/\\\/drasanvi.com\\\/pt\\\/#\\\/schema\\\/logo\\\/image\\\/\",\"url\":\"https:\\\/\\\/drasanvi.com\\\/wp-content\\\/uploads\\\/sites\\\/6\\\/2021\\\/07\\\/logo-drasanvi.png\",\"contentUrl\":\"https:\\\/\\\/drasanvi.com\\\/wp-content\\\/uploads\\\/sites\\\/6\\\/2021\\\/07\\\/logo-drasanvi.png\",\"width\":900,\"height\":300,\"caption\":\"Drasanvi\"},\"image\":{\"@id\":\"https:\\\/\\\/drasanvi.com\\\/pt\\\/#\\\/schema\\\/logo\\\/image\\\/\"}}]}<\/script>\n<!-- \/ Yoast SEO plugin. -->","yoast_head_json":{"title":"Pol\u00edtica de Calidad, Medioambiente e inocuidad Alimentaria - Drasanvi Portugal","robots":{"index":"noindex","follow":"follow"},"og_locale":"pt_PT","og_type":"article","og_title":"Pol\u00edtica de Calidad, Medioambiente e inocuidad Alimentaria - Drasanvi Portugal","og_description":"DRASANVI, SL es una empresa de Formulaci\u00f3n, desarrollo, y venta de complementos alimenticios bajo&nbsp; marca propia as\u00ed como distribuci\u00f3n y","og_url":"https:\/\/drasanvi.com\/pt\/politica-calidad-medioambiente\/","og_site_name":"Drasanvi Portugal","article_modified_time":"2022-04-04T13:03:07+00:00","twitter_card":"summary_large_image","schema":{"@context":"https:\/\/schema.org","@graph":[{"@type":"WebPage","@id":"https:\/\/drasanvi.com\/pt\/politica-calidad-medioambiente\/","url":"https:\/\/drasanvi.com\/pt\/politica-calidad-medioambiente\/","name":"Pol\u00edtica de Calidad, Medioambiente e inocuidad Alimentaria - Drasanvi Portugal","isPartOf":{"@id":"https:\/\/drasanvi.com\/pt\/#website"},"datePublished":"2021-08-09T10:06:48+00:00","dateModified":"2022-04-04T13:03:07+00:00","breadcrumb":{"@id":"https:\/\/drasanvi.com\/pt\/politica-calidad-medioambiente\/#breadcrumb"},"inLanguage":"pt-PT","potentialAction":[{"@type":"ReadAction","target":["https:\/\/drasanvi.com\/pt\/politica-calidad-medioambiente\/"]}]},{"@type":"BreadcrumbList","@id":"https:\/\/drasanvi.com\/pt\/politica-calidad-medioambiente\/#breadcrumb","itemListElement":[{"@type":"ListItem","position":1,"name":"Portada","item":"https:\/\/drasanvi.com\/pt\/"},{"@type":"ListItem","position":2,"name":"Pol\u00edtica de Calidad, Medioambiente e inocuidad Alimentaria"}]},{"@type":"WebSite","@id":"https:\/\/drasanvi.com\/pt\/#website","url":"https:\/\/drasanvi.com\/pt\/","name":"Drasanvi Portugal","description":"L\u00edder en complementos alimenticios y cosm\u00e9tica natural.","publisher":{"@id":"https:\/\/drasanvi.com\/pt\/#organization"},"potentialAction":[{"@type":"SearchAction","target":{"@type":"EntryPoint","urlTemplate":"https:\/\/drasanvi.com\/pt\/?s={search_term_string}"},"query-input":{"@type":"PropertyValueSpecification","valueRequired":true,"valueName":"search_term_string"}}],"inLanguage":"pt-PT"},{"@type":"Organization","@id":"https:\/\/drasanvi.com\/pt\/#organization","name":"Drasanvi","url":"https:\/\/drasanvi.com\/pt\/","logo":{"@type":"ImageObject","inLanguage":"pt-PT","@id":"https:\/\/drasanvi.com\/pt\/#\/schema\/logo\/image\/","url":"https:\/\/drasanvi.com\/wp-content\/uploads\/sites\/6\/2021\/07\/logo-drasanvi.png","contentUrl":"https:\/\/drasanvi.com\/wp-content\/uploads\/sites\/6\/2021\/07\/logo-drasanvi.png","width":900,"height":300,"caption":"Drasanvi"},"image":{"@id":"https:\/\/drasanvi.com\/pt\/#\/schema\/logo\/image\/"}}]}},"_links":{"self":[{"href":"https:\/\/drasanvi.com\/pt\/wp-json\/wp\/v2\/pages\/15060","targetHints":{"allow":["GET"]}}],"collection":[{"href":"https:\/\/drasanvi.com\/pt\/wp-json\/wp\/v2\/pages"}],"about":[{"href":"https:\/\/drasanvi.com\/pt\/wp-json\/wp\/v2\/types\/page"}],"author":[{"embeddable":true,"href":"https:\/\/drasanvi.com\/pt\/wp-json\/wp\/v2\/users\/1"}],"replies":[{"embeddable":true,"href":"https:\/\/drasanvi.com\/pt\/wp-json\/wp\/v2\/comments?post=15060"}],"version-history":[{"count":0,"href":"https:\/\/drasanvi.com\/pt\/wp-json\/wp\/v2\/pages\/15060\/revisions"}],"wp:attachment":[{"href":"https:\/\/drasanvi.com\/pt\/wp-json\/wp\/v2\/media?parent=15060"}],"curies":[{"name":"wp","href":"https:\/\/api.w.org\/{rel}","templated":true}]}}