{"id":15056,"date":"2021-08-09T12:04:13","date_gmt":"2021-08-09T10:04:13","guid":{"rendered":"https:\/\/drasanvi.com\/pt\/?page_id=15056"},"modified":"2021-08-09T12:04:15","modified_gmt":"2021-08-09T10:04:15","slug":"politica-cookies","status":"publish","type":"page","link":"https:\/\/drasanvi.com\/pt\/politica-cookies\/","title":{"rendered":"Pol\u00edtica de cookies"},"content":{"rendered":"\n<p>Este web utiliza \u2018cookies\u2019 propias y de terceros para ofrecerle una mejor experiencia y servicio. Al navegar o utilizar nuestros servicios el usuario acepta el uso que hacemos de las \u2018cookies\u2019. Sin embargo, el usuario tiene la opci\u00f3n de impedir la generaci\u00f3n de \u2018cookies\u2019 y la eliminaci\u00f3n de las mismas mediante la selecci\u00f3n de la correspondiente opci\u00f3n en su navegador. En caso de bloquear el uso de \u2018cookies\u2019 en su navegador es posible que algunos servicios o funcionalidades de la p\u00e1gina web no est\u00e9n disponibles.<\/p>\n\n\n\n<h2 class=\"wp-block-heading\">\u00bfQU\u00c9 ES UNA \u2018COOKIE\u2019?<\/h2>\n\n\n\n<p>Una \u2018cookie\u2019 es un peque\u00f1o fragmento de texto que los sitios web env\u00edan al navegador y que se almacenan en el terminal del usuario, el cual puede ser un ordenador personal, un tel\u00e9fono m\u00f3vil, una tableta, etc. Estos archivos permiten que el sitio web recuerde informaci\u00f3n sobre su visita, como el idioma y las opciones preferidas, lo que puede facilitar su pr\u00f3xima visita y hacer que el sitio resulte m\u00e1s \u00fatil al personalizar su contenido. Las \u2018cookies\u2019 desempe\u00f1an un papel muy importante, al mejorar la experiencia del uso de la web.<\/p>\n\n\n\n<h2 class=\"wp-block-heading\">\u00bfC\u00d3MO SE UTILIZAN LAS \u2018COOKIES\u2019?<\/h2>\n\n\n\n<p>Al navegar por este portal web el usuario est\u00e1 aceptando que se puedan instalar \u2018cookies\u2019 en su terminal y que nos permiten conocer la siguiente informaci\u00f3n:<\/p>\n\n\n\n<ul class=\"wp-block-list\"><li>Informaci\u00f3n estad\u00edstica del uso de la web.<\/li><li>El \u2018login\u2019 del usuario para mantener la sesi\u00f3n activa en la web.<\/li><li>El formato de la web preferente en el acceso desde dispositivos m\u00f3viles.<\/li><li>Las \u00faltimas b\u00fasquedas realizadas en los servicios de la web y datos de personalizaci\u00f3n de estos servicios.<\/li><li>Informaci\u00f3n sobre los anuncios que se muestran al usuario.<\/li><li>Informaci\u00f3n de las encuestas en las que ha participado el usuario.<\/li><li>Datos de la conexi\u00f3n con las redes sociales para los usuarios que acceden con su usuario de Facebook o Twitter.<\/li><\/ul>\n\n\n\n<h2 class=\"wp-block-heading\">TIPOS DE \u2018COOKIES\u2019 UTILIZADAS;<\/h2>\n\n\n\n<p>Esta web utiliza tanto \u2018cookies\u2019 temporales de sesi\u00f3n como \u2018cookies\u2019 permanentes. Las \u2018cookies\u2019 de sesi\u00f3n almacenan datos \u00fanicamente mientras el usuario accede a la web y las \u2018cookies\u2019 permanentes almacenan los datos en el terminal para que sean accedidos y utilizados en m\u00e1s de una sesi\u00f3n.<\/p>\n\n\n\n<h2 class=\"wp-block-heading\">RELACI\u00d3N DE COOKIES UTILIZADAS POR EL DOMINIO<\/h2>\n\n\n\n<p>IDNombreServidor desde el que se env\u00edaFecha de caducidadFinalidad(1)Propia \/ terceros(3)Excluida \/ No excluida<\/p>\n\n\n\n<p>1_ga.drasanvi.comAntes de 2 a\u00f1osCookie de Google analytics, recoge el n\u00famero de visitantes de la p\u00e1gina, sesiones y campa\u00f1as para generar los informes del analytics.TercerosNo excluida<\/p>\n\n\n\n<p>2_ga.twitter.comAntes de 2 a\u00f1osCookie de Twitter, usada para generar los informes de usuarios de Twitter.TercerosNo excluida<\/p>\n\n\n\n<p>3_gat.drasanvi.com10 minutosCookie de Google analytics, mejora el rendimiento limitando la recolecci\u00f3n de datos en sitios web con gran n\u00famero de visitas.TercerosNo excluida<\/p>\n\n\n\n<p>4_gat_a.twitter.com2 minutosCookie de Twitter, usada para generar los informes de usuarios de Twitter.TercerosNo excluida<\/p>\n\n\n\n<p>5_gat_b.twitter.com2 minutosCookie de Twitter, usada para generar los informes de usuarios de Twitter.TercerosNo excluida<\/p>\n\n\n\n<p>6guest_id.twitter.com2 a\u00f1osCookie de Twitter, usada para generar los informes de usuarios de Twitter.TercerosNo excluida<\/p>\n\n\n\n<p>7pll_language.drasanvi.com1 a\u00f1oCookie destinada a resoger el idioma utilizado por el usuario.PropiaExcluida<\/p>\n\n\n\n<p>8metrics_token.syndication.twitter.com2 a\u00f1osCookie destinada a recopilar informaci\u00f3n del usuario al interactuar con los paneles o botones de Twitter.TercerosNo excluida<\/p>\n\n\n\n<p>Seg\u00fan la finalidad para la que se traten los datos obtenidos a trav\u00e9s de las \u2018cookies\u2019, la web puede utilizar:<\/p>\n\n\n\n<h2 class=\"wp-block-heading\">\u2018COOKIES\u2019 T\u00c9CNICAS<\/h2>\n\n\n\n<p>Son aqu\u00e9llas que permiten al usuario la navegaci\u00f3n a trav\u00e9s de la p\u00e1gina web o aplicaci\u00f3n y la utilizaci\u00f3n de las diferentes opciones o servicios que en ella existen. Por ejemplo, controlar el tr\u00e1fico y la comunicaci\u00f3n de datos, identificar la sesi\u00f3n, acceder a las partes web de acceso restringido, recordar los elementos que integran un pedido, realizar la solicitud de inscripci\u00f3n o participaci\u00f3n en un evento, utilizar elementos de seguridad durante la navegaci\u00f3n y almacenar contenidos para la difusi\u00f3n de videos o sonido.<\/p>\n\n\n\n<h2 class=\"wp-block-heading\">\u2018COOKIES\u2019 DE PERSONALIZACI\u00d3N<\/h2>\n\n\n\n<p>Son aqu\u00e9llas que permiten al usuario acceder al servicio con algunas caracter\u00edsticas de car\u00e1cter general predefinidas en su terminal o que el propio usuario defina. Por ejemplo, el idioma, el tipo de navegador a trav\u00e9s del cual accede al servicio, el dise\u00f1o de contenidos seleccionado, geolocalizaci\u00f3n del terminal y la configuraci\u00f3n regional desde donde se accede al servicio.<\/p>\n\n\n\n<h2 class=\"wp-block-heading\">\u2018COOKIES\u2019 PUBLICITARIAS<\/h2>\n\n\n\n<p>Son aqu\u00e9llas que permiten la gesti\u00f3n eficaz de los espacios publicitarios que se han incluido en la p\u00e1gina web o aplicaci\u00f3n desde la que se presta el servicio. Permiten adecuar el contenido de la publicidad para que esta sea relevante para el usuario y para evitar mostrar anuncios que el usuario ya haya visto.<\/p>\n\n\n\n<h2 class=\"wp-block-heading\">\u2018COOKIES\u2019 DE AN\u00c1LISIS ESTAD\u00cdSTICO<\/h2>\n\n\n\n<p>Son aqu\u00e9llas que permiten realizar el seguimiento y an\u00e1lisis del comportamiento de los usuarios en los sitios web. La informaci\u00f3n recogida mediante este tipo de \u2018cookies\u2019 se utiliza en la medici\u00f3n de la actividad de los sitios web, aplicaci\u00f3n o plataforma y para la elaboraci\u00f3n de perfiles de navegaci\u00f3n de los usuarios de dichos sitios, con el fin de introducir mejoras en el servicio en funci\u00f3n de los datos de uso que hacen los usuarios.<\/p>\n\n\n\n<h2 class=\"wp-block-heading\">\u2018COOKIES\u2019 DE TERCEROS<\/h2>\n\n\n\n<p>En algunas p\u00e1ginas web se pueden instalar \u2018cookies\u2019 de terceros que permiten gestionar y mejorar los servicios ofrecidos. Como por ejemplo, servicios estad\u00edsticos de Google Analytics y Comscore.<\/p>\n","protected":false},"excerpt":{"rendered":"<p>Este web utiliza \u2018cookies\u2019 propias y de terceros para ofrecerle una mejor experiencia y servicio. Al navegar o utilizar nuestros<\/p>\n","protected":false},"author":1,"featured_media":0,"parent":0,"menu_order":0,"comment_status":"closed","ping_status":"closed","template":"","meta":{"inline_featured_image":false,"footnotes":""},"class_list":["post-15056","page","type-page","status-publish","hentry"],"yoast_head":"<!-- This site is optimized with the Yoast SEO plugin v27.5 - https:\/\/yoast.com\/product\/yoast-seo-wordpress\/ -->\n<title>Pol\u00edtica de cookies - Drasanvi Portugal<\/title>\n<meta name=\"robots\" content=\"noindex, follow\" \/>\n<meta property=\"og:locale\" content=\"pt_PT\" \/>\n<meta property=\"og:type\" content=\"article\" \/>\n<meta property=\"og:title\" content=\"Pol\u00edtica de cookies - Drasanvi Portugal\" \/>\n<meta property=\"og:description\" content=\"Este web utiliza \u2018cookies\u2019 propias y de terceros para ofrecerle una mejor experiencia y servicio. Al navegar o utilizar nuestros\" \/>\n<meta property=\"og:url\" content=\"https:\/\/drasanvi.com\/pt\/politica-cookies\/\" \/>\n<meta property=\"og:site_name\" content=\"Drasanvi Portugal\" \/>\n<meta property=\"article:modified_time\" content=\"2021-08-09T10:04:15+00:00\" \/>\n<meta name=\"twitter:card\" content=\"summary_large_image\" \/>\n<script type=\"application\/ld+json\" class=\"yoast-schema-graph\">{\"@context\":\"https:\\\/\\\/schema.org\",\"@graph\":[{\"@type\":\"WebPage\",\"@id\":\"https:\\\/\\\/drasanvi.com\\\/pt\\\/politica-cookies\\\/\",\"url\":\"https:\\\/\\\/drasanvi.com\\\/pt\\\/politica-cookies\\\/\",\"name\":\"Pol\u00edtica de cookies - Drasanvi Portugal\",\"isPartOf\":{\"@id\":\"https:\\\/\\\/drasanvi.com\\\/pt\\\/#website\"},\"datePublished\":\"2021-08-09T10:04:13+00:00\",\"dateModified\":\"2021-08-09T10:04:15+00:00\",\"breadcrumb\":{\"@id\":\"https:\\\/\\\/drasanvi.com\\\/pt\\\/politica-cookies\\\/#breadcrumb\"},\"inLanguage\":\"pt-PT\",\"potentialAction\":[{\"@type\":\"ReadAction\",\"target\":[\"https:\\\/\\\/drasanvi.com\\\/pt\\\/politica-cookies\\\/\"]}]},{\"@type\":\"BreadcrumbList\",\"@id\":\"https:\\\/\\\/drasanvi.com\\\/pt\\\/politica-cookies\\\/#breadcrumb\",\"itemListElement\":[{\"@type\":\"ListItem\",\"position\":1,\"name\":\"Portada\",\"item\":\"https:\\\/\\\/drasanvi.com\\\/pt\\\/\"},{\"@type\":\"ListItem\",\"position\":2,\"name\":\"Pol\u00edtica de cookies\"}]},{\"@type\":\"WebSite\",\"@id\":\"https:\\\/\\\/drasanvi.com\\\/pt\\\/#website\",\"url\":\"https:\\\/\\\/drasanvi.com\\\/pt\\\/\",\"name\":\"Drasanvi Portugal\",\"description\":\"L\u00edder en complementos alimenticios y cosm\u00e9tica natural.\",\"publisher\":{\"@id\":\"https:\\\/\\\/drasanvi.com\\\/pt\\\/#organization\"},\"potentialAction\":[{\"@type\":\"SearchAction\",\"target\":{\"@type\":\"EntryPoint\",\"urlTemplate\":\"https:\\\/\\\/drasanvi.com\\\/pt\\\/?s={search_term_string}\"},\"query-input\":{\"@type\":\"PropertyValueSpecification\",\"valueRequired\":true,\"valueName\":\"search_term_string\"}}],\"inLanguage\":\"pt-PT\"},{\"@type\":\"Organization\",\"@id\":\"https:\\\/\\\/drasanvi.com\\\/pt\\\/#organization\",\"name\":\"Drasanvi\",\"url\":\"https:\\\/\\\/drasanvi.com\\\/pt\\\/\",\"logo\":{\"@type\":\"ImageObject\",\"inLanguage\":\"pt-PT\",\"@id\":\"https:\\\/\\\/drasanvi.com\\\/pt\\\/#\\\/schema\\\/logo\\\/image\\\/\",\"url\":\"https:\\\/\\\/drasanvi.com\\\/wp-content\\\/uploads\\\/sites\\\/6\\\/2021\\\/07\\\/logo-drasanvi.png\",\"contentUrl\":\"https:\\\/\\\/drasanvi.com\\\/wp-content\\\/uploads\\\/sites\\\/6\\\/2021\\\/07\\\/logo-drasanvi.png\",\"width\":900,\"height\":300,\"caption\":\"Drasanvi\"},\"image\":{\"@id\":\"https:\\\/\\\/drasanvi.com\\\/pt\\\/#\\\/schema\\\/logo\\\/image\\\/\"}}]}<\/script>\n<!-- \/ Yoast SEO plugin. -->","yoast_head_json":{"title":"Pol\u00edtica de cookies - Drasanvi Portugal","robots":{"index":"noindex","follow":"follow"},"og_locale":"pt_PT","og_type":"article","og_title":"Pol\u00edtica de cookies - Drasanvi Portugal","og_description":"Este web utiliza \u2018cookies\u2019 propias y de terceros para ofrecerle una mejor experiencia y servicio. Al navegar o utilizar nuestros","og_url":"https:\/\/drasanvi.com\/pt\/politica-cookies\/","og_site_name":"Drasanvi Portugal","article_modified_time":"2021-08-09T10:04:15+00:00","twitter_card":"summary_large_image","schema":{"@context":"https:\/\/schema.org","@graph":[{"@type":"WebPage","@id":"https:\/\/drasanvi.com\/pt\/politica-cookies\/","url":"https:\/\/drasanvi.com\/pt\/politica-cookies\/","name":"Pol\u00edtica de cookies - Drasanvi Portugal","isPartOf":{"@id":"https:\/\/drasanvi.com\/pt\/#website"},"datePublished":"2021-08-09T10:04:13+00:00","dateModified":"2021-08-09T10:04:15+00:00","breadcrumb":{"@id":"https:\/\/drasanvi.com\/pt\/politica-cookies\/#breadcrumb"},"inLanguage":"pt-PT","potentialAction":[{"@type":"ReadAction","target":["https:\/\/drasanvi.com\/pt\/politica-cookies\/"]}]},{"@type":"BreadcrumbList","@id":"https:\/\/drasanvi.com\/pt\/politica-cookies\/#breadcrumb","itemListElement":[{"@type":"ListItem","position":1,"name":"Portada","item":"https:\/\/drasanvi.com\/pt\/"},{"@type":"ListItem","position":2,"name":"Pol\u00edtica de cookies"}]},{"@type":"WebSite","@id":"https:\/\/drasanvi.com\/pt\/#website","url":"https:\/\/drasanvi.com\/pt\/","name":"Drasanvi Portugal","description":"L\u00edder en complementos alimenticios y cosm\u00e9tica natural.","publisher":{"@id":"https:\/\/drasanvi.com\/pt\/#organization"},"potentialAction":[{"@type":"SearchAction","target":{"@type":"EntryPoint","urlTemplate":"https:\/\/drasanvi.com\/pt\/?s={search_term_string}"},"query-input":{"@type":"PropertyValueSpecification","valueRequired":true,"valueName":"search_term_string"}}],"inLanguage":"pt-PT"},{"@type":"Organization","@id":"https:\/\/drasanvi.com\/pt\/#organization","name":"Drasanvi","url":"https:\/\/drasanvi.com\/pt\/","logo":{"@type":"ImageObject","inLanguage":"pt-PT","@id":"https:\/\/drasanvi.com\/pt\/#\/schema\/logo\/image\/","url":"https:\/\/drasanvi.com\/wp-content\/uploads\/sites\/6\/2021\/07\/logo-drasanvi.png","contentUrl":"https:\/\/drasanvi.com\/wp-content\/uploads\/sites\/6\/2021\/07\/logo-drasanvi.png","width":900,"height":300,"caption":"Drasanvi"},"image":{"@id":"https:\/\/drasanvi.com\/pt\/#\/schema\/logo\/image\/"}}]}},"_links":{"self":[{"href":"https:\/\/drasanvi.com\/pt\/wp-json\/wp\/v2\/pages\/15056","targetHints":{"allow":["GET"]}}],"collection":[{"href":"https:\/\/drasanvi.com\/pt\/wp-json\/wp\/v2\/pages"}],"about":[{"href":"https:\/\/drasanvi.com\/pt\/wp-json\/wp\/v2\/types\/page"}],"author":[{"embeddable":true,"href":"https:\/\/drasanvi.com\/pt\/wp-json\/wp\/v2\/users\/1"}],"replies":[{"embeddable":true,"href":"https:\/\/drasanvi.com\/pt\/wp-json\/wp\/v2\/comments?post=15056"}],"version-history":[{"count":0,"href":"https:\/\/drasanvi.com\/pt\/wp-json\/wp\/v2\/pages\/15056\/revisions"}],"wp:attachment":[{"href":"https:\/\/drasanvi.com\/pt\/wp-json\/wp\/v2\/media?parent=15056"}],"curies":[{"name":"wp","href":"https:\/\/api.w.org\/{rel}","templated":true}]}}