{"id":15054,"date":"2021-08-09T12:03:15","date_gmt":"2021-08-09T10:03:15","guid":{"rendered":"https:\/\/drasanvi.com\/pt\/?page_id=15054"},"modified":"2021-08-09T12:05:16","modified_gmt":"2021-08-09T10:05:16","slug":"condiciones-uso","status":"publish","type":"page","link":"https:\/\/drasanvi.com\/pt\/condiciones-uso\/","title":{"rendered":"Condiciones de uso"},"content":{"rendered":"\n<p>Las presentes condiciones generales rigen, \u00fanica y exclusivamente, el uso de la Web propiedad de Drasanvi S.L. por parte de los USUARIOS que accedan a la misma.<br>Las presentes condiciones generales se le exponen al USUARIO en la Web en todas y cada una de las p\u00e1ginas y cada vez que un USUARIO introduce sus datos en los formularios existentes, para que las lea, las imprima, archive y acepte a trav\u00e9s de internet, no pudiendo el USUARIO introducir sus datos efectivamente sin que se haya producido esta aceptaci\u00f3n.<br>El acceso a la Web de Drasanvi.com implica sin reservas la aceptaci\u00f3n de las presentes condiciones generales de uso que el USUARIO afirma comprender en su totalidad. El USUARIO se compromete a no utilizar la Web y los servicios que se ofrecen en la misma para la realizaci\u00f3n de actividades contrarias a la ley y a respetar en todo momento las presentes condiciones generales:<\/p>\n\n\n\n<h2 class=\"wp-block-heading\"><br>PRIMERA .- CONDICIONES DE ACCESO Y USO:<\/h2>\n\n\n\n<p>1.1 .- La utilizaci\u00f3n de la Web de Drasanvi.com no conlleva la obligatoriedad de inscripci\u00f3n del USUARIO, salvo si este USUARIO desea aparecer en la base de datos perteneciente a Drasanvi S.L., para lo que ser\u00e1 preciso que se registre cubriendo un formulario b\u00e1sico. Esta suscripci\u00f3n se regir\u00e1 por las condiciones generales espec\u00edficas.<br>Las condiciones de acceso y uso de la Web se rigen estrictamente por la legalidad vigente y por el principio de buena fe, comprometi\u00e9ndose el USUARIO a realizar un buen uso de la misma. Quedan prohibidos todos los actos que vulneren la legalidad, derechos o intereses de terceros: derecho a la intimidad, protecci\u00f3n de datos, propiedad intelectual, etc. Expresamente Drasanvi S.L. proh\u00edbe los siguientes:<br>1.1.1 .- Realizar acciones que puedan producir en la Web o a trav\u00e9s de la misma por cualquier medio cualquier tipo de da\u00f1o a los sistemas de Drasanvi S.L. o a terceros.1.1.2 .- Realizar sin la debida autorizaci\u00f3n cualquier tipo de publicidad o informaci\u00f3n comercial directamente o de forma encubierta, el env\u00edo de correos masivos (\u00abspaming\u00bb) o env\u00edo de grandes mensajes con el fin de bloquear servidores de la red (\u00abmail bombing\u00bb).1.2 .- Drasanvi S.L. podr\u00e1 interrumpir en cualquier momento el acceso a la Web si detecta un uso contrario a la legalidad, la buena fe o a las presentes condiciones generales (ver cl\u00e1usula quinta).<\/p>\n\n\n\n<h2 class=\"wp-block-heading\">SEGUNDA .- CONTENIDOS:<\/h2>\n\n\n\n<p>Los contenidos incorporados en la Web han sido elaborados e incluidos por:<br>2.1 .- Drasanvi S.L. utilizando fuentes internas y externas, de tal modo que Drasanvi S.L. \u00fanicamente se hace responsable por los contenidos elaborados de forma interna.<br>2.2 .- Terceros ajenos a Drasanvi S.L. bien mediante colaboraciones directas en la Web o bien presentes a trav\u00e9s de hiperenlaces o links a otros sitios web o a noticias de otros sitios de los que no es titular Drasanvi S.L. En ning\u00fan caso ser\u00e1 responsable de los contenidos as\u00ed introducidos y no garantiza el correcto funcionamiento de todos estos links o hiperenlaces.El USUARIO que desee establecer un hiperenlace en su sitio web a la Drasanvi.com, no realizar\u00e1 un uso ilegal o contrario a la buena fe de las informaciones puestas a disposici\u00f3n en el referido sitio web.<br>2.3 .- Drasanvi S.L. se reserva el derecho a modificar en cualquier momento los contenidos existentes en la Web.<\/p>\n\n\n\n<h2 class=\"wp-block-heading\">TERCERA .- DERECHOS DE AUTOR Y MARCA:<\/h2>\n\n\n\n<p>Drasanvi S.L. informa que el sitio web Drasanvi.com, los contenidos propios, la programaci\u00f3n y el dise\u00f1o del sitio web se encuentran plenamente protegidos por los derechos de autor, quedando expresamente prohibida toda reproducci\u00f3n, comunicaci\u00f3n, distribuci\u00f3n y transformaci\u00f3n de los referidos elementos protegidos salvo consentimiento expreso de Drasanvi S.L.<br>Drasanvi S.L. utiliza fuentes externas para la elaboraci\u00f3n de sus contenidos en determinadas ocasiones y tambi\u00e9n establece links o hiperenlaces a art\u00edculos o informaciones de terceros citando siempre la fuente. El leg\u00edtimo titular de los derechos de autor de estas informaciones as\u00ed incluidas podr\u00e1 solicitar en cualquier momento la eliminaci\u00f3n de las referidas referencias.<\/p>\n\n\n\n<h2 class=\"wp-block-heading\">CUARTA .- JURISDICCI\u00d3N Y LEY APLICABLE:<\/h2>\n\n\n\n<p>Las presentes condiciones generales se rigen por la legislaci\u00f3n espa\u00f1ola. Estas Condiciones Generales se rigen por la ley espa\u00f1ola. \u00abLas partes se someten, a su elecci\u00f3n, para la resoluci\u00f3n de los conflictos y con renuncia a cualquier otro fuero, a los juzgados y tribunales del domicilio del usuario. Asimismo, como entidad adherida a CONFIANZA ONLINE y en los t\u00e9rminos de su C\u00f3digo \u00c9tico, en caso de controversias relativas a la contrataci\u00f3n y publicidad online, protecci\u00f3n de datos y protecci\u00f3n de menores, el usuario podr\u00e1 acudir al sistema de resoluci\u00f3n extrajudicial de controversias de CONFIANZA ONLINE (www.confianzaonline.es)\u00bb.<\/p>\n\n\n\n<h2 class=\"wp-block-heading\">QUINTA:<\/h2>\n\n\n\n<p>En caso de que cualquier cl\u00e1usula del presente documento sea declarada nula, las dem\u00e1s cl\u00e1usulas seguir\u00e1n vigentes y se interpretar\u00e1n teniendo en cuenta la voluntad de las partes y la finalidad misma de las presentes condiciones. Drasanvi S.L. podr\u00e1 no ejercitar alguno de los derechos y facultad<\/p>\n","protected":false},"excerpt":{"rendered":"<p>Las presentes condiciones generales rigen, \u00fanica y exclusivamente, el uso de la Web propiedad de Drasanvi S.L. por parte de<\/p>\n","protected":false},"author":1,"featured_media":0,"parent":0,"menu_order":0,"comment_status":"closed","ping_status":"closed","template":"","meta":{"inline_featured_image":false,"footnotes":""},"class_list":["post-15054","page","type-page","status-publish","hentry"],"yoast_head":"<!-- This site is optimized with the Yoast SEO plugin v27.5 - https:\/\/yoast.com\/product\/yoast-seo-wordpress\/ -->\n<title>Condiciones de uso - Drasanvi Portugal<\/title>\n<meta name=\"robots\" content=\"noindex, follow\" \/>\n<meta property=\"og:locale\" content=\"pt_PT\" \/>\n<meta property=\"og:type\" content=\"article\" \/>\n<meta property=\"og:title\" content=\"Condiciones de uso - Drasanvi Portugal\" \/>\n<meta property=\"og:description\" content=\"Las presentes condiciones generales rigen, \u00fanica y exclusivamente, el uso de la Web propiedad de Drasanvi S.L. por parte de\" \/>\n<meta property=\"og:url\" content=\"https:\/\/drasanvi.com\/pt\/condiciones-uso\/\" \/>\n<meta property=\"og:site_name\" content=\"Drasanvi Portugal\" \/>\n<meta property=\"article:modified_time\" content=\"2021-08-09T10:05:16+00:00\" \/>\n<meta name=\"twitter:card\" content=\"summary_large_image\" \/>\n<script type=\"application\/ld+json\" class=\"yoast-schema-graph\">{\"@context\":\"https:\\\/\\\/schema.org\",\"@graph\":[{\"@type\":\"WebPage\",\"@id\":\"https:\\\/\\\/drasanvi.com\\\/pt\\\/condiciones-uso\\\/\",\"url\":\"https:\\\/\\\/drasanvi.com\\\/pt\\\/condiciones-uso\\\/\",\"name\":\"Condiciones de uso - Drasanvi Portugal\",\"isPartOf\":{\"@id\":\"https:\\\/\\\/drasanvi.com\\\/pt\\\/#website\"},\"datePublished\":\"2021-08-09T10:03:15+00:00\",\"dateModified\":\"2021-08-09T10:05:16+00:00\",\"breadcrumb\":{\"@id\":\"https:\\\/\\\/drasanvi.com\\\/pt\\\/condiciones-uso\\\/#breadcrumb\"},\"inLanguage\":\"pt-PT\",\"potentialAction\":[{\"@type\":\"ReadAction\",\"target\":[\"https:\\\/\\\/drasanvi.com\\\/pt\\\/condiciones-uso\\\/\"]}]},{\"@type\":\"BreadcrumbList\",\"@id\":\"https:\\\/\\\/drasanvi.com\\\/pt\\\/condiciones-uso\\\/#breadcrumb\",\"itemListElement\":[{\"@type\":\"ListItem\",\"position\":1,\"name\":\"Portada\",\"item\":\"https:\\\/\\\/drasanvi.com\\\/pt\\\/\"},{\"@type\":\"ListItem\",\"position\":2,\"name\":\"Condiciones de uso\"}]},{\"@type\":\"WebSite\",\"@id\":\"https:\\\/\\\/drasanvi.com\\\/pt\\\/#website\",\"url\":\"https:\\\/\\\/drasanvi.com\\\/pt\\\/\",\"name\":\"Drasanvi Portugal\",\"description\":\"L\u00edder en complementos alimenticios y cosm\u00e9tica natural.\",\"publisher\":{\"@id\":\"https:\\\/\\\/drasanvi.com\\\/pt\\\/#organization\"},\"potentialAction\":[{\"@type\":\"SearchAction\",\"target\":{\"@type\":\"EntryPoint\",\"urlTemplate\":\"https:\\\/\\\/drasanvi.com\\\/pt\\\/?s={search_term_string}\"},\"query-input\":{\"@type\":\"PropertyValueSpecification\",\"valueRequired\":true,\"valueName\":\"search_term_string\"}}],\"inLanguage\":\"pt-PT\"},{\"@type\":\"Organization\",\"@id\":\"https:\\\/\\\/drasanvi.com\\\/pt\\\/#organization\",\"name\":\"Drasanvi\",\"url\":\"https:\\\/\\\/drasanvi.com\\\/pt\\\/\",\"logo\":{\"@type\":\"ImageObject\",\"inLanguage\":\"pt-PT\",\"@id\":\"https:\\\/\\\/drasanvi.com\\\/pt\\\/#\\\/schema\\\/logo\\\/image\\\/\",\"url\":\"https:\\\/\\\/drasanvi.com\\\/wp-content\\\/uploads\\\/sites\\\/6\\\/2021\\\/07\\\/logo-drasanvi.png\",\"contentUrl\":\"https:\\\/\\\/drasanvi.com\\\/wp-content\\\/uploads\\\/sites\\\/6\\\/2021\\\/07\\\/logo-drasanvi.png\",\"width\":900,\"height\":300,\"caption\":\"Drasanvi\"},\"image\":{\"@id\":\"https:\\\/\\\/drasanvi.com\\\/pt\\\/#\\\/schema\\\/logo\\\/image\\\/\"}}]}<\/script>\n<!-- \/ Yoast SEO plugin. -->","yoast_head_json":{"title":"Condiciones de uso - Drasanvi Portugal","robots":{"index":"noindex","follow":"follow"},"og_locale":"pt_PT","og_type":"article","og_title":"Condiciones de uso - Drasanvi Portugal","og_description":"Las presentes condiciones generales rigen, \u00fanica y exclusivamente, el uso de la Web propiedad de Drasanvi S.L. por parte de","og_url":"https:\/\/drasanvi.com\/pt\/condiciones-uso\/","og_site_name":"Drasanvi Portugal","article_modified_time":"2021-08-09T10:05:16+00:00","twitter_card":"summary_large_image","schema":{"@context":"https:\/\/schema.org","@graph":[{"@type":"WebPage","@id":"https:\/\/drasanvi.com\/pt\/condiciones-uso\/","url":"https:\/\/drasanvi.com\/pt\/condiciones-uso\/","name":"Condiciones de uso - Drasanvi Portugal","isPartOf":{"@id":"https:\/\/drasanvi.com\/pt\/#website"},"datePublished":"2021-08-09T10:03:15+00:00","dateModified":"2021-08-09T10:05:16+00:00","breadcrumb":{"@id":"https:\/\/drasanvi.com\/pt\/condiciones-uso\/#breadcrumb"},"inLanguage":"pt-PT","potentialAction":[{"@type":"ReadAction","target":["https:\/\/drasanvi.com\/pt\/condiciones-uso\/"]}]},{"@type":"BreadcrumbList","@id":"https:\/\/drasanvi.com\/pt\/condiciones-uso\/#breadcrumb","itemListElement":[{"@type":"ListItem","position":1,"name":"Portada","item":"https:\/\/drasanvi.com\/pt\/"},{"@type":"ListItem","position":2,"name":"Condiciones de uso"}]},{"@type":"WebSite","@id":"https:\/\/drasanvi.com\/pt\/#website","url":"https:\/\/drasanvi.com\/pt\/","name":"Drasanvi Portugal","description":"L\u00edder en complementos alimenticios y cosm\u00e9tica natural.","publisher":{"@id":"https:\/\/drasanvi.com\/pt\/#organization"},"potentialAction":[{"@type":"SearchAction","target":{"@type":"EntryPoint","urlTemplate":"https:\/\/drasanvi.com\/pt\/?s={search_term_string}"},"query-input":{"@type":"PropertyValueSpecification","valueRequired":true,"valueName":"search_term_string"}}],"inLanguage":"pt-PT"},{"@type":"Organization","@id":"https:\/\/drasanvi.com\/pt\/#organization","name":"Drasanvi","url":"https:\/\/drasanvi.com\/pt\/","logo":{"@type":"ImageObject","inLanguage":"pt-PT","@id":"https:\/\/drasanvi.com\/pt\/#\/schema\/logo\/image\/","url":"https:\/\/drasanvi.com\/wp-content\/uploads\/sites\/6\/2021\/07\/logo-drasanvi.png","contentUrl":"https:\/\/drasanvi.com\/wp-content\/uploads\/sites\/6\/2021\/07\/logo-drasanvi.png","width":900,"height":300,"caption":"Drasanvi"},"image":{"@id":"https:\/\/drasanvi.com\/pt\/#\/schema\/logo\/image\/"}}]}},"_links":{"self":[{"href":"https:\/\/drasanvi.com\/pt\/wp-json\/wp\/v2\/pages\/15054","targetHints":{"allow":["GET"]}}],"collection":[{"href":"https:\/\/drasanvi.com\/pt\/wp-json\/wp\/v2\/pages"}],"about":[{"href":"https:\/\/drasanvi.com\/pt\/wp-json\/wp\/v2\/types\/page"}],"author":[{"embeddable":true,"href":"https:\/\/drasanvi.com\/pt\/wp-json\/wp\/v2\/users\/1"}],"replies":[{"embeddable":true,"href":"https:\/\/drasanvi.com\/pt\/wp-json\/wp\/v2\/comments?post=15054"}],"version-history":[{"count":0,"href":"https:\/\/drasanvi.com\/pt\/wp-json\/wp\/v2\/pages\/15054\/revisions"}],"wp:attachment":[{"href":"https:\/\/drasanvi.com\/pt\/wp-json\/wp\/v2\/media?parent=15054"}],"curies":[{"name":"wp","href":"https:\/\/api.w.org\/{rel}","templated":true}]}}