{"id":24332,"date":"2025-10-07T13:00:04","date_gmt":"2025-10-07T11:00:04","guid":{"rendered":"https:\/\/drasanvi.com\/pe\/?post_type=product&#038;p=24332"},"modified":"2025-10-08T01:00:04","modified_gmt":"2025-10-07T23:00:04","slug":"gel-aloe-vera-200-ml-drasanvi","status":"publish","type":"product","link":"https:\/\/drasanvi.com\/pe\/producto\/gel-aloe-vera-200-ml-drasanvi\/","title":{"rendered":"Gel Aloe Vera 200 ml Drasanvi"},"content":{"rendered":"<p>El gel de Aloe Vera esta enriquecido con Aceite del &Aacute;rbol del T&eacute;, convirti&eacute;ndolo en un producto excelente para utilizar despu&eacute;s de agresiones externas: exposici&oacute;n al sol, fr&iacute;o, tras el afeitado o depilaci&oacute;n o como bals&aacute;mico para zonas irritadas y enrojecidas&hellip;<\/p>\n<h2>Ingredientes<\/h2>\n<p><em>Aloe barbadensis<\/em>&nbsp;leaf juice, glycerin, propylene glycol, triethanolamine, peg-40 hydrogenated castor oil, carbomer, phenylpropanol, citric acid, tocopheryl acetate, propanediol, caprylyl glycol, M<em>elaleuca alternifolia<\/em>&nbsp;(tea tree) leaf oil, tocopherol, sodium benzoate, potassium sorbate.<\/p>\n<h2>Modo de uso<\/h2>\n<p>Aplicar, directamente, sobre la piel limpia, acompa&ntilde;arla de un ligero masaje hasta su total absorci&oacute;n.<\/p>\n<h2>Presentaci\u00f3n<\/h2>\n<p>Envase de 200 ml (7 fl oz)<\/p>\n<h2>Advertencias<\/h2>\n<p>Gel de Aloe Vera de primera calidad, con gran aporte en polisac&aacute;ridos, enzimas y oligoelementos. Sus propiedades y su modo de recolecci&oacute;n nos permiten cumplir con los est&aacute;ndares establecidos por el IASC (Consejo Cient&iacute;fico Internacional del Aloe). Adem&aacute;s est&aacute; enriquecido con aceite del &aacute;rbol del t&eacute;, obtenido por arrastre de vapor de agua y con gran aporte en terpenos. 0% perfumes, parabenos y colorantes artificiales.&nbsp;<\/p>\n<h2>Valores nutricionales<\/h2>\n","protected":false},"excerpt":{"rendered":"<p>El gel de Aloe Vera esta enriquecido con Aceite del &Aacute;rbol del T&eacute;, convirti&eacute;ndolo en un producto excelente para utilizar despu&eacute;s de agresiones externas: exposici&oacute;n al sol, fr&iacute;o, tras el afeitado o depilaci&oacute;n o como bals&aacute;mico para zonas irritadas y enrojecidas&hellip;<\/p>\n<p><a id=\"boton-ficha\" href=\"https:\/\/panel.drasanvi.com\/fichas\/9\/032060034\">Ficha t\u00e9cnica<\/a><\/p>\n","protected":false},"featured_media":0,"template":"","meta":{"inline_featured_image":false},"product_cat":[87],"product_tag":[],"class_list":["post-24332","product","type-product","status-publish","hentry","product_cat-acido-urico"],"yoast_head":"<!-- This site is optimized with the Yoast SEO plugin v27.4 - https:\/\/yoast.com\/product\/yoast-seo-wordpress\/ -->\n<title>Gel Aloe Vera 200 ml Drasanvi - Drasanvi Per\u00fa<\/title>\n<meta name=\"robots\" content=\"index, follow, max-snippet:-1, max-image-preview:large, max-video-preview:-1\" \/>\n<link rel=\"canonical\" href=\"https:\/\/drasanvi.com\/pe\/producto\/gel-aloe-vera-200-ml-drasanvi\/\" \/>\n<meta property=\"og:locale\" content=\"es_ES\" \/>\n<meta property=\"og:type\" content=\"article\" \/>\n<meta property=\"og:title\" content=\"Gel Aloe Vera 200 ml Drasanvi - Drasanvi Per\u00fa\" \/>\n<meta property=\"og:description\" content=\"El gel de Aloe Vera esta enriquecido con Aceite del &Aacute;rbol del T&eacute;, convirti&eacute;ndolo en un producto excelente para utilizar despu&eacute;s de agresiones externas: exposici&oacute;n al sol, fr&iacute;o, tras el afeitado o depilaci&oacute;n o como bals&aacute;mico para zonas irritadas y enrojecidas&hellip;Ficha t\u00e9cnica\" \/>\n<meta property=\"og:url\" content=\"https:\/\/drasanvi.com\/pe\/producto\/gel-aloe-vera-200-ml-drasanvi\/\" \/>\n<meta property=\"og:site_name\" content=\"Drasanvi Per\u00fa\" \/>\n<meta property=\"article:modified_time\" content=\"2025-10-07T23:00:04+00:00\" \/>\n<meta name=\"twitter:card\" content=\"summary_large_image\" \/>\n<script type=\"application\/ld+json\" class=\"yoast-schema-graph\">{\"@context\":\"https:\\\/\\\/schema.org\",\"@graph\":[{\"@type\":\"WebPage\",\"@id\":\"https:\\\/\\\/drasanvi.com\\\/pe\\\/producto\\\/gel-aloe-vera-200-ml-drasanvi\\\/\",\"url\":\"https:\\\/\\\/drasanvi.com\\\/pe\\\/producto\\\/gel-aloe-vera-200-ml-drasanvi\\\/\",\"name\":\"Gel Aloe Vera 200 ml Drasanvi - Drasanvi Per\u00fa\",\"isPartOf\":{\"@id\":\"https:\\\/\\\/drasanvi.com\\\/pe\\\/#website\"},\"datePublished\":\"2025-10-07T11:00:04+00:00\",\"dateModified\":\"2025-10-07T23:00:04+00:00\",\"breadcrumb\":{\"@id\":\"https:\\\/\\\/drasanvi.com\\\/pe\\\/producto\\\/gel-aloe-vera-200-ml-drasanvi\\\/#breadcrumb\"},\"inLanguage\":\"es\",\"potentialAction\":[{\"@type\":\"ReadAction\",\"target\":[\"https:\\\/\\\/drasanvi.com\\\/pe\\\/producto\\\/gel-aloe-vera-200-ml-drasanvi\\\/\"]}]},{\"@type\":\"BreadcrumbList\",\"@id\":\"https:\\\/\\\/drasanvi.com\\\/pe\\\/producto\\\/gel-aloe-vera-200-ml-drasanvi\\\/#breadcrumb\",\"itemListElement\":[{\"@type\":\"ListItem\",\"position\":1,\"name\":\"Portada\",\"item\":\"https:\\\/\\\/drasanvi.com\\\/pe\\\/\"},{\"@type\":\"ListItem\",\"position\":2,\"name\":\"Tienda\",\"item\":\"https:\\\/\\\/drasanvi.com\\\/pe\\\/tienda\\\/\"},{\"@type\":\"ListItem\",\"position\":3,\"name\":\"Gel Aloe Vera 200 ml Drasanvi\"}]},{\"@type\":\"WebSite\",\"@id\":\"https:\\\/\\\/drasanvi.com\\\/pe\\\/#website\",\"url\":\"https:\\\/\\\/drasanvi.com\\\/pe\\\/\",\"name\":\"Drasanvi Per\u00fa\",\"description\":\"L\u00edder en complementos alimenticios y cosm\u00e9tica natural.\",\"publisher\":{\"@id\":\"https:\\\/\\\/drasanvi.com\\\/pe\\\/#organization\"},\"potentialAction\":[{\"@type\":\"SearchAction\",\"target\":{\"@type\":\"EntryPoint\",\"urlTemplate\":\"https:\\\/\\\/drasanvi.com\\\/pe\\\/?s={search_term_string}\"},\"query-input\":{\"@type\":\"PropertyValueSpecification\",\"valueRequired\":true,\"valueName\":\"search_term_string\"}}],\"inLanguage\":\"es\"},{\"@type\":\"Organization\",\"@id\":\"https:\\\/\\\/drasanvi.com\\\/pe\\\/#organization\",\"name\":\"Drasanvi\",\"url\":\"https:\\\/\\\/drasanvi.com\\\/pe\\\/\",\"logo\":{\"@type\":\"ImageObject\",\"inLanguage\":\"es\",\"@id\":\"https:\\\/\\\/drasanvi.com\\\/pe\\\/#\\\/schema\\\/logo\\\/image\\\/\",\"url\":\"https:\\\/\\\/drasanvi.com\\\/wp-content\\\/uploads\\\/sites\\\/5\\\/2021\\\/07\\\/logo-drasanvi.png\",\"contentUrl\":\"https:\\\/\\\/drasanvi.com\\\/wp-content\\\/uploads\\\/sites\\\/5\\\/2021\\\/07\\\/logo-drasanvi.png\",\"width\":900,\"height\":300,\"caption\":\"Drasanvi\"},\"image\":{\"@id\":\"https:\\\/\\\/drasanvi.com\\\/pe\\\/#\\\/schema\\\/logo\\\/image\\\/\"}}]}<\/script>\n<!-- \/ Yoast SEO plugin. -->","yoast_head_json":{"title":"Gel Aloe Vera 200 ml Drasanvi - Drasanvi Per\u00fa","robots":{"index":"index","follow":"follow","max-snippet":"max-snippet:-1","max-image-preview":"max-image-preview:large","max-video-preview":"max-video-preview:-1"},"canonical":"https:\/\/drasanvi.com\/pe\/producto\/gel-aloe-vera-200-ml-drasanvi\/","og_locale":"es_ES","og_type":"article","og_title":"Gel Aloe Vera 200 ml Drasanvi - Drasanvi Per\u00fa","og_description":"El gel de Aloe Vera esta enriquecido con Aceite del &Aacute;rbol del T&eacute;, convirti&eacute;ndolo en un producto excelente para utilizar despu&eacute;s de agresiones externas: exposici&oacute;n al sol, fr&iacute;o, tras el afeitado o depilaci&oacute;n o como bals&aacute;mico para zonas irritadas y enrojecidas&hellip;Ficha t\u00e9cnica","og_url":"https:\/\/drasanvi.com\/pe\/producto\/gel-aloe-vera-200-ml-drasanvi\/","og_site_name":"Drasanvi Per\u00fa","article_modified_time":"2025-10-07T23:00:04+00:00","twitter_card":"summary_large_image","schema":{"@context":"https:\/\/schema.org","@graph":[{"@type":"WebPage","@id":"https:\/\/drasanvi.com\/pe\/producto\/gel-aloe-vera-200-ml-drasanvi\/","url":"https:\/\/drasanvi.com\/pe\/producto\/gel-aloe-vera-200-ml-drasanvi\/","name":"Gel Aloe Vera 200 ml Drasanvi - Drasanvi Per\u00fa","isPartOf":{"@id":"https:\/\/drasanvi.com\/pe\/#website"},"datePublished":"2025-10-07T11:00:04+00:00","dateModified":"2025-10-07T23:00:04+00:00","breadcrumb":{"@id":"https:\/\/drasanvi.com\/pe\/producto\/gel-aloe-vera-200-ml-drasanvi\/#breadcrumb"},"inLanguage":"es","potentialAction":[{"@type":"ReadAction","target":["https:\/\/drasanvi.com\/pe\/producto\/gel-aloe-vera-200-ml-drasanvi\/"]}]},{"@type":"BreadcrumbList","@id":"https:\/\/drasanvi.com\/pe\/producto\/gel-aloe-vera-200-ml-drasanvi\/#breadcrumb","itemListElement":[{"@type":"ListItem","position":1,"name":"Portada","item":"https:\/\/drasanvi.com\/pe\/"},{"@type":"ListItem","position":2,"name":"Tienda","item":"https:\/\/drasanvi.com\/pe\/tienda\/"},{"@type":"ListItem","position":3,"name":"Gel Aloe Vera 200 ml Drasanvi"}]},{"@type":"WebSite","@id":"https:\/\/drasanvi.com\/pe\/#website","url":"https:\/\/drasanvi.com\/pe\/","name":"Drasanvi Per\u00fa","description":"L\u00edder en complementos alimenticios y cosm\u00e9tica natural.","publisher":{"@id":"https:\/\/drasanvi.com\/pe\/#organization"},"potentialAction":[{"@type":"SearchAction","target":{"@type":"EntryPoint","urlTemplate":"https:\/\/drasanvi.com\/pe\/?s={search_term_string}"},"query-input":{"@type":"PropertyValueSpecification","valueRequired":true,"valueName":"search_term_string"}}],"inLanguage":"es"},{"@type":"Organization","@id":"https:\/\/drasanvi.com\/pe\/#organization","name":"Drasanvi","url":"https:\/\/drasanvi.com\/pe\/","logo":{"@type":"ImageObject","inLanguage":"es","@id":"https:\/\/drasanvi.com\/pe\/#\/schema\/logo\/image\/","url":"https:\/\/drasanvi.com\/wp-content\/uploads\/sites\/5\/2021\/07\/logo-drasanvi.png","contentUrl":"https:\/\/drasanvi.com\/wp-content\/uploads\/sites\/5\/2021\/07\/logo-drasanvi.png","width":900,"height":300,"caption":"Drasanvi"},"image":{"@id":"https:\/\/drasanvi.com\/pe\/#\/schema\/logo\/image\/"}}]}},"_links":{"self":[{"href":"https:\/\/drasanvi.com\/pe\/wp-json\/wp\/v2\/product\/24332","targetHints":{"allow":["GET"]}}],"collection":[{"href":"https:\/\/drasanvi.com\/pe\/wp-json\/wp\/v2\/product"}],"about":[{"href":"https:\/\/drasanvi.com\/pe\/wp-json\/wp\/v2\/types\/product"}],"version-history":[{"count":1,"href":"https:\/\/drasanvi.com\/pe\/wp-json\/wp\/v2\/product\/24332\/revisions"}],"predecessor-version":[{"id":24333,"href":"https:\/\/drasanvi.com\/pe\/wp-json\/wp\/v2\/product\/24332\/revisions\/24333"}],"wp:attachment":[{"href":"https:\/\/drasanvi.com\/pe\/wp-json\/wp\/v2\/media?parent=24332"}],"wp:term":[{"taxonomy":"product_cat","embeddable":true,"href":"https:\/\/drasanvi.com\/pe\/wp-json\/wp\/v2\/product_cat?post=24332"},{"taxonomy":"product_tag","embeddable":true,"href":"https:\/\/drasanvi.com\/pe\/wp-json\/wp\/v2\/product_tag?post=24332"}],"curies":[{"name":"wp","href":"https:\/\/api.w.org\/{rel}","templated":true}]}}