{"id":24328,"date":"2025-10-03T16:00:05","date_gmt":"2025-10-03T14:00:05","guid":{"rendered":"https:\/\/drasanvi.com\/pe\/?post_type=product&#038;p=24328"},"modified":"2025-10-04T01:00:04","modified_gmt":"2025-10-03T23:00:04","slug":"melatonina-60-capsulas-1-mg-drasanvi","status":"publish","type":"product","link":"https:\/\/drasanvi.com\/pe\/producto\/melatonina-60-capsulas-1-mg-drasanvi\/","title":{"rendered":"Melatonina 60 C\u00e1psulas 1 mg Drasanvi"},"content":{"rendered":"<p>La Melatonina contribuye a disminuir el tiempo necesario para conciliar el sue&ntilde;o.Melatonina de Drasanvi contiene 1 mg de Melatonina pura por dosis diaria.Es un complemento alimenticio cuyo &uacute;nico principio activo es la Melatonina. Esta sustancia es una hormona que, de manera natural, es segregada por la hip&oacute;fisis y regulada por la presencia de luz. Esta hormona se relaciona con el control del reloj biol&oacute;gico, sue&ntilde;o-vigilia. La Melatonina tradicionalmente ha sido empleada para contribuir a aliviar la sensaci&oacute;n subjetiva del jetlag.<\/p>\n<h2>Ingredientes<\/h2>\n<p>Agente de carga<em>(Celulosa Microcristalina)<\/em>, Agente de recubrimiento<em>(Hidroxipropilmetilcelulosa)<\/em>, Agente de carga<em>(Sal magn&eacute;sica de &aacute;cido graso)<\/em>, Antiaglomerante<em>(Di&oacute;xido de Silicio)<\/em>, Melatonina<em>(Libre procedencia animal)<\/em>1 mg<\/p>\n<h2>Modo de uso<\/h2>\n<p>Tomar 1 c&aacute;psula al d&iacute;a con abundante agua, preferiblemente, una hora antes de acostarse.<\/p>\n<h2>Presentaci\u00f3n<\/h2>\n<p>Envase de 60 c&aacute;psulas de 457,9 mg. Peso total 27,47g (0,97 oz).<\/p>\n<h2>Advertencias<\/h2>\n<p>Complemento alimenticio a base de melatonina. Los complementos alimenticios no deben utilizarse como sustituto de una dieta variada y equilibrada y un estilo de vida saludable. No superar la dosis diaria expresamente recomendada. Mantener fuera del alcance de los ni&ntilde;os m&aacute;s peque&ntilde;os. Conservar en un lugar fresco y seco. No debe ser consumido por mujeres embarazadas, ni por aquellas personas que est&eacute;n siendo tratadas con antidepresivos o que padezcan insuficiencia renal.<\/p>\n<h2>Valores nutricionales<\/h2>\n","protected":false},"excerpt":{"rendered":"<p>La Melatonina contribuye a disminuir el tiempo necesario para conciliar el sue&ntilde;o.Melatonina de Drasanvi contiene 1 mg de Melatonina pura por dosis diaria.Es un complemento alimenticio cuyo &uacute;nico principio activo es la Melatonina. Esta sustancia es una hormona que, de manera natural, es segregada por la hip&oacute;fisis y regulada por la presencia de luz. Esta hormona se relaciona con el control del reloj biol&oacute;gico, sue&ntilde;o-vigilia. La Melatonina tradicionalmente ha sido empleada para contribuir a aliviar la sensaci&oacute;n subjetiva del jetlag.<\/p>\n<p><a id=\"boton-ficha\" href=\"https:\/\/panel.drasanvi.com\/fichas\/9\/032057699\">Ficha t\u00e9cnica<\/a><\/p>\n","protected":false},"featured_media":0,"template":"","meta":{"inline_featured_image":false},"product_cat":[87],"product_tag":[],"class_list":["post-24328","product","type-product","status-publish","hentry","product_cat-acido-urico"],"yoast_head":"<!-- This site is optimized with the Yoast SEO plugin v27.4 - https:\/\/yoast.com\/product\/yoast-seo-wordpress\/ -->\n<title>Melatonina 60 C\u00e1psulas 1 mg Drasanvi - Drasanvi Per\u00fa<\/title>\n<meta name=\"robots\" content=\"index, follow, max-snippet:-1, max-image-preview:large, max-video-preview:-1\" \/>\n<link rel=\"canonical\" href=\"https:\/\/drasanvi.com\/pe\/producto\/melatonina-60-capsulas-1-mg-drasanvi\/\" \/>\n<meta property=\"og:locale\" content=\"es_ES\" \/>\n<meta property=\"og:type\" content=\"article\" \/>\n<meta property=\"og:title\" content=\"Melatonina 60 C\u00e1psulas 1 mg Drasanvi - Drasanvi Per\u00fa\" \/>\n<meta property=\"og:description\" content=\"La Melatonina contribuye a disminuir el tiempo necesario para conciliar el sue&ntilde;o.Melatonina de Drasanvi contiene 1 mg de Melatonina pura por dosis diaria.Es un complemento alimenticio cuyo &uacute;nico principio activo es la Melatonina. Esta sustancia es una hormona que, de manera natural, es segregada por la hip&oacute;fisis y regulada por la presencia de luz. Esta hormona se relaciona con el control del reloj biol&oacute;gico, sue&ntilde;o-vigilia. La Melatonina tradicionalmente ha sido empleada para contribuir a aliviar la sensaci&oacute;n subjetiva del jetlag.Ficha t\u00e9cnica\" \/>\n<meta property=\"og:url\" content=\"https:\/\/drasanvi.com\/pe\/producto\/melatonina-60-capsulas-1-mg-drasanvi\/\" \/>\n<meta property=\"og:site_name\" content=\"Drasanvi Per\u00fa\" \/>\n<meta property=\"article:modified_time\" content=\"2025-10-03T23:00:04+00:00\" \/>\n<meta name=\"twitter:card\" content=\"summary_large_image\" \/>\n<script type=\"application\/ld+json\" class=\"yoast-schema-graph\">{\"@context\":\"https:\\\/\\\/schema.org\",\"@graph\":[{\"@type\":\"WebPage\",\"@id\":\"https:\\\/\\\/drasanvi.com\\\/pe\\\/producto\\\/melatonina-60-capsulas-1-mg-drasanvi\\\/\",\"url\":\"https:\\\/\\\/drasanvi.com\\\/pe\\\/producto\\\/melatonina-60-capsulas-1-mg-drasanvi\\\/\",\"name\":\"Melatonina 60 C\u00e1psulas 1 mg Drasanvi - Drasanvi Per\u00fa\",\"isPartOf\":{\"@id\":\"https:\\\/\\\/drasanvi.com\\\/pe\\\/#website\"},\"datePublished\":\"2025-10-03T14:00:05+00:00\",\"dateModified\":\"2025-10-03T23:00:04+00:00\",\"breadcrumb\":{\"@id\":\"https:\\\/\\\/drasanvi.com\\\/pe\\\/producto\\\/melatonina-60-capsulas-1-mg-drasanvi\\\/#breadcrumb\"},\"inLanguage\":\"es\",\"potentialAction\":[{\"@type\":\"ReadAction\",\"target\":[\"https:\\\/\\\/drasanvi.com\\\/pe\\\/producto\\\/melatonina-60-capsulas-1-mg-drasanvi\\\/\"]}]},{\"@type\":\"BreadcrumbList\",\"@id\":\"https:\\\/\\\/drasanvi.com\\\/pe\\\/producto\\\/melatonina-60-capsulas-1-mg-drasanvi\\\/#breadcrumb\",\"itemListElement\":[{\"@type\":\"ListItem\",\"position\":1,\"name\":\"Portada\",\"item\":\"https:\\\/\\\/drasanvi.com\\\/pe\\\/\"},{\"@type\":\"ListItem\",\"position\":2,\"name\":\"Tienda\",\"item\":\"https:\\\/\\\/drasanvi.com\\\/pe\\\/tienda\\\/\"},{\"@type\":\"ListItem\",\"position\":3,\"name\":\"Melatonina 60 C\u00e1psulas 1 mg Drasanvi\"}]},{\"@type\":\"WebSite\",\"@id\":\"https:\\\/\\\/drasanvi.com\\\/pe\\\/#website\",\"url\":\"https:\\\/\\\/drasanvi.com\\\/pe\\\/\",\"name\":\"Drasanvi Per\u00fa\",\"description\":\"L\u00edder en complementos alimenticios y cosm\u00e9tica natural.\",\"publisher\":{\"@id\":\"https:\\\/\\\/drasanvi.com\\\/pe\\\/#organization\"},\"potentialAction\":[{\"@type\":\"SearchAction\",\"target\":{\"@type\":\"EntryPoint\",\"urlTemplate\":\"https:\\\/\\\/drasanvi.com\\\/pe\\\/?s={search_term_string}\"},\"query-input\":{\"@type\":\"PropertyValueSpecification\",\"valueRequired\":true,\"valueName\":\"search_term_string\"}}],\"inLanguage\":\"es\"},{\"@type\":\"Organization\",\"@id\":\"https:\\\/\\\/drasanvi.com\\\/pe\\\/#organization\",\"name\":\"Drasanvi\",\"url\":\"https:\\\/\\\/drasanvi.com\\\/pe\\\/\",\"logo\":{\"@type\":\"ImageObject\",\"inLanguage\":\"es\",\"@id\":\"https:\\\/\\\/drasanvi.com\\\/pe\\\/#\\\/schema\\\/logo\\\/image\\\/\",\"url\":\"https:\\\/\\\/drasanvi.com\\\/wp-content\\\/uploads\\\/sites\\\/5\\\/2021\\\/07\\\/logo-drasanvi.png\",\"contentUrl\":\"https:\\\/\\\/drasanvi.com\\\/wp-content\\\/uploads\\\/sites\\\/5\\\/2021\\\/07\\\/logo-drasanvi.png\",\"width\":900,\"height\":300,\"caption\":\"Drasanvi\"},\"image\":{\"@id\":\"https:\\\/\\\/drasanvi.com\\\/pe\\\/#\\\/schema\\\/logo\\\/image\\\/\"}}]}<\/script>\n<!-- \/ Yoast SEO plugin. -->","yoast_head_json":{"title":"Melatonina 60 C\u00e1psulas 1 mg Drasanvi - Drasanvi Per\u00fa","robots":{"index":"index","follow":"follow","max-snippet":"max-snippet:-1","max-image-preview":"max-image-preview:large","max-video-preview":"max-video-preview:-1"},"canonical":"https:\/\/drasanvi.com\/pe\/producto\/melatonina-60-capsulas-1-mg-drasanvi\/","og_locale":"es_ES","og_type":"article","og_title":"Melatonina 60 C\u00e1psulas 1 mg Drasanvi - Drasanvi Per\u00fa","og_description":"La Melatonina contribuye a disminuir el tiempo necesario para conciliar el sue&ntilde;o.Melatonina de Drasanvi contiene 1 mg de Melatonina pura por dosis diaria.Es un complemento alimenticio cuyo &uacute;nico principio activo es la Melatonina. Esta sustancia es una hormona que, de manera natural, es segregada por la hip&oacute;fisis y regulada por la presencia de luz. Esta hormona se relaciona con el control del reloj biol&oacute;gico, sue&ntilde;o-vigilia. La Melatonina tradicionalmente ha sido empleada para contribuir a aliviar la sensaci&oacute;n subjetiva del jetlag.Ficha t\u00e9cnica","og_url":"https:\/\/drasanvi.com\/pe\/producto\/melatonina-60-capsulas-1-mg-drasanvi\/","og_site_name":"Drasanvi Per\u00fa","article_modified_time":"2025-10-03T23:00:04+00:00","twitter_card":"summary_large_image","schema":{"@context":"https:\/\/schema.org","@graph":[{"@type":"WebPage","@id":"https:\/\/drasanvi.com\/pe\/producto\/melatonina-60-capsulas-1-mg-drasanvi\/","url":"https:\/\/drasanvi.com\/pe\/producto\/melatonina-60-capsulas-1-mg-drasanvi\/","name":"Melatonina 60 C\u00e1psulas 1 mg Drasanvi - Drasanvi Per\u00fa","isPartOf":{"@id":"https:\/\/drasanvi.com\/pe\/#website"},"datePublished":"2025-10-03T14:00:05+00:00","dateModified":"2025-10-03T23:00:04+00:00","breadcrumb":{"@id":"https:\/\/drasanvi.com\/pe\/producto\/melatonina-60-capsulas-1-mg-drasanvi\/#breadcrumb"},"inLanguage":"es","potentialAction":[{"@type":"ReadAction","target":["https:\/\/drasanvi.com\/pe\/producto\/melatonina-60-capsulas-1-mg-drasanvi\/"]}]},{"@type":"BreadcrumbList","@id":"https:\/\/drasanvi.com\/pe\/producto\/melatonina-60-capsulas-1-mg-drasanvi\/#breadcrumb","itemListElement":[{"@type":"ListItem","position":1,"name":"Portada","item":"https:\/\/drasanvi.com\/pe\/"},{"@type":"ListItem","position":2,"name":"Tienda","item":"https:\/\/drasanvi.com\/pe\/tienda\/"},{"@type":"ListItem","position":3,"name":"Melatonina 60 C\u00e1psulas 1 mg Drasanvi"}]},{"@type":"WebSite","@id":"https:\/\/drasanvi.com\/pe\/#website","url":"https:\/\/drasanvi.com\/pe\/","name":"Drasanvi Per\u00fa","description":"L\u00edder en complementos alimenticios y cosm\u00e9tica natural.","publisher":{"@id":"https:\/\/drasanvi.com\/pe\/#organization"},"potentialAction":[{"@type":"SearchAction","target":{"@type":"EntryPoint","urlTemplate":"https:\/\/drasanvi.com\/pe\/?s={search_term_string}"},"query-input":{"@type":"PropertyValueSpecification","valueRequired":true,"valueName":"search_term_string"}}],"inLanguage":"es"},{"@type":"Organization","@id":"https:\/\/drasanvi.com\/pe\/#organization","name":"Drasanvi","url":"https:\/\/drasanvi.com\/pe\/","logo":{"@type":"ImageObject","inLanguage":"es","@id":"https:\/\/drasanvi.com\/pe\/#\/schema\/logo\/image\/","url":"https:\/\/drasanvi.com\/wp-content\/uploads\/sites\/5\/2021\/07\/logo-drasanvi.png","contentUrl":"https:\/\/drasanvi.com\/wp-content\/uploads\/sites\/5\/2021\/07\/logo-drasanvi.png","width":900,"height":300,"caption":"Drasanvi"},"image":{"@id":"https:\/\/drasanvi.com\/pe\/#\/schema\/logo\/image\/"}}]}},"_links":{"self":[{"href":"https:\/\/drasanvi.com\/pe\/wp-json\/wp\/v2\/product\/24328","targetHints":{"allow":["GET"]}}],"collection":[{"href":"https:\/\/drasanvi.com\/pe\/wp-json\/wp\/v2\/product"}],"about":[{"href":"https:\/\/drasanvi.com\/pe\/wp-json\/wp\/v2\/types\/product"}],"version-history":[{"count":1,"href":"https:\/\/drasanvi.com\/pe\/wp-json\/wp\/v2\/product\/24328\/revisions"}],"predecessor-version":[{"id":24330,"href":"https:\/\/drasanvi.com\/pe\/wp-json\/wp\/v2\/product\/24328\/revisions\/24330"}],"wp:attachment":[{"href":"https:\/\/drasanvi.com\/pe\/wp-json\/wp\/v2\/media?parent=24328"}],"wp:term":[{"taxonomy":"product_cat","embeddable":true,"href":"https:\/\/drasanvi.com\/pe\/wp-json\/wp\/v2\/product_cat?post=24328"},{"taxonomy":"product_tag","embeddable":true,"href":"https:\/\/drasanvi.com\/pe\/wp-json\/wp\/v2\/product_tag?post=24328"}],"curies":[{"name":"wp","href":"https:\/\/api.w.org\/{rel}","templated":true}]}}