{"id":24325,"date":"2025-10-03T12:00:04","date_gmt":"2025-10-03T10:00:04","guid":{"rendered":"https:\/\/drasanvi.com\/pe\/?post_type=product&#038;p=24325"},"modified":"2025-10-04T01:00:04","modified_gmt":"2025-10-03T23:00:04","slug":"levadura-roja-de-arroz-29-mg-monacolina-k-coenzima-q10-30-capsulas-drasanvi","status":"publish","type":"product","link":"https:\/\/drasanvi.com\/pe\/producto\/levadura-roja-de-arroz-29-mg-monacolina-k-coenzima-q10-30-capsulas-drasanvi\/","title":{"rendered":"Levadura Roja de Arroz (2,9 mg Monacolina K) Coenzima Q10 30 C\u00e1psulas Drasanvi"},"content":{"rendered":"<p>La<strong> Levadura Roja de Arroz<\/strong> es un producto obtenido a partir de la levadura llamada&nbsp;<em>Monascus purpureus,&nbsp;<\/em>que crece sobre el arroz.La&nbsp;<strong>Levadura Roja del Arroz<\/strong> presenta como principios activos&nbsp; unas sustancias llamadas&nbsp;<strong>monacolinas, <\/strong>entre las que destaca, por sus beneficios para nuestro organismo,<strong>&nbsp;la monacolina K.&nbsp;<\/strong><\/p>\n<h2>Ingredientes<\/h2>\n<p>Agente de carga<em>(Celulosa microcristalina)<\/em>, Agente de recubrimiento<em>(Hidroxipropilmetilcelulosa)<\/em>, Levadura roja de arroz<em>(Monascus purpureus, Monacolina K 4%)<\/em>74,5 mg, Coenzima Q10<em>(Ubiquinona)<\/em>50 mg, Agente de carga<em>(Sal magn&eacute;sica de &aacute;cido graso)<\/em>, Antiaglomerante<em>(Di&oacute;xido de silicio)<\/em><\/p>\n<h2>Modo de uso<\/h2>\n<p>Consumir una c&aacute;psula al d&iacute;a, con una de las principales comidas. Es recomendable tomar la c&aacute;psula siempre a la misma hora.<\/p>\n<h2>Presentaci\u00f3n<\/h2>\n<p>Envase de 30 c&aacute;psulas de 492 mg. Peso total: 14.8 g (0.52 oz)<\/p>\n<h2>Advertencias<\/h2>\n<p>Los complementos alimenticios no deben utilizarse como sustituto de una dieta equilibrada. No superar la dosis diaria expresamente recomendada. Mantener fuera del alcance de los ni&ntilde;os m&aacute;s peque&ntilde;os. Conservar en un lugar fresco y seco. No debe ser consumido por mujeres embarazadas o en per&iacute;odo de lactancia, ni&ntilde;os y adolescentes menores de 18 a&ntilde;os ni adultos mayores de 70 a&ntilde;os. Si experimenta alg&uacute;n problema de salud, consulte a su m&eacute;dico sobre el consumo de este producto. No debe consumirse junto con medicaci&oacute;n para reducir el colesterol. No debe consumirse si ya se consumen otros productos que contienen arroz fermentado con levadura roja. No debe consumirse la cantidad diaria de 3 mg de monacolinas procedentes del arroz fermentado con levadura roja o m&aacute;s<\/p>\n<h2>Valores nutricionales<\/h2>\n","protected":false},"excerpt":{"rendered":"<p>La<strong> Levadura Roja de Arroz<\/strong> es un producto obtenido a partir de la levadura llamada&nbsp;<em>Monascus purpureus,&nbsp;<\/em>que crece sobre el arroz.La&nbsp;<strong>Levadura Roja del Arroz<\/strong> presenta como principios activos&nbsp; unas sustancias llamadas&nbsp;<strong>monacolinas, <\/strong>entre las que destaca, por sus beneficios para nuestro organismo,<strong>&nbsp;la monacolina K.&nbsp;<\/strong><\/p>\n<p><a id=\"boton-ficha\" href=\"https:\/\/panel.drasanvi.com\/fichas\/9\/032057704\">Ficha t\u00e9cnica<\/a><\/p>\n","protected":false},"featured_media":0,"template":"","meta":{"inline_featured_image":false},"product_cat":[87],"product_tag":[],"class_list":["post-24325","product","type-product","status-publish","hentry","product_cat-acido-urico"],"yoast_head":"<!-- This site is optimized with the Yoast SEO plugin v27.4 - https:\/\/yoast.com\/product\/yoast-seo-wordpress\/ -->\n<title>Levadura Roja de Arroz (2,9 mg Monacolina K) Coenzima Q10 30 C\u00e1psulas Drasanvi - Drasanvi Per\u00fa<\/title>\n<meta name=\"robots\" content=\"index, follow, max-snippet:-1, max-image-preview:large, max-video-preview:-1\" \/>\n<link rel=\"canonical\" href=\"https:\/\/drasanvi.com\/pe\/producto\/levadura-roja-de-arroz-29-mg-monacolina-k-coenzima-q10-30-capsulas-drasanvi\/\" \/>\n<meta property=\"og:locale\" content=\"es_ES\" \/>\n<meta property=\"og:type\" content=\"article\" \/>\n<meta property=\"og:title\" content=\"Levadura Roja de Arroz (2,9 mg Monacolina K) Coenzima Q10 30 C\u00e1psulas Drasanvi - Drasanvi Per\u00fa\" \/>\n<meta property=\"og:description\" content=\"La Levadura Roja de Arroz es un producto obtenido a partir de la levadura llamada&nbsp;Monascus purpureus,&nbsp;que crece sobre el arroz.La&nbsp;Levadura Roja del Arroz presenta como principios activos&nbsp; unas sustancias llamadas&nbsp;monacolinas, entre las que destaca, por sus beneficios para nuestro organismo,&nbsp;la monacolina K.&nbsp;Ficha t\u00e9cnica\" \/>\n<meta property=\"og:url\" content=\"https:\/\/drasanvi.com\/pe\/producto\/levadura-roja-de-arroz-29-mg-monacolina-k-coenzima-q10-30-capsulas-drasanvi\/\" \/>\n<meta property=\"og:site_name\" content=\"Drasanvi Per\u00fa\" \/>\n<meta property=\"article:modified_time\" content=\"2025-10-03T23:00:04+00:00\" \/>\n<meta name=\"twitter:card\" content=\"summary_large_image\" \/>\n<script type=\"application\/ld+json\" class=\"yoast-schema-graph\">{\"@context\":\"https:\\\/\\\/schema.org\",\"@graph\":[{\"@type\":\"WebPage\",\"@id\":\"https:\\\/\\\/drasanvi.com\\\/pe\\\/producto\\\/levadura-roja-de-arroz-29-mg-monacolina-k-coenzima-q10-30-capsulas-drasanvi\\\/\",\"url\":\"https:\\\/\\\/drasanvi.com\\\/pe\\\/producto\\\/levadura-roja-de-arroz-29-mg-monacolina-k-coenzima-q10-30-capsulas-drasanvi\\\/\",\"name\":\"Levadura Roja de Arroz (2,9 mg Monacolina K) Coenzima Q10 30 C\u00e1psulas Drasanvi - Drasanvi Per\u00fa\",\"isPartOf\":{\"@id\":\"https:\\\/\\\/drasanvi.com\\\/pe\\\/#website\"},\"datePublished\":\"2025-10-03T10:00:04+00:00\",\"dateModified\":\"2025-10-03T23:00:04+00:00\",\"breadcrumb\":{\"@id\":\"https:\\\/\\\/drasanvi.com\\\/pe\\\/producto\\\/levadura-roja-de-arroz-29-mg-monacolina-k-coenzima-q10-30-capsulas-drasanvi\\\/#breadcrumb\"},\"inLanguage\":\"es\",\"potentialAction\":[{\"@type\":\"ReadAction\",\"target\":[\"https:\\\/\\\/drasanvi.com\\\/pe\\\/producto\\\/levadura-roja-de-arroz-29-mg-monacolina-k-coenzima-q10-30-capsulas-drasanvi\\\/\"]}]},{\"@type\":\"BreadcrumbList\",\"@id\":\"https:\\\/\\\/drasanvi.com\\\/pe\\\/producto\\\/levadura-roja-de-arroz-29-mg-monacolina-k-coenzima-q10-30-capsulas-drasanvi\\\/#breadcrumb\",\"itemListElement\":[{\"@type\":\"ListItem\",\"position\":1,\"name\":\"Portada\",\"item\":\"https:\\\/\\\/drasanvi.com\\\/pe\\\/\"},{\"@type\":\"ListItem\",\"position\":2,\"name\":\"Tienda\",\"item\":\"https:\\\/\\\/drasanvi.com\\\/pe\\\/tienda\\\/\"},{\"@type\":\"ListItem\",\"position\":3,\"name\":\"Levadura Roja de Arroz (2,9 mg Monacolina K) Coenzima Q10 30 C\u00e1psulas Drasanvi\"}]},{\"@type\":\"WebSite\",\"@id\":\"https:\\\/\\\/drasanvi.com\\\/pe\\\/#website\",\"url\":\"https:\\\/\\\/drasanvi.com\\\/pe\\\/\",\"name\":\"Drasanvi Per\u00fa\",\"description\":\"L\u00edder en complementos alimenticios y cosm\u00e9tica natural.\",\"publisher\":{\"@id\":\"https:\\\/\\\/drasanvi.com\\\/pe\\\/#organization\"},\"potentialAction\":[{\"@type\":\"SearchAction\",\"target\":{\"@type\":\"EntryPoint\",\"urlTemplate\":\"https:\\\/\\\/drasanvi.com\\\/pe\\\/?s={search_term_string}\"},\"query-input\":{\"@type\":\"PropertyValueSpecification\",\"valueRequired\":true,\"valueName\":\"search_term_string\"}}],\"inLanguage\":\"es\"},{\"@type\":\"Organization\",\"@id\":\"https:\\\/\\\/drasanvi.com\\\/pe\\\/#organization\",\"name\":\"Drasanvi\",\"url\":\"https:\\\/\\\/drasanvi.com\\\/pe\\\/\",\"logo\":{\"@type\":\"ImageObject\",\"inLanguage\":\"es\",\"@id\":\"https:\\\/\\\/drasanvi.com\\\/pe\\\/#\\\/schema\\\/logo\\\/image\\\/\",\"url\":\"https:\\\/\\\/drasanvi.com\\\/wp-content\\\/uploads\\\/sites\\\/5\\\/2021\\\/07\\\/logo-drasanvi.png\",\"contentUrl\":\"https:\\\/\\\/drasanvi.com\\\/wp-content\\\/uploads\\\/sites\\\/5\\\/2021\\\/07\\\/logo-drasanvi.png\",\"width\":900,\"height\":300,\"caption\":\"Drasanvi\"},\"image\":{\"@id\":\"https:\\\/\\\/drasanvi.com\\\/pe\\\/#\\\/schema\\\/logo\\\/image\\\/\"}}]}<\/script>\n<!-- \/ Yoast SEO plugin. -->","yoast_head_json":{"title":"Levadura Roja de Arroz (2,9 mg Monacolina K) Coenzima Q10 30 C\u00e1psulas Drasanvi - Drasanvi Per\u00fa","robots":{"index":"index","follow":"follow","max-snippet":"max-snippet:-1","max-image-preview":"max-image-preview:large","max-video-preview":"max-video-preview:-1"},"canonical":"https:\/\/drasanvi.com\/pe\/producto\/levadura-roja-de-arroz-29-mg-monacolina-k-coenzima-q10-30-capsulas-drasanvi\/","og_locale":"es_ES","og_type":"article","og_title":"Levadura Roja de Arroz (2,9 mg Monacolina K) Coenzima Q10 30 C\u00e1psulas Drasanvi - Drasanvi Per\u00fa","og_description":"La Levadura Roja de Arroz es un producto obtenido a partir de la levadura llamada&nbsp;Monascus purpureus,&nbsp;que crece sobre el arroz.La&nbsp;Levadura Roja del Arroz presenta como principios activos&nbsp; unas sustancias llamadas&nbsp;monacolinas, entre las que destaca, por sus beneficios para nuestro organismo,&nbsp;la monacolina K.&nbsp;Ficha t\u00e9cnica","og_url":"https:\/\/drasanvi.com\/pe\/producto\/levadura-roja-de-arroz-29-mg-monacolina-k-coenzima-q10-30-capsulas-drasanvi\/","og_site_name":"Drasanvi Per\u00fa","article_modified_time":"2025-10-03T23:00:04+00:00","twitter_card":"summary_large_image","schema":{"@context":"https:\/\/schema.org","@graph":[{"@type":"WebPage","@id":"https:\/\/drasanvi.com\/pe\/producto\/levadura-roja-de-arroz-29-mg-monacolina-k-coenzima-q10-30-capsulas-drasanvi\/","url":"https:\/\/drasanvi.com\/pe\/producto\/levadura-roja-de-arroz-29-mg-monacolina-k-coenzima-q10-30-capsulas-drasanvi\/","name":"Levadura Roja de Arroz (2,9 mg Monacolina K) Coenzima Q10 30 C\u00e1psulas Drasanvi - Drasanvi Per\u00fa","isPartOf":{"@id":"https:\/\/drasanvi.com\/pe\/#website"},"datePublished":"2025-10-03T10:00:04+00:00","dateModified":"2025-10-03T23:00:04+00:00","breadcrumb":{"@id":"https:\/\/drasanvi.com\/pe\/producto\/levadura-roja-de-arroz-29-mg-monacolina-k-coenzima-q10-30-capsulas-drasanvi\/#breadcrumb"},"inLanguage":"es","potentialAction":[{"@type":"ReadAction","target":["https:\/\/drasanvi.com\/pe\/producto\/levadura-roja-de-arroz-29-mg-monacolina-k-coenzima-q10-30-capsulas-drasanvi\/"]}]},{"@type":"BreadcrumbList","@id":"https:\/\/drasanvi.com\/pe\/producto\/levadura-roja-de-arroz-29-mg-monacolina-k-coenzima-q10-30-capsulas-drasanvi\/#breadcrumb","itemListElement":[{"@type":"ListItem","position":1,"name":"Portada","item":"https:\/\/drasanvi.com\/pe\/"},{"@type":"ListItem","position":2,"name":"Tienda","item":"https:\/\/drasanvi.com\/pe\/tienda\/"},{"@type":"ListItem","position":3,"name":"Levadura Roja de Arroz (2,9 mg Monacolina K) Coenzima Q10 30 C\u00e1psulas Drasanvi"}]},{"@type":"WebSite","@id":"https:\/\/drasanvi.com\/pe\/#website","url":"https:\/\/drasanvi.com\/pe\/","name":"Drasanvi Per\u00fa","description":"L\u00edder en complementos alimenticios y cosm\u00e9tica natural.","publisher":{"@id":"https:\/\/drasanvi.com\/pe\/#organization"},"potentialAction":[{"@type":"SearchAction","target":{"@type":"EntryPoint","urlTemplate":"https:\/\/drasanvi.com\/pe\/?s={search_term_string}"},"query-input":{"@type":"PropertyValueSpecification","valueRequired":true,"valueName":"search_term_string"}}],"inLanguage":"es"},{"@type":"Organization","@id":"https:\/\/drasanvi.com\/pe\/#organization","name":"Drasanvi","url":"https:\/\/drasanvi.com\/pe\/","logo":{"@type":"ImageObject","inLanguage":"es","@id":"https:\/\/drasanvi.com\/pe\/#\/schema\/logo\/image\/","url":"https:\/\/drasanvi.com\/wp-content\/uploads\/sites\/5\/2021\/07\/logo-drasanvi.png","contentUrl":"https:\/\/drasanvi.com\/wp-content\/uploads\/sites\/5\/2021\/07\/logo-drasanvi.png","width":900,"height":300,"caption":"Drasanvi"},"image":{"@id":"https:\/\/drasanvi.com\/pe\/#\/schema\/logo\/image\/"}}]}},"_links":{"self":[{"href":"https:\/\/drasanvi.com\/pe\/wp-json\/wp\/v2\/product\/24325","targetHints":{"allow":["GET"]}}],"collection":[{"href":"https:\/\/drasanvi.com\/pe\/wp-json\/wp\/v2\/product"}],"about":[{"href":"https:\/\/drasanvi.com\/pe\/wp-json\/wp\/v2\/types\/product"}],"version-history":[{"count":1,"href":"https:\/\/drasanvi.com\/pe\/wp-json\/wp\/v2\/product\/24325\/revisions"}],"predecessor-version":[{"id":24327,"href":"https:\/\/drasanvi.com\/pe\/wp-json\/wp\/v2\/product\/24325\/revisions\/24327"}],"wp:attachment":[{"href":"https:\/\/drasanvi.com\/pe\/wp-json\/wp\/v2\/media?parent=24325"}],"wp:term":[{"taxonomy":"product_cat","embeddable":true,"href":"https:\/\/drasanvi.com\/pe\/wp-json\/wp\/v2\/product_cat?post=24325"},{"taxonomy":"product_tag","embeddable":true,"href":"https:\/\/drasanvi.com\/pe\/wp-json\/wp\/v2\/product_tag?post=24325"}],"curies":[{"name":"wp","href":"https:\/\/api.w.org\/{rel}","templated":true}]}}