{"id":24318,"date":"2025-04-09T16:00:04","date_gmt":"2025-04-09T14:00:04","guid":{"rendered":"https:\/\/drasanvi.com\/pe\/?post_type=product&#038;p=24318"},"modified":"2025-04-10T01:00:06","modified_gmt":"2025-04-09T23:00:06","slug":"mineral-bisglicinato-de-magnesio-60-comprimidos-drasanvi","status":"publish","type":"product","link":"https:\/\/drasanvi.com\/pe\/producto\/mineral-bisglicinato-de-magnesio-60-comprimidos-drasanvi\/","title":{"rendered":"Mineral Bisglicinato de magnesio 60 Comprimidos Drasanvi"},"content":{"rendered":"<p>El bisglicinato de magnesio 60 comprimidos de Drasanvi es una forma de magnesio altamente biodisponible y tolerable que ofrece beneficios para la salud digestiva y muscular.<\/p>\n<p>Mejora la digesti&oacute;n al regular la motilidad intestinal y la producci&oacute;n de &aacute;cido g&aacute;strico. Reduce la fatiga muscular, previene calambres y ayuda a la recuperaci&oacute;n tras el ejercicio.<\/p>\n<p>Ideal para personas con molestias g&aacute;stricas gracias a su alta tolerancia.<\/p>\n<h2>Ingredientes<\/h2>\n<p>Bisglicinato de magnesio<em>(Magnesio 18%)<\/em>, Agente de carga<em>(Celulosa microcristalina)<\/em>, Agente de carga<em>(Sal magn&eacute;sica de &aacute;cido graso)<\/em>, Antiaglomerante<em>(Di&oacute;xido de silicio)<\/em><\/p>\n<h2>Modo de uso<\/h2>\n<p>Tomar de 2 comprimidos al d&iacute;a, acompa&ntilde;ado de un vaso de agua.<\/p>\n<h2>Presentaci\u00f3n<\/h2>\n<p>Envase de 60 comprimidos de 1248 mg. Peso total 74,8 g (2.64 oz)<\/p>\n<h2>Advertencias<\/h2>\n<p>Completo alimenticio a base de magnesio&nbsp;<\/p>\n<p>Los complementos alimenticios no deben utilizarse como sustituto de una dieta variada y equilibrada y un estilo de vida saludable. No superar la dosis diaria expresamente recomendada. Mantener fuera del alcance de los ni&ntilde;os m&aacute;s peque&ntilde;os. Conservar en un lugar fresco y seco.<\/p>\n<h2>Valores nutricionales<\/h2>\n<table>\n<tbody>\n<tr>\n<td>Dosis<\/td>\n<td>Cantidad de Magnesio\/d&iacute;a<\/td>\n<td>VRN<\/td>\n<\/tr>\n<tr>\n<td>2 comprimidos<\/td>\n<td>250 mg<\/td>\n<td>67%<\/td>\n<\/tr>\n<\/tbody>\n<\/table>\n<p>&nbsp;<\/p>\n","protected":false},"excerpt":{"rendered":"<p>El bisglicinato de magnesio 60 comprimidos de Drasanvi es una forma de magnesio altamente biodisponible y tolerable que ofrece beneficios para la salud digestiva y muscular.<\/p>\n<p>Mejora la digesti&oacute;n al regular la motilidad intestinal y la producci&oacute;n de &aacute;cido g&aacute;strico. Reduce la fatiga muscular, previene calambres y ayuda a la recuperaci&oacute;n tras el ejercicio.<\/p>\n<p>Ideal para personas con molestias g&aacute;stricas gracias a su alta tolerancia.<\/p>\n<p><a id=\"boton-ficha\" href=\"https:\/\/panel.drasanvi.com\/fichas\/9\/032057687\">Ficha t\u00e9cnica<\/a><\/p>\n","protected":false},"featured_media":0,"template":"","meta":{"inline_featured_image":false},"product_cat":[87],"product_tag":[],"class_list":["post-24318","product","type-product","status-publish","hentry","product_cat-acido-urico"],"yoast_head":"<!-- This site is optimized with the Yoast SEO plugin v27.4 - https:\/\/yoast.com\/product\/yoast-seo-wordpress\/ -->\n<title>Mineral Bisglicinato de magnesio 60 Comprimidos Drasanvi - Drasanvi Per\u00fa<\/title>\n<meta name=\"robots\" content=\"index, follow, max-snippet:-1, max-image-preview:large, max-video-preview:-1\" \/>\n<link rel=\"canonical\" href=\"https:\/\/drasanvi.com\/pe\/producto\/mineral-bisglicinato-de-magnesio-60-comprimidos-drasanvi\/\" \/>\n<meta property=\"og:locale\" content=\"es_ES\" \/>\n<meta property=\"og:type\" content=\"article\" \/>\n<meta property=\"og:title\" content=\"Mineral Bisglicinato de magnesio 60 Comprimidos Drasanvi - Drasanvi Per\u00fa\" \/>\n<meta property=\"og:description\" content=\"El bisglicinato de magnesio 60 comprimidos de Drasanvi es una forma de magnesio altamente biodisponible y tolerable que ofrece beneficios para la salud digestiva y muscular. Mejora la digesti&oacute;n al regular la motilidad intestinal y la producci&oacute;n de &aacute;cido g&aacute;strico. Reduce la fatiga muscular, previene calambres y ayuda a la recuperaci&oacute;n tras el ejercicio. Ideal para personas con molestias g&aacute;stricas gracias a su alta tolerancia.Ficha t\u00e9cnica\" \/>\n<meta property=\"og:url\" content=\"https:\/\/drasanvi.com\/pe\/producto\/mineral-bisglicinato-de-magnesio-60-comprimidos-drasanvi\/\" \/>\n<meta property=\"og:site_name\" content=\"Drasanvi Per\u00fa\" \/>\n<meta property=\"article:modified_time\" content=\"2025-04-09T23:00:06+00:00\" \/>\n<meta name=\"twitter:card\" content=\"summary_large_image\" \/>\n<script type=\"application\/ld+json\" class=\"yoast-schema-graph\">{\"@context\":\"https:\\\/\\\/schema.org\",\"@graph\":[{\"@type\":\"WebPage\",\"@id\":\"https:\\\/\\\/drasanvi.com\\\/pe\\\/producto\\\/mineral-bisglicinato-de-magnesio-60-comprimidos-drasanvi\\\/\",\"url\":\"https:\\\/\\\/drasanvi.com\\\/pe\\\/producto\\\/mineral-bisglicinato-de-magnesio-60-comprimidos-drasanvi\\\/\",\"name\":\"Mineral Bisglicinato de magnesio 60 Comprimidos Drasanvi - Drasanvi Per\u00fa\",\"isPartOf\":{\"@id\":\"https:\\\/\\\/drasanvi.com\\\/pe\\\/#website\"},\"datePublished\":\"2025-04-09T14:00:04+00:00\",\"dateModified\":\"2025-04-09T23:00:06+00:00\",\"breadcrumb\":{\"@id\":\"https:\\\/\\\/drasanvi.com\\\/pe\\\/producto\\\/mineral-bisglicinato-de-magnesio-60-comprimidos-drasanvi\\\/#breadcrumb\"},\"inLanguage\":\"es\",\"potentialAction\":[{\"@type\":\"ReadAction\",\"target\":[\"https:\\\/\\\/drasanvi.com\\\/pe\\\/producto\\\/mineral-bisglicinato-de-magnesio-60-comprimidos-drasanvi\\\/\"]}]},{\"@type\":\"BreadcrumbList\",\"@id\":\"https:\\\/\\\/drasanvi.com\\\/pe\\\/producto\\\/mineral-bisglicinato-de-magnesio-60-comprimidos-drasanvi\\\/#breadcrumb\",\"itemListElement\":[{\"@type\":\"ListItem\",\"position\":1,\"name\":\"Portada\",\"item\":\"https:\\\/\\\/drasanvi.com\\\/pe\\\/\"},{\"@type\":\"ListItem\",\"position\":2,\"name\":\"Tienda\",\"item\":\"https:\\\/\\\/drasanvi.com\\\/pe\\\/tienda\\\/\"},{\"@type\":\"ListItem\",\"position\":3,\"name\":\"Mineral Bisglicinato de magnesio 60 Comprimidos Drasanvi\"}]},{\"@type\":\"WebSite\",\"@id\":\"https:\\\/\\\/drasanvi.com\\\/pe\\\/#website\",\"url\":\"https:\\\/\\\/drasanvi.com\\\/pe\\\/\",\"name\":\"Drasanvi Per\u00fa\",\"description\":\"L\u00edder en complementos alimenticios y cosm\u00e9tica natural.\",\"publisher\":{\"@id\":\"https:\\\/\\\/drasanvi.com\\\/pe\\\/#organization\"},\"potentialAction\":[{\"@type\":\"SearchAction\",\"target\":{\"@type\":\"EntryPoint\",\"urlTemplate\":\"https:\\\/\\\/drasanvi.com\\\/pe\\\/?s={search_term_string}\"},\"query-input\":{\"@type\":\"PropertyValueSpecification\",\"valueRequired\":true,\"valueName\":\"search_term_string\"}}],\"inLanguage\":\"es\"},{\"@type\":\"Organization\",\"@id\":\"https:\\\/\\\/drasanvi.com\\\/pe\\\/#organization\",\"name\":\"Drasanvi\",\"url\":\"https:\\\/\\\/drasanvi.com\\\/pe\\\/\",\"logo\":{\"@type\":\"ImageObject\",\"inLanguage\":\"es\",\"@id\":\"https:\\\/\\\/drasanvi.com\\\/pe\\\/#\\\/schema\\\/logo\\\/image\\\/\",\"url\":\"https:\\\/\\\/drasanvi.com\\\/wp-content\\\/uploads\\\/sites\\\/5\\\/2021\\\/07\\\/logo-drasanvi.png\",\"contentUrl\":\"https:\\\/\\\/drasanvi.com\\\/wp-content\\\/uploads\\\/sites\\\/5\\\/2021\\\/07\\\/logo-drasanvi.png\",\"width\":900,\"height\":300,\"caption\":\"Drasanvi\"},\"image\":{\"@id\":\"https:\\\/\\\/drasanvi.com\\\/pe\\\/#\\\/schema\\\/logo\\\/image\\\/\"}}]}<\/script>\n<!-- \/ Yoast SEO plugin. -->","yoast_head_json":{"title":"Mineral Bisglicinato de magnesio 60 Comprimidos Drasanvi - Drasanvi Per\u00fa","robots":{"index":"index","follow":"follow","max-snippet":"max-snippet:-1","max-image-preview":"max-image-preview:large","max-video-preview":"max-video-preview:-1"},"canonical":"https:\/\/drasanvi.com\/pe\/producto\/mineral-bisglicinato-de-magnesio-60-comprimidos-drasanvi\/","og_locale":"es_ES","og_type":"article","og_title":"Mineral Bisglicinato de magnesio 60 Comprimidos Drasanvi - Drasanvi Per\u00fa","og_description":"El bisglicinato de magnesio 60 comprimidos de Drasanvi es una forma de magnesio altamente biodisponible y tolerable que ofrece beneficios para la salud digestiva y muscular. Mejora la digesti&oacute;n al regular la motilidad intestinal y la producci&oacute;n de &aacute;cido g&aacute;strico. Reduce la fatiga muscular, previene calambres y ayuda a la recuperaci&oacute;n tras el ejercicio. Ideal para personas con molestias g&aacute;stricas gracias a su alta tolerancia.Ficha t\u00e9cnica","og_url":"https:\/\/drasanvi.com\/pe\/producto\/mineral-bisglicinato-de-magnesio-60-comprimidos-drasanvi\/","og_site_name":"Drasanvi Per\u00fa","article_modified_time":"2025-04-09T23:00:06+00:00","twitter_card":"summary_large_image","schema":{"@context":"https:\/\/schema.org","@graph":[{"@type":"WebPage","@id":"https:\/\/drasanvi.com\/pe\/producto\/mineral-bisglicinato-de-magnesio-60-comprimidos-drasanvi\/","url":"https:\/\/drasanvi.com\/pe\/producto\/mineral-bisglicinato-de-magnesio-60-comprimidos-drasanvi\/","name":"Mineral Bisglicinato de magnesio 60 Comprimidos Drasanvi - Drasanvi Per\u00fa","isPartOf":{"@id":"https:\/\/drasanvi.com\/pe\/#website"},"datePublished":"2025-04-09T14:00:04+00:00","dateModified":"2025-04-09T23:00:06+00:00","breadcrumb":{"@id":"https:\/\/drasanvi.com\/pe\/producto\/mineral-bisglicinato-de-magnesio-60-comprimidos-drasanvi\/#breadcrumb"},"inLanguage":"es","potentialAction":[{"@type":"ReadAction","target":["https:\/\/drasanvi.com\/pe\/producto\/mineral-bisglicinato-de-magnesio-60-comprimidos-drasanvi\/"]}]},{"@type":"BreadcrumbList","@id":"https:\/\/drasanvi.com\/pe\/producto\/mineral-bisglicinato-de-magnesio-60-comprimidos-drasanvi\/#breadcrumb","itemListElement":[{"@type":"ListItem","position":1,"name":"Portada","item":"https:\/\/drasanvi.com\/pe\/"},{"@type":"ListItem","position":2,"name":"Tienda","item":"https:\/\/drasanvi.com\/pe\/tienda\/"},{"@type":"ListItem","position":3,"name":"Mineral Bisglicinato de magnesio 60 Comprimidos Drasanvi"}]},{"@type":"WebSite","@id":"https:\/\/drasanvi.com\/pe\/#website","url":"https:\/\/drasanvi.com\/pe\/","name":"Drasanvi Per\u00fa","description":"L\u00edder en complementos alimenticios y cosm\u00e9tica natural.","publisher":{"@id":"https:\/\/drasanvi.com\/pe\/#organization"},"potentialAction":[{"@type":"SearchAction","target":{"@type":"EntryPoint","urlTemplate":"https:\/\/drasanvi.com\/pe\/?s={search_term_string}"},"query-input":{"@type":"PropertyValueSpecification","valueRequired":true,"valueName":"search_term_string"}}],"inLanguage":"es"},{"@type":"Organization","@id":"https:\/\/drasanvi.com\/pe\/#organization","name":"Drasanvi","url":"https:\/\/drasanvi.com\/pe\/","logo":{"@type":"ImageObject","inLanguage":"es","@id":"https:\/\/drasanvi.com\/pe\/#\/schema\/logo\/image\/","url":"https:\/\/drasanvi.com\/wp-content\/uploads\/sites\/5\/2021\/07\/logo-drasanvi.png","contentUrl":"https:\/\/drasanvi.com\/wp-content\/uploads\/sites\/5\/2021\/07\/logo-drasanvi.png","width":900,"height":300,"caption":"Drasanvi"},"image":{"@id":"https:\/\/drasanvi.com\/pe\/#\/schema\/logo\/image\/"}}]}},"_links":{"self":[{"href":"https:\/\/drasanvi.com\/pe\/wp-json\/wp\/v2\/product\/24318","targetHints":{"allow":["GET"]}}],"collection":[{"href":"https:\/\/drasanvi.com\/pe\/wp-json\/wp\/v2\/product"}],"about":[{"href":"https:\/\/drasanvi.com\/pe\/wp-json\/wp\/v2\/types\/product"}],"version-history":[{"count":1,"href":"https:\/\/drasanvi.com\/pe\/wp-json\/wp\/v2\/product\/24318\/revisions"}],"predecessor-version":[{"id":24320,"href":"https:\/\/drasanvi.com\/pe\/wp-json\/wp\/v2\/product\/24318\/revisions\/24320"}],"wp:attachment":[{"href":"https:\/\/drasanvi.com\/pe\/wp-json\/wp\/v2\/media?parent=24318"}],"wp:term":[{"taxonomy":"product_cat","embeddable":true,"href":"https:\/\/drasanvi.com\/pe\/wp-json\/wp\/v2\/product_cat?post=24318"},{"taxonomy":"product_tag","embeddable":true,"href":"https:\/\/drasanvi.com\/pe\/wp-json\/wp\/v2\/product_tag?post=24318"}],"curies":[{"name":"wp","href":"https:\/\/api.w.org\/{rel}","templated":true}]}}