{"id":24313,"date":"2025-03-27T13:00:04","date_gmt":"2025-03-27T11:00:04","guid":{"rendered":"https:\/\/drasanvi.com\/pe\/?post_type=product&#038;p=24313"},"modified":"2025-05-01T01:00:04","modified_gmt":"2025-04-30T23:00:04","slug":"omepur-3-45-perlas-drasanvi","status":"publish","type":"product","link":"https:\/\/drasanvi.com\/pe\/producto\/omepur-3-45-perlas-drasanvi\/","title":{"rendered":"Omepur 3 45 Perlas Drasanvi"},"content":{"rendered":"<p>Omepur 3<sup>&reg;<\/sup> es un complemento alimenticio rico en &aacute;cidos grasos del tipo Omega 3, concretamente DHA y EPA. Posee una alta pureza de estas sustancias, tal es as&iacute;, que se alcanza una gran concentraci&oacute;n de Omega 3 por dosis diaria de 478,4 mg de EPA, 395,2 mg de DHA y 138,3 mg de otro tipos de Omega 3. Se trata de sustancias con importantes propiedades: el DHA contribuye al mantenimiento de la visi&oacute;n y el cerebro en condiciones normales. El EPA y DHA contribuyen al funcionamiento normal del coraz&oacute;n. El aceite de pescado utilizado se extrae de anchoas y sardinas &nbsp;de las Costas del &Iacute;ndico, asegurando un ambiente limpio y poco contaminado.&nbsp;<\/p>\n<h2>Ingredientes<\/h2>\n<p><b style=\"text-decoration: underline\">Aceite de Pescado concentrado*<\/b><em>(Contiene PESCADO)&nbsp; (EPA 46%, DHA 38%, Otros Omega 3 13,3%)<\/em>1040 mg, Agente de recubrimiento<em>(Gelatina, Glicerina y Agua)<\/em>, Vitamina E<em>Acetato de tocoferol<\/em>2,68 mg<\/p>\n<h2>Modo de uso<\/h2>\n<p>Tomar 2 perlas al d&iacute;a, acompa&ntilde;adas de 0,1 litro de agua.<\/p>\n<h2>Presentaci\u00f3n<\/h2>\n<p>Envase de 45 perlas de 721,34mg. Peso total: 32,46 g&nbsp;<\/p>\n<h2>Advertencias<\/h2>\n<p>Complemento alimenticio a base de aceite de pescado y vitamina E.<\/p>\n<p>No superar la dosis diaria expresamente recomendada; Los complementos alimenticios no deben utilizarse como sustituto de una dieta equilibrada; Mantener fuera del alcance de los ni&ntilde;os m&aacute;s peque&ntilde;os. Contiene pescado<\/p>\n<h2>Valores nutricionales<\/h2>\n<p>Por dosis diaria (2 perlas)<\/p>\n<table>\n<tbody>\n<tr>\n<th>Ingrediente<\/th>\n<th>Porcentaje<\/th>\n<th>Cantidad<\/th>\n<\/tr>\n<tr>\n<td>Vitamina E<\/td>\n<td>15,67%<\/td>\n<td>1,28 mg<\/td>\n<\/tr>\n<\/tbody>\n<\/table>\n<p>%VRN (Valores Recomendados de Nutrientes)<\/p>\n","protected":false},"excerpt":{"rendered":"<p>Omepur 3<sup>&reg;<\/sup> es un complemento alimenticio rico en &aacute;cidos grasos del tipo Omega 3, concretamente DHA y EPA. Posee una alta pureza de estas sustancias, tal es as&iacute;, que se alcanza una gran concentraci&oacute;n de Omega 3 por dosis diaria de 478,4 mg de EPA, 395,2 mg de DHA y 138,3 mg de otro tipos de Omega 3. Se trata de sustancias con importantes propiedades: el DHA contribuye al mantenimiento de la visi&oacute;n y el cerebro en condiciones normales. El EPA y DHA contribuyen al funcionamiento normal del coraz&oacute;n. El aceite de pescado utilizado se extrae de anchoas y sardinas &nbsp;de las Costas del &Iacute;ndico, asegurando un ambiente limpio y poco contaminado.&nbsp;<\/p>\n<p><a id=\"boton-ficha\" href=\"https:\/\/panel.drasanvi.com\/fichas\/9\/032057625\">Ficha t\u00e9cnica<\/a><\/p>\n","protected":false},"featured_media":0,"template":"","meta":{"inline_featured_image":false},"product_cat":[87],"product_tag":[],"class_list":["post-24313","product","type-product","status-publish","hentry","product_cat-acido-urico"],"yoast_head":"<!-- This site is optimized with the Yoast SEO plugin v27.4 - https:\/\/yoast.com\/product\/yoast-seo-wordpress\/ -->\n<title>Omepur 3 45 Perlas Drasanvi - Drasanvi Per\u00fa<\/title>\n<meta name=\"robots\" content=\"index, follow, max-snippet:-1, max-image-preview:large, max-video-preview:-1\" \/>\n<link rel=\"canonical\" href=\"https:\/\/drasanvi.com\/pe\/producto\/omepur-3-45-perlas-drasanvi\/\" \/>\n<meta property=\"og:locale\" content=\"es_ES\" \/>\n<meta property=\"og:type\" content=\"article\" \/>\n<meta property=\"og:title\" content=\"Omepur 3 45 Perlas Drasanvi - Drasanvi Per\u00fa\" \/>\n<meta property=\"og:description\" content=\"Omepur 3&reg; es un complemento alimenticio rico en &aacute;cidos grasos del tipo Omega 3, concretamente DHA y EPA. Posee una alta pureza de estas sustancias, tal es as&iacute;, que se alcanza una gran concentraci&oacute;n de Omega 3 por dosis diaria de 478,4 mg de EPA, 395,2 mg de DHA y 138,3 mg de otro tipos de Omega 3. Se trata de sustancias con importantes propiedades: el DHA contribuye al mantenimiento de la visi&oacute;n y el cerebro en condiciones normales. El EPA y DHA contribuyen al funcionamiento normal del coraz&oacute;n. El aceite de pescado utilizado se extrae de anchoas y sardinas &nbsp;de las Costas del &Iacute;ndico, asegurando un ambiente limpio y poco contaminado.&nbsp;Ficha t\u00e9cnica\" \/>\n<meta property=\"og:url\" content=\"https:\/\/drasanvi.com\/pe\/producto\/omepur-3-45-perlas-drasanvi\/\" \/>\n<meta property=\"og:site_name\" content=\"Drasanvi Per\u00fa\" \/>\n<meta property=\"article:modified_time\" content=\"2025-04-30T23:00:04+00:00\" \/>\n<meta name=\"twitter:card\" content=\"summary_large_image\" \/>\n<script type=\"application\/ld+json\" class=\"yoast-schema-graph\">{\"@context\":\"https:\\\/\\\/schema.org\",\"@graph\":[{\"@type\":\"WebPage\",\"@id\":\"https:\\\/\\\/drasanvi.com\\\/pe\\\/producto\\\/omepur-3-45-perlas-drasanvi\\\/\",\"url\":\"https:\\\/\\\/drasanvi.com\\\/pe\\\/producto\\\/omepur-3-45-perlas-drasanvi\\\/\",\"name\":\"Omepur 3 45 Perlas Drasanvi - Drasanvi Per\u00fa\",\"isPartOf\":{\"@id\":\"https:\\\/\\\/drasanvi.com\\\/pe\\\/#website\"},\"datePublished\":\"2025-03-27T11:00:04+00:00\",\"dateModified\":\"2025-04-30T23:00:04+00:00\",\"breadcrumb\":{\"@id\":\"https:\\\/\\\/drasanvi.com\\\/pe\\\/producto\\\/omepur-3-45-perlas-drasanvi\\\/#breadcrumb\"},\"inLanguage\":\"es\",\"potentialAction\":[{\"@type\":\"ReadAction\",\"target\":[\"https:\\\/\\\/drasanvi.com\\\/pe\\\/producto\\\/omepur-3-45-perlas-drasanvi\\\/\"]}]},{\"@type\":\"BreadcrumbList\",\"@id\":\"https:\\\/\\\/drasanvi.com\\\/pe\\\/producto\\\/omepur-3-45-perlas-drasanvi\\\/#breadcrumb\",\"itemListElement\":[{\"@type\":\"ListItem\",\"position\":1,\"name\":\"Portada\",\"item\":\"https:\\\/\\\/drasanvi.com\\\/pe\\\/\"},{\"@type\":\"ListItem\",\"position\":2,\"name\":\"Tienda\",\"item\":\"https:\\\/\\\/drasanvi.com\\\/pe\\\/tienda\\\/\"},{\"@type\":\"ListItem\",\"position\":3,\"name\":\"Omepur 3 45 Perlas Drasanvi\"}]},{\"@type\":\"WebSite\",\"@id\":\"https:\\\/\\\/drasanvi.com\\\/pe\\\/#website\",\"url\":\"https:\\\/\\\/drasanvi.com\\\/pe\\\/\",\"name\":\"Drasanvi Per\u00fa\",\"description\":\"L\u00edder en complementos alimenticios y cosm\u00e9tica natural.\",\"publisher\":{\"@id\":\"https:\\\/\\\/drasanvi.com\\\/pe\\\/#organization\"},\"potentialAction\":[{\"@type\":\"SearchAction\",\"target\":{\"@type\":\"EntryPoint\",\"urlTemplate\":\"https:\\\/\\\/drasanvi.com\\\/pe\\\/?s={search_term_string}\"},\"query-input\":{\"@type\":\"PropertyValueSpecification\",\"valueRequired\":true,\"valueName\":\"search_term_string\"}}],\"inLanguage\":\"es\"},{\"@type\":\"Organization\",\"@id\":\"https:\\\/\\\/drasanvi.com\\\/pe\\\/#organization\",\"name\":\"Drasanvi\",\"url\":\"https:\\\/\\\/drasanvi.com\\\/pe\\\/\",\"logo\":{\"@type\":\"ImageObject\",\"inLanguage\":\"es\",\"@id\":\"https:\\\/\\\/drasanvi.com\\\/pe\\\/#\\\/schema\\\/logo\\\/image\\\/\",\"url\":\"https:\\\/\\\/drasanvi.com\\\/wp-content\\\/uploads\\\/sites\\\/5\\\/2021\\\/07\\\/logo-drasanvi.png\",\"contentUrl\":\"https:\\\/\\\/drasanvi.com\\\/wp-content\\\/uploads\\\/sites\\\/5\\\/2021\\\/07\\\/logo-drasanvi.png\",\"width\":900,\"height\":300,\"caption\":\"Drasanvi\"},\"image\":{\"@id\":\"https:\\\/\\\/drasanvi.com\\\/pe\\\/#\\\/schema\\\/logo\\\/image\\\/\"}}]}<\/script>\n<!-- \/ Yoast SEO plugin. -->","yoast_head_json":{"title":"Omepur 3 45 Perlas Drasanvi - Drasanvi Per\u00fa","robots":{"index":"index","follow":"follow","max-snippet":"max-snippet:-1","max-image-preview":"max-image-preview:large","max-video-preview":"max-video-preview:-1"},"canonical":"https:\/\/drasanvi.com\/pe\/producto\/omepur-3-45-perlas-drasanvi\/","og_locale":"es_ES","og_type":"article","og_title":"Omepur 3 45 Perlas Drasanvi - Drasanvi Per\u00fa","og_description":"Omepur 3&reg; es un complemento alimenticio rico en &aacute;cidos grasos del tipo Omega 3, concretamente DHA y EPA. Posee una alta pureza de estas sustancias, tal es as&iacute;, que se alcanza una gran concentraci&oacute;n de Omega 3 por dosis diaria de 478,4 mg de EPA, 395,2 mg de DHA y 138,3 mg de otro tipos de Omega 3. Se trata de sustancias con importantes propiedades: el DHA contribuye al mantenimiento de la visi&oacute;n y el cerebro en condiciones normales. El EPA y DHA contribuyen al funcionamiento normal del coraz&oacute;n. El aceite de pescado utilizado se extrae de anchoas y sardinas &nbsp;de las Costas del &Iacute;ndico, asegurando un ambiente limpio y poco contaminado.&nbsp;Ficha t\u00e9cnica","og_url":"https:\/\/drasanvi.com\/pe\/producto\/omepur-3-45-perlas-drasanvi\/","og_site_name":"Drasanvi Per\u00fa","article_modified_time":"2025-04-30T23:00:04+00:00","twitter_card":"summary_large_image","schema":{"@context":"https:\/\/schema.org","@graph":[{"@type":"WebPage","@id":"https:\/\/drasanvi.com\/pe\/producto\/omepur-3-45-perlas-drasanvi\/","url":"https:\/\/drasanvi.com\/pe\/producto\/omepur-3-45-perlas-drasanvi\/","name":"Omepur 3 45 Perlas Drasanvi - Drasanvi Per\u00fa","isPartOf":{"@id":"https:\/\/drasanvi.com\/pe\/#website"},"datePublished":"2025-03-27T11:00:04+00:00","dateModified":"2025-04-30T23:00:04+00:00","breadcrumb":{"@id":"https:\/\/drasanvi.com\/pe\/producto\/omepur-3-45-perlas-drasanvi\/#breadcrumb"},"inLanguage":"es","potentialAction":[{"@type":"ReadAction","target":["https:\/\/drasanvi.com\/pe\/producto\/omepur-3-45-perlas-drasanvi\/"]}]},{"@type":"BreadcrumbList","@id":"https:\/\/drasanvi.com\/pe\/producto\/omepur-3-45-perlas-drasanvi\/#breadcrumb","itemListElement":[{"@type":"ListItem","position":1,"name":"Portada","item":"https:\/\/drasanvi.com\/pe\/"},{"@type":"ListItem","position":2,"name":"Tienda","item":"https:\/\/drasanvi.com\/pe\/tienda\/"},{"@type":"ListItem","position":3,"name":"Omepur 3 45 Perlas Drasanvi"}]},{"@type":"WebSite","@id":"https:\/\/drasanvi.com\/pe\/#website","url":"https:\/\/drasanvi.com\/pe\/","name":"Drasanvi Per\u00fa","description":"L\u00edder en complementos alimenticios y cosm\u00e9tica natural.","publisher":{"@id":"https:\/\/drasanvi.com\/pe\/#organization"},"potentialAction":[{"@type":"SearchAction","target":{"@type":"EntryPoint","urlTemplate":"https:\/\/drasanvi.com\/pe\/?s={search_term_string}"},"query-input":{"@type":"PropertyValueSpecification","valueRequired":true,"valueName":"search_term_string"}}],"inLanguage":"es"},{"@type":"Organization","@id":"https:\/\/drasanvi.com\/pe\/#organization","name":"Drasanvi","url":"https:\/\/drasanvi.com\/pe\/","logo":{"@type":"ImageObject","inLanguage":"es","@id":"https:\/\/drasanvi.com\/pe\/#\/schema\/logo\/image\/","url":"https:\/\/drasanvi.com\/wp-content\/uploads\/sites\/5\/2021\/07\/logo-drasanvi.png","contentUrl":"https:\/\/drasanvi.com\/wp-content\/uploads\/sites\/5\/2021\/07\/logo-drasanvi.png","width":900,"height":300,"caption":"Drasanvi"},"image":{"@id":"https:\/\/drasanvi.com\/pe\/#\/schema\/logo\/image\/"}}]}},"_links":{"self":[{"href":"https:\/\/drasanvi.com\/pe\/wp-json\/wp\/v2\/product\/24313","targetHints":{"allow":["GET"]}}],"collection":[{"href":"https:\/\/drasanvi.com\/pe\/wp-json\/wp\/v2\/product"}],"about":[{"href":"https:\/\/drasanvi.com\/pe\/wp-json\/wp\/v2\/types\/product"}],"version-history":[{"count":2,"href":"https:\/\/drasanvi.com\/pe\/wp-json\/wp\/v2\/product\/24313\/revisions"}],"predecessor-version":[{"id":24321,"href":"https:\/\/drasanvi.com\/pe\/wp-json\/wp\/v2\/product\/24313\/revisions\/24321"}],"wp:attachment":[{"href":"https:\/\/drasanvi.com\/pe\/wp-json\/wp\/v2\/media?parent=24313"}],"wp:term":[{"taxonomy":"product_cat","embeddable":true,"href":"https:\/\/drasanvi.com\/pe\/wp-json\/wp\/v2\/product_cat?post=24313"},{"taxonomy":"product_tag","embeddable":true,"href":"https:\/\/drasanvi.com\/pe\/wp-json\/wp\/v2\/product_tag?post=24313"}],"curies":[{"name":"wp","href":"https:\/\/api.w.org\/{rel}","templated":true}]}}