{"id":24309,"date":"2024-12-10T18:00:04","date_gmt":"2024-12-10T16:00:04","guid":{"rendered":"https:\/\/drasanvi.com\/pe\/?post_type=product&#038;p=24309"},"modified":"2024-12-11T01:00:05","modified_gmt":"2024-12-10T23:00:05","slug":"siluet-360o-apple-cider-gomitas","status":"publish","type":"product","link":"https:\/\/drasanvi.com\/pe\/producto\/siluet-360o-apple-cider-gomitas\/","title":{"rendered":"Siluet 360\u00ba Apple cider gomitas"},"content":{"rendered":"<p>El vinagre de manzana contiene levaduras y pectinas que facilitan la digesti&oacute;n, teniendo un efecto prebi&oacute;tico que facilita la generaci&oacute;n de bacterias saludables en el tracto intestinal. As&iacute; mismo, el &aacute;cido ac&eacute;tico mantiene el pH &aacute;cido del est&oacute;mago, haciendo que este se mantenga en condiciones saludables.<\/p>\n<p>Drasanvi formula un producto en formato gominola, que podemos tomar de manera f&aacute;cil y c&oacute;moda sin vernos desagradados por su sabor, a la vez que protegemos la dentina al no entrar en contacto directo con el &aacute;cido.<\/p>\n<p>&nbsp;<\/p>\n<h2>Ingredientes<\/h2>\n<p>Edulcorantes<em>(Maltitol)<\/em>, Vinagre de manzana<em>&nbsp;<\/em>, Agua<em>&nbsp;<\/em>, Edulcorante<em>(Sorbitol)<\/em>, Gelificante<em>(Gelatina)<\/em>, Acidulante<em>(&Aacute;cido c&iacute;trico)<\/em>, Cloruro s&oacute;dico<em>(Sodio 18,75%)<\/em>, Aroma<em>(Aroma de manzana)<\/em>, Agente de recubrimiento<em>(Cera de abeja)<\/em>, Agente de recubrimiento<em>(Cera carnauba)<\/em>, Colorante<em>(Azul brillante FCF)<\/em>, Colorante<em>(Curcumina 0,08 mg)<\/em>, Piridoxina HCl<em>(Vitamina B6)<\/em>, &Aacute;cido pteroilmonoglut&aacute;mico<em>(&Aacute;cido f&oacute;lico)<\/em>, Cianocobalamina<em>(Vitamina B12)<\/em><\/p>\n<h2>Modo de uso<\/h2>\n<p>Modo de empleo: Tomar 2, 4 o 6 gomitas al d&iacute;a, en ayunas o antes de la comida.<br \/>Dosis diaria recomendada: Adultos: 2, 4 o 6 gomitas<br \/>V&iacute;a de administraci&oacute;n: V&iacute;a Oral.<\/p>\n<h2>Presentaci\u00f3n<\/h2>\n<p>Envase de 40 gominolas de 4 g. Peso total 160 g (5,64 oz)<\/p>\n<h2>Advertencias<\/h2>\n<p>Suplemento diet&eacute;tico<br \/>Los suplementos diet&eacute;ticos no deben utilizarse como sustitutos de una dieta equilibrada.<br \/>Advertencias y precauciones: Mantener fuera del alcance de los ni&ntilde;os. No superar la dosis&nbsp;expresamente recomendado para productos diet&eacute;ticos. Consulte a un m&eacute;dico antes de usar si&nbsp;est&aacute; tomando alg&uacute;n medicamento. No usar si est&aacute; embarazada o en periodo de lactancia.<br \/>Contraindicaciones: Hipersensibilidad a los ingredientes activos. El consumo de grandes&nbsp;cantidades a largo plazo pueden provocar problemas con niveles bajos de potasio.<br \/>Almacenar a una temperatura no mayor de 30&deg;C.<br \/>Venta sin receta m&eacute;dica.<\/p>\n<h2>Valores nutricionales<\/h2>\n<table>\n<tbody>\n<tr>\n<th>&nbsp;<\/th>\n<th>Por 100 g<\/th>\n<th>Por dosis diaria (2 gominolas)<\/th>\n<\/tr>\n<tr>\n<td>Valor energ&eacute;tico<\/td>\n<td>1476 kJ\/ 348 kcal<\/td>\n<td>59 kJ\/14 kcal<\/td>\n<\/tr>\n<tr>\n<td>Grasas<\/td>\n<td>0,8 g<\/td>\n<td>0 g<\/td>\n<\/tr>\n<tr>\n<td>de las cuales saturadas<\/td>\n<td>0,8 g<\/td>\n<td>0 g<\/td>\n<\/tr>\n<tr>\n<td>Hidratos de carbono<\/td>\n<td>77 g<\/td>\n<td>3,1 g<\/td>\n<\/tr>\n<tr>\n<td>de los cuales az&uacute;cares<\/td>\n<td>&lt;0,5 g<\/td>\n<td>0 g<\/td>\n<\/tr>\n<tr>\n<td>Prote&iacute;nas<\/td>\n<td>8,4 g<\/td>\n<td>0 g<\/td>\n<\/tr>\n<tr>\n<td>Sal<\/td>\n<td>0,36 g<\/td>\n<td>0 g<\/td>\n<\/tr>\n<\/tbody>\n<\/table>\n<p>Sin az&uacute;cares a&ntilde;adidos<\/p>\n<table border=\"1\" cellspacing=\"0\" cellpadding=\"0\">\n<tbody>\n<tr>\n<td valign=\"top\" width=\"142\">\n<p>Ingrediente<\/p>\n<\/td>\n<td valign=\"top\" width=\"104\">\n<p>&nbsp;<\/p>\n<\/td>\n<td valign=\"top\" width=\"85\">\n<p>Cantidad<\/p>\n<\/td>\n<\/tr>\n<tr>\n<td rowspan=\"3\" valign=\"top\" width=\"142\">\n<p>Vinagre de manzana<\/p>\n<\/td>\n<td valign=\"top\" width=\"104\">\n<p>2 gominolas<\/p>\n<\/td>\n<td valign=\"top\" width=\"85\">\n<p>1200 mg<\/p>\n<\/td>\n<\/tr>\n<tr>\n<td valign=\"top\" width=\"104\">\n<p>4 gominolas<\/p>\n<\/td>\n<td valign=\"top\" width=\"85\">\n<p>2400 mg<\/p>\n<\/td>\n<\/tr>\n<tr>\n<td valign=\"top\" width=\"104\">\n<p>6 gominolas<\/p>\n<\/td>\n<td valign=\"top\" width=\"85\">\n<p>3600 mg<\/p>\n<\/td>\n<\/tr>\n<tr>\n<td rowspan=\"3\" valign=\"top\" width=\"142\">\n<p>Vitamina B6<\/p>\n<\/td>\n<td valign=\"top\" width=\"104\">\n<p>2 gominolas<\/p>\n<\/td>\n<td valign=\"top\" width=\"85\">\n<p>1,04 mg<\/p>\n<\/td>\n<\/tr>\n<tr>\n<td valign=\"top\" width=\"104\">\n<p>4 gominolas<\/p>\n<\/td>\n<td valign=\"top\" width=\"85\">\n<p>2,08 mg<\/p>\n<\/td>\n<\/tr>\n<tr>\n<td valign=\"top\" width=\"104\">\n<p>6 gominolas<\/p>\n<\/td>\n<td valign=\"top\" width=\"85\">\n<p>3,12 mg<\/p>\n<\/td>\n<\/tr>\n<tr>\n<td rowspan=\"3\" valign=\"top\" width=\"142\">\n<p>&Aacute;cido f&oacute;lico<\/p>\n<\/td>\n<td valign=\"top\" width=\"104\">\n<p>2 gominolas<\/p>\n<\/td>\n<td valign=\"top\" width=\"85\">\n<p>240 &micro;g<\/p>\n<\/td>\n<\/tr>\n<tr>\n<td valign=\"top\" width=\"104\">\n<p>4 gominolas<\/p>\n<\/td>\n<td valign=\"top\" width=\"85\">\n<p>480 &micro;g<\/p>\n<\/td>\n<\/tr>\n<tr>\n<td valign=\"top\" width=\"104\">\n<p>6 gominolas<\/p>\n<\/td>\n<td valign=\"top\" width=\"85\">\n<p>720 &micro;g<\/p>\n<\/td>\n<\/tr>\n<tr>\n<td rowspan=\"3\" valign=\"top\" width=\"142\">\n<p>Vitamina B12<\/p>\n<\/td>\n<td valign=\"top\" width=\"104\">\n<p>2 gominolas<\/p>\n<\/td>\n<td valign=\"top\" width=\"85\">\n<p>2,4 &micro;g<\/p>\n<\/td>\n<\/tr>\n<tr>\n<td valign=\"top\" width=\"104\">\n<p>4 gominolas<\/p>\n<\/td>\n<td valign=\"top\" width=\"85\">\n<p>4,8 &micro;g<\/p>\n<\/td>\n<\/tr>\n<tr>\n<td valign=\"top\" width=\"104\">\n<p>6 gominolas<\/p>\n<\/td>\n<td valign=\"top\" width=\"85\">\n<p>7,2 &micro;g<\/p>\n<\/td>\n<\/tr>\n<tr>\n<td rowspan=\"3\" valign=\"top\" width=\"142\">\n<p>Sodio<\/p>\n<\/td>\n<td valign=\"top\" width=\"104\">\n<p>2 gominolas<\/p>\n<\/td>\n<td valign=\"top\" width=\"85\">\n<p>12,59 mg<\/p>\n<\/td>\n<\/tr>\n<tr>\n<td valign=\"top\" width=\"104\">\n<p>4 gominolas<\/p>\n<\/td>\n<td valign=\"top\" width=\"85\">\n<p>25,2 mg<\/p>\n<\/td>\n<\/tr>\n<tr>\n<td valign=\"top\" width=\"104\">\n<p>6 gominolas<\/p>\n<\/td>\n<td valign=\"top\" width=\"85\">\n<p>37,8 mg<\/p>\n<\/td>\n<\/tr>\n<\/tbody>\n<\/table>\n<p>&nbsp;<\/p>\n<p>% VRN (Valor de Referencia de Nutrientes)<\/p>\n","protected":false},"excerpt":{"rendered":"<p>El vinagre de manzana contiene levaduras y pectinas que facilitan la digesti&oacute;n, teniendo un efecto prebi&oacute;tico que facilita la generaci&oacute;n de bacterias saludables en el tracto intestinal. As&iacute; mismo, el &aacute;cido ac&eacute;tico mantiene el pH &aacute;cido del est&oacute;mago, haciendo que este se mantenga en condiciones saludables.<\/p>\n<p>Drasanvi formula un producto en formato gominola, que podemos tomar de manera f&aacute;cil y c&oacute;moda sin vernos desagradados por su sabor, a la vez que protegemos la dentina al no entrar en contacto directo con el &aacute;cido.<\/p>\n<p>&nbsp;<\/p>\n<p><a id=\"boton-ficha\" href=\"https:\/\/panel.drasanvi.com\/fichas\/9\/032057616\">Ficha t\u00e9cnica<\/a><\/p>\n","protected":false},"featured_media":0,"template":"","meta":{"inline_featured_image":false},"product_cat":[87],"product_tag":[],"class_list":["post-24309","product","type-product","status-publish","hentry","product_cat-acido-urico"],"yoast_head":"<!-- This site is optimized with the Yoast SEO plugin v27.4 - https:\/\/yoast.com\/product\/yoast-seo-wordpress\/ -->\n<title>Siluet 360\u00ba Apple cider gomitas - Drasanvi Per\u00fa<\/title>\n<meta name=\"robots\" content=\"index, follow, max-snippet:-1, max-image-preview:large, max-video-preview:-1\" \/>\n<link rel=\"canonical\" href=\"https:\/\/drasanvi.com\/pe\/producto\/siluet-360o-apple-cider-gomitas\/\" \/>\n<meta property=\"og:locale\" content=\"es_ES\" \/>\n<meta property=\"og:type\" content=\"article\" \/>\n<meta property=\"og:title\" content=\"Siluet 360\u00ba Apple cider gomitas - Drasanvi Per\u00fa\" \/>\n<meta property=\"og:description\" content=\"El vinagre de manzana contiene levaduras y pectinas que facilitan la digesti&oacute;n, teniendo un efecto prebi&oacute;tico que facilita la generaci&oacute;n de bacterias saludables en el tracto intestinal. As&iacute; mismo, el &aacute;cido ac&eacute;tico mantiene el pH &aacute;cido del est&oacute;mago, haciendo que este se mantenga en condiciones saludables. Drasanvi formula un producto en formato gominola, que podemos tomar de manera f&aacute;cil y c&oacute;moda sin vernos desagradados por su sabor, a la vez que protegemos la dentina al no entrar en contacto directo con el &aacute;cido. &nbsp;Ficha t\u00e9cnica\" \/>\n<meta property=\"og:url\" content=\"https:\/\/drasanvi.com\/pe\/producto\/siluet-360o-apple-cider-gomitas\/\" \/>\n<meta property=\"og:site_name\" content=\"Drasanvi Per\u00fa\" \/>\n<meta property=\"article:modified_time\" content=\"2024-12-10T23:00:05+00:00\" \/>\n<meta name=\"twitter:card\" content=\"summary_large_image\" \/>\n<script type=\"application\/ld+json\" class=\"yoast-schema-graph\">{\"@context\":\"https:\\\/\\\/schema.org\",\"@graph\":[{\"@type\":\"WebPage\",\"@id\":\"https:\\\/\\\/drasanvi.com\\\/pe\\\/producto\\\/siluet-360o-apple-cider-gomitas\\\/\",\"url\":\"https:\\\/\\\/drasanvi.com\\\/pe\\\/producto\\\/siluet-360o-apple-cider-gomitas\\\/\",\"name\":\"Siluet 360\u00ba Apple cider gomitas - Drasanvi Per\u00fa\",\"isPartOf\":{\"@id\":\"https:\\\/\\\/drasanvi.com\\\/pe\\\/#website\"},\"datePublished\":\"2024-12-10T16:00:04+00:00\",\"dateModified\":\"2024-12-10T23:00:05+00:00\",\"breadcrumb\":{\"@id\":\"https:\\\/\\\/drasanvi.com\\\/pe\\\/producto\\\/siluet-360o-apple-cider-gomitas\\\/#breadcrumb\"},\"inLanguage\":\"es\",\"potentialAction\":[{\"@type\":\"ReadAction\",\"target\":[\"https:\\\/\\\/drasanvi.com\\\/pe\\\/producto\\\/siluet-360o-apple-cider-gomitas\\\/\"]}]},{\"@type\":\"BreadcrumbList\",\"@id\":\"https:\\\/\\\/drasanvi.com\\\/pe\\\/producto\\\/siluet-360o-apple-cider-gomitas\\\/#breadcrumb\",\"itemListElement\":[{\"@type\":\"ListItem\",\"position\":1,\"name\":\"Portada\",\"item\":\"https:\\\/\\\/drasanvi.com\\\/pe\\\/\"},{\"@type\":\"ListItem\",\"position\":2,\"name\":\"Tienda\",\"item\":\"https:\\\/\\\/drasanvi.com\\\/pe\\\/tienda\\\/\"},{\"@type\":\"ListItem\",\"position\":3,\"name\":\"Siluet 360\u00ba Apple cider gomitas\"}]},{\"@type\":\"WebSite\",\"@id\":\"https:\\\/\\\/drasanvi.com\\\/pe\\\/#website\",\"url\":\"https:\\\/\\\/drasanvi.com\\\/pe\\\/\",\"name\":\"Drasanvi Per\u00fa\",\"description\":\"L\u00edder en complementos alimenticios y cosm\u00e9tica natural.\",\"publisher\":{\"@id\":\"https:\\\/\\\/drasanvi.com\\\/pe\\\/#organization\"},\"potentialAction\":[{\"@type\":\"SearchAction\",\"target\":{\"@type\":\"EntryPoint\",\"urlTemplate\":\"https:\\\/\\\/drasanvi.com\\\/pe\\\/?s={search_term_string}\"},\"query-input\":{\"@type\":\"PropertyValueSpecification\",\"valueRequired\":true,\"valueName\":\"search_term_string\"}}],\"inLanguage\":\"es\"},{\"@type\":\"Organization\",\"@id\":\"https:\\\/\\\/drasanvi.com\\\/pe\\\/#organization\",\"name\":\"Drasanvi\",\"url\":\"https:\\\/\\\/drasanvi.com\\\/pe\\\/\",\"logo\":{\"@type\":\"ImageObject\",\"inLanguage\":\"es\",\"@id\":\"https:\\\/\\\/drasanvi.com\\\/pe\\\/#\\\/schema\\\/logo\\\/image\\\/\",\"url\":\"https:\\\/\\\/drasanvi.com\\\/wp-content\\\/uploads\\\/sites\\\/5\\\/2021\\\/07\\\/logo-drasanvi.png\",\"contentUrl\":\"https:\\\/\\\/drasanvi.com\\\/wp-content\\\/uploads\\\/sites\\\/5\\\/2021\\\/07\\\/logo-drasanvi.png\",\"width\":900,\"height\":300,\"caption\":\"Drasanvi\"},\"image\":{\"@id\":\"https:\\\/\\\/drasanvi.com\\\/pe\\\/#\\\/schema\\\/logo\\\/image\\\/\"}}]}<\/script>\n<!-- \/ Yoast SEO plugin. -->","yoast_head_json":{"title":"Siluet 360\u00ba Apple cider gomitas - Drasanvi Per\u00fa","robots":{"index":"index","follow":"follow","max-snippet":"max-snippet:-1","max-image-preview":"max-image-preview:large","max-video-preview":"max-video-preview:-1"},"canonical":"https:\/\/drasanvi.com\/pe\/producto\/siluet-360o-apple-cider-gomitas\/","og_locale":"es_ES","og_type":"article","og_title":"Siluet 360\u00ba Apple cider gomitas - Drasanvi Per\u00fa","og_description":"El vinagre de manzana contiene levaduras y pectinas que facilitan la digesti&oacute;n, teniendo un efecto prebi&oacute;tico que facilita la generaci&oacute;n de bacterias saludables en el tracto intestinal. As&iacute; mismo, el &aacute;cido ac&eacute;tico mantiene el pH &aacute;cido del est&oacute;mago, haciendo que este se mantenga en condiciones saludables. Drasanvi formula un producto en formato gominola, que podemos tomar de manera f&aacute;cil y c&oacute;moda sin vernos desagradados por su sabor, a la vez que protegemos la dentina al no entrar en contacto directo con el &aacute;cido. &nbsp;Ficha t\u00e9cnica","og_url":"https:\/\/drasanvi.com\/pe\/producto\/siluet-360o-apple-cider-gomitas\/","og_site_name":"Drasanvi Per\u00fa","article_modified_time":"2024-12-10T23:00:05+00:00","twitter_card":"summary_large_image","schema":{"@context":"https:\/\/schema.org","@graph":[{"@type":"WebPage","@id":"https:\/\/drasanvi.com\/pe\/producto\/siluet-360o-apple-cider-gomitas\/","url":"https:\/\/drasanvi.com\/pe\/producto\/siluet-360o-apple-cider-gomitas\/","name":"Siluet 360\u00ba Apple cider gomitas - Drasanvi Per\u00fa","isPartOf":{"@id":"https:\/\/drasanvi.com\/pe\/#website"},"datePublished":"2024-12-10T16:00:04+00:00","dateModified":"2024-12-10T23:00:05+00:00","breadcrumb":{"@id":"https:\/\/drasanvi.com\/pe\/producto\/siluet-360o-apple-cider-gomitas\/#breadcrumb"},"inLanguage":"es","potentialAction":[{"@type":"ReadAction","target":["https:\/\/drasanvi.com\/pe\/producto\/siluet-360o-apple-cider-gomitas\/"]}]},{"@type":"BreadcrumbList","@id":"https:\/\/drasanvi.com\/pe\/producto\/siluet-360o-apple-cider-gomitas\/#breadcrumb","itemListElement":[{"@type":"ListItem","position":1,"name":"Portada","item":"https:\/\/drasanvi.com\/pe\/"},{"@type":"ListItem","position":2,"name":"Tienda","item":"https:\/\/drasanvi.com\/pe\/tienda\/"},{"@type":"ListItem","position":3,"name":"Siluet 360\u00ba Apple cider gomitas"}]},{"@type":"WebSite","@id":"https:\/\/drasanvi.com\/pe\/#website","url":"https:\/\/drasanvi.com\/pe\/","name":"Drasanvi Per\u00fa","description":"L\u00edder en complementos alimenticios y cosm\u00e9tica natural.","publisher":{"@id":"https:\/\/drasanvi.com\/pe\/#organization"},"potentialAction":[{"@type":"SearchAction","target":{"@type":"EntryPoint","urlTemplate":"https:\/\/drasanvi.com\/pe\/?s={search_term_string}"},"query-input":{"@type":"PropertyValueSpecification","valueRequired":true,"valueName":"search_term_string"}}],"inLanguage":"es"},{"@type":"Organization","@id":"https:\/\/drasanvi.com\/pe\/#organization","name":"Drasanvi","url":"https:\/\/drasanvi.com\/pe\/","logo":{"@type":"ImageObject","inLanguage":"es","@id":"https:\/\/drasanvi.com\/pe\/#\/schema\/logo\/image\/","url":"https:\/\/drasanvi.com\/wp-content\/uploads\/sites\/5\/2021\/07\/logo-drasanvi.png","contentUrl":"https:\/\/drasanvi.com\/wp-content\/uploads\/sites\/5\/2021\/07\/logo-drasanvi.png","width":900,"height":300,"caption":"Drasanvi"},"image":{"@id":"https:\/\/drasanvi.com\/pe\/#\/schema\/logo\/image\/"}}]}},"_links":{"self":[{"href":"https:\/\/drasanvi.com\/pe\/wp-json\/wp\/v2\/product\/24309","targetHints":{"allow":["GET"]}}],"collection":[{"href":"https:\/\/drasanvi.com\/pe\/wp-json\/wp\/v2\/product"}],"about":[{"href":"https:\/\/drasanvi.com\/pe\/wp-json\/wp\/v2\/types\/product"}],"version-history":[{"count":1,"href":"https:\/\/drasanvi.com\/pe\/wp-json\/wp\/v2\/product\/24309\/revisions"}],"predecessor-version":[{"id":24310,"href":"https:\/\/drasanvi.com\/pe\/wp-json\/wp\/v2\/product\/24309\/revisions\/24310"}],"wp:attachment":[{"href":"https:\/\/drasanvi.com\/pe\/wp-json\/wp\/v2\/media?parent=24309"}],"wp:term":[{"taxonomy":"product_cat","embeddable":true,"href":"https:\/\/drasanvi.com\/pe\/wp-json\/wp\/v2\/product_cat?post=24309"},{"taxonomy":"product_tag","embeddable":true,"href":"https:\/\/drasanvi.com\/pe\/wp-json\/wp\/v2\/product_tag?post=24309"}],"curies":[{"name":"wp","href":"https:\/\/api.w.org\/{rel}","templated":true}]}}