{"id":24305,"date":"2024-11-07T17:00:05","date_gmt":"2024-11-07T15:00:05","guid":{"rendered":"https:\/\/drasanvi.com\/pe\/?post_type=product&#038;p=24305"},"modified":"2024-11-08T01:00:07","modified_gmt":"2024-11-07T23:00:07","slug":"vinagre-de-manzana-sin-filtrar-bio-750-ml-keto-drasanvi","status":"publish","type":"product","link":"https:\/\/drasanvi.com\/pe\/producto\/vinagre-de-manzana-sin-filtrar-bio-750-ml-keto-drasanvi\/","title":{"rendered":"Vinagre de Manzana Sin Filtrar Bio 750 ml Keto Drasanvi"},"content":{"rendered":"<p>El&nbsp;<strong>vinagre de manzana Keto<\/strong> de Drasanvi est&aacute; elaborado a partir de manzanas procedentes de la <strong>agricultura ecol&oacute;gica<\/strong>, conservando, de esta manera, los beneficios naturales del vinagre, a la vez que respeta el medio ambiente. El vinagre de manzana Keto no ha sufrido procesos de filtrado ni pasteurizaci&oacute;n por lo que conserva todas sus propiedades.<\/p>\n<h2>Ingredientes<\/h2>\n<p>Vinagre de manzana sin filtrar.*<\/p>\n<p>*Procedente de Agricultura Ecol&oacute;gica.<\/p>\n<h2>Modo de uso<\/h2>\n<p>Aderezo de ensaladas vinagretas. Ingrediente fundamental en escabeches y marinados. Conservante natural en encurtidos. Preparaci&oacute;n de bebida mezclado con agua y miel.<\/p>\n<h2>Presentaci\u00f3n<\/h2>\n<p>Envase de 75 cl<\/p>\n<h2>Advertencias<\/h2>\n<p>Advertencias:&nbsp; Debido a que no ha sido filtrado, puede haber variaciones de color y turbidez.<\/p>\n<h2>Valores nutricionales<\/h2>\n<p>Por cada 100 g<\/p>\n<table>\n<tbody>\n<tr>\n<td><strong>Valor energ&eacute;tico<\/strong><\/td>\n<td><strong>19,2 kJ\/ 4,6 kcal<\/strong><\/td>\n<\/tr>\n<tr>\n<td><strong>Grasas <\/strong><em>De las cuales saturadas<\/em><\/td>\n<td><strong>0 g 0<\/strong><em>&nbsp;g<\/em><\/td>\n<\/tr>\n<tr>\n<td><em><strong>&nbsp;Hidratos de carbono <\/strong><em>De los cuales az&uacute;cares<\/em><\/em><\/td>\n<td><strong><em>1,1 g <\/em><\/strong><em>&lt;0,5&nbsp;g<\/em><\/td>\n<\/tr>\n<tr>\n<td><strong>Prote&iacute;nas <\/strong><\/td>\n<td><strong>&lt;0,5 g<\/strong><\/td>\n<\/tr>\n<tr>\n<td><strong>Sal<\/strong><\/td>\n<td><strong>0,01 g<\/strong><\/td>\n<\/tr>\n<\/tbody>\n<\/table>\n","protected":false},"excerpt":{"rendered":"<p>El&nbsp;<strong>vinagre de manzana Keto<\/strong> de Drasanvi est&aacute; elaborado a partir de manzanas procedentes de la <strong>agricultura ecol&oacute;gica<\/strong>, conservando, de esta manera, los beneficios naturales del vinagre, a la vez que respeta el medio ambiente. El vinagre de manzana Keto no ha sufrido procesos de filtrado ni pasteurizaci&oacute;n por lo que conserva todas sus propiedades.<\/p>\n<p><a id=\"boton-ficha\" href=\"https:\/\/panel.drasanvi.com\/fichas\/9\/032057535\">Ficha t\u00e9cnica<\/a><\/p>\n","protected":false},"featured_media":0,"template":"","meta":{"inline_featured_image":false},"product_cat":[87],"product_tag":[],"class_list":["post-24305","product","type-product","status-publish","hentry","product_cat-acido-urico"],"yoast_head":"<!-- This site is optimized with the Yoast SEO plugin v27.4 - https:\/\/yoast.com\/product\/yoast-seo-wordpress\/ -->\n<title>Vinagre de Manzana Sin Filtrar Bio 750 ml Keto Drasanvi - Drasanvi Per\u00fa<\/title>\n<meta name=\"robots\" content=\"index, follow, max-snippet:-1, max-image-preview:large, max-video-preview:-1\" \/>\n<link rel=\"canonical\" href=\"https:\/\/drasanvi.com\/pe\/producto\/vinagre-de-manzana-sin-filtrar-bio-750-ml-keto-drasanvi\/\" \/>\n<meta property=\"og:locale\" content=\"es_ES\" \/>\n<meta property=\"og:type\" content=\"article\" \/>\n<meta property=\"og:title\" content=\"Vinagre de Manzana Sin Filtrar Bio 750 ml Keto Drasanvi - Drasanvi Per\u00fa\" \/>\n<meta property=\"og:description\" content=\"El&nbsp;vinagre de manzana Keto de Drasanvi est&aacute; elaborado a partir de manzanas procedentes de la agricultura ecol&oacute;gica, conservando, de esta manera, los beneficios naturales del vinagre, a la vez que respeta el medio ambiente. El vinagre de manzana Keto no ha sufrido procesos de filtrado ni pasteurizaci&oacute;n por lo que conserva todas sus propiedades.Ficha t\u00e9cnica\" \/>\n<meta property=\"og:url\" content=\"https:\/\/drasanvi.com\/pe\/producto\/vinagre-de-manzana-sin-filtrar-bio-750-ml-keto-drasanvi\/\" \/>\n<meta property=\"og:site_name\" content=\"Drasanvi Per\u00fa\" \/>\n<meta property=\"article:modified_time\" content=\"2024-11-07T23:00:07+00:00\" \/>\n<meta name=\"twitter:card\" content=\"summary_large_image\" \/>\n<script type=\"application\/ld+json\" class=\"yoast-schema-graph\">{\"@context\":\"https:\\\/\\\/schema.org\",\"@graph\":[{\"@type\":\"WebPage\",\"@id\":\"https:\\\/\\\/drasanvi.com\\\/pe\\\/producto\\\/vinagre-de-manzana-sin-filtrar-bio-750-ml-keto-drasanvi\\\/\",\"url\":\"https:\\\/\\\/drasanvi.com\\\/pe\\\/producto\\\/vinagre-de-manzana-sin-filtrar-bio-750-ml-keto-drasanvi\\\/\",\"name\":\"Vinagre de Manzana Sin Filtrar Bio 750 ml Keto Drasanvi - Drasanvi Per\u00fa\",\"isPartOf\":{\"@id\":\"https:\\\/\\\/drasanvi.com\\\/pe\\\/#website\"},\"datePublished\":\"2024-11-07T15:00:05+00:00\",\"dateModified\":\"2024-11-07T23:00:07+00:00\",\"breadcrumb\":{\"@id\":\"https:\\\/\\\/drasanvi.com\\\/pe\\\/producto\\\/vinagre-de-manzana-sin-filtrar-bio-750-ml-keto-drasanvi\\\/#breadcrumb\"},\"inLanguage\":\"es\",\"potentialAction\":[{\"@type\":\"ReadAction\",\"target\":[\"https:\\\/\\\/drasanvi.com\\\/pe\\\/producto\\\/vinagre-de-manzana-sin-filtrar-bio-750-ml-keto-drasanvi\\\/\"]}]},{\"@type\":\"BreadcrumbList\",\"@id\":\"https:\\\/\\\/drasanvi.com\\\/pe\\\/producto\\\/vinagre-de-manzana-sin-filtrar-bio-750-ml-keto-drasanvi\\\/#breadcrumb\",\"itemListElement\":[{\"@type\":\"ListItem\",\"position\":1,\"name\":\"Portada\",\"item\":\"https:\\\/\\\/drasanvi.com\\\/pe\\\/\"},{\"@type\":\"ListItem\",\"position\":2,\"name\":\"Tienda\",\"item\":\"https:\\\/\\\/drasanvi.com\\\/pe\\\/tienda\\\/\"},{\"@type\":\"ListItem\",\"position\":3,\"name\":\"Vinagre de Manzana Sin Filtrar Bio 750 ml Keto Drasanvi\"}]},{\"@type\":\"WebSite\",\"@id\":\"https:\\\/\\\/drasanvi.com\\\/pe\\\/#website\",\"url\":\"https:\\\/\\\/drasanvi.com\\\/pe\\\/\",\"name\":\"Drasanvi Per\u00fa\",\"description\":\"L\u00edder en complementos alimenticios y cosm\u00e9tica natural.\",\"publisher\":{\"@id\":\"https:\\\/\\\/drasanvi.com\\\/pe\\\/#organization\"},\"potentialAction\":[{\"@type\":\"SearchAction\",\"target\":{\"@type\":\"EntryPoint\",\"urlTemplate\":\"https:\\\/\\\/drasanvi.com\\\/pe\\\/?s={search_term_string}\"},\"query-input\":{\"@type\":\"PropertyValueSpecification\",\"valueRequired\":true,\"valueName\":\"search_term_string\"}}],\"inLanguage\":\"es\"},{\"@type\":\"Organization\",\"@id\":\"https:\\\/\\\/drasanvi.com\\\/pe\\\/#organization\",\"name\":\"Drasanvi\",\"url\":\"https:\\\/\\\/drasanvi.com\\\/pe\\\/\",\"logo\":{\"@type\":\"ImageObject\",\"inLanguage\":\"es\",\"@id\":\"https:\\\/\\\/drasanvi.com\\\/pe\\\/#\\\/schema\\\/logo\\\/image\\\/\",\"url\":\"https:\\\/\\\/drasanvi.com\\\/wp-content\\\/uploads\\\/sites\\\/5\\\/2021\\\/07\\\/logo-drasanvi.png\",\"contentUrl\":\"https:\\\/\\\/drasanvi.com\\\/wp-content\\\/uploads\\\/sites\\\/5\\\/2021\\\/07\\\/logo-drasanvi.png\",\"width\":900,\"height\":300,\"caption\":\"Drasanvi\"},\"image\":{\"@id\":\"https:\\\/\\\/drasanvi.com\\\/pe\\\/#\\\/schema\\\/logo\\\/image\\\/\"}}]}<\/script>\n<!-- \/ Yoast SEO plugin. -->","yoast_head_json":{"title":"Vinagre de Manzana Sin Filtrar Bio 750 ml Keto Drasanvi - Drasanvi Per\u00fa","robots":{"index":"index","follow":"follow","max-snippet":"max-snippet:-1","max-image-preview":"max-image-preview:large","max-video-preview":"max-video-preview:-1"},"canonical":"https:\/\/drasanvi.com\/pe\/producto\/vinagre-de-manzana-sin-filtrar-bio-750-ml-keto-drasanvi\/","og_locale":"es_ES","og_type":"article","og_title":"Vinagre de Manzana Sin Filtrar Bio 750 ml Keto Drasanvi - Drasanvi Per\u00fa","og_description":"El&nbsp;vinagre de manzana Keto de Drasanvi est&aacute; elaborado a partir de manzanas procedentes de la agricultura ecol&oacute;gica, conservando, de esta manera, los beneficios naturales del vinagre, a la vez que respeta el medio ambiente. El vinagre de manzana Keto no ha sufrido procesos de filtrado ni pasteurizaci&oacute;n por lo que conserva todas sus propiedades.Ficha t\u00e9cnica","og_url":"https:\/\/drasanvi.com\/pe\/producto\/vinagre-de-manzana-sin-filtrar-bio-750-ml-keto-drasanvi\/","og_site_name":"Drasanvi Per\u00fa","article_modified_time":"2024-11-07T23:00:07+00:00","twitter_card":"summary_large_image","schema":{"@context":"https:\/\/schema.org","@graph":[{"@type":"WebPage","@id":"https:\/\/drasanvi.com\/pe\/producto\/vinagre-de-manzana-sin-filtrar-bio-750-ml-keto-drasanvi\/","url":"https:\/\/drasanvi.com\/pe\/producto\/vinagre-de-manzana-sin-filtrar-bio-750-ml-keto-drasanvi\/","name":"Vinagre de Manzana Sin Filtrar Bio 750 ml Keto Drasanvi - Drasanvi Per\u00fa","isPartOf":{"@id":"https:\/\/drasanvi.com\/pe\/#website"},"datePublished":"2024-11-07T15:00:05+00:00","dateModified":"2024-11-07T23:00:07+00:00","breadcrumb":{"@id":"https:\/\/drasanvi.com\/pe\/producto\/vinagre-de-manzana-sin-filtrar-bio-750-ml-keto-drasanvi\/#breadcrumb"},"inLanguage":"es","potentialAction":[{"@type":"ReadAction","target":["https:\/\/drasanvi.com\/pe\/producto\/vinagre-de-manzana-sin-filtrar-bio-750-ml-keto-drasanvi\/"]}]},{"@type":"BreadcrumbList","@id":"https:\/\/drasanvi.com\/pe\/producto\/vinagre-de-manzana-sin-filtrar-bio-750-ml-keto-drasanvi\/#breadcrumb","itemListElement":[{"@type":"ListItem","position":1,"name":"Portada","item":"https:\/\/drasanvi.com\/pe\/"},{"@type":"ListItem","position":2,"name":"Tienda","item":"https:\/\/drasanvi.com\/pe\/tienda\/"},{"@type":"ListItem","position":3,"name":"Vinagre de Manzana Sin Filtrar Bio 750 ml Keto Drasanvi"}]},{"@type":"WebSite","@id":"https:\/\/drasanvi.com\/pe\/#website","url":"https:\/\/drasanvi.com\/pe\/","name":"Drasanvi Per\u00fa","description":"L\u00edder en complementos alimenticios y cosm\u00e9tica natural.","publisher":{"@id":"https:\/\/drasanvi.com\/pe\/#organization"},"potentialAction":[{"@type":"SearchAction","target":{"@type":"EntryPoint","urlTemplate":"https:\/\/drasanvi.com\/pe\/?s={search_term_string}"},"query-input":{"@type":"PropertyValueSpecification","valueRequired":true,"valueName":"search_term_string"}}],"inLanguage":"es"},{"@type":"Organization","@id":"https:\/\/drasanvi.com\/pe\/#organization","name":"Drasanvi","url":"https:\/\/drasanvi.com\/pe\/","logo":{"@type":"ImageObject","inLanguage":"es","@id":"https:\/\/drasanvi.com\/pe\/#\/schema\/logo\/image\/","url":"https:\/\/drasanvi.com\/wp-content\/uploads\/sites\/5\/2021\/07\/logo-drasanvi.png","contentUrl":"https:\/\/drasanvi.com\/wp-content\/uploads\/sites\/5\/2021\/07\/logo-drasanvi.png","width":900,"height":300,"caption":"Drasanvi"},"image":{"@id":"https:\/\/drasanvi.com\/pe\/#\/schema\/logo\/image\/"}}]}},"_links":{"self":[{"href":"https:\/\/drasanvi.com\/pe\/wp-json\/wp\/v2\/product\/24305","targetHints":{"allow":["GET"]}}],"collection":[{"href":"https:\/\/drasanvi.com\/pe\/wp-json\/wp\/v2\/product"}],"about":[{"href":"https:\/\/drasanvi.com\/pe\/wp-json\/wp\/v2\/types\/product"}],"version-history":[{"count":1,"href":"https:\/\/drasanvi.com\/pe\/wp-json\/wp\/v2\/product\/24305\/revisions"}],"predecessor-version":[{"id":24308,"href":"https:\/\/drasanvi.com\/pe\/wp-json\/wp\/v2\/product\/24305\/revisions\/24308"}],"wp:attachment":[{"href":"https:\/\/drasanvi.com\/pe\/wp-json\/wp\/v2\/media?parent=24305"}],"wp:term":[{"taxonomy":"product_cat","embeddable":true,"href":"https:\/\/drasanvi.com\/pe\/wp-json\/wp\/v2\/product_cat?post=24305"},{"taxonomy":"product_tag","embeddable":true,"href":"https:\/\/drasanvi.com\/pe\/wp-json\/wp\/v2\/product_tag?post=24305"}],"curies":[{"name":"wp","href":"https:\/\/api.w.org\/{rel}","templated":true}]}}