{"id":24301,"date":"2024-11-07T17:00:04","date_gmt":"2024-11-07T15:00:04","guid":{"rendered":"https:\/\/drasanvi.com\/pe\/?post_type=product&#038;p=24301"},"modified":"2024-11-08T01:00:06","modified_gmt":"2024-11-07T23:00:06","slug":"matcha-ceremonial-bio-70-g-superalimentos-drasanvi","status":"publish","type":"product","link":"https:\/\/drasanvi.com\/pe\/producto\/matcha-ceremonial-bio-70-g-superalimentos-drasanvi\/","title":{"rendered":"Matcha ceremonial Bio 70 g superalimentos Drasanvi"},"content":{"rendered":"<p>El T&eacute; matcha se lleva usando durante milenios en Jap&oacute;n en las populares ceremonias del t&eacute;.&nbsp; Est&aacute; hecho de hojas de t&eacute; cultivadas a la sombra, evitando la luz solar directa y estimulando el crecimiento de la clorofila. Solo los brotes de t&eacute; m&aacute;s finos se recogen yse secan para crear el polvo fino de color verde brillante. Tiene un sabor &uacute;nico y distintivo. Mientras m&aacute;s alta sea la calidad, m&aacute;s dulce y menos astringente es el sabor. El T&eacute; Matcha tambi&eacute;n se puede utilizar como ingrediente alimentario en la preparaci&oacute;n de numerosos platos<\/p>\n<h2>Ingredientes<\/h2>\n<p>&nbsp;Matcha ceremonial en polvo**Procedente de agricultura ecol&oacute;gica<em>Camellia sinensis&nbsp;<\/em><\/p>\n<h2>Modo de uso<\/h2>\n<p>Para preparar T&eacute; MatchaA&ntilde;adir 1\/2 cucharadita de T&eacute; Matcha&nbsp; a un vaso de agua caliente y mezclar hasta su completa disoluci&oacute;nOtros usosA&ntilde;adir 1 cucharadita de Matcha a smoothies, batidos y platos de reposter&iacute;a<\/p>\n<h2>Presentaci\u00f3n<\/h2>\n<p>Envase de 70 g (2.47 oz)<\/p>\n<h2>Advertencias<\/h2>\n<p>Conservar en un lugar fresco y seco.&nbsp;<\/p>\n<p>Libre de al&eacute;rgenos.<\/p>\n<h2>Valores nutricionales<\/h2>\n<p>Por 100 g<\/p>\n<table>\n<tbody>\n<tr>\n<td>Valor energ&eacute;tico<\/td>\n<td>1381 kJ \/ 330 kcal<\/td>\n<\/tr>\n<tr>\n<td>Grasas<\/td>\n<td>4,2 g<\/td>\n<\/tr>\n<tr>\n<td>de las cuales saturadas<\/td>\n<td>0 g<\/td>\n<\/tr>\n<tr>\n<td>Hidratos de carbono<\/td>\n<td>52,2 g<\/td>\n<\/tr>\n<tr>\n<td>de los cuales az&uacute;cares<\/td>\n<td>0 g<\/td>\n<\/tr>\n<tr>\n<td>Fibra alimentaria<\/td>\n<td>43,6 g<\/td>\n<\/tr>\n<tr>\n<td>Prote&iacute;nas<\/td>\n<td>20,9 g<\/td>\n<\/tr>\n<tr>\n<td>Sal<\/td>\n<td>&nbsp;0 g<\/td>\n<\/tr>\n<\/tbody>\n<\/table>\n","protected":false},"excerpt":{"rendered":"<p>El T&eacute; matcha se lleva usando durante milenios en Jap&oacute;n en las populares ceremonias del t&eacute;.&nbsp; Est&aacute; hecho de hojas de t&eacute; cultivadas a la sombra, evitando la luz solar directa y estimulando el crecimiento de la clorofila. Solo los brotes de t&eacute; m&aacute;s finos se recogen yse secan para crear el polvo fino de color verde brillante. Tiene un sabor &uacute;nico y distintivo. Mientras m&aacute;s alta sea la calidad, m&aacute;s dulce y menos astringente es el sabor. El T&eacute; Matcha tambi&eacute;n se puede utilizar como ingrediente alimentario en la preparaci&oacute;n de numerosos platos<\/p>\n<p><a id=\"boton-ficha\" href=\"https:\/\/panel.drasanvi.com\/fichas\/9\/032010178\">Ficha t\u00e9cnica<\/a><\/p>\n","protected":false},"featured_media":0,"template":"","meta":{"inline_featured_image":false},"product_cat":[87],"product_tag":[],"class_list":["post-24301","product","type-product","status-publish","hentry","product_cat-acido-urico"],"yoast_head":"<!-- This site is optimized with the Yoast SEO plugin v27.4 - https:\/\/yoast.com\/product\/yoast-seo-wordpress\/ -->\n<title>Matcha ceremonial Bio 70 g superalimentos Drasanvi - Drasanvi Per\u00fa<\/title>\n<meta name=\"robots\" content=\"index, follow, max-snippet:-1, max-image-preview:large, max-video-preview:-1\" \/>\n<link rel=\"canonical\" href=\"https:\/\/drasanvi.com\/pe\/producto\/matcha-ceremonial-bio-70-g-superalimentos-drasanvi\/\" \/>\n<meta property=\"og:locale\" content=\"es_ES\" \/>\n<meta property=\"og:type\" content=\"article\" \/>\n<meta property=\"og:title\" content=\"Matcha ceremonial Bio 70 g superalimentos Drasanvi - Drasanvi Per\u00fa\" \/>\n<meta property=\"og:description\" content=\"El T&eacute; matcha se lleva usando durante milenios en Jap&oacute;n en las populares ceremonias del t&eacute;.&nbsp; Est&aacute; hecho de hojas de t&eacute; cultivadas a la sombra, evitando la luz solar directa y estimulando el crecimiento de la clorofila. Solo los brotes de t&eacute; m&aacute;s finos se recogen yse secan para crear el polvo fino de color verde brillante. Tiene un sabor &uacute;nico y distintivo. Mientras m&aacute;s alta sea la calidad, m&aacute;s dulce y menos astringente es el sabor. El T&eacute; Matcha tambi&eacute;n se puede utilizar como ingrediente alimentario en la preparaci&oacute;n de numerosos platosFicha t\u00e9cnica\" \/>\n<meta property=\"og:url\" content=\"https:\/\/drasanvi.com\/pe\/producto\/matcha-ceremonial-bio-70-g-superalimentos-drasanvi\/\" \/>\n<meta property=\"og:site_name\" content=\"Drasanvi Per\u00fa\" \/>\n<meta property=\"article:modified_time\" content=\"2024-11-07T23:00:06+00:00\" \/>\n<meta name=\"twitter:card\" content=\"summary_large_image\" \/>\n<script type=\"application\/ld+json\" class=\"yoast-schema-graph\">{\"@context\":\"https:\\\/\\\/schema.org\",\"@graph\":[{\"@type\":\"WebPage\",\"@id\":\"https:\\\/\\\/drasanvi.com\\\/pe\\\/producto\\\/matcha-ceremonial-bio-70-g-superalimentos-drasanvi\\\/\",\"url\":\"https:\\\/\\\/drasanvi.com\\\/pe\\\/producto\\\/matcha-ceremonial-bio-70-g-superalimentos-drasanvi\\\/\",\"name\":\"Matcha ceremonial Bio 70 g superalimentos Drasanvi - Drasanvi Per\u00fa\",\"isPartOf\":{\"@id\":\"https:\\\/\\\/drasanvi.com\\\/pe\\\/#website\"},\"datePublished\":\"2024-11-07T15:00:04+00:00\",\"dateModified\":\"2024-11-07T23:00:06+00:00\",\"breadcrumb\":{\"@id\":\"https:\\\/\\\/drasanvi.com\\\/pe\\\/producto\\\/matcha-ceremonial-bio-70-g-superalimentos-drasanvi\\\/#breadcrumb\"},\"inLanguage\":\"es\",\"potentialAction\":[{\"@type\":\"ReadAction\",\"target\":[\"https:\\\/\\\/drasanvi.com\\\/pe\\\/producto\\\/matcha-ceremonial-bio-70-g-superalimentos-drasanvi\\\/\"]}]},{\"@type\":\"BreadcrumbList\",\"@id\":\"https:\\\/\\\/drasanvi.com\\\/pe\\\/producto\\\/matcha-ceremonial-bio-70-g-superalimentos-drasanvi\\\/#breadcrumb\",\"itemListElement\":[{\"@type\":\"ListItem\",\"position\":1,\"name\":\"Portada\",\"item\":\"https:\\\/\\\/drasanvi.com\\\/pe\\\/\"},{\"@type\":\"ListItem\",\"position\":2,\"name\":\"Tienda\",\"item\":\"https:\\\/\\\/drasanvi.com\\\/pe\\\/tienda\\\/\"},{\"@type\":\"ListItem\",\"position\":3,\"name\":\"Matcha ceremonial Bio 70 g superalimentos Drasanvi\"}]},{\"@type\":\"WebSite\",\"@id\":\"https:\\\/\\\/drasanvi.com\\\/pe\\\/#website\",\"url\":\"https:\\\/\\\/drasanvi.com\\\/pe\\\/\",\"name\":\"Drasanvi Per\u00fa\",\"description\":\"L\u00edder en complementos alimenticios y cosm\u00e9tica natural.\",\"publisher\":{\"@id\":\"https:\\\/\\\/drasanvi.com\\\/pe\\\/#organization\"},\"potentialAction\":[{\"@type\":\"SearchAction\",\"target\":{\"@type\":\"EntryPoint\",\"urlTemplate\":\"https:\\\/\\\/drasanvi.com\\\/pe\\\/?s={search_term_string}\"},\"query-input\":{\"@type\":\"PropertyValueSpecification\",\"valueRequired\":true,\"valueName\":\"search_term_string\"}}],\"inLanguage\":\"es\"},{\"@type\":\"Organization\",\"@id\":\"https:\\\/\\\/drasanvi.com\\\/pe\\\/#organization\",\"name\":\"Drasanvi\",\"url\":\"https:\\\/\\\/drasanvi.com\\\/pe\\\/\",\"logo\":{\"@type\":\"ImageObject\",\"inLanguage\":\"es\",\"@id\":\"https:\\\/\\\/drasanvi.com\\\/pe\\\/#\\\/schema\\\/logo\\\/image\\\/\",\"url\":\"https:\\\/\\\/drasanvi.com\\\/wp-content\\\/uploads\\\/sites\\\/5\\\/2021\\\/07\\\/logo-drasanvi.png\",\"contentUrl\":\"https:\\\/\\\/drasanvi.com\\\/wp-content\\\/uploads\\\/sites\\\/5\\\/2021\\\/07\\\/logo-drasanvi.png\",\"width\":900,\"height\":300,\"caption\":\"Drasanvi\"},\"image\":{\"@id\":\"https:\\\/\\\/drasanvi.com\\\/pe\\\/#\\\/schema\\\/logo\\\/image\\\/\"}}]}<\/script>\n<!-- \/ Yoast SEO plugin. -->","yoast_head_json":{"title":"Matcha ceremonial Bio 70 g superalimentos Drasanvi - Drasanvi Per\u00fa","robots":{"index":"index","follow":"follow","max-snippet":"max-snippet:-1","max-image-preview":"max-image-preview:large","max-video-preview":"max-video-preview:-1"},"canonical":"https:\/\/drasanvi.com\/pe\/producto\/matcha-ceremonial-bio-70-g-superalimentos-drasanvi\/","og_locale":"es_ES","og_type":"article","og_title":"Matcha ceremonial Bio 70 g superalimentos Drasanvi - Drasanvi Per\u00fa","og_description":"El T&eacute; matcha se lleva usando durante milenios en Jap&oacute;n en las populares ceremonias del t&eacute;.&nbsp; Est&aacute; hecho de hojas de t&eacute; cultivadas a la sombra, evitando la luz solar directa y estimulando el crecimiento de la clorofila. Solo los brotes de t&eacute; m&aacute;s finos se recogen yse secan para crear el polvo fino de color verde brillante. Tiene un sabor &uacute;nico y distintivo. Mientras m&aacute;s alta sea la calidad, m&aacute;s dulce y menos astringente es el sabor. El T&eacute; Matcha tambi&eacute;n se puede utilizar como ingrediente alimentario en la preparaci&oacute;n de numerosos platosFicha t\u00e9cnica","og_url":"https:\/\/drasanvi.com\/pe\/producto\/matcha-ceremonial-bio-70-g-superalimentos-drasanvi\/","og_site_name":"Drasanvi Per\u00fa","article_modified_time":"2024-11-07T23:00:06+00:00","twitter_card":"summary_large_image","schema":{"@context":"https:\/\/schema.org","@graph":[{"@type":"WebPage","@id":"https:\/\/drasanvi.com\/pe\/producto\/matcha-ceremonial-bio-70-g-superalimentos-drasanvi\/","url":"https:\/\/drasanvi.com\/pe\/producto\/matcha-ceremonial-bio-70-g-superalimentos-drasanvi\/","name":"Matcha ceremonial Bio 70 g superalimentos Drasanvi - Drasanvi Per\u00fa","isPartOf":{"@id":"https:\/\/drasanvi.com\/pe\/#website"},"datePublished":"2024-11-07T15:00:04+00:00","dateModified":"2024-11-07T23:00:06+00:00","breadcrumb":{"@id":"https:\/\/drasanvi.com\/pe\/producto\/matcha-ceremonial-bio-70-g-superalimentos-drasanvi\/#breadcrumb"},"inLanguage":"es","potentialAction":[{"@type":"ReadAction","target":["https:\/\/drasanvi.com\/pe\/producto\/matcha-ceremonial-bio-70-g-superalimentos-drasanvi\/"]}]},{"@type":"BreadcrumbList","@id":"https:\/\/drasanvi.com\/pe\/producto\/matcha-ceremonial-bio-70-g-superalimentos-drasanvi\/#breadcrumb","itemListElement":[{"@type":"ListItem","position":1,"name":"Portada","item":"https:\/\/drasanvi.com\/pe\/"},{"@type":"ListItem","position":2,"name":"Tienda","item":"https:\/\/drasanvi.com\/pe\/tienda\/"},{"@type":"ListItem","position":3,"name":"Matcha ceremonial Bio 70 g superalimentos Drasanvi"}]},{"@type":"WebSite","@id":"https:\/\/drasanvi.com\/pe\/#website","url":"https:\/\/drasanvi.com\/pe\/","name":"Drasanvi Per\u00fa","description":"L\u00edder en complementos alimenticios y cosm\u00e9tica natural.","publisher":{"@id":"https:\/\/drasanvi.com\/pe\/#organization"},"potentialAction":[{"@type":"SearchAction","target":{"@type":"EntryPoint","urlTemplate":"https:\/\/drasanvi.com\/pe\/?s={search_term_string}"},"query-input":{"@type":"PropertyValueSpecification","valueRequired":true,"valueName":"search_term_string"}}],"inLanguage":"es"},{"@type":"Organization","@id":"https:\/\/drasanvi.com\/pe\/#organization","name":"Drasanvi","url":"https:\/\/drasanvi.com\/pe\/","logo":{"@type":"ImageObject","inLanguage":"es","@id":"https:\/\/drasanvi.com\/pe\/#\/schema\/logo\/image\/","url":"https:\/\/drasanvi.com\/wp-content\/uploads\/sites\/5\/2021\/07\/logo-drasanvi.png","contentUrl":"https:\/\/drasanvi.com\/wp-content\/uploads\/sites\/5\/2021\/07\/logo-drasanvi.png","width":900,"height":300,"caption":"Drasanvi"},"image":{"@id":"https:\/\/drasanvi.com\/pe\/#\/schema\/logo\/image\/"}}]}},"_links":{"self":[{"href":"https:\/\/drasanvi.com\/pe\/wp-json\/wp\/v2\/product\/24301","targetHints":{"allow":["GET"]}}],"collection":[{"href":"https:\/\/drasanvi.com\/pe\/wp-json\/wp\/v2\/product"}],"about":[{"href":"https:\/\/drasanvi.com\/pe\/wp-json\/wp\/v2\/types\/product"}],"version-history":[{"count":1,"href":"https:\/\/drasanvi.com\/pe\/wp-json\/wp\/v2\/product\/24301\/revisions"}],"predecessor-version":[{"id":24307,"href":"https:\/\/drasanvi.com\/pe\/wp-json\/wp\/v2\/product\/24301\/revisions\/24307"}],"wp:attachment":[{"href":"https:\/\/drasanvi.com\/pe\/wp-json\/wp\/v2\/media?parent=24301"}],"wp:term":[{"taxonomy":"product_cat","embeddable":true,"href":"https:\/\/drasanvi.com\/pe\/wp-json\/wp\/v2\/product_cat?post=24301"},{"taxonomy":"product_tag","embeddable":true,"href":"https:\/\/drasanvi.com\/pe\/wp-json\/wp\/v2\/product_tag?post=24301"}],"curies":[{"name":"wp","href":"https:\/\/api.w.org\/{rel}","templated":true}]}}