{"id":24285,"date":"2024-11-07T15:00:05","date_gmt":"2024-11-07T13:00:05","guid":{"rendered":"https:\/\/drasanvi.com\/pe\/?post_type=product&#038;p=24285"},"modified":"2024-11-08T01:00:06","modified_gmt":"2024-11-07T23:00:06","slug":"oseogen-articular-polvo-375-g-drasanvi","status":"publish","type":"product","link":"https:\/\/drasanvi.com\/pe\/producto\/oseogen-articular-polvo-375-g-drasanvi\/","title":{"rendered":"Oseogen Articular Polvo 375 g Drasanvi"},"content":{"rendered":"<p>Contribuye a la formaci&oacute;n de col&aacute;geno para el funcionamiento normal de cart&iacute;lagos y huesos. Oseogen articular es un complemento alimenticio &uacute;nico que incorpora en su composici&oacute;n nutrientes como el col&aacute;geno marino, el cart&iacute;lago de tibur&oacute;n, la condroitina y el sulfato de glucosamina. Adem&aacute;s de la alta concentraci&oacute;n de los nutrientes ya se&ntilde;alados, cabe destacar la presencia de 8 Vitaminas (7 de ellas aportan un 100% de cantidad diaria recomendada) y de minerales esenciales. Su forma en polvo facilita la toma al presentar una f&aacute;cil disoluci&oacute;n y un sabor agradable a naranja.<\/p>\n<h2>Ingredientes<\/h2>\n<p>Fructosa<em>&nbsp;<\/em>, <b style=\"text-decoration: underline\">Cartilago de tibur&oacute;n<\/b><em>(Contiene PESCADO) (Glucosamina 10% y Condroitina 17%)<\/em>1600 mg, <b style=\"text-decoration: underline\">Col&aacute;geno marino hidrolizado<\/b><em>(Contiene PESCADO)<\/em>800 mg, Fosfato de calcio<em>&nbsp;<\/em>400 mg, Citrato de calcio<em>&nbsp;<\/em>370 mg, <b style=\"text-decoration: underline\">Sulfato de glucosamina<\/b><em>(Contiene CRUST&Aacute;CEOS) (Procedente de crust&aacute;ceos)<\/em>320 mg, Citrato de magnesio<em>&nbsp;<\/em>277 mg, Aroma&nbsp;<em>(Aroma de Naranja)<\/em>, Antiaglomerante<em>(Di&oacute;xido de silicio)<\/em>, Carbonato de calcio<em>&nbsp;<\/em>200 mg, <b style=\"text-decoration: underline\">Sulfato de condroitina<\/b><em>(Contiene PESCADO)<\/em>160 mg, Acidulante<em>(&Aacute;cido c&iacute;trico)<\/em>, &Oacute;xido de magnesio<em>&nbsp;<\/em>100 mg, Bromelaina<em>(Procedente de la pi&ntilde;a)<\/em>80 mg, Vitamina C<em>(&Aacute;cido asc&oacute;rbico)<\/em>30 mg, Levadura de selenio<em>&nbsp;<\/em>20 mg, Vitamina B3<em>(Nicotinamida)<\/em>16 mg, &Oacute;xido de hierro<em>&nbsp;<\/em>10 mg, Vitamina B5<em>(D-pantotenato de calcio)<\/em>6 mg, Vitamina B12<em>(Cianocobalamina)<\/em>2,49 mg, Vitamina D<em>(Colecalciferol)<\/em>1,98 mg, Vitamina B6<em>(Clorhidrato de piroxidina)<\/em>1,4 mg, Vitamina B2<em>(Rivoflavina)<\/em>1,4 mg, Vitamina B1<em>(Clorhidrato de tiamina)<\/em>1,1 mg<\/p>\n<h2>Modo de uso<\/h2>\n<p>Disolver una cucharada dosificadora colmada (10 g) en agua o zumo (150 ml) despu&eacute;s del desayuno. Repetir la operaci&oacute;n despu&eacute;s de la comida. Recomendamos consumir el producto al menos durante 5 meses.<\/p>\n<h2>Presentaci\u00f3n<\/h2>\n<p>Envase de 375 g (13.14 oz)<\/p>\n<h2>Advertencias<\/h2>\n<p>Complemento alimenticio a base de sulfato de glucosamina, sulfato de condroitina, col&aacute;geno marino, vitaminas y minerales. Contiene una fuente de fenilalanina (no apto para fenilcetonuricos)&nbsp;<\/p>\n<p>Los complementos alimenticios no deben utilizarse como sustituto de una dieta equilibrada. No superar la dosis diaria expresamente recomendada. Mantener fuera del alcance de los ni&ntilde;os m&aacute;s peque&ntilde;os. &nbsp;No debe ser consumido por mujeres embarazadas o en periodo de lactancia, ni ni&ntilde;os ni por adolescentes. Conservar en un lugar fresco y seco. Contiene crust&aacute;ceos. Contiene pescado.<\/p>\n<h2>Valores nutricionales<\/h2>\n<p>por dosis diaria (20 g)<\/p>\n<table>\n<tbody>\n<tr>\n<th>Ingrediente<\/th>\n<th>Porcentaje<\/th>\n<th>Cantidad<\/th>\n<\/tr>\n<tr>\n<td>Magnesio<\/td>\n<td>23.3%<\/td>\n<td>87.24 mg<\/td>\n<\/tr>\n<tr>\n<td>Calcio<\/td>\n<td>34.5%<\/td>\n<td>275.7 mg<\/td>\n<\/tr>\n<tr>\n<td>Vitamina C<\/td>\n<td>37.5%<\/td>\n<td>30 mg<\/td>\n<\/tr>\n<tr>\n<td>Hierro<\/td>\n<td>50%<\/td>\n<td>7 mg<\/td>\n<\/tr>\n<tr>\n<td>Selenio<\/td>\n<td>100%<\/td>\n<td>55 &micro;g<\/td>\n<\/tr>\n<tr>\n<td>Vitamina B3<\/td>\n<td>100%<\/td>\n<td>16 mg<\/td>\n<\/tr>\n<tr>\n<td>Vitamina B5<\/td>\n<td>100%<\/td>\n<td>6 mg<\/td>\n<\/tr>\n<tr>\n<td>Vitamina B12<\/td>\n<td>100%<\/td>\n<td>2.5 &micro;g<\/td>\n<\/tr>\n<tr>\n<td>Vitamina D<\/td>\n<td>100%<\/td>\n<td>5 &micro;g<\/td>\n<\/tr>\n<tr>\n<td>Vitamina B6<\/td>\n<td>100%<\/td>\n<td>1.4 mg<\/td>\n<\/tr>\n<tr>\n<td>Vitamina B2<\/td>\n<td>100%<\/td>\n<td>1.4 mg<\/td>\n<\/tr>\n<tr>\n<td>Vitamina B1<\/td>\n<td>100%<\/td>\n<td>1.1 mg<\/td>\n<\/tr>\n<\/tbody>\n<\/table>\n<p>% VRN (Valores Recomendados de Nutrientes)<\/p>\n","protected":false},"excerpt":{"rendered":"<p>Contribuye a la formaci&oacute;n de col&aacute;geno para el funcionamiento normal de cart&iacute;lagos y huesos. Oseogen articular es un complemento alimenticio &uacute;nico que incorpora en su composici&oacute;n nutrientes como el col&aacute;geno marino, el cart&iacute;lago de tibur&oacute;n, la condroitina y el sulfato de glucosamina. Adem&aacute;s de la alta concentraci&oacute;n de los nutrientes ya se&ntilde;alados, cabe destacar la presencia de 8 Vitaminas (7 de ellas aportan un 100% de cantidad diaria recomendada) y de minerales esenciales. Su forma en polvo facilita la toma al presentar una f&aacute;cil disoluci&oacute;n y un sabor agradable a naranja.<\/p>\n<p><a id=\"boton-ficha\" href=\"https:\/\/panel.drasanvi.com\/fichas\/9\/032057437\">Ficha t\u00e9cnica<\/a><\/p>\n","protected":false},"featured_media":0,"template":"","meta":{"inline_featured_image":false},"product_cat":[87],"product_tag":[],"class_list":["post-24285","product","type-product","status-publish","hentry","product_cat-acido-urico"],"yoast_head":"<!-- This site is optimized with the Yoast SEO plugin v27.4 - https:\/\/yoast.com\/product\/yoast-seo-wordpress\/ -->\n<title>Oseogen Articular Polvo 375 g Drasanvi - Drasanvi Per\u00fa<\/title>\n<meta name=\"robots\" content=\"index, follow, max-snippet:-1, max-image-preview:large, max-video-preview:-1\" \/>\n<link rel=\"canonical\" href=\"https:\/\/drasanvi.com\/pe\/producto\/oseogen-articular-polvo-375-g-drasanvi\/\" \/>\n<meta property=\"og:locale\" content=\"es_ES\" \/>\n<meta property=\"og:type\" content=\"article\" \/>\n<meta property=\"og:title\" content=\"Oseogen Articular Polvo 375 g Drasanvi - Drasanvi Per\u00fa\" \/>\n<meta property=\"og:description\" content=\"Contribuye a la formaci&oacute;n de col&aacute;geno para el funcionamiento normal de cart&iacute;lagos y huesos. Oseogen articular es un complemento alimenticio &uacute;nico que incorpora en su composici&oacute;n nutrientes como el col&aacute;geno marino, el cart&iacute;lago de tibur&oacute;n, la condroitina y el sulfato de glucosamina. Adem&aacute;s de la alta concentraci&oacute;n de los nutrientes ya se&ntilde;alados, cabe destacar la presencia de 8 Vitaminas (7 de ellas aportan un 100% de cantidad diaria recomendada) y de minerales esenciales. Su forma en polvo facilita la toma al presentar una f&aacute;cil disoluci&oacute;n y un sabor agradable a naranja.Ficha t\u00e9cnica\" \/>\n<meta property=\"og:url\" content=\"https:\/\/drasanvi.com\/pe\/producto\/oseogen-articular-polvo-375-g-drasanvi\/\" \/>\n<meta property=\"og:site_name\" content=\"Drasanvi Per\u00fa\" \/>\n<meta property=\"article:modified_time\" content=\"2024-11-07T23:00:06+00:00\" \/>\n<meta name=\"twitter:card\" content=\"summary_large_image\" \/>\n<script type=\"application\/ld+json\" class=\"yoast-schema-graph\">{\"@context\":\"https:\\\/\\\/schema.org\",\"@graph\":[{\"@type\":\"WebPage\",\"@id\":\"https:\\\/\\\/drasanvi.com\\\/pe\\\/producto\\\/oseogen-articular-polvo-375-g-drasanvi\\\/\",\"url\":\"https:\\\/\\\/drasanvi.com\\\/pe\\\/producto\\\/oseogen-articular-polvo-375-g-drasanvi\\\/\",\"name\":\"Oseogen Articular Polvo 375 g Drasanvi - Drasanvi Per\u00fa\",\"isPartOf\":{\"@id\":\"https:\\\/\\\/drasanvi.com\\\/pe\\\/#website\"},\"datePublished\":\"2024-11-07T13:00:05+00:00\",\"dateModified\":\"2024-11-07T23:00:06+00:00\",\"breadcrumb\":{\"@id\":\"https:\\\/\\\/drasanvi.com\\\/pe\\\/producto\\\/oseogen-articular-polvo-375-g-drasanvi\\\/#breadcrumb\"},\"inLanguage\":\"es\",\"potentialAction\":[{\"@type\":\"ReadAction\",\"target\":[\"https:\\\/\\\/drasanvi.com\\\/pe\\\/producto\\\/oseogen-articular-polvo-375-g-drasanvi\\\/\"]}]},{\"@type\":\"BreadcrumbList\",\"@id\":\"https:\\\/\\\/drasanvi.com\\\/pe\\\/producto\\\/oseogen-articular-polvo-375-g-drasanvi\\\/#breadcrumb\",\"itemListElement\":[{\"@type\":\"ListItem\",\"position\":1,\"name\":\"Portada\",\"item\":\"https:\\\/\\\/drasanvi.com\\\/pe\\\/\"},{\"@type\":\"ListItem\",\"position\":2,\"name\":\"Tienda\",\"item\":\"https:\\\/\\\/drasanvi.com\\\/pe\\\/tienda\\\/\"},{\"@type\":\"ListItem\",\"position\":3,\"name\":\"Oseogen Articular Polvo 375 g Drasanvi\"}]},{\"@type\":\"WebSite\",\"@id\":\"https:\\\/\\\/drasanvi.com\\\/pe\\\/#website\",\"url\":\"https:\\\/\\\/drasanvi.com\\\/pe\\\/\",\"name\":\"Drasanvi Per\u00fa\",\"description\":\"L\u00edder en complementos alimenticios y cosm\u00e9tica natural.\",\"publisher\":{\"@id\":\"https:\\\/\\\/drasanvi.com\\\/pe\\\/#organization\"},\"potentialAction\":[{\"@type\":\"SearchAction\",\"target\":{\"@type\":\"EntryPoint\",\"urlTemplate\":\"https:\\\/\\\/drasanvi.com\\\/pe\\\/?s={search_term_string}\"},\"query-input\":{\"@type\":\"PropertyValueSpecification\",\"valueRequired\":true,\"valueName\":\"search_term_string\"}}],\"inLanguage\":\"es\"},{\"@type\":\"Organization\",\"@id\":\"https:\\\/\\\/drasanvi.com\\\/pe\\\/#organization\",\"name\":\"Drasanvi\",\"url\":\"https:\\\/\\\/drasanvi.com\\\/pe\\\/\",\"logo\":{\"@type\":\"ImageObject\",\"inLanguage\":\"es\",\"@id\":\"https:\\\/\\\/drasanvi.com\\\/pe\\\/#\\\/schema\\\/logo\\\/image\\\/\",\"url\":\"https:\\\/\\\/drasanvi.com\\\/wp-content\\\/uploads\\\/sites\\\/5\\\/2021\\\/07\\\/logo-drasanvi.png\",\"contentUrl\":\"https:\\\/\\\/drasanvi.com\\\/wp-content\\\/uploads\\\/sites\\\/5\\\/2021\\\/07\\\/logo-drasanvi.png\",\"width\":900,\"height\":300,\"caption\":\"Drasanvi\"},\"image\":{\"@id\":\"https:\\\/\\\/drasanvi.com\\\/pe\\\/#\\\/schema\\\/logo\\\/image\\\/\"}}]}<\/script>\n<!-- \/ Yoast SEO plugin. -->","yoast_head_json":{"title":"Oseogen Articular Polvo 375 g Drasanvi - Drasanvi Per\u00fa","robots":{"index":"index","follow":"follow","max-snippet":"max-snippet:-1","max-image-preview":"max-image-preview:large","max-video-preview":"max-video-preview:-1"},"canonical":"https:\/\/drasanvi.com\/pe\/producto\/oseogen-articular-polvo-375-g-drasanvi\/","og_locale":"es_ES","og_type":"article","og_title":"Oseogen Articular Polvo 375 g Drasanvi - Drasanvi Per\u00fa","og_description":"Contribuye a la formaci&oacute;n de col&aacute;geno para el funcionamiento normal de cart&iacute;lagos y huesos. Oseogen articular es un complemento alimenticio &uacute;nico que incorpora en su composici&oacute;n nutrientes como el col&aacute;geno marino, el cart&iacute;lago de tibur&oacute;n, la condroitina y el sulfato de glucosamina. Adem&aacute;s de la alta concentraci&oacute;n de los nutrientes ya se&ntilde;alados, cabe destacar la presencia de 8 Vitaminas (7 de ellas aportan un 100% de cantidad diaria recomendada) y de minerales esenciales. Su forma en polvo facilita la toma al presentar una f&aacute;cil disoluci&oacute;n y un sabor agradable a naranja.Ficha t\u00e9cnica","og_url":"https:\/\/drasanvi.com\/pe\/producto\/oseogen-articular-polvo-375-g-drasanvi\/","og_site_name":"Drasanvi Per\u00fa","article_modified_time":"2024-11-07T23:00:06+00:00","twitter_card":"summary_large_image","schema":{"@context":"https:\/\/schema.org","@graph":[{"@type":"WebPage","@id":"https:\/\/drasanvi.com\/pe\/producto\/oseogen-articular-polvo-375-g-drasanvi\/","url":"https:\/\/drasanvi.com\/pe\/producto\/oseogen-articular-polvo-375-g-drasanvi\/","name":"Oseogen Articular Polvo 375 g Drasanvi - Drasanvi Per\u00fa","isPartOf":{"@id":"https:\/\/drasanvi.com\/pe\/#website"},"datePublished":"2024-11-07T13:00:05+00:00","dateModified":"2024-11-07T23:00:06+00:00","breadcrumb":{"@id":"https:\/\/drasanvi.com\/pe\/producto\/oseogen-articular-polvo-375-g-drasanvi\/#breadcrumb"},"inLanguage":"es","potentialAction":[{"@type":"ReadAction","target":["https:\/\/drasanvi.com\/pe\/producto\/oseogen-articular-polvo-375-g-drasanvi\/"]}]},{"@type":"BreadcrumbList","@id":"https:\/\/drasanvi.com\/pe\/producto\/oseogen-articular-polvo-375-g-drasanvi\/#breadcrumb","itemListElement":[{"@type":"ListItem","position":1,"name":"Portada","item":"https:\/\/drasanvi.com\/pe\/"},{"@type":"ListItem","position":2,"name":"Tienda","item":"https:\/\/drasanvi.com\/pe\/tienda\/"},{"@type":"ListItem","position":3,"name":"Oseogen Articular Polvo 375 g Drasanvi"}]},{"@type":"WebSite","@id":"https:\/\/drasanvi.com\/pe\/#website","url":"https:\/\/drasanvi.com\/pe\/","name":"Drasanvi Per\u00fa","description":"L\u00edder en complementos alimenticios y cosm\u00e9tica natural.","publisher":{"@id":"https:\/\/drasanvi.com\/pe\/#organization"},"potentialAction":[{"@type":"SearchAction","target":{"@type":"EntryPoint","urlTemplate":"https:\/\/drasanvi.com\/pe\/?s={search_term_string}"},"query-input":{"@type":"PropertyValueSpecification","valueRequired":true,"valueName":"search_term_string"}}],"inLanguage":"es"},{"@type":"Organization","@id":"https:\/\/drasanvi.com\/pe\/#organization","name":"Drasanvi","url":"https:\/\/drasanvi.com\/pe\/","logo":{"@type":"ImageObject","inLanguage":"es","@id":"https:\/\/drasanvi.com\/pe\/#\/schema\/logo\/image\/","url":"https:\/\/drasanvi.com\/wp-content\/uploads\/sites\/5\/2021\/07\/logo-drasanvi.png","contentUrl":"https:\/\/drasanvi.com\/wp-content\/uploads\/sites\/5\/2021\/07\/logo-drasanvi.png","width":900,"height":300,"caption":"Drasanvi"},"image":{"@id":"https:\/\/drasanvi.com\/pe\/#\/schema\/logo\/image\/"}}]}},"_links":{"self":[{"href":"https:\/\/drasanvi.com\/pe\/wp-json\/wp\/v2\/product\/24285","targetHints":{"allow":["GET"]}}],"collection":[{"href":"https:\/\/drasanvi.com\/pe\/wp-json\/wp\/v2\/product"}],"about":[{"href":"https:\/\/drasanvi.com\/pe\/wp-json\/wp\/v2\/types\/product"}],"version-history":[{"count":1,"href":"https:\/\/drasanvi.com\/pe\/wp-json\/wp\/v2\/product\/24285\/revisions"}],"predecessor-version":[{"id":24296,"href":"https:\/\/drasanvi.com\/pe\/wp-json\/wp\/v2\/product\/24285\/revisions\/24296"}],"wp:attachment":[{"href":"https:\/\/drasanvi.com\/pe\/wp-json\/wp\/v2\/media?parent=24285"}],"wp:term":[{"taxonomy":"product_cat","embeddable":true,"href":"https:\/\/drasanvi.com\/pe\/wp-json\/wp\/v2\/product_cat?post=24285"},{"taxonomy":"product_tag","embeddable":true,"href":"https:\/\/drasanvi.com\/pe\/wp-json\/wp\/v2\/product_tag?post=24285"}],"curies":[{"name":"wp","href":"https:\/\/api.w.org\/{rel}","templated":true}]}}