{"id":24168,"date":"2024-06-20T11:00:07","date_gmt":"2024-06-20T09:00:07","guid":{"rendered":"https:\/\/drasanvi.com\/pe\/?post_type=product&#038;p=24168"},"modified":"2024-11-07T01:00:08","modified_gmt":"2024-11-06T23:00:08","slug":"whey-protein-aislado-doble-chocolate-22-kg-sport-live-drasanvi","status":"publish","type":"product","link":"https:\/\/drasanvi.com\/pe\/producto\/whey-protein-aislado-doble-chocolate-22-kg-sport-live-drasanvi\/","title":{"rendered":"Whey Protein Aislado Doble Chocolate 2,2 kg Sport Live Drasanvi"},"content":{"rendered":"<p>Whey Protein con sabor doble Chocolate es un complemento alimenticio a base de prote&iacute;nas de alta pureza. Esta fuente proteica proviene de&nbsp;<strong>aislado de suero de leche<\/strong>&nbsp;obtenido por microfiltraci&oacute;n y ultrafiltrado.La calidad de nuestra prote&iacute;na nos permite obtener un producto de alta concentraci&oacute;n en prote&iacute;nas (pr&oacute;ximo al 90%), extremadamente&nbsp;<strong>bajo en hidratos de carbono y libre de grasas.<\/strong>Su alta pureza aporta gran cantidad de&nbsp;<strong>amino&aacute;cidos ramificados<\/strong>, presentes naturalmente en la prote&iacute;na, as&iacute; como otros amino&aacute;cidos esenciales&nbsp;y&nbsp;minerales como el calcio y el f&oacute;sforo.Con el fin de mejorar la calidad del producto, hemos a&ntilde;adido amino&aacute;cidos como la&nbsp;<strong>Glutamina y la Leucina,<\/strong> y enzimas digestivas que ayudan a asimilar las proteinas.<\/p>\n<h2>Ingredientes<\/h2>\n<p><b style=\"text-decoration: underline\">Aislado de prote&iacute;na de suero de leche (Promiko 295 IP)<\/b><em>(Contiene LECHE) (Contiene lecitina de SOJA&nbsp;como emulgente)<\/em>26,73 g, Cacao puro desgrasado en polvo<em>(procedente de agricultura ecol&oacute;gica)<\/em>2 g, L-glutamina<em>&nbsp;<\/em>0,4 g, L-leucina<em>&nbsp;<\/em>0,4 g, Aroma<em>(Aroma doble chocolate)<\/em>, Espesante<em>(Goma xantana)<\/em>, Complejo de enzimas digestivas<em>[alfa-amilasa (24000 DU\/g), proteasa (6000 PC\/g), celulasa (1100 CU\/g), beta-D-galactosidasa (4000 ALU\/g) y lipasa (200 FIP\/g)]<\/em>0,1 g, Edulcorante<em>(sucralosa)<\/em><\/p>\n<h2>Modo de uso<\/h2>\n<p>Tomar 30 g. (3\/4 del cacito dosificador) disueltos en 250 &#8211; 300 ml de agua o leche semidesnatada.Generalmente, deben tomarse despu&eacute;s del ejercicio.<\/p>\n<h2>Presentaci\u00f3n<\/h2>\n<p>Envase de 2,2 kg (77,60 oz)<\/p>\n<h2>Advertencias<\/h2>\n<p>Complemento alimenticio a base de complejo de enzimas digestivas (alfa-amilasa, proteasa, celulasa, beta-D-galactosidasa y lipasa) proteina y amino&aacute;cidos con edulcorante<\/p>\n<p>Los complementos alimenticios no deben utilizarse como sustituto de una dieta equilibrada. No superar la dosis diaria expresamente recomendada. Mantener fuera del alcance de los ni&ntilde;os m&aacute;s peque&ntilde;os. &nbsp;Conservar en un lugar fresco y seco. Contiene leche y soja<\/p>\n<h2>Valores nutricionales<\/h2>\n<p>por cada 100 g<\/p>\n<table>\n<tbody>\n<tr>\n<td>&nbsp;<\/td>\n<td>Por 100 g<\/td>\n<td>Por dosis diarias<\/td>\n<\/tr>\n<tr>\n<td>Valor energ&eacute;tico<\/td>\n<td>1594 KJ (380Kcal)<\/td>\n<td>478 KJ (114Kcal)<\/td>\n<\/tr>\n<tr>\n<td>Grasas<\/td>\n<td>1,1 g<\/td>\n<td>0,3 g<\/td>\n<\/tr>\n<tr>\n<td>De los cuales saturadas<\/td>\n<td>0,2 g<\/td>\n<td>0,01 g<\/td>\n<\/tr>\n<tr>\n<td>Hidratos de carbono<\/td>\n<td>1,8 g<\/td>\n<td>0,5 g<\/td>\n<\/tr>\n<tr>\n<td>De las cuales az&uacute;cares<\/td>\n<td>&lt;0,5 g<\/td>\n<td>&lt;0,2 g<\/td>\n<\/tr>\n<tr>\n<td>Prote&iacute;nas<\/td>\n<td>90,6 g<\/td>\n<td>27,2 g<\/td>\n<\/tr>\n<tr>\n<td>Sal<\/td>\n<td>&lt;0,1 g<\/td>\n<td>&lt;0,1 g<\/td>\n<\/tr>\n<\/tbody>\n<\/table>\n","protected":false},"excerpt":{"rendered":"<p>Whey Protein con sabor doble Chocolate es un complemento alimenticio a base de prote&iacute;nas de alta pureza. Esta fuente proteica proviene de&nbsp;<strong>aislado de suero de leche<\/strong>&nbsp;obtenido por microfiltraci&oacute;n y ultrafiltrado.La calidad de nuestra prote&iacute;na nos permite obtener un producto de alta concentraci&oacute;n en prote&iacute;nas (pr&oacute;ximo al 90%), extremadamente&nbsp;<strong>bajo en hidratos de carbono y libre de grasas.<\/strong>Su alta pureza aporta gran cantidad de&nbsp;<strong>amino&aacute;cidos ramificados<\/strong>, presentes naturalmente en la prote&iacute;na, as&iacute; como otros amino&aacute;cidos esenciales&nbsp;y&nbsp;minerales como el calcio y el f&oacute;sforo.Con el fin de mejorar la calidad del producto, hemos a&ntilde;adido amino&aacute;cidos como la&nbsp;<strong>Glutamina y la Leucina,<\/strong> y enzimas digestivas que ayudan a asimilar las proteinas.<\/p>\n<p><a id=\"boton-ficha\" href=\"https:\/\/panel.drasanvi.com\/fichas\/9\/032057203\">Ficha t\u00e9cnica<\/a><\/p>\n","protected":false},"featured_media":0,"template":"","meta":{"inline_featured_image":false},"product_cat":[87],"product_tag":[],"class_list":["post-24168","product","type-product","status-publish","hentry","product_cat-acido-urico"],"yoast_head":"<!-- This site is optimized with the Yoast SEO plugin v27.3 - https:\/\/yoast.com\/product\/yoast-seo-wordpress\/ -->\n<title>Whey Protein Aislado Doble Chocolate 2,2 kg Sport Live Drasanvi - Drasanvi Per\u00fa<\/title>\n<meta name=\"robots\" content=\"index, follow, max-snippet:-1, max-image-preview:large, max-video-preview:-1\" \/>\n<link rel=\"canonical\" href=\"https:\/\/drasanvi.com\/pe\/producto\/whey-protein-aislado-doble-chocolate-22-kg-sport-live-drasanvi\/\" \/>\n<meta property=\"og:locale\" content=\"es_ES\" \/>\n<meta property=\"og:type\" content=\"article\" \/>\n<meta property=\"og:title\" content=\"Whey Protein Aislado Doble Chocolate 2,2 kg Sport Live Drasanvi - Drasanvi Per\u00fa\" \/>\n<meta property=\"og:description\" content=\"Whey Protein con sabor doble Chocolate es un complemento alimenticio a base de prote&iacute;nas de alta pureza. Esta fuente proteica proviene de&nbsp;aislado de suero de leche&nbsp;obtenido por microfiltraci&oacute;n y ultrafiltrado.La calidad de nuestra prote&iacute;na nos permite obtener un producto de alta concentraci&oacute;n en prote&iacute;nas (pr&oacute;ximo al 90%), extremadamente&nbsp;bajo en hidratos de carbono y libre de grasas.Su alta pureza aporta gran cantidad de&nbsp;amino&aacute;cidos ramificados, presentes naturalmente en la prote&iacute;na, as&iacute; como otros amino&aacute;cidos esenciales&nbsp;y&nbsp;minerales como el calcio y el f&oacute;sforo.Con el fin de mejorar la calidad del producto, hemos a&ntilde;adido amino&aacute;cidos como la&nbsp;Glutamina y la Leucina, y enzimas digestivas que ayudan a asimilar las proteinas.Ficha t\u00e9cnica\" \/>\n<meta property=\"og:url\" content=\"https:\/\/drasanvi.com\/pe\/producto\/whey-protein-aislado-doble-chocolate-22-kg-sport-live-drasanvi\/\" \/>\n<meta property=\"og:site_name\" content=\"Drasanvi Per\u00fa\" \/>\n<meta property=\"article:modified_time\" content=\"2024-11-06T23:00:08+00:00\" \/>\n<meta name=\"twitter:card\" content=\"summary_large_image\" \/>\n<script type=\"application\/ld+json\" class=\"yoast-schema-graph\">{\"@context\":\"https:\\\/\\\/schema.org\",\"@graph\":[{\"@type\":\"WebPage\",\"@id\":\"https:\\\/\\\/drasanvi.com\\\/pe\\\/producto\\\/whey-protein-aislado-doble-chocolate-22-kg-sport-live-drasanvi\\\/\",\"url\":\"https:\\\/\\\/drasanvi.com\\\/pe\\\/producto\\\/whey-protein-aislado-doble-chocolate-22-kg-sport-live-drasanvi\\\/\",\"name\":\"Whey Protein Aislado Doble Chocolate 2,2 kg Sport Live Drasanvi - Drasanvi Per\u00fa\",\"isPartOf\":{\"@id\":\"https:\\\/\\\/drasanvi.com\\\/pe\\\/#website\"},\"datePublished\":\"2024-06-20T09:00:07+00:00\",\"dateModified\":\"2024-11-06T23:00:08+00:00\",\"breadcrumb\":{\"@id\":\"https:\\\/\\\/drasanvi.com\\\/pe\\\/producto\\\/whey-protein-aislado-doble-chocolate-22-kg-sport-live-drasanvi\\\/#breadcrumb\"},\"inLanguage\":\"es\",\"potentialAction\":[{\"@type\":\"ReadAction\",\"target\":[\"https:\\\/\\\/drasanvi.com\\\/pe\\\/producto\\\/whey-protein-aislado-doble-chocolate-22-kg-sport-live-drasanvi\\\/\"]}]},{\"@type\":\"BreadcrumbList\",\"@id\":\"https:\\\/\\\/drasanvi.com\\\/pe\\\/producto\\\/whey-protein-aislado-doble-chocolate-22-kg-sport-live-drasanvi\\\/#breadcrumb\",\"itemListElement\":[{\"@type\":\"ListItem\",\"position\":1,\"name\":\"Portada\",\"item\":\"https:\\\/\\\/drasanvi.com\\\/pe\\\/\"},{\"@type\":\"ListItem\",\"position\":2,\"name\":\"Tienda\",\"item\":\"https:\\\/\\\/drasanvi.com\\\/pe\\\/tienda\\\/\"},{\"@type\":\"ListItem\",\"position\":3,\"name\":\"Whey Protein Aislado Doble Chocolate 2,2 kg Sport Live Drasanvi\"}]},{\"@type\":\"WebSite\",\"@id\":\"https:\\\/\\\/drasanvi.com\\\/pe\\\/#website\",\"url\":\"https:\\\/\\\/drasanvi.com\\\/pe\\\/\",\"name\":\"Drasanvi Per\u00fa\",\"description\":\"L\u00edder en complementos alimenticios y cosm\u00e9tica natural.\",\"publisher\":{\"@id\":\"https:\\\/\\\/drasanvi.com\\\/pe\\\/#organization\"},\"potentialAction\":[{\"@type\":\"SearchAction\",\"target\":{\"@type\":\"EntryPoint\",\"urlTemplate\":\"https:\\\/\\\/drasanvi.com\\\/pe\\\/?s={search_term_string}\"},\"query-input\":{\"@type\":\"PropertyValueSpecification\",\"valueRequired\":true,\"valueName\":\"search_term_string\"}}],\"inLanguage\":\"es\"},{\"@type\":\"Organization\",\"@id\":\"https:\\\/\\\/drasanvi.com\\\/pe\\\/#organization\",\"name\":\"Drasanvi\",\"url\":\"https:\\\/\\\/drasanvi.com\\\/pe\\\/\",\"logo\":{\"@type\":\"ImageObject\",\"inLanguage\":\"es\",\"@id\":\"https:\\\/\\\/drasanvi.com\\\/pe\\\/#\\\/schema\\\/logo\\\/image\\\/\",\"url\":\"https:\\\/\\\/drasanvi.com\\\/wp-content\\\/uploads\\\/sites\\\/5\\\/2021\\\/07\\\/logo-drasanvi.png\",\"contentUrl\":\"https:\\\/\\\/drasanvi.com\\\/wp-content\\\/uploads\\\/sites\\\/5\\\/2021\\\/07\\\/logo-drasanvi.png\",\"width\":900,\"height\":300,\"caption\":\"Drasanvi\"},\"image\":{\"@id\":\"https:\\\/\\\/drasanvi.com\\\/pe\\\/#\\\/schema\\\/logo\\\/image\\\/\"}}]}<\/script>\n<!-- \/ Yoast SEO plugin. -->","yoast_head_json":{"title":"Whey Protein Aislado Doble Chocolate 2,2 kg Sport Live Drasanvi - Drasanvi Per\u00fa","robots":{"index":"index","follow":"follow","max-snippet":"max-snippet:-1","max-image-preview":"max-image-preview:large","max-video-preview":"max-video-preview:-1"},"canonical":"https:\/\/drasanvi.com\/pe\/producto\/whey-protein-aislado-doble-chocolate-22-kg-sport-live-drasanvi\/","og_locale":"es_ES","og_type":"article","og_title":"Whey Protein Aislado Doble Chocolate 2,2 kg Sport Live Drasanvi - Drasanvi Per\u00fa","og_description":"Whey Protein con sabor doble Chocolate es un complemento alimenticio a base de prote&iacute;nas de alta pureza. Esta fuente proteica proviene de&nbsp;aislado de suero de leche&nbsp;obtenido por microfiltraci&oacute;n y ultrafiltrado.La calidad de nuestra prote&iacute;na nos permite obtener un producto de alta concentraci&oacute;n en prote&iacute;nas (pr&oacute;ximo al 90%), extremadamente&nbsp;bajo en hidratos de carbono y libre de grasas.Su alta pureza aporta gran cantidad de&nbsp;amino&aacute;cidos ramificados, presentes naturalmente en la prote&iacute;na, as&iacute; como otros amino&aacute;cidos esenciales&nbsp;y&nbsp;minerales como el calcio y el f&oacute;sforo.Con el fin de mejorar la calidad del producto, hemos a&ntilde;adido amino&aacute;cidos como la&nbsp;Glutamina y la Leucina, y enzimas digestivas que ayudan a asimilar las proteinas.Ficha t\u00e9cnica","og_url":"https:\/\/drasanvi.com\/pe\/producto\/whey-protein-aislado-doble-chocolate-22-kg-sport-live-drasanvi\/","og_site_name":"Drasanvi Per\u00fa","article_modified_time":"2024-11-06T23:00:08+00:00","twitter_card":"summary_large_image","schema":{"@context":"https:\/\/schema.org","@graph":[{"@type":"WebPage","@id":"https:\/\/drasanvi.com\/pe\/producto\/whey-protein-aislado-doble-chocolate-22-kg-sport-live-drasanvi\/","url":"https:\/\/drasanvi.com\/pe\/producto\/whey-protein-aislado-doble-chocolate-22-kg-sport-live-drasanvi\/","name":"Whey Protein Aislado Doble Chocolate 2,2 kg Sport Live Drasanvi - Drasanvi Per\u00fa","isPartOf":{"@id":"https:\/\/drasanvi.com\/pe\/#website"},"datePublished":"2024-06-20T09:00:07+00:00","dateModified":"2024-11-06T23:00:08+00:00","breadcrumb":{"@id":"https:\/\/drasanvi.com\/pe\/producto\/whey-protein-aislado-doble-chocolate-22-kg-sport-live-drasanvi\/#breadcrumb"},"inLanguage":"es","potentialAction":[{"@type":"ReadAction","target":["https:\/\/drasanvi.com\/pe\/producto\/whey-protein-aislado-doble-chocolate-22-kg-sport-live-drasanvi\/"]}]},{"@type":"BreadcrumbList","@id":"https:\/\/drasanvi.com\/pe\/producto\/whey-protein-aislado-doble-chocolate-22-kg-sport-live-drasanvi\/#breadcrumb","itemListElement":[{"@type":"ListItem","position":1,"name":"Portada","item":"https:\/\/drasanvi.com\/pe\/"},{"@type":"ListItem","position":2,"name":"Tienda","item":"https:\/\/drasanvi.com\/pe\/tienda\/"},{"@type":"ListItem","position":3,"name":"Whey Protein Aislado Doble Chocolate 2,2 kg Sport Live Drasanvi"}]},{"@type":"WebSite","@id":"https:\/\/drasanvi.com\/pe\/#website","url":"https:\/\/drasanvi.com\/pe\/","name":"Drasanvi Per\u00fa","description":"L\u00edder en complementos alimenticios y cosm\u00e9tica natural.","publisher":{"@id":"https:\/\/drasanvi.com\/pe\/#organization"},"potentialAction":[{"@type":"SearchAction","target":{"@type":"EntryPoint","urlTemplate":"https:\/\/drasanvi.com\/pe\/?s={search_term_string}"},"query-input":{"@type":"PropertyValueSpecification","valueRequired":true,"valueName":"search_term_string"}}],"inLanguage":"es"},{"@type":"Organization","@id":"https:\/\/drasanvi.com\/pe\/#organization","name":"Drasanvi","url":"https:\/\/drasanvi.com\/pe\/","logo":{"@type":"ImageObject","inLanguage":"es","@id":"https:\/\/drasanvi.com\/pe\/#\/schema\/logo\/image\/","url":"https:\/\/drasanvi.com\/wp-content\/uploads\/sites\/5\/2021\/07\/logo-drasanvi.png","contentUrl":"https:\/\/drasanvi.com\/wp-content\/uploads\/sites\/5\/2021\/07\/logo-drasanvi.png","width":900,"height":300,"caption":"Drasanvi"},"image":{"@id":"https:\/\/drasanvi.com\/pe\/#\/schema\/logo\/image\/"}}]}},"_links":{"self":[{"href":"https:\/\/drasanvi.com\/pe\/wp-json\/wp\/v2\/product\/24168","targetHints":{"allow":["GET"]}}],"collection":[{"href":"https:\/\/drasanvi.com\/pe\/wp-json\/wp\/v2\/product"}],"about":[{"href":"https:\/\/drasanvi.com\/pe\/wp-json\/wp\/v2\/types\/product"}],"version-history":[{"count":1,"href":"https:\/\/drasanvi.com\/pe\/wp-json\/wp\/v2\/product\/24168\/revisions"}],"predecessor-version":[{"id":24177,"href":"https:\/\/drasanvi.com\/pe\/wp-json\/wp\/v2\/product\/24168\/revisions\/24177"}],"wp:attachment":[{"href":"https:\/\/drasanvi.com\/pe\/wp-json\/wp\/v2\/media?parent=24168"}],"wp:term":[{"taxonomy":"product_cat","embeddable":true,"href":"https:\/\/drasanvi.com\/pe\/wp-json\/wp\/v2\/product_cat?post=24168"},{"taxonomy":"product_tag","embeddable":true,"href":"https:\/\/drasanvi.com\/pe\/wp-json\/wp\/v2\/product_tag?post=24168"}],"curies":[{"name":"wp","href":"https:\/\/api.w.org\/{rel}","templated":true}]}}