{"id":24162,"date":"2024-06-20T11:00:06","date_gmt":"2024-06-20T09:00:06","guid":{"rendered":"https:\/\/drasanvi.com\/pe\/?post_type=product&#038;p=24162"},"modified":"2025-03-22T01:00:05","modified_gmt":"2025-03-21T23:00:05","slug":"citrato-de-potasio-90-comprimidos-drasanvi","status":"publish","type":"product","link":"https:\/\/drasanvi.com\/pe\/producto\/citrato-de-potasio-90-comprimidos-drasanvi\/","title":{"rendered":"Mineral Citrato de Potasio 90 Comprimidos Drasanvi"},"content":{"rendered":"<p>El potasio es un mineral esencial para nuestro cuerpo, por ello se ha seleccionado la forma de citrato, ya que aumenta la biodisponibilidad, por parte de nuestro organismo. Entre las funciones del potasio en nuestro organismo, destacar que contribuye al funcionamiento normal del sistema nervioso, contribuye al funcionamiento normal de los m&uacute;sculos y al mantenimiento de la tensi&oacute;n arterial normal.&nbsp;<\/p>\n<h2>Ingredientes<\/h2>\n<p>Citrato de potasio<em>(36% potasio)<\/em>, Agente de carga<em>(Celulosa microcristalina)<\/em>, Agente de carga<em>(Sal magn&eacute;sica de &aacute;cido graso)<\/em>, Antiaglomerante<em>(Di&oacute;xido de silicio)<\/em><\/p>\n<h2>Modo de uso<\/h2>\n<p>Tomar dos comprimidos al d&iacute;a repartidos en dos de las comidas principales.&nbsp;<\/p>\n<h2>Presentaci\u00f3n<\/h2>\n<p>90 comprimidos de 980.5 mg. Peso total 88.25g (3.11oz)<\/p>\n<h2>Advertencias<\/h2>\n<p>Complemento alimenticio a base de minerales.<\/p>\n<p>Los complementos alimenticios no deben utilizarse como sustituto de una dieta equilibrada. No superar la dosis diaria expresamente recomendada. Mantener fuera del alcance de los ni&ntilde;os m&aacute;s peque&ntilde;os. Conservar en un lugar fresco y seco.<\/p>\n<h2>Valores nutricionales<\/h2>\n<p>por dosis diaria (2 comprimidos)<\/p>\n<table>\n<tbody>\n<tr>\n<th>Ingrediente<\/th>\n<th>Porcentaje<\/th>\n<th>Cantidad<\/th>\n<\/tr>\n<tr>\n<td>Potasio<\/td>\n<td>20%<\/td>\n<td>400 mg<\/td>\n<\/tr>\n<\/tbody>\n<\/table>\n<p>% VRN (Valores de Referencia de Nutrientes)<\/p>\n","protected":false},"excerpt":{"rendered":"<p>El potasio es un mineral esencial para nuestro cuerpo, por ello se ha seleccionado la forma de citrato, ya que aumenta la biodisponibilidad, por parte de nuestro organismo. Entre las funciones del potasio en nuestro organismo, destacar que contribuye al funcionamiento normal del sistema nervioso, contribuye al funcionamiento normal de los m&uacute;sculos y al mantenimiento de la tensi&oacute;n arterial normal.&nbsp;<\/p>\n<p><a id=\"boton-ficha\" href=\"https:\/\/panel.drasanvi.com\/fichas\/9\/032057375\">Ficha t\u00e9cnica<\/a><\/p>\n","protected":false},"featured_media":0,"template":"","meta":{"inline_featured_image":false},"product_cat":[87],"product_tag":[],"class_list":["post-24162","product","type-product","status-publish","hentry","product_cat-acido-urico"],"yoast_head":"<!-- This site is optimized with the Yoast SEO plugin v27.3 - https:\/\/yoast.com\/product\/yoast-seo-wordpress\/ -->\n<title>Mineral Citrato de Potasio 90 Comprimidos Drasanvi - Drasanvi Per\u00fa<\/title>\n<meta name=\"robots\" content=\"index, follow, max-snippet:-1, max-image-preview:large, max-video-preview:-1\" \/>\n<link rel=\"canonical\" href=\"https:\/\/drasanvi.com\/pe\/producto\/citrato-de-potasio-90-comprimidos-drasanvi\/\" \/>\n<meta property=\"og:locale\" content=\"es_ES\" \/>\n<meta property=\"og:type\" content=\"article\" \/>\n<meta property=\"og:title\" content=\"Mineral Citrato de Potasio 90 Comprimidos Drasanvi - Drasanvi Per\u00fa\" \/>\n<meta property=\"og:description\" content=\"El potasio es un mineral esencial para nuestro cuerpo, por ello se ha seleccionado la forma de citrato, ya que aumenta la biodisponibilidad, por parte de nuestro organismo. Entre las funciones del potasio en nuestro organismo, destacar que contribuye al funcionamiento normal del sistema nervioso, contribuye al funcionamiento normal de los m&uacute;sculos y al mantenimiento de la tensi&oacute;n arterial normal.&nbsp;Ficha t\u00e9cnica\" \/>\n<meta property=\"og:url\" content=\"https:\/\/drasanvi.com\/pe\/producto\/citrato-de-potasio-90-comprimidos-drasanvi\/\" \/>\n<meta property=\"og:site_name\" content=\"Drasanvi Per\u00fa\" \/>\n<meta property=\"article:modified_time\" content=\"2025-03-21T23:00:05+00:00\" \/>\n<meta name=\"twitter:card\" content=\"summary_large_image\" \/>\n<script type=\"application\/ld+json\" class=\"yoast-schema-graph\">{\"@context\":\"https:\\\/\\\/schema.org\",\"@graph\":[{\"@type\":\"WebPage\",\"@id\":\"https:\\\/\\\/drasanvi.com\\\/pe\\\/producto\\\/citrato-de-potasio-90-comprimidos-drasanvi\\\/\",\"url\":\"https:\\\/\\\/drasanvi.com\\\/pe\\\/producto\\\/citrato-de-potasio-90-comprimidos-drasanvi\\\/\",\"name\":\"Mineral Citrato de Potasio 90 Comprimidos Drasanvi - Drasanvi Per\u00fa\",\"isPartOf\":{\"@id\":\"https:\\\/\\\/drasanvi.com\\\/pe\\\/#website\"},\"datePublished\":\"2024-06-20T09:00:06+00:00\",\"dateModified\":\"2025-03-21T23:00:05+00:00\",\"breadcrumb\":{\"@id\":\"https:\\\/\\\/drasanvi.com\\\/pe\\\/producto\\\/citrato-de-potasio-90-comprimidos-drasanvi\\\/#breadcrumb\"},\"inLanguage\":\"es\",\"potentialAction\":[{\"@type\":\"ReadAction\",\"target\":[\"https:\\\/\\\/drasanvi.com\\\/pe\\\/producto\\\/citrato-de-potasio-90-comprimidos-drasanvi\\\/\"]}]},{\"@type\":\"BreadcrumbList\",\"@id\":\"https:\\\/\\\/drasanvi.com\\\/pe\\\/producto\\\/citrato-de-potasio-90-comprimidos-drasanvi\\\/#breadcrumb\",\"itemListElement\":[{\"@type\":\"ListItem\",\"position\":1,\"name\":\"Portada\",\"item\":\"https:\\\/\\\/drasanvi.com\\\/pe\\\/\"},{\"@type\":\"ListItem\",\"position\":2,\"name\":\"Tienda\",\"item\":\"https:\\\/\\\/drasanvi.com\\\/pe\\\/tienda\\\/\"},{\"@type\":\"ListItem\",\"position\":3,\"name\":\"Mineral Citrato de Potasio 90 Comprimidos Drasanvi\"}]},{\"@type\":\"WebSite\",\"@id\":\"https:\\\/\\\/drasanvi.com\\\/pe\\\/#website\",\"url\":\"https:\\\/\\\/drasanvi.com\\\/pe\\\/\",\"name\":\"Drasanvi Per\u00fa\",\"description\":\"L\u00edder en complementos alimenticios y cosm\u00e9tica natural.\",\"publisher\":{\"@id\":\"https:\\\/\\\/drasanvi.com\\\/pe\\\/#organization\"},\"potentialAction\":[{\"@type\":\"SearchAction\",\"target\":{\"@type\":\"EntryPoint\",\"urlTemplate\":\"https:\\\/\\\/drasanvi.com\\\/pe\\\/?s={search_term_string}\"},\"query-input\":{\"@type\":\"PropertyValueSpecification\",\"valueRequired\":true,\"valueName\":\"search_term_string\"}}],\"inLanguage\":\"es\"},{\"@type\":\"Organization\",\"@id\":\"https:\\\/\\\/drasanvi.com\\\/pe\\\/#organization\",\"name\":\"Drasanvi\",\"url\":\"https:\\\/\\\/drasanvi.com\\\/pe\\\/\",\"logo\":{\"@type\":\"ImageObject\",\"inLanguage\":\"es\",\"@id\":\"https:\\\/\\\/drasanvi.com\\\/pe\\\/#\\\/schema\\\/logo\\\/image\\\/\",\"url\":\"https:\\\/\\\/drasanvi.com\\\/wp-content\\\/uploads\\\/sites\\\/5\\\/2021\\\/07\\\/logo-drasanvi.png\",\"contentUrl\":\"https:\\\/\\\/drasanvi.com\\\/wp-content\\\/uploads\\\/sites\\\/5\\\/2021\\\/07\\\/logo-drasanvi.png\",\"width\":900,\"height\":300,\"caption\":\"Drasanvi\"},\"image\":{\"@id\":\"https:\\\/\\\/drasanvi.com\\\/pe\\\/#\\\/schema\\\/logo\\\/image\\\/\"}}]}<\/script>\n<!-- \/ Yoast SEO plugin. -->","yoast_head_json":{"title":"Mineral Citrato de Potasio 90 Comprimidos Drasanvi - Drasanvi Per\u00fa","robots":{"index":"index","follow":"follow","max-snippet":"max-snippet:-1","max-image-preview":"max-image-preview:large","max-video-preview":"max-video-preview:-1"},"canonical":"https:\/\/drasanvi.com\/pe\/producto\/citrato-de-potasio-90-comprimidos-drasanvi\/","og_locale":"es_ES","og_type":"article","og_title":"Mineral Citrato de Potasio 90 Comprimidos Drasanvi - Drasanvi Per\u00fa","og_description":"El potasio es un mineral esencial para nuestro cuerpo, por ello se ha seleccionado la forma de citrato, ya que aumenta la biodisponibilidad, por parte de nuestro organismo. Entre las funciones del potasio en nuestro organismo, destacar que contribuye al funcionamiento normal del sistema nervioso, contribuye al funcionamiento normal de los m&uacute;sculos y al mantenimiento de la tensi&oacute;n arterial normal.&nbsp;Ficha t\u00e9cnica","og_url":"https:\/\/drasanvi.com\/pe\/producto\/citrato-de-potasio-90-comprimidos-drasanvi\/","og_site_name":"Drasanvi Per\u00fa","article_modified_time":"2025-03-21T23:00:05+00:00","twitter_card":"summary_large_image","schema":{"@context":"https:\/\/schema.org","@graph":[{"@type":"WebPage","@id":"https:\/\/drasanvi.com\/pe\/producto\/citrato-de-potasio-90-comprimidos-drasanvi\/","url":"https:\/\/drasanvi.com\/pe\/producto\/citrato-de-potasio-90-comprimidos-drasanvi\/","name":"Mineral Citrato de Potasio 90 Comprimidos Drasanvi - Drasanvi Per\u00fa","isPartOf":{"@id":"https:\/\/drasanvi.com\/pe\/#website"},"datePublished":"2024-06-20T09:00:06+00:00","dateModified":"2025-03-21T23:00:05+00:00","breadcrumb":{"@id":"https:\/\/drasanvi.com\/pe\/producto\/citrato-de-potasio-90-comprimidos-drasanvi\/#breadcrumb"},"inLanguage":"es","potentialAction":[{"@type":"ReadAction","target":["https:\/\/drasanvi.com\/pe\/producto\/citrato-de-potasio-90-comprimidos-drasanvi\/"]}]},{"@type":"BreadcrumbList","@id":"https:\/\/drasanvi.com\/pe\/producto\/citrato-de-potasio-90-comprimidos-drasanvi\/#breadcrumb","itemListElement":[{"@type":"ListItem","position":1,"name":"Portada","item":"https:\/\/drasanvi.com\/pe\/"},{"@type":"ListItem","position":2,"name":"Tienda","item":"https:\/\/drasanvi.com\/pe\/tienda\/"},{"@type":"ListItem","position":3,"name":"Mineral Citrato de Potasio 90 Comprimidos Drasanvi"}]},{"@type":"WebSite","@id":"https:\/\/drasanvi.com\/pe\/#website","url":"https:\/\/drasanvi.com\/pe\/","name":"Drasanvi Per\u00fa","description":"L\u00edder en complementos alimenticios y cosm\u00e9tica natural.","publisher":{"@id":"https:\/\/drasanvi.com\/pe\/#organization"},"potentialAction":[{"@type":"SearchAction","target":{"@type":"EntryPoint","urlTemplate":"https:\/\/drasanvi.com\/pe\/?s={search_term_string}"},"query-input":{"@type":"PropertyValueSpecification","valueRequired":true,"valueName":"search_term_string"}}],"inLanguage":"es"},{"@type":"Organization","@id":"https:\/\/drasanvi.com\/pe\/#organization","name":"Drasanvi","url":"https:\/\/drasanvi.com\/pe\/","logo":{"@type":"ImageObject","inLanguage":"es","@id":"https:\/\/drasanvi.com\/pe\/#\/schema\/logo\/image\/","url":"https:\/\/drasanvi.com\/wp-content\/uploads\/sites\/5\/2021\/07\/logo-drasanvi.png","contentUrl":"https:\/\/drasanvi.com\/wp-content\/uploads\/sites\/5\/2021\/07\/logo-drasanvi.png","width":900,"height":300,"caption":"Drasanvi"},"image":{"@id":"https:\/\/drasanvi.com\/pe\/#\/schema\/logo\/image\/"}}]}},"_links":{"self":[{"href":"https:\/\/drasanvi.com\/pe\/wp-json\/wp\/v2\/product\/24162","targetHints":{"allow":["GET"]}}],"collection":[{"href":"https:\/\/drasanvi.com\/pe\/wp-json\/wp\/v2\/product"}],"about":[{"href":"https:\/\/drasanvi.com\/pe\/wp-json\/wp\/v2\/types\/product"}],"version-history":[{"count":2,"href":"https:\/\/drasanvi.com\/pe\/wp-json\/wp\/v2\/product\/24162\/revisions"}],"predecessor-version":[{"id":24311,"href":"https:\/\/drasanvi.com\/pe\/wp-json\/wp\/v2\/product\/24162\/revisions\/24311"}],"wp:attachment":[{"href":"https:\/\/drasanvi.com\/pe\/wp-json\/wp\/v2\/media?parent=24162"}],"wp:term":[{"taxonomy":"product_cat","embeddable":true,"href":"https:\/\/drasanvi.com\/pe\/wp-json\/wp\/v2\/product_cat?post=24162"},{"taxonomy":"product_tag","embeddable":true,"href":"https:\/\/drasanvi.com\/pe\/wp-json\/wp\/v2\/product_tag?post=24162"}],"curies":[{"name":"wp","href":"https:\/\/api.w.org\/{rel}","templated":true}]}}