{"id":24057,"date":"2023-11-07T15:00:05","date_gmt":"2023-11-07T13:00:05","guid":{"rendered":"https:\/\/drasanvi.com\/pe\/?post_type=product&#038;p=24057"},"modified":"2024-11-07T01:00:07","modified_gmt":"2024-11-06T23:00:07","slug":"condroitina-glucosamina-90-capsulas-sport-live-drasanvi","status":"publish","type":"product","link":"https:\/\/drasanvi.com\/pe\/producto\/condroitina-glucosamina-90-capsulas-sport-live-drasanvi\/","title":{"rendered":"Condroitina + Glucosamina 90 C\u00e1psulas Sport Live Drasanvi"},"content":{"rendered":"<p>La condroitina y la glucosamina son dos sustancias ampliamente conocida en el mundo del deporte. La<strong> condroitina,&nbsp;<\/strong> tambi&eacute;n conocido como condroit&iacute;n sulfato, se trata de una sustancia que generalmente se encuentra asociado a prote&iacute;nas.&nbsp; La condroitina de Drasanvi es de origen marino.El<strong> Clorhidrato de glucosamina,<\/strong> conocido como glucosamina, es un aminoaz&uacute;car que participa en la glicosilaci&oacute;n de algunas prote&iacute;nas y l&iacute;pidos. Esto la convierte en un precursor de glicosaminoglicanos, glucol&iacute;pidos y proteoglicanos (una de las dos sustancias mayoritarias del cart&iacute;lago articular). La glucosamina utilizada en nuestras c&aacute;psulas es HCl.<\/p>\n<h2>Ingredientes<\/h2>\n<p><b style=\"text-decoration: underline\">D-Glucosamina HCL<\/b><em>(Contiene CRUST&Aacute;CEOS)<\/em>1000 mg, <b style=\"text-decoration: underline\">Sulfato de Condroitina<\/b><em>(Contiene PESCADO)<\/em>400 mg, Envoltura&nbsp;<em>&nbsp;(Hidroxipropilmetilcelulosa)<\/em>, Agente de carga<em>(Celulosa microcristalina)<\/em>, Agente de carga&nbsp;<em>(Sal magn&eacute;sica de &aacute;cido graso)<\/em>, Antiaglomerante<em>(Di&oacute;xido de silicio)<\/em><\/p>\n<h2>Modo de uso<\/h2>\n<p>Tomar dos c&aacute;psulas al d&iacute;a, preferiblemente, en comidas principales<\/p>\n<h2>Presentaci\u00f3n<\/h2>\n<p>Envase de 90 c&aacute;psulas de 865 mg. Peso total: 77,85 g (2.75 oz)<\/p>\n<h2>Advertencias<\/h2>\n<p>Complemento alimenticio a base de Condroitina y Glucosamina.<\/p>\n<p>Los complementos alimenticios no deben utilizarse como sustitutivos de una dieta equilibrada. No superar la dosis diaria expresamente recomendada. Mantener fuera del alcance de los ni&ntilde;os m&aacute;s peque&ntilde;os. Conservar en un lugar fresco y seco. No debe ser consumido por mujeres embarazadas o en periodo de lactancia, ni ni&ntilde;os ni por adolescentes. Contiene pescado y crust&aacute;ceos&nbsp;<\/p>\n<h2>Valores nutricionales<\/h2>\n","protected":false},"excerpt":{"rendered":"<p>La condroitina y la glucosamina son dos sustancias ampliamente conocida en el mundo del deporte. La<strong> condroitina,&nbsp;<\/strong> tambi&eacute;n conocido como condroit&iacute;n sulfato, se trata de una sustancia que generalmente se encuentra asociado a prote&iacute;nas.&nbsp; La condroitina de Drasanvi es de origen marino.El<strong> Clorhidrato de glucosamina,<\/strong> conocido como glucosamina, es un aminoaz&uacute;car que participa en la glicosilaci&oacute;n de algunas prote&iacute;nas y l&iacute;pidos. Esto la convierte en un precursor de glicosaminoglicanos, glucol&iacute;pidos y proteoglicanos (una de las dos sustancias mayoritarias del cart&iacute;lago articular). La glucosamina utilizada en nuestras c&aacute;psulas es HCl.<\/p>\n<p><a id=\"boton-ficha\" href=\"https:\/\/panel.drasanvi.com\/fichas\/9\/032057398\">Ficha t\u00e9cnica<\/a><\/p>\n","protected":false},"featured_media":0,"template":"","meta":{"inline_featured_image":false},"product_cat":[87],"product_tag":[],"class_list":["post-24057","product","type-product","status-publish","hentry","product_cat-acido-urico"],"yoast_head":"<!-- This site is optimized with the Yoast SEO plugin v27.4 - https:\/\/yoast.com\/product\/yoast-seo-wordpress\/ -->\n<title>Condroitina + Glucosamina 90 C\u00e1psulas Sport Live Drasanvi - Drasanvi Per\u00fa<\/title>\n<meta name=\"robots\" content=\"index, follow, max-snippet:-1, max-image-preview:large, max-video-preview:-1\" \/>\n<link rel=\"canonical\" href=\"https:\/\/drasanvi.com\/pe\/producto\/condroitina-glucosamina-90-capsulas-sport-live-drasanvi\/\" \/>\n<meta property=\"og:locale\" content=\"es_ES\" \/>\n<meta property=\"og:type\" content=\"article\" \/>\n<meta property=\"og:title\" content=\"Condroitina + Glucosamina 90 C\u00e1psulas Sport Live Drasanvi - Drasanvi Per\u00fa\" \/>\n<meta property=\"og:description\" content=\"La condroitina y la glucosamina son dos sustancias ampliamente conocida en el mundo del deporte. La condroitina,&nbsp; tambi&eacute;n conocido como condroit&iacute;n sulfato, se trata de una sustancia que generalmente se encuentra asociado a prote&iacute;nas.&nbsp; La condroitina de Drasanvi es de origen marino.El Clorhidrato de glucosamina, conocido como glucosamina, es un aminoaz&uacute;car que participa en la glicosilaci&oacute;n de algunas prote&iacute;nas y l&iacute;pidos. Esto la convierte en un precursor de glicosaminoglicanos, glucol&iacute;pidos y proteoglicanos (una de las dos sustancias mayoritarias del cart&iacute;lago articular). La glucosamina utilizada en nuestras c&aacute;psulas es HCl.Ficha t\u00e9cnica\" \/>\n<meta property=\"og:url\" content=\"https:\/\/drasanvi.com\/pe\/producto\/condroitina-glucosamina-90-capsulas-sport-live-drasanvi\/\" \/>\n<meta property=\"og:site_name\" content=\"Drasanvi Per\u00fa\" \/>\n<meta property=\"article:modified_time\" content=\"2024-11-06T23:00:07+00:00\" \/>\n<meta name=\"twitter:card\" content=\"summary_large_image\" \/>\n<script type=\"application\/ld+json\" class=\"yoast-schema-graph\">{\"@context\":\"https:\\\/\\\/schema.org\",\"@graph\":[{\"@type\":\"WebPage\",\"@id\":\"https:\\\/\\\/drasanvi.com\\\/pe\\\/producto\\\/condroitina-glucosamina-90-capsulas-sport-live-drasanvi\\\/\",\"url\":\"https:\\\/\\\/drasanvi.com\\\/pe\\\/producto\\\/condroitina-glucosamina-90-capsulas-sport-live-drasanvi\\\/\",\"name\":\"Condroitina + Glucosamina 90 C\u00e1psulas Sport Live Drasanvi - Drasanvi Per\u00fa\",\"isPartOf\":{\"@id\":\"https:\\\/\\\/drasanvi.com\\\/pe\\\/#website\"},\"datePublished\":\"2023-11-07T13:00:05+00:00\",\"dateModified\":\"2024-11-06T23:00:07+00:00\",\"breadcrumb\":{\"@id\":\"https:\\\/\\\/drasanvi.com\\\/pe\\\/producto\\\/condroitina-glucosamina-90-capsulas-sport-live-drasanvi\\\/#breadcrumb\"},\"inLanguage\":\"es\",\"potentialAction\":[{\"@type\":\"ReadAction\",\"target\":[\"https:\\\/\\\/drasanvi.com\\\/pe\\\/producto\\\/condroitina-glucosamina-90-capsulas-sport-live-drasanvi\\\/\"]}]},{\"@type\":\"BreadcrumbList\",\"@id\":\"https:\\\/\\\/drasanvi.com\\\/pe\\\/producto\\\/condroitina-glucosamina-90-capsulas-sport-live-drasanvi\\\/#breadcrumb\",\"itemListElement\":[{\"@type\":\"ListItem\",\"position\":1,\"name\":\"Portada\",\"item\":\"https:\\\/\\\/drasanvi.com\\\/pe\\\/\"},{\"@type\":\"ListItem\",\"position\":2,\"name\":\"Tienda\",\"item\":\"https:\\\/\\\/drasanvi.com\\\/pe\\\/tienda\\\/\"},{\"@type\":\"ListItem\",\"position\":3,\"name\":\"Condroitina + Glucosamina 90 C\u00e1psulas Sport Live Drasanvi\"}]},{\"@type\":\"WebSite\",\"@id\":\"https:\\\/\\\/drasanvi.com\\\/pe\\\/#website\",\"url\":\"https:\\\/\\\/drasanvi.com\\\/pe\\\/\",\"name\":\"Drasanvi Per\u00fa\",\"description\":\"L\u00edder en complementos alimenticios y cosm\u00e9tica natural.\",\"publisher\":{\"@id\":\"https:\\\/\\\/drasanvi.com\\\/pe\\\/#organization\"},\"potentialAction\":[{\"@type\":\"SearchAction\",\"target\":{\"@type\":\"EntryPoint\",\"urlTemplate\":\"https:\\\/\\\/drasanvi.com\\\/pe\\\/?s={search_term_string}\"},\"query-input\":{\"@type\":\"PropertyValueSpecification\",\"valueRequired\":true,\"valueName\":\"search_term_string\"}}],\"inLanguage\":\"es\"},{\"@type\":\"Organization\",\"@id\":\"https:\\\/\\\/drasanvi.com\\\/pe\\\/#organization\",\"name\":\"Drasanvi\",\"url\":\"https:\\\/\\\/drasanvi.com\\\/pe\\\/\",\"logo\":{\"@type\":\"ImageObject\",\"inLanguage\":\"es\",\"@id\":\"https:\\\/\\\/drasanvi.com\\\/pe\\\/#\\\/schema\\\/logo\\\/image\\\/\",\"url\":\"https:\\\/\\\/drasanvi.com\\\/wp-content\\\/uploads\\\/sites\\\/5\\\/2021\\\/07\\\/logo-drasanvi.png\",\"contentUrl\":\"https:\\\/\\\/drasanvi.com\\\/wp-content\\\/uploads\\\/sites\\\/5\\\/2021\\\/07\\\/logo-drasanvi.png\",\"width\":900,\"height\":300,\"caption\":\"Drasanvi\"},\"image\":{\"@id\":\"https:\\\/\\\/drasanvi.com\\\/pe\\\/#\\\/schema\\\/logo\\\/image\\\/\"}}]}<\/script>\n<!-- \/ Yoast SEO plugin. -->","yoast_head_json":{"title":"Condroitina + Glucosamina 90 C\u00e1psulas Sport Live Drasanvi - Drasanvi Per\u00fa","robots":{"index":"index","follow":"follow","max-snippet":"max-snippet:-1","max-image-preview":"max-image-preview:large","max-video-preview":"max-video-preview:-1"},"canonical":"https:\/\/drasanvi.com\/pe\/producto\/condroitina-glucosamina-90-capsulas-sport-live-drasanvi\/","og_locale":"es_ES","og_type":"article","og_title":"Condroitina + Glucosamina 90 C\u00e1psulas Sport Live Drasanvi - Drasanvi Per\u00fa","og_description":"La condroitina y la glucosamina son dos sustancias ampliamente conocida en el mundo del deporte. La condroitina,&nbsp; tambi&eacute;n conocido como condroit&iacute;n sulfato, se trata de una sustancia que generalmente se encuentra asociado a prote&iacute;nas.&nbsp; La condroitina de Drasanvi es de origen marino.El Clorhidrato de glucosamina, conocido como glucosamina, es un aminoaz&uacute;car que participa en la glicosilaci&oacute;n de algunas prote&iacute;nas y l&iacute;pidos. Esto la convierte en un precursor de glicosaminoglicanos, glucol&iacute;pidos y proteoglicanos (una de las dos sustancias mayoritarias del cart&iacute;lago articular). La glucosamina utilizada en nuestras c&aacute;psulas es HCl.Ficha t\u00e9cnica","og_url":"https:\/\/drasanvi.com\/pe\/producto\/condroitina-glucosamina-90-capsulas-sport-live-drasanvi\/","og_site_name":"Drasanvi Per\u00fa","article_modified_time":"2024-11-06T23:00:07+00:00","twitter_card":"summary_large_image","schema":{"@context":"https:\/\/schema.org","@graph":[{"@type":"WebPage","@id":"https:\/\/drasanvi.com\/pe\/producto\/condroitina-glucosamina-90-capsulas-sport-live-drasanvi\/","url":"https:\/\/drasanvi.com\/pe\/producto\/condroitina-glucosamina-90-capsulas-sport-live-drasanvi\/","name":"Condroitina + Glucosamina 90 C\u00e1psulas Sport Live Drasanvi - Drasanvi Per\u00fa","isPartOf":{"@id":"https:\/\/drasanvi.com\/pe\/#website"},"datePublished":"2023-11-07T13:00:05+00:00","dateModified":"2024-11-06T23:00:07+00:00","breadcrumb":{"@id":"https:\/\/drasanvi.com\/pe\/producto\/condroitina-glucosamina-90-capsulas-sport-live-drasanvi\/#breadcrumb"},"inLanguage":"es","potentialAction":[{"@type":"ReadAction","target":["https:\/\/drasanvi.com\/pe\/producto\/condroitina-glucosamina-90-capsulas-sport-live-drasanvi\/"]}]},{"@type":"BreadcrumbList","@id":"https:\/\/drasanvi.com\/pe\/producto\/condroitina-glucosamina-90-capsulas-sport-live-drasanvi\/#breadcrumb","itemListElement":[{"@type":"ListItem","position":1,"name":"Portada","item":"https:\/\/drasanvi.com\/pe\/"},{"@type":"ListItem","position":2,"name":"Tienda","item":"https:\/\/drasanvi.com\/pe\/tienda\/"},{"@type":"ListItem","position":3,"name":"Condroitina + Glucosamina 90 C\u00e1psulas Sport Live Drasanvi"}]},{"@type":"WebSite","@id":"https:\/\/drasanvi.com\/pe\/#website","url":"https:\/\/drasanvi.com\/pe\/","name":"Drasanvi Per\u00fa","description":"L\u00edder en complementos alimenticios y cosm\u00e9tica natural.","publisher":{"@id":"https:\/\/drasanvi.com\/pe\/#organization"},"potentialAction":[{"@type":"SearchAction","target":{"@type":"EntryPoint","urlTemplate":"https:\/\/drasanvi.com\/pe\/?s={search_term_string}"},"query-input":{"@type":"PropertyValueSpecification","valueRequired":true,"valueName":"search_term_string"}}],"inLanguage":"es"},{"@type":"Organization","@id":"https:\/\/drasanvi.com\/pe\/#organization","name":"Drasanvi","url":"https:\/\/drasanvi.com\/pe\/","logo":{"@type":"ImageObject","inLanguage":"es","@id":"https:\/\/drasanvi.com\/pe\/#\/schema\/logo\/image\/","url":"https:\/\/drasanvi.com\/wp-content\/uploads\/sites\/5\/2021\/07\/logo-drasanvi.png","contentUrl":"https:\/\/drasanvi.com\/wp-content\/uploads\/sites\/5\/2021\/07\/logo-drasanvi.png","width":900,"height":300,"caption":"Drasanvi"},"image":{"@id":"https:\/\/drasanvi.com\/pe\/#\/schema\/logo\/image\/"}}]}},"_links":{"self":[{"href":"https:\/\/drasanvi.com\/pe\/wp-json\/wp\/v2\/product\/24057","targetHints":{"allow":["GET"]}}],"collection":[{"href":"https:\/\/drasanvi.com\/pe\/wp-json\/wp\/v2\/product"}],"about":[{"href":"https:\/\/drasanvi.com\/pe\/wp-json\/wp\/v2\/types\/product"}],"version-history":[{"count":2,"href":"https:\/\/drasanvi.com\/pe\/wp-json\/wp\/v2\/product\/24057\/revisions"}],"predecessor-version":[{"id":24232,"href":"https:\/\/drasanvi.com\/pe\/wp-json\/wp\/v2\/product\/24057\/revisions\/24232"}],"wp:attachment":[{"href":"https:\/\/drasanvi.com\/pe\/wp-json\/wp\/v2\/media?parent=24057"}],"wp:term":[{"taxonomy":"product_cat","embeddable":true,"href":"https:\/\/drasanvi.com\/pe\/wp-json\/wp\/v2\/product_cat?post=24057"},{"taxonomy":"product_tag","embeddable":true,"href":"https:\/\/drasanvi.com\/pe\/wp-json\/wp\/v2\/product_tag?post=24057"}],"curies":[{"name":"wp","href":"https:\/\/api.w.org\/{rel}","templated":true}]}}