{"id":23930,"date":"2023-08-08T11:00:05","date_gmt":"2023-08-08T09:00:05","guid":{"rendered":"https:\/\/drasanvi.com\/pe\/?post_type=product&#038;p=23930"},"modified":"2024-11-07T01:00:07","modified_gmt":"2024-11-06T23:00:07","slug":"creatina-300-g-sport-live-drasanvi-2","status":"publish","type":"product","link":"https:\/\/drasanvi.com\/pe\/producto\/creatina-300-g-sport-live-drasanvi-2\/","title":{"rendered":"Creatina 300 g Sport Live Drasanvi"},"content":{"rendered":"<p>La Creatina es una sustancia producida por nuestro cuerpo (principalmente, en h&iacute;gado, ri&ntilde;ones y p&aacute;ncreas) a partir de tres amino&aacute;cidos: Glicina, Arginina y Metionina. &nbsp;Esta sustancia&nbsp;es segregada al torrente sangu&iacute;neo y distribuida a las diferentes c&eacute;lulas del organismo.Por sus funciones en el organismo, la Creatina es uno de los complementos m&aacute;s utilizados en deportistas.&nbsp;De hecho, est&aacute; demostrado que el consumo de 3 gramos de Creatina <strong>mejora el rendimiento f&iacute;sico<\/strong> en series sucesivas de ejercicios breves de alta intensidad.Sin embargo, el tipo de Creatina utilizado es de vital importancia para obtener los resultados esperados.&nbsp;<\/p>\n<h2>Ingredientes<\/h2>\n<p>Creatina<em>5.000 mg<\/em><\/p>\n<h2>Modo de uso<\/h2>\n<p><strong>Fase de carga<\/strong>: Consumir 20 g (en 4 tomas de 5 gramos) a lo largo del d&iacute;a.<strong>Fase de mantenimiento<\/strong>: Consumir de 3-5 g al d&iacute;a despu&eacute;s del ejercicio. Puede suministrarse con la bebida recuperadora o batido de prote&iacute;nas.Un cazo dosificador enrasado corresponde a 7 g.<\/p>\n<h2>Presentaci\u00f3n<\/h2>\n<p>Envase de 300 g (10.58 oz.)<\/p>\n<h2>Advertencias<\/h2>\n<p>Complemento alimenticio a base de creatina.<\/p>\n<p>Los complementos alimenticios no deben utilizarse como sustituto de una dieta equilibrada. No superar la dosis diaria expresamente recomendada. Mantener fuera del alcance de los ni&ntilde;os m&aacute;s peque&ntilde;os. Conservar en un lugar fresco y seco.<\/p>\n<h2>Valores nutricionales<\/h2>\n","protected":false},"excerpt":{"rendered":"<p>La Creatina es una sustancia producida por nuestro cuerpo (principalmente, en h&iacute;gado, ri&ntilde;ones y p&aacute;ncreas) a partir de tres amino&aacute;cidos: Glicina, Arginina y Metionina. &nbsp;Esta sustancia&nbsp;es segregada al torrente sangu&iacute;neo y distribuida a las diferentes c&eacute;lulas del organismo.Por sus funciones en el organismo, la Creatina es uno de los complementos m&aacute;s utilizados en deportistas.&nbsp;De hecho, est&aacute; demostrado que el consumo de 3 gramos de Creatina <strong>mejora el rendimiento f&iacute;sico<\/strong> en series sucesivas de ejercicios breves de alta intensidad.Sin embargo, el tipo de Creatina utilizado es de vital importancia para obtener los resultados esperados.&nbsp;<\/p>\n<p><a id=\"boton-ficha\" href=\"https:\/\/panel.drasanvi.com\/fichas\/9\/032057241\">Ficha t\u00e9cnica<\/a><\/p>\n","protected":false},"featured_media":0,"template":"","meta":{"inline_featured_image":false},"product_cat":[87],"product_tag":[],"class_list":["post-23930","product","type-product","status-publish","hentry","product_cat-acido-urico"],"yoast_head":"<!-- This site is optimized with the Yoast SEO plugin v27.4 - https:\/\/yoast.com\/product\/yoast-seo-wordpress\/ -->\n<title>Creatina 300 g Sport Live Drasanvi - Drasanvi Per\u00fa<\/title>\n<meta name=\"robots\" content=\"index, follow, max-snippet:-1, max-image-preview:large, max-video-preview:-1\" \/>\n<link rel=\"canonical\" href=\"https:\/\/drasanvi.com\/pe\/producto\/creatina-300-g-sport-live-drasanvi-2\/\" \/>\n<meta property=\"og:locale\" content=\"es_ES\" \/>\n<meta property=\"og:type\" content=\"article\" \/>\n<meta property=\"og:title\" content=\"Creatina 300 g Sport Live Drasanvi - Drasanvi Per\u00fa\" \/>\n<meta property=\"og:description\" content=\"La Creatina es una sustancia producida por nuestro cuerpo (principalmente, en h&iacute;gado, ri&ntilde;ones y p&aacute;ncreas) a partir de tres amino&aacute;cidos: Glicina, Arginina y Metionina. &nbsp;Esta sustancia&nbsp;es segregada al torrente sangu&iacute;neo y distribuida a las diferentes c&eacute;lulas del organismo.Por sus funciones en el organismo, la Creatina es uno de los complementos m&aacute;s utilizados en deportistas.&nbsp;De hecho, est&aacute; demostrado que el consumo de 3 gramos de Creatina mejora el rendimiento f&iacute;sico en series sucesivas de ejercicios breves de alta intensidad.Sin embargo, el tipo de Creatina utilizado es de vital importancia para obtener los resultados esperados.&nbsp;Ficha t\u00e9cnica\" \/>\n<meta property=\"og:url\" content=\"https:\/\/drasanvi.com\/pe\/producto\/creatina-300-g-sport-live-drasanvi-2\/\" \/>\n<meta property=\"og:site_name\" content=\"Drasanvi Per\u00fa\" \/>\n<meta property=\"article:modified_time\" content=\"2024-11-06T23:00:07+00:00\" \/>\n<meta name=\"twitter:card\" content=\"summary_large_image\" \/>\n<script type=\"application\/ld+json\" class=\"yoast-schema-graph\">{\"@context\":\"https:\\\/\\\/schema.org\",\"@graph\":[{\"@type\":\"WebPage\",\"@id\":\"https:\\\/\\\/drasanvi.com\\\/pe\\\/producto\\\/creatina-300-g-sport-live-drasanvi-2\\\/\",\"url\":\"https:\\\/\\\/drasanvi.com\\\/pe\\\/producto\\\/creatina-300-g-sport-live-drasanvi-2\\\/\",\"name\":\"Creatina 300 g Sport Live Drasanvi - Drasanvi Per\u00fa\",\"isPartOf\":{\"@id\":\"https:\\\/\\\/drasanvi.com\\\/pe\\\/#website\"},\"datePublished\":\"2023-08-08T09:00:05+00:00\",\"dateModified\":\"2024-11-06T23:00:07+00:00\",\"breadcrumb\":{\"@id\":\"https:\\\/\\\/drasanvi.com\\\/pe\\\/producto\\\/creatina-300-g-sport-live-drasanvi-2\\\/#breadcrumb\"},\"inLanguage\":\"es\",\"potentialAction\":[{\"@type\":\"ReadAction\",\"target\":[\"https:\\\/\\\/drasanvi.com\\\/pe\\\/producto\\\/creatina-300-g-sport-live-drasanvi-2\\\/\"]}]},{\"@type\":\"BreadcrumbList\",\"@id\":\"https:\\\/\\\/drasanvi.com\\\/pe\\\/producto\\\/creatina-300-g-sport-live-drasanvi-2\\\/#breadcrumb\",\"itemListElement\":[{\"@type\":\"ListItem\",\"position\":1,\"name\":\"Portada\",\"item\":\"https:\\\/\\\/drasanvi.com\\\/pe\\\/\"},{\"@type\":\"ListItem\",\"position\":2,\"name\":\"Tienda\",\"item\":\"https:\\\/\\\/drasanvi.com\\\/pe\\\/tienda\\\/\"},{\"@type\":\"ListItem\",\"position\":3,\"name\":\"Creatina 300 g Sport Live Drasanvi\"}]},{\"@type\":\"WebSite\",\"@id\":\"https:\\\/\\\/drasanvi.com\\\/pe\\\/#website\",\"url\":\"https:\\\/\\\/drasanvi.com\\\/pe\\\/\",\"name\":\"Drasanvi Per\u00fa\",\"description\":\"L\u00edder en complementos alimenticios y cosm\u00e9tica natural.\",\"publisher\":{\"@id\":\"https:\\\/\\\/drasanvi.com\\\/pe\\\/#organization\"},\"potentialAction\":[{\"@type\":\"SearchAction\",\"target\":{\"@type\":\"EntryPoint\",\"urlTemplate\":\"https:\\\/\\\/drasanvi.com\\\/pe\\\/?s={search_term_string}\"},\"query-input\":{\"@type\":\"PropertyValueSpecification\",\"valueRequired\":true,\"valueName\":\"search_term_string\"}}],\"inLanguage\":\"es\"},{\"@type\":\"Organization\",\"@id\":\"https:\\\/\\\/drasanvi.com\\\/pe\\\/#organization\",\"name\":\"Drasanvi\",\"url\":\"https:\\\/\\\/drasanvi.com\\\/pe\\\/\",\"logo\":{\"@type\":\"ImageObject\",\"inLanguage\":\"es\",\"@id\":\"https:\\\/\\\/drasanvi.com\\\/pe\\\/#\\\/schema\\\/logo\\\/image\\\/\",\"url\":\"https:\\\/\\\/drasanvi.com\\\/wp-content\\\/uploads\\\/sites\\\/5\\\/2021\\\/07\\\/logo-drasanvi.png\",\"contentUrl\":\"https:\\\/\\\/drasanvi.com\\\/wp-content\\\/uploads\\\/sites\\\/5\\\/2021\\\/07\\\/logo-drasanvi.png\",\"width\":900,\"height\":300,\"caption\":\"Drasanvi\"},\"image\":{\"@id\":\"https:\\\/\\\/drasanvi.com\\\/pe\\\/#\\\/schema\\\/logo\\\/image\\\/\"}}]}<\/script>\n<!-- \/ Yoast SEO plugin. -->","yoast_head_json":{"title":"Creatina 300 g Sport Live Drasanvi - Drasanvi Per\u00fa","robots":{"index":"index","follow":"follow","max-snippet":"max-snippet:-1","max-image-preview":"max-image-preview:large","max-video-preview":"max-video-preview:-1"},"canonical":"https:\/\/drasanvi.com\/pe\/producto\/creatina-300-g-sport-live-drasanvi-2\/","og_locale":"es_ES","og_type":"article","og_title":"Creatina 300 g Sport Live Drasanvi - Drasanvi Per\u00fa","og_description":"La Creatina es una sustancia producida por nuestro cuerpo (principalmente, en h&iacute;gado, ri&ntilde;ones y p&aacute;ncreas) a partir de tres amino&aacute;cidos: Glicina, Arginina y Metionina. &nbsp;Esta sustancia&nbsp;es segregada al torrente sangu&iacute;neo y distribuida a las diferentes c&eacute;lulas del organismo.Por sus funciones en el organismo, la Creatina es uno de los complementos m&aacute;s utilizados en deportistas.&nbsp;De hecho, est&aacute; demostrado que el consumo de 3 gramos de Creatina mejora el rendimiento f&iacute;sico en series sucesivas de ejercicios breves de alta intensidad.Sin embargo, el tipo de Creatina utilizado es de vital importancia para obtener los resultados esperados.&nbsp;Ficha t\u00e9cnica","og_url":"https:\/\/drasanvi.com\/pe\/producto\/creatina-300-g-sport-live-drasanvi-2\/","og_site_name":"Drasanvi Per\u00fa","article_modified_time":"2024-11-06T23:00:07+00:00","twitter_card":"summary_large_image","schema":{"@context":"https:\/\/schema.org","@graph":[{"@type":"WebPage","@id":"https:\/\/drasanvi.com\/pe\/producto\/creatina-300-g-sport-live-drasanvi-2\/","url":"https:\/\/drasanvi.com\/pe\/producto\/creatina-300-g-sport-live-drasanvi-2\/","name":"Creatina 300 g Sport Live Drasanvi - Drasanvi Per\u00fa","isPartOf":{"@id":"https:\/\/drasanvi.com\/pe\/#website"},"datePublished":"2023-08-08T09:00:05+00:00","dateModified":"2024-11-06T23:00:07+00:00","breadcrumb":{"@id":"https:\/\/drasanvi.com\/pe\/producto\/creatina-300-g-sport-live-drasanvi-2\/#breadcrumb"},"inLanguage":"es","potentialAction":[{"@type":"ReadAction","target":["https:\/\/drasanvi.com\/pe\/producto\/creatina-300-g-sport-live-drasanvi-2\/"]}]},{"@type":"BreadcrumbList","@id":"https:\/\/drasanvi.com\/pe\/producto\/creatina-300-g-sport-live-drasanvi-2\/#breadcrumb","itemListElement":[{"@type":"ListItem","position":1,"name":"Portada","item":"https:\/\/drasanvi.com\/pe\/"},{"@type":"ListItem","position":2,"name":"Tienda","item":"https:\/\/drasanvi.com\/pe\/tienda\/"},{"@type":"ListItem","position":3,"name":"Creatina 300 g Sport Live Drasanvi"}]},{"@type":"WebSite","@id":"https:\/\/drasanvi.com\/pe\/#website","url":"https:\/\/drasanvi.com\/pe\/","name":"Drasanvi Per\u00fa","description":"L\u00edder en complementos alimenticios y cosm\u00e9tica natural.","publisher":{"@id":"https:\/\/drasanvi.com\/pe\/#organization"},"potentialAction":[{"@type":"SearchAction","target":{"@type":"EntryPoint","urlTemplate":"https:\/\/drasanvi.com\/pe\/?s={search_term_string}"},"query-input":{"@type":"PropertyValueSpecification","valueRequired":true,"valueName":"search_term_string"}}],"inLanguage":"es"},{"@type":"Organization","@id":"https:\/\/drasanvi.com\/pe\/#organization","name":"Drasanvi","url":"https:\/\/drasanvi.com\/pe\/","logo":{"@type":"ImageObject","inLanguage":"es","@id":"https:\/\/drasanvi.com\/pe\/#\/schema\/logo\/image\/","url":"https:\/\/drasanvi.com\/wp-content\/uploads\/sites\/5\/2021\/07\/logo-drasanvi.png","contentUrl":"https:\/\/drasanvi.com\/wp-content\/uploads\/sites\/5\/2021\/07\/logo-drasanvi.png","width":900,"height":300,"caption":"Drasanvi"},"image":{"@id":"https:\/\/drasanvi.com\/pe\/#\/schema\/logo\/image\/"}}]}},"_links":{"self":[{"href":"https:\/\/drasanvi.com\/pe\/wp-json\/wp\/v2\/product\/23930","targetHints":{"allow":["GET"]}}],"collection":[{"href":"https:\/\/drasanvi.com\/pe\/wp-json\/wp\/v2\/product"}],"about":[{"href":"https:\/\/drasanvi.com\/pe\/wp-json\/wp\/v2\/types\/product"}],"version-history":[{"count":1,"href":"https:\/\/drasanvi.com\/pe\/wp-json\/wp\/v2\/product\/23930\/revisions"}],"predecessor-version":[{"id":24233,"href":"https:\/\/drasanvi.com\/pe\/wp-json\/wp\/v2\/product\/23930\/revisions\/24233"}],"wp:attachment":[{"href":"https:\/\/drasanvi.com\/pe\/wp-json\/wp\/v2\/media?parent=23930"}],"wp:term":[{"taxonomy":"product_cat","embeddable":true,"href":"https:\/\/drasanvi.com\/pe\/wp-json\/wp\/v2\/product_cat?post=23930"},{"taxonomy":"product_tag","embeddable":true,"href":"https:\/\/drasanvi.com\/pe\/wp-json\/wp\/v2\/product_tag?post=23930"}],"curies":[{"name":"wp","href":"https:\/\/api.w.org\/{rel}","templated":true}]}}