{"id":23889,"date":"2023-07-10T16:09:59","date_gmt":"2023-07-10T14:09:59","guid":{"rendered":"https:\/\/drasanvi.com\/pe\/?post_type=product&#038;p=23889"},"modified":"2024-11-08T01:00:06","modified_gmt":"2024-11-07T23:00:06","slug":"sananitos-crecimiento-y-apetito-150-ml-drasanvi","status":"publish","type":"product","link":"https:\/\/drasanvi.com\/pe\/producto\/sananitos-crecimiento-y-apetito-150-ml-drasanvi\/","title":{"rendered":"Sananitos Crecimiento y Apetito 150 ml Drasanvi"},"content":{"rendered":"<p>La Acerola crece, de forma salvaje, en Am&eacute;rica Central, las Antillas y en las zonas tropicales h&uacute;medas de Sudam&eacute;rica. Se trata de uno de los frutos con mayor contenido en Vitamina C. Tambi&eacute;n es rica en Vitamina B6, Vitamina B1, Vitamina A, flavonoides y minerales esenciales como Hierro, Calcio, F&oacute;sforo, Potasio y Magnesio.El Cilantro&nbsp;&nbsp;es de uso com&uacute;n en la cocina mediterr&aacute;nea, &Aacute;merica del Sur y Sudeste asi&aacute;tico. Todas las partes de la planta son comestibles, pero generalmente, se usan las hojas frescas y las semillas secas.El Berro&nbsp; es una planta perenne com&uacute;n en arroyos, torrentes de aguas claras y pantanos, originaria de Europa y Asia Central. Se considera uno de los vegetales m&aacute;s antiguos consumidos por el ser humano.El Manganeso, la Tiamina, la Riboflavina, el &Aacute;cido pantot&eacute;nico, la Vitamina B6, la Biotina, la Vitamina B12 y la Vitamina B3 &nbsp;contribuyen al metabolismo energ&eacute;tico normal.<\/p>\n<p>&nbsp;<\/p>\n<h2>Ingredientes<\/h2>\n<p>Agua<em>&nbsp;<\/em>, &Aacute;zucar integral de ca&ntilde;a<em>&nbsp;<\/em>, Fructooligosacaridos<em>&nbsp;<\/em>500 mg, Extrato seco Mejorana<em>(Sumidad florida) (Origanum majorana)<\/em>260 mg, Jalea Real Liofilizada<em>Ratio 3:1 (10-HDA 4%)<\/em>200 mg, Extracto Glicerinado de Polen<em>(Ratio 1:1)<\/em>200 mg, Extracto Seco Acerola<em>(Fruto) (Malpighia glabra (L.), Vitamina C 50%)<\/em>112 mg, Extracto Seco Cilantro<em>(Fruto) (Coriandrum sativum (L), ratio 5:1)<\/em>62,4 mg, Espesante<em>(Goma xantana)<\/em>, Aroma&nbsp;<em>(Aroma de pl&aacute;tano)<\/em>, Conservador<em>(Sorbato pot&aacute;sico)<\/em>, Extrato seco Berro<em>(Sumidad a&eacute;rea) (Nasturtium officinale R. Brown, Ratio 4:1)<\/em>25 mg, Vitamina C<em>(&Aacute;cido Asc&oacute;rbico)<\/em>24 mg, Acidulante<em>(&Aacute;cido c&iacute;trico)<\/em>, Gluconato de Manganeso<em>(Manganeso 11,36%)<\/em>5,28 mg, Vitamina B3<em>(Nicotinamida)<\/em>4,8 mg, Vitamina B5<em>(D-Pantotetato C&aacute;lcico)<\/em>1,8 mg, Vitamina B2<em>(Riboflavina)<\/em>0,42 mg, Vitamina B6<em>(Clorhidrato de Piroxidina)<\/em>0,42 mg, Vitamina B1<em>(Clorhidrato de Tiamina)<\/em>0,33 mg, Vitamina B9<em>(&Aacute;cido pteroilmonoglut&aacute;mico)<\/em>60 &micro;g, Biotina<em>(D-biotina)<\/em>15 &micro;g, Vitamina B12<em>(Cianocobalamina)<\/em>0,75 &micro;g<\/p>\n<h2>Modo de uso<\/h2>\n<p>A partir de 3 a&ntilde;os. Tomar 20 ml, dos cucharadas en una sola toma al d&iacute;a o bien se puede repartir en dos tomas, una cucharada de 10 ml antes de la comida y otra cucharada de 10 ml antes de la cena. Puede tomarse solo o disuelto en alg&uacute;n otro l&iacute;quido.<\/p>\n<h2>Presentaci\u00f3n<\/h2>\n<p>L&iacute;quido contenido en un envase de 150 ml. (5,25 fl oz)<\/p>\n<h2>Advertencias<\/h2>\n<p>Complemento alimenticio a base de plantas, vitaminas y minerales.<\/p>\n<p>Los complementos alimenticios no deben utilizarse como sustituto de una dieta equilibrada. No superar la dosis diaria expresamente recomendada. Mantener fuera del alcance de los ni&ntilde;os m&aacute;s peque&ntilde;os. Conservar en un lugar fresco y seco.<\/p>\n<h2>Valores nutricionales<\/h2>\n<table>\n<tbody>\n<tr>\n<td>Vitamina C<\/td>\n<td>100%<\/td>\n<td>80 mg<\/td>\n<\/tr>\n<tr>\n<td>Manganeso<\/td>\n<td>30%<\/td>\n<td>0,6 mg<\/td>\n<\/tr>\n<tr>\n<td>Vitamina B3<\/td>\n<td>30%<\/td>\n<td>4,8 mg<\/td>\n<\/tr>\n<tr>\n<td>Vitamina B5<\/td>\n<td>30%<\/td>\n<td>1,8 mg<\/td>\n<\/tr>\n<tr>\n<td>Vitamina B2<\/td>\n<td>30%<\/td>\n<td>0,42 mg<\/td>\n<\/tr>\n<tr>\n<td>Vitamina B6<\/td>\n<td>30%<\/td>\n<td>0,42 mg<\/td>\n<\/tr>\n<tr>\n<td>Vitamina B1<\/td>\n<td>30%<\/td>\n<td>0,33 mg<\/td>\n<\/tr>\n<tr>\n<td>Vitamina B9<\/td>\n<td>30%<\/td>\n<td>60 &micro;g<\/td>\n<\/tr>\n<tr>\n<td>Vitamina B12<\/td>\n<td>30%<\/td>\n<td>0,75 &micro;g<\/td>\n<\/tr>\n<tr>\n<td>Biotina<\/td>\n<td>30%<\/td>\n<td>15 &micro;g<\/td>\n<\/tr>\n<\/tbody>\n<\/table>\n","protected":false},"excerpt":{"rendered":"<p>La Acerola crece, de forma salvaje, en Am&eacute;rica Central, las Antillas y en las zonas tropicales h&uacute;medas de Sudam&eacute;rica. Se trata de uno de los frutos con mayor contenido en Vitamina C. Tambi&eacute;n es rica en Vitamina B6, Vitamina B1, Vitamina A, flavonoides y minerales esenciales como Hierro, Calcio, F&oacute;sforo, Potasio y Magnesio.El Cilantro&nbsp;&nbsp;es de uso com&uacute;n en la cocina mediterr&aacute;nea, &Aacute;merica del Sur y Sudeste asi&aacute;tico. Todas las partes de la planta son comestibles, pero generalmente, se usan las hojas frescas y las semillas secas.El Berro&nbsp; es una planta perenne com&uacute;n en arroyos, torrentes de aguas claras y pantanos, originaria de Europa y Asia Central. Se considera uno de los vegetales m&aacute;s antiguos consumidos por el ser humano.El Manganeso, la Tiamina, la Riboflavina, el &Aacute;cido pantot&eacute;nico, la Vitamina B6, la Biotina, la Vitamina B12 y la Vitamina B3 &nbsp;contribuyen al metabolismo energ&eacute;tico normal.<\/p>\n<p>&nbsp;<\/p>\n<p><a id=\"boton-ficha\" href=\"https:\/\/panel.drasanvi.com\/fichas\/9\/032057195\">Ficha t\u00e9cnica<\/a><\/p>\n","protected":false},"featured_media":0,"template":"","meta":{"inline_featured_image":false},"product_cat":[87],"product_tag":[],"class_list":["post-23889","product","type-product","status-publish","hentry","product_cat-acido-urico"],"yoast_head":"<!-- This site is optimized with the Yoast SEO plugin v27.5 - https:\/\/yoast.com\/product\/yoast-seo-wordpress\/ -->\n<title>Sananitos Crecimiento y Apetito 150 ml Drasanvi - Drasanvi Per\u00fa<\/title>\n<meta name=\"robots\" content=\"index, follow, max-snippet:-1, max-image-preview:large, max-video-preview:-1\" \/>\n<link rel=\"canonical\" href=\"https:\/\/drasanvi.com\/pe\/producto\/sananitos-crecimiento-y-apetito-150-ml-drasanvi\/\" \/>\n<meta property=\"og:locale\" content=\"es_ES\" \/>\n<meta property=\"og:type\" content=\"article\" \/>\n<meta property=\"og:title\" content=\"Sananitos Crecimiento y Apetito 150 ml Drasanvi - Drasanvi Per\u00fa\" \/>\n<meta property=\"og:description\" content=\"La Acerola crece, de forma salvaje, en Am&eacute;rica Central, las Antillas y en las zonas tropicales h&uacute;medas de Sudam&eacute;rica. Se trata de uno de los frutos con mayor contenido en Vitamina C. Tambi&eacute;n es rica en Vitamina B6, Vitamina B1, Vitamina A, flavonoides y minerales esenciales como Hierro, Calcio, F&oacute;sforo, Potasio y Magnesio.El Cilantro&nbsp;&nbsp;es de uso com&uacute;n en la cocina mediterr&aacute;nea, &Aacute;merica del Sur y Sudeste asi&aacute;tico. Todas las partes de la planta son comestibles, pero generalmente, se usan las hojas frescas y las semillas secas.El Berro&nbsp; es una planta perenne com&uacute;n en arroyos, torrentes de aguas claras y pantanos, originaria de Europa y Asia Central. Se considera uno de los vegetales m&aacute;s antiguos consumidos por el ser humano.El Manganeso, la Tiamina, la Riboflavina, el &Aacute;cido pantot&eacute;nico, la Vitamina B6, la Biotina, la Vitamina B12 y la Vitamina B3 &nbsp;contribuyen al metabolismo energ&eacute;tico normal. &nbsp;Ficha t\u00e9cnica\" \/>\n<meta property=\"og:url\" content=\"https:\/\/drasanvi.com\/pe\/producto\/sananitos-crecimiento-y-apetito-150-ml-drasanvi\/\" \/>\n<meta property=\"og:site_name\" content=\"Drasanvi Per\u00fa\" \/>\n<meta property=\"article:modified_time\" content=\"2024-11-07T23:00:06+00:00\" \/>\n<meta name=\"twitter:card\" content=\"summary_large_image\" \/>\n<script type=\"application\/ld+json\" class=\"yoast-schema-graph\">{\"@context\":\"https:\\\/\\\/schema.org\",\"@graph\":[{\"@type\":\"WebPage\",\"@id\":\"https:\\\/\\\/drasanvi.com\\\/pe\\\/producto\\\/sananitos-crecimiento-y-apetito-150-ml-drasanvi\\\/\",\"url\":\"https:\\\/\\\/drasanvi.com\\\/pe\\\/producto\\\/sananitos-crecimiento-y-apetito-150-ml-drasanvi\\\/\",\"name\":\"Sananitos Crecimiento y Apetito 150 ml Drasanvi - Drasanvi Per\u00fa\",\"isPartOf\":{\"@id\":\"https:\\\/\\\/drasanvi.com\\\/pe\\\/#website\"},\"datePublished\":\"2023-07-10T14:09:59+00:00\",\"dateModified\":\"2024-11-07T23:00:06+00:00\",\"breadcrumb\":{\"@id\":\"https:\\\/\\\/drasanvi.com\\\/pe\\\/producto\\\/sananitos-crecimiento-y-apetito-150-ml-drasanvi\\\/#breadcrumb\"},\"inLanguage\":\"es\",\"potentialAction\":[{\"@type\":\"ReadAction\",\"target\":[\"https:\\\/\\\/drasanvi.com\\\/pe\\\/producto\\\/sananitos-crecimiento-y-apetito-150-ml-drasanvi\\\/\"]}]},{\"@type\":\"BreadcrumbList\",\"@id\":\"https:\\\/\\\/drasanvi.com\\\/pe\\\/producto\\\/sananitos-crecimiento-y-apetito-150-ml-drasanvi\\\/#breadcrumb\",\"itemListElement\":[{\"@type\":\"ListItem\",\"position\":1,\"name\":\"Portada\",\"item\":\"https:\\\/\\\/drasanvi.com\\\/pe\\\/\"},{\"@type\":\"ListItem\",\"position\":2,\"name\":\"Tienda\",\"item\":\"https:\\\/\\\/drasanvi.com\\\/pe\\\/tienda\\\/\"},{\"@type\":\"ListItem\",\"position\":3,\"name\":\"Sananitos Crecimiento y Apetito 150 ml Drasanvi\"}]},{\"@type\":\"WebSite\",\"@id\":\"https:\\\/\\\/drasanvi.com\\\/pe\\\/#website\",\"url\":\"https:\\\/\\\/drasanvi.com\\\/pe\\\/\",\"name\":\"Drasanvi Per\u00fa\",\"description\":\"L\u00edder en complementos alimenticios y cosm\u00e9tica natural.\",\"publisher\":{\"@id\":\"https:\\\/\\\/drasanvi.com\\\/pe\\\/#organization\"},\"potentialAction\":[{\"@type\":\"SearchAction\",\"target\":{\"@type\":\"EntryPoint\",\"urlTemplate\":\"https:\\\/\\\/drasanvi.com\\\/pe\\\/?s={search_term_string}\"},\"query-input\":{\"@type\":\"PropertyValueSpecification\",\"valueRequired\":true,\"valueName\":\"search_term_string\"}}],\"inLanguage\":\"es\"},{\"@type\":\"Organization\",\"@id\":\"https:\\\/\\\/drasanvi.com\\\/pe\\\/#organization\",\"name\":\"Drasanvi\",\"url\":\"https:\\\/\\\/drasanvi.com\\\/pe\\\/\",\"logo\":{\"@type\":\"ImageObject\",\"inLanguage\":\"es\",\"@id\":\"https:\\\/\\\/drasanvi.com\\\/pe\\\/#\\\/schema\\\/logo\\\/image\\\/\",\"url\":\"https:\\\/\\\/drasanvi.com\\\/wp-content\\\/uploads\\\/sites\\\/5\\\/2021\\\/07\\\/logo-drasanvi.png\",\"contentUrl\":\"https:\\\/\\\/drasanvi.com\\\/wp-content\\\/uploads\\\/sites\\\/5\\\/2021\\\/07\\\/logo-drasanvi.png\",\"width\":900,\"height\":300,\"caption\":\"Drasanvi\"},\"image\":{\"@id\":\"https:\\\/\\\/drasanvi.com\\\/pe\\\/#\\\/schema\\\/logo\\\/image\\\/\"}}]}<\/script>\n<!-- \/ Yoast SEO plugin. -->","yoast_head_json":{"title":"Sananitos Crecimiento y Apetito 150 ml Drasanvi - Drasanvi Per\u00fa","robots":{"index":"index","follow":"follow","max-snippet":"max-snippet:-1","max-image-preview":"max-image-preview:large","max-video-preview":"max-video-preview:-1"},"canonical":"https:\/\/drasanvi.com\/pe\/producto\/sananitos-crecimiento-y-apetito-150-ml-drasanvi\/","og_locale":"es_ES","og_type":"article","og_title":"Sananitos Crecimiento y Apetito 150 ml Drasanvi - Drasanvi Per\u00fa","og_description":"La Acerola crece, de forma salvaje, en Am&eacute;rica Central, las Antillas y en las zonas tropicales h&uacute;medas de Sudam&eacute;rica. Se trata de uno de los frutos con mayor contenido en Vitamina C. Tambi&eacute;n es rica en Vitamina B6, Vitamina B1, Vitamina A, flavonoides y minerales esenciales como Hierro, Calcio, F&oacute;sforo, Potasio y Magnesio.El Cilantro&nbsp;&nbsp;es de uso com&uacute;n en la cocina mediterr&aacute;nea, &Aacute;merica del Sur y Sudeste asi&aacute;tico. Todas las partes de la planta son comestibles, pero generalmente, se usan las hojas frescas y las semillas secas.El Berro&nbsp; es una planta perenne com&uacute;n en arroyos, torrentes de aguas claras y pantanos, originaria de Europa y Asia Central. Se considera uno de los vegetales m&aacute;s antiguos consumidos por el ser humano.El Manganeso, la Tiamina, la Riboflavina, el &Aacute;cido pantot&eacute;nico, la Vitamina B6, la Biotina, la Vitamina B12 y la Vitamina B3 &nbsp;contribuyen al metabolismo energ&eacute;tico normal. &nbsp;Ficha t\u00e9cnica","og_url":"https:\/\/drasanvi.com\/pe\/producto\/sananitos-crecimiento-y-apetito-150-ml-drasanvi\/","og_site_name":"Drasanvi Per\u00fa","article_modified_time":"2024-11-07T23:00:06+00:00","twitter_card":"summary_large_image","schema":{"@context":"https:\/\/schema.org","@graph":[{"@type":"WebPage","@id":"https:\/\/drasanvi.com\/pe\/producto\/sananitos-crecimiento-y-apetito-150-ml-drasanvi\/","url":"https:\/\/drasanvi.com\/pe\/producto\/sananitos-crecimiento-y-apetito-150-ml-drasanvi\/","name":"Sananitos Crecimiento y Apetito 150 ml Drasanvi - Drasanvi Per\u00fa","isPartOf":{"@id":"https:\/\/drasanvi.com\/pe\/#website"},"datePublished":"2023-07-10T14:09:59+00:00","dateModified":"2024-11-07T23:00:06+00:00","breadcrumb":{"@id":"https:\/\/drasanvi.com\/pe\/producto\/sananitos-crecimiento-y-apetito-150-ml-drasanvi\/#breadcrumb"},"inLanguage":"es","potentialAction":[{"@type":"ReadAction","target":["https:\/\/drasanvi.com\/pe\/producto\/sananitos-crecimiento-y-apetito-150-ml-drasanvi\/"]}]},{"@type":"BreadcrumbList","@id":"https:\/\/drasanvi.com\/pe\/producto\/sananitos-crecimiento-y-apetito-150-ml-drasanvi\/#breadcrumb","itemListElement":[{"@type":"ListItem","position":1,"name":"Portada","item":"https:\/\/drasanvi.com\/pe\/"},{"@type":"ListItem","position":2,"name":"Tienda","item":"https:\/\/drasanvi.com\/pe\/tienda\/"},{"@type":"ListItem","position":3,"name":"Sananitos Crecimiento y Apetito 150 ml Drasanvi"}]},{"@type":"WebSite","@id":"https:\/\/drasanvi.com\/pe\/#website","url":"https:\/\/drasanvi.com\/pe\/","name":"Drasanvi Per\u00fa","description":"L\u00edder en complementos alimenticios y cosm\u00e9tica natural.","publisher":{"@id":"https:\/\/drasanvi.com\/pe\/#organization"},"potentialAction":[{"@type":"SearchAction","target":{"@type":"EntryPoint","urlTemplate":"https:\/\/drasanvi.com\/pe\/?s={search_term_string}"},"query-input":{"@type":"PropertyValueSpecification","valueRequired":true,"valueName":"search_term_string"}}],"inLanguage":"es"},{"@type":"Organization","@id":"https:\/\/drasanvi.com\/pe\/#organization","name":"Drasanvi","url":"https:\/\/drasanvi.com\/pe\/","logo":{"@type":"ImageObject","inLanguage":"es","@id":"https:\/\/drasanvi.com\/pe\/#\/schema\/logo\/image\/","url":"https:\/\/drasanvi.com\/wp-content\/uploads\/sites\/5\/2021\/07\/logo-drasanvi.png","contentUrl":"https:\/\/drasanvi.com\/wp-content\/uploads\/sites\/5\/2021\/07\/logo-drasanvi.png","width":900,"height":300,"caption":"Drasanvi"},"image":{"@id":"https:\/\/drasanvi.com\/pe\/#\/schema\/logo\/image\/"}}]}},"_links":{"self":[{"href":"https:\/\/drasanvi.com\/pe\/wp-json\/wp\/v2\/product\/23889","targetHints":{"allow":["GET"]}}],"collection":[{"href":"https:\/\/drasanvi.com\/pe\/wp-json\/wp\/v2\/product"}],"about":[{"href":"https:\/\/drasanvi.com\/pe\/wp-json\/wp\/v2\/types\/product"}],"version-history":[{"count":1,"href":"https:\/\/drasanvi.com\/pe\/wp-json\/wp\/v2\/product\/23889\/revisions"}],"predecessor-version":[{"id":24272,"href":"https:\/\/drasanvi.com\/pe\/wp-json\/wp\/v2\/product\/23889\/revisions\/24272"}],"wp:attachment":[{"href":"https:\/\/drasanvi.com\/pe\/wp-json\/wp\/v2\/media?parent=23889"}],"wp:term":[{"taxonomy":"product_cat","embeddable":true,"href":"https:\/\/drasanvi.com\/pe\/wp-json\/wp\/v2\/product_cat?post=23889"},{"taxonomy":"product_tag","embeddable":true,"href":"https:\/\/drasanvi.com\/pe\/wp-json\/wp\/v2\/product_tag?post=23889"}],"curies":[{"name":"wp","href":"https:\/\/api.w.org\/{rel}","templated":true}]}}