{"id":23876,"date":"2023-07-10T16:09:58","date_gmt":"2023-07-10T14:09:58","guid":{"rendered":"https:\/\/drasanvi.com\/pe\/?post_type=product&#038;p=23876"},"modified":"2024-11-07T01:00:07","modified_gmt":"2024-11-06T23:00:07","slug":"ghee-mantequilla-clarificada-300-g-keto","status":"publish","type":"product","link":"https:\/\/drasanvi.com\/pe\/producto\/ghee-mantequilla-clarificada-300-g-keto\/","title":{"rendered":"Mantequilla Ghee Bio 300 g Keto Drasanvi"},"content":{"rendered":"<p>La mantequilla Ghee se ha obtenido eliminando&nbsp; de la mantequilla, el agua, las prote&iacute;nas y los az&uacute;cares, quedando la parte grasa. Esta es calentada durante un tiempo prolongado obteniendo un sabor ahumado que recuerda a las nueces.<\/p>\n<div>No necesita mantenerse en la nevera, pero s&iacute; es aconsejable conservarlo en un espacio resguardado de la luz<\/div>\n<p>&nbsp;<\/p>\n<h2>Ingredientes<\/h2>\n<p>100% mantequilla de vaca clarificadaSin colorantes, conservantes ni az&uacute;cares a&ntilde;adidos.<\/p>\n<h2>Modo de uso<\/h2>\n<p>Ghee es ideal para untar o para elaborar platos salados o dulces. Puede usarse para fre&iacute;r<\/p>\n<h2>Presentaci\u00f3n<\/h2>\n<p>Envase de 300 g<\/p>\n<h2>Advertencias<\/h2>\n<p>Conservar en un lugar fresco y seco.Puede contener trazas de lactosa y prote&iacute;nas l&aacute;cteas<\/p>\n<h2>Valores nutricionales<\/h2>\n<p>Por cada 100 g<\/p>\n<table>\n<tbody>\n<tr>\n<td><strong>Ingrediente<\/strong><\/td>\n<td><strong>Cantidad \/ dosis diaria<\/strong><\/td>\n<\/tr>\n<tr>\n<td><strong>Valor energ&eacute;tico<\/strong><\/td>\n<td>3681,5 KJ\/ 895,5 kcal<\/td>\n<\/tr>\n<tr>\n<td><strong>Grasas<\/strong><em>De las cuales saturadas<\/em>&nbsp;&nbsp;<\/td>\n<td>99,8 g<em>62,5 g<\/em>&nbsp;&nbsp;<\/td>\n<\/tr>\n<tr>\n<td><strong>Hidratos de carbono<\/strong><em>De los cuales az&uacute;cares <\/em><\/td>\n<td>0 g0 g<\/td>\n<\/tr>\n<tr>\n<td><strong>Fibra <\/strong><\/td>\n<td>0 g<\/td>\n<\/tr>\n<tr>\n<td><strong>Prote&iacute;nas<\/strong><\/td>\n<td>&lt;1 g<\/td>\n<\/tr>\n<tr>\n<td><strong>Sal<\/strong><\/td>\n<td>0 mg<\/td>\n<\/tr>\n<\/tbody>\n<\/table>\n","protected":false},"excerpt":{"rendered":"<p>La mantequilla Ghee se ha obtenido eliminando&nbsp; de la mantequilla, el agua, las prote&iacute;nas y los az&uacute;cares, quedando la parte grasa. Esta es calentada durante un tiempo prolongado obteniendo un sabor ahumado que recuerda a las nueces.<\/p>\n<div>No necesita mantenerse en la nevera, pero s&iacute; es aconsejable conservarlo en un espacio resguardado de la luz<\/div>\n<p>&nbsp;<\/p>\n<p><a id=\"boton-ficha\" href=\"https:\/\/panel.drasanvi.com\/fichas\/9\/032050696\">Ficha t\u00e9cnica<\/a><\/p>\n","protected":false},"featured_media":0,"template":"","meta":{"inline_featured_image":false},"product_cat":[87],"product_tag":[],"class_list":["post-23876","product","type-product","status-publish","hentry","product_cat-acido-urico"],"yoast_head":"<!-- This site is optimized with the Yoast SEO plugin v27.4 - https:\/\/yoast.com\/product\/yoast-seo-wordpress\/ -->\n<title>Mantequilla Ghee Bio 300 g Keto Drasanvi - Drasanvi Per\u00fa<\/title>\n<meta name=\"robots\" content=\"index, follow, max-snippet:-1, max-image-preview:large, max-video-preview:-1\" \/>\n<link rel=\"canonical\" href=\"https:\/\/drasanvi.com\/pe\/producto\/ghee-mantequilla-clarificada-300-g-keto\/\" \/>\n<meta property=\"og:locale\" content=\"es_ES\" \/>\n<meta property=\"og:type\" content=\"article\" \/>\n<meta property=\"og:title\" content=\"Mantequilla Ghee Bio 300 g Keto Drasanvi - Drasanvi Per\u00fa\" \/>\n<meta property=\"og:description\" content=\"La mantequilla Ghee se ha obtenido eliminando&nbsp; de la mantequilla, el agua, las prote&iacute;nas y los az&uacute;cares, quedando la parte grasa. Esta es calentada durante un tiempo prolongado obteniendo un sabor ahumado que recuerda a las nueces. No necesita mantenerse en la nevera, pero s&iacute; es aconsejable conservarlo en un espacio resguardado de la luz &nbsp;Ficha t\u00e9cnica\" \/>\n<meta property=\"og:url\" content=\"https:\/\/drasanvi.com\/pe\/producto\/ghee-mantequilla-clarificada-300-g-keto\/\" \/>\n<meta property=\"og:site_name\" content=\"Drasanvi Per\u00fa\" \/>\n<meta property=\"article:modified_time\" content=\"2024-11-06T23:00:07+00:00\" \/>\n<meta name=\"twitter:card\" content=\"summary_large_image\" \/>\n<script type=\"application\/ld+json\" class=\"yoast-schema-graph\">{\"@context\":\"https:\\\/\\\/schema.org\",\"@graph\":[{\"@type\":\"WebPage\",\"@id\":\"https:\\\/\\\/drasanvi.com\\\/pe\\\/producto\\\/ghee-mantequilla-clarificada-300-g-keto\\\/\",\"url\":\"https:\\\/\\\/drasanvi.com\\\/pe\\\/producto\\\/ghee-mantequilla-clarificada-300-g-keto\\\/\",\"name\":\"Mantequilla Ghee Bio 300 g Keto Drasanvi - Drasanvi Per\u00fa\",\"isPartOf\":{\"@id\":\"https:\\\/\\\/drasanvi.com\\\/pe\\\/#website\"},\"datePublished\":\"2023-07-10T14:09:58+00:00\",\"dateModified\":\"2024-11-06T23:00:07+00:00\",\"breadcrumb\":{\"@id\":\"https:\\\/\\\/drasanvi.com\\\/pe\\\/producto\\\/ghee-mantequilla-clarificada-300-g-keto\\\/#breadcrumb\"},\"inLanguage\":\"es\",\"potentialAction\":[{\"@type\":\"ReadAction\",\"target\":[\"https:\\\/\\\/drasanvi.com\\\/pe\\\/producto\\\/ghee-mantequilla-clarificada-300-g-keto\\\/\"]}]},{\"@type\":\"BreadcrumbList\",\"@id\":\"https:\\\/\\\/drasanvi.com\\\/pe\\\/producto\\\/ghee-mantequilla-clarificada-300-g-keto\\\/#breadcrumb\",\"itemListElement\":[{\"@type\":\"ListItem\",\"position\":1,\"name\":\"Portada\",\"item\":\"https:\\\/\\\/drasanvi.com\\\/pe\\\/\"},{\"@type\":\"ListItem\",\"position\":2,\"name\":\"Tienda\",\"item\":\"https:\\\/\\\/drasanvi.com\\\/pe\\\/tienda\\\/\"},{\"@type\":\"ListItem\",\"position\":3,\"name\":\"Mantequilla Ghee Bio 300 g Keto Drasanvi\"}]},{\"@type\":\"WebSite\",\"@id\":\"https:\\\/\\\/drasanvi.com\\\/pe\\\/#website\",\"url\":\"https:\\\/\\\/drasanvi.com\\\/pe\\\/\",\"name\":\"Drasanvi Per\u00fa\",\"description\":\"L\u00edder en complementos alimenticios y cosm\u00e9tica natural.\",\"publisher\":{\"@id\":\"https:\\\/\\\/drasanvi.com\\\/pe\\\/#organization\"},\"potentialAction\":[{\"@type\":\"SearchAction\",\"target\":{\"@type\":\"EntryPoint\",\"urlTemplate\":\"https:\\\/\\\/drasanvi.com\\\/pe\\\/?s={search_term_string}\"},\"query-input\":{\"@type\":\"PropertyValueSpecification\",\"valueRequired\":true,\"valueName\":\"search_term_string\"}}],\"inLanguage\":\"es\"},{\"@type\":\"Organization\",\"@id\":\"https:\\\/\\\/drasanvi.com\\\/pe\\\/#organization\",\"name\":\"Drasanvi\",\"url\":\"https:\\\/\\\/drasanvi.com\\\/pe\\\/\",\"logo\":{\"@type\":\"ImageObject\",\"inLanguage\":\"es\",\"@id\":\"https:\\\/\\\/drasanvi.com\\\/pe\\\/#\\\/schema\\\/logo\\\/image\\\/\",\"url\":\"https:\\\/\\\/drasanvi.com\\\/wp-content\\\/uploads\\\/sites\\\/5\\\/2021\\\/07\\\/logo-drasanvi.png\",\"contentUrl\":\"https:\\\/\\\/drasanvi.com\\\/wp-content\\\/uploads\\\/sites\\\/5\\\/2021\\\/07\\\/logo-drasanvi.png\",\"width\":900,\"height\":300,\"caption\":\"Drasanvi\"},\"image\":{\"@id\":\"https:\\\/\\\/drasanvi.com\\\/pe\\\/#\\\/schema\\\/logo\\\/image\\\/\"}}]}<\/script>\n<!-- \/ Yoast SEO plugin. -->","yoast_head_json":{"title":"Mantequilla Ghee Bio 300 g Keto Drasanvi - Drasanvi Per\u00fa","robots":{"index":"index","follow":"follow","max-snippet":"max-snippet:-1","max-image-preview":"max-image-preview:large","max-video-preview":"max-video-preview:-1"},"canonical":"https:\/\/drasanvi.com\/pe\/producto\/ghee-mantequilla-clarificada-300-g-keto\/","og_locale":"es_ES","og_type":"article","og_title":"Mantequilla Ghee Bio 300 g Keto Drasanvi - Drasanvi Per\u00fa","og_description":"La mantequilla Ghee se ha obtenido eliminando&nbsp; de la mantequilla, el agua, las prote&iacute;nas y los az&uacute;cares, quedando la parte grasa. Esta es calentada durante un tiempo prolongado obteniendo un sabor ahumado que recuerda a las nueces. No necesita mantenerse en la nevera, pero s&iacute; es aconsejable conservarlo en un espacio resguardado de la luz &nbsp;Ficha t\u00e9cnica","og_url":"https:\/\/drasanvi.com\/pe\/producto\/ghee-mantequilla-clarificada-300-g-keto\/","og_site_name":"Drasanvi Per\u00fa","article_modified_time":"2024-11-06T23:00:07+00:00","twitter_card":"summary_large_image","schema":{"@context":"https:\/\/schema.org","@graph":[{"@type":"WebPage","@id":"https:\/\/drasanvi.com\/pe\/producto\/ghee-mantequilla-clarificada-300-g-keto\/","url":"https:\/\/drasanvi.com\/pe\/producto\/ghee-mantequilla-clarificada-300-g-keto\/","name":"Mantequilla Ghee Bio 300 g Keto Drasanvi - Drasanvi Per\u00fa","isPartOf":{"@id":"https:\/\/drasanvi.com\/pe\/#website"},"datePublished":"2023-07-10T14:09:58+00:00","dateModified":"2024-11-06T23:00:07+00:00","breadcrumb":{"@id":"https:\/\/drasanvi.com\/pe\/producto\/ghee-mantequilla-clarificada-300-g-keto\/#breadcrumb"},"inLanguage":"es","potentialAction":[{"@type":"ReadAction","target":["https:\/\/drasanvi.com\/pe\/producto\/ghee-mantequilla-clarificada-300-g-keto\/"]}]},{"@type":"BreadcrumbList","@id":"https:\/\/drasanvi.com\/pe\/producto\/ghee-mantequilla-clarificada-300-g-keto\/#breadcrumb","itemListElement":[{"@type":"ListItem","position":1,"name":"Portada","item":"https:\/\/drasanvi.com\/pe\/"},{"@type":"ListItem","position":2,"name":"Tienda","item":"https:\/\/drasanvi.com\/pe\/tienda\/"},{"@type":"ListItem","position":3,"name":"Mantequilla Ghee Bio 300 g Keto Drasanvi"}]},{"@type":"WebSite","@id":"https:\/\/drasanvi.com\/pe\/#website","url":"https:\/\/drasanvi.com\/pe\/","name":"Drasanvi Per\u00fa","description":"L\u00edder en complementos alimenticios y cosm\u00e9tica natural.","publisher":{"@id":"https:\/\/drasanvi.com\/pe\/#organization"},"potentialAction":[{"@type":"SearchAction","target":{"@type":"EntryPoint","urlTemplate":"https:\/\/drasanvi.com\/pe\/?s={search_term_string}"},"query-input":{"@type":"PropertyValueSpecification","valueRequired":true,"valueName":"search_term_string"}}],"inLanguage":"es"},{"@type":"Organization","@id":"https:\/\/drasanvi.com\/pe\/#organization","name":"Drasanvi","url":"https:\/\/drasanvi.com\/pe\/","logo":{"@type":"ImageObject","inLanguage":"es","@id":"https:\/\/drasanvi.com\/pe\/#\/schema\/logo\/image\/","url":"https:\/\/drasanvi.com\/wp-content\/uploads\/sites\/5\/2021\/07\/logo-drasanvi.png","contentUrl":"https:\/\/drasanvi.com\/wp-content\/uploads\/sites\/5\/2021\/07\/logo-drasanvi.png","width":900,"height":300,"caption":"Drasanvi"},"image":{"@id":"https:\/\/drasanvi.com\/pe\/#\/schema\/logo\/image\/"}}]}},"_links":{"self":[{"href":"https:\/\/drasanvi.com\/pe\/wp-json\/wp\/v2\/product\/23876","targetHints":{"allow":["GET"]}}],"collection":[{"href":"https:\/\/drasanvi.com\/pe\/wp-json\/wp\/v2\/product"}],"about":[{"href":"https:\/\/drasanvi.com\/pe\/wp-json\/wp\/v2\/types\/product"}],"version-history":[{"count":2,"href":"https:\/\/drasanvi.com\/pe\/wp-json\/wp\/v2\/product\/23876\/revisions"}],"predecessor-version":[{"id":24239,"href":"https:\/\/drasanvi.com\/pe\/wp-json\/wp\/v2\/product\/23876\/revisions\/24239"}],"wp:attachment":[{"href":"https:\/\/drasanvi.com\/pe\/wp-json\/wp\/v2\/media?parent=23876"}],"wp:term":[{"taxonomy":"product_cat","embeddable":true,"href":"https:\/\/drasanvi.com\/pe\/wp-json\/wp\/v2\/product_cat?post=23876"},{"taxonomy":"product_tag","embeddable":true,"href":"https:\/\/drasanvi.com\/pe\/wp-json\/wp\/v2\/product_tag?post=23876"}],"curies":[{"name":"wp","href":"https:\/\/api.w.org\/{rel}","templated":true}]}}