{"id":23861,"date":"2023-07-10T16:09:57","date_gmt":"2023-07-10T14:09:57","guid":{"rendered":"https:\/\/drasanvi.com\/pe\/?post_type=product&#038;p=23861"},"modified":"2023-11-08T01:00:05","modified_gmt":"2023-11-07T23:00:05","slug":"colageno-marino-hidrolizado-cao","status":"publish","type":"product","link":"https:\/\/drasanvi.com\/pe\/producto\/colageno-marino-hidrolizado-cao\/","title":{"rendered":"Col\u00e1geno Marino Hidrolizado Cao"},"content":{"rendered":"<p>Col&aacute;geno Marino Hidrolizado Cao es un complemento alimenticio a base de Cacao desgrasado de procedencia ecol&oacute;gica, Col&aacute;geno Marino Hidrolizado, DHA, Vitaminas C, D, B1, B5, B6 y B12, y minerales como Hierro, Magnesio y Zinc. La combinaci&oacute;n de todos estos ingredientes lo convierten en un complemento alimenticio muy completo para tomar en el desayuno.<\/p>\n<p>Las Prote&iacute;nas contribuyen a aumentar la masa muscular<\/p>\n<p>La Vitamina C que contribuye a la formaci&oacute;n normal del Col&aacute;geno para el funcionamiento normal de cart&iacute;lagos, huesos y piel.<\/p>\n<p>La Vitamina B2 contribuye al metabolismo normal del Hierro.<\/p>\n<p>La Vitamina B6 contribuye almetabolismo normal de las prote&iacute;nas y del Gluc&oacute;geno<\/p>\n<p>La Vitamina D contribuye a la absorci&oacute;n y utilizaci&oacute;n normal del Calcio y el F&oacute;sforo<\/p>\n<p>El Magnesio y la Vitamina B12 contribuyen a disminuir el cansancio y la fatiga<\/p>\n<p>El Calcio es necesario para el mantenimiento de los huesos encondiciones normales<\/p>\n<p>El Zinc contribuye a la s&iacute;ntesis proteica normal<\/p>\n<h2>Ingredientes<\/h2>\n<p>Cacao desgrasado puro Bio*<em>&nbsp;<\/em>6570 mg, <b style=\"text-decoration: underline\">Col&aacute;geno marino hidrolizado enzimaticamente<\/b><em>( Muy bajo Peso molecular)<\/em>2000 mg, Citrato de Magnesio<em>(Magnesio 15.5%)<\/em>726 mg, Citrato de Calcio<em>(Calcio 21%)<\/em>720 mg, Extracto seco de Acerola<em>(Malpighia glabra&nbsp;Vitamina C 25%)<\/em>320 mg, DHA microencapsulado<em>(Riqueza 10%)<\/em>80 mg, Fumarato ferroso<em>(Hierro 32%)<\/em>44 mg, Gluconato de Zinc<em>(Zinc 14%)<\/em>35 mg, D-Pantotenato de Calcio<em>(Vitamina B5)<\/em>6 mg, Cianocobalamina<em>(Vitamina B12)<\/em>2.5 mg, Colecalciferol<em>(Vitamina D3)<\/em>2 mg, Clorhidrato de Piridoxina<em>(Vitamina B6)<\/em>1.4 mg, Clorhidrato de Tiamina<em>(Vitamina B1)<\/em>1.1 mg<\/p>\n<h2>Modo de uso<\/h2>\n<p>Disolver 11 g , 2 cacitos dosificadores, con leche o bebida vegetal fr&iacute;a o caliente en el desayuno. Se puede endulzar al gusto.<\/p>\n<h2>Presentaci\u00f3n<\/h2>\n<p>Envase de 300 g (10.58 oz).<\/p>\n<h2>Advertencias<\/h2>\n<p>Los complementos alimenticios no deben utilizarse como sustitutivos de una dieta equilibrada y un modo de vida sano. No superar la dosis diaria recomendada.Mantener fuera del alcance de los ni&ntilde;os. Conservar en un lugar fresco y seco. Contiene pescado.<\/p>\n<h2>Valores nutricionales<\/h2>\n<p>Por 100g<\/p>\n<table>\n<tbody>\n<tr>\n<td>INGREDIENTE<\/td>\n<td>100 g<\/td>\n<td>11 g<\/td>\n<\/tr>\n<tr>\n<td>Energ&iacute;a<\/td>\n<td>380 Kcal\/1595KJ<\/td>\n<td>41,8 Kcal\/175,45 KJ<\/td>\n<\/tr>\n<tr>\n<td>Grasasde las cuales saturadas<\/td>\n<td>6,7 g2,2 g<\/td>\n<td>0,74 g0,24 g<\/td>\n<\/tr>\n<tr>\n<td>Hidratos de carbonode los cuales az&uacute;cares<\/td>\n<td>45,02g1,5 g<\/td>\n<td>4,95 g0,17 g<\/td>\n<\/tr>\n<tr>\n<td>Prote&iacute;nas<\/td>\n<td>34,85 g<\/td>\n<td>3,83 g<\/td>\n<\/tr>\n<tr>\n<td>Sal<\/td>\n<td>0,35 g<\/td>\n<td>0,038 g<\/td>\n<\/tr>\n<\/tbody>\n<\/table>\n<p>&nbsp;<\/p>\n<table>\n<tbody>\n<tr>\n<th>Ingrediente<\/th>\n<th>Cantidad (100 g)<\/th>\n<th>Porcentaje<\/th>\n<th>Cantidad dosis diaria<\/th>\n<th>Porcentaje<\/th>\n<\/tr>\n<tr>\n<td>Calcio<\/td>\n<td>1374,5 mg<\/td>\n<td>172,7%<\/td>\n<td>151,2 mg<\/td>\n<td>19%<\/td>\n<\/tr>\n<tr>\n<td>Magnesio<\/td>\n<td>1022,7 mg<\/td>\n<td>272,7%<\/td>\n<td>112,5 mg<\/td>\n<td>30%<\/td>\n<\/tr>\n<tr>\n<td>Zinc<\/td>\n<td>45,5 mg<\/td>\n<td>454,5%<\/td>\n<td>5 mg<\/td>\n<td>50%<\/td>\n<\/tr>\n<tr>\n<td>Vitamina C<\/td>\n<td>727,3 mg<\/td>\n<td>909%<\/td>\n<td>80 mg<\/td>\n<td>100%<\/td>\n<\/tr>\n<tr>\n<td>Hierro<\/td>\n<td>127,3 mg<\/td>\n<td>909%<\/td>\n<td>14 mg<\/td>\n<td>100%<\/td>\n<\/tr>\n<tr>\n<td>Vitamina D3<\/td>\n<td>45,4&nbsp;&nbsp;&micro;g<\/td>\n<td>909%<\/td>\n<td>5&nbsp;&micro;g<\/td>\n<td>100%<\/td>\n<\/tr>\n<tr>\n<td>Vitamina B1<\/td>\n<td>10 mg<\/td>\n<td>909%<\/td>\n<td>1,1 mg<\/td>\n<td>100%<\/td>\n<\/tr>\n<tr>\n<td>Vitamina B5<\/td>\n<td>54,5 mg<\/td>\n<td>909%<\/td>\n<td>6 mg<\/td>\n<td>100%<\/td>\n<\/tr>\n<tr>\n<td>Vitamina B12<\/td>\n<td>22,73&nbsp;&nbsp;&micro;g<\/td>\n<td>909%<\/td>\n<td>2,5&nbsp;&micro;g<\/td>\n<td>100%<\/td>\n<\/tr>\n<\/tbody>\n<\/table>\n<p>% VRN (Valores Referencia Nutrientes)<\/p>\n","protected":false},"excerpt":{"rendered":"<p>Col&aacute;geno Marino Hidrolizado Cao es un complemento alimenticio a base de Cacao desgrasado de procedencia ecol&oacute;gica, Col&aacute;geno Marino Hidrolizado, DHA, Vitaminas C, D, B1, B5, B6 y B12, y minerales como Hierro, Magnesio y Zinc. La combinaci&oacute;n de todos estos ingredientes lo convierten en un complemento alimenticio muy completo para tomar en el desayuno.<\/p>\n<p>Las Prote&iacute;nas contribuyen a aumentar la masa muscular<\/p>\n<p>La Vitamina C que contribuye a la formaci&oacute;n normal del Col&aacute;geno para el funcionamiento normal de cart&iacute;lagos, huesos y piel.<\/p>\n<p>La Vitamina B2 contribuye al metabolismo normal del Hierro.<\/p>\n<p>La Vitamina B6 contribuye almetabolismo normal de las prote&iacute;nas y del Gluc&oacute;geno<\/p>\n<p>La Vitamina D contribuye a la absorci&oacute;n y utilizaci&oacute;n normal del Calcio y el F&oacute;sforo<\/p>\n<p>El Magnesio y la Vitamina B12 contribuyen a disminuir el cansancio y la fatiga<\/p>\n<p>El Calcio es necesario para el mantenimiento de los huesos encondiciones normales<\/p>\n<p>El Zinc contribuye a la s&iacute;ntesis proteica normal<\/p>\n<p><a id=\"boton-ficha\" href=\"https:\/\/panel.drasanvi.com\/fichas\/9\/032050435\">Ficha t\u00e9cnica<\/a><\/p>\n","protected":false},"featured_media":0,"template":"","meta":{"inline_featured_image":false},"product_cat":[87],"product_tag":[],"class_list":["post-23861","product","type-product","status-publish","hentry","product_cat-acido-urico"],"yoast_head":"<!-- This site is optimized with the Yoast SEO plugin v27.5 - https:\/\/yoast.com\/product\/yoast-seo-wordpress\/ -->\n<title>Col\u00e1geno Marino Hidrolizado Cao - Drasanvi Per\u00fa<\/title>\n<meta name=\"robots\" content=\"index, follow, max-snippet:-1, max-image-preview:large, max-video-preview:-1\" \/>\n<link rel=\"canonical\" href=\"https:\/\/drasanvi.com\/pe\/producto\/colageno-marino-hidrolizado-cao\/\" \/>\n<meta property=\"og:locale\" content=\"es_ES\" \/>\n<meta property=\"og:type\" content=\"article\" \/>\n<meta property=\"og:title\" content=\"Col\u00e1geno Marino Hidrolizado Cao - Drasanvi Per\u00fa\" \/>\n<meta property=\"og:description\" content=\"Col&aacute;geno Marino Hidrolizado Cao es un complemento alimenticio a base de Cacao desgrasado de procedencia ecol&oacute;gica, Col&aacute;geno Marino Hidrolizado, DHA, Vitaminas C, D, B1, B5, B6 y B12, y minerales como Hierro, Magnesio y Zinc. La combinaci&oacute;n de todos estos ingredientes lo convierten en un complemento alimenticio muy completo para tomar en el desayuno. Las Prote&iacute;nas contribuyen a aumentar la masa muscular La Vitamina C que contribuye a la formaci&oacute;n normal del Col&aacute;geno para el funcionamiento normal de cart&iacute;lagos, huesos y piel. La Vitamina B2 contribuye al metabolismo normal del Hierro. La Vitamina B6 contribuye almetabolismo normal de las prote&iacute;nas y del Gluc&oacute;geno La Vitamina D contribuye a la absorci&oacute;n y utilizaci&oacute;n normal del Calcio y el F&oacute;sforo El Magnesio y la Vitamina B12 contribuyen a disminuir el cansancio y la fatiga El Calcio es necesario para el mantenimiento de los huesos encondiciones normales El Zinc contribuye a la s&iacute;ntesis proteica normalFicha t\u00e9cnica\" \/>\n<meta property=\"og:url\" content=\"https:\/\/drasanvi.com\/pe\/producto\/colageno-marino-hidrolizado-cao\/\" \/>\n<meta property=\"og:site_name\" content=\"Drasanvi Per\u00fa\" \/>\n<meta property=\"article:modified_time\" content=\"2023-11-07T23:00:05+00:00\" \/>\n<meta name=\"twitter:card\" content=\"summary_large_image\" \/>\n<script type=\"application\/ld+json\" class=\"yoast-schema-graph\">{\"@context\":\"https:\\\/\\\/schema.org\",\"@graph\":[{\"@type\":\"WebPage\",\"@id\":\"https:\\\/\\\/drasanvi.com\\\/pe\\\/producto\\\/colageno-marino-hidrolizado-cao\\\/\",\"url\":\"https:\\\/\\\/drasanvi.com\\\/pe\\\/producto\\\/colageno-marino-hidrolizado-cao\\\/\",\"name\":\"Col\u00e1geno Marino Hidrolizado Cao - Drasanvi Per\u00fa\",\"isPartOf\":{\"@id\":\"https:\\\/\\\/drasanvi.com\\\/pe\\\/#website\"},\"datePublished\":\"2023-07-10T14:09:57+00:00\",\"dateModified\":\"2023-11-07T23:00:05+00:00\",\"breadcrumb\":{\"@id\":\"https:\\\/\\\/drasanvi.com\\\/pe\\\/producto\\\/colageno-marino-hidrolizado-cao\\\/#breadcrumb\"},\"inLanguage\":\"es\",\"potentialAction\":[{\"@type\":\"ReadAction\",\"target\":[\"https:\\\/\\\/drasanvi.com\\\/pe\\\/producto\\\/colageno-marino-hidrolizado-cao\\\/\"]}]},{\"@type\":\"BreadcrumbList\",\"@id\":\"https:\\\/\\\/drasanvi.com\\\/pe\\\/producto\\\/colageno-marino-hidrolizado-cao\\\/#breadcrumb\",\"itemListElement\":[{\"@type\":\"ListItem\",\"position\":1,\"name\":\"Portada\",\"item\":\"https:\\\/\\\/drasanvi.com\\\/pe\\\/\"},{\"@type\":\"ListItem\",\"position\":2,\"name\":\"Tienda\",\"item\":\"https:\\\/\\\/drasanvi.com\\\/pe\\\/tienda\\\/\"},{\"@type\":\"ListItem\",\"position\":3,\"name\":\"Col\u00e1geno Marino Hidrolizado Cao\"}]},{\"@type\":\"WebSite\",\"@id\":\"https:\\\/\\\/drasanvi.com\\\/pe\\\/#website\",\"url\":\"https:\\\/\\\/drasanvi.com\\\/pe\\\/\",\"name\":\"Drasanvi Per\u00fa\",\"description\":\"L\u00edder en complementos alimenticios y cosm\u00e9tica natural.\",\"publisher\":{\"@id\":\"https:\\\/\\\/drasanvi.com\\\/pe\\\/#organization\"},\"potentialAction\":[{\"@type\":\"SearchAction\",\"target\":{\"@type\":\"EntryPoint\",\"urlTemplate\":\"https:\\\/\\\/drasanvi.com\\\/pe\\\/?s={search_term_string}\"},\"query-input\":{\"@type\":\"PropertyValueSpecification\",\"valueRequired\":true,\"valueName\":\"search_term_string\"}}],\"inLanguage\":\"es\"},{\"@type\":\"Organization\",\"@id\":\"https:\\\/\\\/drasanvi.com\\\/pe\\\/#organization\",\"name\":\"Drasanvi\",\"url\":\"https:\\\/\\\/drasanvi.com\\\/pe\\\/\",\"logo\":{\"@type\":\"ImageObject\",\"inLanguage\":\"es\",\"@id\":\"https:\\\/\\\/drasanvi.com\\\/pe\\\/#\\\/schema\\\/logo\\\/image\\\/\",\"url\":\"https:\\\/\\\/drasanvi.com\\\/wp-content\\\/uploads\\\/sites\\\/5\\\/2021\\\/07\\\/logo-drasanvi.png\",\"contentUrl\":\"https:\\\/\\\/drasanvi.com\\\/wp-content\\\/uploads\\\/sites\\\/5\\\/2021\\\/07\\\/logo-drasanvi.png\",\"width\":900,\"height\":300,\"caption\":\"Drasanvi\"},\"image\":{\"@id\":\"https:\\\/\\\/drasanvi.com\\\/pe\\\/#\\\/schema\\\/logo\\\/image\\\/\"}}]}<\/script>\n<!-- \/ Yoast SEO plugin. -->","yoast_head_json":{"title":"Col\u00e1geno Marino Hidrolizado Cao - Drasanvi Per\u00fa","robots":{"index":"index","follow":"follow","max-snippet":"max-snippet:-1","max-image-preview":"max-image-preview:large","max-video-preview":"max-video-preview:-1"},"canonical":"https:\/\/drasanvi.com\/pe\/producto\/colageno-marino-hidrolizado-cao\/","og_locale":"es_ES","og_type":"article","og_title":"Col\u00e1geno Marino Hidrolizado Cao - Drasanvi Per\u00fa","og_description":"Col&aacute;geno Marino Hidrolizado Cao es un complemento alimenticio a base de Cacao desgrasado de procedencia ecol&oacute;gica, Col&aacute;geno Marino Hidrolizado, DHA, Vitaminas C, D, B1, B5, B6 y B12, y minerales como Hierro, Magnesio y Zinc. La combinaci&oacute;n de todos estos ingredientes lo convierten en un complemento alimenticio muy completo para tomar en el desayuno. Las Prote&iacute;nas contribuyen a aumentar la masa muscular La Vitamina C que contribuye a la formaci&oacute;n normal del Col&aacute;geno para el funcionamiento normal de cart&iacute;lagos, huesos y piel. La Vitamina B2 contribuye al metabolismo normal del Hierro. La Vitamina B6 contribuye almetabolismo normal de las prote&iacute;nas y del Gluc&oacute;geno La Vitamina D contribuye a la absorci&oacute;n y utilizaci&oacute;n normal del Calcio y el F&oacute;sforo El Magnesio y la Vitamina B12 contribuyen a disminuir el cansancio y la fatiga El Calcio es necesario para el mantenimiento de los huesos encondiciones normales El Zinc contribuye a la s&iacute;ntesis proteica normalFicha t\u00e9cnica","og_url":"https:\/\/drasanvi.com\/pe\/producto\/colageno-marino-hidrolizado-cao\/","og_site_name":"Drasanvi Per\u00fa","article_modified_time":"2023-11-07T23:00:05+00:00","twitter_card":"summary_large_image","schema":{"@context":"https:\/\/schema.org","@graph":[{"@type":"WebPage","@id":"https:\/\/drasanvi.com\/pe\/producto\/colageno-marino-hidrolizado-cao\/","url":"https:\/\/drasanvi.com\/pe\/producto\/colageno-marino-hidrolizado-cao\/","name":"Col\u00e1geno Marino Hidrolizado Cao - Drasanvi Per\u00fa","isPartOf":{"@id":"https:\/\/drasanvi.com\/pe\/#website"},"datePublished":"2023-07-10T14:09:57+00:00","dateModified":"2023-11-07T23:00:05+00:00","breadcrumb":{"@id":"https:\/\/drasanvi.com\/pe\/producto\/colageno-marino-hidrolizado-cao\/#breadcrumb"},"inLanguage":"es","potentialAction":[{"@type":"ReadAction","target":["https:\/\/drasanvi.com\/pe\/producto\/colageno-marino-hidrolizado-cao\/"]}]},{"@type":"BreadcrumbList","@id":"https:\/\/drasanvi.com\/pe\/producto\/colageno-marino-hidrolizado-cao\/#breadcrumb","itemListElement":[{"@type":"ListItem","position":1,"name":"Portada","item":"https:\/\/drasanvi.com\/pe\/"},{"@type":"ListItem","position":2,"name":"Tienda","item":"https:\/\/drasanvi.com\/pe\/tienda\/"},{"@type":"ListItem","position":3,"name":"Col\u00e1geno Marino Hidrolizado Cao"}]},{"@type":"WebSite","@id":"https:\/\/drasanvi.com\/pe\/#website","url":"https:\/\/drasanvi.com\/pe\/","name":"Drasanvi Per\u00fa","description":"L\u00edder en complementos alimenticios y cosm\u00e9tica natural.","publisher":{"@id":"https:\/\/drasanvi.com\/pe\/#organization"},"potentialAction":[{"@type":"SearchAction","target":{"@type":"EntryPoint","urlTemplate":"https:\/\/drasanvi.com\/pe\/?s={search_term_string}"},"query-input":{"@type":"PropertyValueSpecification","valueRequired":true,"valueName":"search_term_string"}}],"inLanguage":"es"},{"@type":"Organization","@id":"https:\/\/drasanvi.com\/pe\/#organization","name":"Drasanvi","url":"https:\/\/drasanvi.com\/pe\/","logo":{"@type":"ImageObject","inLanguage":"es","@id":"https:\/\/drasanvi.com\/pe\/#\/schema\/logo\/image\/","url":"https:\/\/drasanvi.com\/wp-content\/uploads\/sites\/5\/2021\/07\/logo-drasanvi.png","contentUrl":"https:\/\/drasanvi.com\/wp-content\/uploads\/sites\/5\/2021\/07\/logo-drasanvi.png","width":900,"height":300,"caption":"Drasanvi"},"image":{"@id":"https:\/\/drasanvi.com\/pe\/#\/schema\/logo\/image\/"}}]}},"_links":{"self":[{"href":"https:\/\/drasanvi.com\/pe\/wp-json\/wp\/v2\/product\/23861","targetHints":{"allow":["GET"]}}],"collection":[{"href":"https:\/\/drasanvi.com\/pe\/wp-json\/wp\/v2\/product"}],"about":[{"href":"https:\/\/drasanvi.com\/pe\/wp-json\/wp\/v2\/types\/product"}],"version-history":[{"count":1,"href":"https:\/\/drasanvi.com\/pe\/wp-json\/wp\/v2\/product\/23861\/revisions"}],"predecessor-version":[{"id":24055,"href":"https:\/\/drasanvi.com\/pe\/wp-json\/wp\/v2\/product\/23861\/revisions\/24055"}],"wp:attachment":[{"href":"https:\/\/drasanvi.com\/pe\/wp-json\/wp\/v2\/media?parent=23861"}],"wp:term":[{"taxonomy":"product_cat","embeddable":true,"href":"https:\/\/drasanvi.com\/pe\/wp-json\/wp\/v2\/product_cat?post=23861"},{"taxonomy":"product_tag","embeddable":true,"href":"https:\/\/drasanvi.com\/pe\/wp-json\/wp\/v2\/product_tag?post=23861"}],"curies":[{"name":"wp","href":"https:\/\/api.w.org\/{rel}","templated":true}]}}