{"id":23844,"date":"2023-07-10T16:09:56","date_gmt":"2023-07-10T14:09:56","guid":{"rendered":"https:\/\/drasanvi.com\/pe\/?post_type=product&#038;p=23844"},"modified":"2024-11-07T01:00:05","modified_gmt":"2024-11-06T23:00:05","slug":"aceite-mct-coco-1000-ml-keto","status":"publish","type":"product","link":"https:\/\/drasanvi.com\/pe\/producto\/aceite-mct-coco-1000-ml-keto\/","title":{"rendered":"Aceite MCT Coco 1000 ml Keto"},"content":{"rendered":"<p>MCT (&Aacute;cidos grasos de cadena Media) son una fuente de energ&iacute;a de f&aacute;cil absorci&oacute;n, entre los que destacan el &Aacute;cido caprilico C8 (70%) y c&aacute;prico C10 (30%)Nuestros MCT son extra&iacute;dos exclusivamente del Aceite de Coco, cumpliendo con la m&aacute;s alta calidad.Nuestro MCT Oil no posee sabor ni color, por lo que combina perfectamente con gran variedad de alimentos y bebidas.&nbsp;&nbsp;<\/p>\n<p>&nbsp;<\/p>\n<h2>Ingredientes<\/h2>\n<p>100%&nbsp; Aceite MCT procedente de aceite de coco<\/p>\n<h2>Modo de uso<\/h2>\n<p>A&ntilde;ade una cucharada al caf&eacute;, bebidas o util&iacute;zalo como aderezo para tus ensaladas.<\/p>\n<h2>Presentaci\u00f3n<\/h2>\n<p>&nbsp;Envase 1000 ml<\/p>\n<h2>Advertencias<\/h2>\n<p>Almacenar en un lugar fresco. Usar en crudo, nunca utilizar para cocinar.<\/p>\n<h2>Valores nutricionales<\/h2>\n<p>Por cada 100 g<\/p>\n<table>\n<tbody>\n<tr>\n<td><strong>Ingrediente<\/strong><\/td>\n<td><strong>Cantidad \/ dosis diaria<\/strong><\/td>\n<\/tr>\n<tr>\n<td><strong>Valor energ&eacute;tico<\/strong><\/td>\n<td>3751 KJ\/ 891 kcal<\/td>\n<\/tr>\n<tr>\n<td><strong>Grasas <\/strong><em>De las cuales saturadas<\/em>&nbsp;&nbsp;<\/td>\n<td>100 g <em>100 g<\/em>&nbsp;&nbsp;<\/td>\n<\/tr>\n<tr>\n<td><strong>Hidratos de carbono <\/strong><em>De los cuales az&uacute;cares <\/em><\/td>\n<td>0 g 0 g<\/td>\n<\/tr>\n<tr>\n<td><strong>Fibra <\/strong><\/td>\n<td>0 g<\/td>\n<\/tr>\n<tr>\n<td><strong>Prote&iacute;nas<\/strong><\/td>\n<td>0 g<\/td>\n<\/tr>\n<tr>\n<td><strong>Sal<\/strong><\/td>\n<td>0 mg<\/td>\n<\/tr>\n<tr>\n<td><strong>&Aacute;cido Caprilico (C8)<\/strong><\/td>\n<td>70%<\/td>\n<\/tr>\n<tr>\n<td><strong>&Aacute;cido C&aacute;prico (C10)<\/strong><\/td>\n<td>30%<\/td>\n<\/tr>\n<\/tbody>\n<\/table>\n","protected":false},"excerpt":{"rendered":"<p>MCT (&Aacute;cidos grasos de cadena Media) son una fuente de energ&iacute;a de f&aacute;cil absorci&oacute;n, entre los que destacan el &Aacute;cido caprilico C8 (70%) y c&aacute;prico C10 (30%)Nuestros MCT son extra&iacute;dos exclusivamente del Aceite de Coco, cumpliendo con la m&aacute;s alta calidad.Nuestro MCT Oil no posee sabor ni color, por lo que combina perfectamente con gran variedad de alimentos y bebidas.&nbsp;&nbsp;<\/p>\n<p>&nbsp;<\/p>\n<p><a id=\"boton-ficha\" href=\"https:\/\/panel.drasanvi.com\/fichas\/9\/032057035\">Ficha t\u00e9cnica<\/a><\/p>\n","protected":false},"featured_media":0,"template":"","meta":{"inline_featured_image":false},"product_cat":[87],"product_tag":[],"class_list":["post-23844","product","type-product","status-publish","hentry","product_cat-acido-urico"],"yoast_head":"<!-- This site is optimized with the Yoast SEO plugin v27.4 - https:\/\/yoast.com\/product\/yoast-seo-wordpress\/ -->\n<title>Aceite MCT Coco 1000 ml Keto - Drasanvi Per\u00fa<\/title>\n<meta name=\"robots\" content=\"index, follow, max-snippet:-1, max-image-preview:large, max-video-preview:-1\" \/>\n<link rel=\"canonical\" href=\"https:\/\/drasanvi.com\/pe\/producto\/aceite-mct-coco-1000-ml-keto\/\" \/>\n<meta property=\"og:locale\" content=\"es_ES\" \/>\n<meta property=\"og:type\" content=\"article\" \/>\n<meta property=\"og:title\" content=\"Aceite MCT Coco 1000 ml Keto - Drasanvi Per\u00fa\" \/>\n<meta property=\"og:description\" content=\"MCT (&Aacute;cidos grasos de cadena Media) son una fuente de energ&iacute;a de f&aacute;cil absorci&oacute;n, entre los que destacan el &Aacute;cido caprilico C8 (70%) y c&aacute;prico C10 (30%)Nuestros MCT son extra&iacute;dos exclusivamente del Aceite de Coco, cumpliendo con la m&aacute;s alta calidad.Nuestro MCT Oil no posee sabor ni color, por lo que combina perfectamente con gran variedad de alimentos y bebidas.&nbsp;&nbsp; &nbsp;Ficha t\u00e9cnica\" \/>\n<meta property=\"og:url\" content=\"https:\/\/drasanvi.com\/pe\/producto\/aceite-mct-coco-1000-ml-keto\/\" \/>\n<meta property=\"og:site_name\" content=\"Drasanvi Per\u00fa\" \/>\n<meta property=\"article:modified_time\" content=\"2024-11-06T23:00:05+00:00\" \/>\n<meta name=\"twitter:card\" content=\"summary_large_image\" \/>\n<script type=\"application\/ld+json\" class=\"yoast-schema-graph\">{\"@context\":\"https:\\\/\\\/schema.org\",\"@graph\":[{\"@type\":\"WebPage\",\"@id\":\"https:\\\/\\\/drasanvi.com\\\/pe\\\/producto\\\/aceite-mct-coco-1000-ml-keto\\\/\",\"url\":\"https:\\\/\\\/drasanvi.com\\\/pe\\\/producto\\\/aceite-mct-coco-1000-ml-keto\\\/\",\"name\":\"Aceite MCT Coco 1000 ml Keto - Drasanvi Per\u00fa\",\"isPartOf\":{\"@id\":\"https:\\\/\\\/drasanvi.com\\\/pe\\\/#website\"},\"datePublished\":\"2023-07-10T14:09:56+00:00\",\"dateModified\":\"2024-11-06T23:00:05+00:00\",\"breadcrumb\":{\"@id\":\"https:\\\/\\\/drasanvi.com\\\/pe\\\/producto\\\/aceite-mct-coco-1000-ml-keto\\\/#breadcrumb\"},\"inLanguage\":\"es\",\"potentialAction\":[{\"@type\":\"ReadAction\",\"target\":[\"https:\\\/\\\/drasanvi.com\\\/pe\\\/producto\\\/aceite-mct-coco-1000-ml-keto\\\/\"]}]},{\"@type\":\"BreadcrumbList\",\"@id\":\"https:\\\/\\\/drasanvi.com\\\/pe\\\/producto\\\/aceite-mct-coco-1000-ml-keto\\\/#breadcrumb\",\"itemListElement\":[{\"@type\":\"ListItem\",\"position\":1,\"name\":\"Portada\",\"item\":\"https:\\\/\\\/drasanvi.com\\\/pe\\\/\"},{\"@type\":\"ListItem\",\"position\":2,\"name\":\"Tienda\",\"item\":\"https:\\\/\\\/drasanvi.com\\\/pe\\\/tienda\\\/\"},{\"@type\":\"ListItem\",\"position\":3,\"name\":\"Aceite MCT Coco 1000 ml Keto\"}]},{\"@type\":\"WebSite\",\"@id\":\"https:\\\/\\\/drasanvi.com\\\/pe\\\/#website\",\"url\":\"https:\\\/\\\/drasanvi.com\\\/pe\\\/\",\"name\":\"Drasanvi Per\u00fa\",\"description\":\"L\u00edder en complementos alimenticios y cosm\u00e9tica natural.\",\"publisher\":{\"@id\":\"https:\\\/\\\/drasanvi.com\\\/pe\\\/#organization\"},\"potentialAction\":[{\"@type\":\"SearchAction\",\"target\":{\"@type\":\"EntryPoint\",\"urlTemplate\":\"https:\\\/\\\/drasanvi.com\\\/pe\\\/?s={search_term_string}\"},\"query-input\":{\"@type\":\"PropertyValueSpecification\",\"valueRequired\":true,\"valueName\":\"search_term_string\"}}],\"inLanguage\":\"es\"},{\"@type\":\"Organization\",\"@id\":\"https:\\\/\\\/drasanvi.com\\\/pe\\\/#organization\",\"name\":\"Drasanvi\",\"url\":\"https:\\\/\\\/drasanvi.com\\\/pe\\\/\",\"logo\":{\"@type\":\"ImageObject\",\"inLanguage\":\"es\",\"@id\":\"https:\\\/\\\/drasanvi.com\\\/pe\\\/#\\\/schema\\\/logo\\\/image\\\/\",\"url\":\"https:\\\/\\\/drasanvi.com\\\/wp-content\\\/uploads\\\/sites\\\/5\\\/2021\\\/07\\\/logo-drasanvi.png\",\"contentUrl\":\"https:\\\/\\\/drasanvi.com\\\/wp-content\\\/uploads\\\/sites\\\/5\\\/2021\\\/07\\\/logo-drasanvi.png\",\"width\":900,\"height\":300,\"caption\":\"Drasanvi\"},\"image\":{\"@id\":\"https:\\\/\\\/drasanvi.com\\\/pe\\\/#\\\/schema\\\/logo\\\/image\\\/\"}}]}<\/script>\n<!-- \/ Yoast SEO plugin. -->","yoast_head_json":{"title":"Aceite MCT Coco 1000 ml Keto - Drasanvi Per\u00fa","robots":{"index":"index","follow":"follow","max-snippet":"max-snippet:-1","max-image-preview":"max-image-preview:large","max-video-preview":"max-video-preview:-1"},"canonical":"https:\/\/drasanvi.com\/pe\/producto\/aceite-mct-coco-1000-ml-keto\/","og_locale":"es_ES","og_type":"article","og_title":"Aceite MCT Coco 1000 ml Keto - Drasanvi Per\u00fa","og_description":"MCT (&Aacute;cidos grasos de cadena Media) son una fuente de energ&iacute;a de f&aacute;cil absorci&oacute;n, entre los que destacan el &Aacute;cido caprilico C8 (70%) y c&aacute;prico C10 (30%)Nuestros MCT son extra&iacute;dos exclusivamente del Aceite de Coco, cumpliendo con la m&aacute;s alta calidad.Nuestro MCT Oil no posee sabor ni color, por lo que combina perfectamente con gran variedad de alimentos y bebidas.&nbsp;&nbsp; &nbsp;Ficha t\u00e9cnica","og_url":"https:\/\/drasanvi.com\/pe\/producto\/aceite-mct-coco-1000-ml-keto\/","og_site_name":"Drasanvi Per\u00fa","article_modified_time":"2024-11-06T23:00:05+00:00","twitter_card":"summary_large_image","schema":{"@context":"https:\/\/schema.org","@graph":[{"@type":"WebPage","@id":"https:\/\/drasanvi.com\/pe\/producto\/aceite-mct-coco-1000-ml-keto\/","url":"https:\/\/drasanvi.com\/pe\/producto\/aceite-mct-coco-1000-ml-keto\/","name":"Aceite MCT Coco 1000 ml Keto - Drasanvi Per\u00fa","isPartOf":{"@id":"https:\/\/drasanvi.com\/pe\/#website"},"datePublished":"2023-07-10T14:09:56+00:00","dateModified":"2024-11-06T23:00:05+00:00","breadcrumb":{"@id":"https:\/\/drasanvi.com\/pe\/producto\/aceite-mct-coco-1000-ml-keto\/#breadcrumb"},"inLanguage":"es","potentialAction":[{"@type":"ReadAction","target":["https:\/\/drasanvi.com\/pe\/producto\/aceite-mct-coco-1000-ml-keto\/"]}]},{"@type":"BreadcrumbList","@id":"https:\/\/drasanvi.com\/pe\/producto\/aceite-mct-coco-1000-ml-keto\/#breadcrumb","itemListElement":[{"@type":"ListItem","position":1,"name":"Portada","item":"https:\/\/drasanvi.com\/pe\/"},{"@type":"ListItem","position":2,"name":"Tienda","item":"https:\/\/drasanvi.com\/pe\/tienda\/"},{"@type":"ListItem","position":3,"name":"Aceite MCT Coco 1000 ml Keto"}]},{"@type":"WebSite","@id":"https:\/\/drasanvi.com\/pe\/#website","url":"https:\/\/drasanvi.com\/pe\/","name":"Drasanvi Per\u00fa","description":"L\u00edder en complementos alimenticios y cosm\u00e9tica natural.","publisher":{"@id":"https:\/\/drasanvi.com\/pe\/#organization"},"potentialAction":[{"@type":"SearchAction","target":{"@type":"EntryPoint","urlTemplate":"https:\/\/drasanvi.com\/pe\/?s={search_term_string}"},"query-input":{"@type":"PropertyValueSpecification","valueRequired":true,"valueName":"search_term_string"}}],"inLanguage":"es"},{"@type":"Organization","@id":"https:\/\/drasanvi.com\/pe\/#organization","name":"Drasanvi","url":"https:\/\/drasanvi.com\/pe\/","logo":{"@type":"ImageObject","inLanguage":"es","@id":"https:\/\/drasanvi.com\/pe\/#\/schema\/logo\/image\/","url":"https:\/\/drasanvi.com\/wp-content\/uploads\/sites\/5\/2021\/07\/logo-drasanvi.png","contentUrl":"https:\/\/drasanvi.com\/wp-content\/uploads\/sites\/5\/2021\/07\/logo-drasanvi.png","width":900,"height":300,"caption":"Drasanvi"},"image":{"@id":"https:\/\/drasanvi.com\/pe\/#\/schema\/logo\/image\/"}}]}},"_links":{"self":[{"href":"https:\/\/drasanvi.com\/pe\/wp-json\/wp\/v2\/product\/23844","targetHints":{"allow":["GET"]}}],"collection":[{"href":"https:\/\/drasanvi.com\/pe\/wp-json\/wp\/v2\/product"}],"about":[{"href":"https:\/\/drasanvi.com\/pe\/wp-json\/wp\/v2\/types\/product"}],"version-history":[{"count":1,"href":"https:\/\/drasanvi.com\/pe\/wp-json\/wp\/v2\/product\/23844\/revisions"}],"predecessor-version":[{"id":24203,"href":"https:\/\/drasanvi.com\/pe\/wp-json\/wp\/v2\/product\/23844\/revisions\/24203"}],"wp:attachment":[{"href":"https:\/\/drasanvi.com\/pe\/wp-json\/wp\/v2\/media?parent=23844"}],"wp:term":[{"taxonomy":"product_cat","embeddable":true,"href":"https:\/\/drasanvi.com\/pe\/wp-json\/wp\/v2\/product_cat?post=23844"},{"taxonomy":"product_tag","embeddable":true,"href":"https:\/\/drasanvi.com\/pe\/wp-json\/wp\/v2\/product_tag?post=23844"}],"curies":[{"name":"wp","href":"https:\/\/api.w.org\/{rel}","templated":true}]}}