{"id":23840,"date":"2023-07-10T16:07:32","date_gmt":"2023-07-10T14:07:32","guid":{"rendered":"https:\/\/drasanvi.com\/pe\/?post_type=product&#038;p=23840"},"modified":"2024-11-07T01:00:07","modified_gmt":"2024-11-06T23:00:07","slug":"melatonina-liquida-kids-1-mg-50-ml-drasanvi","status":"publish","type":"product","link":"https:\/\/drasanvi.com\/pe\/producto\/melatonina-liquida-kids-1-mg-50-ml-drasanvi\/","title":{"rendered":"Melatonina L\u00edquida Kids 1 mg 50 ml Drasanvi"},"content":{"rendered":"<p>La melatonina contribuye a disminuir el tiempo necesario para conciliar el sue&ntilde;o*. Melatonina de Drasanvi, con 1 mg de melatonina pura por dosis diaria, es un complemento alimenticio, cuyo &uacute;nico principio activo es la melatonina. Esta sustancia es una hormona que de manera natural es segregada por la hip&oacute;fisis y regulada por la presencia de luz. Esta hormona se relaciona con el control del reloj biol&oacute;gico, sue&ntilde;o-vigilia. La melatonina, tradicionalmente, ha sido empleada para contribuir a aliviar la sensaci&oacute;n subjetiva del jetlag.<\/p>\n<p>&nbsp;<\/p>\n<h2>Ingredientes<\/h2>\n<p>Agua<em>&nbsp;<\/em>, Melatonina<em>(Libre de procedencia animal)<\/em>1 mg, Vitamina B6<em>(Piroxidina clorohidrato)<\/em>0,67 mg, Aroma&nbsp;<em>(Aroma lim&oacute;n)<\/em>, Conservador<em>(Sorbato pot&aacute;sico)<\/em>, Acidulante<em>(&Aacute;cido c&iacute;trico)<\/em><\/p>\n<h2>Modo de uso<\/h2>\n<p>Tomar 0,8 ml al d&iacute;a (10 gotas) una hora antes de acostarse. Se puede tomar directamente o diluido en agua, zumos o infusiones.<\/p>\n<p>Para ni&ntilde;os a partir de 1 a&ntilde;o. Menores de 1 a&ntilde;o consultar con el m&eacute;dico.<\/p>\n<h2>Presentaci\u00f3n<\/h2>\n<p>Envase de 50 ml (1.75 fl oz)<\/p>\n<h2>Advertencias<\/h2>\n<p>Complemento alimenticio a base de melatonina y vitamina b6.<\/p>\n<p>Los complementos alimenticios no deben utilizarse como sustitutivos de una dieta equilibrada. No superar la dosis diaria expresamente recomendada. Mantener fuera del alcance de los ni&ntilde;os m&aacute;s peque&ntilde;os. Conservar en un lugar fresco y seco.<\/p>\n<h2>Valores nutricionales<\/h2>\n<table>\n<tbody>\n<tr>\n<td>Ingrediente<\/td>\n<td>porcentaje<\/td>\n<td>cantidad<\/td>\n<\/tr>\n<tr>\n<td>Vitamina B<sub>6<\/sub><\/td>\n<td>95,7%<\/td>\n<td>0,67 mg<\/td>\n<\/tr>\n<\/tbody>\n<\/table>\n","protected":false},"excerpt":{"rendered":"<p>La melatonina contribuye a disminuir el tiempo necesario para conciliar el sue&ntilde;o*. Melatonina de Drasanvi, con 1 mg de melatonina pura por dosis diaria, es un complemento alimenticio, cuyo &uacute;nico principio activo es la melatonina. Esta sustancia es una hormona que de manera natural es segregada por la hip&oacute;fisis y regulada por la presencia de luz. Esta hormona se relaciona con el control del reloj biol&oacute;gico, sue&ntilde;o-vigilia. La melatonina, tradicionalmente, ha sido empleada para contribuir a aliviar la sensaci&oacute;n subjetiva del jetlag.<\/p>\n<p>&nbsp;<\/p>\n<p><a id=\"boton-ficha\" href=\"https:\/\/panel.drasanvi.com\/fichas\/9\/032057254\">Ficha t\u00e9cnica<\/a><\/p>\n","protected":false},"featured_media":0,"template":"","meta":{"inline_featured_image":false},"product_cat":[87],"product_tag":[],"class_list":["post-23840","product","type-product","status-publish","hentry","product_cat-acido-urico"],"yoast_head":"<!-- This site is optimized with the Yoast SEO plugin v27.4 - https:\/\/yoast.com\/product\/yoast-seo-wordpress\/ -->\n<title>Melatonina L\u00edquida Kids 1 mg 50 ml Drasanvi - Drasanvi Per\u00fa<\/title>\n<meta name=\"robots\" content=\"index, follow, max-snippet:-1, max-image-preview:large, max-video-preview:-1\" \/>\n<link rel=\"canonical\" href=\"https:\/\/drasanvi.com\/pe\/producto\/melatonina-liquida-kids-1-mg-50-ml-drasanvi\/\" \/>\n<meta property=\"og:locale\" content=\"es_ES\" \/>\n<meta property=\"og:type\" content=\"article\" \/>\n<meta property=\"og:title\" content=\"Melatonina L\u00edquida Kids 1 mg 50 ml Drasanvi - Drasanvi Per\u00fa\" \/>\n<meta property=\"og:description\" content=\"La melatonina contribuye a disminuir el tiempo necesario para conciliar el sue&ntilde;o*. Melatonina de Drasanvi, con 1 mg de melatonina pura por dosis diaria, es un complemento alimenticio, cuyo &uacute;nico principio activo es la melatonina. Esta sustancia es una hormona que de manera natural es segregada por la hip&oacute;fisis y regulada por la presencia de luz. Esta hormona se relaciona con el control del reloj biol&oacute;gico, sue&ntilde;o-vigilia. La melatonina, tradicionalmente, ha sido empleada para contribuir a aliviar la sensaci&oacute;n subjetiva del jetlag. &nbsp;Ficha t\u00e9cnica\" \/>\n<meta property=\"og:url\" content=\"https:\/\/drasanvi.com\/pe\/producto\/melatonina-liquida-kids-1-mg-50-ml-drasanvi\/\" \/>\n<meta property=\"og:site_name\" content=\"Drasanvi Per\u00fa\" \/>\n<meta property=\"article:modified_time\" content=\"2024-11-06T23:00:07+00:00\" \/>\n<meta name=\"twitter:card\" content=\"summary_large_image\" \/>\n<script type=\"application\/ld+json\" class=\"yoast-schema-graph\">{\"@context\":\"https:\\\/\\\/schema.org\",\"@graph\":[{\"@type\":\"WebPage\",\"@id\":\"https:\\\/\\\/drasanvi.com\\\/pe\\\/producto\\\/melatonina-liquida-kids-1-mg-50-ml-drasanvi\\\/\",\"url\":\"https:\\\/\\\/drasanvi.com\\\/pe\\\/producto\\\/melatonina-liquida-kids-1-mg-50-ml-drasanvi\\\/\",\"name\":\"Melatonina L\u00edquida Kids 1 mg 50 ml Drasanvi - Drasanvi Per\u00fa\",\"isPartOf\":{\"@id\":\"https:\\\/\\\/drasanvi.com\\\/pe\\\/#website\"},\"datePublished\":\"2023-07-10T14:07:32+00:00\",\"dateModified\":\"2024-11-06T23:00:07+00:00\",\"breadcrumb\":{\"@id\":\"https:\\\/\\\/drasanvi.com\\\/pe\\\/producto\\\/melatonina-liquida-kids-1-mg-50-ml-drasanvi\\\/#breadcrumb\"},\"inLanguage\":\"es\",\"potentialAction\":[{\"@type\":\"ReadAction\",\"target\":[\"https:\\\/\\\/drasanvi.com\\\/pe\\\/producto\\\/melatonina-liquida-kids-1-mg-50-ml-drasanvi\\\/\"]}]},{\"@type\":\"BreadcrumbList\",\"@id\":\"https:\\\/\\\/drasanvi.com\\\/pe\\\/producto\\\/melatonina-liquida-kids-1-mg-50-ml-drasanvi\\\/#breadcrumb\",\"itemListElement\":[{\"@type\":\"ListItem\",\"position\":1,\"name\":\"Portada\",\"item\":\"https:\\\/\\\/drasanvi.com\\\/pe\\\/\"},{\"@type\":\"ListItem\",\"position\":2,\"name\":\"Tienda\",\"item\":\"https:\\\/\\\/drasanvi.com\\\/pe\\\/tienda\\\/\"},{\"@type\":\"ListItem\",\"position\":3,\"name\":\"Melatonina L\u00edquida Kids 1 mg 50 ml Drasanvi\"}]},{\"@type\":\"WebSite\",\"@id\":\"https:\\\/\\\/drasanvi.com\\\/pe\\\/#website\",\"url\":\"https:\\\/\\\/drasanvi.com\\\/pe\\\/\",\"name\":\"Drasanvi Per\u00fa\",\"description\":\"L\u00edder en complementos alimenticios y cosm\u00e9tica natural.\",\"publisher\":{\"@id\":\"https:\\\/\\\/drasanvi.com\\\/pe\\\/#organization\"},\"potentialAction\":[{\"@type\":\"SearchAction\",\"target\":{\"@type\":\"EntryPoint\",\"urlTemplate\":\"https:\\\/\\\/drasanvi.com\\\/pe\\\/?s={search_term_string}\"},\"query-input\":{\"@type\":\"PropertyValueSpecification\",\"valueRequired\":true,\"valueName\":\"search_term_string\"}}],\"inLanguage\":\"es\"},{\"@type\":\"Organization\",\"@id\":\"https:\\\/\\\/drasanvi.com\\\/pe\\\/#organization\",\"name\":\"Drasanvi\",\"url\":\"https:\\\/\\\/drasanvi.com\\\/pe\\\/\",\"logo\":{\"@type\":\"ImageObject\",\"inLanguage\":\"es\",\"@id\":\"https:\\\/\\\/drasanvi.com\\\/pe\\\/#\\\/schema\\\/logo\\\/image\\\/\",\"url\":\"https:\\\/\\\/drasanvi.com\\\/wp-content\\\/uploads\\\/sites\\\/5\\\/2021\\\/07\\\/logo-drasanvi.png\",\"contentUrl\":\"https:\\\/\\\/drasanvi.com\\\/wp-content\\\/uploads\\\/sites\\\/5\\\/2021\\\/07\\\/logo-drasanvi.png\",\"width\":900,\"height\":300,\"caption\":\"Drasanvi\"},\"image\":{\"@id\":\"https:\\\/\\\/drasanvi.com\\\/pe\\\/#\\\/schema\\\/logo\\\/image\\\/\"}}]}<\/script>\n<!-- \/ Yoast SEO plugin. -->","yoast_head_json":{"title":"Melatonina L\u00edquida Kids 1 mg 50 ml Drasanvi - Drasanvi Per\u00fa","robots":{"index":"index","follow":"follow","max-snippet":"max-snippet:-1","max-image-preview":"max-image-preview:large","max-video-preview":"max-video-preview:-1"},"canonical":"https:\/\/drasanvi.com\/pe\/producto\/melatonina-liquida-kids-1-mg-50-ml-drasanvi\/","og_locale":"es_ES","og_type":"article","og_title":"Melatonina L\u00edquida Kids 1 mg 50 ml Drasanvi - Drasanvi Per\u00fa","og_description":"La melatonina contribuye a disminuir el tiempo necesario para conciliar el sue&ntilde;o*. Melatonina de Drasanvi, con 1 mg de melatonina pura por dosis diaria, es un complemento alimenticio, cuyo &uacute;nico principio activo es la melatonina. Esta sustancia es una hormona que de manera natural es segregada por la hip&oacute;fisis y regulada por la presencia de luz. Esta hormona se relaciona con el control del reloj biol&oacute;gico, sue&ntilde;o-vigilia. La melatonina, tradicionalmente, ha sido empleada para contribuir a aliviar la sensaci&oacute;n subjetiva del jetlag. &nbsp;Ficha t\u00e9cnica","og_url":"https:\/\/drasanvi.com\/pe\/producto\/melatonina-liquida-kids-1-mg-50-ml-drasanvi\/","og_site_name":"Drasanvi Per\u00fa","article_modified_time":"2024-11-06T23:00:07+00:00","twitter_card":"summary_large_image","schema":{"@context":"https:\/\/schema.org","@graph":[{"@type":"WebPage","@id":"https:\/\/drasanvi.com\/pe\/producto\/melatonina-liquida-kids-1-mg-50-ml-drasanvi\/","url":"https:\/\/drasanvi.com\/pe\/producto\/melatonina-liquida-kids-1-mg-50-ml-drasanvi\/","name":"Melatonina L\u00edquida Kids 1 mg 50 ml Drasanvi - Drasanvi Per\u00fa","isPartOf":{"@id":"https:\/\/drasanvi.com\/pe\/#website"},"datePublished":"2023-07-10T14:07:32+00:00","dateModified":"2024-11-06T23:00:07+00:00","breadcrumb":{"@id":"https:\/\/drasanvi.com\/pe\/producto\/melatonina-liquida-kids-1-mg-50-ml-drasanvi\/#breadcrumb"},"inLanguage":"es","potentialAction":[{"@type":"ReadAction","target":["https:\/\/drasanvi.com\/pe\/producto\/melatonina-liquida-kids-1-mg-50-ml-drasanvi\/"]}]},{"@type":"BreadcrumbList","@id":"https:\/\/drasanvi.com\/pe\/producto\/melatonina-liquida-kids-1-mg-50-ml-drasanvi\/#breadcrumb","itemListElement":[{"@type":"ListItem","position":1,"name":"Portada","item":"https:\/\/drasanvi.com\/pe\/"},{"@type":"ListItem","position":2,"name":"Tienda","item":"https:\/\/drasanvi.com\/pe\/tienda\/"},{"@type":"ListItem","position":3,"name":"Melatonina L\u00edquida Kids 1 mg 50 ml Drasanvi"}]},{"@type":"WebSite","@id":"https:\/\/drasanvi.com\/pe\/#website","url":"https:\/\/drasanvi.com\/pe\/","name":"Drasanvi Per\u00fa","description":"L\u00edder en complementos alimenticios y cosm\u00e9tica natural.","publisher":{"@id":"https:\/\/drasanvi.com\/pe\/#organization"},"potentialAction":[{"@type":"SearchAction","target":{"@type":"EntryPoint","urlTemplate":"https:\/\/drasanvi.com\/pe\/?s={search_term_string}"},"query-input":{"@type":"PropertyValueSpecification","valueRequired":true,"valueName":"search_term_string"}}],"inLanguage":"es"},{"@type":"Organization","@id":"https:\/\/drasanvi.com\/pe\/#organization","name":"Drasanvi","url":"https:\/\/drasanvi.com\/pe\/","logo":{"@type":"ImageObject","inLanguage":"es","@id":"https:\/\/drasanvi.com\/pe\/#\/schema\/logo\/image\/","url":"https:\/\/drasanvi.com\/wp-content\/uploads\/sites\/5\/2021\/07\/logo-drasanvi.png","contentUrl":"https:\/\/drasanvi.com\/wp-content\/uploads\/sites\/5\/2021\/07\/logo-drasanvi.png","width":900,"height":300,"caption":"Drasanvi"},"image":{"@id":"https:\/\/drasanvi.com\/pe\/#\/schema\/logo\/image\/"}}]}},"_links":{"self":[{"href":"https:\/\/drasanvi.com\/pe\/wp-json\/wp\/v2\/product\/23840","targetHints":{"allow":["GET"]}}],"collection":[{"href":"https:\/\/drasanvi.com\/pe\/wp-json\/wp\/v2\/product"}],"about":[{"href":"https:\/\/drasanvi.com\/pe\/wp-json\/wp\/v2\/types\/product"}],"version-history":[{"count":1,"href":"https:\/\/drasanvi.com\/pe\/wp-json\/wp\/v2\/product\/23840\/revisions"}],"predecessor-version":[{"id":24243,"href":"https:\/\/drasanvi.com\/pe\/wp-json\/wp\/v2\/product\/23840\/revisions\/24243"}],"wp:attachment":[{"href":"https:\/\/drasanvi.com\/pe\/wp-json\/wp\/v2\/media?parent=23840"}],"wp:term":[{"taxonomy":"product_cat","embeddable":true,"href":"https:\/\/drasanvi.com\/pe\/wp-json\/wp\/v2\/product_cat?post=23840"},{"taxonomy":"product_tag","embeddable":true,"href":"https:\/\/drasanvi.com\/pe\/wp-json\/wp\/v2\/product_tag?post=23840"}],"curies":[{"name":"wp","href":"https:\/\/api.w.org\/{rel}","templated":true}]}}