{"id":23628,"date":"2022-05-30T11:50:41","date_gmt":"2022-05-30T09:50:41","guid":{"rendered":"https:\/\/drasanvi.com\/pe\/?post_type=product&#038;p=23628"},"modified":"2023-08-11T15:41:57","modified_gmt":"2023-08-11T13:41:57","slug":"colageno-marino-hidrolizado-magnesio-acido-hialuronico-sabor-vainilla","status":"publish","type":"product","link":"https:\/\/drasanvi.com\/pe\/producto\/colageno-marino-hidrolizado-magnesio-acido-hialuronico-sabor-vainilla\/","title":{"rendered":"Col\u00e1geno Marino Hidrolizado, Magnesio, C\u00farcuma sabor lim\u00f3n stick"},"content":{"rendered":"<p>Col&aacute;geno Marino Hidrolizado es un complemento alimenticio a base de Col&aacute;geno Marino, enriquecido con vitamina C y Magnesio. A esta composici&oacute;n se le suma la C&uacute;rcuma, una planta que ha demostrado su eficacia en relaci&oacute;n a la salud articular y procesos antiinflamatorios. La combinaci&oacute;n de estos ingredientes permite una acci&oacute;n sin&eacute;rgica que mejora los resultados, convirti&eacute;ndolo en un excelente producto para optimizar la s&iacute;ntesis de prote&iacute;nas.<\/p>\n<p>Prote&iacute;nas: Las prote&iacute;nas contribuyen aumentar la masa muscular<\/p>\n<p>Vitamina C: La vitamina C contribuye a la formaci&oacute;n normal del Col&aacute;geno, para el funcionamiento normal de cart&iacute;lagos, huesos y piel<\/p>\n<p>Magnesio: Contribuye a la s&iacute;ntesis proteica normal<\/p>\n<h2>Ingredientes<\/h2>\n<p><b style=\"text-decoration: underline\">Col&aacute;geno Marino Hidrolizado<\/b><em>( Tipo I, muy bajo peso molecular)<\/em>9.535 mg, Carbonato de Magnesio<em>(Magnesio 40%)<\/em>937 mg, Aroma natural de lim&oacute;n<em>(Aroma)<\/em>, Extracto seco de C&uacute;rcuma<em>(curcuma longa Vahl. con 6,25 mg\/g de curcumina soluble.)<\/em>100 mg, Extracto seco de Acerola<em>(Malpighia prunicifolia L., 25% en Vitamina C)<\/em>320 mg, &Aacute;cido hialur&oacute;nico<em>&nbsp;<\/em>30 mg, Sucralosa<em>(Edulcorante)<\/em><\/p>\n<h2>Modo de uso<\/h2>\n<p>Disolver el contenido de un stick en un vaso de agua o zumo. Se recomienda consumir el producto al menos durante tres meses.<\/p>\n<h2>Presentaci\u00f3n<\/h2>\n<p>Envase de 20 monodosis de 230 g ( 8.11 oz)<\/p>\n<h2>Advertencias<\/h2>\n<p>Los complementos alimenticios no deben utilizarse como sustitutivos de una dieta equilibrada y un modo de vida sano. No superar la dosis diaria recomendada. Mantener fuera del alcance de los ni&ntilde;os. Conservar en un lugar fresco y seco. Contiene pescado. Consulte con su m&eacute;dico o farmac&eacute;utico en caso de toma simult&aacute;nea con anticoagulantes.<\/p>\n<h2>Valores nutricionales<\/h2>\n<p>por dosis diaria (11,5 g)<\/p>\n<table>\n<tbody>\n<tr>\n<th>Ingrediente<\/th>\n<th>Porcentaje<\/th>\n<th>Cantidad<\/th>\n<\/tr>\n<tr>\n<td>Magnesio<\/td>\n<td>100%<\/td>\n<td>375 mg<\/td>\n<\/tr>\n<tr>\n<td>Vitamina C<\/td>\n<td>100%<\/td>\n<td>80 mg<\/td>\n<\/tr>\n<\/tbody>\n<\/table>\n<p>% VRN (Valor de referencia nutricional)<\/p>\n","protected":false},"excerpt":{"rendered":"<p>Col&aacute;geno Marino Hidrolizado es un complemento alimenticio a base de Col&aacute;geno Marino, enriquecido con vitamina C y Magnesio. A esta composici&oacute;n se le suma la C&uacute;rcuma, una planta que ha demostrado su eficacia en relaci&oacute;n a la salud articular y procesos antiinflamatorios. La combinaci&oacute;n de estos ingredientes permite una acci&oacute;n sin&eacute;rgica que mejora los resultados, convirti&eacute;ndolo en un excelente producto para optimizar la s&iacute;ntesis de prote&iacute;nas.<\/p>\n<p>Prote&iacute;nas: Las prote&iacute;nas contribuyen aumentar la masa muscular<\/p>\n<p>Vitamina C: La vitamina C contribuye a la formaci&oacute;n normal del Col&aacute;geno, para el funcionamiento normal de cart&iacute;lagos, huesos y piel<\/p>\n<p>Magnesio: Contribuye a la s&iacute;ntesis proteica normal<\/p>\n<p><a id=\"boton-ficha\" href=\"https:\/\/panel.drasanvi.com\/fichas\/9\/032050568\">Ficha t\u00e9cnica<\/a><\/p>\n","protected":false},"featured_media":23629,"template":"","meta":{"inline_featured_image":false},"product_cat":[101],"product_tag":[],"class_list":["post-23628","product","type-product","status-publish","has-post-thumbnail","hentry","product_cat-huesos-articulaciones"],"yoast_head":"<!-- This site is optimized with the Yoast SEO plugin v27.5 - https:\/\/yoast.com\/product\/yoast-seo-wordpress\/ -->\n<title>Col\u00e1geno Marino Hidrolizado, Magnesio, C\u00farcuma sabor lim\u00f3n stick - Drasanvi Per\u00fa<\/title>\n<meta name=\"robots\" content=\"index, follow, max-snippet:-1, max-image-preview:large, max-video-preview:-1\" \/>\n<link rel=\"canonical\" href=\"https:\/\/drasanvi.com\/pe\/producto\/colageno-marino-hidrolizado-magnesio-acido-hialuronico-sabor-vainilla\/\" \/>\n<meta property=\"og:locale\" content=\"es_ES\" \/>\n<meta property=\"og:type\" content=\"article\" \/>\n<meta property=\"og:title\" content=\"Col\u00e1geno Marino Hidrolizado, Magnesio, C\u00farcuma sabor lim\u00f3n stick - Drasanvi Per\u00fa\" \/>\n<meta property=\"og:description\" content=\"Col&aacute;geno Marino Hidrolizado es un complemento alimenticio a base de Col&aacute;geno Marino, enriquecido con vitamina C y Magnesio. A esta composici&oacute;n se le suma la C&uacute;rcuma, una planta que ha demostrado su eficacia en relaci&oacute;n a la salud articular y procesos antiinflamatorios. La combinaci&oacute;n de estos ingredientes permite una acci&oacute;n sin&eacute;rgica que mejora los resultados, convirti&eacute;ndolo en un excelente producto para optimizar la s&iacute;ntesis de prote&iacute;nas. Prote&iacute;nas: Las prote&iacute;nas contribuyen aumentar la masa muscular Vitamina C: La vitamina C contribuye a la formaci&oacute;n normal del Col&aacute;geno, para el funcionamiento normal de cart&iacute;lagos, huesos y piel Magnesio: Contribuye a la s&iacute;ntesis proteica normalFicha t\u00e9cnica\" \/>\n<meta property=\"og:url\" content=\"https:\/\/drasanvi.com\/pe\/producto\/colageno-marino-hidrolizado-magnesio-acido-hialuronico-sabor-vainilla\/\" \/>\n<meta property=\"og:site_name\" content=\"Drasanvi Per\u00fa\" \/>\n<meta property=\"article:modified_time\" content=\"2023-08-11T13:41:57+00:00\" \/>\n<meta property=\"og:image\" content=\"https:\/\/drasanvi.com\/pe\/wp-content\/uploads\/sites\/5\/2022\/05\/032050438.png\" \/>\n\t<meta property=\"og:image:width\" content=\"1000\" \/>\n\t<meta property=\"og:image:height\" content=\"1000\" \/>\n\t<meta property=\"og:image:type\" content=\"image\/png\" \/>\n<meta name=\"twitter:card\" content=\"summary_large_image\" \/>\n<script type=\"application\/ld+json\" class=\"yoast-schema-graph\">{\"@context\":\"https:\\\/\\\/schema.org\",\"@graph\":[{\"@type\":\"WebPage\",\"@id\":\"https:\\\/\\\/drasanvi.com\\\/pe\\\/producto\\\/colageno-marino-hidrolizado-magnesio-acido-hialuronico-sabor-vainilla\\\/\",\"url\":\"https:\\\/\\\/drasanvi.com\\\/pe\\\/producto\\\/colageno-marino-hidrolizado-magnesio-acido-hialuronico-sabor-vainilla\\\/\",\"name\":\"Col\u00e1geno Marino Hidrolizado, Magnesio, C\u00farcuma sabor lim\u00f3n stick - Drasanvi Per\u00fa\",\"isPartOf\":{\"@id\":\"https:\\\/\\\/drasanvi.com\\\/pe\\\/#website\"},\"primaryImageOfPage\":{\"@id\":\"https:\\\/\\\/drasanvi.com\\\/pe\\\/producto\\\/colageno-marino-hidrolizado-magnesio-acido-hialuronico-sabor-vainilla\\\/#primaryimage\"},\"image\":{\"@id\":\"https:\\\/\\\/drasanvi.com\\\/pe\\\/producto\\\/colageno-marino-hidrolizado-magnesio-acido-hialuronico-sabor-vainilla\\\/#primaryimage\"},\"thumbnailUrl\":\"https:\\\/\\\/drasanvi.com\\\/pe\\\/wp-content\\\/uploads\\\/sites\\\/5\\\/2022\\\/05\\\/032050438.png\",\"datePublished\":\"2022-05-30T09:50:41+00:00\",\"dateModified\":\"2023-08-11T13:41:57+00:00\",\"breadcrumb\":{\"@id\":\"https:\\\/\\\/drasanvi.com\\\/pe\\\/producto\\\/colageno-marino-hidrolizado-magnesio-acido-hialuronico-sabor-vainilla\\\/#breadcrumb\"},\"inLanguage\":\"es\",\"potentialAction\":[{\"@type\":\"ReadAction\",\"target\":[\"https:\\\/\\\/drasanvi.com\\\/pe\\\/producto\\\/colageno-marino-hidrolizado-magnesio-acido-hialuronico-sabor-vainilla\\\/\"]}]},{\"@type\":\"ImageObject\",\"inLanguage\":\"es\",\"@id\":\"https:\\\/\\\/drasanvi.com\\\/pe\\\/producto\\\/colageno-marino-hidrolizado-magnesio-acido-hialuronico-sabor-vainilla\\\/#primaryimage\",\"url\":\"https:\\\/\\\/drasanvi.com\\\/pe\\\/wp-content\\\/uploads\\\/sites\\\/5\\\/2022\\\/05\\\/032050438.png\",\"contentUrl\":\"https:\\\/\\\/drasanvi.com\\\/pe\\\/wp-content\\\/uploads\\\/sites\\\/5\\\/2022\\\/05\\\/032050438.png\",\"width\":1000,\"height\":1000},{\"@type\":\"BreadcrumbList\",\"@id\":\"https:\\\/\\\/drasanvi.com\\\/pe\\\/producto\\\/colageno-marino-hidrolizado-magnesio-acido-hialuronico-sabor-vainilla\\\/#breadcrumb\",\"itemListElement\":[{\"@type\":\"ListItem\",\"position\":1,\"name\":\"Portada\",\"item\":\"https:\\\/\\\/drasanvi.com\\\/pe\\\/\"},{\"@type\":\"ListItem\",\"position\":2,\"name\":\"Tienda\",\"item\":\"https:\\\/\\\/drasanvi.com\\\/pe\\\/tienda\\\/\"},{\"@type\":\"ListItem\",\"position\":3,\"name\":\"Col\u00e1geno Marino Hidrolizado, Magnesio, C\u00farcuma sabor lim\u00f3n stick\"}]},{\"@type\":\"WebSite\",\"@id\":\"https:\\\/\\\/drasanvi.com\\\/pe\\\/#website\",\"url\":\"https:\\\/\\\/drasanvi.com\\\/pe\\\/\",\"name\":\"Drasanvi Per\u00fa\",\"description\":\"L\u00edder en complementos alimenticios y cosm\u00e9tica natural.\",\"publisher\":{\"@id\":\"https:\\\/\\\/drasanvi.com\\\/pe\\\/#organization\"},\"potentialAction\":[{\"@type\":\"SearchAction\",\"target\":{\"@type\":\"EntryPoint\",\"urlTemplate\":\"https:\\\/\\\/drasanvi.com\\\/pe\\\/?s={search_term_string}\"},\"query-input\":{\"@type\":\"PropertyValueSpecification\",\"valueRequired\":true,\"valueName\":\"search_term_string\"}}],\"inLanguage\":\"es\"},{\"@type\":\"Organization\",\"@id\":\"https:\\\/\\\/drasanvi.com\\\/pe\\\/#organization\",\"name\":\"Drasanvi\",\"url\":\"https:\\\/\\\/drasanvi.com\\\/pe\\\/\",\"logo\":{\"@type\":\"ImageObject\",\"inLanguage\":\"es\",\"@id\":\"https:\\\/\\\/drasanvi.com\\\/pe\\\/#\\\/schema\\\/logo\\\/image\\\/\",\"url\":\"https:\\\/\\\/drasanvi.com\\\/wp-content\\\/uploads\\\/sites\\\/5\\\/2021\\\/07\\\/logo-drasanvi.png\",\"contentUrl\":\"https:\\\/\\\/drasanvi.com\\\/wp-content\\\/uploads\\\/sites\\\/5\\\/2021\\\/07\\\/logo-drasanvi.png\",\"width\":900,\"height\":300,\"caption\":\"Drasanvi\"},\"image\":{\"@id\":\"https:\\\/\\\/drasanvi.com\\\/pe\\\/#\\\/schema\\\/logo\\\/image\\\/\"}}]}<\/script>\n<!-- \/ Yoast SEO plugin. -->","yoast_head_json":{"title":"Col\u00e1geno Marino Hidrolizado, Magnesio, C\u00farcuma sabor lim\u00f3n stick - Drasanvi Per\u00fa","robots":{"index":"index","follow":"follow","max-snippet":"max-snippet:-1","max-image-preview":"max-image-preview:large","max-video-preview":"max-video-preview:-1"},"canonical":"https:\/\/drasanvi.com\/pe\/producto\/colageno-marino-hidrolizado-magnesio-acido-hialuronico-sabor-vainilla\/","og_locale":"es_ES","og_type":"article","og_title":"Col\u00e1geno Marino Hidrolizado, Magnesio, C\u00farcuma sabor lim\u00f3n stick - Drasanvi Per\u00fa","og_description":"Col&aacute;geno Marino Hidrolizado es un complemento alimenticio a base de Col&aacute;geno Marino, enriquecido con vitamina C y Magnesio. A esta composici&oacute;n se le suma la C&uacute;rcuma, una planta que ha demostrado su eficacia en relaci&oacute;n a la salud articular y procesos antiinflamatorios. La combinaci&oacute;n de estos ingredientes permite una acci&oacute;n sin&eacute;rgica que mejora los resultados, convirti&eacute;ndolo en un excelente producto para optimizar la s&iacute;ntesis de prote&iacute;nas. Prote&iacute;nas: Las prote&iacute;nas contribuyen aumentar la masa muscular Vitamina C: La vitamina C contribuye a la formaci&oacute;n normal del Col&aacute;geno, para el funcionamiento normal de cart&iacute;lagos, huesos y piel Magnesio: Contribuye a la s&iacute;ntesis proteica normalFicha t\u00e9cnica","og_url":"https:\/\/drasanvi.com\/pe\/producto\/colageno-marino-hidrolizado-magnesio-acido-hialuronico-sabor-vainilla\/","og_site_name":"Drasanvi Per\u00fa","article_modified_time":"2023-08-11T13:41:57+00:00","og_image":[{"width":1000,"height":1000,"url":"https:\/\/drasanvi.com\/pe\/wp-content\/uploads\/sites\/5\/2022\/05\/032050438.png","type":"image\/png"}],"twitter_card":"summary_large_image","schema":{"@context":"https:\/\/schema.org","@graph":[{"@type":"WebPage","@id":"https:\/\/drasanvi.com\/pe\/producto\/colageno-marino-hidrolizado-magnesio-acido-hialuronico-sabor-vainilla\/","url":"https:\/\/drasanvi.com\/pe\/producto\/colageno-marino-hidrolizado-magnesio-acido-hialuronico-sabor-vainilla\/","name":"Col\u00e1geno Marino Hidrolizado, Magnesio, C\u00farcuma sabor lim\u00f3n stick - Drasanvi Per\u00fa","isPartOf":{"@id":"https:\/\/drasanvi.com\/pe\/#website"},"primaryImageOfPage":{"@id":"https:\/\/drasanvi.com\/pe\/producto\/colageno-marino-hidrolizado-magnesio-acido-hialuronico-sabor-vainilla\/#primaryimage"},"image":{"@id":"https:\/\/drasanvi.com\/pe\/producto\/colageno-marino-hidrolizado-magnesio-acido-hialuronico-sabor-vainilla\/#primaryimage"},"thumbnailUrl":"https:\/\/drasanvi.com\/pe\/wp-content\/uploads\/sites\/5\/2022\/05\/032050438.png","datePublished":"2022-05-30T09:50:41+00:00","dateModified":"2023-08-11T13:41:57+00:00","breadcrumb":{"@id":"https:\/\/drasanvi.com\/pe\/producto\/colageno-marino-hidrolizado-magnesio-acido-hialuronico-sabor-vainilla\/#breadcrumb"},"inLanguage":"es","potentialAction":[{"@type":"ReadAction","target":["https:\/\/drasanvi.com\/pe\/producto\/colageno-marino-hidrolizado-magnesio-acido-hialuronico-sabor-vainilla\/"]}]},{"@type":"ImageObject","inLanguage":"es","@id":"https:\/\/drasanvi.com\/pe\/producto\/colageno-marino-hidrolizado-magnesio-acido-hialuronico-sabor-vainilla\/#primaryimage","url":"https:\/\/drasanvi.com\/pe\/wp-content\/uploads\/sites\/5\/2022\/05\/032050438.png","contentUrl":"https:\/\/drasanvi.com\/pe\/wp-content\/uploads\/sites\/5\/2022\/05\/032050438.png","width":1000,"height":1000},{"@type":"BreadcrumbList","@id":"https:\/\/drasanvi.com\/pe\/producto\/colageno-marino-hidrolizado-magnesio-acido-hialuronico-sabor-vainilla\/#breadcrumb","itemListElement":[{"@type":"ListItem","position":1,"name":"Portada","item":"https:\/\/drasanvi.com\/pe\/"},{"@type":"ListItem","position":2,"name":"Tienda","item":"https:\/\/drasanvi.com\/pe\/tienda\/"},{"@type":"ListItem","position":3,"name":"Col\u00e1geno Marino Hidrolizado, Magnesio, C\u00farcuma sabor lim\u00f3n stick"}]},{"@type":"WebSite","@id":"https:\/\/drasanvi.com\/pe\/#website","url":"https:\/\/drasanvi.com\/pe\/","name":"Drasanvi Per\u00fa","description":"L\u00edder en complementos alimenticios y cosm\u00e9tica natural.","publisher":{"@id":"https:\/\/drasanvi.com\/pe\/#organization"},"potentialAction":[{"@type":"SearchAction","target":{"@type":"EntryPoint","urlTemplate":"https:\/\/drasanvi.com\/pe\/?s={search_term_string}"},"query-input":{"@type":"PropertyValueSpecification","valueRequired":true,"valueName":"search_term_string"}}],"inLanguage":"es"},{"@type":"Organization","@id":"https:\/\/drasanvi.com\/pe\/#organization","name":"Drasanvi","url":"https:\/\/drasanvi.com\/pe\/","logo":{"@type":"ImageObject","inLanguage":"es","@id":"https:\/\/drasanvi.com\/pe\/#\/schema\/logo\/image\/","url":"https:\/\/drasanvi.com\/wp-content\/uploads\/sites\/5\/2021\/07\/logo-drasanvi.png","contentUrl":"https:\/\/drasanvi.com\/wp-content\/uploads\/sites\/5\/2021\/07\/logo-drasanvi.png","width":900,"height":300,"caption":"Drasanvi"},"image":{"@id":"https:\/\/drasanvi.com\/pe\/#\/schema\/logo\/image\/"}}]}},"_links":{"self":[{"href":"https:\/\/drasanvi.com\/pe\/wp-json\/wp\/v2\/product\/23628","targetHints":{"allow":["GET"]}}],"collection":[{"href":"https:\/\/drasanvi.com\/pe\/wp-json\/wp\/v2\/product"}],"about":[{"href":"https:\/\/drasanvi.com\/pe\/wp-json\/wp\/v2\/types\/product"}],"version-history":[{"count":0,"href":"https:\/\/drasanvi.com\/pe\/wp-json\/wp\/v2\/product\/23628\/revisions"}],"wp:featuredmedia":[{"embeddable":true,"href":"https:\/\/drasanvi.com\/pe\/wp-json\/wp\/v2\/media\/23629"}],"wp:attachment":[{"href":"https:\/\/drasanvi.com\/pe\/wp-json\/wp\/v2\/media?parent=23628"}],"wp:term":[{"taxonomy":"product_cat","embeddable":true,"href":"https:\/\/drasanvi.com\/pe\/wp-json\/wp\/v2\/product_cat?post=23628"},{"taxonomy":"product_tag","embeddable":true,"href":"https:\/\/drasanvi.com\/pe\/wp-json\/wp\/v2\/product_tag?post=23628"}],"curies":[{"name":"wp","href":"https:\/\/api.w.org\/{rel}","templated":true}]}}