{"id":23495,"date":"2022-05-25T15:15:09","date_gmt":"2022-05-25T13:15:09","guid":{"rendered":"https:\/\/drasanvi.com\/pe\/producto\/omega-3-6-9-1000-mg-bote-100-perlas-nutrabasicos-drasanvi\/"},"modified":"2024-11-07T01:00:08","modified_gmt":"2024-11-06T23:00:08","slug":"omega-3-6-9-1000-mg-bote-100-perlas-nutrabasicos-drasanvi","status":"publish","type":"product","link":"https:\/\/drasanvi.com\/pe\/producto\/omega-3-6-9-1000-mg-bote-100-perlas-nutrabasicos-drasanvi\/","title":{"rendered":"Omega 3-6-9 1000 mg Bote 100 Perlas Nutrabasicos Drasanvi"},"content":{"rendered":"<p>Omega 3, 6 y 9 cumplen distintas funciones dentro del cuerpo y es necesario incorporar dosis equilibradas de estas sustancias.Los Omegas 3 y los Omegas 6 son &Aacute;cidos Grasos esenciales poliinsaturados,Los Omegas 3 incluyen el &Aacute;cido Alfa Linol&eacute;nico (ALA), &Aacute;cido Estearid&oacute;nico (SDA), &Aacute;cido Eicosatetranoico (ETA), &Aacute;cido Eicosapentanoico (EPA), &Aacute;cido Docosapentanoico (DPA) y &Aacute;cido Docosahexanoico (DHA).Los Omegas 6 incluyen, entre otros, el &Aacute;cido Linoleico (LA), &Aacute;cido Gamma-Linol&eacute;nico (GLA) y &Aacute;cido Araquid&oacute;nico (AA).Los Omegas 9 no son &Aacute;cidos Grasos Insaturados. Pertenecen a este grupo los conocidos &aacute;cidos oleicos, presentes en aceite de oliva y de girasol, entre otros.Gracias a su aporte en &Aacute;cido Alfa Linol&eacute;nico, &Aacute;cido Linoleico, y el &Aacute;cido Oleico, las perlas de Omega 3-6-9 &nbsp;de Drasanvi&reg; contribuyen a mantener niveles normales de colesterol sangu&iacute;neo.El &Aacute;cido Oleico es una grasa insaturada.<\/p>\n<h2>Ingredientes<\/h2>\n<p><b style=\"text-decoration: underline\">Aceite de Pescado rico en Omega 3<\/b><em>(Contiene pescado, 59,76 mg EPA y 39,84 mg DHA)<\/em>332 mg, Aceite de Onagra<em>( 33,2 mg GLA)<\/em>332mg, Aceite de Lino<em>(215,8 mg &Aacute;cido linol&eacute;nico y 79,68 mg de &auml;cido Oleico)<\/em>332 mg, Agente de recubrimiento<em>(Gelatina)<\/em>, Agente de recubrimiento<em>(Glicerina)<\/em>, Vitamina E<em>(D-alfa tocoferol)<\/em>5 mg<\/p>\n<h2>Modo de uso<\/h2>\n<p>Consumir una perla al d&iacute;a, preferiblemente con la comida.<\/p>\n<h2>Presentaci\u00f3n<\/h2>\n<p>Envase de 100 perlas de 1.387mg. Peso total: 138,7 g (4,89 oz).<\/p>\n<h2>Advertencias<\/h2>\n<p>Complemento alimenticio a base de aceite de pescado, aceite de plantas y vitamina E.Los complementos alimenticios no deben utilizarse como sustitutivos de una dieta equilibrada. No superar la dosis diaria expresamente recomendada. Mantener fuera del alcance de los ni&ntilde;os m&aacute;s peque&ntilde;os.&nbsp;Conservar en un lugar fresco y seco.<\/p>\n<h2>Valores nutricionales<\/h2>\n<table>\n<tbody>\n<tr>\n<td>Vitamina E<\/td>\n<td>27,92%<\/td>\n<td>3,35 mg<\/td>\n<\/tr>\n<\/tbody>\n<\/table>\n","protected":false},"excerpt":{"rendered":"<p>Omega 3, 6 y 9 cumplen distintas funciones dentro del cuerpo y es necesario incorporar dosis equilibradas de estas sustancias.Los Omegas 3 y los Omegas 6 son &Aacute;cidos Grasos esenciales poliinsaturados,Los Omegas 3 incluyen el &Aacute;cido Alfa Linol&eacute;nico (ALA), &Aacute;cido Estearid&oacute;nico (SDA), &Aacute;cido Eicosatetranoico (ETA), &Aacute;cido Eicosapentanoico (EPA), &Aacute;cido Docosapentanoico (DPA) y &Aacute;cido Docosahexanoico (DHA).Los Omegas 6 incluyen, entre otros, el &Aacute;cido Linoleico (LA), &Aacute;cido Gamma-Linol&eacute;nico (GLA) y &Aacute;cido Araquid&oacute;nico (AA).Los Omegas 9 no son &Aacute;cidos Grasos Insaturados. Pertenecen a este grupo los conocidos &aacute;cidos oleicos, presentes en aceite de oliva y de girasol, entre otros.Gracias a su aporte en &Aacute;cido Alfa Linol&eacute;nico, &Aacute;cido Linoleico, y el &Aacute;cido Oleico, las perlas de Omega 3-6-9 &nbsp;de Drasanvi&reg; contribuyen a mantener niveles normales de colesterol sangu&iacute;neo.El &Aacute;cido Oleico es una grasa insaturada.<\/p>\n<p><a id=\"boton-ficha\" href=\"https:\/\/panel.drasanvi.com\/fichas\/9\/032057148\">Ficha t\u00e9cnica<\/a><\/p>\n","protected":false},"featured_media":23497,"template":"","meta":{"inline_featured_image":false},"product_cat":[111],"product_tag":[],"class_list":["post-23495","product","type-product","status-publish","has-post-thumbnail","hentry","product_cat-salud-cardiovascular","pa_contiene-altramuces-no","pa_contiene-apio-no","pa_contiene-cacahuetes-no","pa_contiene-crustaceos-no","pa_contiene-frutos-secos-no","pa_contiene-huevo-no","pa_contiene-leche-no","pa_contiene-moluscos-no","pa_contiene-mostaza-no","pa_contiene-pescado-si","pa_contiene-sesamo-no","pa_contiene-soja-no","pa_producto-bio-no","pa_producto-sin-gluten-si","pa_producto-vegano-no","pa_producto-vegetariano-no"],"yoast_head":"<!-- This site is optimized with the Yoast SEO plugin v27.5 - https:\/\/yoast.com\/product\/yoast-seo-wordpress\/ -->\n<title>Omega 3-6-9 1000 mg Bote 100 Perlas Nutrabasicos Drasanvi - Drasanvi Per\u00fa<\/title>\n<meta name=\"robots\" content=\"index, follow, max-snippet:-1, max-image-preview:large, max-video-preview:-1\" \/>\n<link rel=\"canonical\" href=\"https:\/\/drasanvi.com\/pe\/producto\/omega-3-6-9-1000-mg-bote-100-perlas-nutrabasicos-drasanvi\/\" \/>\n<meta property=\"og:locale\" content=\"es_ES\" \/>\n<meta property=\"og:type\" content=\"article\" \/>\n<meta property=\"og:title\" content=\"Omega 3-6-9 1000 mg Bote 100 Perlas Nutrabasicos Drasanvi - Drasanvi Per\u00fa\" \/>\n<meta property=\"og:description\" content=\"Omega 3, 6 y 9 cumplen distintas funciones dentro del cuerpo y es necesario incorporar dosis equilibradas de estas sustancias.Los Omegas 3 y los Omegas 6 son &Aacute;cidos Grasos esenciales poliinsaturados,Los Omegas 3 incluyen el &Aacute;cido Alfa Linol&eacute;nico (ALA), &Aacute;cido Estearid&oacute;nico (SDA), &Aacute;cido Eicosatetranoico (ETA), &Aacute;cido Eicosapentanoico (EPA), &Aacute;cido Docosapentanoico (DPA) y &Aacute;cido Docosahexanoico (DHA).Los Omegas 6 incluyen, entre otros, el &Aacute;cido Linoleico (LA), &Aacute;cido Gamma-Linol&eacute;nico (GLA) y &Aacute;cido Araquid&oacute;nico (AA).Los Omegas 9 no son &Aacute;cidos Grasos Insaturados. Pertenecen a este grupo los conocidos &aacute;cidos oleicos, presentes en aceite de oliva y de girasol, entre otros.Gracias a su aporte en &Aacute;cido Alfa Linol&eacute;nico, &Aacute;cido Linoleico, y el &Aacute;cido Oleico, las perlas de Omega 3-6-9 &nbsp;de Drasanvi&reg; contribuyen a mantener niveles normales de colesterol sangu&iacute;neo.El &Aacute;cido Oleico es una grasa insaturada.Ficha t\u00e9cnica\" \/>\n<meta property=\"og:url\" content=\"https:\/\/drasanvi.com\/pe\/producto\/omega-3-6-9-1000-mg-bote-100-perlas-nutrabasicos-drasanvi\/\" \/>\n<meta property=\"og:site_name\" content=\"Drasanvi Per\u00fa\" \/>\n<meta property=\"article:modified_time\" content=\"2024-11-06T23:00:08+00:00\" \/>\n<meta property=\"og:image\" content=\"https:\/\/drasanvi.com\/pe\/wp-content\/uploads\/sites\/5\/2022\/05\/032057148.png\" \/>\n\t<meta property=\"og:image:width\" content=\"1000\" \/>\n\t<meta property=\"og:image:height\" content=\"1000\" \/>\n\t<meta property=\"og:image:type\" content=\"image\/png\" \/>\n<meta name=\"twitter:card\" content=\"summary_large_image\" \/>\n<script type=\"application\/ld+json\" class=\"yoast-schema-graph\">{\"@context\":\"https:\\\/\\\/schema.org\",\"@graph\":[{\"@type\":\"WebPage\",\"@id\":\"https:\\\/\\\/drasanvi.com\\\/pe\\\/producto\\\/omega-3-6-9-1000-mg-bote-100-perlas-nutrabasicos-drasanvi\\\/\",\"url\":\"https:\\\/\\\/drasanvi.com\\\/pe\\\/producto\\\/omega-3-6-9-1000-mg-bote-100-perlas-nutrabasicos-drasanvi\\\/\",\"name\":\"Omega 3-6-9 1000 mg Bote 100 Perlas Nutrabasicos Drasanvi - Drasanvi Per\u00fa\",\"isPartOf\":{\"@id\":\"https:\\\/\\\/drasanvi.com\\\/pe\\\/#website\"},\"primaryImageOfPage\":{\"@id\":\"https:\\\/\\\/drasanvi.com\\\/pe\\\/producto\\\/omega-3-6-9-1000-mg-bote-100-perlas-nutrabasicos-drasanvi\\\/#primaryimage\"},\"image\":{\"@id\":\"https:\\\/\\\/drasanvi.com\\\/pe\\\/producto\\\/omega-3-6-9-1000-mg-bote-100-perlas-nutrabasicos-drasanvi\\\/#primaryimage\"},\"thumbnailUrl\":\"https:\\\/\\\/drasanvi.com\\\/pe\\\/wp-content\\\/uploads\\\/sites\\\/5\\\/2022\\\/05\\\/032057148.png\",\"datePublished\":\"2022-05-25T13:15:09+00:00\",\"dateModified\":\"2024-11-06T23:00:08+00:00\",\"breadcrumb\":{\"@id\":\"https:\\\/\\\/drasanvi.com\\\/pe\\\/producto\\\/omega-3-6-9-1000-mg-bote-100-perlas-nutrabasicos-drasanvi\\\/#breadcrumb\"},\"inLanguage\":\"es\",\"potentialAction\":[{\"@type\":\"ReadAction\",\"target\":[\"https:\\\/\\\/drasanvi.com\\\/pe\\\/producto\\\/omega-3-6-9-1000-mg-bote-100-perlas-nutrabasicos-drasanvi\\\/\"]}]},{\"@type\":\"ImageObject\",\"inLanguage\":\"es\",\"@id\":\"https:\\\/\\\/drasanvi.com\\\/pe\\\/producto\\\/omega-3-6-9-1000-mg-bote-100-perlas-nutrabasicos-drasanvi\\\/#primaryimage\",\"url\":\"https:\\\/\\\/drasanvi.com\\\/pe\\\/wp-content\\\/uploads\\\/sites\\\/5\\\/2022\\\/05\\\/032057148.png\",\"contentUrl\":\"https:\\\/\\\/drasanvi.com\\\/pe\\\/wp-content\\\/uploads\\\/sites\\\/5\\\/2022\\\/05\\\/032057148.png\",\"width\":1000,\"height\":1000},{\"@type\":\"BreadcrumbList\",\"@id\":\"https:\\\/\\\/drasanvi.com\\\/pe\\\/producto\\\/omega-3-6-9-1000-mg-bote-100-perlas-nutrabasicos-drasanvi\\\/#breadcrumb\",\"itemListElement\":[{\"@type\":\"ListItem\",\"position\":1,\"name\":\"Portada\",\"item\":\"https:\\\/\\\/drasanvi.com\\\/pe\\\/\"},{\"@type\":\"ListItem\",\"position\":2,\"name\":\"Tienda\",\"item\":\"https:\\\/\\\/drasanvi.com\\\/pe\\\/tienda\\\/\"},{\"@type\":\"ListItem\",\"position\":3,\"name\":\"Omega 3-6-9 1000 mg Bote 100 Perlas Nutrabasicos Drasanvi\"}]},{\"@type\":\"WebSite\",\"@id\":\"https:\\\/\\\/drasanvi.com\\\/pe\\\/#website\",\"url\":\"https:\\\/\\\/drasanvi.com\\\/pe\\\/\",\"name\":\"Drasanvi Per\u00fa\",\"description\":\"L\u00edder en complementos alimenticios y cosm\u00e9tica natural.\",\"publisher\":{\"@id\":\"https:\\\/\\\/drasanvi.com\\\/pe\\\/#organization\"},\"potentialAction\":[{\"@type\":\"SearchAction\",\"target\":{\"@type\":\"EntryPoint\",\"urlTemplate\":\"https:\\\/\\\/drasanvi.com\\\/pe\\\/?s={search_term_string}\"},\"query-input\":{\"@type\":\"PropertyValueSpecification\",\"valueRequired\":true,\"valueName\":\"search_term_string\"}}],\"inLanguage\":\"es\"},{\"@type\":\"Organization\",\"@id\":\"https:\\\/\\\/drasanvi.com\\\/pe\\\/#organization\",\"name\":\"Drasanvi\",\"url\":\"https:\\\/\\\/drasanvi.com\\\/pe\\\/\",\"logo\":{\"@type\":\"ImageObject\",\"inLanguage\":\"es\",\"@id\":\"https:\\\/\\\/drasanvi.com\\\/pe\\\/#\\\/schema\\\/logo\\\/image\\\/\",\"url\":\"https:\\\/\\\/drasanvi.com\\\/wp-content\\\/uploads\\\/sites\\\/5\\\/2021\\\/07\\\/logo-drasanvi.png\",\"contentUrl\":\"https:\\\/\\\/drasanvi.com\\\/wp-content\\\/uploads\\\/sites\\\/5\\\/2021\\\/07\\\/logo-drasanvi.png\",\"width\":900,\"height\":300,\"caption\":\"Drasanvi\"},\"image\":{\"@id\":\"https:\\\/\\\/drasanvi.com\\\/pe\\\/#\\\/schema\\\/logo\\\/image\\\/\"}}]}<\/script>\n<!-- \/ Yoast SEO plugin. -->","yoast_head_json":{"title":"Omega 3-6-9 1000 mg Bote 100 Perlas Nutrabasicos Drasanvi - Drasanvi Per\u00fa","robots":{"index":"index","follow":"follow","max-snippet":"max-snippet:-1","max-image-preview":"max-image-preview:large","max-video-preview":"max-video-preview:-1"},"canonical":"https:\/\/drasanvi.com\/pe\/producto\/omega-3-6-9-1000-mg-bote-100-perlas-nutrabasicos-drasanvi\/","og_locale":"es_ES","og_type":"article","og_title":"Omega 3-6-9 1000 mg Bote 100 Perlas Nutrabasicos Drasanvi - Drasanvi Per\u00fa","og_description":"Omega 3, 6 y 9 cumplen distintas funciones dentro del cuerpo y es necesario incorporar dosis equilibradas de estas sustancias.Los Omegas 3 y los Omegas 6 son &Aacute;cidos Grasos esenciales poliinsaturados,Los Omegas 3 incluyen el &Aacute;cido Alfa Linol&eacute;nico (ALA), &Aacute;cido Estearid&oacute;nico (SDA), &Aacute;cido Eicosatetranoico (ETA), &Aacute;cido Eicosapentanoico (EPA), &Aacute;cido Docosapentanoico (DPA) y &Aacute;cido Docosahexanoico (DHA).Los Omegas 6 incluyen, entre otros, el &Aacute;cido Linoleico (LA), &Aacute;cido Gamma-Linol&eacute;nico (GLA) y &Aacute;cido Araquid&oacute;nico (AA).Los Omegas 9 no son &Aacute;cidos Grasos Insaturados. Pertenecen a este grupo los conocidos &aacute;cidos oleicos, presentes en aceite de oliva y de girasol, entre otros.Gracias a su aporte en &Aacute;cido Alfa Linol&eacute;nico, &Aacute;cido Linoleico, y el &Aacute;cido Oleico, las perlas de Omega 3-6-9 &nbsp;de Drasanvi&reg; contribuyen a mantener niveles normales de colesterol sangu&iacute;neo.El &Aacute;cido Oleico es una grasa insaturada.Ficha t\u00e9cnica","og_url":"https:\/\/drasanvi.com\/pe\/producto\/omega-3-6-9-1000-mg-bote-100-perlas-nutrabasicos-drasanvi\/","og_site_name":"Drasanvi Per\u00fa","article_modified_time":"2024-11-06T23:00:08+00:00","og_image":[{"width":1000,"height":1000,"url":"https:\/\/drasanvi.com\/pe\/wp-content\/uploads\/sites\/5\/2022\/05\/032057148.png","type":"image\/png"}],"twitter_card":"summary_large_image","schema":{"@context":"https:\/\/schema.org","@graph":[{"@type":"WebPage","@id":"https:\/\/drasanvi.com\/pe\/producto\/omega-3-6-9-1000-mg-bote-100-perlas-nutrabasicos-drasanvi\/","url":"https:\/\/drasanvi.com\/pe\/producto\/omega-3-6-9-1000-mg-bote-100-perlas-nutrabasicos-drasanvi\/","name":"Omega 3-6-9 1000 mg Bote 100 Perlas Nutrabasicos Drasanvi - Drasanvi Per\u00fa","isPartOf":{"@id":"https:\/\/drasanvi.com\/pe\/#website"},"primaryImageOfPage":{"@id":"https:\/\/drasanvi.com\/pe\/producto\/omega-3-6-9-1000-mg-bote-100-perlas-nutrabasicos-drasanvi\/#primaryimage"},"image":{"@id":"https:\/\/drasanvi.com\/pe\/producto\/omega-3-6-9-1000-mg-bote-100-perlas-nutrabasicos-drasanvi\/#primaryimage"},"thumbnailUrl":"https:\/\/drasanvi.com\/pe\/wp-content\/uploads\/sites\/5\/2022\/05\/032057148.png","datePublished":"2022-05-25T13:15:09+00:00","dateModified":"2024-11-06T23:00:08+00:00","breadcrumb":{"@id":"https:\/\/drasanvi.com\/pe\/producto\/omega-3-6-9-1000-mg-bote-100-perlas-nutrabasicos-drasanvi\/#breadcrumb"},"inLanguage":"es","potentialAction":[{"@type":"ReadAction","target":["https:\/\/drasanvi.com\/pe\/producto\/omega-3-6-9-1000-mg-bote-100-perlas-nutrabasicos-drasanvi\/"]}]},{"@type":"ImageObject","inLanguage":"es","@id":"https:\/\/drasanvi.com\/pe\/producto\/omega-3-6-9-1000-mg-bote-100-perlas-nutrabasicos-drasanvi\/#primaryimage","url":"https:\/\/drasanvi.com\/pe\/wp-content\/uploads\/sites\/5\/2022\/05\/032057148.png","contentUrl":"https:\/\/drasanvi.com\/pe\/wp-content\/uploads\/sites\/5\/2022\/05\/032057148.png","width":1000,"height":1000},{"@type":"BreadcrumbList","@id":"https:\/\/drasanvi.com\/pe\/producto\/omega-3-6-9-1000-mg-bote-100-perlas-nutrabasicos-drasanvi\/#breadcrumb","itemListElement":[{"@type":"ListItem","position":1,"name":"Portada","item":"https:\/\/drasanvi.com\/pe\/"},{"@type":"ListItem","position":2,"name":"Tienda","item":"https:\/\/drasanvi.com\/pe\/tienda\/"},{"@type":"ListItem","position":3,"name":"Omega 3-6-9 1000 mg Bote 100 Perlas Nutrabasicos Drasanvi"}]},{"@type":"WebSite","@id":"https:\/\/drasanvi.com\/pe\/#website","url":"https:\/\/drasanvi.com\/pe\/","name":"Drasanvi Per\u00fa","description":"L\u00edder en complementos alimenticios y cosm\u00e9tica natural.","publisher":{"@id":"https:\/\/drasanvi.com\/pe\/#organization"},"potentialAction":[{"@type":"SearchAction","target":{"@type":"EntryPoint","urlTemplate":"https:\/\/drasanvi.com\/pe\/?s={search_term_string}"},"query-input":{"@type":"PropertyValueSpecification","valueRequired":true,"valueName":"search_term_string"}}],"inLanguage":"es"},{"@type":"Organization","@id":"https:\/\/drasanvi.com\/pe\/#organization","name":"Drasanvi","url":"https:\/\/drasanvi.com\/pe\/","logo":{"@type":"ImageObject","inLanguage":"es","@id":"https:\/\/drasanvi.com\/pe\/#\/schema\/logo\/image\/","url":"https:\/\/drasanvi.com\/wp-content\/uploads\/sites\/5\/2021\/07\/logo-drasanvi.png","contentUrl":"https:\/\/drasanvi.com\/wp-content\/uploads\/sites\/5\/2021\/07\/logo-drasanvi.png","width":900,"height":300,"caption":"Drasanvi"},"image":{"@id":"https:\/\/drasanvi.com\/pe\/#\/schema\/logo\/image\/"}}]}},"_links":{"self":[{"href":"https:\/\/drasanvi.com\/pe\/wp-json\/wp\/v2\/product\/23495","targetHints":{"allow":["GET"]}}],"collection":[{"href":"https:\/\/drasanvi.com\/pe\/wp-json\/wp\/v2\/product"}],"about":[{"href":"https:\/\/drasanvi.com\/pe\/wp-json\/wp\/v2\/types\/product"}],"version-history":[{"count":1,"href":"https:\/\/drasanvi.com\/pe\/wp-json\/wp\/v2\/product\/23495\/revisions"}],"predecessor-version":[{"id":24252,"href":"https:\/\/drasanvi.com\/pe\/wp-json\/wp\/v2\/product\/23495\/revisions\/24252"}],"wp:featuredmedia":[{"embeddable":true,"href":"https:\/\/drasanvi.com\/pe\/wp-json\/wp\/v2\/media\/23497"}],"wp:attachment":[{"href":"https:\/\/drasanvi.com\/pe\/wp-json\/wp\/v2\/media?parent=23495"}],"wp:term":[{"taxonomy":"product_cat","embeddable":true,"href":"https:\/\/drasanvi.com\/pe\/wp-json\/wp\/v2\/product_cat?post=23495"},{"taxonomy":"product_tag","embeddable":true,"href":"https:\/\/drasanvi.com\/pe\/wp-json\/wp\/v2\/product_tag?post=23495"}],"curies":[{"name":"wp","href":"https:\/\/api.w.org\/{rel}","templated":true}]}}